{"id":9118,"date":"2025-06-18T17:04:38","date_gmt":"2025-06-18T09:04:38","guid":{"rendered":"https:\/\/www.hsymachinery.com\/?post_type=product&#038;p=9118"},"modified":"2025-06-28T19:56:08","modified_gmt":"2025-06-28T11:56:08","slug":"ploksciu-tankintuvas-ph-c250","status":"publish","type":"product","link":"https:\/\/www.hsymachinery.com\/lt\/produktas\/ploksciu-tankintuvas-ph-c250\/","title":{"rendered":"Plok\u0161t\u0117s tankintuvas PH-C250"},"content":{"rendered":"<h2 data-start=\"101\" data-end=\"132\">Plok\u0161t\u0117s tankintuvas PH-C250<\/h2>\n<h3 data-start=\"133\" data-end=\"250\">PH-C250 dyzelinis plok\u0161\u010di\u0173 tankintuvas | Didelio sukimo momento grunto tankintuvas, skirtas pamatams, keliams ir \u017evyro pavir\u0161iui paruo\u0161ti<\/h3>\n<h3 data-start=\"257\" data-end=\"331\">Gaminio ap\u017evalga - dyzeliniu varikliu varomas tankinimas reikliose darbo vietose<a href=\"https:\/\/www.hsymachinery.com\/lt\/produktai\/ploksciu-tankintuvas\/\" target=\"_blank\" rel=\"noopener\"><img fetchpriority=\"high\" decoding=\"async\" class=\"wp-image-9119 alignright\" src=\"https:\/\/www.hsymachinery.com\/wp-content\/uploads\/2025\/06\/Plate-Compactor-PH-C250-300x300.jpg\" alt=\"\" width=\"458\" height=\"458\" srcset=\"https:\/\/www.hsymachinery.com\/wp-content\/uploads\/2025\/06\/Plate-Compactor-PH-C250-300x300.jpg 300w, https:\/\/www.hsymachinery.com\/wp-content\/uploads\/2025\/06\/Plate-Compactor-PH-C250-150x150.jpg 150w, https:\/\/www.hsymachinery.com\/wp-content\/uploads\/2025\/06\/Plate-Compactor-PH-C250-100x100.jpg 100w, https:\/\/www.hsymachinery.com\/wp-content\/uploads\/2025\/06\/Plate-Compactor-PH-C250.jpg 600w\" sizes=\"(max-width: 458px) 100vw, 458px\" \/><\/a><\/h3>\n<p data-start=\"333\" data-end=\"661\">Svetain\u0117 <strong data-start=\"337\" data-end=\"364\">PH-C250 plok\u0161telinis tankintuvas<\/strong> tai dyzeliniu kuru varomas vidutin\u0117s galios plok\u0161\u010di\u0173 tankintuvas, skirtas darbui sud\u0117tingomis s\u0105lygomis, kai labai svarbu u\u017etikrinti pastovi\u0105 j\u0117g\u0105 ir degal\u0173 ekonomij\u0105. Jis pla\u010diai naudojamas pamat\u0173 pagrindams ruo\u0161ti, \u017evyrui tankinti, keliams lopyti ir asfaltui taisyti tiek miestuose, tiek atokiose vietov\u0117se.<\/p>\n<p data-start=\"663\" data-end=\"827\">Didelio sukimo momento dyzelinis variklis PH-C250 efektyviai dirba su \u012fvairiomis med\u017eiagomis, o kiekvienas va\u017eiavimas u\u017etikrina gil\u0173 ir tolyg\u0173 dirvos stabilizavim\u0105.<\/p>\n<h3 data-start=\"834\" data-end=\"893\">Efektyvus, patvarus ir pritaikytas ilgoms darbo valandoms<\/h3>\n<p data-start=\"895\" data-end=\"1247\">PH-C250 turi ekonomi\u0161k\u0105 dyzelin\u012f varikl\u012f, tod\u0117l su vienu baku dirba ilgiau nei pana\u0161\u016bs benzininiai \u012frenginiai. Jo sustiprinta plienin\u0117 pagrindo plok\u0161t\u0117 sukuria auk\u0161to da\u017enio vibracij\u0105, kad b\u016bt\u0173 galima sutankinti ir tank\u0173, ir pur\u0173 dirvo\u017eem\u012f. Sm\u016bgius amortizuojanti rankenos sistema u\u017etikrina geresn\u012f valdym\u0105 ir ma\u017eina operatoriaus nuovarg\u012f nuolat dirbant.<\/p>\n<p data-start=\"1249\" data-end=\"1352\">Be to, d\u0117l sandarios dir\u017eo apsaugos ir atviros prieigos konstrukcijos lengva atlikti technin\u0119 prie\u017ei\u016br\u0105 darbo vietose.<\/p>\n<h3 data-start=\"1359\" data-end=\"1425\">Idealiai tinka statybai lauke ir efektyviam energijos vartojimui<\/h3>\n<p data-start=\"1427\" data-end=\"1759\">Dyzeliniai varikliai geriausiai veikia ilgesnio naudojimo, didel\u0117s apkrovos s\u0105lygomis, tod\u0117l PH-C250 yra protingas pasirinkimas infrastrukt\u016bros projektams, kaimo vietov\u0117se esan\u010dioms darbo vietoms ir vietov\u0117ms, kuriose ribota galimyb\u0117 naudotis benzinu. Galingas tankinimo na\u0161umas padeda pasiekti patikim\u0173 rezultat\u0173 \u017evyro sluoksniuose, sm\u0117lio pagrinduose ir keli\u0173 pagrinduose.<\/p>\n<p data-start=\"1761\" data-end=\"1842\">Didelio atsparumo konstrukcija leid\u017eia lengvai atlaikyti at\u0161iauri\u0105 lauko aplink\u0105.<\/p>\n<h3 data-start=\"1849\" data-end=\"1901\">Pagrindin\u0117s PH-C250 dyzelinio plok\u0161\u010di\u0173 tankintuvo savyb\u0117s<\/h3>\n<ul data-start=\"1903\" data-end=\"2219\">\n<li data-start=\"1903\" data-end=\"1966\">\n<p data-start=\"1905\" data-end=\"1966\">Didelio sukimo momento dyzelinis variklis u\u017etikrina stipr\u0173 ir tolyg\u0173 tankinim\u0105<\/p>\n<\/li>\n<li data-start=\"1967\" data-end=\"2035\">\n<p data-start=\"1969\" data-end=\"2035\">Vidutinio dyd\u017eio plok\u0161t\u0117s idealiai tinka keliams, pamatams ir automobili\u0173 stov\u0117jimo aik\u0161tel\u0117ms<\/p>\n<\/li>\n<li data-start=\"2036\" data-end=\"2099\">\n<p data-start=\"2038\" data-end=\"2099\">Ilgesnis veikimo laikas ir ma\u017eesn\u0117s degal\u0173 s\u0105naudos, palyginti su benzininiais modeliais<\/p>\n<\/li>\n<li data-start=\"2100\" data-end=\"2161\">\n<p data-start=\"2102\" data-end=\"2161\">Stiprus plieninis pagrindas su tolygia vibracija lygiems pavir\u0161iams<\/p>\n<\/li>\n<li data-start=\"2162\" data-end=\"2219\">\n<p data-start=\"2164\" data-end=\"2219\">Variklio dangtis ir atviro r\u0117mo konstrukcija, kad b\u016bt\u0173 lengviau atlikti technin\u0119 prie\u017ei\u016br\u0105<\/p>\n<\/li>\n<\/ul>\n<p><iframe title=\"tankintuvas, tankinimo plaktukas, tamperis, plok\u0161\u010di\u0173 tankintuvas, statybin\u0117 vibracija, tankinimo ma\u0161ina.#tamping\" width=\"720\" height=\"405\" src=\"https:\/\/www.youtube.com\/embed\/kHw7Cpv12Zs?feature=oembed\" frameborder=\"0\" allow=\"accelerometer; autoplay; clipboard-write; encrypted-media; gyroscope; picture-in-picture; web-share\" referrerpolicy=\"strict-origin-when-cross-origin\" allowfullscreen><\/iframe><\/p>","protected":false},"excerpt":{"rendered":"<p>PH-C250 dyzelinis plok\u0161\u010di\u0173 tankintuvas efektyviai ir dideliu sukimo momentu tankina dirvo\u017eem\u012f keli\u0173, \u017evyro ir pamat\u0173 darbams. Sukurtas nuolatiniam na\u0161umui ir ilgaam\u017ei\u0161kumui.<\/p>","protected":false},"featured_media":9119,"template":"","meta":{"_kad_post_transparent":"default","_kad_post_title":"","_kad_post_layout":"default","_kad_post_sidebar_id":"","_kad_post_content_style":"default","_kad_post_vertical_padding":"default","_kad_post_feature":"","_kad_post_feature_position":"","_kad_post_header":false,"_kad_post_footer":false},"product_brand":[],"product_cat":[59],"product_tag":[1066,1062,1065,1070,1069,1063,1067,1064,1061,1068],"class_list":{"0":"post-9118","1":"product","2":"type-product","3":"status-publish","4":"has-post-thumbnail","6":"product_cat-plate-compactor","7":"product_tag-diesel-plate-compactor","8":"product_tag-forward-plate-compactor","9":"product_tag-gasoline-plate-compactor","10":"product_tag-heavy-duty-plate-compactor","11":"product_tag-plate-compactor-for-asphalt","12":"product_tag-reversible-plate-compactor","13":"product_tag-road-construction-compactor","14":"product_tag-soil-plate-compactor","15":"product_tag-vibratory-plate-compactor","16":"product_tag-walk-behind-plate-compactor","18":"first","19":"instock","20":"shipping-taxable","21":"product-type-simple","22":"entry","23":"content-bg","24":"loop-entry"},"yoast_head":"<!-- This site is optimized with the Yoast SEO plugin v25.3.1 - https:\/\/yoast.com\/wordpress\/plugins\/seo\/ -->\n<title>Plate Compactor PH-C250 - HSY Construction Machinery<\/title>\n<meta name=\"description\" content=\"PH-C250 Diesel Plate Compactor delivers fuel-efficient, high-impact compaction for road, gravel, and foundation work. Ideal for demanding and remote job sites.\" \/>\n<meta name=\"robots\" content=\"index, follow, max-snippet:-1, max-image-preview:large, max-video-preview:-1\" \/>\n<link rel=\"canonical\" href=\"https:\/\/www.hsymachinery.com\/lt\/produktas\/ploksciu-tankintuvas-ph-c250\/\" \/>\n<meta property=\"og:locale\" content=\"lt_LT\" \/>\n<meta property=\"og:type\" content=\"article\" \/>\n<meta property=\"og:title\" content=\"Plate Compactor PH-C250 - HSY Construction Machinery\" \/>\n<meta property=\"og:description\" content=\"PH-C250 Diesel Plate Compactor delivers fuel-efficient, high-impact compaction for road, gravel, and foundation work. Ideal for demanding and remote job sites.\" \/>\n<meta property=\"og:url\" content=\"https:\/\/www.hsymachinery.com\/lt\/produktas\/ploksciu-tankintuvas-ph-c250\/\" \/>\n<meta property=\"og:site_name\" content=\"HSY Construction Machinery\" \/>\n<meta property=\"article:modified_time\" content=\"2025-06-28T11:56:08+00:00\" \/>\n<meta property=\"og:image\" content=\"https:\/\/www.hsymachinery.com\/wp-content\/uploads\/2025\/06\/Plate-Compactor-PH-C250.jpg\" \/>\n\t<meta property=\"og:image:width\" content=\"600\" \/>\n\t<meta property=\"og:image:height\" content=\"600\" \/>\n\t<meta property=\"og:image:type\" content=\"image\/jpeg\" \/>\n<meta name=\"twitter:card\" content=\"summary_large_image\" \/>\n<meta name=\"twitter:label1\" content=\"Est. reading time\" \/>\n\t<meta name=\"twitter:data1\" content=\"2 minut\u0117s\" \/>\n<script type=\"application\/ld+json\" class=\"yoast-schema-graph\">{\"@context\":\"https:\/\/schema.org\",\"@graph\":[{\"@type\":\"WebPage\",\"@id\":\"https:\/\/www.hsymachinery.com\/product\/plate-compactor-ph-c250\/\",\"url\":\"https:\/\/www.hsymachinery.com\/product\/plate-compactor-ph-c250\/\",\"name\":\"Plate Compactor PH-C250 - HSY Construction Machinery\",\"isPartOf\":{\"@id\":\"https:\/\/www.hsymachinery.com\/#website\"},\"primaryImageOfPage\":{\"@id\":\"https:\/\/www.hsymachinery.com\/product\/plate-compactor-ph-c250\/#primaryimage\"},\"image\":{\"@id\":\"https:\/\/www.hsymachinery.com\/product\/plate-compactor-ph-c250\/#primaryimage\"},\"thumbnailUrl\":\"https:\/\/www.hsymachinery.com\/wp-content\/uploads\/2025\/06\/Plate-Compactor-PH-C250.jpg\",\"datePublished\":\"2025-06-18T09:04:38+00:00\",\"dateModified\":\"2025-06-28T11:56:08+00:00\",\"description\":\"PH-C250 Diesel Plate Compactor delivers fuel-efficient, high-impact compaction for road, gravel, and foundation work. Ideal for demanding and remote job sites.\",\"breadcrumb\":{\"@id\":\"https:\/\/www.hsymachinery.com\/product\/plate-compactor-ph-c250\/#breadcrumb\"},\"inLanguage\":\"lt-LT\",\"potentialAction\":[{\"@type\":\"ReadAction\",\"target\":[\"https:\/\/www.hsymachinery.com\/product\/plate-compactor-ph-c250\/\"]}]},{\"@type\":\"ImageObject\",\"inLanguage\":\"lt-LT\",\"@id\":\"https:\/\/www.hsymachinery.com\/product\/plate-compactor-ph-c250\/#primaryimage\",\"url\":\"https:\/\/www.hsymachinery.com\/wp-content\/uploads\/2025\/06\/Plate-Compactor-PH-C250.jpg\",\"contentUrl\":\"https:\/\/www.hsymachinery.com\/wp-content\/uploads\/2025\/06\/Plate-Compactor-PH-C250.jpg\",\"width\":600,\"height\":600},{\"@type\":\"BreadcrumbList\",\"@id\":\"https:\/\/www.hsymachinery.com\/product\/plate-compactor-ph-c250\/#breadcrumb\",\"itemListElement\":[{\"@type\":\"ListItem\",\"position\":1,\"name\":\"home\",\"item\":\"https:\/\/www.hsymachinery.com\/\"},{\"@type\":\"ListItem\",\"position\":2,\"name\":\"products\",\"item\":\"https:\/\/www.hsymachinery.com\/products\/\"},{\"@type\":\"ListItem\",\"position\":3,\"name\":\"Plate Compactor PH-C250\"}]},{\"@type\":\"WebSite\",\"@id\":\"https:\/\/www.hsymachinery.com\/#website\",\"url\":\"https:\/\/www.hsymachinery.com\/\",\"name\":\"HSY Construction Machinery\",\"description\":\"HSY Machinery \u2013 A leading China construction machinery supplier, offering a wide range of light construction equipment. Our main products include Rebar Cutting Machine, Rebar Bending Machine, Rebar Stirrup Bending Machine, Rebar Arc Bending Machine, Rebar Straightening Machine, Five-Head Rebar Stirrup Bending Machine, Tamping Rammer, Plate Compactor, Concrete Cutter, Power Trowel, and other construction machinery. We are equipped with advanced CNC machines, and we enforce strict quality inspection standards along with comprehensive after-sales service. If you are interested in our products or services, we warmly welcome your inquiries via message.\",\"publisher\":{\"@id\":\"https:\/\/www.hsymachinery.com\/#organization\"},\"potentialAction\":[{\"@type\":\"SearchAction\",\"target\":{\"@type\":\"EntryPoint\",\"urlTemplate\":\"https:\/\/www.hsymachinery.com\/?s={search_term_string}\"},\"query-input\":{\"@type\":\"PropertyValueSpecification\",\"valueRequired\":true,\"valueName\":\"search_term_string\"}}],\"inLanguage\":\"lt-LT\"},{\"@type\":\"Organization\",\"@id\":\"https:\/\/www.hsymachinery.com\/#organization\",\"name\":\"HSY Construction Machinery\",\"url\":\"https:\/\/www.hsymachinery.com\/\",\"logo\":{\"@type\":\"ImageObject\",\"inLanguage\":\"lt-LT\",\"@id\":\"https:\/\/www.hsymachinery.com\/#\/schema\/logo\/image\/\",\"url\":\"https:\/\/www.hsymachinery.com\/wp-content\/uploads\/2025\/06\/cropped-HSY-machinery.png\",\"contentUrl\":\"https:\/\/www.hsymachinery.com\/wp-content\/uploads\/2025\/06\/cropped-HSY-machinery.png\",\"width\":600,\"height\":240,\"caption\":\"HSY Construction Machinery\"},\"image\":{\"@id\":\"https:\/\/www.hsymachinery.com\/#\/schema\/logo\/image\/\"}}]}<\/script>\n<!-- \/ Yoast SEO plugin. -->","yoast_head_json":{"title":"Plok\u0161t\u0117s tankintuvas PH-C250 - HSY statybin\u0117s ma\u0161inos","description":"PH-C250 dyzelinis plok\u0161\u010di\u0173 tankintuvas taupiai naudoja degalus ir u\u017etikrina didel\u012f tankinimo poveik\u012f keli\u0173, \u017evyro ir pamat\u0173 darbams. Idealiai tinka sud\u0117tingoms ir nutolusioms darbo vietoms.","robots":{"index":"index","follow":"follow","max-snippet":"max-snippet:-1","max-image-preview":"max-image-preview:large","max-video-preview":"max-video-preview:-1"},"canonical":"https:\/\/www.hsymachinery.com\/lt\/produktas\/ploksciu-tankintuvas-ph-c250\/","og_locale":"lt_LT","og_type":"article","og_title":"Plate Compactor PH-C250 - HSY Construction Machinery","og_description":"PH-C250 Diesel Plate Compactor delivers fuel-efficient, high-impact compaction for road, gravel, and foundation work. Ideal for demanding and remote job sites.","og_url":"https:\/\/www.hsymachinery.com\/lt\/produktas\/ploksciu-tankintuvas-ph-c250\/","og_site_name":"HSY Construction Machinery","article_modified_time":"2025-06-28T11:56:08+00:00","og_image":[{"width":600,"height":600,"url":"https:\/\/www.hsymachinery.com\/wp-content\/uploads\/2025\/06\/Plate-Compactor-PH-C250.jpg","type":"image\/jpeg"}],"twitter_card":"summary_large_image","twitter_misc":{"Est. reading time":"2 minut\u0117s"},"schema":{"@context":"https:\/\/schema.org","@graph":[{"@type":"WebPage","@id":"https:\/\/www.hsymachinery.com\/product\/plate-compactor-ph-c250\/","url":"https:\/\/www.hsymachinery.com\/product\/plate-compactor-ph-c250\/","name":"Plok\u0161t\u0117s tankintuvas PH-C250 - HSY statybin\u0117s ma\u0161inos","isPartOf":{"@id":"https:\/\/www.hsymachinery.com\/#website"},"primaryImageOfPage":{"@id":"https:\/\/www.hsymachinery.com\/product\/plate-compactor-ph-c250\/#primaryimage"},"image":{"@id":"https:\/\/www.hsymachinery.com\/product\/plate-compactor-ph-c250\/#primaryimage"},"thumbnailUrl":"https:\/\/www.hsymachinery.com\/wp-content\/uploads\/2025\/06\/Plate-Compactor-PH-C250.jpg","datePublished":"2025-06-18T09:04:38+00:00","dateModified":"2025-06-28T11:56:08+00:00","description":"PH-C250 dyzelinis plok\u0161\u010di\u0173 tankintuvas taupiai naudoja degalus ir u\u017etikrina didel\u012f tankinimo poveik\u012f keli\u0173, \u017evyro ir pamat\u0173 darbams. Idealiai tinka sud\u0117tingoms ir nutolusioms darbo vietoms.","breadcrumb":{"@id":"https:\/\/www.hsymachinery.com\/product\/plate-compactor-ph-c250\/#breadcrumb"},"inLanguage":"lt-LT","potentialAction":[{"@type":"ReadAction","target":["https:\/\/www.hsymachinery.com\/product\/plate-compactor-ph-c250\/"]}]},{"@type":"ImageObject","inLanguage":"lt-LT","@id":"https:\/\/www.hsymachinery.com\/product\/plate-compactor-ph-c250\/#primaryimage","url":"https:\/\/www.hsymachinery.com\/wp-content\/uploads\/2025\/06\/Plate-Compactor-PH-C250.jpg","contentUrl":"https:\/\/www.hsymachinery.com\/wp-content\/uploads\/2025\/06\/Plate-Compactor-PH-C250.jpg","width":600,"height":600},{"@type":"BreadcrumbList","@id":"https:\/\/www.hsymachinery.com\/product\/plate-compactor-ph-c250\/#breadcrumb","itemListElement":[{"@type":"ListItem","position":1,"name":"home","item":"https:\/\/www.hsymachinery.com\/"},{"@type":"ListItem","position":2,"name":"products","item":"https:\/\/www.hsymachinery.com\/products\/"},{"@type":"ListItem","position":3,"name":"Plate Compactor PH-C250"}]},{"@type":"WebSite","@id":"https:\/\/www.hsymachinery.com\/#website","url":"https:\/\/www.hsymachinery.com\/","name":"HSY statybin\u0117s ma\u0161inos","description":"\"HSY Machinery\" - pirmaujanti Kinijos statybos ma\u0161in\u0173 tiek\u0117ja, si\u016blanti plat\u0173 lengvosios statybos \u012frangos asortiment\u0105. Pagrindiniai m\u016bs\u0173 produktai - armat\u016bros pjovimo stakl\u0117s, armat\u016bros lenkimo stakl\u0117s, armat\u016bros stryp\u0173 lenkimo stakl\u0117s, armat\u016bros lanko lenkimo stakl\u0117s, armat\u016bros tiesinimo stakl\u0117s, penki\u0173 galvu\u010di\u0173 armat\u016bros stryp\u0173 lenkimo stakl\u0117s, tankinimo plaktukas, plok\u0161\u010di\u0173 tankintuvas, betono pjaustykl\u0117, elektrin\u0117 mentele ir kita statybin\u0117 technika. Turime pa\u017eangias CNC stakles, taikome grie\u017etus kokyb\u0117s tikrinimo standartus ir teikiame visapusi\u0161kas garantinio aptarnavimo paslaugas. Jei jus domina m\u016bs\u0173 gaminiai ar paslaugos, maloniai laukiame j\u016bs\u0173 u\u017eklaus\u0173 \u017einute.","publisher":{"@id":"https:\/\/www.hsymachinery.com\/#organization"},"potentialAction":[{"@type":"SearchAction","target":{"@type":"EntryPoint","urlTemplate":"https:\/\/www.hsymachinery.com\/?s={search_term_string}"},"query-input":{"@type":"PropertyValueSpecification","valueRequired":true,"valueName":"search_term_string"}}],"inLanguage":"lt-LT"},{"@type":"Organization","@id":"https:\/\/www.hsymachinery.com\/#organization","name":"HSY statybin\u0117s ma\u0161inos","url":"https:\/\/www.hsymachinery.com\/","logo":{"@type":"ImageObject","inLanguage":"lt-LT","@id":"https:\/\/www.hsymachinery.com\/#\/schema\/logo\/image\/","url":"https:\/\/www.hsymachinery.com\/wp-content\/uploads\/2025\/06\/cropped-HSY-machinery.png","contentUrl":"https:\/\/www.hsymachinery.com\/wp-content\/uploads\/2025\/06\/cropped-HSY-machinery.png","width":600,"height":240,"caption":"HSY Construction Machinery"},"image":{"@id":"https:\/\/www.hsymachinery.com\/#\/schema\/logo\/image\/"}}]}},"_links":{"self":[{"href":"https:\/\/www.hsymachinery.com\/lt\/wp-json\/wp\/v2\/product\/9118","targetHints":{"allow":["GET"]}}],"collection":[{"href":"https:\/\/www.hsymachinery.com\/lt\/wp-json\/wp\/v2\/product"}],"about":[{"href":"https:\/\/www.hsymachinery.com\/lt\/wp-json\/wp\/v2\/types\/product"}],"version-history":[{"count":3,"href":"https:\/\/www.hsymachinery.com\/lt\/wp-json\/wp\/v2\/product\/9118\/revisions"}],"predecessor-version":[{"id":9535,"href":"https:\/\/www.hsymachinery.com\/lt\/wp-json\/wp\/v2\/product\/9118\/revisions\/9535"}],"wp:featuredmedia":[{"embeddable":true,"href":"https:\/\/www.hsymachinery.com\/lt\/wp-json\/wp\/v2\/media\/9119"}],"wp:attachment":[{"href":"https:\/\/www.hsymachinery.com\/lt\/wp-json\/wp\/v2\/media?parent=9118"}],"wp:term":[{"taxonomy":"product_brand","embeddable":true,"href":"https:\/\/www.hsymachinery.com\/lt\/wp-json\/wp\/v2\/product_brand?post=9118"},{"taxonomy":"product_cat","embeddable":true,"href":"https:\/\/www.hsymachinery.com\/lt\/wp-json\/wp\/v2\/product_cat?post=9118"},{"taxonomy":"product_tag","embeddable":true,"href":"https:\/\/www.hsymachinery.com\/lt\/wp-json\/wp\/v2\/product_tag?post=9118"}],"curies":[{"name":"wp","href":"https:\/\/api.w.org\/{rel}","templated":true}]}}