{"id":9115,"date":"2025-06-18T17:03:38","date_gmt":"2025-06-18T09:03:38","guid":{"rendered":"https:\/\/www.hsymachinery.com\/?post_type=product&#038;p=9115"},"modified":"2025-06-28T19:52:08","modified_gmt":"2025-06-28T11:52:08","slug":"plokstinis-tankintuvas-ph-h250","status":"publish","type":"product","link":"https:\/\/www.hsymachinery.com\/lt\/produktas\/plokstinis-tankintuvas-ph-h250\/","title":{"rendered":"Plok\u0161t\u0117s tankintuvas PH-H250"},"content":{"rendered":"<h2 data-start=\"97\" data-end=\"128\">Plok\u0161t\u0117s tankintuvas PH-H250<\/h2>\n<h3 data-start=\"129\" data-end=\"252\">PH-H250 \"Honda\" benzininis plok\u0161telinis tankintuvas | Vidutinio nuotolio grunto tankintuvas, skirtas keli\u0173 remontui, asfalto klojimui ir statyb\u0173 paruo\u0161imui<\/h3>\n<h3 data-start=\"259\" data-end=\"335\">Gaminio ap\u017evalga - patikima \"Honda\" galia sud\u0117tingiems tankinimo darbams<a href=\"https:\/\/www.hsymachinery.com\/lt\/produktai\/ploksciu-tankintuvas\/\" target=\"_blank\" rel=\"noopener\"><img fetchpriority=\"high\" decoding=\"async\" class=\"wp-image-9116 alignright\" src=\"https:\/\/www.hsymachinery.com\/wp-content\/uploads\/2025\/06\/Plate-Compactor-PH-H250-300x300.jpg\" alt=\"\" width=\"460\" height=\"460\" srcset=\"https:\/\/www.hsymachinery.com\/wp-content\/uploads\/2025\/06\/Plate-Compactor-PH-H250-300x300.jpg 300w, https:\/\/www.hsymachinery.com\/wp-content\/uploads\/2025\/06\/Plate-Compactor-PH-H250-150x150.jpg 150w, https:\/\/www.hsymachinery.com\/wp-content\/uploads\/2025\/06\/Plate-Compactor-PH-H250-100x100.jpg 100w, https:\/\/www.hsymachinery.com\/wp-content\/uploads\/2025\/06\/Plate-Compactor-PH-H250.jpg 600w\" sizes=\"(max-width: 460px) 100vw, 460px\" \/><\/a><\/h3>\n<p data-start=\"337\" data-end=\"701\">Svetain\u0117 <strong data-start=\"341\" data-end=\"368\">PH-H250 plok\u0161telinis tankintuvas<\/strong> \u012frengtas \"Honda GX160\" benzininis variklis, u\u017etikrinantis patikim\u0105 veikim\u0105 ir tolyg\u0173, tolyg\u0173 tankinim\u0105 atliekant \u012fvairias statybos u\u017eduotis. Nesvarbu, ar dirbate su keli\u0173 dangomis, pastat\u0173 pamatais, ar asfalto dangomis, \u0161is tankintuvas u\u017etikrina nuoseklius rezultatus, naudoja ma\u017eai degal\u0173 ir tyliai veikia.<\/p>\n<p data-start=\"703\" data-end=\"870\">PH-H250 sukurtas vidutinio sunkumo projektams, jis suderina profesionali\u0105 gali\u0105 ir patog\u0173 darb\u0105, tod\u0117l idealiai tinka tiek kasdien dirbantiems rangovams, tiek savivaldybi\u0173 komandoms.<\/p>\n<h3 data-start=\"877\" data-end=\"935\">Stabilus veikimas, patvari plok\u0161t\u0117 ir lengvas valdymas<\/h3>\n<p data-start=\"937\" data-end=\"1278\">\"Honda GX160\" variklis pasi\u017eymi lengvu u\u017evedimu, ma\u017ea vibracija ir ilgaam\u017ei\u0161kumu. PH-H250 naudoja didelio atsparumo plienin\u0119 pagrindo plok\u0161t\u0119, kuri u\u017etikrina tvirt\u0105 ir plok\u0161\u010di\u0105 dirvos, \u017evyro ar asfalto sutankinim\u0105. Jo nuo vibracijos izoliuota rankena u\u017etikrina sklandesn\u012f darb\u0105 ir ma\u017eesn\u012f naudotojo nuovarg\u012f, ypa\u010d per ilgesnes pamainas.<\/p>\n<p data-start=\"1280\" data-end=\"1395\">\u0160i ma\u0161ina taip pat turi apsaugin\u012f variklio korpus\u0105 ir ma\u017eai prie\u017ei\u016bros reikalaujan\u010di\u0105 konstrukcij\u0105, tod\u0117l sutrump\u0117ja prastovos vietoje.<\/p>\n<h3 data-start=\"1402\" data-end=\"1462\">Patikimas keli\u0173, pamat\u0173 ir pavir\u0161i\u0173 paruo\u0161imas<\/h3>\n<p data-start=\"1464\" data-end=\"1730\">D\u0117l patikimo veikimo ir manevringo korpuso PH-H250 pla\u010diai naudojamas asfalto lopymui, \u0161aligatvi\u0173 \u012frengimui, pamat\u0173 trinkeli\u0173 klojimui ir automobili\u0173 stov\u0117jimo aik\u0161teli\u0173 remontui. Vidutinio dyd\u017eio plok\u0161t\u0117 leid\u017eia pasiekti ir gyl\u012f, ir greit\u012f per sutankintus pavir\u0161ius.<\/p>\n<p data-start=\"1732\" data-end=\"1807\">\"Honda\" variklis u\u017etikrina pasaulin\u012f aptarnavim\u0105 ir puiki\u0105 perpardavimo vert\u0119.<\/p>\n<h3 data-start=\"1814\" data-end=\"1859\">Pagrindin\u0117s PH-H250 plok\u0161\u010di\u0173 tankintuvo savyb\u0117s<\/h3>\n<ul data-start=\"1861\" data-end=\"2148\">\n<li data-start=\"1861\" data-end=\"1914\">\n<p data-start=\"1863\" data-end=\"1914\">Variklis varomas \"Honda GX160\" 4 takt\u0173 benzininiu varikliu<\/p>\n<\/li>\n<li data-start=\"1915\" data-end=\"1974\">\n<p data-start=\"1917\" data-end=\"1974\">Tinka asfaltui, dirvo\u017eemiui, \u017evyrui ir sm\u0117liui tankinti<\/p>\n<\/li>\n<li data-start=\"1975\" data-end=\"2036\">\n<p data-start=\"1977\" data-end=\"2036\">Vidutinio dyd\u017eio plok\u0161t\u0117s dizainas su subalansuotu gyliu ir ploto apr\u0117ptimi<\/p>\n<\/li>\n<li data-start=\"2037\" data-end=\"2092\">\n<p data-start=\"2039\" data-end=\"2092\">Ergonomi\u0161ka rankena ma\u017eina vibracij\u0105 ir naudotojo nuovarg\u012f<\/p>\n<\/li>\n<li data-start=\"2093\" data-end=\"2148\">\n<p data-start=\"2095\" data-end=\"2148\">Patvari konstrukcija, lengva prieiga prie variklio ir jo prie\u017ei\u016bra<\/p>\n<\/li>\n<\/ul>\n<p><iframe title=\"tankintuvas, tankinimo plaktukas, tamperis, plok\u0161\u010di\u0173 tankintuvas, statybin\u0117 vibracija, tankinimo ma\u0161ina.#tamping\" width=\"720\" height=\"405\" src=\"https:\/\/www.youtube.com\/embed\/kHw7Cpv12Zs?feature=oembed\" frameborder=\"0\" allow=\"accelerometer; autoplay; clipboard-write; encrypted-media; gyroscope; picture-in-picture; web-share\" referrerpolicy=\"strict-origin-when-cross-origin\" allowfullscreen><\/iframe><\/p>","protected":false},"excerpt":{"rendered":"<p>PH-H250 plok\u0161\u010di\u0173 tankintuvas su \"Honda GX160\" varikliu u\u017etikrina patvar\u0173, subalansuot\u0105 asfalto, grunto ir pamat\u0173 tankinim\u0105. Patikimas vidutin\u0117s apimties statybos darbams.<\/p>","protected":false},"featured_media":9116,"template":"","meta":{"_kad_post_transparent":"default","_kad_post_title":"","_kad_post_layout":"default","_kad_post_sidebar_id":"","_kad_post_content_style":"default","_kad_post_vertical_padding":"default","_kad_post_feature":"","_kad_post_feature_position":"","_kad_post_header":false,"_kad_post_footer":false},"product_brand":[],"product_cat":[59],"product_tag":[1066,1062,1065,1070,1069,1063,1067,1064,1061,1068],"class_list":{"0":"post-9115","1":"product","2":"type-product","3":"status-publish","4":"has-post-thumbnail","6":"product_cat-plate-compactor","7":"product_tag-diesel-plate-compactor","8":"product_tag-forward-plate-compactor","9":"product_tag-gasoline-plate-compactor","10":"product_tag-heavy-duty-plate-compactor","11":"product_tag-plate-compactor-for-asphalt","12":"product_tag-reversible-plate-compactor","13":"product_tag-road-construction-compactor","14":"product_tag-soil-plate-compactor","15":"product_tag-vibratory-plate-compactor","16":"product_tag-walk-behind-plate-compactor","18":"first","19":"instock","20":"shipping-taxable","21":"product-type-simple","22":"entry","23":"content-bg","24":"loop-entry"},"yoast_head":"<!-- This site is optimized with the Yoast SEO plugin v25.3.1 - https:\/\/yoast.com\/wordpress\/plugins\/seo\/ -->\n<title>Plate Compactor PH-H250 - HSY Construction Machinery<\/title>\n<meta name=\"description\" content=\"PH-H250 Plate Compactor powered by Honda GX160 delivers mid-range soil and asphalt compaction for roadwork, foundations, and municipal projects. Durable and fuel-efficient.\" \/>\n<meta name=\"robots\" content=\"index, follow, max-snippet:-1, max-image-preview:large, max-video-preview:-1\" \/>\n<link rel=\"canonical\" href=\"https:\/\/www.hsymachinery.com\/lt\/produktas\/plokstinis-tankintuvas-ph-h250\/\" \/>\n<meta property=\"og:locale\" content=\"lt_LT\" \/>\n<meta property=\"og:type\" content=\"article\" \/>\n<meta property=\"og:title\" content=\"Plate Compactor PH-H250 - HSY Construction Machinery\" \/>\n<meta property=\"og:description\" content=\"PH-H250 Plate Compactor powered by Honda GX160 delivers mid-range soil and asphalt compaction for roadwork, foundations, and municipal projects. Durable and fuel-efficient.\" \/>\n<meta property=\"og:url\" content=\"https:\/\/www.hsymachinery.com\/lt\/produktas\/plokstinis-tankintuvas-ph-h250\/\" \/>\n<meta property=\"og:site_name\" content=\"HSY Construction Machinery\" \/>\n<meta property=\"article:modified_time\" content=\"2025-06-28T11:52:08+00:00\" \/>\n<meta property=\"og:image\" content=\"https:\/\/www.hsymachinery.com\/wp-content\/uploads\/2025\/06\/Plate-Compactor-PH-H250.jpg\" \/>\n\t<meta property=\"og:image:width\" content=\"600\" \/>\n\t<meta property=\"og:image:height\" content=\"600\" \/>\n\t<meta property=\"og:image:type\" content=\"image\/jpeg\" \/>\n<meta name=\"twitter:card\" content=\"summary_large_image\" \/>\n<meta name=\"twitter:label1\" content=\"Est. reading time\" \/>\n\t<meta name=\"twitter:data1\" content=\"2 minut\u0117s\" \/>\n<script type=\"application\/ld+json\" class=\"yoast-schema-graph\">{\"@context\":\"https:\/\/schema.org\",\"@graph\":[{\"@type\":\"WebPage\",\"@id\":\"https:\/\/www.hsymachinery.com\/product\/plate-compactor-ph-h250\/\",\"url\":\"https:\/\/www.hsymachinery.com\/product\/plate-compactor-ph-h250\/\",\"name\":\"Plate Compactor PH-H250 - HSY Construction Machinery\",\"isPartOf\":{\"@id\":\"https:\/\/www.hsymachinery.com\/#website\"},\"primaryImageOfPage\":{\"@id\":\"https:\/\/www.hsymachinery.com\/product\/plate-compactor-ph-h250\/#primaryimage\"},\"image\":{\"@id\":\"https:\/\/www.hsymachinery.com\/product\/plate-compactor-ph-h250\/#primaryimage\"},\"thumbnailUrl\":\"https:\/\/www.hsymachinery.com\/wp-content\/uploads\/2025\/06\/Plate-Compactor-PH-H250.jpg\",\"datePublished\":\"2025-06-18T09:03:38+00:00\",\"dateModified\":\"2025-06-28T11:52:08+00:00\",\"description\":\"PH-H250 Plate Compactor powered by Honda GX160 delivers mid-range soil and asphalt compaction for roadwork, foundations, and municipal projects. Durable and fuel-efficient.\",\"breadcrumb\":{\"@id\":\"https:\/\/www.hsymachinery.com\/product\/plate-compactor-ph-h250\/#breadcrumb\"},\"inLanguage\":\"lt-LT\",\"potentialAction\":[{\"@type\":\"ReadAction\",\"target\":[\"https:\/\/www.hsymachinery.com\/product\/plate-compactor-ph-h250\/\"]}]},{\"@type\":\"ImageObject\",\"inLanguage\":\"lt-LT\",\"@id\":\"https:\/\/www.hsymachinery.com\/product\/plate-compactor-ph-h250\/#primaryimage\",\"url\":\"https:\/\/www.hsymachinery.com\/wp-content\/uploads\/2025\/06\/Plate-Compactor-PH-H250.jpg\",\"contentUrl\":\"https:\/\/www.hsymachinery.com\/wp-content\/uploads\/2025\/06\/Plate-Compactor-PH-H250.jpg\",\"width\":600,\"height\":600},{\"@type\":\"BreadcrumbList\",\"@id\":\"https:\/\/www.hsymachinery.com\/product\/plate-compactor-ph-h250\/#breadcrumb\",\"itemListElement\":[{\"@type\":\"ListItem\",\"position\":1,\"name\":\"home\",\"item\":\"https:\/\/www.hsymachinery.com\/\"},{\"@type\":\"ListItem\",\"position\":2,\"name\":\"products\",\"item\":\"https:\/\/www.hsymachinery.com\/products\/\"},{\"@type\":\"ListItem\",\"position\":3,\"name\":\"Plate Compactor PH-H250\"}]},{\"@type\":\"WebSite\",\"@id\":\"https:\/\/www.hsymachinery.com\/#website\",\"url\":\"https:\/\/www.hsymachinery.com\/\",\"name\":\"HSY Construction Machinery\",\"description\":\"HSY Machinery \u2013 A leading China construction machinery supplier, offering a wide range of light construction equipment. Our main products include Rebar Cutting Machine, Rebar Bending Machine, Rebar Stirrup Bending Machine, Rebar Arc Bending Machine, Rebar Straightening Machine, Five-Head Rebar Stirrup Bending Machine, Tamping Rammer, Plate Compactor, Concrete Cutter, Power Trowel, and other construction machinery. We are equipped with advanced CNC machines, and we enforce strict quality inspection standards along with comprehensive after-sales service. If you are interested in our products or services, we warmly welcome your inquiries via message.\",\"publisher\":{\"@id\":\"https:\/\/www.hsymachinery.com\/#organization\"},\"potentialAction\":[{\"@type\":\"SearchAction\",\"target\":{\"@type\":\"EntryPoint\",\"urlTemplate\":\"https:\/\/www.hsymachinery.com\/?s={search_term_string}\"},\"query-input\":{\"@type\":\"PropertyValueSpecification\",\"valueRequired\":true,\"valueName\":\"search_term_string\"}}],\"inLanguage\":\"lt-LT\"},{\"@type\":\"Organization\",\"@id\":\"https:\/\/www.hsymachinery.com\/#organization\",\"name\":\"HSY Construction Machinery\",\"url\":\"https:\/\/www.hsymachinery.com\/\",\"logo\":{\"@type\":\"ImageObject\",\"inLanguage\":\"lt-LT\",\"@id\":\"https:\/\/www.hsymachinery.com\/#\/schema\/logo\/image\/\",\"url\":\"https:\/\/www.hsymachinery.com\/wp-content\/uploads\/2025\/06\/cropped-HSY-machinery.png\",\"contentUrl\":\"https:\/\/www.hsymachinery.com\/wp-content\/uploads\/2025\/06\/cropped-HSY-machinery.png\",\"width\":600,\"height\":240,\"caption\":\"HSY Construction Machinery\"},\"image\":{\"@id\":\"https:\/\/www.hsymachinery.com\/#\/schema\/logo\/image\/\"}}]}<\/script>\n<!-- \/ Yoast SEO plugin. -->","yoast_head_json":{"title":"Plok\u0161t\u0117s tankintuvas PH-H250 - HSY statybin\u0117s ma\u0161inos","description":"PH-H250 plok\u0161telinis tankintuvas, varomas \"Honda GX160\", u\u017etikrina vidutin\u0117s klas\u0117s grunto ir asfalto tankinim\u0105 keli\u0173, pamat\u0173 ir komunalini\u0173 objekt\u0173 darbams. Patvarus ir taupus.","robots":{"index":"index","follow":"follow","max-snippet":"max-snippet:-1","max-image-preview":"max-image-preview:large","max-video-preview":"max-video-preview:-1"},"canonical":"https:\/\/www.hsymachinery.com\/lt\/produktas\/plokstinis-tankintuvas-ph-h250\/","og_locale":"lt_LT","og_type":"article","og_title":"Plate Compactor PH-H250 - HSY Construction Machinery","og_description":"PH-H250 Plate Compactor powered by Honda GX160 delivers mid-range soil and asphalt compaction for roadwork, foundations, and municipal projects. Durable and fuel-efficient.","og_url":"https:\/\/www.hsymachinery.com\/lt\/produktas\/plokstinis-tankintuvas-ph-h250\/","og_site_name":"HSY Construction Machinery","article_modified_time":"2025-06-28T11:52:08+00:00","og_image":[{"width":600,"height":600,"url":"https:\/\/www.hsymachinery.com\/wp-content\/uploads\/2025\/06\/Plate-Compactor-PH-H250.jpg","type":"image\/jpeg"}],"twitter_card":"summary_large_image","twitter_misc":{"Est. reading time":"2 minut\u0117s"},"schema":{"@context":"https:\/\/schema.org","@graph":[{"@type":"WebPage","@id":"https:\/\/www.hsymachinery.com\/product\/plate-compactor-ph-h250\/","url":"https:\/\/www.hsymachinery.com\/product\/plate-compactor-ph-h250\/","name":"Plok\u0161t\u0117s tankintuvas PH-H250 - HSY statybin\u0117s ma\u0161inos","isPartOf":{"@id":"https:\/\/www.hsymachinery.com\/#website"},"primaryImageOfPage":{"@id":"https:\/\/www.hsymachinery.com\/product\/plate-compactor-ph-h250\/#primaryimage"},"image":{"@id":"https:\/\/www.hsymachinery.com\/product\/plate-compactor-ph-h250\/#primaryimage"},"thumbnailUrl":"https:\/\/www.hsymachinery.com\/wp-content\/uploads\/2025\/06\/Plate-Compactor-PH-H250.jpg","datePublished":"2025-06-18T09:03:38+00:00","dateModified":"2025-06-28T11:52:08+00:00","description":"PH-H250 plok\u0161telinis tankintuvas, varomas \"Honda GX160\", u\u017etikrina vidutin\u0117s klas\u0117s grunto ir asfalto tankinim\u0105 keli\u0173, pamat\u0173 ir komunalini\u0173 objekt\u0173 darbams. Patvarus ir taupus.","breadcrumb":{"@id":"https:\/\/www.hsymachinery.com\/product\/plate-compactor-ph-h250\/#breadcrumb"},"inLanguage":"lt-LT","potentialAction":[{"@type":"ReadAction","target":["https:\/\/www.hsymachinery.com\/product\/plate-compactor-ph-h250\/"]}]},{"@type":"ImageObject","inLanguage":"lt-LT","@id":"https:\/\/www.hsymachinery.com\/product\/plate-compactor-ph-h250\/#primaryimage","url":"https:\/\/www.hsymachinery.com\/wp-content\/uploads\/2025\/06\/Plate-Compactor-PH-H250.jpg","contentUrl":"https:\/\/www.hsymachinery.com\/wp-content\/uploads\/2025\/06\/Plate-Compactor-PH-H250.jpg","width":600,"height":600},{"@type":"BreadcrumbList","@id":"https:\/\/www.hsymachinery.com\/product\/plate-compactor-ph-h250\/#breadcrumb","itemListElement":[{"@type":"ListItem","position":1,"name":"home","item":"https:\/\/www.hsymachinery.com\/"},{"@type":"ListItem","position":2,"name":"products","item":"https:\/\/www.hsymachinery.com\/products\/"},{"@type":"ListItem","position":3,"name":"Plate Compactor PH-H250"}]},{"@type":"WebSite","@id":"https:\/\/www.hsymachinery.com\/#website","url":"https:\/\/www.hsymachinery.com\/","name":"HSY statybin\u0117s ma\u0161inos","description":"\"HSY Machinery\" - pirmaujanti Kinijos statybos ma\u0161in\u0173 tiek\u0117ja, si\u016blanti plat\u0173 lengvosios statybos \u012frangos asortiment\u0105. Pagrindiniai m\u016bs\u0173 produktai - armat\u016bros pjovimo stakl\u0117s, armat\u016bros lenkimo stakl\u0117s, armat\u016bros stryp\u0173 lenkimo stakl\u0117s, armat\u016bros lanko lenkimo stakl\u0117s, armat\u016bros tiesinimo stakl\u0117s, penki\u0173 galvu\u010di\u0173 armat\u016bros stryp\u0173 lenkimo stakl\u0117s, tankinimo plaktukas, plok\u0161\u010di\u0173 tankintuvas, betono pjaustykl\u0117, elektrin\u0117 mentele ir kita statybin\u0117 technika. Turime pa\u017eangias CNC stakles, taikome grie\u017etus kokyb\u0117s tikrinimo standartus ir teikiame visapusi\u0161kas garantinio aptarnavimo paslaugas. Jei jus domina m\u016bs\u0173 gaminiai ar paslaugos, maloniai laukiame j\u016bs\u0173 u\u017eklaus\u0173 \u017einute.","publisher":{"@id":"https:\/\/www.hsymachinery.com\/#organization"},"potentialAction":[{"@type":"SearchAction","target":{"@type":"EntryPoint","urlTemplate":"https:\/\/www.hsymachinery.com\/?s={search_term_string}"},"query-input":{"@type":"PropertyValueSpecification","valueRequired":true,"valueName":"search_term_string"}}],"inLanguage":"lt-LT"},{"@type":"Organization","@id":"https:\/\/www.hsymachinery.com\/#organization","name":"HSY statybin\u0117s ma\u0161inos","url":"https:\/\/www.hsymachinery.com\/","logo":{"@type":"ImageObject","inLanguage":"lt-LT","@id":"https:\/\/www.hsymachinery.com\/#\/schema\/logo\/image\/","url":"https:\/\/www.hsymachinery.com\/wp-content\/uploads\/2025\/06\/cropped-HSY-machinery.png","contentUrl":"https:\/\/www.hsymachinery.com\/wp-content\/uploads\/2025\/06\/cropped-HSY-machinery.png","width":600,"height":240,"caption":"HSY Construction Machinery"},"image":{"@id":"https:\/\/www.hsymachinery.com\/#\/schema\/logo\/image\/"}}]}},"_links":{"self":[{"href":"https:\/\/www.hsymachinery.com\/lt\/wp-json\/wp\/v2\/product\/9115","targetHints":{"allow":["GET"]}}],"collection":[{"href":"https:\/\/www.hsymachinery.com\/lt\/wp-json\/wp\/v2\/product"}],"about":[{"href":"https:\/\/www.hsymachinery.com\/lt\/wp-json\/wp\/v2\/types\/product"}],"version-history":[{"count":3,"href":"https:\/\/www.hsymachinery.com\/lt\/wp-json\/wp\/v2\/product\/9115\/revisions"}],"predecessor-version":[{"id":9533,"href":"https:\/\/www.hsymachinery.com\/lt\/wp-json\/wp\/v2\/product\/9115\/revisions\/9533"}],"wp:featuredmedia":[{"embeddable":true,"href":"https:\/\/www.hsymachinery.com\/lt\/wp-json\/wp\/v2\/media\/9116"}],"wp:attachment":[{"href":"https:\/\/www.hsymachinery.com\/lt\/wp-json\/wp\/v2\/media?parent=9115"}],"wp:term":[{"taxonomy":"product_brand","embeddable":true,"href":"https:\/\/www.hsymachinery.com\/lt\/wp-json\/wp\/v2\/product_brand?post=9115"},{"taxonomy":"product_cat","embeddable":true,"href":"https:\/\/www.hsymachinery.com\/lt\/wp-json\/wp\/v2\/product_cat?post=9115"},{"taxonomy":"product_tag","embeddable":true,"href":"https:\/\/www.hsymachinery.com\/lt\/wp-json\/wp\/v2\/product_tag?post=9115"}],"curies":[{"name":"wp","href":"https:\/\/api.w.org\/{rel}","templated":true}]}}