{"id":9112,"date":"2025-06-18T17:02:18","date_gmt":"2025-06-18T09:02:18","guid":{"rendered":"https:\/\/www.hsymachinery.com\/?post_type=product&#038;p=9112"},"modified":"2025-06-28T19:48:05","modified_gmt":"2025-06-28T11:48:05","slug":"ploksciu-tankintuvas-ph-l250","status":"publish","type":"product","link":"https:\/\/www.hsymachinery.com\/lt\/produktas\/ploksciu-tankintuvas-ph-l250\/","title":{"rendered":"Plok\u0161t\u0117s tankintuvas PH-L250"},"content":{"rendered":"<h2 data-start=\"96\" data-end=\"127\">Plok\u0161t\u0117s tankintuvas PH-L250<\/h2>\n<h3 data-start=\"128\" data-end=\"251\">PH-L250 \"Loncin\" benzininis plok\u0161telinis tankintuvas | Vidutinio dyd\u017eio dirvo\u017eemio tankinimo ma\u0161ina, skirta kelio dangai, asfaltui ir pamatams<\/h3>\n<h3 data-start=\"258\" data-end=\"341\">Gaminio ap\u017evalga - galingas \"Loncin\" variklis universaliam darbui statybviet\u0117je<a href=\"https:\/\/www.hsymachinery.com\/lt\/produktai\/ploksciu-tankintuvas\/\" target=\"_blank\" rel=\"noopener\"><img fetchpriority=\"high\" decoding=\"async\" class=\"wp-image-9113 alignright\" src=\"https:\/\/www.hsymachinery.com\/wp-content\/uploads\/2025\/06\/Plate-Compactor-PH-L250-300x300.jpg\" alt=\"\" width=\"462\" height=\"462\" srcset=\"https:\/\/www.hsymachinery.com\/wp-content\/uploads\/2025\/06\/Plate-Compactor-PH-L250-300x300.jpg 300w, https:\/\/www.hsymachinery.com\/wp-content\/uploads\/2025\/06\/Plate-Compactor-PH-L250-150x150.jpg 150w, https:\/\/www.hsymachinery.com\/wp-content\/uploads\/2025\/06\/Plate-Compactor-PH-L250-100x100.jpg 100w, https:\/\/www.hsymachinery.com\/wp-content\/uploads\/2025\/06\/Plate-Compactor-PH-L250.jpg 600w\" sizes=\"(max-width: 462px) 100vw, 462px\" \/><\/a><\/h3>\n<p data-start=\"343\" data-end=\"708\">Svetain\u0117 <strong data-start=\"347\" data-end=\"374\">PH-L250 plok\u0161telinis tankintuvas<\/strong> tai vidutin\u0117s galios dirvos tankinimo ma\u0161ina, varoma patikimu \"Loncin\" benzininiu varikliu, skirta \u012fvairesn\u0117ms pavir\u0161iaus paruo\u0161imo u\u017eduotims atlikti. \u0160iame modelyje, idealiai tinkan\u010diame keli\u0173 pagrindo sutankinimui, asfalto lopymui, va\u017eiuojamosios dalies statybai ir pamat\u0173 lyginimui, suderinta didel\u0117 sutankinimo galia ir manevringumas.<\/p>\n<p data-start=\"710\" data-end=\"883\">D\u0117l didesnio vibracijos da\u017enio ir stabilios pagrindo plok\u0161t\u0117s jis yra patikimas sprendimas, kur\u012f kasdien gali naudoti keli\u0173 ties\u0117jai, savivaldybi\u0173 darbuotojai ir statybos rangovai.<\/p>\n<h3 data-start=\"890\" data-end=\"956\">Efektyvus variklis, sklandus valdymas ir patvari konstrukcija<\/h3>\n<p data-start=\"958\" data-end=\"1290\">\"Loncin\" variklis u\u017etikrina skland\u0173 u\u017edegim\u0105, ma\u017eas degal\u0173 s\u0105naudas ir stabili\u0105 gali\u0105 vis\u0105 darbo dien\u0105. Sustiprinta tankinimo plok\u0161t\u0117 u\u017etikrina tolyg\u0173 s\u0105lyt\u012f su dirva ir plok\u0161\u010di\u0105, sutankint\u0105 pavir\u0161i\u0173. Tuo tarpu antivibracin\u0117 rankenos sistema apsaugo operatori\u0173 nuo nuovargio ir suma\u017eina fizin\u012f kr\u016bv\u012f.<\/p>\n<p data-start=\"1292\" data-end=\"1416\">PH-L250 suprojektuotas taip, kad j\u012f b\u016bt\u0173 galima efektyviai eksploatuoti ir transportuoti, be to, j\u012f lengva pri\u017ei\u016br\u0117ti, tod\u0117l jis m\u0117gstamas nuomojamuose automobili\u0173 parkuose.<\/p>\n<h3 data-start=\"1423\" data-end=\"1479\">Sukurtas vidutiniams ir dideliems lauko tankinimo darbams<\/h3>\n<p data-start=\"1481\" data-end=\"1700\">Nuo automobili\u0173 stov\u0117jimo aik\u0161teli\u0173 iki asfalto lop\u0173 - \u0161is tankintuvas puikiai veikia vidutinio dyd\u017eio statyb\u0173 zonose. Jis veiksmingai dirba su sm\u0117liu, \u017evyru, asfaltu ir ri\u0161liuoju gruntu, kaskart u\u017etikrindamas patikimus rezultatus.<\/p>\n<p data-start=\"1702\" data-end=\"1815\">Tvirtas r\u0117mas atlaiko intensyv\u0173 naudojim\u0105, o kompakti\u0161kas korpusas leid\u017eia lanks\u010diai manevruoti darbo vietose.<\/p>\n<h3 data-start=\"1822\" data-end=\"1867\">Pagrindin\u0117s PH-L250 plok\u0161\u010di\u0173 tankintuvo savyb\u0117s<\/h3>\n<ul data-start=\"1869\" data-end=\"2153\">\n<li data-start=\"1869\" data-end=\"1920\">\n<p data-start=\"1871\" data-end=\"1920\">\u012erengtas \"Loncin\" 4 takt\u0173 benzininis variklis<\/p>\n<\/li>\n<li data-start=\"1921\" data-end=\"1988\">\n<p data-start=\"1923\" data-end=\"1988\">Vidutinio dyd\u017eio plok\u0161t\u0117, idealiai tinkanti asfaltui, keliams ir pastat\u0173 pagrindams<\/p>\n<\/li>\n<li data-start=\"1989\" data-end=\"2047\">\n<p data-start=\"1991\" data-end=\"2047\">Vibracij\u0105 ma\u017einanti rankena u\u017etikrina didesn\u012f komfort\u0105 ir valdym\u0105<\/p>\n<\/li>\n<li data-start=\"2048\" data-end=\"2108\">\n<p data-start=\"2050\" data-end=\"2108\">Labai patvari plieno plok\u0161t\u0117 su lygia sutankinimo apdaila<\/p>\n<\/li>\n<li data-start=\"2109\" data-end=\"2153\">\n<p data-start=\"2111\" data-end=\"2153\">Lengva transportuoti, pri\u017ei\u016br\u0117ti ir eksploatuoti<\/p>\n<\/li>\n<\/ul>\n<p><iframe title=\"tankintuvas, tankinimo plaktukas, tamperis, plok\u0161\u010di\u0173 tankintuvas, statybin\u0117 vibracija, tankinimo ma\u0161ina.#tamping\" width=\"720\" height=\"405\" src=\"https:\/\/www.youtube.com\/embed\/kHw7Cpv12Zs?feature=oembed\" frameborder=\"0\" allow=\"accelerometer; autoplay; clipboard-write; encrypted-media; gyroscope; picture-in-picture; web-share\" referrerpolicy=\"strict-origin-when-cross-origin\" allowfullscreen><\/iframe><\/p>","protected":false},"excerpt":{"rendered":"<p>PH-L250 benzininis plok\u0161\u010di\u0173 tankintuvas su \"Loncin\" varikliu u\u017etikrina galing\u0105 ir patikim\u0105 keli\u0173, asfalto ir pamat\u0173 tankinim\u0105. Idealiai tinka rangovams ir statybinink\u0173 komandoms.<\/p>","protected":false},"featured_media":9113,"template":"","meta":{"_kad_post_transparent":"default","_kad_post_title":"","_kad_post_layout":"default","_kad_post_sidebar_id":"","_kad_post_content_style":"default","_kad_post_vertical_padding":"default","_kad_post_feature":"","_kad_post_feature_position":"","_kad_post_header":false,"_kad_post_footer":false},"product_brand":[],"product_cat":[59],"product_tag":[1066,1062,1065,1070,1069,1063,1067,1064,1061,1068],"class_list":{"0":"post-9112","1":"product","2":"type-product","3":"status-publish","4":"has-post-thumbnail","6":"product_cat-plate-compactor","7":"product_tag-diesel-plate-compactor","8":"product_tag-forward-plate-compactor","9":"product_tag-gasoline-plate-compactor","10":"product_tag-heavy-duty-plate-compactor","11":"product_tag-plate-compactor-for-asphalt","12":"product_tag-reversible-plate-compactor","13":"product_tag-road-construction-compactor","14":"product_tag-soil-plate-compactor","15":"product_tag-vibratory-plate-compactor","16":"product_tag-walk-behind-plate-compactor","18":"first","19":"instock","20":"shipping-taxable","21":"product-type-simple","22":"entry","23":"content-bg","24":"loop-entry"},"yoast_head":"<!-- This site is optimized with the Yoast SEO plugin v25.3.1 - https:\/\/yoast.com\/wordpress\/plugins\/seo\/ -->\n<title>Plate Compactor PH-L250 - HSY Construction Machinery<\/title>\n<meta name=\"description\" content=\"PH-L250 Plate Compactor powered by a Loncin engine delivers effective soil and asphalt compaction for driveways, roads, and foundation projects. Medium-duty performance.\" \/>\n<meta name=\"robots\" content=\"index, follow, max-snippet:-1, max-image-preview:large, max-video-preview:-1\" \/>\n<link rel=\"canonical\" href=\"https:\/\/www.hsymachinery.com\/lt\/produktas\/ploksciu-tankintuvas-ph-l250\/\" \/>\n<meta property=\"og:locale\" content=\"lt_LT\" \/>\n<meta property=\"og:type\" content=\"article\" \/>\n<meta property=\"og:title\" content=\"Plate Compactor PH-L250 - HSY Construction Machinery\" \/>\n<meta property=\"og:description\" content=\"PH-L250 Plate Compactor powered by a Loncin engine delivers effective soil and asphalt compaction for driveways, roads, and foundation projects. Medium-duty performance.\" \/>\n<meta property=\"og:url\" content=\"https:\/\/www.hsymachinery.com\/lt\/produktas\/ploksciu-tankintuvas-ph-l250\/\" \/>\n<meta property=\"og:site_name\" content=\"HSY Construction Machinery\" \/>\n<meta property=\"article:modified_time\" content=\"2025-06-28T11:48:05+00:00\" \/>\n<meta property=\"og:image\" content=\"https:\/\/www.hsymachinery.com\/wp-content\/uploads\/2025\/06\/Plate-Compactor-PH-L250.jpg\" \/>\n\t<meta property=\"og:image:width\" content=\"600\" \/>\n\t<meta property=\"og:image:height\" content=\"600\" \/>\n\t<meta property=\"og:image:type\" content=\"image\/jpeg\" \/>\n<meta name=\"twitter:card\" content=\"summary_large_image\" \/>\n<meta name=\"twitter:label1\" content=\"Est. reading time\" \/>\n\t<meta name=\"twitter:data1\" content=\"2 minut\u0117s\" \/>\n<script type=\"application\/ld+json\" class=\"yoast-schema-graph\">{\"@context\":\"https:\/\/schema.org\",\"@graph\":[{\"@type\":\"WebPage\",\"@id\":\"https:\/\/www.hsymachinery.com\/product\/plate-compactor-ph-l250\/\",\"url\":\"https:\/\/www.hsymachinery.com\/product\/plate-compactor-ph-l250\/\",\"name\":\"Plate Compactor PH-L250 - HSY Construction Machinery\",\"isPartOf\":{\"@id\":\"https:\/\/www.hsymachinery.com\/#website\"},\"primaryImageOfPage\":{\"@id\":\"https:\/\/www.hsymachinery.com\/product\/plate-compactor-ph-l250\/#primaryimage\"},\"image\":{\"@id\":\"https:\/\/www.hsymachinery.com\/product\/plate-compactor-ph-l250\/#primaryimage\"},\"thumbnailUrl\":\"https:\/\/www.hsymachinery.com\/wp-content\/uploads\/2025\/06\/Plate-Compactor-PH-L250.jpg\",\"datePublished\":\"2025-06-18T09:02:18+00:00\",\"dateModified\":\"2025-06-28T11:48:05+00:00\",\"description\":\"PH-L250 Plate Compactor powered by a Loncin engine delivers effective soil and asphalt compaction for driveways, roads, and foundation projects. Medium-duty performance.\",\"breadcrumb\":{\"@id\":\"https:\/\/www.hsymachinery.com\/product\/plate-compactor-ph-l250\/#breadcrumb\"},\"inLanguage\":\"lt-LT\",\"potentialAction\":[{\"@type\":\"ReadAction\",\"target\":[\"https:\/\/www.hsymachinery.com\/product\/plate-compactor-ph-l250\/\"]}]},{\"@type\":\"ImageObject\",\"inLanguage\":\"lt-LT\",\"@id\":\"https:\/\/www.hsymachinery.com\/product\/plate-compactor-ph-l250\/#primaryimage\",\"url\":\"https:\/\/www.hsymachinery.com\/wp-content\/uploads\/2025\/06\/Plate-Compactor-PH-L250.jpg\",\"contentUrl\":\"https:\/\/www.hsymachinery.com\/wp-content\/uploads\/2025\/06\/Plate-Compactor-PH-L250.jpg\",\"width\":600,\"height\":600},{\"@type\":\"BreadcrumbList\",\"@id\":\"https:\/\/www.hsymachinery.com\/product\/plate-compactor-ph-l250\/#breadcrumb\",\"itemListElement\":[{\"@type\":\"ListItem\",\"position\":1,\"name\":\"home\",\"item\":\"https:\/\/www.hsymachinery.com\/\"},{\"@type\":\"ListItem\",\"position\":2,\"name\":\"products\",\"item\":\"https:\/\/www.hsymachinery.com\/products\/\"},{\"@type\":\"ListItem\",\"position\":3,\"name\":\"Plate Compactor PH-L250\"}]},{\"@type\":\"WebSite\",\"@id\":\"https:\/\/www.hsymachinery.com\/#website\",\"url\":\"https:\/\/www.hsymachinery.com\/\",\"name\":\"HSY Construction Machinery\",\"description\":\"HSY Machinery \u2013 A leading China construction machinery supplier, offering a wide range of light construction equipment. Our main products include Rebar Cutting Machine, Rebar Bending Machine, Rebar Stirrup Bending Machine, Rebar Arc Bending Machine, Rebar Straightening Machine, Five-Head Rebar Stirrup Bending Machine, Tamping Rammer, Plate Compactor, Concrete Cutter, Power Trowel, and other construction machinery. We are equipped with advanced CNC machines, and we enforce strict quality inspection standards along with comprehensive after-sales service. If you are interested in our products or services, we warmly welcome your inquiries via message.\",\"publisher\":{\"@id\":\"https:\/\/www.hsymachinery.com\/#organization\"},\"potentialAction\":[{\"@type\":\"SearchAction\",\"target\":{\"@type\":\"EntryPoint\",\"urlTemplate\":\"https:\/\/www.hsymachinery.com\/?s={search_term_string}\"},\"query-input\":{\"@type\":\"PropertyValueSpecification\",\"valueRequired\":true,\"valueName\":\"search_term_string\"}}],\"inLanguage\":\"lt-LT\"},{\"@type\":\"Organization\",\"@id\":\"https:\/\/www.hsymachinery.com\/#organization\",\"name\":\"HSY Construction Machinery\",\"url\":\"https:\/\/www.hsymachinery.com\/\",\"logo\":{\"@type\":\"ImageObject\",\"inLanguage\":\"lt-LT\",\"@id\":\"https:\/\/www.hsymachinery.com\/#\/schema\/logo\/image\/\",\"url\":\"https:\/\/www.hsymachinery.com\/wp-content\/uploads\/2025\/06\/cropped-HSY-machinery.png\",\"contentUrl\":\"https:\/\/www.hsymachinery.com\/wp-content\/uploads\/2025\/06\/cropped-HSY-machinery.png\",\"width\":600,\"height\":240,\"caption\":\"HSY Construction Machinery\"},\"image\":{\"@id\":\"https:\/\/www.hsymachinery.com\/#\/schema\/logo\/image\/\"}}]}<\/script>\n<!-- \/ Yoast SEO plugin. -->","yoast_head_json":{"title":"Plok\u0161t\u0117s tankintuvas PH-L250 - HSY statybin\u0117s ma\u0161inos","description":"PH-L250 plok\u0161telinis tankintuvas, varomas \"Loncin\" variklio, efektyviai sutankina dirvo\u017eem\u012f ir asfalt\u0105 va\u017eiuojamosios dalies, keli\u0173 ir pamat\u0173 projektuose. Vidutinio sunkumo na\u0161umas.","robots":{"index":"index","follow":"follow","max-snippet":"max-snippet:-1","max-image-preview":"max-image-preview:large","max-video-preview":"max-video-preview:-1"},"canonical":"https:\/\/www.hsymachinery.com\/lt\/produktas\/ploksciu-tankintuvas-ph-l250\/","og_locale":"lt_LT","og_type":"article","og_title":"Plate Compactor PH-L250 - HSY Construction Machinery","og_description":"PH-L250 Plate Compactor powered by a Loncin engine delivers effective soil and asphalt compaction for driveways, roads, and foundation projects. Medium-duty performance.","og_url":"https:\/\/www.hsymachinery.com\/lt\/produktas\/ploksciu-tankintuvas-ph-l250\/","og_site_name":"HSY Construction Machinery","article_modified_time":"2025-06-28T11:48:05+00:00","og_image":[{"width":600,"height":600,"url":"https:\/\/www.hsymachinery.com\/wp-content\/uploads\/2025\/06\/Plate-Compactor-PH-L250.jpg","type":"image\/jpeg"}],"twitter_card":"summary_large_image","twitter_misc":{"Est. reading time":"2 minut\u0117s"},"schema":{"@context":"https:\/\/schema.org","@graph":[{"@type":"WebPage","@id":"https:\/\/www.hsymachinery.com\/product\/plate-compactor-ph-l250\/","url":"https:\/\/www.hsymachinery.com\/product\/plate-compactor-ph-l250\/","name":"Plok\u0161t\u0117s tankintuvas PH-L250 - HSY statybin\u0117s ma\u0161inos","isPartOf":{"@id":"https:\/\/www.hsymachinery.com\/#website"},"primaryImageOfPage":{"@id":"https:\/\/www.hsymachinery.com\/product\/plate-compactor-ph-l250\/#primaryimage"},"image":{"@id":"https:\/\/www.hsymachinery.com\/product\/plate-compactor-ph-l250\/#primaryimage"},"thumbnailUrl":"https:\/\/www.hsymachinery.com\/wp-content\/uploads\/2025\/06\/Plate-Compactor-PH-L250.jpg","datePublished":"2025-06-18T09:02:18+00:00","dateModified":"2025-06-28T11:48:05+00:00","description":"PH-L250 plok\u0161telinis tankintuvas, varomas \"Loncin\" variklio, efektyviai sutankina dirvo\u017eem\u012f ir asfalt\u0105 va\u017eiuojamosios dalies, keli\u0173 ir pamat\u0173 projektuose. Vidutinio sunkumo na\u0161umas.","breadcrumb":{"@id":"https:\/\/www.hsymachinery.com\/product\/plate-compactor-ph-l250\/#breadcrumb"},"inLanguage":"lt-LT","potentialAction":[{"@type":"ReadAction","target":["https:\/\/www.hsymachinery.com\/product\/plate-compactor-ph-l250\/"]}]},{"@type":"ImageObject","inLanguage":"lt-LT","@id":"https:\/\/www.hsymachinery.com\/product\/plate-compactor-ph-l250\/#primaryimage","url":"https:\/\/www.hsymachinery.com\/wp-content\/uploads\/2025\/06\/Plate-Compactor-PH-L250.jpg","contentUrl":"https:\/\/www.hsymachinery.com\/wp-content\/uploads\/2025\/06\/Plate-Compactor-PH-L250.jpg","width":600,"height":600},{"@type":"BreadcrumbList","@id":"https:\/\/www.hsymachinery.com\/product\/plate-compactor-ph-l250\/#breadcrumb","itemListElement":[{"@type":"ListItem","position":1,"name":"home","item":"https:\/\/www.hsymachinery.com\/"},{"@type":"ListItem","position":2,"name":"products","item":"https:\/\/www.hsymachinery.com\/products\/"},{"@type":"ListItem","position":3,"name":"Plate Compactor PH-L250"}]},{"@type":"WebSite","@id":"https:\/\/www.hsymachinery.com\/#website","url":"https:\/\/www.hsymachinery.com\/","name":"HSY statybin\u0117s ma\u0161inos","description":"\"HSY Machinery\" - pirmaujanti Kinijos statybos ma\u0161in\u0173 tiek\u0117ja, si\u016blanti plat\u0173 lengvosios statybos \u012frangos asortiment\u0105. Pagrindiniai m\u016bs\u0173 produktai - armat\u016bros pjovimo stakl\u0117s, armat\u016bros lenkimo stakl\u0117s, armat\u016bros stryp\u0173 lenkimo stakl\u0117s, armat\u016bros lanko lenkimo stakl\u0117s, armat\u016bros tiesinimo stakl\u0117s, penki\u0173 galvu\u010di\u0173 armat\u016bros stryp\u0173 lenkimo stakl\u0117s, tankinimo plaktukas, plok\u0161\u010di\u0173 tankintuvas, betono pjaustykl\u0117, elektrin\u0117 mentele ir kita statybin\u0117 technika. Turime pa\u017eangias CNC stakles, taikome grie\u017etus kokyb\u0117s tikrinimo standartus ir teikiame visapusi\u0161kas garantinio aptarnavimo paslaugas. Jei jus domina m\u016bs\u0173 gaminiai ar paslaugos, maloniai laukiame j\u016bs\u0173 u\u017eklaus\u0173 \u017einute.","publisher":{"@id":"https:\/\/www.hsymachinery.com\/#organization"},"potentialAction":[{"@type":"SearchAction","target":{"@type":"EntryPoint","urlTemplate":"https:\/\/www.hsymachinery.com\/?s={search_term_string}"},"query-input":{"@type":"PropertyValueSpecification","valueRequired":true,"valueName":"search_term_string"}}],"inLanguage":"lt-LT"},{"@type":"Organization","@id":"https:\/\/www.hsymachinery.com\/#organization","name":"HSY statybin\u0117s ma\u0161inos","url":"https:\/\/www.hsymachinery.com\/","logo":{"@type":"ImageObject","inLanguage":"lt-LT","@id":"https:\/\/www.hsymachinery.com\/#\/schema\/logo\/image\/","url":"https:\/\/www.hsymachinery.com\/wp-content\/uploads\/2025\/06\/cropped-HSY-machinery.png","contentUrl":"https:\/\/www.hsymachinery.com\/wp-content\/uploads\/2025\/06\/cropped-HSY-machinery.png","width":600,"height":240,"caption":"HSY Construction Machinery"},"image":{"@id":"https:\/\/www.hsymachinery.com\/#\/schema\/logo\/image\/"}}]}},"_links":{"self":[{"href":"https:\/\/www.hsymachinery.com\/lt\/wp-json\/wp\/v2\/product\/9112","targetHints":{"allow":["GET"]}}],"collection":[{"href":"https:\/\/www.hsymachinery.com\/lt\/wp-json\/wp\/v2\/product"}],"about":[{"href":"https:\/\/www.hsymachinery.com\/lt\/wp-json\/wp\/v2\/types\/product"}],"version-history":[{"count":3,"href":"https:\/\/www.hsymachinery.com\/lt\/wp-json\/wp\/v2\/product\/9112\/revisions"}],"predecessor-version":[{"id":9531,"href":"https:\/\/www.hsymachinery.com\/lt\/wp-json\/wp\/v2\/product\/9112\/revisions\/9531"}],"wp:featuredmedia":[{"embeddable":true,"href":"https:\/\/www.hsymachinery.com\/lt\/wp-json\/wp\/v2\/media\/9113"}],"wp:attachment":[{"href":"https:\/\/www.hsymachinery.com\/lt\/wp-json\/wp\/v2\/media?parent=9112"}],"wp:term":[{"taxonomy":"product_brand","embeddable":true,"href":"https:\/\/www.hsymachinery.com\/lt\/wp-json\/wp\/v2\/product_brand?post=9112"},{"taxonomy":"product_cat","embeddable":true,"href":"https:\/\/www.hsymachinery.com\/lt\/wp-json\/wp\/v2\/product_cat?post=9112"},{"taxonomy":"product_tag","embeddable":true,"href":"https:\/\/www.hsymachinery.com\/lt\/wp-json\/wp\/v2\/product_tag?post=9112"}],"curies":[{"name":"wp","href":"https:\/\/api.w.org\/{rel}","templated":true}]}}