{"id":9106,"date":"2025-06-18T16:51:52","date_gmt":"2025-06-18T08:51:52","guid":{"rendered":"https:\/\/www.hsymachinery.com\/?post_type=product&#038;p=9106"},"modified":"2025-06-28T19:43:49","modified_gmt":"2025-06-28T11:43:49","slug":"plokstinis-tankintuvas-ph-c90","status":"publish","type":"product","link":"https:\/\/www.hsymachinery.com\/lt\/produktas\/plokstinis-tankintuvas-ph-c90\/","title":{"rendered":"Plok\u0161tinis tankintuvas PH-C90"},"content":{"rendered":"<h2 data-start=\"95\" data-end=\"125\">Plok\u0161tinis tankintuvas PH-C90<\/h2>\n<h3 data-start=\"126\" data-end=\"239\">PH-C90 dyzelinis plok\u0161\u010di\u0173 tankintuvas | Taupiai degalus naudojantis grunto tankintuvas, skirtas grindiniui, pamatams ir siauroms darbo vietoms<\/h3>\n<h3 data-start=\"246\" data-end=\"321\">Produkto ap\u017evalga - didelio sukimo momento dyzelinio variklio na\u0161umas kompakti\u0161kame r\u0117melyje<a href=\"https:\/\/www.hsymachinery.com\/lt\/produktai\/ploksciu-tankintuvas\/\" target=\"_blank\" rel=\"noopener\"><img fetchpriority=\"high\" decoding=\"async\" class=\"wp-image-9111 alignright\" src=\"https:\/\/www.hsymachinery.com\/wp-content\/uploads\/2025\/06\/Plate-Compactor-PH-C90-e1750237307839-300x300.jpg\" alt=\"\" width=\"459\" height=\"459\" srcset=\"https:\/\/www.hsymachinery.com\/wp-content\/uploads\/2025\/06\/Plate-Compactor-PH-C90-e1750237307839-300x300.jpg 300w, https:\/\/www.hsymachinery.com\/wp-content\/uploads\/2025\/06\/Plate-Compactor-PH-C90-e1750237307839-150x150.jpg 150w, https:\/\/www.hsymachinery.com\/wp-content\/uploads\/2025\/06\/Plate-Compactor-PH-C90-e1750237307839-100x100.jpg 100w, https:\/\/www.hsymachinery.com\/wp-content\/uploads\/2025\/06\/Plate-Compactor-PH-C90-e1750237307839.jpg 600w\" sizes=\"(max-width: 459px) 100vw, 459px\" \/><\/a><\/h3>\n<p data-start=\"323\" data-end=\"610\">Svetain\u0117 <strong data-start=\"327\" data-end=\"353\">PH-C90 plok\u0161telinis tankintuvas<\/strong> varomas tvirtu dyzeliniu varikliu, u\u017etikrinan\u010diu didel\u0119 tankinimo j\u0117g\u0105 ir puik\u0173 degal\u0173 naudojimo efektyvum\u0105. Jis idealiai tinka tokiems darbams, kaip va\u017eiuojamosios dalies paruo\u0161imas, \u0161aligatvi\u0173 remontas, trinkeli\u0173 lyginimas ir pamat\u0173 pagrindo tankinimas.<\/p>\n<p data-start=\"612\" data-end=\"828\">\u0160is modelis, skirtas rangovams, kuriems reikia patikimo, ma\u017eai prie\u017ei\u016bros reikalaujan\u010dio sprendimo tose vietov\u0117se, kur benzinas gali b\u016bti brangus arba ribojamas, i\u0161siskiria darbo efektyvumu ir dideliu na\u0161umu dirbant \u0161iurk\u0161\u010diame dirvo\u017eemyje.<\/p>\n<h3 data-start=\"835\" data-end=\"898\">Patikimas veikimas, ilga veikimo trukm\u0117 ir ma\u017eos eksploatavimo s\u0105naudos<\/h3>\n<p data-start=\"900\" data-end=\"1176\">D\u0117l dyzelin\u0117s j\u0117gain\u0117s PH-C90 i\u0161vystomas stabilus sukimo momentas, net ir dirbant tankiame ar dr\u0117gname grunte. Jo stora plienin\u0117 tankinimo plok\u0161t\u0117 u\u017etikrina skland\u017ei\u0105 apdail\u0105, o sm\u016bgius amortizuojanti rankena padidina operatoriaus komfort\u0105 ilgesnio naudojimo metu.<\/p>\n<p data-start=\"1178\" data-end=\"1311\">D\u0117l ma\u017eesni\u0173 degal\u0173 s\u0105naud\u0173 ir ilgesnio darbo laiko su vienu pripildymu PH-C90 sutrumpina prastovas ir padeda dirbti ilgas darbo dienas lauko s\u0105lygomis.<\/p>\n<h3 data-start=\"1318\" data-end=\"1371\">Sukurtas nutolusiems projektams ir sunkiems dirvo\u017eemiams<\/h3>\n<p data-start=\"1373\" data-end=\"1712\">Nesvarbu, ar dirbate kaimo keliukuose, kieto dirvo\u017eemio zonose, ar projektuose vietov\u0117se, kur n\u0117ra patogios prieigos prie benzino, PH-C90 veikia be kompromis\u0173. D\u0117l tvirtos konstrukcijos, vibracijai atsparios konstrukcijos ir minimali\u0173 technin\u0117s prie\u017ei\u016bros reikalavim\u0173 jis puikiai tinka statybinink\u0173 brigadoms, dirban\u010dioms atokiose ar sud\u0117tingose vietose.<\/p>\n<h3 data-start=\"1719\" data-end=\"1770\">Pagrindin\u0117s PH-C90 dyzelinio plok\u0161\u010di\u0173 tankintuvo savyb\u0117s<\/h3>\n<ul data-start=\"1772\" data-end=\"2084\">\n<li data-start=\"1772\" data-end=\"1837\">\n<p data-start=\"1774\" data-end=\"1837\">Ilgesniam darbui naudojamas degalus taupantis dyzelinis variklis<\/p>\n<\/li>\n<li data-start=\"1838\" data-end=\"1902\">\n<p data-start=\"1840\" data-end=\"1902\">Galingas tankinimas siaurose ir vidutin\u0117se darbo zonose<\/p>\n<\/li>\n<li data-start=\"1903\" data-end=\"1972\">\n<p data-start=\"1905\" data-end=\"1972\">Idealiai tinka pagrindo tankinimui, dangos remontui ir lauko darbams<\/p>\n<\/li>\n<li data-start=\"1973\" data-end=\"2034\">\n<p data-start=\"1975\" data-end=\"2034\">Didelio atsparumo plienin\u0117 plok\u0161t\u0117 u\u017etikrina pastovi\u0105 pavir\u0161iaus kokyb\u0119<\/p>\n<\/li>\n<li data-start=\"2035\" data-end=\"2084\">\n<p data-start=\"2037\" data-end=\"2084\">Patikimas veikimas ir ma\u017eos kasdien\u0117s degal\u0173 s\u0105naudos<\/p>\n<\/li>\n<\/ul>\n<p><iframe title=\"tankintuvas, tankinimo plaktukas, tamperis, plok\u0161\u010di\u0173 tankintuvas, statybin\u0117 vibracija, tankinimo ma\u0161ina.#tamping\" width=\"720\" height=\"405\" src=\"https:\/\/www.youtube.com\/embed\/kHw7Cpv12Zs?feature=oembed\" frameborder=\"0\" allow=\"accelerometer; autoplay; clipboard-write; encrypted-media; gyroscope; picture-in-picture; web-share\" referrerpolicy=\"strict-origin-when-cross-origin\" allowfullscreen><\/iframe><\/p>","protected":false},"excerpt":{"rendered":"<p>PH-C90 dyzelinis plok\u0161\u010di\u0173 tankintuvas stipriai ir taupiai tankina dirvo\u017eem\u012f grindiniams, \u0161aligatviams ir pamat\u0173 pagrindams. Sukurtas sunkiam gruntui ir ilgoms darbo valandoms.<\/p>","protected":false},"featured_media":9111,"template":"","meta":{"_kad_post_transparent":"default","_kad_post_title":"","_kad_post_layout":"default","_kad_post_sidebar_id":"","_kad_post_content_style":"default","_kad_post_vertical_padding":"default","_kad_post_feature":"","_kad_post_feature_position":"","_kad_post_header":false,"_kad_post_footer":false},"product_brand":[],"product_cat":[59],"product_tag":[1066,1062,1065,1070,1069,1063,1067,1064,1061,1068],"class_list":{"0":"post-9106","1":"product","2":"type-product","3":"status-publish","4":"has-post-thumbnail","6":"product_cat-plate-compactor","7":"product_tag-diesel-plate-compactor","8":"product_tag-forward-plate-compactor","9":"product_tag-gasoline-plate-compactor","10":"product_tag-heavy-duty-plate-compactor","11":"product_tag-plate-compactor-for-asphalt","12":"product_tag-reversible-plate-compactor","13":"product_tag-road-construction-compactor","14":"product_tag-soil-plate-compactor","15":"product_tag-vibratory-plate-compactor","16":"product_tag-walk-behind-plate-compactor","18":"first","19":"instock","20":"shipping-taxable","21":"product-type-simple","22":"entry","23":"content-bg","24":"loop-entry"},"yoast_head":"<!-- This site is optimized with the Yoast SEO plugin v25.3.1 - https:\/\/yoast.com\/wordpress\/plugins\/seo\/ -->\n<title>Plate Compactor PH-C90 - HSY Construction Machinery<\/title>\n<meta name=\"description\" content=\"PH-C90 Diesel Plate Compactor offers high-impact, low-cost soil compaction for construction, pavement repair, and hard soil preparation. Built for long runtime.\" \/>\n<meta name=\"robots\" content=\"index, follow, max-snippet:-1, max-image-preview:large, max-video-preview:-1\" \/>\n<link rel=\"canonical\" href=\"https:\/\/www.hsymachinery.com\/lt\/produktas\/plokstinis-tankintuvas-ph-c90\/\" \/>\n<meta property=\"og:locale\" content=\"lt_LT\" \/>\n<meta property=\"og:type\" content=\"article\" \/>\n<meta property=\"og:title\" content=\"Plate Compactor PH-C90 - HSY Construction Machinery\" \/>\n<meta property=\"og:description\" content=\"PH-C90 Diesel Plate Compactor offers high-impact, low-cost soil compaction for construction, pavement repair, and hard soil preparation. Built for long runtime.\" \/>\n<meta property=\"og:url\" content=\"https:\/\/www.hsymachinery.com\/lt\/produktas\/plokstinis-tankintuvas-ph-c90\/\" \/>\n<meta property=\"og:site_name\" content=\"HSY Construction Machinery\" \/>\n<meta property=\"article:modified_time\" content=\"2025-06-28T11:43:49+00:00\" \/>\n<meta property=\"og:image\" content=\"https:\/\/www.hsymachinery.com\/wp-content\/uploads\/2025\/06\/Plate-Compactor-PH-C90-e1750237307839.jpg\" \/>\n\t<meta property=\"og:image:width\" content=\"600\" \/>\n\t<meta property=\"og:image:height\" content=\"600\" \/>\n\t<meta property=\"og:image:type\" content=\"image\/jpeg\" \/>\n<meta name=\"twitter:card\" content=\"summary_large_image\" \/>\n<meta name=\"twitter:label1\" content=\"Est. reading time\" \/>\n\t<meta name=\"twitter:data1\" content=\"2 minut\u0117s\" \/>\n<script type=\"application\/ld+json\" class=\"yoast-schema-graph\">{\"@context\":\"https:\/\/schema.org\",\"@graph\":[{\"@type\":\"WebPage\",\"@id\":\"https:\/\/www.hsymachinery.com\/product\/plate-compactor-ph-c90\/\",\"url\":\"https:\/\/www.hsymachinery.com\/product\/plate-compactor-ph-c90\/\",\"name\":\"Plate Compactor PH-C90 - HSY Construction Machinery\",\"isPartOf\":{\"@id\":\"https:\/\/www.hsymachinery.com\/#website\"},\"primaryImageOfPage\":{\"@id\":\"https:\/\/www.hsymachinery.com\/product\/plate-compactor-ph-c90\/#primaryimage\"},\"image\":{\"@id\":\"https:\/\/www.hsymachinery.com\/product\/plate-compactor-ph-c90\/#primaryimage\"},\"thumbnailUrl\":\"https:\/\/www.hsymachinery.com\/wp-content\/uploads\/2025\/06\/Plate-Compactor-PH-C90-e1750237307839.jpg\",\"datePublished\":\"2025-06-18T08:51:52+00:00\",\"dateModified\":\"2025-06-28T11:43:49+00:00\",\"description\":\"PH-C90 Diesel Plate Compactor offers high-impact, low-cost soil compaction for construction, pavement repair, and hard soil preparation. Built for long runtime.\",\"breadcrumb\":{\"@id\":\"https:\/\/www.hsymachinery.com\/product\/plate-compactor-ph-c90\/#breadcrumb\"},\"inLanguage\":\"lt-LT\",\"potentialAction\":[{\"@type\":\"ReadAction\",\"target\":[\"https:\/\/www.hsymachinery.com\/product\/plate-compactor-ph-c90\/\"]}]},{\"@type\":\"ImageObject\",\"inLanguage\":\"lt-LT\",\"@id\":\"https:\/\/www.hsymachinery.com\/product\/plate-compactor-ph-c90\/#primaryimage\",\"url\":\"https:\/\/www.hsymachinery.com\/wp-content\/uploads\/2025\/06\/Plate-Compactor-PH-C90-e1750237307839.jpg\",\"contentUrl\":\"https:\/\/www.hsymachinery.com\/wp-content\/uploads\/2025\/06\/Plate-Compactor-PH-C90-e1750237307839.jpg\",\"width\":600,\"height\":600},{\"@type\":\"BreadcrumbList\",\"@id\":\"https:\/\/www.hsymachinery.com\/product\/plate-compactor-ph-c90\/#breadcrumb\",\"itemListElement\":[{\"@type\":\"ListItem\",\"position\":1,\"name\":\"home\",\"item\":\"https:\/\/www.hsymachinery.com\/\"},{\"@type\":\"ListItem\",\"position\":2,\"name\":\"products\",\"item\":\"https:\/\/www.hsymachinery.com\/products\/\"},{\"@type\":\"ListItem\",\"position\":3,\"name\":\"Plate Compactor PH-C90\"}]},{\"@type\":\"WebSite\",\"@id\":\"https:\/\/www.hsymachinery.com\/#website\",\"url\":\"https:\/\/www.hsymachinery.com\/\",\"name\":\"HSY Construction Machinery\",\"description\":\"HSY Machinery \u2013 A leading China construction machinery supplier, offering a wide range of light construction equipment. Our main products include Rebar Cutting Machine, Rebar Bending Machine, Rebar Stirrup Bending Machine, Rebar Arc Bending Machine, Rebar Straightening Machine, Five-Head Rebar Stirrup Bending Machine, Tamping Rammer, Plate Compactor, Concrete Cutter, Power Trowel, and other construction machinery. We are equipped with advanced CNC machines, and we enforce strict quality inspection standards along with comprehensive after-sales service. If you are interested in our products or services, we warmly welcome your inquiries via message.\",\"publisher\":{\"@id\":\"https:\/\/www.hsymachinery.com\/#organization\"},\"potentialAction\":[{\"@type\":\"SearchAction\",\"target\":{\"@type\":\"EntryPoint\",\"urlTemplate\":\"https:\/\/www.hsymachinery.com\/?s={search_term_string}\"},\"query-input\":{\"@type\":\"PropertyValueSpecification\",\"valueRequired\":true,\"valueName\":\"search_term_string\"}}],\"inLanguage\":\"lt-LT\"},{\"@type\":\"Organization\",\"@id\":\"https:\/\/www.hsymachinery.com\/#organization\",\"name\":\"HSY Construction Machinery\",\"url\":\"https:\/\/www.hsymachinery.com\/\",\"logo\":{\"@type\":\"ImageObject\",\"inLanguage\":\"lt-LT\",\"@id\":\"https:\/\/www.hsymachinery.com\/#\/schema\/logo\/image\/\",\"url\":\"https:\/\/www.hsymachinery.com\/wp-content\/uploads\/2025\/06\/cropped-HSY-machinery.png\",\"contentUrl\":\"https:\/\/www.hsymachinery.com\/wp-content\/uploads\/2025\/06\/cropped-HSY-machinery.png\",\"width\":600,\"height\":240,\"caption\":\"HSY Construction Machinery\"},\"image\":{\"@id\":\"https:\/\/www.hsymachinery.com\/#\/schema\/logo\/image\/\"}}]}<\/script>\n<!-- \/ Yoast SEO plugin. -->","yoast_head_json":{"title":"Plok\u0161tinis tankintuvas PH-C90 - HSY statybin\u0117s ma\u0161inos","description":"PH-C90 dyzelinis plok\u0161telinis tankintuvas si\u016blo didelio poveikio ir nebrang\u0173 grunto tankinim\u0105 statybose, remontuojant dangas ir ruo\u0161iant kiet\u0105 grunt\u0105. Sukurtas ilgam darbo laikui.","robots":{"index":"index","follow":"follow","max-snippet":"max-snippet:-1","max-image-preview":"max-image-preview:large","max-video-preview":"max-video-preview:-1"},"canonical":"https:\/\/www.hsymachinery.com\/lt\/produktas\/plokstinis-tankintuvas-ph-c90\/","og_locale":"lt_LT","og_type":"article","og_title":"Plate Compactor PH-C90 - HSY Construction Machinery","og_description":"PH-C90 Diesel Plate Compactor offers high-impact, low-cost soil compaction for construction, pavement repair, and hard soil preparation. Built for long runtime.","og_url":"https:\/\/www.hsymachinery.com\/lt\/produktas\/plokstinis-tankintuvas-ph-c90\/","og_site_name":"HSY Construction Machinery","article_modified_time":"2025-06-28T11:43:49+00:00","og_image":[{"width":600,"height":600,"url":"https:\/\/www.hsymachinery.com\/wp-content\/uploads\/2025\/06\/Plate-Compactor-PH-C90-e1750237307839.jpg","type":"image\/jpeg"}],"twitter_card":"summary_large_image","twitter_misc":{"Est. reading time":"2 minut\u0117s"},"schema":{"@context":"https:\/\/schema.org","@graph":[{"@type":"WebPage","@id":"https:\/\/www.hsymachinery.com\/product\/plate-compactor-ph-c90\/","url":"https:\/\/www.hsymachinery.com\/product\/plate-compactor-ph-c90\/","name":"Plok\u0161tinis tankintuvas PH-C90 - HSY statybin\u0117s ma\u0161inos","isPartOf":{"@id":"https:\/\/www.hsymachinery.com\/#website"},"primaryImageOfPage":{"@id":"https:\/\/www.hsymachinery.com\/product\/plate-compactor-ph-c90\/#primaryimage"},"image":{"@id":"https:\/\/www.hsymachinery.com\/product\/plate-compactor-ph-c90\/#primaryimage"},"thumbnailUrl":"https:\/\/www.hsymachinery.com\/wp-content\/uploads\/2025\/06\/Plate-Compactor-PH-C90-e1750237307839.jpg","datePublished":"2025-06-18T08:51:52+00:00","dateModified":"2025-06-28T11:43:49+00:00","description":"PH-C90 dyzelinis plok\u0161telinis tankintuvas si\u016blo didelio poveikio ir nebrang\u0173 grunto tankinim\u0105 statybose, remontuojant dangas ir ruo\u0161iant kiet\u0105 grunt\u0105. Sukurtas ilgam darbo laikui.","breadcrumb":{"@id":"https:\/\/www.hsymachinery.com\/product\/plate-compactor-ph-c90\/#breadcrumb"},"inLanguage":"lt-LT","potentialAction":[{"@type":"ReadAction","target":["https:\/\/www.hsymachinery.com\/product\/plate-compactor-ph-c90\/"]}]},{"@type":"ImageObject","inLanguage":"lt-LT","@id":"https:\/\/www.hsymachinery.com\/product\/plate-compactor-ph-c90\/#primaryimage","url":"https:\/\/www.hsymachinery.com\/wp-content\/uploads\/2025\/06\/Plate-Compactor-PH-C90-e1750237307839.jpg","contentUrl":"https:\/\/www.hsymachinery.com\/wp-content\/uploads\/2025\/06\/Plate-Compactor-PH-C90-e1750237307839.jpg","width":600,"height":600},{"@type":"BreadcrumbList","@id":"https:\/\/www.hsymachinery.com\/product\/plate-compactor-ph-c90\/#breadcrumb","itemListElement":[{"@type":"ListItem","position":1,"name":"home","item":"https:\/\/www.hsymachinery.com\/"},{"@type":"ListItem","position":2,"name":"products","item":"https:\/\/www.hsymachinery.com\/products\/"},{"@type":"ListItem","position":3,"name":"Plate Compactor PH-C90"}]},{"@type":"WebSite","@id":"https:\/\/www.hsymachinery.com\/#website","url":"https:\/\/www.hsymachinery.com\/","name":"HSY statybin\u0117s ma\u0161inos","description":"\"HSY Machinery\" - pirmaujanti Kinijos statybos ma\u0161in\u0173 tiek\u0117ja, si\u016blanti plat\u0173 lengvosios statybos \u012frangos asortiment\u0105. Pagrindiniai m\u016bs\u0173 produktai - armat\u016bros pjovimo stakl\u0117s, armat\u016bros lenkimo stakl\u0117s, armat\u016bros stryp\u0173 lenkimo stakl\u0117s, armat\u016bros lanko lenkimo stakl\u0117s, armat\u016bros tiesinimo stakl\u0117s, penki\u0173 galvu\u010di\u0173 armat\u016bros stryp\u0173 lenkimo stakl\u0117s, tankinimo plaktukas, plok\u0161\u010di\u0173 tankintuvas, betono pjaustykl\u0117, elektrin\u0117 mentele ir kita statybin\u0117 technika. Turime pa\u017eangias CNC stakles, taikome grie\u017etus kokyb\u0117s tikrinimo standartus ir teikiame visapusi\u0161kas garantinio aptarnavimo paslaugas. Jei jus domina m\u016bs\u0173 gaminiai ar paslaugos, maloniai laukiame j\u016bs\u0173 u\u017eklaus\u0173 \u017einute.","publisher":{"@id":"https:\/\/www.hsymachinery.com\/#organization"},"potentialAction":[{"@type":"SearchAction","target":{"@type":"EntryPoint","urlTemplate":"https:\/\/www.hsymachinery.com\/?s={search_term_string}"},"query-input":{"@type":"PropertyValueSpecification","valueRequired":true,"valueName":"search_term_string"}}],"inLanguage":"lt-LT"},{"@type":"Organization","@id":"https:\/\/www.hsymachinery.com\/#organization","name":"HSY statybin\u0117s ma\u0161inos","url":"https:\/\/www.hsymachinery.com\/","logo":{"@type":"ImageObject","inLanguage":"lt-LT","@id":"https:\/\/www.hsymachinery.com\/#\/schema\/logo\/image\/","url":"https:\/\/www.hsymachinery.com\/wp-content\/uploads\/2025\/06\/cropped-HSY-machinery.png","contentUrl":"https:\/\/www.hsymachinery.com\/wp-content\/uploads\/2025\/06\/cropped-HSY-machinery.png","width":600,"height":240,"caption":"HSY Construction Machinery"},"image":{"@id":"https:\/\/www.hsymachinery.com\/#\/schema\/logo\/image\/"}}]}},"_links":{"self":[{"href":"https:\/\/www.hsymachinery.com\/lt\/wp-json\/wp\/v2\/product\/9106","targetHints":{"allow":["GET"]}}],"collection":[{"href":"https:\/\/www.hsymachinery.com\/lt\/wp-json\/wp\/v2\/product"}],"about":[{"href":"https:\/\/www.hsymachinery.com\/lt\/wp-json\/wp\/v2\/types\/product"}],"version-history":[{"count":3,"href":"https:\/\/www.hsymachinery.com\/lt\/wp-json\/wp\/v2\/product\/9106\/revisions"}],"predecessor-version":[{"id":9529,"href":"https:\/\/www.hsymachinery.com\/lt\/wp-json\/wp\/v2\/product\/9106\/revisions\/9529"}],"wp:featuredmedia":[{"embeddable":true,"href":"https:\/\/www.hsymachinery.com\/lt\/wp-json\/wp\/v2\/media\/9111"}],"wp:attachment":[{"href":"https:\/\/www.hsymachinery.com\/lt\/wp-json\/wp\/v2\/media?parent=9106"}],"wp:term":[{"taxonomy":"product_brand","embeddable":true,"href":"https:\/\/www.hsymachinery.com\/lt\/wp-json\/wp\/v2\/product_brand?post=9106"},{"taxonomy":"product_cat","embeddable":true,"href":"https:\/\/www.hsymachinery.com\/lt\/wp-json\/wp\/v2\/product_cat?post=9106"},{"taxonomy":"product_tag","embeddable":true,"href":"https:\/\/www.hsymachinery.com\/lt\/wp-json\/wp\/v2\/product_tag?post=9106"}],"curies":[{"name":"wp","href":"https:\/\/api.w.org\/{rel}","templated":true}]}}