{"id":9088,"date":"2025-06-18T16:30:42","date_gmt":"2025-06-18T08:30:42","guid":{"rendered":"https:\/\/www.hsymachinery.com\/?post_type=product&#038;p=9088"},"modified":"2025-06-28T15:43:26","modified_gmt":"2025-06-28T07:43:26","slug":"tankinimo-plaktukas-ch-l125","status":"publish","type":"product","link":"https:\/\/www.hsymachinery.com\/lt\/produktas\/tankinimo-plaktukas-ch-l125\/","title":{"rendered":"Tankinimo plaktukas CH-L125"},"content":{"rendered":"<h2 data-start=\"111\" data-end=\"141\">Tankinimo plaktukas CH-L125<\/h2>\n<h3 data-start=\"142\" data-end=\"261\">CH-L125 \"Loncin\" benzininis tankinimo plaktukas | Galingas ir mobilus grunto tankintuvas pamatams, tran\u0161\u0117joms ir kra\u0161tovaizd\u017eio formavimui<\/h3>\n<h3 data-start=\"268\" data-end=\"353\">Gaminio ap\u017evalga - didelio na\u0161umo dujinis plaktuvas, skirtas \u012fvairiems darbams statybviet\u0117se<a href=\"https:\/\/www.hsymachinery.com\/lt\/produktai\/tankinimo-plaktukas\/\" target=\"_blank\" rel=\"noopener\"><img fetchpriority=\"high\" decoding=\"async\" class=\"wp-image-9089 alignright\" src=\"https:\/\/www.hsymachinery.com\/wp-content\/uploads\/2025\/06\/Tamping-Rammer-CH-L125-300x300.jpg\" alt=\"\" width=\"469\" height=\"469\" srcset=\"https:\/\/www.hsymachinery.com\/wp-content\/uploads\/2025\/06\/Tamping-Rammer-CH-L125-300x300.jpg 300w, https:\/\/www.hsymachinery.com\/wp-content\/uploads\/2025\/06\/Tamping-Rammer-CH-L125-150x150.jpg 150w, https:\/\/www.hsymachinery.com\/wp-content\/uploads\/2025\/06\/Tamping-Rammer-CH-L125-768x768.jpg 768w, https:\/\/www.hsymachinery.com\/wp-content\/uploads\/2025\/06\/Tamping-Rammer-CH-L125-600x600.jpg 600w, https:\/\/www.hsymachinery.com\/wp-content\/uploads\/2025\/06\/Tamping-Rammer-CH-L125-100x100.jpg 100w, https:\/\/www.hsymachinery.com\/wp-content\/uploads\/2025\/06\/Tamping-Rammer-CH-L125.jpg 800w\" sizes=\"(max-width: 469px) 100vw, 469px\" \/><\/a><\/h3>\n<p data-start=\"355\" data-end=\"751\">Svetain\u0117 <strong data-start=\"359\" data-end=\"385\">CH-L125 tankinimo plaktukas<\/strong> tai galinga, taupiai degalus naudojanti ma\u0161ina, varoma patikimo \"Loncin\" 4 takt\u0173 benzininio variklio. Sukurtas statyb\u0173 aik\u0161tel\u0117ms, komunalin\u0117ms tran\u0161\u0117joms, kra\u0161tovaizd\u017eio formavimui ir keli\u0173 lopymui, jis u\u017etikrina tvirt\u0105 sutankinim\u0105 ir i\u0161lieka labai manevringas. D\u0117l sustiprintos konstrukcijos ir gerai subalansuoto k\u0117bulo jis idealiai tinka ir rangovams, ir nuomos \u012fmon\u0117ms.<\/p>\n<p data-start=\"753\" data-end=\"870\">\u0160is modelis padeda u\u017epildyti atotr\u016bk\u012f tarp lengvo ne\u0161iojamumo ir stipraus pl\u016bkimo na\u0161umo vidutin\u0117ms ir didel\u0117ms darbo apkrovoms.<\/p>\n<h3 data-start=\"877\" data-end=\"933\">Sklandus paleidimas, ilgas veikimo laikas ir pastovi j\u0117ga<\/h3>\n<p data-start=\"935\" data-end=\"1253\">CH-L125 turi \"Loncin\" varikl\u012f, pasi\u017eymint\u012f greitu u\u017esidegimu ir ekonomi\u0161ku degal\u0173 naudojimu, tod\u0117l CH-L125 gali veikti ilgai, neperkaisti ir neprarasti na\u0161umo. Jame sumontuotas patvarus, dilimui atsparus tamprinimo batas, patikima atbulinio paleidimo sistema ir daugiasluoksn\u0117 sm\u016bgi\u0173 izoliacijos konstrukcija, u\u017etikrinanti operatoriaus komfort\u0105.<\/p>\n<p data-start=\"1255\" data-end=\"1362\">\u0160is derinys u\u017etikrina stipri\u0105 sm\u016bgio j\u0117g\u0105 ir skland\u0173 darb\u0105 net ant kieto molio ar \u017evyro pavir\u0161i\u0173.<\/p>\n<h3 data-start=\"1369\" data-end=\"1422\">Sukurtas darbui lauke, mieste ir nutolusioje vietoje<\/h3>\n<p data-start=\"1424\" data-end=\"1751\">D\u0117l kompakti\u0161k\u0173 gabarit\u0173 ir savaime veikian\u010dio benzininio variklio CH-L125 puikiai veikia ir perpildytose miesto vietose, ir u\u017emiestyje. Jis ypa\u010d efektyvus gyvenam\u0173j\u0173 nam\u0173 statybose, keli\u0173 prie\u017ei\u016broje ir glaud\u017ei\u0173 tran\u0161\u0117j\u0173 tankinime, kur n\u0117ra elektros energijos ir b\u016btinas mobilumas.<\/p>\n<p data-start=\"1753\" data-end=\"1848\">\u012eprastin\u0117 technin\u0117 prie\u017ei\u016bra yra paprasta, nes \"Loncin\" varikliams visame pasaulyje yra platus atsargini\u0173 dali\u0173 aptarnavimo tinklas.<\/p>\n<h3 data-start=\"1855\" data-end=\"1908\">Pagrindin\u0117s CH-L125 benzininio tankinimo plaktuvo savyb\u0117s<\/h3>\n<ul data-start=\"1910\" data-end=\"2237\">\n<li data-start=\"1910\" data-end=\"1979\">\n<p data-start=\"1912\" data-end=\"1979\">\"Loncin\" benzininis variklis pasi\u017eymi geromis eksploatacin\u0117mis savyb\u0117mis ir ma\u017eomis degal\u0173 s\u0105naudomis<\/p>\n<\/li>\n<li data-start=\"1980\" data-end=\"2054\">\n<p data-start=\"1982\" data-end=\"2054\">Idealiai tinka tran\u0161\u0117joms kasti, kra\u0161tovaizd\u017eio formavimui, pamat\u0173 \u012frengimui ir dangos remontui<\/p>\n<\/li>\n<li data-start=\"2055\" data-end=\"2122\">\n<p data-start=\"2057\" data-end=\"2122\">Antivibracin\u0117 konstrukcija pagerina operatoriaus komfort\u0105 ilgas valandas<\/p>\n<\/li>\n<li data-start=\"2123\" data-end=\"2171\">\n<p data-start=\"2125\" data-end=\"2171\">Ne\u0161iojamas, lengvas ir lengvai transportuojamas<\/p>\n<\/li>\n<li data-start=\"2172\" data-end=\"2237\">\n<p data-start=\"2174\" data-end=\"2237\">Patvari tankinimo plok\u0161t\u0117 u\u017etikrina ilgalaik\u0119 sutankinimo kokyb\u0119<\/p>\n<\/li>\n<\/ul>\n<p><iframe title=\"tankintuvas, tankinimo plaktukas, tamperis, plok\u0161\u010di\u0173 tankintuvas, statybin\u0117 vibracija, tankinimo ma\u0161ina.#tamping\" width=\"720\" height=\"540\" src=\"https:\/\/www.youtube.com\/embed\/j8Nod6Mcz9w?feature=oembed\" frameborder=\"0\" allow=\"accelerometer; autoplay; clipboard-write; encrypted-media; gyroscope; picture-in-picture; web-share\" referrerpolicy=\"strict-origin-when-cross-origin\" allowfullscreen><\/iframe><\/p>","protected":false},"excerpt":{"rendered":"<p>CH-L125 benzininis tankinimo volas veikia su \"Loncin\" varikliu, tod\u0117l nuosekliai tankina pamatus, tran\u0161\u0117jas ir lauko darb\u0173 aik\u0161teles. Patikimas ir lengvai manevruojamas.<\/p>","protected":false},"featured_media":9089,"template":"","meta":{"_kad_post_transparent":"default","_kad_post_title":"","_kad_post_layout":"default","_kad_post_sidebar_id":"","_kad_post_content_style":"default","_kad_post_vertical_padding":"default","_kad_post_feature":"","_kad_post_feature_position":"","_kad_post_header":false,"_kad_post_footer":false},"product_brand":[],"product_cat":[83],"product_tag":[1060,1057,1058,1059,1051,1052,1056,1053,1055,1054],"class_list":{"0":"post-9088","1":"product","2":"type-product","3":"status-publish","4":"has-post-thumbnail","6":"product_cat-tamping-rammer","7":"product_tag-backfill-compactor-machine","8":"product_tag-diesel-tamping-rammer","9":"product_tag-earth-tamping-machine","10":"product_tag-handheld-tamping-rammer","11":"product_tag-impact-rammer","12":"product_tag-jumping-jack-compactor","13":"product_tag-petrol-tamping-rammer","14":"product_tag-plate-tamping-rammer","15":"product_tag-soil-compaction-rammer","16":"product_tag-vibratory-tamping-rammer","18":"first","19":"instock","20":"shipping-taxable","21":"product-type-simple","22":"entry","23":"content-bg","24":"loop-entry"},"yoast_head":"<!-- This site is optimized with the Yoast SEO plugin v25.3.1 - https:\/\/yoast.com\/wordpress\/plugins\/seo\/ -->\n<title>Tamping Rammer CH-L125 - HSY Construction Machinery<\/title>\n<meta name=\"description\" content=\"CH-L125 Tamping Rammer uses a Loncin engine to deliver reliable soil compaction for trench, landscape, and urban construction projects. Portable and fuel-efficient.\" \/>\n<meta name=\"robots\" content=\"index, follow, max-snippet:-1, max-image-preview:large, max-video-preview:-1\" \/>\n<link rel=\"canonical\" href=\"https:\/\/www.hsymachinery.com\/lt\/produktas\/tankinimo-plaktukas-ch-l125\/\" \/>\n<meta property=\"og:locale\" content=\"lt_LT\" \/>\n<meta property=\"og:type\" content=\"article\" \/>\n<meta property=\"og:title\" content=\"Tamping Rammer CH-L125 - HSY Construction Machinery\" \/>\n<meta property=\"og:description\" content=\"CH-L125 Tamping Rammer uses a Loncin engine to deliver reliable soil compaction for trench, landscape, and urban construction projects. Portable and fuel-efficient.\" \/>\n<meta property=\"og:url\" content=\"https:\/\/www.hsymachinery.com\/lt\/produktas\/tankinimo-plaktukas-ch-l125\/\" \/>\n<meta property=\"og:site_name\" content=\"HSY Construction Machinery\" \/>\n<meta property=\"article:modified_time\" content=\"2025-06-28T07:43:26+00:00\" \/>\n<meta property=\"og:image\" content=\"https:\/\/www.hsymachinery.com\/wp-content\/uploads\/2025\/06\/Tamping-Rammer-CH-L125.jpg\" \/>\n\t<meta property=\"og:image:width\" content=\"800\" \/>\n\t<meta property=\"og:image:height\" content=\"800\" \/>\n\t<meta property=\"og:image:type\" content=\"image\/jpeg\" \/>\n<meta name=\"twitter:card\" content=\"summary_large_image\" \/>\n<meta name=\"twitter:label1\" content=\"Est. reading time\" \/>\n\t<meta name=\"twitter:data1\" content=\"2 minut\u0117s\" \/>\n<script type=\"application\/ld+json\" class=\"yoast-schema-graph\">{\"@context\":\"https:\/\/schema.org\",\"@graph\":[{\"@type\":\"WebPage\",\"@id\":\"https:\/\/www.hsymachinery.com\/product\/tamping-rammer-ch-l125\/\",\"url\":\"https:\/\/www.hsymachinery.com\/product\/tamping-rammer-ch-l125\/\",\"name\":\"Tamping Rammer CH-L125 - HSY Construction Machinery\",\"isPartOf\":{\"@id\":\"https:\/\/www.hsymachinery.com\/#website\"},\"primaryImageOfPage\":{\"@id\":\"https:\/\/www.hsymachinery.com\/product\/tamping-rammer-ch-l125\/#primaryimage\"},\"image\":{\"@id\":\"https:\/\/www.hsymachinery.com\/product\/tamping-rammer-ch-l125\/#primaryimage\"},\"thumbnailUrl\":\"https:\/\/www.hsymachinery.com\/wp-content\/uploads\/2025\/06\/Tamping-Rammer-CH-L125.jpg\",\"datePublished\":\"2025-06-18T08:30:42+00:00\",\"dateModified\":\"2025-06-28T07:43:26+00:00\",\"description\":\"CH-L125 Tamping Rammer uses a Loncin engine to deliver reliable soil compaction for trench, landscape, and urban construction projects. Portable and fuel-efficient.\",\"breadcrumb\":{\"@id\":\"https:\/\/www.hsymachinery.com\/product\/tamping-rammer-ch-l125\/#breadcrumb\"},\"inLanguage\":\"lt-LT\",\"potentialAction\":[{\"@type\":\"ReadAction\",\"target\":[\"https:\/\/www.hsymachinery.com\/product\/tamping-rammer-ch-l125\/\"]}]},{\"@type\":\"ImageObject\",\"inLanguage\":\"lt-LT\",\"@id\":\"https:\/\/www.hsymachinery.com\/product\/tamping-rammer-ch-l125\/#primaryimage\",\"url\":\"https:\/\/www.hsymachinery.com\/wp-content\/uploads\/2025\/06\/Tamping-Rammer-CH-L125.jpg\",\"contentUrl\":\"https:\/\/www.hsymachinery.com\/wp-content\/uploads\/2025\/06\/Tamping-Rammer-CH-L125.jpg\",\"width\":800,\"height\":800},{\"@type\":\"BreadcrumbList\",\"@id\":\"https:\/\/www.hsymachinery.com\/product\/tamping-rammer-ch-l125\/#breadcrumb\",\"itemListElement\":[{\"@type\":\"ListItem\",\"position\":1,\"name\":\"home\",\"item\":\"https:\/\/www.hsymachinery.com\/\"},{\"@type\":\"ListItem\",\"position\":2,\"name\":\"products\",\"item\":\"https:\/\/www.hsymachinery.com\/products\/\"},{\"@type\":\"ListItem\",\"position\":3,\"name\":\"Tamping Rammer CH-L125\"}]},{\"@type\":\"WebSite\",\"@id\":\"https:\/\/www.hsymachinery.com\/#website\",\"url\":\"https:\/\/www.hsymachinery.com\/\",\"name\":\"HSY Construction Machinery\",\"description\":\"HSY Machinery \u2013 A leading China construction machinery supplier, offering a wide range of light construction equipment. Our main products include Rebar Cutting Machine, Rebar Bending Machine, Rebar Stirrup Bending Machine, Rebar Arc Bending Machine, Rebar Straightening Machine, Five-Head Rebar Stirrup Bending Machine, Tamping Rammer, Plate Compactor, Concrete Cutter, Power Trowel, and other construction machinery. We are equipped with advanced CNC machines, and we enforce strict quality inspection standards along with comprehensive after-sales service. If you are interested in our products or services, we warmly welcome your inquiries via message.\",\"publisher\":{\"@id\":\"https:\/\/www.hsymachinery.com\/#organization\"},\"potentialAction\":[{\"@type\":\"SearchAction\",\"target\":{\"@type\":\"EntryPoint\",\"urlTemplate\":\"https:\/\/www.hsymachinery.com\/?s={search_term_string}\"},\"query-input\":{\"@type\":\"PropertyValueSpecification\",\"valueRequired\":true,\"valueName\":\"search_term_string\"}}],\"inLanguage\":\"lt-LT\"},{\"@type\":\"Organization\",\"@id\":\"https:\/\/www.hsymachinery.com\/#organization\",\"name\":\"HSY Construction Machinery\",\"url\":\"https:\/\/www.hsymachinery.com\/\",\"logo\":{\"@type\":\"ImageObject\",\"inLanguage\":\"lt-LT\",\"@id\":\"https:\/\/www.hsymachinery.com\/#\/schema\/logo\/image\/\",\"url\":\"https:\/\/www.hsymachinery.com\/wp-content\/uploads\/2025\/06\/cropped-HSY-machinery.png\",\"contentUrl\":\"https:\/\/www.hsymachinery.com\/wp-content\/uploads\/2025\/06\/cropped-HSY-machinery.png\",\"width\":600,\"height\":240,\"caption\":\"HSY Construction Machinery\"},\"image\":{\"@id\":\"https:\/\/www.hsymachinery.com\/#\/schema\/logo\/image\/\"}}]}<\/script>\n<!-- \/ Yoast SEO plugin. -->","yoast_head_json":{"title":"Tankinimo plaktukas CH-L125 - HSY statybin\u0117s ma\u0161inos","description":"CH-L125 tankinimo plaktukas su \"Loncin\" varikliu patikimai sutankina dirvo\u017eem\u012f tran\u0161\u0117jose, kra\u0161tovaizd\u017eio ir miesto statyb\u0173 projektuose. Ne\u0161iojamas ir taupiai naudoja degalus.","robots":{"index":"index","follow":"follow","max-snippet":"max-snippet:-1","max-image-preview":"max-image-preview:large","max-video-preview":"max-video-preview:-1"},"canonical":"https:\/\/www.hsymachinery.com\/lt\/produktas\/tankinimo-plaktukas-ch-l125\/","og_locale":"lt_LT","og_type":"article","og_title":"Tamping Rammer CH-L125 - HSY Construction Machinery","og_description":"CH-L125 Tamping Rammer uses a Loncin engine to deliver reliable soil compaction for trench, landscape, and urban construction projects. Portable and fuel-efficient.","og_url":"https:\/\/www.hsymachinery.com\/lt\/produktas\/tankinimo-plaktukas-ch-l125\/","og_site_name":"HSY Construction Machinery","article_modified_time":"2025-06-28T07:43:26+00:00","og_image":[{"width":800,"height":800,"url":"https:\/\/www.hsymachinery.com\/wp-content\/uploads\/2025\/06\/Tamping-Rammer-CH-L125.jpg","type":"image\/jpeg"}],"twitter_card":"summary_large_image","twitter_misc":{"Est. reading time":"2 minut\u0117s"},"schema":{"@context":"https:\/\/schema.org","@graph":[{"@type":"WebPage","@id":"https:\/\/www.hsymachinery.com\/product\/tamping-rammer-ch-l125\/","url":"https:\/\/www.hsymachinery.com\/product\/tamping-rammer-ch-l125\/","name":"Tankinimo plaktukas CH-L125 - HSY statybin\u0117s ma\u0161inos","isPartOf":{"@id":"https:\/\/www.hsymachinery.com\/#website"},"primaryImageOfPage":{"@id":"https:\/\/www.hsymachinery.com\/product\/tamping-rammer-ch-l125\/#primaryimage"},"image":{"@id":"https:\/\/www.hsymachinery.com\/product\/tamping-rammer-ch-l125\/#primaryimage"},"thumbnailUrl":"https:\/\/www.hsymachinery.com\/wp-content\/uploads\/2025\/06\/Tamping-Rammer-CH-L125.jpg","datePublished":"2025-06-18T08:30:42+00:00","dateModified":"2025-06-28T07:43:26+00:00","description":"CH-L125 tankinimo plaktukas su \"Loncin\" varikliu patikimai sutankina dirvo\u017eem\u012f tran\u0161\u0117jose, kra\u0161tovaizd\u017eio ir miesto statyb\u0173 projektuose. Ne\u0161iojamas ir taupiai naudoja degalus.","breadcrumb":{"@id":"https:\/\/www.hsymachinery.com\/product\/tamping-rammer-ch-l125\/#breadcrumb"},"inLanguage":"lt-LT","potentialAction":[{"@type":"ReadAction","target":["https:\/\/www.hsymachinery.com\/product\/tamping-rammer-ch-l125\/"]}]},{"@type":"ImageObject","inLanguage":"lt-LT","@id":"https:\/\/www.hsymachinery.com\/product\/tamping-rammer-ch-l125\/#primaryimage","url":"https:\/\/www.hsymachinery.com\/wp-content\/uploads\/2025\/06\/Tamping-Rammer-CH-L125.jpg","contentUrl":"https:\/\/www.hsymachinery.com\/wp-content\/uploads\/2025\/06\/Tamping-Rammer-CH-L125.jpg","width":800,"height":800},{"@type":"BreadcrumbList","@id":"https:\/\/www.hsymachinery.com\/product\/tamping-rammer-ch-l125\/#breadcrumb","itemListElement":[{"@type":"ListItem","position":1,"name":"home","item":"https:\/\/www.hsymachinery.com\/"},{"@type":"ListItem","position":2,"name":"products","item":"https:\/\/www.hsymachinery.com\/products\/"},{"@type":"ListItem","position":3,"name":"Tamping Rammer CH-L125"}]},{"@type":"WebSite","@id":"https:\/\/www.hsymachinery.com\/#website","url":"https:\/\/www.hsymachinery.com\/","name":"HSY statybin\u0117s ma\u0161inos","description":"\"HSY Machinery\" - pirmaujanti Kinijos statybos ma\u0161in\u0173 tiek\u0117ja, si\u016blanti plat\u0173 lengvosios statybos \u012frangos asortiment\u0105. Pagrindiniai m\u016bs\u0173 produktai - armat\u016bros pjovimo stakl\u0117s, armat\u016bros lenkimo stakl\u0117s, armat\u016bros stryp\u0173 lenkimo stakl\u0117s, armat\u016bros lanko lenkimo stakl\u0117s, armat\u016bros tiesinimo stakl\u0117s, penki\u0173 galvu\u010di\u0173 armat\u016bros stryp\u0173 lenkimo stakl\u0117s, tankinimo plaktukas, plok\u0161\u010di\u0173 tankintuvas, betono pjaustykl\u0117, elektrin\u0117 mentele ir kita statybin\u0117 technika. Turime pa\u017eangias CNC stakles, taikome grie\u017etus kokyb\u0117s tikrinimo standartus ir teikiame visapusi\u0161kas garantinio aptarnavimo paslaugas. Jei jus domina m\u016bs\u0173 gaminiai ar paslaugos, maloniai laukiame j\u016bs\u0173 u\u017eklaus\u0173 \u017einute.","publisher":{"@id":"https:\/\/www.hsymachinery.com\/#organization"},"potentialAction":[{"@type":"SearchAction","target":{"@type":"EntryPoint","urlTemplate":"https:\/\/www.hsymachinery.com\/?s={search_term_string}"},"query-input":{"@type":"PropertyValueSpecification","valueRequired":true,"valueName":"search_term_string"}}],"inLanguage":"lt-LT"},{"@type":"Organization","@id":"https:\/\/www.hsymachinery.com\/#organization","name":"HSY statybin\u0117s ma\u0161inos","url":"https:\/\/www.hsymachinery.com\/","logo":{"@type":"ImageObject","inLanguage":"lt-LT","@id":"https:\/\/www.hsymachinery.com\/#\/schema\/logo\/image\/","url":"https:\/\/www.hsymachinery.com\/wp-content\/uploads\/2025\/06\/cropped-HSY-machinery.png","contentUrl":"https:\/\/www.hsymachinery.com\/wp-content\/uploads\/2025\/06\/cropped-HSY-machinery.png","width":600,"height":240,"caption":"HSY Construction Machinery"},"image":{"@id":"https:\/\/www.hsymachinery.com\/#\/schema\/logo\/image\/"}}]}},"_links":{"self":[{"href":"https:\/\/www.hsymachinery.com\/lt\/wp-json\/wp\/v2\/product\/9088","targetHints":{"allow":["GET"]}}],"collection":[{"href":"https:\/\/www.hsymachinery.com\/lt\/wp-json\/wp\/v2\/product"}],"about":[{"href":"https:\/\/www.hsymachinery.com\/lt\/wp-json\/wp\/v2\/types\/product"}],"version-history":[{"count":3,"href":"https:\/\/www.hsymachinery.com\/lt\/wp-json\/wp\/v2\/product\/9088\/revisions"}],"predecessor-version":[{"id":9511,"href":"https:\/\/www.hsymachinery.com\/lt\/wp-json\/wp\/v2\/product\/9088\/revisions\/9511"}],"wp:featuredmedia":[{"embeddable":true,"href":"https:\/\/www.hsymachinery.com\/lt\/wp-json\/wp\/v2\/media\/9089"}],"wp:attachment":[{"href":"https:\/\/www.hsymachinery.com\/lt\/wp-json\/wp\/v2\/media?parent=9088"}],"wp:term":[{"taxonomy":"product_brand","embeddable":true,"href":"https:\/\/www.hsymachinery.com\/lt\/wp-json\/wp\/v2\/product_brand?post=9088"},{"taxonomy":"product_cat","embeddable":true,"href":"https:\/\/www.hsymachinery.com\/lt\/wp-json\/wp\/v2\/product_cat?post=9088"},{"taxonomy":"product_tag","embeddable":true,"href":"https:\/\/www.hsymachinery.com\/lt\/wp-json\/wp\/v2\/product_tag?post=9088"}],"curies":[{"name":"wp","href":"https:\/\/api.w.org\/{rel}","templated":true}]}}