{"id":9085,"date":"2025-06-18T16:29:44","date_gmt":"2025-06-18T08:29:44","guid":{"rendered":"https:\/\/www.hsymachinery.com\/?post_type=product&#038;p=9085"},"modified":"2025-06-28T15:39:22","modified_gmt":"2025-06-28T07:39:22","slug":"tankinimo-plaktukas-ch-c110","status":"publish","type":"product","link":"https:\/\/www.hsymachinery.com\/lt\/produktas\/tankinimo-plaktukas-ch-c110\/","title":{"rendered":"Tankinimo plaktukas CH-C110"},"content":{"rendered":"<h2 data-start=\"107\" data-end=\"137\">Tankinimo plaktukas CH-C110<\/h2>\n<h3 data-start=\"138\" data-end=\"251\">CH-C110 dyzelinis tankinimo plaktukas | degal\u0173 s\u0105naudas taupantis grunto tankintuvas, skirtas didel\u0117s apkrovos pamat\u0173 ir keli\u0173 tiesimo projektams<\/h3>\n<h3 data-start=\"258\" data-end=\"344\">Gaminio ap\u017evalga - didelio na\u0161umo dyzelinis plaktuvas, skirtas sud\u0117tingiems tankinimo darbams<img fetchpriority=\"high\" decoding=\"async\" class=\"wp-image-9086 alignright\" src=\"https:\/\/www.hsymachinery.com\/wp-content\/uploads\/2025\/06\/Tamping-Rammer-CH-C110-300x300.jpg\" alt=\"\" width=\"465\" height=\"465\" srcset=\"https:\/\/www.hsymachinery.com\/wp-content\/uploads\/2025\/06\/Tamping-Rammer-CH-C110-300x300.jpg 300w, https:\/\/www.hsymachinery.com\/wp-content\/uploads\/2025\/06\/Tamping-Rammer-CH-C110-150x150.jpg 150w, https:\/\/www.hsymachinery.com\/wp-content\/uploads\/2025\/06\/Tamping-Rammer-CH-C110-768x768.jpg 768w, https:\/\/www.hsymachinery.com\/wp-content\/uploads\/2025\/06\/Tamping-Rammer-CH-C110-600x600.jpg 600w, https:\/\/www.hsymachinery.com\/wp-content\/uploads\/2025\/06\/Tamping-Rammer-CH-C110-100x100.jpg 100w, https:\/\/www.hsymachinery.com\/wp-content\/uploads\/2025\/06\/Tamping-Rammer-CH-C110.jpg 800w\" sizes=\"(max-width: 465px) 100vw, 465px\" \/><\/h3>\n<p data-start=\"346\" data-end=\"686\">Svetain\u0117 <strong data-start=\"350\" data-end=\"376\">CH-C110 tankinimo plaktukas<\/strong> tai dyzelinu varomas grunto tankintuvas, pasi\u017eymintis didele sm\u016bgio j\u0117ga ir ilgalaikiu veikimu lauke. Jis ypa\u010d gerai tinka pamat\u0173 tran\u0161\u0117joms kasti, keliams remontuoti, vamzdynams \u012frengti ir didelio sutankinimo molio darbams, kur ilgaam\u017ei\u0161kumas ir degal\u0173 naudojimo efektyvumas yra svarbiausi prioritetai.<\/p>\n<p data-start=\"688\" data-end=\"861\">\u0160is modelis yra protingas pasirinkimas rangovams, dirbantiems atokiose statybviet\u0117se arba prastos kokyb\u0117s degal\u0173 naudojimo vietose, nes u\u017etikrina ir gali\u0105, ir atsparum\u0105 sud\u0117tingomis darbo s\u0105lygomis.<\/p>\n<h3 data-start=\"868\" data-end=\"932\">Dyzelinio variklio efektyvumas, tvirta konstrukcija ir sklandus veikimas<\/h3>\n<p data-start=\"934\" data-end=\"1215\">CH-C110, varomas patvaraus dyzelinio variklio, sukuria didel\u012f sukimo moment\u0105 ir tolygiai tankina net ir sud\u0117tingus pavir\u0161ius. Didelio galingumo tankinimo batas, sujungtas su sm\u016bgiams atsparia tvirtinimo sistema, u\u017etikrina gil\u0173 sutankinim\u0105 ir kartu suma\u017eina operatoriui perduodam\u0105 vibracij\u0105.<\/p>\n<p data-start=\"1217\" data-end=\"1354\">Technin\u0117s prie\u017ei\u016bros ta\u0161kai yra prieinami, o variklis pagamintas taip, kad b\u016bt\u0173 atsparus ekstremalioms aplinkos s\u0105lygoms, tod\u0117l suma\u017e\u0117ja netik\u0117t\u0173 prastov\u0173 darb\u0173 vietoje.<\/p>\n<h3 data-start=\"1361\" data-end=\"1409\">Sukurtas darbui lauke ir u\u017e tinklo rib\u0173<\/h3>\n<p data-start=\"1411\" data-end=\"1717\">\u0160i ma\u0161ina veikia nepriklausomai nuo i\u0161orinio maitinimo, tod\u0117l puikiai veikia be elektros, at\u0161iaurioje vietov\u0117je ar statyb\u0173 zonose, kuriose n\u0117ra elektros. D\u0117l ekonomi\u0161ko degal\u0173 naudojimo ir ilgos vieno bako darbo trukm\u0117s suma\u017e\u0117ja degal\u0173 papildymo pertr\u016bki\u0173, tod\u0117l jis idealiai tinka kasdieniam naudojimui infrastrukt\u016broje ir pramon\u0117je.<\/p>\n<p data-start=\"1719\" data-end=\"1833\">CH-C110 yra patikimas, ma\u017eai prie\u017ei\u016bros reikalaujantis tankinimo sprendimas, nesvarbu, ar jis naudojamas kar\u0161tame, dulk\u0117tame, ar dr\u0117gname klimate.<\/p>\n<h3 data-start=\"1840\" data-end=\"1891\">Pagrindin\u0117s CH-C110 dyzelinio tankinimo plaktuvo savyb\u0117s<\/h3>\n<ul data-start=\"1893\" data-end=\"2196\">\n<li data-start=\"1893\" data-end=\"1951\">\n<p data-start=\"1895\" data-end=\"1951\">Dyzelinis variklis u\u017etikrina didel\u012f sukimo moment\u0105 ir ilg\u0105 veikimo laik\u0105<\/p>\n<\/li>\n<li data-start=\"1952\" data-end=\"2020\">\n<p data-start=\"1954\" data-end=\"2020\">Tinka didelio tankio dirvo\u017eemiui, keli\u0173 sankasoms ir sunkiosioms statyboms<\/p>\n<\/li>\n<li data-start=\"2021\" data-end=\"2086\">\n<p data-start=\"2023\" data-end=\"2086\">Taupiai naudoja degalus ir gerai veikia atokiose \/ nuo tinklo nutolusiose vietov\u0117se<\/p>\n<\/li>\n<li data-start=\"2087\" data-end=\"2144\">\n<p data-start=\"2089\" data-end=\"2144\">Tvirtas r\u0117mas ir plieninis pagrindas u\u017etikrina ilgalaik\u012f patikimum\u0105<\/p>\n<\/li>\n<li data-start=\"2145\" data-end=\"2196\">\n<p data-start=\"2147\" data-end=\"2196\">Lengva aptarnauti ir eksploatuoti sud\u0117tingomis s\u0105lygomis<\/p>\n<\/li>\n<\/ul>\n<p><iframe title=\"tankintuvas, tankinimo plaktukas, tamperis, plok\u0161\u010di\u0173 tankintuvas, statybin\u0117 vibracija, tankinimo ma\u0161ina.#tamping\" width=\"720\" height=\"540\" src=\"https:\/\/www.youtube.com\/embed\/j8Nod6Mcz9w?feature=oembed\" frameborder=\"0\" allow=\"accelerometer; autoplay; clipboard-write; encrypted-media; gyroscope; picture-in-picture; web-share\" referrerpolicy=\"strict-origin-when-cross-origin\" allowfullscreen><\/iframe><\/p>","protected":false},"excerpt":{"rendered":"<p>CH-C110 dyzelinis tankinimo volas su dideliu sukimo momentu veikian\u010diu varikliu u\u017etikrina gil\u0173 ir tolyg\u0173 tankinim\u0105. Tvirtas ir efektyvus, idealiai tinka pamat\u0173, tran\u0161\u0117j\u0173 ir keli\u0173 projektams.<\/p>","protected":false},"featured_media":9086,"template":"","meta":{"_kad_post_transparent":"default","_kad_post_title":"","_kad_post_layout":"default","_kad_post_sidebar_id":"","_kad_post_content_style":"default","_kad_post_vertical_padding":"default","_kad_post_feature":"","_kad_post_feature_position":"","_kad_post_header":false,"_kad_post_footer":false},"product_brand":[],"product_cat":[83],"product_tag":[1060,1057,1058,1059,1051,1052,1056,1053,1055,1054],"class_list":{"0":"post-9085","1":"product","2":"type-product","3":"status-publish","4":"has-post-thumbnail","6":"product_cat-tamping-rammer","7":"product_tag-backfill-compactor-machine","8":"product_tag-diesel-tamping-rammer","9":"product_tag-earth-tamping-machine","10":"product_tag-handheld-tamping-rammer","11":"product_tag-impact-rammer","12":"product_tag-jumping-jack-compactor","13":"product_tag-petrol-tamping-rammer","14":"product_tag-plate-tamping-rammer","15":"product_tag-soil-compaction-rammer","16":"product_tag-vibratory-tamping-rammer","18":"first","19":"instock","20":"shipping-taxable","21":"product-type-simple","22":"entry","23":"content-bg","24":"loop-entry"},"yoast_head":"<!-- This site is optimized with the Yoast SEO plugin v25.3.1 - https:\/\/yoast.com\/wordpress\/plugins\/seo\/ -->\n<title>Tamping Rammer CH-C110 - HSY Construction Machinery<\/title>\n<meta name=\"description\" content=\"CH-C110 Diesel Tamping Rammer offers powerful soil compaction with fuel efficiency. Ideal for roadwork, trench backfilling, and off-grid construction work.\" \/>\n<meta name=\"robots\" content=\"index, follow, max-snippet:-1, max-image-preview:large, max-video-preview:-1\" \/>\n<link rel=\"canonical\" href=\"https:\/\/www.hsymachinery.com\/lt\/produktas\/tankinimo-plaktukas-ch-c110\/\" \/>\n<meta property=\"og:locale\" content=\"lt_LT\" \/>\n<meta property=\"og:type\" content=\"article\" \/>\n<meta property=\"og:title\" content=\"Tamping Rammer CH-C110 - HSY Construction Machinery\" \/>\n<meta property=\"og:description\" content=\"CH-C110 Diesel Tamping Rammer offers powerful soil compaction with fuel efficiency. Ideal for roadwork, trench backfilling, and off-grid construction work.\" \/>\n<meta property=\"og:url\" content=\"https:\/\/www.hsymachinery.com\/lt\/produktas\/tankinimo-plaktukas-ch-c110\/\" \/>\n<meta property=\"og:site_name\" content=\"HSY Construction Machinery\" \/>\n<meta property=\"article:modified_time\" content=\"2025-06-28T07:39:22+00:00\" \/>\n<meta property=\"og:image\" content=\"https:\/\/www.hsymachinery.com\/wp-content\/uploads\/2025\/06\/Tamping-Rammer-CH-C110.jpg\" \/>\n\t<meta property=\"og:image:width\" content=\"800\" \/>\n\t<meta property=\"og:image:height\" content=\"800\" \/>\n\t<meta property=\"og:image:type\" content=\"image\/jpeg\" \/>\n<meta name=\"twitter:card\" content=\"summary_large_image\" \/>\n<meta name=\"twitter:label1\" content=\"Est. reading time\" \/>\n\t<meta name=\"twitter:data1\" content=\"2 minut\u0117s\" \/>\n<script type=\"application\/ld+json\" class=\"yoast-schema-graph\">{\"@context\":\"https:\/\/schema.org\",\"@graph\":[{\"@type\":\"WebPage\",\"@id\":\"https:\/\/www.hsymachinery.com\/product\/tamping-rammer-ch-c110\/\",\"url\":\"https:\/\/www.hsymachinery.com\/product\/tamping-rammer-ch-c110\/\",\"name\":\"Tamping Rammer CH-C110 - HSY Construction Machinery\",\"isPartOf\":{\"@id\":\"https:\/\/www.hsymachinery.com\/#website\"},\"primaryImageOfPage\":{\"@id\":\"https:\/\/www.hsymachinery.com\/product\/tamping-rammer-ch-c110\/#primaryimage\"},\"image\":{\"@id\":\"https:\/\/www.hsymachinery.com\/product\/tamping-rammer-ch-c110\/#primaryimage\"},\"thumbnailUrl\":\"https:\/\/www.hsymachinery.com\/wp-content\/uploads\/2025\/06\/Tamping-Rammer-CH-C110.jpg\",\"datePublished\":\"2025-06-18T08:29:44+00:00\",\"dateModified\":\"2025-06-28T07:39:22+00:00\",\"description\":\"CH-C110 Diesel Tamping Rammer offers powerful soil compaction with fuel efficiency. Ideal for roadwork, trench backfilling, and off-grid construction work.\",\"breadcrumb\":{\"@id\":\"https:\/\/www.hsymachinery.com\/product\/tamping-rammer-ch-c110\/#breadcrumb\"},\"inLanguage\":\"lt-LT\",\"potentialAction\":[{\"@type\":\"ReadAction\",\"target\":[\"https:\/\/www.hsymachinery.com\/product\/tamping-rammer-ch-c110\/\"]}]},{\"@type\":\"ImageObject\",\"inLanguage\":\"lt-LT\",\"@id\":\"https:\/\/www.hsymachinery.com\/product\/tamping-rammer-ch-c110\/#primaryimage\",\"url\":\"https:\/\/www.hsymachinery.com\/wp-content\/uploads\/2025\/06\/Tamping-Rammer-CH-C110.jpg\",\"contentUrl\":\"https:\/\/www.hsymachinery.com\/wp-content\/uploads\/2025\/06\/Tamping-Rammer-CH-C110.jpg\",\"width\":800,\"height\":800},{\"@type\":\"BreadcrumbList\",\"@id\":\"https:\/\/www.hsymachinery.com\/product\/tamping-rammer-ch-c110\/#breadcrumb\",\"itemListElement\":[{\"@type\":\"ListItem\",\"position\":1,\"name\":\"home\",\"item\":\"https:\/\/www.hsymachinery.com\/\"},{\"@type\":\"ListItem\",\"position\":2,\"name\":\"products\",\"item\":\"https:\/\/www.hsymachinery.com\/products\/\"},{\"@type\":\"ListItem\",\"position\":3,\"name\":\"Tamping Rammer CH-C110\"}]},{\"@type\":\"WebSite\",\"@id\":\"https:\/\/www.hsymachinery.com\/#website\",\"url\":\"https:\/\/www.hsymachinery.com\/\",\"name\":\"HSY Construction Machinery\",\"description\":\"HSY Machinery \u2013 A leading China construction machinery supplier, offering a wide range of light construction equipment. Our main products include Rebar Cutting Machine, Rebar Bending Machine, Rebar Stirrup Bending Machine, Rebar Arc Bending Machine, Rebar Straightening Machine, Five-Head Rebar Stirrup Bending Machine, Tamping Rammer, Plate Compactor, Concrete Cutter, Power Trowel, and other construction machinery. We are equipped with advanced CNC machines, and we enforce strict quality inspection standards along with comprehensive after-sales service. If you are interested in our products or services, we warmly welcome your inquiries via message.\",\"publisher\":{\"@id\":\"https:\/\/www.hsymachinery.com\/#organization\"},\"potentialAction\":[{\"@type\":\"SearchAction\",\"target\":{\"@type\":\"EntryPoint\",\"urlTemplate\":\"https:\/\/www.hsymachinery.com\/?s={search_term_string}\"},\"query-input\":{\"@type\":\"PropertyValueSpecification\",\"valueRequired\":true,\"valueName\":\"search_term_string\"}}],\"inLanguage\":\"lt-LT\"},{\"@type\":\"Organization\",\"@id\":\"https:\/\/www.hsymachinery.com\/#organization\",\"name\":\"HSY Construction Machinery\",\"url\":\"https:\/\/www.hsymachinery.com\/\",\"logo\":{\"@type\":\"ImageObject\",\"inLanguage\":\"lt-LT\",\"@id\":\"https:\/\/www.hsymachinery.com\/#\/schema\/logo\/image\/\",\"url\":\"https:\/\/www.hsymachinery.com\/wp-content\/uploads\/2025\/06\/cropped-HSY-machinery.png\",\"contentUrl\":\"https:\/\/www.hsymachinery.com\/wp-content\/uploads\/2025\/06\/cropped-HSY-machinery.png\",\"width\":600,\"height\":240,\"caption\":\"HSY Construction Machinery\"},\"image\":{\"@id\":\"https:\/\/www.hsymachinery.com\/#\/schema\/logo\/image\/\"}}]}<\/script>\n<!-- \/ Yoast SEO plugin. -->","yoast_head_json":{"title":"Tankinimo plaktukas CH-C110 - HSY statybin\u0117s ma\u0161inos","description":"CH-C110 dyzelinis tankinimo plaktukas u\u017etikrina galing\u0105 dirvos sutankinim\u0105 ir taupiai naudoja degalus. Idealiai tinka keli\u0173 tiesimo darbams, tran\u0161\u0117j\u0173 u\u017epylimui ir statyboms u\u017e tinklo rib\u0173.","robots":{"index":"index","follow":"follow","max-snippet":"max-snippet:-1","max-image-preview":"max-image-preview:large","max-video-preview":"max-video-preview:-1"},"canonical":"https:\/\/www.hsymachinery.com\/lt\/produktas\/tankinimo-plaktukas-ch-c110\/","og_locale":"lt_LT","og_type":"article","og_title":"Tamping Rammer CH-C110 - HSY Construction Machinery","og_description":"CH-C110 Diesel Tamping Rammer offers powerful soil compaction with fuel efficiency. Ideal for roadwork, trench backfilling, and off-grid construction work.","og_url":"https:\/\/www.hsymachinery.com\/lt\/produktas\/tankinimo-plaktukas-ch-c110\/","og_site_name":"HSY Construction Machinery","article_modified_time":"2025-06-28T07:39:22+00:00","og_image":[{"width":800,"height":800,"url":"https:\/\/www.hsymachinery.com\/wp-content\/uploads\/2025\/06\/Tamping-Rammer-CH-C110.jpg","type":"image\/jpeg"}],"twitter_card":"summary_large_image","twitter_misc":{"Est. reading time":"2 minut\u0117s"},"schema":{"@context":"https:\/\/schema.org","@graph":[{"@type":"WebPage","@id":"https:\/\/www.hsymachinery.com\/product\/tamping-rammer-ch-c110\/","url":"https:\/\/www.hsymachinery.com\/product\/tamping-rammer-ch-c110\/","name":"Tankinimo plaktukas CH-C110 - HSY statybin\u0117s ma\u0161inos","isPartOf":{"@id":"https:\/\/www.hsymachinery.com\/#website"},"primaryImageOfPage":{"@id":"https:\/\/www.hsymachinery.com\/product\/tamping-rammer-ch-c110\/#primaryimage"},"image":{"@id":"https:\/\/www.hsymachinery.com\/product\/tamping-rammer-ch-c110\/#primaryimage"},"thumbnailUrl":"https:\/\/www.hsymachinery.com\/wp-content\/uploads\/2025\/06\/Tamping-Rammer-CH-C110.jpg","datePublished":"2025-06-18T08:29:44+00:00","dateModified":"2025-06-28T07:39:22+00:00","description":"CH-C110 dyzelinis tankinimo plaktukas u\u017etikrina galing\u0105 dirvos sutankinim\u0105 ir taupiai naudoja degalus. Idealiai tinka keli\u0173 tiesimo darbams, tran\u0161\u0117j\u0173 u\u017epylimui ir statyboms u\u017e tinklo rib\u0173.","breadcrumb":{"@id":"https:\/\/www.hsymachinery.com\/product\/tamping-rammer-ch-c110\/#breadcrumb"},"inLanguage":"lt-LT","potentialAction":[{"@type":"ReadAction","target":["https:\/\/www.hsymachinery.com\/product\/tamping-rammer-ch-c110\/"]}]},{"@type":"ImageObject","inLanguage":"lt-LT","@id":"https:\/\/www.hsymachinery.com\/product\/tamping-rammer-ch-c110\/#primaryimage","url":"https:\/\/www.hsymachinery.com\/wp-content\/uploads\/2025\/06\/Tamping-Rammer-CH-C110.jpg","contentUrl":"https:\/\/www.hsymachinery.com\/wp-content\/uploads\/2025\/06\/Tamping-Rammer-CH-C110.jpg","width":800,"height":800},{"@type":"BreadcrumbList","@id":"https:\/\/www.hsymachinery.com\/product\/tamping-rammer-ch-c110\/#breadcrumb","itemListElement":[{"@type":"ListItem","position":1,"name":"home","item":"https:\/\/www.hsymachinery.com\/"},{"@type":"ListItem","position":2,"name":"products","item":"https:\/\/www.hsymachinery.com\/products\/"},{"@type":"ListItem","position":3,"name":"Tamping Rammer CH-C110"}]},{"@type":"WebSite","@id":"https:\/\/www.hsymachinery.com\/#website","url":"https:\/\/www.hsymachinery.com\/","name":"HSY statybin\u0117s ma\u0161inos","description":"\"HSY Machinery\" - pirmaujanti Kinijos statybos ma\u0161in\u0173 tiek\u0117ja, si\u016blanti plat\u0173 lengvosios statybos \u012frangos asortiment\u0105. Pagrindiniai m\u016bs\u0173 produktai - armat\u016bros pjovimo stakl\u0117s, armat\u016bros lenkimo stakl\u0117s, armat\u016bros stryp\u0173 lenkimo stakl\u0117s, armat\u016bros lanko lenkimo stakl\u0117s, armat\u016bros tiesinimo stakl\u0117s, penki\u0173 galvu\u010di\u0173 armat\u016bros stryp\u0173 lenkimo stakl\u0117s, tankinimo plaktukas, plok\u0161\u010di\u0173 tankintuvas, betono pjaustykl\u0117, elektrin\u0117 mentele ir kita statybin\u0117 technika. Turime pa\u017eangias CNC stakles, taikome grie\u017etus kokyb\u0117s tikrinimo standartus ir teikiame visapusi\u0161kas garantinio aptarnavimo paslaugas. Jei jus domina m\u016bs\u0173 gaminiai ar paslaugos, maloniai laukiame j\u016bs\u0173 u\u017eklaus\u0173 \u017einute.","publisher":{"@id":"https:\/\/www.hsymachinery.com\/#organization"},"potentialAction":[{"@type":"SearchAction","target":{"@type":"EntryPoint","urlTemplate":"https:\/\/www.hsymachinery.com\/?s={search_term_string}"},"query-input":{"@type":"PropertyValueSpecification","valueRequired":true,"valueName":"search_term_string"}}],"inLanguage":"lt-LT"},{"@type":"Organization","@id":"https:\/\/www.hsymachinery.com\/#organization","name":"HSY statybin\u0117s ma\u0161inos","url":"https:\/\/www.hsymachinery.com\/","logo":{"@type":"ImageObject","inLanguage":"lt-LT","@id":"https:\/\/www.hsymachinery.com\/#\/schema\/logo\/image\/","url":"https:\/\/www.hsymachinery.com\/wp-content\/uploads\/2025\/06\/cropped-HSY-machinery.png","contentUrl":"https:\/\/www.hsymachinery.com\/wp-content\/uploads\/2025\/06\/cropped-HSY-machinery.png","width":600,"height":240,"caption":"HSY Construction Machinery"},"image":{"@id":"https:\/\/www.hsymachinery.com\/#\/schema\/logo\/image\/"}}]}},"_links":{"self":[{"href":"https:\/\/www.hsymachinery.com\/lt\/wp-json\/wp\/v2\/product\/9085","targetHints":{"allow":["GET"]}}],"collection":[{"href":"https:\/\/www.hsymachinery.com\/lt\/wp-json\/wp\/v2\/product"}],"about":[{"href":"https:\/\/www.hsymachinery.com\/lt\/wp-json\/wp\/v2\/types\/product"}],"version-history":[{"count":3,"href":"https:\/\/www.hsymachinery.com\/lt\/wp-json\/wp\/v2\/product\/9085\/revisions"}],"predecessor-version":[{"id":9509,"href":"https:\/\/www.hsymachinery.com\/lt\/wp-json\/wp\/v2\/product\/9085\/revisions\/9509"}],"wp:featuredmedia":[{"embeddable":true,"href":"https:\/\/www.hsymachinery.com\/lt\/wp-json\/wp\/v2\/media\/9086"}],"wp:attachment":[{"href":"https:\/\/www.hsymachinery.com\/lt\/wp-json\/wp\/v2\/media?parent=9085"}],"wp:term":[{"taxonomy":"product_brand","embeddable":true,"href":"https:\/\/www.hsymachinery.com\/lt\/wp-json\/wp\/v2\/product_brand?post=9085"},{"taxonomy":"product_cat","embeddable":true,"href":"https:\/\/www.hsymachinery.com\/lt\/wp-json\/wp\/v2\/product_cat?post=9085"},{"taxonomy":"product_tag","embeddable":true,"href":"https:\/\/www.hsymachinery.com\/lt\/wp-json\/wp\/v2\/product_tag?post=9085"}],"curies":[{"name":"wp","href":"https:\/\/api.w.org\/{rel}","templated":true}]}}