{"id":9082,"date":"2025-06-18T16:28:16","date_gmt":"2025-06-18T08:28:16","guid":{"rendered":"https:\/\/www.hsymachinery.com\/?post_type=product&#038;p=9082"},"modified":"2025-06-28T15:36:07","modified_gmt":"2025-06-28T07:36:07","slug":"tankinimo-plaktukas-ch-h110","status":"publish","type":"product","link":"https:\/\/www.hsymachinery.com\/lt\/produktas\/tankinimo-plaktukas-ch-h110\/","title":{"rendered":"Tankinimo plaktukas CH-H110"},"content":{"rendered":"<h2 data-start=\"99\" data-end=\"129\">Tankinimo plaktukas CH-H110<\/h2>\n<h3 data-start=\"130\" data-end=\"238\">CH-H110 \"Honda\" benzininis tankinimo plaktukas | Kompakti\u0161kas ir patikimas grunto tankintuvas, skirtas sud\u0117tingoms miesto darbo vietoms<\/h3>\n<h3 data-start=\"245\" data-end=\"317\">Produkto ap\u017evalga - sukurtas d\u0117l patvarumo, kuriuo pasitiki profesionalai<a href=\"https:\/\/www.hsymachinery.com\/lt\/produktai\/tankinimo-plaktukas\/\" target=\"_blank\" rel=\"noopener\"><img fetchpriority=\"high\" decoding=\"async\" class=\"wp-image-9083 alignright\" src=\"https:\/\/www.hsymachinery.com\/wp-content\/uploads\/2025\/06\/Tamping-Rammer-CH-H110-300x300.jpg\" alt=\"\" width=\"470\" height=\"470\" srcset=\"https:\/\/www.hsymachinery.com\/wp-content\/uploads\/2025\/06\/Tamping-Rammer-CH-H110-300x300.jpg 300w, https:\/\/www.hsymachinery.com\/wp-content\/uploads\/2025\/06\/Tamping-Rammer-CH-H110-150x150.jpg 150w, https:\/\/www.hsymachinery.com\/wp-content\/uploads\/2025\/06\/Tamping-Rammer-CH-H110-768x768.jpg 768w, https:\/\/www.hsymachinery.com\/wp-content\/uploads\/2025\/06\/Tamping-Rammer-CH-H110-600x600.jpg 600w, https:\/\/www.hsymachinery.com\/wp-content\/uploads\/2025\/06\/Tamping-Rammer-CH-H110-100x100.jpg 100w, https:\/\/www.hsymachinery.com\/wp-content\/uploads\/2025\/06\/Tamping-Rammer-CH-H110.jpg 800w\" sizes=\"(max-width: 470px) 100vw, 470px\" \/><\/a><\/h3>\n<p data-start=\"319\" data-end=\"672\">Svetain\u0117 <strong data-start=\"323\" data-end=\"349\">CH-H110 tankinimo plaktukas<\/strong> Kompakti\u0161kas vidutin\u0117s klas\u0117s plaktuvo dydis ir i\u0161skirtinis \"Honda GX160\" 4 takt\u0173 variklio patikimumas. \u0160is modelis, skirtas miesto statyboms, tran\u0161\u0117j\u0173 prie\u017ei\u016brai, pamat\u0173 tankinimui ir \u0161aligatvi\u0173 atstatymui, u\u017etikrina pastov\u0173 na\u0161um\u0105 ank\u0161tose erdv\u0117se ar kasdienio naudojimo aplinkoje.<\/p>\n<p data-start=\"674\" data-end=\"846\">Jis pasi\u017eymi stabilia taranavimo j\u0117ga, tyliu veikimu ir ilga variklio tarnavimo trukme, tod\u0117l yra idealus \u012frankis rangovams, kuriems reikia ir mobilumo, ir galios.<\/p>\n<h3 data-start=\"853\" data-end=\"904\">Sklandus startas, didelis poveikis ir lengvas valdymas<\/h3>\n<p data-start=\"906\" data-end=\"1160\">Su \"Honda GX160\" varikliu CH-H110 \u012fsijungia be vargo ir i\u0161laiko pastov\u0173 apsuk\u0173 diapazon\u0105, kuris u\u017etikrina tolyg\u0173 tankinim\u0105. Jo sm\u016bgius amortizuojanti rankenos sistema ir sustiprinta plienin\u0117 tamperio plok\u0161t\u0117 suma\u017eina atoveiksm\u012f ir kartu padidina sm\u016bgio gyl\u012f.<\/p>\n<p data-start=\"1162\" data-end=\"1288\">Operatoriai gali naudotis ma\u017eesne vibracija ir lengvu manevravimu, net ir ilgai dirbant nelygiu ar grubl\u0117tu pavir\u0161iumi.<\/p>\n<h3 data-start=\"1295\" data-end=\"1351\">Patikimas miesto, gyvenam\u0173j\u0173 nam\u0173 ir nutolusi\u0173 vietovi\u0173 u\u017eduotims<\/h3>\n<p data-start=\"1353\" data-end=\"1632\">D\u0117l siauro r\u0117mo ir subalansuoto svorio CH-H110 puikiai veikia intensyvaus eismo ir ribotos erdv\u0117s vietose. Nesvarbu, ar tankinate miesto \u0161aligatvius, siauras tran\u0161\u0117jas, ar atnaujinate infrastrukt\u016br\u0105, \u0161is modelis u\u017etikrina nuoseklius rezultatus, o degal\u0173 s\u0105naudos yra nedidel\u0117s.<\/p>\n<p data-start=\"1634\" data-end=\"1730\">Be to, \"Honda\" variklis visame pasaulyje pripa\u017eintas d\u0117l patikimumo ir ma\u017e\u0173 prie\u017ei\u016bros s\u0105naud\u0173.<\/p>\n<h3 data-start=\"1737\" data-end=\"1790\">Pagrindin\u0117s CH-H110 benzininio sm\u016bginio plaktuvo savyb\u0117s<\/h3>\n<ul data-start=\"1792\" data-end=\"2096\">\n<li data-start=\"1792\" data-end=\"1852\">\n<p data-start=\"1794\" data-end=\"1852\">\"Honda GX160\" variklis u\u017etikrina ilg\u0105 tarnavimo laik\u0105 ir didel\u012f efektyvum\u0105<\/p>\n<\/li>\n<li data-start=\"1853\" data-end=\"1921\">\n<p data-start=\"1855\" data-end=\"1921\">Idealiai tinka siauroms tran\u0161\u0117joms, \u0161aligatviams ir vidaus bei lauko projektams<\/p>\n<\/li>\n<li data-start=\"1922\" data-end=\"1981\">\n<p data-start=\"1924\" data-end=\"1981\">Kompakti\u0161kas, ergonomi\u0161kas dizainas su suma\u017einta vibracijos sistema<\/p>\n<\/li>\n<li data-start=\"1982\" data-end=\"2040\">\n<p data-start=\"1984\" data-end=\"2040\">Patvari plienin\u0117 tamperio plok\u0161tel\u0117, u\u017etikrinanti pastov\u0173 ir gil\u0173 sm\u016bg\u012f<\/p>\n<\/li>\n<li data-start=\"2041\" data-end=\"2096\">\n<p data-start=\"2043\" data-end=\"2096\">Puikiai tinka profesionalams ir savivaldyb\u0117ms<\/p>\n<\/li>\n<\/ul>","protected":false},"excerpt":{"rendered":"<p>CH-H110 tankinimo plaktukas su \"Honda GX160\" varikliu ir kompakti\u0161ku korpusu skirtas miesto tran\u0161\u0117joms, \u0161aligatviams ir pamatams tankinti. Stiprus, tylus ir labai patikimas.<\/p>","protected":false},"featured_media":9083,"template":"","meta":{"_kad_post_transparent":"default","_kad_post_title":"","_kad_post_layout":"default","_kad_post_sidebar_id":"","_kad_post_content_style":"default","_kad_post_vertical_padding":"default","_kad_post_feature":"","_kad_post_feature_position":"","_kad_post_header":false,"_kad_post_footer":false},"product_brand":[],"product_cat":[83],"product_tag":[1060,1057,1058,1059,1051,1052,1056,1053,1055,1054],"class_list":{"0":"post-9082","1":"product","2":"type-product","3":"status-publish","4":"has-post-thumbnail","6":"product_cat-tamping-rammer","7":"product_tag-backfill-compactor-machine","8":"product_tag-diesel-tamping-rammer","9":"product_tag-earth-tamping-machine","10":"product_tag-handheld-tamping-rammer","11":"product_tag-impact-rammer","12":"product_tag-jumping-jack-compactor","13":"product_tag-petrol-tamping-rammer","14":"product_tag-plate-tamping-rammer","15":"product_tag-soil-compaction-rammer","16":"product_tag-vibratory-tamping-rammer","18":"first","19":"instock","20":"shipping-taxable","21":"product-type-simple","22":"entry","23":"content-bg","24":"loop-entry"},"yoast_head":"<!-- This site is optimized with the Yoast SEO plugin v25.3.1 - https:\/\/yoast.com\/wordpress\/plugins\/seo\/ -->\n<title>Tamping Rammer CH-H110 - HSY Construction Machinery<\/title>\n<meta name=\"description\" content=\"CH-H110 Tamping Rammer runs on a Honda GX160 engine, offering strong soil compaction in compact spaces. Ideal for city jobsites, trenches, and pavement repairs.\" \/>\n<meta name=\"robots\" content=\"index, follow, max-snippet:-1, max-image-preview:large, max-video-preview:-1\" \/>\n<link rel=\"canonical\" href=\"https:\/\/www.hsymachinery.com\/lt\/produktas\/tankinimo-plaktukas-ch-h110\/\" \/>\n<meta property=\"og:locale\" content=\"lt_LT\" \/>\n<meta property=\"og:type\" content=\"article\" \/>\n<meta property=\"og:title\" content=\"Tamping Rammer CH-H110 - HSY Construction Machinery\" \/>\n<meta property=\"og:description\" content=\"CH-H110 Tamping Rammer runs on a Honda GX160 engine, offering strong soil compaction in compact spaces. Ideal for city jobsites, trenches, and pavement repairs.\" \/>\n<meta property=\"og:url\" content=\"https:\/\/www.hsymachinery.com\/lt\/produktas\/tankinimo-plaktukas-ch-h110\/\" \/>\n<meta property=\"og:site_name\" content=\"HSY Construction Machinery\" \/>\n<meta property=\"article:modified_time\" content=\"2025-06-28T07:36:07+00:00\" \/>\n<meta property=\"og:image\" content=\"https:\/\/www.hsymachinery.com\/wp-content\/uploads\/2025\/06\/Tamping-Rammer-CH-H110.jpg\" \/>\n\t<meta property=\"og:image:width\" content=\"800\" \/>\n\t<meta property=\"og:image:height\" content=\"800\" \/>\n\t<meta property=\"og:image:type\" content=\"image\/jpeg\" \/>\n<meta name=\"twitter:card\" content=\"summary_large_image\" \/>\n<meta name=\"twitter:label1\" content=\"Est. reading time\" \/>\n\t<meta name=\"twitter:data1\" content=\"2 minut\u0117s\" \/>\n<script type=\"application\/ld+json\" class=\"yoast-schema-graph\">{\"@context\":\"https:\/\/schema.org\",\"@graph\":[{\"@type\":\"WebPage\",\"@id\":\"https:\/\/www.hsymachinery.com\/product\/tamping-rammer-ch-h110\/\",\"url\":\"https:\/\/www.hsymachinery.com\/product\/tamping-rammer-ch-h110\/\",\"name\":\"Tamping Rammer CH-H110 - HSY Construction Machinery\",\"isPartOf\":{\"@id\":\"https:\/\/www.hsymachinery.com\/#website\"},\"primaryImageOfPage\":{\"@id\":\"https:\/\/www.hsymachinery.com\/product\/tamping-rammer-ch-h110\/#primaryimage\"},\"image\":{\"@id\":\"https:\/\/www.hsymachinery.com\/product\/tamping-rammer-ch-h110\/#primaryimage\"},\"thumbnailUrl\":\"https:\/\/www.hsymachinery.com\/wp-content\/uploads\/2025\/06\/Tamping-Rammer-CH-H110.jpg\",\"datePublished\":\"2025-06-18T08:28:16+00:00\",\"dateModified\":\"2025-06-28T07:36:07+00:00\",\"description\":\"CH-H110 Tamping Rammer runs on a Honda GX160 engine, offering strong soil compaction in compact spaces. Ideal for city jobsites, trenches, and pavement repairs.\",\"breadcrumb\":{\"@id\":\"https:\/\/www.hsymachinery.com\/product\/tamping-rammer-ch-h110\/#breadcrumb\"},\"inLanguage\":\"lt-LT\",\"potentialAction\":[{\"@type\":\"ReadAction\",\"target\":[\"https:\/\/www.hsymachinery.com\/product\/tamping-rammer-ch-h110\/\"]}]},{\"@type\":\"ImageObject\",\"inLanguage\":\"lt-LT\",\"@id\":\"https:\/\/www.hsymachinery.com\/product\/tamping-rammer-ch-h110\/#primaryimage\",\"url\":\"https:\/\/www.hsymachinery.com\/wp-content\/uploads\/2025\/06\/Tamping-Rammer-CH-H110.jpg\",\"contentUrl\":\"https:\/\/www.hsymachinery.com\/wp-content\/uploads\/2025\/06\/Tamping-Rammer-CH-H110.jpg\",\"width\":800,\"height\":800},{\"@type\":\"BreadcrumbList\",\"@id\":\"https:\/\/www.hsymachinery.com\/product\/tamping-rammer-ch-h110\/#breadcrumb\",\"itemListElement\":[{\"@type\":\"ListItem\",\"position\":1,\"name\":\"home\",\"item\":\"https:\/\/www.hsymachinery.com\/\"},{\"@type\":\"ListItem\",\"position\":2,\"name\":\"products\",\"item\":\"https:\/\/www.hsymachinery.com\/products\/\"},{\"@type\":\"ListItem\",\"position\":3,\"name\":\"Tamping Rammer CH-H110\"}]},{\"@type\":\"WebSite\",\"@id\":\"https:\/\/www.hsymachinery.com\/#website\",\"url\":\"https:\/\/www.hsymachinery.com\/\",\"name\":\"HSY Construction Machinery\",\"description\":\"HSY Machinery \u2013 A leading China construction machinery supplier, offering a wide range of light construction equipment. Our main products include Rebar Cutting Machine, Rebar Bending Machine, Rebar Stirrup Bending Machine, Rebar Arc Bending Machine, Rebar Straightening Machine, Five-Head Rebar Stirrup Bending Machine, Tamping Rammer, Plate Compactor, Concrete Cutter, Power Trowel, and other construction machinery. We are equipped with advanced CNC machines, and we enforce strict quality inspection standards along with comprehensive after-sales service. If you are interested in our products or services, we warmly welcome your inquiries via message.\",\"publisher\":{\"@id\":\"https:\/\/www.hsymachinery.com\/#organization\"},\"potentialAction\":[{\"@type\":\"SearchAction\",\"target\":{\"@type\":\"EntryPoint\",\"urlTemplate\":\"https:\/\/www.hsymachinery.com\/?s={search_term_string}\"},\"query-input\":{\"@type\":\"PropertyValueSpecification\",\"valueRequired\":true,\"valueName\":\"search_term_string\"}}],\"inLanguage\":\"lt-LT\"},{\"@type\":\"Organization\",\"@id\":\"https:\/\/www.hsymachinery.com\/#organization\",\"name\":\"HSY Construction Machinery\",\"url\":\"https:\/\/www.hsymachinery.com\/\",\"logo\":{\"@type\":\"ImageObject\",\"inLanguage\":\"lt-LT\",\"@id\":\"https:\/\/www.hsymachinery.com\/#\/schema\/logo\/image\/\",\"url\":\"https:\/\/www.hsymachinery.com\/wp-content\/uploads\/2025\/06\/cropped-HSY-machinery.png\",\"contentUrl\":\"https:\/\/www.hsymachinery.com\/wp-content\/uploads\/2025\/06\/cropped-HSY-machinery.png\",\"width\":600,\"height\":240,\"caption\":\"HSY Construction Machinery\"},\"image\":{\"@id\":\"https:\/\/www.hsymachinery.com\/#\/schema\/logo\/image\/\"}}]}<\/script>\n<!-- \/ Yoast SEO plugin. -->","yoast_head_json":{"title":"Tankinimo plaktukas CH-H110 - HSY statybin\u0117s ma\u0161inos","description":"CH-H110 tankinimo plaktukas veikia su \"Honda GX160\" varikliu, tod\u0117l stipriai sutankina dirv\u0105 kompakti\u0161kose vietose. Idealiai tinka miesto darb\u0173 aik\u0161tel\u0117ms, tran\u0161\u0117joms ir \u0161aligatvi\u0173 remonto darbams.","robots":{"index":"index","follow":"follow","max-snippet":"max-snippet:-1","max-image-preview":"max-image-preview:large","max-video-preview":"max-video-preview:-1"},"canonical":"https:\/\/www.hsymachinery.com\/lt\/produktas\/tankinimo-plaktukas-ch-h110\/","og_locale":"lt_LT","og_type":"article","og_title":"Tamping Rammer CH-H110 - HSY Construction Machinery","og_description":"CH-H110 Tamping Rammer runs on a Honda GX160 engine, offering strong soil compaction in compact spaces. Ideal for city jobsites, trenches, and pavement repairs.","og_url":"https:\/\/www.hsymachinery.com\/lt\/produktas\/tankinimo-plaktukas-ch-h110\/","og_site_name":"HSY Construction Machinery","article_modified_time":"2025-06-28T07:36:07+00:00","og_image":[{"width":800,"height":800,"url":"https:\/\/www.hsymachinery.com\/wp-content\/uploads\/2025\/06\/Tamping-Rammer-CH-H110.jpg","type":"image\/jpeg"}],"twitter_card":"summary_large_image","twitter_misc":{"Est. reading time":"2 minut\u0117s"},"schema":{"@context":"https:\/\/schema.org","@graph":[{"@type":"WebPage","@id":"https:\/\/www.hsymachinery.com\/product\/tamping-rammer-ch-h110\/","url":"https:\/\/www.hsymachinery.com\/product\/tamping-rammer-ch-h110\/","name":"Tankinimo plaktukas CH-H110 - HSY statybin\u0117s ma\u0161inos","isPartOf":{"@id":"https:\/\/www.hsymachinery.com\/#website"},"primaryImageOfPage":{"@id":"https:\/\/www.hsymachinery.com\/product\/tamping-rammer-ch-h110\/#primaryimage"},"image":{"@id":"https:\/\/www.hsymachinery.com\/product\/tamping-rammer-ch-h110\/#primaryimage"},"thumbnailUrl":"https:\/\/www.hsymachinery.com\/wp-content\/uploads\/2025\/06\/Tamping-Rammer-CH-H110.jpg","datePublished":"2025-06-18T08:28:16+00:00","dateModified":"2025-06-28T07:36:07+00:00","description":"CH-H110 tankinimo plaktukas veikia su \"Honda GX160\" varikliu, tod\u0117l stipriai sutankina dirv\u0105 kompakti\u0161kose vietose. Idealiai tinka miesto darb\u0173 aik\u0161tel\u0117ms, tran\u0161\u0117joms ir \u0161aligatvi\u0173 remonto darbams.","breadcrumb":{"@id":"https:\/\/www.hsymachinery.com\/product\/tamping-rammer-ch-h110\/#breadcrumb"},"inLanguage":"lt-LT","potentialAction":[{"@type":"ReadAction","target":["https:\/\/www.hsymachinery.com\/product\/tamping-rammer-ch-h110\/"]}]},{"@type":"ImageObject","inLanguage":"lt-LT","@id":"https:\/\/www.hsymachinery.com\/product\/tamping-rammer-ch-h110\/#primaryimage","url":"https:\/\/www.hsymachinery.com\/wp-content\/uploads\/2025\/06\/Tamping-Rammer-CH-H110.jpg","contentUrl":"https:\/\/www.hsymachinery.com\/wp-content\/uploads\/2025\/06\/Tamping-Rammer-CH-H110.jpg","width":800,"height":800},{"@type":"BreadcrumbList","@id":"https:\/\/www.hsymachinery.com\/product\/tamping-rammer-ch-h110\/#breadcrumb","itemListElement":[{"@type":"ListItem","position":1,"name":"home","item":"https:\/\/www.hsymachinery.com\/"},{"@type":"ListItem","position":2,"name":"products","item":"https:\/\/www.hsymachinery.com\/products\/"},{"@type":"ListItem","position":3,"name":"Tamping Rammer CH-H110"}]},{"@type":"WebSite","@id":"https:\/\/www.hsymachinery.com\/#website","url":"https:\/\/www.hsymachinery.com\/","name":"HSY statybin\u0117s ma\u0161inos","description":"\"HSY Machinery\" - pirmaujanti Kinijos statybos ma\u0161in\u0173 tiek\u0117ja, si\u016blanti plat\u0173 lengvosios statybos \u012frangos asortiment\u0105. Pagrindiniai m\u016bs\u0173 produktai - armat\u016bros pjovimo stakl\u0117s, armat\u016bros lenkimo stakl\u0117s, armat\u016bros stryp\u0173 lenkimo stakl\u0117s, armat\u016bros lanko lenkimo stakl\u0117s, armat\u016bros tiesinimo stakl\u0117s, penki\u0173 galvu\u010di\u0173 armat\u016bros stryp\u0173 lenkimo stakl\u0117s, tankinimo plaktukas, plok\u0161\u010di\u0173 tankintuvas, betono pjaustykl\u0117, elektrin\u0117 mentele ir kita statybin\u0117 technika. Turime pa\u017eangias CNC stakles, taikome grie\u017etus kokyb\u0117s tikrinimo standartus ir teikiame visapusi\u0161kas garantinio aptarnavimo paslaugas. Jei jus domina m\u016bs\u0173 gaminiai ar paslaugos, maloniai laukiame j\u016bs\u0173 u\u017eklaus\u0173 \u017einute.","publisher":{"@id":"https:\/\/www.hsymachinery.com\/#organization"},"potentialAction":[{"@type":"SearchAction","target":{"@type":"EntryPoint","urlTemplate":"https:\/\/www.hsymachinery.com\/?s={search_term_string}"},"query-input":{"@type":"PropertyValueSpecification","valueRequired":true,"valueName":"search_term_string"}}],"inLanguage":"lt-LT"},{"@type":"Organization","@id":"https:\/\/www.hsymachinery.com\/#organization","name":"HSY statybin\u0117s ma\u0161inos","url":"https:\/\/www.hsymachinery.com\/","logo":{"@type":"ImageObject","inLanguage":"lt-LT","@id":"https:\/\/www.hsymachinery.com\/#\/schema\/logo\/image\/","url":"https:\/\/www.hsymachinery.com\/wp-content\/uploads\/2025\/06\/cropped-HSY-machinery.png","contentUrl":"https:\/\/www.hsymachinery.com\/wp-content\/uploads\/2025\/06\/cropped-HSY-machinery.png","width":600,"height":240,"caption":"HSY Construction Machinery"},"image":{"@id":"https:\/\/www.hsymachinery.com\/#\/schema\/logo\/image\/"}}]}},"_links":{"self":[{"href":"https:\/\/www.hsymachinery.com\/lt\/wp-json\/wp\/v2\/product\/9082","targetHints":{"allow":["GET"]}}],"collection":[{"href":"https:\/\/www.hsymachinery.com\/lt\/wp-json\/wp\/v2\/product"}],"about":[{"href":"https:\/\/www.hsymachinery.com\/lt\/wp-json\/wp\/v2\/types\/product"}],"version-history":[{"count":3,"href":"https:\/\/www.hsymachinery.com\/lt\/wp-json\/wp\/v2\/product\/9082\/revisions"}],"predecessor-version":[{"id":9507,"href":"https:\/\/www.hsymachinery.com\/lt\/wp-json\/wp\/v2\/product\/9082\/revisions\/9507"}],"wp:featuredmedia":[{"embeddable":true,"href":"https:\/\/www.hsymachinery.com\/lt\/wp-json\/wp\/v2\/media\/9083"}],"wp:attachment":[{"href":"https:\/\/www.hsymachinery.com\/lt\/wp-json\/wp\/v2\/media?parent=9082"}],"wp:term":[{"taxonomy":"product_brand","embeddable":true,"href":"https:\/\/www.hsymachinery.com\/lt\/wp-json\/wp\/v2\/product_brand?post=9082"},{"taxonomy":"product_cat","embeddable":true,"href":"https:\/\/www.hsymachinery.com\/lt\/wp-json\/wp\/v2\/product_cat?post=9082"},{"taxonomy":"product_tag","embeddable":true,"href":"https:\/\/www.hsymachinery.com\/lt\/wp-json\/wp\/v2\/product_tag?post=9082"}],"curies":[{"name":"wp","href":"https:\/\/api.w.org\/{rel}","templated":true}]}}