{"id":9073,"date":"2025-06-18T16:23:56","date_gmt":"2025-06-18T08:23:56","guid":{"rendered":"https:\/\/www.hsymachinery.com\/?post_type=product&#038;p=9073"},"modified":"2025-06-28T15:24:41","modified_gmt":"2025-06-28T07:24:41","slug":"tankinimo-plaktukas-ch-h100","status":"publish","type":"product","link":"https:\/\/www.hsymachinery.com\/lt\/produktas\/tankinimo-plaktukas-ch-h100\/","title":{"rendered":"Tankinimo plaktukas CH-H100"},"content":{"rendered":"<h2 data-start=\"115\" data-end=\"145\">Tankinimo plaktukas CH-H100<\/h2>\n<h3 data-start=\"146\" data-end=\"261\">CH-H100 \"Honda\" benzininis tankinimo plaktukas | Patikimas ir galingas grunto tankintuvas profesionaliems statybos darbams<\/h3>\n<h3 data-start=\"268\" data-end=\"342\">Gaminio ap\u017evalga - auk\u0161\u010diausios kokyb\u0117s tankinimas ir \"Honda\" variklio patikimumas<a href=\"https:\/\/www.hsymachinery.com\/lt\/produktai\/tankinimo-plaktukas\/\" target=\"_blank\" rel=\"noopener\"><img fetchpriority=\"high\" decoding=\"async\" class=\"wp-image-9074 alignright\" src=\"https:\/\/www.hsymachinery.com\/wp-content\/uploads\/2025\/06\/Tamping-Rammer-CH-H100-300x300.jpg\" alt=\"\" width=\"476\" height=\"476\" srcset=\"https:\/\/www.hsymachinery.com\/wp-content\/uploads\/2025\/06\/Tamping-Rammer-CH-H100-300x300.jpg 300w, https:\/\/www.hsymachinery.com\/wp-content\/uploads\/2025\/06\/Tamping-Rammer-CH-H100-150x150.jpg 150w, https:\/\/www.hsymachinery.com\/wp-content\/uploads\/2025\/06\/Tamping-Rammer-CH-H100-768x768.jpg 768w, https:\/\/www.hsymachinery.com\/wp-content\/uploads\/2025\/06\/Tamping-Rammer-CH-H100-600x600.jpg 600w, https:\/\/www.hsymachinery.com\/wp-content\/uploads\/2025\/06\/Tamping-Rammer-CH-H100-100x100.jpg 100w, https:\/\/www.hsymachinery.com\/wp-content\/uploads\/2025\/06\/Tamping-Rammer-CH-H100.jpg 800w\" sizes=\"(max-width: 476px) 100vw, 476px\" \/><\/a><\/h3>\n<p data-start=\"344\" data-end=\"644\">Svetain\u0117 <strong data-start=\"348\" data-end=\"374\">CH-H100 tankinimo plaktukas<\/strong> \u012frengtas visame pasaulyje patikimas \"Honda GX160\" benzininis variklis, u\u017etikrinantis stabil\u0173, didel\u012f tankinimo poveik\u012f \u012fvairiems dirvo\u017eemio tipams. \u0160\u012f model\u012f m\u0117gsta rangovai, kurie teikia pirmenyb\u0119 variklio patikimumui, lengvai prie\u017ei\u016brai ir ilgam tarnavimo laikui.<\/p>\n<p data-start=\"646\" data-end=\"808\">Jis puikiai tinka tran\u0161\u0117j\u0173 kasimo, pamat\u0173 \u012frengimo, asfalto u\u017etaisymo ir miesto statyb\u0173 darbams, ypa\u010d lauke ar pusiau atokioje aplinkoje.<\/p>\n<h3 data-start=\"815\" data-end=\"864\">Sukurtas, kad b\u016bt\u0173 patvarus ir na\u0161us lauke<\/h3>\n<p data-start=\"866\" data-end=\"1194\">\"Honda GX160\" variklis lengvai u\u017evedamas, sunaudojama nedaug degal\u0173 ir i\u0161vystomas didelis sukimo momentas, tod\u0117l CH-H100 tinka ir sm\u0117lingoms, ir ri\u0161lioms dirvoms. Ma\u0161inos sustiprinta sm\u016bgius amortizuojanti tvirtinimo sistema suma\u017eina operatoriaus nuovarg\u012f, o didelio atsparumo tempimo plienin\u0117 tamprinimo plok\u0161t\u0117 u\u017etikrina ilgalaik\u012f patvarum\u0105.<\/p>\n<p data-start=\"1196\" data-end=\"1291\">D\u0117l kompakti\u0161ko r\u0117mo galima patekti \u012f siauras erdves nesuma\u017einant na\u0161umo ir stabilumo.<\/p>\n<h3 data-start=\"1298\" data-end=\"1348\">Patikimas darboviet\u0117s s\u0105lygoms<\/h3>\n<p data-start=\"1350\" data-end=\"1580\">CH-H100 gali b\u016bti naudojamas nuo savivaldybi\u0173 remonto iki infrastrukt\u016bros atnaujinimo - jis gali nuolat veikti at\u0161iauriomis lauko s\u0105lygomis. Naudojantis pasauliniu \"Honda\" atsargini\u0173 dali\u0173 palaikymo tinklu, technin\u0117 prie\u017ei\u016bra yra paprasta ir j\u0105 galima atlikti bet kurioje pasaulio vietoje.<\/p>\n<p data-start=\"1582\" data-end=\"1702\">Nesvarbu, ar tankinate ank\u0161tose erdv\u0117se, ar ilgesn\u012f laik\u0105, \u0161is modelis kaskart u\u017etikrina profesionalaus lygio rezultatus.<\/p>\n<h3 data-start=\"1709\" data-end=\"1762\">Pagrindin\u0117s CH-H100 benzininio sm\u016bginio plaktuvo savyb\u0117s<\/h3>\n<ul data-start=\"1764\" data-end=\"2081\">\n<li data-start=\"1764\" data-end=\"1817\">\n<p data-start=\"1766\" data-end=\"1817\">Variklis varomas \"Honda GX160\" 4 takt\u0173 benzininiu varikliu<\/p>\n<\/li>\n<li data-start=\"1818\" data-end=\"1877\">\n<p data-start=\"1820\" data-end=\"1877\">Didel\u0117 taranavimo j\u0117ga, taupus degal\u0173 naudojimas ir tylus veikimas<\/p>\n<\/li>\n<li data-start=\"1878\" data-end=\"1944\">\n<p data-start=\"1880\" data-end=\"1944\">Idealiai tinka tran\u0161\u0117joms, pamatams, asfalto remontui ir statybviet\u0117s paruo\u0161imui<\/p>\n<\/li>\n<li data-start=\"1945\" data-end=\"2014\">\n<p data-start=\"1947\" data-end=\"2014\">Auk\u0161\u010diausias patikimumas ir ilgaam\u017ei\u0161kumas bei galimyb\u0117 \u012fsigyti dali\u0173 visame pasaulyje<\/p>\n<\/li>\n<li data-start=\"2015\" data-end=\"2081\">\n<p data-start=\"2017\" data-end=\"2081\">Sustiprintas plieninis pagrindas ir ergonomi\u0161ka vibracijos ma\u017einimo sistema<\/p>\n<\/li>\n<\/ul>\n<p><iframe title=\"tankintuvas, tankinimo plaktukas, tamperis, plok\u0161\u010di\u0173 tankintuvas, statybin\u0117 vibracija, tankinimo ma\u0161ina.#tamping\" width=\"720\" height=\"540\" src=\"https:\/\/www.youtube.com\/embed\/j8Nod6Mcz9w?feature=oembed\" frameborder=\"0\" allow=\"accelerometer; autoplay; clipboard-write; encrypted-media; gyroscope; picture-in-picture; web-share\" referrerpolicy=\"strict-origin-when-cross-origin\" allowfullscreen><\/iframe><\/p>","protected":false},"excerpt":{"rendered":"<p>CH-H100 tankinimo volas naudoja \"Honda GX160\" varikl\u012f, kuris u\u017etikrina galing\u0105 ir tolyg\u0173 dirvos sutankinim\u0105. Patikimas na\u0161umas reikliems profesionaliems darbams.<\/p>","protected":false},"featured_media":9074,"template":"","meta":{"_kad_post_transparent":"default","_kad_post_title":"","_kad_post_layout":"default","_kad_post_sidebar_id":"","_kad_post_content_style":"default","_kad_post_vertical_padding":"default","_kad_post_feature":"","_kad_post_feature_position":"","_kad_post_header":false,"_kad_post_footer":false},"product_brand":[],"product_cat":[83],"product_tag":[1060,1057,1058,1059,1051,1052,1056,1053,1055,1054],"class_list":{"0":"post-9073","1":"product","2":"type-product","3":"status-publish","4":"has-post-thumbnail","6":"product_cat-tamping-rammer","7":"product_tag-backfill-compactor-machine","8":"product_tag-diesel-tamping-rammer","9":"product_tag-earth-tamping-machine","10":"product_tag-handheld-tamping-rammer","11":"product_tag-impact-rammer","12":"product_tag-jumping-jack-compactor","13":"product_tag-petrol-tamping-rammer","14":"product_tag-plate-tamping-rammer","15":"product_tag-soil-compaction-rammer","16":"product_tag-vibratory-tamping-rammer","18":"first","19":"instock","20":"shipping-taxable","21":"product-type-simple","22":"entry","23":"content-bg","24":"loop-entry"},"yoast_head":"<!-- This site is optimized with the Yoast SEO plugin v25.3.1 - https:\/\/yoast.com\/wordpress\/plugins\/seo\/ -->\n<title>Tamping Rammer CH-H100 - HSY Construction Machinery<\/title>\n<meta name=\"description\" content=\"CH-H100 Honda Tamping Rammer offers high-performance compaction with a GX160 engine. Built for trench, road, and foundation work. Durable and globally serviceable.\" \/>\n<meta name=\"robots\" content=\"index, follow, max-snippet:-1, max-image-preview:large, max-video-preview:-1\" \/>\n<link rel=\"canonical\" href=\"https:\/\/www.hsymachinery.com\/lt\/produktas\/tankinimo-plaktukas-ch-h100\/\" \/>\n<meta property=\"og:locale\" content=\"lt_LT\" \/>\n<meta property=\"og:type\" content=\"article\" \/>\n<meta property=\"og:title\" content=\"Tamping Rammer CH-H100 - HSY Construction Machinery\" \/>\n<meta property=\"og:description\" content=\"CH-H100 Honda Tamping Rammer offers high-performance compaction with a GX160 engine. Built for trench, road, and foundation work. Durable and globally serviceable.\" \/>\n<meta property=\"og:url\" content=\"https:\/\/www.hsymachinery.com\/lt\/produktas\/tankinimo-plaktukas-ch-h100\/\" \/>\n<meta property=\"og:site_name\" content=\"HSY Construction Machinery\" \/>\n<meta property=\"article:modified_time\" content=\"2025-06-28T07:24:41+00:00\" \/>\n<meta property=\"og:image\" content=\"https:\/\/www.hsymachinery.com\/wp-content\/uploads\/2025\/06\/Tamping-Rammer-CH-H100.jpg\" \/>\n\t<meta property=\"og:image:width\" content=\"800\" \/>\n\t<meta property=\"og:image:height\" content=\"800\" \/>\n\t<meta property=\"og:image:type\" content=\"image\/jpeg\" \/>\n<meta name=\"twitter:card\" content=\"summary_large_image\" \/>\n<meta name=\"twitter:label1\" content=\"Est. reading time\" \/>\n\t<meta name=\"twitter:data1\" content=\"2 minut\u0117s\" \/>\n<script type=\"application\/ld+json\" class=\"yoast-schema-graph\">{\"@context\":\"https:\/\/schema.org\",\"@graph\":[{\"@type\":\"WebPage\",\"@id\":\"https:\/\/www.hsymachinery.com\/product\/tamping-rammer-ch-h100\/\",\"url\":\"https:\/\/www.hsymachinery.com\/product\/tamping-rammer-ch-h100\/\",\"name\":\"Tamping Rammer CH-H100 - HSY Construction Machinery\",\"isPartOf\":{\"@id\":\"https:\/\/www.hsymachinery.com\/#website\"},\"primaryImageOfPage\":{\"@id\":\"https:\/\/www.hsymachinery.com\/product\/tamping-rammer-ch-h100\/#primaryimage\"},\"image\":{\"@id\":\"https:\/\/www.hsymachinery.com\/product\/tamping-rammer-ch-h100\/#primaryimage\"},\"thumbnailUrl\":\"https:\/\/www.hsymachinery.com\/wp-content\/uploads\/2025\/06\/Tamping-Rammer-CH-H100.jpg\",\"datePublished\":\"2025-06-18T08:23:56+00:00\",\"dateModified\":\"2025-06-28T07:24:41+00:00\",\"description\":\"CH-H100 Honda Tamping Rammer offers high-performance compaction with a GX160 engine. Built for trench, road, and foundation work. Durable and globally serviceable.\",\"breadcrumb\":{\"@id\":\"https:\/\/www.hsymachinery.com\/product\/tamping-rammer-ch-h100\/#breadcrumb\"},\"inLanguage\":\"lt-LT\",\"potentialAction\":[{\"@type\":\"ReadAction\",\"target\":[\"https:\/\/www.hsymachinery.com\/product\/tamping-rammer-ch-h100\/\"]}]},{\"@type\":\"ImageObject\",\"inLanguage\":\"lt-LT\",\"@id\":\"https:\/\/www.hsymachinery.com\/product\/tamping-rammer-ch-h100\/#primaryimage\",\"url\":\"https:\/\/www.hsymachinery.com\/wp-content\/uploads\/2025\/06\/Tamping-Rammer-CH-H100.jpg\",\"contentUrl\":\"https:\/\/www.hsymachinery.com\/wp-content\/uploads\/2025\/06\/Tamping-Rammer-CH-H100.jpg\",\"width\":800,\"height\":800},{\"@type\":\"BreadcrumbList\",\"@id\":\"https:\/\/www.hsymachinery.com\/product\/tamping-rammer-ch-h100\/#breadcrumb\",\"itemListElement\":[{\"@type\":\"ListItem\",\"position\":1,\"name\":\"home\",\"item\":\"https:\/\/www.hsymachinery.com\/\"},{\"@type\":\"ListItem\",\"position\":2,\"name\":\"products\",\"item\":\"https:\/\/www.hsymachinery.com\/products\/\"},{\"@type\":\"ListItem\",\"position\":3,\"name\":\"Tamping Rammer CH-H100\"}]},{\"@type\":\"WebSite\",\"@id\":\"https:\/\/www.hsymachinery.com\/#website\",\"url\":\"https:\/\/www.hsymachinery.com\/\",\"name\":\"HSY Construction Machinery\",\"description\":\"HSY Machinery \u2013 A leading China construction machinery supplier, offering a wide range of light construction equipment. Our main products include Rebar Cutting Machine, Rebar Bending Machine, Rebar Stirrup Bending Machine, Rebar Arc Bending Machine, Rebar Straightening Machine, Five-Head Rebar Stirrup Bending Machine, Tamping Rammer, Plate Compactor, Concrete Cutter, Power Trowel, and other construction machinery. We are equipped with advanced CNC machines, and we enforce strict quality inspection standards along with comprehensive after-sales service. If you are interested in our products or services, we warmly welcome your inquiries via message.\",\"publisher\":{\"@id\":\"https:\/\/www.hsymachinery.com\/#organization\"},\"potentialAction\":[{\"@type\":\"SearchAction\",\"target\":{\"@type\":\"EntryPoint\",\"urlTemplate\":\"https:\/\/www.hsymachinery.com\/?s={search_term_string}\"},\"query-input\":{\"@type\":\"PropertyValueSpecification\",\"valueRequired\":true,\"valueName\":\"search_term_string\"}}],\"inLanguage\":\"lt-LT\"},{\"@type\":\"Organization\",\"@id\":\"https:\/\/www.hsymachinery.com\/#organization\",\"name\":\"HSY Construction Machinery\",\"url\":\"https:\/\/www.hsymachinery.com\/\",\"logo\":{\"@type\":\"ImageObject\",\"inLanguage\":\"lt-LT\",\"@id\":\"https:\/\/www.hsymachinery.com\/#\/schema\/logo\/image\/\",\"url\":\"https:\/\/www.hsymachinery.com\/wp-content\/uploads\/2025\/06\/cropped-HSY-machinery.png\",\"contentUrl\":\"https:\/\/www.hsymachinery.com\/wp-content\/uploads\/2025\/06\/cropped-HSY-machinery.png\",\"width\":600,\"height\":240,\"caption\":\"HSY Construction Machinery\"},\"image\":{\"@id\":\"https:\/\/www.hsymachinery.com\/#\/schema\/logo\/image\/\"}}]}<\/script>\n<!-- \/ Yoast SEO plugin. -->","yoast_head_json":{"title":"Tankinimo plaktukas CH-H100 - HSY statybin\u0117s ma\u0161inos","description":"CH-H100 \"Honda\" tankinimo plaktukas su GX160 varikliu u\u017etikrina didelio na\u0161umo tankinim\u0105. Sukurtas tran\u0161\u0117j\u0173, keli\u0173 ir pamat\u0173 darbams. Patvarus ir visame pasaulyje aptarnaujamas.","robots":{"index":"index","follow":"follow","max-snippet":"max-snippet:-1","max-image-preview":"max-image-preview:large","max-video-preview":"max-video-preview:-1"},"canonical":"https:\/\/www.hsymachinery.com\/lt\/produktas\/tankinimo-plaktukas-ch-h100\/","og_locale":"lt_LT","og_type":"article","og_title":"Tamping Rammer CH-H100 - HSY Construction Machinery","og_description":"CH-H100 Honda Tamping Rammer offers high-performance compaction with a GX160 engine. Built for trench, road, and foundation work. Durable and globally serviceable.","og_url":"https:\/\/www.hsymachinery.com\/lt\/produktas\/tankinimo-plaktukas-ch-h100\/","og_site_name":"HSY Construction Machinery","article_modified_time":"2025-06-28T07:24:41+00:00","og_image":[{"width":800,"height":800,"url":"https:\/\/www.hsymachinery.com\/wp-content\/uploads\/2025\/06\/Tamping-Rammer-CH-H100.jpg","type":"image\/jpeg"}],"twitter_card":"summary_large_image","twitter_misc":{"Est. reading time":"2 minut\u0117s"},"schema":{"@context":"https:\/\/schema.org","@graph":[{"@type":"WebPage","@id":"https:\/\/www.hsymachinery.com\/product\/tamping-rammer-ch-h100\/","url":"https:\/\/www.hsymachinery.com\/product\/tamping-rammer-ch-h100\/","name":"Tankinimo plaktukas CH-H100 - HSY statybin\u0117s ma\u0161inos","isPartOf":{"@id":"https:\/\/www.hsymachinery.com\/#website"},"primaryImageOfPage":{"@id":"https:\/\/www.hsymachinery.com\/product\/tamping-rammer-ch-h100\/#primaryimage"},"image":{"@id":"https:\/\/www.hsymachinery.com\/product\/tamping-rammer-ch-h100\/#primaryimage"},"thumbnailUrl":"https:\/\/www.hsymachinery.com\/wp-content\/uploads\/2025\/06\/Tamping-Rammer-CH-H100.jpg","datePublished":"2025-06-18T08:23:56+00:00","dateModified":"2025-06-28T07:24:41+00:00","description":"CH-H100 \"Honda\" tankinimo plaktukas su GX160 varikliu u\u017etikrina didelio na\u0161umo tankinim\u0105. Sukurtas tran\u0161\u0117j\u0173, keli\u0173 ir pamat\u0173 darbams. Patvarus ir visame pasaulyje aptarnaujamas.","breadcrumb":{"@id":"https:\/\/www.hsymachinery.com\/product\/tamping-rammer-ch-h100\/#breadcrumb"},"inLanguage":"lt-LT","potentialAction":[{"@type":"ReadAction","target":["https:\/\/www.hsymachinery.com\/product\/tamping-rammer-ch-h100\/"]}]},{"@type":"ImageObject","inLanguage":"lt-LT","@id":"https:\/\/www.hsymachinery.com\/product\/tamping-rammer-ch-h100\/#primaryimage","url":"https:\/\/www.hsymachinery.com\/wp-content\/uploads\/2025\/06\/Tamping-Rammer-CH-H100.jpg","contentUrl":"https:\/\/www.hsymachinery.com\/wp-content\/uploads\/2025\/06\/Tamping-Rammer-CH-H100.jpg","width":800,"height":800},{"@type":"BreadcrumbList","@id":"https:\/\/www.hsymachinery.com\/product\/tamping-rammer-ch-h100\/#breadcrumb","itemListElement":[{"@type":"ListItem","position":1,"name":"home","item":"https:\/\/www.hsymachinery.com\/"},{"@type":"ListItem","position":2,"name":"products","item":"https:\/\/www.hsymachinery.com\/products\/"},{"@type":"ListItem","position":3,"name":"Tamping Rammer CH-H100"}]},{"@type":"WebSite","@id":"https:\/\/www.hsymachinery.com\/#website","url":"https:\/\/www.hsymachinery.com\/","name":"HSY statybin\u0117s ma\u0161inos","description":"\"HSY Machinery\" - pirmaujanti Kinijos statybos ma\u0161in\u0173 tiek\u0117ja, si\u016blanti plat\u0173 lengvosios statybos \u012frangos asortiment\u0105. Pagrindiniai m\u016bs\u0173 produktai - armat\u016bros pjovimo stakl\u0117s, armat\u016bros lenkimo stakl\u0117s, armat\u016bros stryp\u0173 lenkimo stakl\u0117s, armat\u016bros lanko lenkimo stakl\u0117s, armat\u016bros tiesinimo stakl\u0117s, penki\u0173 galvu\u010di\u0173 armat\u016bros stryp\u0173 lenkimo stakl\u0117s, tankinimo plaktukas, plok\u0161\u010di\u0173 tankintuvas, betono pjaustykl\u0117, elektrin\u0117 mentele ir kita statybin\u0117 technika. Turime pa\u017eangias CNC stakles, taikome grie\u017etus kokyb\u0117s tikrinimo standartus ir teikiame visapusi\u0161kas garantinio aptarnavimo paslaugas. Jei jus domina m\u016bs\u0173 gaminiai ar paslaugos, maloniai laukiame j\u016bs\u0173 u\u017eklaus\u0173 \u017einute.","publisher":{"@id":"https:\/\/www.hsymachinery.com\/#organization"},"potentialAction":[{"@type":"SearchAction","target":{"@type":"EntryPoint","urlTemplate":"https:\/\/www.hsymachinery.com\/?s={search_term_string}"},"query-input":{"@type":"PropertyValueSpecification","valueRequired":true,"valueName":"search_term_string"}}],"inLanguage":"lt-LT"},{"@type":"Organization","@id":"https:\/\/www.hsymachinery.com\/#organization","name":"HSY statybin\u0117s ma\u0161inos","url":"https:\/\/www.hsymachinery.com\/","logo":{"@type":"ImageObject","inLanguage":"lt-LT","@id":"https:\/\/www.hsymachinery.com\/#\/schema\/logo\/image\/","url":"https:\/\/www.hsymachinery.com\/wp-content\/uploads\/2025\/06\/cropped-HSY-machinery.png","contentUrl":"https:\/\/www.hsymachinery.com\/wp-content\/uploads\/2025\/06\/cropped-HSY-machinery.png","width":600,"height":240,"caption":"HSY Construction Machinery"},"image":{"@id":"https:\/\/www.hsymachinery.com\/#\/schema\/logo\/image\/"}}]}},"_links":{"self":[{"href":"https:\/\/www.hsymachinery.com\/lt\/wp-json\/wp\/v2\/product\/9073","targetHints":{"allow":["GET"]}}],"collection":[{"href":"https:\/\/www.hsymachinery.com\/lt\/wp-json\/wp\/v2\/product"}],"about":[{"href":"https:\/\/www.hsymachinery.com\/lt\/wp-json\/wp\/v2\/types\/product"}],"version-history":[{"count":4,"href":"https:\/\/www.hsymachinery.com\/lt\/wp-json\/wp\/v2\/product\/9073\/revisions"}],"predecessor-version":[{"id":9500,"href":"https:\/\/www.hsymachinery.com\/lt\/wp-json\/wp\/v2\/product\/9073\/revisions\/9500"}],"wp:featuredmedia":[{"embeddable":true,"href":"https:\/\/www.hsymachinery.com\/lt\/wp-json\/wp\/v2\/media\/9074"}],"wp:attachment":[{"href":"https:\/\/www.hsymachinery.com\/lt\/wp-json\/wp\/v2\/media?parent=9073"}],"wp:term":[{"taxonomy":"product_brand","embeddable":true,"href":"https:\/\/www.hsymachinery.com\/lt\/wp-json\/wp\/v2\/product_brand?post=9073"},{"taxonomy":"product_cat","embeddable":true,"href":"https:\/\/www.hsymachinery.com\/lt\/wp-json\/wp\/v2\/product_cat?post=9073"},{"taxonomy":"product_tag","embeddable":true,"href":"https:\/\/www.hsymachinery.com\/lt\/wp-json\/wp\/v2\/product_tag?post=9073"}],"curies":[{"name":"wp","href":"https:\/\/api.w.org\/{rel}","templated":true}]}}