{"id":9050,"date":"2025-06-18T15:35:27","date_gmt":"2025-06-18T07:35:27","guid":{"rendered":"https:\/\/www.hsymachinery.com\/?post_type=product&#038;p=9050"},"modified":"2025-06-28T13:46:51","modified_gmt":"2025-06-28T05:46:51","slug":"automatines-strypu-lenkimo-stakles-stwq4-14b","status":"publish","type":"product","link":"https:\/\/www.hsymachinery.com\/lt\/produktas\/automatines-strypu-lenkimo-stakles-stwq4-14b\/","title":{"rendered":"Automatin\u0117s stirp\u0173 lenkimo stakl\u0117s STWQ4-14B"},"content":{"rendered":"<h2 data-start=\"124\" data-end=\"175\">Automatin\u0117s stirp\u0173 lenkimo stakl\u0117s STWQ4-14B<\/h2>\n<h3 data-start=\"176\" data-end=\"296\">STWQ4-14B Automatinis armat\u016bros stryp\u0173 lenkimo aparatas | I\u0161pl\u0117stin\u0117 CNC rit\u0117s tipo plienini\u0173 stryp\u0173 lenkimo ma\u0161ina 4-12 mm armat\u016brai<\/h3>\n<h3 data-start=\"303\" data-end=\"382\">Gaminio ap\u017evalga - optimizuotas lanks\u010diai, greitaeigei stirp\u0173 gamybai<a href=\"https:\/\/www.hsymachinery.com\/lt\/produktai\/automatines-strypu-lenkimo-stakles\/\" target=\"_blank\" rel=\"noopener\"><img fetchpriority=\"high\" decoding=\"async\" class=\"wp-image-9051 alignright\" src=\"https:\/\/www.hsymachinery.com\/wp-content\/uploads\/2025\/06\/Automatic-Stirrup-Bending-Machine-STWQ4-14B-parameter-300x300.jpg\" alt=\"\" width=\"502\" height=\"502\" srcset=\"https:\/\/www.hsymachinery.com\/wp-content\/uploads\/2025\/06\/Automatic-Stirrup-Bending-Machine-STWQ4-14B-parameter-300x300.jpg 300w, https:\/\/www.hsymachinery.com\/wp-content\/uploads\/2025\/06\/Automatic-Stirrup-Bending-Machine-STWQ4-14B-parameter-150x150.jpg 150w, https:\/\/www.hsymachinery.com\/wp-content\/uploads\/2025\/06\/Automatic-Stirrup-Bending-Machine-STWQ4-14B-parameter-100x100.jpg 100w, https:\/\/www.hsymachinery.com\/wp-content\/uploads\/2025\/06\/Automatic-Stirrup-Bending-Machine-STWQ4-14B-parameter.jpg 600w\" sizes=\"(max-width: 502px) 100vw, 502px\" \/><\/a><\/h3>\n<p data-start=\"384\" data-end=\"782\">Svetain\u0117 <strong data-start=\"388\" data-end=\"435\">STWQ4-14B automatin\u0117s stryp\u0173 lenkimo stakl\u0117s<\/strong> yra sukurtas taip, kad b\u016bt\u0173 galima tiksliai ir dideliu grei\u010diu formuoti strypus i\u0161 suvyniot\u0173 armat\u016bros stryp\u0173, kuri\u0173 storis svyruoja nuo 4 mm iki 12 mm. \u0160is modelis i\u0161siskiria didesniu r\u0117mo stabilumu, sklandesne padavimo sistema ir trumpesniu ciklo laiku, tod\u0117l yra auk\u0161\u010diausio lygio pasirinkimas didelio na\u0161umo statybviet\u0117se, modulin\u0117se gamybos aik\u0161tel\u0117se ir armat\u016bros apdirbimo centruose.<\/p>\n<p data-start=\"784\" data-end=\"943\">Integruojant visi\u0161kai automatizuotus tiesinimo, pjaustymo ir lenkimo procesus, \u0161i ma\u0161ina supaprastina gamyb\u0105 ir suma\u017eina med\u017eiag\u0173 \u0161vaistym\u0105 bei darbo s\u0105naudas.<\/p>\n<h3 data-start=\"950\" data-end=\"1005\">I\u0161manus veikimas, greitas perjungimas ir \u0161var\u016bs lenkimai<\/h3>\n<p data-start=\"1007\" data-end=\"1303\">STWQ4-14B turi patobulint\u0105 CNC valdymo skydel\u012f, kuris palaiko formos atminties saugojim\u0105, tod\u0117l operatoriai gali per kelias sekundes perjungti dizain\u0105. Jo didelio tikslumo servo varikliai valdo automatines padavimo ir lenkimo rankenas, tod\u0117l u\u017etikrinama vienoda kokyb\u0117 net ir gaminant dideles serijas.<\/p>\n<p data-start=\"1305\" data-end=\"1462\">Reguliuojamas ritininis tiesintuvas suma\u017eina deformacij\u0105 ir padeda tiksliai nustatyti kamp\u0105, tinka tiek simetri\u0161kiems, tiek sud\u0117tingiems str\u0117n\u0173 modeliams.<\/p>\n<h3 data-start=\"1469\" data-end=\"1526\">Sustiprintas dizainas ir tarptautinis suderinamumas<\/h3>\n<p data-start=\"1528\" data-end=\"1801\">STWQ4-14B turi storesn\u012f plienin\u012f r\u0117m\u0105, tod\u0117l suma\u017e\u0117ja vibracija ir padid\u0117ja ilgalaikis patvarumas. Modulin\u0117 konstrukcija leid\u017eia lengviau atlikti technin\u0119 prie\u017ei\u016br\u0105, be to, \u012frenginyje yra saugos signalizacijos, centrinio tepimo ir maitinimo apsaugos funkcijos.<\/p>\n<p data-start=\"1803\" data-end=\"1931\">Jis veikia 380 V\/50 Hz maitinimo re\u017eimu ir gali b\u016bti pritaikytas tarptautiniams \u012ftampos standartams, tod\u0117l lengvai tenkina pasaulinio eksporto poreikius.<\/p>\n<h3 data-start=\"1938\" data-end=\"1994\">Pagrindin\u0117s STWQ4-14B automatinio stipin\u0173 lenktuvo savyb\u0117s<\/h3>\n<ul data-start=\"1996\" data-end=\"2313\">\n<li data-start=\"1996\" data-end=\"2062\">\n<p data-start=\"1998\" data-end=\"2062\">Apdoroja 4-12 mm suvyniotus plieninius strypus \u012f \u012fvairias stryp\u0173 formas<\/p>\n<\/li>\n<li data-start=\"2063\" data-end=\"2133\">\n<p data-start=\"2065\" data-end=\"2133\">Pa\u017eangi CNC s\u0105saja su formos atmintimi greitam programos keitimui<\/p>\n<\/li>\n<li data-start=\"2134\" data-end=\"2190\">\n<p data-start=\"2136\" data-end=\"2190\">Patobulinta varikli\u0173 sistema ir greito formavimo lenkimo galvut\u0117s<\/p>\n<\/li>\n<li data-start=\"2191\" data-end=\"2252\">\n<p data-start=\"2193\" data-end=\"2252\">Tvirtas r\u0117mas su integruotu tepimu ir gedim\u0173 signalizacija<\/p>\n<\/li>\n<li data-start=\"2253\" data-end=\"2313\">\n<p data-start=\"2255\" data-end=\"2313\">Skirtas eksporto rinkoms ir ilgam pramoniniam naudojimui<\/p>\n<\/li>\n<\/ul>\n<p><iframe title=\"Stryp\u0173 lenkimo stakl\u0117s, CNC armat\u016bros lenkimo stakl\u0117s, armat\u016bros stakl\u0117s, armat\u016bros stryp\u0173 lenkimo stakl\u0117s\" width=\"720\" height=\"540\" src=\"https:\/\/www.youtube.com\/embed\/7lyC3GtmOvI?feature=oembed\" frameborder=\"0\" allow=\"accelerometer; autoplay; clipboard-write; encrypted-media; gyroscope; picture-in-picture; web-share\" referrerpolicy=\"strict-origin-when-cross-origin\" allowfullscreen><\/iframe><\/p>","protected":false},"excerpt":{"rendered":"<p>STWQ4-14B CNC tikslumu formuoja 4-12 mm suvyniot\u0105 armat\u016bros stryp\u0105 \u012f strypus. pasi\u017eymi greitu program\u0173 perjungimu, dideliu stabilumu ir dideliu grei\u010diu formuoja pramoniniams darbams.<\/p>","protected":false},"featured_media":9052,"template":"","meta":{"_kad_post_transparent":"default","_kad_post_title":"","_kad_post_layout":"default","_kad_post_sidebar_id":"","_kad_post_content_style":"default","_kad_post_vertical_padding":"default","_kad_post_feature":"","_kad_post_feature_position":"","_kad_post_header":false,"_kad_post_footer":false},"product_brand":[],"product_cat":[61],"product_tag":[998,1043,1042,1044,1046,1048,1045,1050,1047,1049],"class_list":{"0":"post-9050","1":"product","2":"type-product","3":"status-publish","4":"has-post-thumbnail","6":"product_cat-automatic-stirrup-bending-machine","7":"product_tag-automatic-rebar-bending-machine","8":"product_tag-automatic-rebar-stirrup-bending-and-cutting-machine","9":"product_tag-cnc-automatic-stirrup-bending-and-cutting-machine","10":"product_tag-cnc-stirrup-bending-machine","11":"product_tag-rebar-stirrup-making-machine","12":"product_tag-reinforcement-bar-stirrup-bender","13":"product_tag-steel-bar-stirrup-bender","14":"product_tag-stirrup-bender-for-construction-steel","15":"product_tag-stirrup-forming-machine","16":"product_tag-wire-stirrup-bending-equipment","18":"first","19":"instock","20":"featured","21":"shipping-taxable","22":"product-type-simple","23":"entry","24":"content-bg","25":"loop-entry"},"yoast_head":"<!-- This site is optimized with the Yoast SEO plugin v25.3.1 - https:\/\/yoast.com\/wordpress\/plugins\/seo\/ -->\n<title>Automatic Stirrup Bending Machine STWQ4-14B - HSY Construction Machinery<\/title>\n<meta name=\"description\" content=\"Automatic Stirrup Bending Machine STWQ4-14B bends 4\u201312mm coiled steel bars into stirrups. Stable, fast, and built for heavy-duty fabrication and global use.\" \/>\n<meta name=\"robots\" content=\"index, follow, max-snippet:-1, max-image-preview:large, max-video-preview:-1\" \/>\n<link rel=\"canonical\" href=\"https:\/\/www.hsymachinery.com\/lt\/produktas\/automatines-strypu-lenkimo-stakles-stwq4-14b\/\" \/>\n<meta property=\"og:locale\" content=\"lt_LT\" \/>\n<meta property=\"og:type\" content=\"article\" \/>\n<meta property=\"og:title\" content=\"Automatic Stirrup Bending Machine STWQ4-14B - HSY Construction Machinery\" \/>\n<meta property=\"og:description\" content=\"Automatic Stirrup Bending Machine STWQ4-14B bends 4\u201312mm coiled steel bars into stirrups. Stable, fast, and built for heavy-duty fabrication and global use.\" \/>\n<meta property=\"og:url\" content=\"https:\/\/www.hsymachinery.com\/lt\/produktas\/automatines-strypu-lenkimo-stakles-stwq4-14b\/\" \/>\n<meta property=\"og:site_name\" content=\"HSY Construction Machinery\" \/>\n<meta property=\"article:modified_time\" content=\"2025-06-28T05:46:51+00:00\" \/>\n<meta property=\"og:image\" content=\"https:\/\/www.hsymachinery.com\/wp-content\/uploads\/2025\/06\/Automatic-Stirrup-Bending-Machine-STWQ4-14B.jpg\" \/>\n\t<meta property=\"og:image:width\" content=\"600\" \/>\n\t<meta property=\"og:image:height\" content=\"600\" \/>\n\t<meta property=\"og:image:type\" content=\"image\/jpeg\" \/>\n<meta name=\"twitter:card\" content=\"summary_large_image\" \/>\n<meta name=\"twitter:label1\" content=\"Est. reading time\" \/>\n\t<meta name=\"twitter:data1\" content=\"2 minut\u0117s\" \/>\n<script type=\"application\/ld+json\" class=\"yoast-schema-graph\">{\"@context\":\"https:\/\/schema.org\",\"@graph\":[{\"@type\":\"WebPage\",\"@id\":\"https:\/\/www.hsymachinery.com\/product\/automatic-stirrup-bending-machine-stwq4-14b\/\",\"url\":\"https:\/\/www.hsymachinery.com\/product\/automatic-stirrup-bending-machine-stwq4-14b\/\",\"name\":\"Automatic Stirrup Bending Machine STWQ4-14B - HSY Construction Machinery\",\"isPartOf\":{\"@id\":\"https:\/\/www.hsymachinery.com\/#website\"},\"primaryImageOfPage\":{\"@id\":\"https:\/\/www.hsymachinery.com\/product\/automatic-stirrup-bending-machine-stwq4-14b\/#primaryimage\"},\"image\":{\"@id\":\"https:\/\/www.hsymachinery.com\/product\/automatic-stirrup-bending-machine-stwq4-14b\/#primaryimage\"},\"thumbnailUrl\":\"https:\/\/www.hsymachinery.com\/wp-content\/uploads\/2025\/06\/Automatic-Stirrup-Bending-Machine-STWQ4-14B.jpg\",\"datePublished\":\"2025-06-18T07:35:27+00:00\",\"dateModified\":\"2025-06-28T05:46:51+00:00\",\"description\":\"Automatic Stirrup Bending Machine STWQ4-14B bends 4\u201312mm coiled steel bars into stirrups. Stable, fast, and built for heavy-duty fabrication and global use.\",\"breadcrumb\":{\"@id\":\"https:\/\/www.hsymachinery.com\/product\/automatic-stirrup-bending-machine-stwq4-14b\/#breadcrumb\"},\"inLanguage\":\"lt-LT\",\"potentialAction\":[{\"@type\":\"ReadAction\",\"target\":[\"https:\/\/www.hsymachinery.com\/product\/automatic-stirrup-bending-machine-stwq4-14b\/\"]}]},{\"@type\":\"ImageObject\",\"inLanguage\":\"lt-LT\",\"@id\":\"https:\/\/www.hsymachinery.com\/product\/automatic-stirrup-bending-machine-stwq4-14b\/#primaryimage\",\"url\":\"https:\/\/www.hsymachinery.com\/wp-content\/uploads\/2025\/06\/Automatic-Stirrup-Bending-Machine-STWQ4-14B.jpg\",\"contentUrl\":\"https:\/\/www.hsymachinery.com\/wp-content\/uploads\/2025\/06\/Automatic-Stirrup-Bending-Machine-STWQ4-14B.jpg\",\"width\":600,\"height\":600},{\"@type\":\"BreadcrumbList\",\"@id\":\"https:\/\/www.hsymachinery.com\/product\/automatic-stirrup-bending-machine-stwq4-14b\/#breadcrumb\",\"itemListElement\":[{\"@type\":\"ListItem\",\"position\":1,\"name\":\"home\",\"item\":\"https:\/\/www.hsymachinery.com\/\"},{\"@type\":\"ListItem\",\"position\":2,\"name\":\"products\",\"item\":\"https:\/\/www.hsymachinery.com\/products\/\"},{\"@type\":\"ListItem\",\"position\":3,\"name\":\"Automatic Stirrup Bending Machine STWQ4-14B\"}]},{\"@type\":\"WebSite\",\"@id\":\"https:\/\/www.hsymachinery.com\/#website\",\"url\":\"https:\/\/www.hsymachinery.com\/\",\"name\":\"HSY Construction Machinery\",\"description\":\"HSY Machinery \u2013 A leading China construction machinery supplier, offering a wide range of light construction equipment. Our main products include Rebar Cutting Machine, Rebar Bending Machine, Rebar Stirrup Bending Machine, Rebar Arc Bending Machine, Rebar Straightening Machine, Five-Head Rebar Stirrup Bending Machine, Tamping Rammer, Plate Compactor, Concrete Cutter, Power Trowel, and other construction machinery. We are equipped with advanced CNC machines, and we enforce strict quality inspection standards along with comprehensive after-sales service. If you are interested in our products or services, we warmly welcome your inquiries via message.\",\"publisher\":{\"@id\":\"https:\/\/www.hsymachinery.com\/#organization\"},\"potentialAction\":[{\"@type\":\"SearchAction\",\"target\":{\"@type\":\"EntryPoint\",\"urlTemplate\":\"https:\/\/www.hsymachinery.com\/?s={search_term_string}\"},\"query-input\":{\"@type\":\"PropertyValueSpecification\",\"valueRequired\":true,\"valueName\":\"search_term_string\"}}],\"inLanguage\":\"lt-LT\"},{\"@type\":\"Organization\",\"@id\":\"https:\/\/www.hsymachinery.com\/#organization\",\"name\":\"HSY Construction Machinery\",\"url\":\"https:\/\/www.hsymachinery.com\/\",\"logo\":{\"@type\":\"ImageObject\",\"inLanguage\":\"lt-LT\",\"@id\":\"https:\/\/www.hsymachinery.com\/#\/schema\/logo\/image\/\",\"url\":\"https:\/\/www.hsymachinery.com\/wp-content\/uploads\/2025\/06\/cropped-HSY-machinery.png\",\"contentUrl\":\"https:\/\/www.hsymachinery.com\/wp-content\/uploads\/2025\/06\/cropped-HSY-machinery.png\",\"width\":600,\"height\":240,\"caption\":\"HSY Construction Machinery\"},\"image\":{\"@id\":\"https:\/\/www.hsymachinery.com\/#\/schema\/logo\/image\/\"}}]}<\/script>\n<!-- \/ Yoast SEO plugin. -->","yoast_head_json":{"title":"Automatin\u0117s stryp\u0173 lenkimo stakl\u0117s STWQ4-14B - HSY statybin\u0117s ma\u0161inos","description":"Automatin\u0117s stryp\u0173 lenkimo stakl\u0117s STWQ4-14B sulenkia 4-12 mm suvyniotus plieninius strypus \u012f strypus. Stabilus, greitas, sukurtas sunkiems gamybiniams darbams ir naudojimui visame pasaulyje.","robots":{"index":"index","follow":"follow","max-snippet":"max-snippet:-1","max-image-preview":"max-image-preview:large","max-video-preview":"max-video-preview:-1"},"canonical":"https:\/\/www.hsymachinery.com\/lt\/produktas\/automatines-strypu-lenkimo-stakles-stwq4-14b\/","og_locale":"lt_LT","og_type":"article","og_title":"Automatic Stirrup Bending Machine STWQ4-14B - HSY Construction Machinery","og_description":"Automatic Stirrup Bending Machine STWQ4-14B bends 4\u201312mm coiled steel bars into stirrups. Stable, fast, and built for heavy-duty fabrication and global use.","og_url":"https:\/\/www.hsymachinery.com\/lt\/produktas\/automatines-strypu-lenkimo-stakles-stwq4-14b\/","og_site_name":"HSY Construction Machinery","article_modified_time":"2025-06-28T05:46:51+00:00","og_image":[{"width":600,"height":600,"url":"https:\/\/www.hsymachinery.com\/wp-content\/uploads\/2025\/06\/Automatic-Stirrup-Bending-Machine-STWQ4-14B.jpg","type":"image\/jpeg"}],"twitter_card":"summary_large_image","twitter_misc":{"Est. reading time":"2 minut\u0117s"},"schema":{"@context":"https:\/\/schema.org","@graph":[{"@type":"WebPage","@id":"https:\/\/www.hsymachinery.com\/product\/automatic-stirrup-bending-machine-stwq4-14b\/","url":"https:\/\/www.hsymachinery.com\/product\/automatic-stirrup-bending-machine-stwq4-14b\/","name":"Automatin\u0117s stryp\u0173 lenkimo stakl\u0117s STWQ4-14B - HSY statybin\u0117s ma\u0161inos","isPartOf":{"@id":"https:\/\/www.hsymachinery.com\/#website"},"primaryImageOfPage":{"@id":"https:\/\/www.hsymachinery.com\/product\/automatic-stirrup-bending-machine-stwq4-14b\/#primaryimage"},"image":{"@id":"https:\/\/www.hsymachinery.com\/product\/automatic-stirrup-bending-machine-stwq4-14b\/#primaryimage"},"thumbnailUrl":"https:\/\/www.hsymachinery.com\/wp-content\/uploads\/2025\/06\/Automatic-Stirrup-Bending-Machine-STWQ4-14B.jpg","datePublished":"2025-06-18T07:35:27+00:00","dateModified":"2025-06-28T05:46:51+00:00","description":"Automatin\u0117s stryp\u0173 lenkimo stakl\u0117s STWQ4-14B sulenkia 4-12 mm suvyniotus plieninius strypus \u012f strypus. Stabilus, greitas, sukurtas sunkiems gamybiniams darbams ir naudojimui visame pasaulyje.","breadcrumb":{"@id":"https:\/\/www.hsymachinery.com\/product\/automatic-stirrup-bending-machine-stwq4-14b\/#breadcrumb"},"inLanguage":"lt-LT","potentialAction":[{"@type":"ReadAction","target":["https:\/\/www.hsymachinery.com\/product\/automatic-stirrup-bending-machine-stwq4-14b\/"]}]},{"@type":"ImageObject","inLanguage":"lt-LT","@id":"https:\/\/www.hsymachinery.com\/product\/automatic-stirrup-bending-machine-stwq4-14b\/#primaryimage","url":"https:\/\/www.hsymachinery.com\/wp-content\/uploads\/2025\/06\/Automatic-Stirrup-Bending-Machine-STWQ4-14B.jpg","contentUrl":"https:\/\/www.hsymachinery.com\/wp-content\/uploads\/2025\/06\/Automatic-Stirrup-Bending-Machine-STWQ4-14B.jpg","width":600,"height":600},{"@type":"BreadcrumbList","@id":"https:\/\/www.hsymachinery.com\/product\/automatic-stirrup-bending-machine-stwq4-14b\/#breadcrumb","itemListElement":[{"@type":"ListItem","position":1,"name":"home","item":"https:\/\/www.hsymachinery.com\/"},{"@type":"ListItem","position":2,"name":"products","item":"https:\/\/www.hsymachinery.com\/products\/"},{"@type":"ListItem","position":3,"name":"Automatic Stirrup Bending Machine STWQ4-14B"}]},{"@type":"WebSite","@id":"https:\/\/www.hsymachinery.com\/#website","url":"https:\/\/www.hsymachinery.com\/","name":"HSY statybin\u0117s ma\u0161inos","description":"\"HSY Machinery\" - pirmaujanti Kinijos statybos ma\u0161in\u0173 tiek\u0117ja, si\u016blanti plat\u0173 lengvosios statybos \u012frangos asortiment\u0105. Pagrindiniai m\u016bs\u0173 produktai - armat\u016bros pjovimo stakl\u0117s, armat\u016bros lenkimo stakl\u0117s, armat\u016bros stryp\u0173 lenkimo stakl\u0117s, armat\u016bros lanko lenkimo stakl\u0117s, armat\u016bros tiesinimo stakl\u0117s, penki\u0173 galvu\u010di\u0173 armat\u016bros stryp\u0173 lenkimo stakl\u0117s, tankinimo plaktukas, plok\u0161\u010di\u0173 tankintuvas, betono pjaustykl\u0117, elektrin\u0117 mentele ir kita statybin\u0117 technika. Turime pa\u017eangias CNC stakles, taikome grie\u017etus kokyb\u0117s tikrinimo standartus ir teikiame visapusi\u0161kas garantinio aptarnavimo paslaugas. Jei jus domina m\u016bs\u0173 gaminiai ar paslaugos, maloniai laukiame j\u016bs\u0173 u\u017eklaus\u0173 \u017einute.","publisher":{"@id":"https:\/\/www.hsymachinery.com\/#organization"},"potentialAction":[{"@type":"SearchAction","target":{"@type":"EntryPoint","urlTemplate":"https:\/\/www.hsymachinery.com\/?s={search_term_string}"},"query-input":{"@type":"PropertyValueSpecification","valueRequired":true,"valueName":"search_term_string"}}],"inLanguage":"lt-LT"},{"@type":"Organization","@id":"https:\/\/www.hsymachinery.com\/#organization","name":"HSY statybin\u0117s ma\u0161inos","url":"https:\/\/www.hsymachinery.com\/","logo":{"@type":"ImageObject","inLanguage":"lt-LT","@id":"https:\/\/www.hsymachinery.com\/#\/schema\/logo\/image\/","url":"https:\/\/www.hsymachinery.com\/wp-content\/uploads\/2025\/06\/cropped-HSY-machinery.png","contentUrl":"https:\/\/www.hsymachinery.com\/wp-content\/uploads\/2025\/06\/cropped-HSY-machinery.png","width":600,"height":240,"caption":"HSY Construction Machinery"},"image":{"@id":"https:\/\/www.hsymachinery.com\/#\/schema\/logo\/image\/"}}]}},"_links":{"self":[{"href":"https:\/\/www.hsymachinery.com\/lt\/wp-json\/wp\/v2\/product\/9050","targetHints":{"allow":["GET"]}}],"collection":[{"href":"https:\/\/www.hsymachinery.com\/lt\/wp-json\/wp\/v2\/product"}],"about":[{"href":"https:\/\/www.hsymachinery.com\/lt\/wp-json\/wp\/v2\/types\/product"}],"version-history":[{"count":3,"href":"https:\/\/www.hsymachinery.com\/lt\/wp-json\/wp\/v2\/product\/9050\/revisions"}],"predecessor-version":[{"id":9482,"href":"https:\/\/www.hsymachinery.com\/lt\/wp-json\/wp\/v2\/product\/9050\/revisions\/9482"}],"wp:featuredmedia":[{"embeddable":true,"href":"https:\/\/www.hsymachinery.com\/lt\/wp-json\/wp\/v2\/media\/9052"}],"wp:attachment":[{"href":"https:\/\/www.hsymachinery.com\/lt\/wp-json\/wp\/v2\/media?parent=9050"}],"wp:term":[{"taxonomy":"product_brand","embeddable":true,"href":"https:\/\/www.hsymachinery.com\/lt\/wp-json\/wp\/v2\/product_brand?post=9050"},{"taxonomy":"product_cat","embeddable":true,"href":"https:\/\/www.hsymachinery.com\/lt\/wp-json\/wp\/v2\/product_cat?post=9050"},{"taxonomy":"product_tag","embeddable":true,"href":"https:\/\/www.hsymachinery.com\/lt\/wp-json\/wp\/v2\/product_tag?post=9050"}],"curies":[{"name":"wp","href":"https:\/\/api.w.org\/{rel}","templated":true}]}}