{"id":9027,"date":"2025-06-18T14:25:15","date_gmt":"2025-06-18T06:25:15","guid":{"rendered":"https:\/\/www.hsymachinery.com\/?post_type=product&#038;p=9027"},"modified":"2025-06-28T00:49:19","modified_gmt":"2025-06-27T16:49:19","slug":"armaturos-strypu-tiesinimo-stakles-gtf4-16b","status":"publish","type":"product","link":"https:\/\/www.hsymachinery.com\/lt\/produktas\/armaturos-strypu-tiesinimo-stakles-gtf4-16b\/","title":{"rendered":"Armat\u016bros tiesinimo ma\u0161ina GTF4-16B"},"content":{"rendered":"<h2 data-start=\"151\" data-end=\"195\">Armat\u016bros tiesinimo ma\u0161ina GTF4-16B<\/h2>\n<h3 data-start=\"196\" data-end=\"361\">GTF4-16B kintamo da\u017enio armat\u016bros tiesinimo ma\u0161ina, skirta 4-16 mm ritininiam plienui | I\u0161manioji VFD valdoma tiesinimo sistema, skirta statybinio plieno apdorojimui<\/h3>\n<h3 data-start=\"368\" data-end=\"453\">Produkto ap\u017evalga - pa\u017eangus rit\u0117s juostos tiesinimas su i\u0161maniuoju grei\u010dio reguliavimu<\/h3>\n<p data-start=\"455\" data-end=\"890\">Svetain\u0117 <strong data-start=\"459\" data-end=\"499\"><a href=\"https:\/\/www.hsymachinery.com\/lt\/produktai\/armaturos-tiesinimo-stakles\/\" target=\"_blank\" rel=\"noopener\">Armat\u016bros tiesinimo ma\u0161ina<\/a> GTF4-16B<\/strong> tai didelio na\u0161umo modelis, skirtas nuo 4 mm iki 16 mm storio plieno strypams tiesinti su neprilygstama kontrole ir efektyvumu. Jame \u012frengta kintamojo da\u017enio pavara (VFD), tod\u0117l galima skland\u017eiai reguliuoti greit\u012f, ma\u017einti mechanin\u0119 apkrov\u0105 ir optimizuoti energijos s\u0105naudas, tod\u0117l jis yra protingas pasirinkimas \u0161iuolaikin\u0117ms plieno gamybos dirbtuv\u0117ms, statybviet\u0117ms ir armat\u016bros stryp\u0173 gamybos linijoms.<\/p>\n<p data-start=\"892\" data-end=\"1008\">Naudojant pa\u017eang\u0173 inverterio valdym\u0105, GTF4-16B lengvai prisitaiko prie skirting\u0173 med\u017eiag\u0173 ir na\u0161umo reikalavim\u0173.<\/p>\n<h3 data-start=\"1015\" data-end=\"1073\">I\u0161manusis grei\u010dio valdymas ir didelio sukimo momento veikimas<\/h3>\n<p data-start=\"1075\" data-end=\"1315\">D\u0117l integruotos inverterio sistemos GTF4-16B leid\u017eia operatoriams tiksliai valdyti tiesinimo proces\u0105. Greit\u012f galima reguliuoti realiuoju laiku, kad b\u016bt\u0173 galima prisitaikyti prie kintan\u010di\u0173 armat\u016bros stryp\u0173 s\u0105lyg\u0173, pavyzd\u017eiui, med\u017eiagos kietumo ar rit\u0117s \u012ftempimo.<\/p>\n<p data-start=\"1317\" data-end=\"1599\">\u012erenginys turi didelio sukimo momento varikl\u012f, kuris u\u017etikrina pastovi\u0105 gali\u0105, o ritin\u0117li\u0173 reguliavimo sistema u\u017etikrina, kad kiekvienas strypas i\u0161eit\u0173 visi\u0161kai tiesus ir paruo\u0161tas tolesniam apdorojimui. Konstrukcijoje pirmenyb\u0117 teikiama stabilumui ir tikslumui, net ir nuolatinio naudojimo aplinkoje.<\/p>\n<h3 data-start=\"1606\" data-end=\"1668\">Patvari konstrukcija su tarptautiniu \u012ftampos palaikymu<\/h3>\n<p data-start=\"1670\" data-end=\"1957\">\u0160i ma\u0161ina sukurta profesionaliam naudojimui, joje naudojama sustiprinta plienin\u0117 konstrukcija ir antivibracinis pagrindas, tod\u0117l ji labai patvari esant didel\u0117ms darbo apkrovoms. D\u0117l kompakti\u0161ko ploto ir judam\u0173j\u0173 ratuk\u0173 j\u0105 lengva transportuoti arba integruoti \u012f gamybos proces\u0105.<\/p>\n<p data-start=\"1959\" data-end=\"2096\">GTF4-16B palaiko tiek 220 V, tiek 380 V (50 Hz\/60 Hz) \u012ftamp\u0105, tod\u0117l galima lanks\u010diai derinti maitinimo \u0161altin\u012f su pasauliniu eksportu ir diegimu vietoje.<\/p>\n<h3 data-start=\"2103\" data-end=\"2161\">Pagrindin\u0117s armat\u016bros tiesintuvo GTF4-16B savyb\u0117s<\/h3>\n<ul data-start=\"2163\" data-end=\"2495\">\n<li data-start=\"2163\" data-end=\"2233\">\n<p data-start=\"2165\" data-end=\"2233\">Lygina 4-16 mm suvyniotus armat\u016bros strypus inverteriu valdomu tikslumu<\/p>\n<\/li>\n<li data-start=\"2234\" data-end=\"2302\">\n<p data-start=\"2236\" data-end=\"2302\">Kintamo da\u017enio pavara - tolygus, reguliuojamas apdorojimo greitis<\/p>\n<\/li>\n<li data-start=\"2303\" data-end=\"2365\">\n<p data-start=\"2305\" data-end=\"2365\">Stabili trauka ir ritin\u0117li\u0173 suvedimas, kad produkcija b\u016bt\u0173 pastovi<\/p>\n<\/li>\n<li data-start=\"2366\" data-end=\"2429\">\n<p data-start=\"2368\" data-end=\"2429\">Kompakti\u0161kas, patvarus ir optimizuotas tarptautiniam darbui<\/p>\n<\/li>\n<li data-start=\"2430\" data-end=\"2495\">\n<p data-start=\"2432\" data-end=\"2495\">Tinka surenkamiems, pramoniniams ir vietoje atliekamiems plieno apdorojimo darbams<\/p>\n<\/li>\n<\/ul>\n<p><iframe title=\"Armat\u016bros tiesinimo \u012frenginys. Armat\u016bros pjaustytuvas. Armat\u016bros pjovimo stakl\u0117s. #rebar cutter #rebar cuttingmachine\" width=\"720\" height=\"405\" src=\"https:\/\/www.youtube.com\/embed\/7FKkySPeKVQ?feature=oembed\" frameborder=\"0\" allow=\"accelerometer; autoplay; clipboard-write; encrypted-media; gyroscope; picture-in-picture; web-share\" referrerpolicy=\"strict-origin-when-cross-origin\" allowfullscreen><\/iframe><\/p>","protected":false},"excerpt":{"rendered":"<p>GTF4-16B armat\u016bros stryp\u0173 tiesinimo \u012frenginys skirtas 4-16 mm rit\u0117s strypams su kintamu da\u017enio reguliavimu. Sukurtas naudoti didel\u0117ms apkrovoms ir eksportui, pasi\u017eymi skland\u017eiu grei\u010dio reguliavimu ir tiksliu i\u0161\u0117jimu.<\/p>","protected":false},"featured_media":9028,"template":"","meta":{"_kad_post_transparent":"default","_kad_post_title":"","_kad_post_layout":"default","_kad_post_sidebar_id":"","_kad_post_content_style":"default","_kad_post_vertical_padding":"default","_kad_post_feature":"","_kad_post_feature_position":"","_kad_post_header":false,"_kad_post_footer":false},"product_brand":[],"product_cat":[62],"product_tag":[1026,1028,1030,1031,1034,1027,1032,1025,1029,1033],"class_list":{"0":"post-9027","1":"product","2":"type-product","3":"status-publish","4":"has-post-thumbnail","6":"product_cat-rebar-straightening-machine","7":"product_tag-automatic-rebar-straightener","8":"product_tag-cnc-rebar-straightening-equipment","9":"product_tag-coiled-rebar-straightening-machine","10":"product_tag-construction-bar-straightening-machine","11":"product_tag-high-speed-rebar-straightening-tool","12":"product_tag-hydraulic-rebar-straightening-machine","13":"product_tag-rebar-leveling-and-cutting-machine","14":"product_tag-steel-bar-straightening-machine","15":"product_tag-steel-wire-straightener-and-cutter","16":"product_tag-straightening-machine-for-steel-rods","18":"first","19":"instock","20":"shipping-taxable","21":"product-type-simple","22":"entry","23":"content-bg","24":"loop-entry"},"yoast_head":"<!-- This site is optimized with the Yoast SEO plugin v25.3.1 - https:\/\/yoast.com\/wordpress\/plugins\/seo\/ -->\n<title>Rebar Straightening Machine GTF4-16B - HSY Construction Machinery<\/title>\n<meta name=\"description\" content=\"Rebar Straightening Machine GTF4-16B straightens 4\u201316mm steel bars with VFD control. Reliable, adjustable, and export-ready for industrial rebar processing.\" \/>\n<meta name=\"robots\" content=\"index, follow, max-snippet:-1, max-image-preview:large, max-video-preview:-1\" \/>\n<link rel=\"canonical\" href=\"https:\/\/www.hsymachinery.com\/lt\/produktas\/armaturos-strypu-tiesinimo-stakles-gtf4-16b\/\" \/>\n<meta property=\"og:locale\" content=\"lt_LT\" \/>\n<meta property=\"og:type\" content=\"article\" \/>\n<meta property=\"og:title\" content=\"Rebar Straightening Machine GTF4-16B - HSY Construction Machinery\" \/>\n<meta property=\"og:description\" content=\"Rebar Straightening Machine GTF4-16B straightens 4\u201316mm steel bars with VFD control. Reliable, adjustable, and export-ready for industrial rebar processing.\" \/>\n<meta property=\"og:url\" content=\"https:\/\/www.hsymachinery.com\/lt\/produktas\/armaturos-strypu-tiesinimo-stakles-gtf4-16b\/\" \/>\n<meta property=\"og:site_name\" content=\"HSY Construction Machinery\" \/>\n<meta property=\"article:modified_time\" content=\"2025-06-27T16:49:19+00:00\" \/>\n<meta property=\"og:image\" content=\"https:\/\/www.hsymachinery.com\/wp-content\/uploads\/2025\/06\/Rebar-Straightening-Machine-GTF4-16B.jpg\" \/>\n\t<meta property=\"og:image:width\" content=\"600\" \/>\n\t<meta property=\"og:image:height\" content=\"600\" \/>\n\t<meta property=\"og:image:type\" content=\"image\/jpeg\" \/>\n<meta name=\"twitter:card\" content=\"summary_large_image\" \/>\n<meta name=\"twitter:label1\" content=\"Est. reading time\" \/>\n\t<meta name=\"twitter:data1\" content=\"2 minut\u0117s\" \/>\n<script type=\"application\/ld+json\" class=\"yoast-schema-graph\">{\"@context\":\"https:\/\/schema.org\",\"@graph\":[{\"@type\":\"WebPage\",\"@id\":\"https:\/\/www.hsymachinery.com\/product\/rebar-straightening-machine-gtf4-16b\/\",\"url\":\"https:\/\/www.hsymachinery.com\/product\/rebar-straightening-machine-gtf4-16b\/\",\"name\":\"Rebar Straightening Machine GTF4-16B - HSY Construction Machinery\",\"isPartOf\":{\"@id\":\"https:\/\/www.hsymachinery.com\/#website\"},\"primaryImageOfPage\":{\"@id\":\"https:\/\/www.hsymachinery.com\/product\/rebar-straightening-machine-gtf4-16b\/#primaryimage\"},\"image\":{\"@id\":\"https:\/\/www.hsymachinery.com\/product\/rebar-straightening-machine-gtf4-16b\/#primaryimage\"},\"thumbnailUrl\":\"https:\/\/www.hsymachinery.com\/wp-content\/uploads\/2025\/06\/Rebar-Straightening-Machine-GTF4-16B.jpg\",\"datePublished\":\"2025-06-18T06:25:15+00:00\",\"dateModified\":\"2025-06-27T16:49:19+00:00\",\"description\":\"Rebar Straightening Machine GTF4-16B straightens 4\u201316mm steel bars with VFD control. Reliable, adjustable, and export-ready for industrial rebar processing.\",\"breadcrumb\":{\"@id\":\"https:\/\/www.hsymachinery.com\/product\/rebar-straightening-machine-gtf4-16b\/#breadcrumb\"},\"inLanguage\":\"lt-LT\",\"potentialAction\":[{\"@type\":\"ReadAction\",\"target\":[\"https:\/\/www.hsymachinery.com\/product\/rebar-straightening-machine-gtf4-16b\/\"]}]},{\"@type\":\"ImageObject\",\"inLanguage\":\"lt-LT\",\"@id\":\"https:\/\/www.hsymachinery.com\/product\/rebar-straightening-machine-gtf4-16b\/#primaryimage\",\"url\":\"https:\/\/www.hsymachinery.com\/wp-content\/uploads\/2025\/06\/Rebar-Straightening-Machine-GTF4-16B.jpg\",\"contentUrl\":\"https:\/\/www.hsymachinery.com\/wp-content\/uploads\/2025\/06\/Rebar-Straightening-Machine-GTF4-16B.jpg\",\"width\":600,\"height\":600},{\"@type\":\"BreadcrumbList\",\"@id\":\"https:\/\/www.hsymachinery.com\/product\/rebar-straightening-machine-gtf4-16b\/#breadcrumb\",\"itemListElement\":[{\"@type\":\"ListItem\",\"position\":1,\"name\":\"home\",\"item\":\"https:\/\/www.hsymachinery.com\/\"},{\"@type\":\"ListItem\",\"position\":2,\"name\":\"products\",\"item\":\"https:\/\/www.hsymachinery.com\/products\/\"},{\"@type\":\"ListItem\",\"position\":3,\"name\":\"Rebar Straightening Machine GTF4-16B\"}]},{\"@type\":\"WebSite\",\"@id\":\"https:\/\/www.hsymachinery.com\/#website\",\"url\":\"https:\/\/www.hsymachinery.com\/\",\"name\":\"HSY Construction Machinery\",\"description\":\"HSY Machinery \u2013 A leading China construction machinery supplier, offering a wide range of light construction equipment. Our main products include Rebar Cutting Machine, Rebar Bending Machine, Rebar Stirrup Bending Machine, Rebar Arc Bending Machine, Rebar Straightening Machine, Five-Head Rebar Stirrup Bending Machine, Tamping Rammer, Plate Compactor, Concrete Cutter, Power Trowel, and other construction machinery. We are equipped with advanced CNC machines, and we enforce strict quality inspection standards along with comprehensive after-sales service. If you are interested in our products or services, we warmly welcome your inquiries via message.\",\"publisher\":{\"@id\":\"https:\/\/www.hsymachinery.com\/#organization\"},\"potentialAction\":[{\"@type\":\"SearchAction\",\"target\":{\"@type\":\"EntryPoint\",\"urlTemplate\":\"https:\/\/www.hsymachinery.com\/?s={search_term_string}\"},\"query-input\":{\"@type\":\"PropertyValueSpecification\",\"valueRequired\":true,\"valueName\":\"search_term_string\"}}],\"inLanguage\":\"lt-LT\"},{\"@type\":\"Organization\",\"@id\":\"https:\/\/www.hsymachinery.com\/#organization\",\"name\":\"HSY Construction Machinery\",\"url\":\"https:\/\/www.hsymachinery.com\/\",\"logo\":{\"@type\":\"ImageObject\",\"inLanguage\":\"lt-LT\",\"@id\":\"https:\/\/www.hsymachinery.com\/#\/schema\/logo\/image\/\",\"url\":\"https:\/\/www.hsymachinery.com\/wp-content\/uploads\/2025\/06\/cropped-HSY-machinery.png\",\"contentUrl\":\"https:\/\/www.hsymachinery.com\/wp-content\/uploads\/2025\/06\/cropped-HSY-machinery.png\",\"width\":600,\"height\":240,\"caption\":\"HSY Construction Machinery\"},\"image\":{\"@id\":\"https:\/\/www.hsymachinery.com\/#\/schema\/logo\/image\/\"}}]}<\/script>\n<!-- \/ Yoast SEO plugin. -->","yoast_head_json":{"title":"Armat\u016bros tiesinimo ma\u0161ina GTF4-16B - HSY statybin\u0117s ma\u0161inos","description":"Armat\u016bros stryp\u0173 tiesinimo stakl\u0117s GTF4-16B tiesina 4-16 mm plieninius strypus su VFD valdymu. Patikimas, reguliuojamas ir paruo\u0161tas eksportui pramoniniam armat\u016bros stryp\u0173 apdorojimui.","robots":{"index":"index","follow":"follow","max-snippet":"max-snippet:-1","max-image-preview":"max-image-preview:large","max-video-preview":"max-video-preview:-1"},"canonical":"https:\/\/www.hsymachinery.com\/lt\/produktas\/armaturos-strypu-tiesinimo-stakles-gtf4-16b\/","og_locale":"lt_LT","og_type":"article","og_title":"Rebar Straightening Machine GTF4-16B - HSY Construction Machinery","og_description":"Rebar Straightening Machine GTF4-16B straightens 4\u201316mm steel bars with VFD control. Reliable, adjustable, and export-ready for industrial rebar processing.","og_url":"https:\/\/www.hsymachinery.com\/lt\/produktas\/armaturos-strypu-tiesinimo-stakles-gtf4-16b\/","og_site_name":"HSY Construction Machinery","article_modified_time":"2025-06-27T16:49:19+00:00","og_image":[{"width":600,"height":600,"url":"https:\/\/www.hsymachinery.com\/wp-content\/uploads\/2025\/06\/Rebar-Straightening-Machine-GTF4-16B.jpg","type":"image\/jpeg"}],"twitter_card":"summary_large_image","twitter_misc":{"Est. reading time":"2 minut\u0117s"},"schema":{"@context":"https:\/\/schema.org","@graph":[{"@type":"WebPage","@id":"https:\/\/www.hsymachinery.com\/product\/rebar-straightening-machine-gtf4-16b\/","url":"https:\/\/www.hsymachinery.com\/product\/rebar-straightening-machine-gtf4-16b\/","name":"Armat\u016bros tiesinimo ma\u0161ina GTF4-16B - HSY statybin\u0117s ma\u0161inos","isPartOf":{"@id":"https:\/\/www.hsymachinery.com\/#website"},"primaryImageOfPage":{"@id":"https:\/\/www.hsymachinery.com\/product\/rebar-straightening-machine-gtf4-16b\/#primaryimage"},"image":{"@id":"https:\/\/www.hsymachinery.com\/product\/rebar-straightening-machine-gtf4-16b\/#primaryimage"},"thumbnailUrl":"https:\/\/www.hsymachinery.com\/wp-content\/uploads\/2025\/06\/Rebar-Straightening-Machine-GTF4-16B.jpg","datePublished":"2025-06-18T06:25:15+00:00","dateModified":"2025-06-27T16:49:19+00:00","description":"Armat\u016bros stryp\u0173 tiesinimo stakl\u0117s GTF4-16B tiesina 4-16 mm plieninius strypus su VFD valdymu. Patikimas, reguliuojamas ir paruo\u0161tas eksportui pramoniniam armat\u016bros stryp\u0173 apdorojimui.","breadcrumb":{"@id":"https:\/\/www.hsymachinery.com\/product\/rebar-straightening-machine-gtf4-16b\/#breadcrumb"},"inLanguage":"lt-LT","potentialAction":[{"@type":"ReadAction","target":["https:\/\/www.hsymachinery.com\/product\/rebar-straightening-machine-gtf4-16b\/"]}]},{"@type":"ImageObject","inLanguage":"lt-LT","@id":"https:\/\/www.hsymachinery.com\/product\/rebar-straightening-machine-gtf4-16b\/#primaryimage","url":"https:\/\/www.hsymachinery.com\/wp-content\/uploads\/2025\/06\/Rebar-Straightening-Machine-GTF4-16B.jpg","contentUrl":"https:\/\/www.hsymachinery.com\/wp-content\/uploads\/2025\/06\/Rebar-Straightening-Machine-GTF4-16B.jpg","width":600,"height":600},{"@type":"BreadcrumbList","@id":"https:\/\/www.hsymachinery.com\/product\/rebar-straightening-machine-gtf4-16b\/#breadcrumb","itemListElement":[{"@type":"ListItem","position":1,"name":"home","item":"https:\/\/www.hsymachinery.com\/"},{"@type":"ListItem","position":2,"name":"products","item":"https:\/\/www.hsymachinery.com\/products\/"},{"@type":"ListItem","position":3,"name":"Rebar Straightening Machine GTF4-16B"}]},{"@type":"WebSite","@id":"https:\/\/www.hsymachinery.com\/#website","url":"https:\/\/www.hsymachinery.com\/","name":"HSY statybin\u0117s ma\u0161inos","description":"\"HSY Machinery\" - pirmaujanti Kinijos statybos ma\u0161in\u0173 tiek\u0117ja, si\u016blanti plat\u0173 lengvosios statybos \u012frangos asortiment\u0105. Pagrindiniai m\u016bs\u0173 produktai - armat\u016bros pjovimo stakl\u0117s, armat\u016bros lenkimo stakl\u0117s, armat\u016bros stryp\u0173 lenkimo stakl\u0117s, armat\u016bros lanko lenkimo stakl\u0117s, armat\u016bros tiesinimo stakl\u0117s, penki\u0173 galvu\u010di\u0173 armat\u016bros stryp\u0173 lenkimo stakl\u0117s, tankinimo plaktukas, plok\u0161\u010di\u0173 tankintuvas, betono pjaustykl\u0117, elektrin\u0117 mentele ir kita statybin\u0117 technika. Turime pa\u017eangias CNC stakles, taikome grie\u017etus kokyb\u0117s tikrinimo standartus ir teikiame visapusi\u0161kas garantinio aptarnavimo paslaugas. Jei jus domina m\u016bs\u0173 gaminiai ar paslaugos, maloniai laukiame j\u016bs\u0173 u\u017eklaus\u0173 \u017einute.","publisher":{"@id":"https:\/\/www.hsymachinery.com\/#organization"},"potentialAction":[{"@type":"SearchAction","target":{"@type":"EntryPoint","urlTemplate":"https:\/\/www.hsymachinery.com\/?s={search_term_string}"},"query-input":{"@type":"PropertyValueSpecification","valueRequired":true,"valueName":"search_term_string"}}],"inLanguage":"lt-LT"},{"@type":"Organization","@id":"https:\/\/www.hsymachinery.com\/#organization","name":"HSY statybin\u0117s ma\u0161inos","url":"https:\/\/www.hsymachinery.com\/","logo":{"@type":"ImageObject","inLanguage":"lt-LT","@id":"https:\/\/www.hsymachinery.com\/#\/schema\/logo\/image\/","url":"https:\/\/www.hsymachinery.com\/wp-content\/uploads\/2025\/06\/cropped-HSY-machinery.png","contentUrl":"https:\/\/www.hsymachinery.com\/wp-content\/uploads\/2025\/06\/cropped-HSY-machinery.png","width":600,"height":240,"caption":"HSY Construction Machinery"},"image":{"@id":"https:\/\/www.hsymachinery.com\/#\/schema\/logo\/image\/"}}]}},"_links":{"self":[{"href":"https:\/\/www.hsymachinery.com\/lt\/wp-json\/wp\/v2\/product\/9027","targetHints":{"allow":["GET"]}}],"collection":[{"href":"https:\/\/www.hsymachinery.com\/lt\/wp-json\/wp\/v2\/product"}],"about":[{"href":"https:\/\/www.hsymachinery.com\/lt\/wp-json\/wp\/v2\/types\/product"}],"version-history":[{"count":3,"href":"https:\/\/www.hsymachinery.com\/lt\/wp-json\/wp\/v2\/product\/9027\/revisions"}],"predecessor-version":[{"id":9449,"href":"https:\/\/www.hsymachinery.com\/lt\/wp-json\/wp\/v2\/product\/9027\/revisions\/9449"}],"wp:featuredmedia":[{"embeddable":true,"href":"https:\/\/www.hsymachinery.com\/lt\/wp-json\/wp\/v2\/media\/9028"}],"wp:attachment":[{"href":"https:\/\/www.hsymachinery.com\/lt\/wp-json\/wp\/v2\/media?parent=9027"}],"wp:term":[{"taxonomy":"product_brand","embeddable":true,"href":"https:\/\/www.hsymachinery.com\/lt\/wp-json\/wp\/v2\/product_brand?post=9027"},{"taxonomy":"product_cat","embeddable":true,"href":"https:\/\/www.hsymachinery.com\/lt\/wp-json\/wp\/v2\/product_cat?post=9027"},{"taxonomy":"product_tag","embeddable":true,"href":"https:\/\/www.hsymachinery.com\/lt\/wp-json\/wp\/v2\/product_tag?post=9027"}],"curies":[{"name":"wp","href":"https:\/\/api.w.org\/{rel}","templated":true}]}}