{"id":9020,"date":"2025-06-18T14:21:32","date_gmt":"2025-06-18T06:21:32","guid":{"rendered":"https:\/\/www.hsymachinery.com\/?post_type=product&#038;p=9020"},"modified":"2025-06-28T00:40:55","modified_gmt":"2025-06-27T16:40:55","slug":"armaturos-tiesinimo-stakles-gtf4-14","status":"publish","type":"product","link":"https:\/\/www.hsymachinery.com\/lt\/produktas\/armaturos-tiesinimo-stakles-gtf4-14\/","title":{"rendered":"Armat\u016bros tiesinimo ma\u0161ina GTF4-14"},"content":{"rendered":"<h2 data-start=\"171\" data-end=\"214\">Armat\u016bros tiesinimo ma\u0161ina GTF4-14<\/h2>\n<h3 data-start=\"215\" data-end=\"348\">GTF4-14 kintamo da\u017enio armat\u016bros tiesinimo stakl\u0117s 4-14 mm plieno strypams | greitaeigis rit\u0117s tiesintuvas su inverterio valdymu<\/h3>\n<h3 data-start=\"355\" data-end=\"432\">Produkto ap\u017evalga - i\u0161manusis tiesinimas su kintamo da\u017enio valdymu<\/h3>\n<p data-start=\"434\" data-end=\"843\">Svetain\u0117 <strong data-start=\"438\" data-end=\"477\"><a href=\"https:\/\/www.hsymachinery.com\/lt\/produktai\/armaturos-tiesinimo-stakles\/\" target=\"_blank\" rel=\"noopener\">Armat\u016bros tiesinimo ma\u0161ina<\/a> GTF4-14<\/strong> sujungia didelio na\u0161umo na\u0161um\u0105 su pa\u017eangiu kintamo da\u017enio valdymu, tod\u0117l vartotojai gali tiksliai ir efektyviai i\u0161tiesinti nuo 4 mm iki 14 mm storio suvyniotus plieno strypus. \u0160is modelis puikiai tinka didel\u0117s apimties statybviet\u0117ms, armat\u016bros apdorojimo centrams ir surenkam\u0173j\u0173 konstrukcij\u0173 gamybos linijoms, kur labai svarbus lankstus greitis ir patikimas na\u0161umas.<\/p>\n<p data-start=\"845\" data-end=\"977\">Integravus inverterio technologij\u0105, galima reguliuoti greit\u012f ir suma\u017einti variklio apkrov\u0105 paleidimo ir veikimo metu.<\/p>\n<h3 data-start=\"984\" data-end=\"1040\">Inverteriu valdomas greitis su didelio sukimo momento i\u0161\u0117jimu<\/h3>\n<p data-start=\"1042\" data-end=\"1299\">GTF4-14 turi kintamojo da\u017enio pavar\u0105 (VFD), tod\u0117l galima skland\u017eiai reguliuoti tiesinimo greit\u012f. Operatoriai gali realiuoju laiku reguliuoti padavimo greit\u012f, kad jis atitikt\u0173 skirtingus stryp\u0173 tipus, taip padidindami gamybos efektyvum\u0105 ir suma\u017eindami komponent\u0173 nusid\u0117v\u0117jim\u0105.<\/p>\n<p data-start=\"1301\" data-end=\"1559\">Tiksli ritin\u0117li\u0173 sistema u\u017etikrina, kad kiekvienas strypas i\u0161eit\u0173 tiesus ir vienodas. Didelio sukimo momento variklis, sujungtas su inverteriu, u\u017etikrina stabili\u0105 traukimo j\u0117g\u0105 net esant didel\u0117ms darbo apkrovoms, tod\u0117l ma\u0161ina tinka tiek mink\u0161to, tiek didelio tempimo plieno strypams.<\/p>\n<h3 data-start=\"1566\" data-end=\"1616\">Tvirtas r\u0117mas ir visuotinis maitinimo suderinamumas<\/h3>\n<p data-start=\"1618\" data-end=\"1886\">Didelio atsparumo plieninis r\u0117mas amortizuoja vibracij\u0105 nepertraukiamo veikimo metu, tod\u0117l u\u017etikrina ilg\u0105 tarnavimo laik\u0105 ir stabil\u0173 veikim\u0105. Nepaisant tvirtos konstrukcijos, GTF4-14 yra kompakti\u0161kas, tod\u0117l tinka montuoti ank\u0161tose dirbtuv\u0117se ar mobiliose lauko aik\u0161tel\u0117se.<\/p>\n<p data-start=\"1888\" data-end=\"1994\">Jis palaiko dvigub\u0105 \u012ftamp\u0105 (220 V\/380 V, 50 Hz\/60 Hz), tod\u0117l j\u012f galima eksportuoti \u012f \u012fvairias pasaulio rinkas.<\/p>\n<h3 data-start=\"2001\" data-end=\"2058\">Pagrindin\u0117s armat\u016bros tiesintuvo GTF4-14 savyb\u0117s<\/h3>\n<ul data-start=\"2060\" data-end=\"2350\">\n<li data-start=\"2060\" data-end=\"2120\">\n<p data-start=\"2062\" data-end=\"2120\">Labai tiksliai tiesina 4-14 mm plieno strypus su ritiniais<\/p>\n<\/li>\n<li data-start=\"2121\" data-end=\"2186\">\n<p data-start=\"2123\" data-end=\"2186\">Funkcijos <strong data-start=\"2132\" data-end=\"2166\">kintamojo da\u017enio pavara (VFD)<\/strong> grei\u010dio reguliavimui<\/p>\n<\/li>\n<li data-start=\"2187\" data-end=\"2248\">\n<p data-start=\"2189\" data-end=\"2248\">Idealiai tinka pramoniniam ir \u012f eksport\u0105 orientuotam armat\u016bros apdorojimui<\/p>\n<\/li>\n<li data-start=\"2249\" data-end=\"2304\">\n<p data-start=\"2251\" data-end=\"2304\">Stipri traukos sistema ir reguliuojamas ritin\u0117li\u0173 i\u0161d\u0117stymas<\/p>\n<\/li>\n<li data-start=\"2305\" data-end=\"2350\">\n<p data-start=\"2307\" data-end=\"2350\">Kompakti\u0161kas, patvarus ir eksportui paruo\u0161tas dizainas<\/p>\n<\/li>\n<\/ul>\n<p><iframe title=\"Armat\u016bros tiesinimo \u012frenginys. Armat\u016bros pjaustytuvas. Armat\u016bros pjovimo stakl\u0117s. #rebar cutter #rebar cuttingmachine\" width=\"720\" height=\"405\" src=\"https:\/\/www.youtube.com\/embed\/7FKkySPeKVQ?feature=oembed\" frameborder=\"0\" allow=\"accelerometer; autoplay; clipboard-write; encrypted-media; gyroscope; picture-in-picture; web-share\" referrerpolicy=\"strict-origin-when-cross-origin\" allowfullscreen><\/iframe><\/p>","protected":false},"excerpt":{"rendered":"<p>GTF4-14 armat\u016bros stryp\u0173 tiesinimo stakl\u0117s tiesina 4-14 mm rit\u0117s strypus, kuri\u0173 greitis valdomas inverteriu. Sukurta didelio na\u0161umo gamybai statyb\u0173 ir surenkam\u0173j\u0173 konstrukcij\u0173 sektoriuose.<\/p>","protected":false},"featured_media":9021,"template":"","meta":{"_kad_post_transparent":"default","_kad_post_title":"","_kad_post_layout":"default","_kad_post_sidebar_id":"","_kad_post_content_style":"default","_kad_post_vertical_padding":"default","_kad_post_feature":"","_kad_post_feature_position":"","_kad_post_header":false,"_kad_post_footer":false},"product_brand":[],"product_cat":[62],"product_tag":[1026,1028,1030,1031,1034,1027,1032,1025,1029,1033],"class_list":{"0":"post-9020","1":"product","2":"type-product","3":"status-publish","4":"has-post-thumbnail","6":"product_cat-rebar-straightening-machine","7":"product_tag-automatic-rebar-straightener","8":"product_tag-cnc-rebar-straightening-equipment","9":"product_tag-coiled-rebar-straightening-machine","10":"product_tag-construction-bar-straightening-machine","11":"product_tag-high-speed-rebar-straightening-tool","12":"product_tag-hydraulic-rebar-straightening-machine","13":"product_tag-rebar-leveling-and-cutting-machine","14":"product_tag-steel-bar-straightening-machine","15":"product_tag-steel-wire-straightener-and-cutter","16":"product_tag-straightening-machine-for-steel-rods","18":"first","19":"instock","20":"featured","21":"shipping-taxable","22":"product-type-simple","23":"entry","24":"content-bg","25":"loop-entry"},"yoast_head":"<!-- This site is optimized with the Yoast SEO plugin v25.3.1 - https:\/\/yoast.com\/wordpress\/plugins\/seo\/ -->\n<title>Rebar Straightening Machine GTF4-14 - HSY Construction Machinery<\/title>\n<meta name=\"description\" content=\"Rebar Straightening Machine GTF4-14 with variable frequency control straightens 4\u201314mm bars. Ideal for industrial use with inverter technology and global voltage support.\" \/>\n<meta name=\"robots\" content=\"index, follow, max-snippet:-1, max-image-preview:large, max-video-preview:-1\" \/>\n<link rel=\"canonical\" href=\"https:\/\/www.hsymachinery.com\/lt\/produktas\/armaturos-tiesinimo-stakles-gtf4-14\/\" \/>\n<meta property=\"og:locale\" content=\"lt_LT\" \/>\n<meta property=\"og:type\" content=\"article\" \/>\n<meta property=\"og:title\" content=\"Rebar Straightening Machine GTF4-14 - HSY Construction Machinery\" \/>\n<meta property=\"og:description\" content=\"Rebar Straightening Machine GTF4-14 with variable frequency control straightens 4\u201314mm bars. Ideal for industrial use with inverter technology and global voltage support.\" \/>\n<meta property=\"og:url\" content=\"https:\/\/www.hsymachinery.com\/lt\/produktas\/armaturos-tiesinimo-stakles-gtf4-14\/\" \/>\n<meta property=\"og:site_name\" content=\"HSY Construction Machinery\" \/>\n<meta property=\"article:modified_time\" content=\"2025-06-27T16:40:55+00:00\" \/>\n<meta property=\"og:image\" content=\"https:\/\/www.hsymachinery.com\/wp-content\/uploads\/2025\/06\/Rebar-Straightening-Machine-GTF4-14.jpg\" \/>\n\t<meta property=\"og:image:width\" content=\"600\" \/>\n\t<meta property=\"og:image:height\" content=\"600\" \/>\n\t<meta property=\"og:image:type\" content=\"image\/jpeg\" \/>\n<meta name=\"twitter:card\" content=\"summary_large_image\" \/>\n<meta name=\"twitter:label1\" content=\"Est. reading time\" \/>\n\t<meta name=\"twitter:data1\" content=\"2 minut\u0117s\" \/>\n<script type=\"application\/ld+json\" class=\"yoast-schema-graph\">{\"@context\":\"https:\/\/schema.org\",\"@graph\":[{\"@type\":\"WebPage\",\"@id\":\"https:\/\/www.hsymachinery.com\/product\/rebar-straightening-machine-gtf4-14\/\",\"url\":\"https:\/\/www.hsymachinery.com\/product\/rebar-straightening-machine-gtf4-14\/\",\"name\":\"Rebar Straightening Machine GTF4-14 - HSY Construction Machinery\",\"isPartOf\":{\"@id\":\"https:\/\/www.hsymachinery.com\/#website\"},\"primaryImageOfPage\":{\"@id\":\"https:\/\/www.hsymachinery.com\/product\/rebar-straightening-machine-gtf4-14\/#primaryimage\"},\"image\":{\"@id\":\"https:\/\/www.hsymachinery.com\/product\/rebar-straightening-machine-gtf4-14\/#primaryimage\"},\"thumbnailUrl\":\"https:\/\/www.hsymachinery.com\/wp-content\/uploads\/2025\/06\/Rebar-Straightening-Machine-GTF4-14.jpg\",\"datePublished\":\"2025-06-18T06:21:32+00:00\",\"dateModified\":\"2025-06-27T16:40:55+00:00\",\"description\":\"Rebar Straightening Machine GTF4-14 with variable frequency control straightens 4\u201314mm bars. Ideal for industrial use with inverter technology and global voltage support.\",\"breadcrumb\":{\"@id\":\"https:\/\/www.hsymachinery.com\/product\/rebar-straightening-machine-gtf4-14\/#breadcrumb\"},\"inLanguage\":\"lt-LT\",\"potentialAction\":[{\"@type\":\"ReadAction\",\"target\":[\"https:\/\/www.hsymachinery.com\/product\/rebar-straightening-machine-gtf4-14\/\"]}]},{\"@type\":\"ImageObject\",\"inLanguage\":\"lt-LT\",\"@id\":\"https:\/\/www.hsymachinery.com\/product\/rebar-straightening-machine-gtf4-14\/#primaryimage\",\"url\":\"https:\/\/www.hsymachinery.com\/wp-content\/uploads\/2025\/06\/Rebar-Straightening-Machine-GTF4-14.jpg\",\"contentUrl\":\"https:\/\/www.hsymachinery.com\/wp-content\/uploads\/2025\/06\/Rebar-Straightening-Machine-GTF4-14.jpg\",\"width\":600,\"height\":600},{\"@type\":\"BreadcrumbList\",\"@id\":\"https:\/\/www.hsymachinery.com\/product\/rebar-straightening-machine-gtf4-14\/#breadcrumb\",\"itemListElement\":[{\"@type\":\"ListItem\",\"position\":1,\"name\":\"home\",\"item\":\"https:\/\/www.hsymachinery.com\/\"},{\"@type\":\"ListItem\",\"position\":2,\"name\":\"products\",\"item\":\"https:\/\/www.hsymachinery.com\/products\/\"},{\"@type\":\"ListItem\",\"position\":3,\"name\":\"Rebar Straightening Machine GTF4-14\"}]},{\"@type\":\"WebSite\",\"@id\":\"https:\/\/www.hsymachinery.com\/#website\",\"url\":\"https:\/\/www.hsymachinery.com\/\",\"name\":\"HSY Construction Machinery\",\"description\":\"HSY Machinery \u2013 A leading China construction machinery supplier, offering a wide range of light construction equipment. Our main products include Rebar Cutting Machine, Rebar Bending Machine, Rebar Stirrup Bending Machine, Rebar Arc Bending Machine, Rebar Straightening Machine, Five-Head Rebar Stirrup Bending Machine, Tamping Rammer, Plate Compactor, Concrete Cutter, Power Trowel, and other construction machinery. We are equipped with advanced CNC machines, and we enforce strict quality inspection standards along with comprehensive after-sales service. If you are interested in our products or services, we warmly welcome your inquiries via message.\",\"publisher\":{\"@id\":\"https:\/\/www.hsymachinery.com\/#organization\"},\"potentialAction\":[{\"@type\":\"SearchAction\",\"target\":{\"@type\":\"EntryPoint\",\"urlTemplate\":\"https:\/\/www.hsymachinery.com\/?s={search_term_string}\"},\"query-input\":{\"@type\":\"PropertyValueSpecification\",\"valueRequired\":true,\"valueName\":\"search_term_string\"}}],\"inLanguage\":\"lt-LT\"},{\"@type\":\"Organization\",\"@id\":\"https:\/\/www.hsymachinery.com\/#organization\",\"name\":\"HSY Construction Machinery\",\"url\":\"https:\/\/www.hsymachinery.com\/\",\"logo\":{\"@type\":\"ImageObject\",\"inLanguage\":\"lt-LT\",\"@id\":\"https:\/\/www.hsymachinery.com\/#\/schema\/logo\/image\/\",\"url\":\"https:\/\/www.hsymachinery.com\/wp-content\/uploads\/2025\/06\/cropped-HSY-machinery.png\",\"contentUrl\":\"https:\/\/www.hsymachinery.com\/wp-content\/uploads\/2025\/06\/cropped-HSY-machinery.png\",\"width\":600,\"height\":240,\"caption\":\"HSY Construction Machinery\"},\"image\":{\"@id\":\"https:\/\/www.hsymachinery.com\/#\/schema\/logo\/image\/\"}}]}<\/script>\n<!-- \/ Yoast SEO plugin. -->","yoast_head_json":{"title":"Armat\u016bros tiesinimo ma\u0161ina GTF4-14 - HSY statybin\u0117s ma\u0161inos","description":"Armat\u016bros stryp\u0173 tiesinimo stakl\u0117s GTF4-14 su kintamo da\u017enio valdymu tiesina 4-14 mm strypus. Idealiai tinka pramoniniam naudojimui su inverterio technologija ir pasaulin\u0117s \u012ftampos palaikymu.","robots":{"index":"index","follow":"follow","max-snippet":"max-snippet:-1","max-image-preview":"max-image-preview:large","max-video-preview":"max-video-preview:-1"},"canonical":"https:\/\/www.hsymachinery.com\/lt\/produktas\/armaturos-tiesinimo-stakles-gtf4-14\/","og_locale":"lt_LT","og_type":"article","og_title":"Rebar Straightening Machine GTF4-14 - HSY Construction Machinery","og_description":"Rebar Straightening Machine GTF4-14 with variable frequency control straightens 4\u201314mm bars. Ideal for industrial use with inverter technology and global voltage support.","og_url":"https:\/\/www.hsymachinery.com\/lt\/produktas\/armaturos-tiesinimo-stakles-gtf4-14\/","og_site_name":"HSY Construction Machinery","article_modified_time":"2025-06-27T16:40:55+00:00","og_image":[{"width":600,"height":600,"url":"https:\/\/www.hsymachinery.com\/wp-content\/uploads\/2025\/06\/Rebar-Straightening-Machine-GTF4-14.jpg","type":"image\/jpeg"}],"twitter_card":"summary_large_image","twitter_misc":{"Est. reading time":"2 minut\u0117s"},"schema":{"@context":"https:\/\/schema.org","@graph":[{"@type":"WebPage","@id":"https:\/\/www.hsymachinery.com\/product\/rebar-straightening-machine-gtf4-14\/","url":"https:\/\/www.hsymachinery.com\/product\/rebar-straightening-machine-gtf4-14\/","name":"Armat\u016bros tiesinimo ma\u0161ina GTF4-14 - HSY statybin\u0117s ma\u0161inos","isPartOf":{"@id":"https:\/\/www.hsymachinery.com\/#website"},"primaryImageOfPage":{"@id":"https:\/\/www.hsymachinery.com\/product\/rebar-straightening-machine-gtf4-14\/#primaryimage"},"image":{"@id":"https:\/\/www.hsymachinery.com\/product\/rebar-straightening-machine-gtf4-14\/#primaryimage"},"thumbnailUrl":"https:\/\/www.hsymachinery.com\/wp-content\/uploads\/2025\/06\/Rebar-Straightening-Machine-GTF4-14.jpg","datePublished":"2025-06-18T06:21:32+00:00","dateModified":"2025-06-27T16:40:55+00:00","description":"Armat\u016bros stryp\u0173 tiesinimo stakl\u0117s GTF4-14 su kintamo da\u017enio valdymu tiesina 4-14 mm strypus. Idealiai tinka pramoniniam naudojimui su inverterio technologija ir pasaulin\u0117s \u012ftampos palaikymu.","breadcrumb":{"@id":"https:\/\/www.hsymachinery.com\/product\/rebar-straightening-machine-gtf4-14\/#breadcrumb"},"inLanguage":"lt-LT","potentialAction":[{"@type":"ReadAction","target":["https:\/\/www.hsymachinery.com\/product\/rebar-straightening-machine-gtf4-14\/"]}]},{"@type":"ImageObject","inLanguage":"lt-LT","@id":"https:\/\/www.hsymachinery.com\/product\/rebar-straightening-machine-gtf4-14\/#primaryimage","url":"https:\/\/www.hsymachinery.com\/wp-content\/uploads\/2025\/06\/Rebar-Straightening-Machine-GTF4-14.jpg","contentUrl":"https:\/\/www.hsymachinery.com\/wp-content\/uploads\/2025\/06\/Rebar-Straightening-Machine-GTF4-14.jpg","width":600,"height":600},{"@type":"BreadcrumbList","@id":"https:\/\/www.hsymachinery.com\/product\/rebar-straightening-machine-gtf4-14\/#breadcrumb","itemListElement":[{"@type":"ListItem","position":1,"name":"home","item":"https:\/\/www.hsymachinery.com\/"},{"@type":"ListItem","position":2,"name":"products","item":"https:\/\/www.hsymachinery.com\/products\/"},{"@type":"ListItem","position":3,"name":"Rebar Straightening Machine GTF4-14"}]},{"@type":"WebSite","@id":"https:\/\/www.hsymachinery.com\/#website","url":"https:\/\/www.hsymachinery.com\/","name":"HSY statybin\u0117s ma\u0161inos","description":"\"HSY Machinery\" - pirmaujanti Kinijos statybos ma\u0161in\u0173 tiek\u0117ja, si\u016blanti plat\u0173 lengvosios statybos \u012frangos asortiment\u0105. Pagrindiniai m\u016bs\u0173 produktai - armat\u016bros pjovimo stakl\u0117s, armat\u016bros lenkimo stakl\u0117s, armat\u016bros stryp\u0173 lenkimo stakl\u0117s, armat\u016bros lanko lenkimo stakl\u0117s, armat\u016bros tiesinimo stakl\u0117s, penki\u0173 galvu\u010di\u0173 armat\u016bros stryp\u0173 lenkimo stakl\u0117s, tankinimo plaktukas, plok\u0161\u010di\u0173 tankintuvas, betono pjaustykl\u0117, elektrin\u0117 mentele ir kita statybin\u0117 technika. Turime pa\u017eangias CNC stakles, taikome grie\u017etus kokyb\u0117s tikrinimo standartus ir teikiame visapusi\u0161kas garantinio aptarnavimo paslaugas. Jei jus domina m\u016bs\u0173 gaminiai ar paslaugos, maloniai laukiame j\u016bs\u0173 u\u017eklaus\u0173 \u017einute.","publisher":{"@id":"https:\/\/www.hsymachinery.com\/#organization"},"potentialAction":[{"@type":"SearchAction","target":{"@type":"EntryPoint","urlTemplate":"https:\/\/www.hsymachinery.com\/?s={search_term_string}"},"query-input":{"@type":"PropertyValueSpecification","valueRequired":true,"valueName":"search_term_string"}}],"inLanguage":"lt-LT"},{"@type":"Organization","@id":"https:\/\/www.hsymachinery.com\/#organization","name":"HSY statybin\u0117s ma\u0161inos","url":"https:\/\/www.hsymachinery.com\/","logo":{"@type":"ImageObject","inLanguage":"lt-LT","@id":"https:\/\/www.hsymachinery.com\/#\/schema\/logo\/image\/","url":"https:\/\/www.hsymachinery.com\/wp-content\/uploads\/2025\/06\/cropped-HSY-machinery.png","contentUrl":"https:\/\/www.hsymachinery.com\/wp-content\/uploads\/2025\/06\/cropped-HSY-machinery.png","width":600,"height":240,"caption":"HSY Construction Machinery"},"image":{"@id":"https:\/\/www.hsymachinery.com\/#\/schema\/logo\/image\/"}}]}},"_links":{"self":[{"href":"https:\/\/www.hsymachinery.com\/lt\/wp-json\/wp\/v2\/product\/9020","targetHints":{"allow":["GET"]}}],"collection":[{"href":"https:\/\/www.hsymachinery.com\/lt\/wp-json\/wp\/v2\/product"}],"about":[{"href":"https:\/\/www.hsymachinery.com\/lt\/wp-json\/wp\/v2\/types\/product"}],"version-history":[{"count":3,"href":"https:\/\/www.hsymachinery.com\/lt\/wp-json\/wp\/v2\/product\/9020\/revisions"}],"predecessor-version":[{"id":9445,"href":"https:\/\/www.hsymachinery.com\/lt\/wp-json\/wp\/v2\/product\/9020\/revisions\/9445"}],"wp:featuredmedia":[{"embeddable":true,"href":"https:\/\/www.hsymachinery.com\/lt\/wp-json\/wp\/v2\/media\/9021"}],"wp:attachment":[{"href":"https:\/\/www.hsymachinery.com\/lt\/wp-json\/wp\/v2\/media?parent=9020"}],"wp:term":[{"taxonomy":"product_brand","embeddable":true,"href":"https:\/\/www.hsymachinery.com\/lt\/wp-json\/wp\/v2\/product_brand?post=9020"},{"taxonomy":"product_cat","embeddable":true,"href":"https:\/\/www.hsymachinery.com\/lt\/wp-json\/wp\/v2\/product_cat?post=9020"},{"taxonomy":"product_tag","embeddable":true,"href":"https:\/\/www.hsymachinery.com\/lt\/wp-json\/wp\/v2\/product_tag?post=9020"}],"curies":[{"name":"wp","href":"https:\/\/api.w.org\/{rel}","templated":true}]}}