{"id":9013,"date":"2025-06-18T14:18:53","date_gmt":"2025-06-18T06:18:53","guid":{"rendered":"https:\/\/www.hsymachinery.com\/?post_type=product&#038;p=9013"},"modified":"2025-06-28T00:29:56","modified_gmt":"2025-06-27T16:29:56","slug":"armaturos-strypu-tiesinimo-stakles-gtu4-12a","status":"publish","type":"product","link":"https:\/\/www.hsymachinery.com\/lt\/produktas\/armaturos-strypu-tiesinimo-stakles-gtu4-12a\/","title":{"rendered":"Armat\u016bros tiesinimo stakl\u0117s GTU4-12A"},"content":{"rendered":"<h2 data-start=\"108\" data-end=\"152\">Armat\u016bros tiesinimo stakl\u0117s GTU4-12A<\/h2>\n<h3 data-start=\"153\" data-end=\"275\">GTU4-12A automatinis 4-12 mm armat\u016bros tiesinimo aparatas | Kompakti\u0161kas rit\u0117s armat\u016bros tiesinimo aparatas eksportui ir naudojimui vietoje<\/h3>\n<h3 data-start=\"282\" data-end=\"362\">Produkto ap\u017evalga - efektyvus vidutinio skersmens plieno stryp\u0173 tiesinimas<\/h3>\n<p data-start=\"364\" data-end=\"658\">Svetain\u0117 <strong data-start=\"368\" data-end=\"408\"><a href=\"https:\/\/www.hsymachinery.com\/lt\/produktai\/armaturos-tiesinimo-stakles\/\" target=\"_blank\" rel=\"noopener\">Armat\u016bros tiesinimo ma\u0161ina<\/a> GTU4-12A<\/strong> sukurta taip, kad gal\u0117t\u0173 tvarkyti <strong data-start=\"428\" data-end=\"456\">Nuo 4 mm iki 12 mm ritininis armat\u016bros strypas<\/strong>, tod\u0117l si\u016blomas subalansuotas sprendimas, u\u017etikrinantis ir greit\u012f, ir tikslum\u0105. Jis idealiai tinka statybos bendrov\u0117ms, plieno gamintojams ir eksportuotojams, ie\u0161kantiems kompakti\u0161ko ir ekonomi\u0161ko tiesinimo \u012frenginio.<\/p>\n<p data-start=\"660\" data-end=\"801\">\u0160i ma\u0161ina i\u0161tiesina deformuot\u0105 ar suvyniot\u0105 armat\u016bros stryp\u0105 \u012f tikslius, paruo\u0161tus naudoti ilgius, taip padidindama na\u0161um\u0105 ir suma\u017eindama med\u017eiag\u0173 atliekas.<\/p>\n<h3 data-start=\"808\" data-end=\"861\">\u00a0Reguliuojami ritin\u0117liai ir nuosekli padavimo kontrol\u0117<\/h3>\n<p data-start=\"863\" data-end=\"1117\">Galite greitai nustatyti GTU4-12A, reguliuodami atstum\u0105 tarp ritin\u0117li\u0173 ir derinimo nustatymus, kad jie atitikt\u0173 j\u016bs\u0173 juostos dyd\u012f. Didelio sukimo momento variklis u\u017etikrina tolygi\u0105 traukimo j\u0117g\u0105, kad kiekvienas strypas b\u016bt\u0173 i\u0161tiesintas tolygiai, su minimalia vibracija ar nuokrypiais.<\/p>\n<p data-start=\"1119\" data-end=\"1284\">Grei\u010dio reguliavimo ratukas leid\u017eia reguliuoti padavimo greit\u012f pagal skirtingus plieno stryp\u0173 tipus, tod\u0117l dirbsite greitai ir tiksliai, nepa\u017eeisdami med\u017eiagos.<\/p>\n<h3 data-start=\"1291\" data-end=\"1354\">Erdv\u0119 taupantis dizainas ir visuotinis \u012ftampos suderinamumas<\/h3>\n<p data-start=\"1356\" data-end=\"1611\">GTU4-12A turi kompakti\u0161k\u0105 r\u0117m\u0105, tod\u0117l j\u012f lengva transportuoti ir statyti dirbtuv\u0117se ar laikinose aik\u0161tel\u0117se. Jis palaiko 220 V arba 380 V \u012fvest\u012f (50 Hz\/60 Hz), tod\u0117l rangovai ir platintojai gali be joki\u0173 pakeitim\u0173 \u012frengin\u012f naudoti visame pasaulyje.<\/p>\n<p data-start=\"1613\" data-end=\"1732\">D\u0117l savo mobilumo ir pramoninio patikimumo jis puikiai tinka tiek vidaus, tiek eksporto rinkoms.<\/p>\n<h3 data-start=\"1739\" data-end=\"1797\">Pagrindin\u0117s armat\u016bros tiesintuvo GTU4-12A savyb\u0117s<\/h3>\n<ul data-start=\"1799\" data-end=\"2046\">\n<li data-start=\"1799\" data-end=\"1862\">\n<p data-start=\"1801\" data-end=\"1862\">Labai tiksliai i\u0161tiesina 4-12 mm plieno strypus i\u0161 rit\u0117s<\/p>\n<\/li>\n<li data-start=\"1863\" data-end=\"1935\">\n<p data-start=\"1865\" data-end=\"1935\">Tinka dirbtuv\u0117ms, darbo vietoms ir tarptautiniams armat\u016bros tiek\u0117jams<\/p>\n<\/li>\n<li data-start=\"1936\" data-end=\"1987\">\n<p data-start=\"1938\" data-end=\"1987\">Lengvai reguliuojama ritin\u0117li\u0173 sistema ir grei\u010dio nustatymai<\/p>\n<\/li>\n<li data-start=\"1988\" data-end=\"2046\">\n<p data-start=\"1990\" data-end=\"2046\">Kompakti\u0161kas r\u0117mas ir dviguba \u012ftampa - lankstus diegimas<\/p>\n<\/li>\n<\/ul>\n<p><iframe title=\"# statybin\u0117s ma\u0161inos # statybinis darbininkas # pjovimo ma\u0161ina # pjovimo ma\u0161ina # pjovimo ma\u0161ina # pjovimo ma\u0161ina # pjovimo ma\u0161ina # pjovimo ma\u0161ina # pjovimo ma\u0161ina # pjovimo ma\u0161ina # pjovimo ma\u0161ina\" width=\"720\" height=\"405\" src=\"https:\/\/www.youtube.com\/embed\/iSdgJyeed00?feature=oembed\" frameborder=\"0\" allow=\"accelerometer; autoplay; clipboard-write; encrypted-media; gyroscope; picture-in-picture; web-share\" referrerpolicy=\"strict-origin-when-cross-origin\" allowfullscreen><\/iframe><\/p>","protected":false},"excerpt":{"rendered":"<p>GTU4-12A i\u0161tiesina 4-12 mm suvyniot\u0105 armat\u016bros stryp\u0105 \u012f tiesius strypus. Idealiai tinka eksportui ir naudojimui lauke, turi reguliuojam\u0105 greit\u012f ir kompakti\u0161k\u0105 konstrukcij\u0105, kad b\u016bt\u0173 galima atlikti mobilias operacijas.<\/p>","protected":false},"featured_media":9015,"template":"","meta":{"_kad_post_transparent":"default","_kad_post_title":"","_kad_post_layout":"default","_kad_post_sidebar_id":"","_kad_post_content_style":"default","_kad_post_vertical_padding":"default","_kad_post_feature":"","_kad_post_feature_position":"","_kad_post_header":false,"_kad_post_footer":false},"product_brand":[],"product_cat":[62],"product_tag":[1026,1028,1030,1031,1034,1027,1032,1025,1029,1033],"class_list":{"0":"post-9013","1":"product","2":"type-product","3":"status-publish","4":"has-post-thumbnail","6":"product_cat-rebar-straightening-machine","7":"product_tag-automatic-rebar-straightener","8":"product_tag-cnc-rebar-straightening-equipment","9":"product_tag-coiled-rebar-straightening-machine","10":"product_tag-construction-bar-straightening-machine","11":"product_tag-high-speed-rebar-straightening-tool","12":"product_tag-hydraulic-rebar-straightening-machine","13":"product_tag-rebar-leveling-and-cutting-machine","14":"product_tag-steel-bar-straightening-machine","15":"product_tag-steel-wire-straightener-and-cutter","16":"product_tag-straightening-machine-for-steel-rods","18":"first","19":"instock","20":"shipping-taxable","21":"product-type-simple","22":"entry","23":"content-bg","24":"loop-entry"},"yoast_head":"<!-- This site is optimized with the Yoast SEO plugin v25.3.1 - https:\/\/yoast.com\/wordpress\/plugins\/seo\/ -->\n<title>Rebar Straightening Machine GTU4-12A - HSY Construction Machinery<\/title>\n<meta name=\"description\" content=\"Rebar Straightening Machine GTU4-12A processes 4\u201312mm coil steel bars. Compact, efficient, and voltage-adaptable for export or construction use.\" \/>\n<meta name=\"robots\" content=\"index, follow, max-snippet:-1, max-image-preview:large, max-video-preview:-1\" \/>\n<link rel=\"canonical\" href=\"https:\/\/www.hsymachinery.com\/lt\/produktas\/armaturos-strypu-tiesinimo-stakles-gtu4-12a\/\" \/>\n<meta property=\"og:locale\" content=\"lt_LT\" \/>\n<meta property=\"og:type\" content=\"article\" \/>\n<meta property=\"og:title\" content=\"Rebar Straightening Machine GTU4-12A - HSY Construction Machinery\" \/>\n<meta property=\"og:description\" content=\"Rebar Straightening Machine GTU4-12A processes 4\u201312mm coil steel bars. Compact, efficient, and voltage-adaptable for export or construction use.\" \/>\n<meta property=\"og:url\" content=\"https:\/\/www.hsymachinery.com\/lt\/produktas\/armaturos-strypu-tiesinimo-stakles-gtu4-12a\/\" \/>\n<meta property=\"og:site_name\" content=\"HSY Construction Machinery\" \/>\n<meta property=\"article:modified_time\" content=\"2025-06-27T16:29:56+00:00\" \/>\n<meta property=\"og:image\" content=\"https:\/\/www.hsymachinery.com\/wp-content\/uploads\/2025\/06\/Rebar-Straightening-Machine-GTU4-12A.jpg\" \/>\n\t<meta property=\"og:image:width\" content=\"600\" \/>\n\t<meta property=\"og:image:height\" content=\"600\" \/>\n\t<meta property=\"og:image:type\" content=\"image\/jpeg\" \/>\n<meta name=\"twitter:card\" content=\"summary_large_image\" \/>\n<meta name=\"twitter:label1\" content=\"Est. reading time\" \/>\n\t<meta name=\"twitter:data1\" content=\"2 minut\u0117s\" \/>\n<script type=\"application\/ld+json\" class=\"yoast-schema-graph\">{\"@context\":\"https:\/\/schema.org\",\"@graph\":[{\"@type\":\"WebPage\",\"@id\":\"https:\/\/www.hsymachinery.com\/product\/rebar-straightening-machine-gtu4-12a\/\",\"url\":\"https:\/\/www.hsymachinery.com\/product\/rebar-straightening-machine-gtu4-12a\/\",\"name\":\"Rebar Straightening Machine GTU4-12A - HSY Construction Machinery\",\"isPartOf\":{\"@id\":\"https:\/\/www.hsymachinery.com\/#website\"},\"primaryImageOfPage\":{\"@id\":\"https:\/\/www.hsymachinery.com\/product\/rebar-straightening-machine-gtu4-12a\/#primaryimage\"},\"image\":{\"@id\":\"https:\/\/www.hsymachinery.com\/product\/rebar-straightening-machine-gtu4-12a\/#primaryimage\"},\"thumbnailUrl\":\"https:\/\/www.hsymachinery.com\/wp-content\/uploads\/2025\/06\/Rebar-Straightening-Machine-GTU4-12A.jpg\",\"datePublished\":\"2025-06-18T06:18:53+00:00\",\"dateModified\":\"2025-06-27T16:29:56+00:00\",\"description\":\"Rebar Straightening Machine GTU4-12A processes 4\u201312mm coil steel bars. Compact, efficient, and voltage-adaptable for export or construction use.\",\"breadcrumb\":{\"@id\":\"https:\/\/www.hsymachinery.com\/product\/rebar-straightening-machine-gtu4-12a\/#breadcrumb\"},\"inLanguage\":\"lt-LT\",\"potentialAction\":[{\"@type\":\"ReadAction\",\"target\":[\"https:\/\/www.hsymachinery.com\/product\/rebar-straightening-machine-gtu4-12a\/\"]}]},{\"@type\":\"ImageObject\",\"inLanguage\":\"lt-LT\",\"@id\":\"https:\/\/www.hsymachinery.com\/product\/rebar-straightening-machine-gtu4-12a\/#primaryimage\",\"url\":\"https:\/\/www.hsymachinery.com\/wp-content\/uploads\/2025\/06\/Rebar-Straightening-Machine-GTU4-12A.jpg\",\"contentUrl\":\"https:\/\/www.hsymachinery.com\/wp-content\/uploads\/2025\/06\/Rebar-Straightening-Machine-GTU4-12A.jpg\",\"width\":600,\"height\":600},{\"@type\":\"BreadcrumbList\",\"@id\":\"https:\/\/www.hsymachinery.com\/product\/rebar-straightening-machine-gtu4-12a\/#breadcrumb\",\"itemListElement\":[{\"@type\":\"ListItem\",\"position\":1,\"name\":\"home\",\"item\":\"https:\/\/www.hsymachinery.com\/\"},{\"@type\":\"ListItem\",\"position\":2,\"name\":\"products\",\"item\":\"https:\/\/www.hsymachinery.com\/products\/\"},{\"@type\":\"ListItem\",\"position\":3,\"name\":\"Rebar Straightening Machine GTU4-12A\"}]},{\"@type\":\"WebSite\",\"@id\":\"https:\/\/www.hsymachinery.com\/#website\",\"url\":\"https:\/\/www.hsymachinery.com\/\",\"name\":\"HSY Construction Machinery\",\"description\":\"HSY Machinery \u2013 A leading China construction machinery supplier, offering a wide range of light construction equipment. Our main products include Rebar Cutting Machine, Rebar Bending Machine, Rebar Stirrup Bending Machine, Rebar Arc Bending Machine, Rebar Straightening Machine, Five-Head Rebar Stirrup Bending Machine, Tamping Rammer, Plate Compactor, Concrete Cutter, Power Trowel, and other construction machinery. We are equipped with advanced CNC machines, and we enforce strict quality inspection standards along with comprehensive after-sales service. If you are interested in our products or services, we warmly welcome your inquiries via message.\",\"publisher\":{\"@id\":\"https:\/\/www.hsymachinery.com\/#organization\"},\"potentialAction\":[{\"@type\":\"SearchAction\",\"target\":{\"@type\":\"EntryPoint\",\"urlTemplate\":\"https:\/\/www.hsymachinery.com\/?s={search_term_string}\"},\"query-input\":{\"@type\":\"PropertyValueSpecification\",\"valueRequired\":true,\"valueName\":\"search_term_string\"}}],\"inLanguage\":\"lt-LT\"},{\"@type\":\"Organization\",\"@id\":\"https:\/\/www.hsymachinery.com\/#organization\",\"name\":\"HSY Construction Machinery\",\"url\":\"https:\/\/www.hsymachinery.com\/\",\"logo\":{\"@type\":\"ImageObject\",\"inLanguage\":\"lt-LT\",\"@id\":\"https:\/\/www.hsymachinery.com\/#\/schema\/logo\/image\/\",\"url\":\"https:\/\/www.hsymachinery.com\/wp-content\/uploads\/2025\/06\/cropped-HSY-machinery.png\",\"contentUrl\":\"https:\/\/www.hsymachinery.com\/wp-content\/uploads\/2025\/06\/cropped-HSY-machinery.png\",\"width\":600,\"height\":240,\"caption\":\"HSY Construction Machinery\"},\"image\":{\"@id\":\"https:\/\/www.hsymachinery.com\/#\/schema\/logo\/image\/\"}}]}<\/script>\n<!-- \/ Yoast SEO plugin. -->","yoast_head_json":{"title":"Armat\u016bros tiesinimo ma\u0161ina GTU4-12A - HSY statybin\u0117s ma\u0161inos","description":"Armat\u016bros stryp\u0173 tiesinimo stakl\u0117s GTU4-12A apdoroja 4-12 mm ritininio plieno strypus. Kompakti\u0161kas, efektyvus, pritaikytas prie \u012ftampos, skirtas naudoti eksportui arba statybose.","robots":{"index":"index","follow":"follow","max-snippet":"max-snippet:-1","max-image-preview":"max-image-preview:large","max-video-preview":"max-video-preview:-1"},"canonical":"https:\/\/www.hsymachinery.com\/lt\/produktas\/armaturos-strypu-tiesinimo-stakles-gtu4-12a\/","og_locale":"lt_LT","og_type":"article","og_title":"Rebar Straightening Machine GTU4-12A - HSY Construction Machinery","og_description":"Rebar Straightening Machine GTU4-12A processes 4\u201312mm coil steel bars. Compact, efficient, and voltage-adaptable for export or construction use.","og_url":"https:\/\/www.hsymachinery.com\/lt\/produktas\/armaturos-strypu-tiesinimo-stakles-gtu4-12a\/","og_site_name":"HSY Construction Machinery","article_modified_time":"2025-06-27T16:29:56+00:00","og_image":[{"width":600,"height":600,"url":"https:\/\/www.hsymachinery.com\/wp-content\/uploads\/2025\/06\/Rebar-Straightening-Machine-GTU4-12A.jpg","type":"image\/jpeg"}],"twitter_card":"summary_large_image","twitter_misc":{"Est. reading time":"2 minut\u0117s"},"schema":{"@context":"https:\/\/schema.org","@graph":[{"@type":"WebPage","@id":"https:\/\/www.hsymachinery.com\/product\/rebar-straightening-machine-gtu4-12a\/","url":"https:\/\/www.hsymachinery.com\/product\/rebar-straightening-machine-gtu4-12a\/","name":"Armat\u016bros tiesinimo ma\u0161ina GTU4-12A - HSY statybin\u0117s ma\u0161inos","isPartOf":{"@id":"https:\/\/www.hsymachinery.com\/#website"},"primaryImageOfPage":{"@id":"https:\/\/www.hsymachinery.com\/product\/rebar-straightening-machine-gtu4-12a\/#primaryimage"},"image":{"@id":"https:\/\/www.hsymachinery.com\/product\/rebar-straightening-machine-gtu4-12a\/#primaryimage"},"thumbnailUrl":"https:\/\/www.hsymachinery.com\/wp-content\/uploads\/2025\/06\/Rebar-Straightening-Machine-GTU4-12A.jpg","datePublished":"2025-06-18T06:18:53+00:00","dateModified":"2025-06-27T16:29:56+00:00","description":"Armat\u016bros stryp\u0173 tiesinimo stakl\u0117s GTU4-12A apdoroja 4-12 mm ritininio plieno strypus. Kompakti\u0161kas, efektyvus, pritaikytas prie \u012ftampos, skirtas naudoti eksportui arba statybose.","breadcrumb":{"@id":"https:\/\/www.hsymachinery.com\/product\/rebar-straightening-machine-gtu4-12a\/#breadcrumb"},"inLanguage":"lt-LT","potentialAction":[{"@type":"ReadAction","target":["https:\/\/www.hsymachinery.com\/product\/rebar-straightening-machine-gtu4-12a\/"]}]},{"@type":"ImageObject","inLanguage":"lt-LT","@id":"https:\/\/www.hsymachinery.com\/product\/rebar-straightening-machine-gtu4-12a\/#primaryimage","url":"https:\/\/www.hsymachinery.com\/wp-content\/uploads\/2025\/06\/Rebar-Straightening-Machine-GTU4-12A.jpg","contentUrl":"https:\/\/www.hsymachinery.com\/wp-content\/uploads\/2025\/06\/Rebar-Straightening-Machine-GTU4-12A.jpg","width":600,"height":600},{"@type":"BreadcrumbList","@id":"https:\/\/www.hsymachinery.com\/product\/rebar-straightening-machine-gtu4-12a\/#breadcrumb","itemListElement":[{"@type":"ListItem","position":1,"name":"home","item":"https:\/\/www.hsymachinery.com\/"},{"@type":"ListItem","position":2,"name":"products","item":"https:\/\/www.hsymachinery.com\/products\/"},{"@type":"ListItem","position":3,"name":"Rebar Straightening Machine GTU4-12A"}]},{"@type":"WebSite","@id":"https:\/\/www.hsymachinery.com\/#website","url":"https:\/\/www.hsymachinery.com\/","name":"HSY statybin\u0117s ma\u0161inos","description":"\"HSY Machinery\" - pirmaujanti Kinijos statybos ma\u0161in\u0173 tiek\u0117ja, si\u016blanti plat\u0173 lengvosios statybos \u012frangos asortiment\u0105. Pagrindiniai m\u016bs\u0173 produktai - armat\u016bros pjovimo stakl\u0117s, armat\u016bros lenkimo stakl\u0117s, armat\u016bros stryp\u0173 lenkimo stakl\u0117s, armat\u016bros lanko lenkimo stakl\u0117s, armat\u016bros tiesinimo stakl\u0117s, penki\u0173 galvu\u010di\u0173 armat\u016bros stryp\u0173 lenkimo stakl\u0117s, tankinimo plaktukas, plok\u0161\u010di\u0173 tankintuvas, betono pjaustykl\u0117, elektrin\u0117 mentele ir kita statybin\u0117 technika. Turime pa\u017eangias CNC stakles, taikome grie\u017etus kokyb\u0117s tikrinimo standartus ir teikiame visapusi\u0161kas garantinio aptarnavimo paslaugas. Jei jus domina m\u016bs\u0173 gaminiai ar paslaugos, maloniai laukiame j\u016bs\u0173 u\u017eklaus\u0173 \u017einute.","publisher":{"@id":"https:\/\/www.hsymachinery.com\/#organization"},"potentialAction":[{"@type":"SearchAction","target":{"@type":"EntryPoint","urlTemplate":"https:\/\/www.hsymachinery.com\/?s={search_term_string}"},"query-input":{"@type":"PropertyValueSpecification","valueRequired":true,"valueName":"search_term_string"}}],"inLanguage":"lt-LT"},{"@type":"Organization","@id":"https:\/\/www.hsymachinery.com\/#organization","name":"HSY statybin\u0117s ma\u0161inos","url":"https:\/\/www.hsymachinery.com\/","logo":{"@type":"ImageObject","inLanguage":"lt-LT","@id":"https:\/\/www.hsymachinery.com\/#\/schema\/logo\/image\/","url":"https:\/\/www.hsymachinery.com\/wp-content\/uploads\/2025\/06\/cropped-HSY-machinery.png","contentUrl":"https:\/\/www.hsymachinery.com\/wp-content\/uploads\/2025\/06\/cropped-HSY-machinery.png","width":600,"height":240,"caption":"HSY Construction Machinery"},"image":{"@id":"https:\/\/www.hsymachinery.com\/#\/schema\/logo\/image\/"}}]}},"_links":{"self":[{"href":"https:\/\/www.hsymachinery.com\/lt\/wp-json\/wp\/v2\/product\/9013","targetHints":{"allow":["GET"]}}],"collection":[{"href":"https:\/\/www.hsymachinery.com\/lt\/wp-json\/wp\/v2\/product"}],"about":[{"href":"https:\/\/www.hsymachinery.com\/lt\/wp-json\/wp\/v2\/types\/product"}],"version-history":[{"count":4,"href":"https:\/\/www.hsymachinery.com\/lt\/wp-json\/wp\/v2\/product\/9013\/revisions"}],"predecessor-version":[{"id":9440,"href":"https:\/\/www.hsymachinery.com\/lt\/wp-json\/wp\/v2\/product\/9013\/revisions\/9440"}],"wp:featuredmedia":[{"embeddable":true,"href":"https:\/\/www.hsymachinery.com\/lt\/wp-json\/wp\/v2\/media\/9015"}],"wp:attachment":[{"href":"https:\/\/www.hsymachinery.com\/lt\/wp-json\/wp\/v2\/media?parent=9013"}],"wp:term":[{"taxonomy":"product_brand","embeddable":true,"href":"https:\/\/www.hsymachinery.com\/lt\/wp-json\/wp\/v2\/product_brand?post=9013"},{"taxonomy":"product_cat","embeddable":true,"href":"https:\/\/www.hsymachinery.com\/lt\/wp-json\/wp\/v2\/product_cat?post=9013"},{"taxonomy":"product_tag","embeddable":true,"href":"https:\/\/www.hsymachinery.com\/lt\/wp-json\/wp\/v2\/product_tag?post=9013"}],"curies":[{"name":"wp","href":"https:\/\/api.w.org\/{rel}","templated":true}]}}