{"id":9001,"date":"2025-06-18T12:40:00","date_gmt":"2025-06-18T04:40:00","guid":{"rendered":"https:\/\/www.hsymachinery.com\/?post_type=product&#038;p=9001"},"modified":"2025-06-27T23:44:12","modified_gmt":"2025-06-27T15:44:12","slug":"armaturos-tiesinimo-stakles-gtd4-10a","status":"publish","type":"product","link":"https:\/\/www.hsymachinery.com\/lt\/produktas\/armaturos-tiesinimo-stakles-gtd4-10a\/","title":{"rendered":"Armat\u016bros tiesinimo stakl\u0117s GTD4-10A"},"content":{"rendered":"<h2 data-start=\"120\" data-end=\"164\">Armat\u016bros tiesinimo stakl\u0117s GTD4-10A<\/h2>\n<h3 data-start=\"165\" data-end=\"294\">GTD4-10A automatinis armat\u016bros tiesintuvas 4-10 mm plieniniams strypams | Greitaeigis plienini\u0173 stryp\u0173 tiesinimo aparatas statyboms<\/h3>\n<h3 data-start=\"301\" data-end=\"401\">Produkto ap\u017evalga - greitas ir tikslus armat\u016bros tiesinimas darbo vietose ir gamybos \u012fmon\u0117se<\/h3>\n<p data-start=\"403\" data-end=\"699\">Svetain\u0117 <strong data-start=\"407\" data-end=\"447\"><a href=\"https:\/\/www.hsymachinery.com\/lt\/produktai\/armaturos-tiesinimo-stakles\/\" target=\"_blank\" rel=\"noopener\">Armat\u016bros tiesinimo ma\u0161ina<\/a> GTD4-10A<\/strong> yra sukurtas tam, kad i\u0161tiesint\u0173 <strong data-start=\"471\" data-end=\"506\">4-10 mm skersmens plieniniai strypai<\/strong> greitai ir tiksliai. Nesvarbu, ar dirbate armat\u016bros gamykloje, ar statyb\u0173 aik\u0161tel\u0117je, \u0161i ma\u0161ina pad\u0117s supaprastinti armat\u016bros ruo\u0161imo proces\u0105 ir pagerinti med\u017eiagos nuoseklum\u0105.<\/p>\n<p data-start=\"701\" data-end=\"834\">Jis pa\u0161alina \u0161altai arba kar\u0161tai valcuoto armat\u016bros strypo deformacijas, ritinio atmint\u012f ir i\u0161linkimus, paruo\u0161ia j\u012f pjaustymui, suvirinimui arba montavimui.<\/p>\n<h3 data-start=\"841\" data-end=\"895\">Sklandus tiesinimas su reguliuojamu padavimo grei\u010diu<\/h3>\n<p data-start=\"897\" data-end=\"1163\">Tiesinimo ritin\u0117lius galima reguliuoti pagal skirtingus plieno stryp\u0173 dyd\u017eius, tod\u0117l galima lanks\u010diai naudoti \u012fvairi\u0173 tip\u0173 armat\u016bros strypus. Elektros vario \u0161erdies variklis sukuria pastovi\u0105 traukimo j\u0117g\u0105, tod\u0117l strypas i\u0161va\u017eiuoja visi\u0161kai tiesus, be likusi\u0173 i\u0161linkim\u0173.<\/p>\n<p data-start=\"1165\" data-end=\"1380\">GTD4-10A taip pat turi patvari\u0105 traukos sistem\u0105 ir reguliuojam\u0105 grei\u010dio valdym\u0105, tod\u0117l galite visi\u0161kai valdyti apdorojimo temp\u0105. Taip gaunami tiesesni strypai su minimaliomis darbo s\u0105naudomis ir didesniu na\u0161umu.<\/p>\n<h3 data-start=\"1387\" data-end=\"1432\">Kompakti\u0161kas, patvarus ir paruo\u0161tas eksportui<\/h3>\n<p data-start=\"1434\" data-end=\"1761\">\u0160i ma\u0161ina turi sustiprint\u0105 plienin\u0119 va\u017eiuokl\u0119, tod\u0117l nepertraukiamai dirbdama yra atspari vibracijai ir nusid\u0117v\u0117jimui. D\u0117l kompakti\u0161k\u0173 gabarit\u0173 j\u012f galima pritaikyti ma\u017eose dirbtuv\u0117se arba lengvai transportuoti \u012f darbo vietas. Jis palaiko 220 V arba 380 V (50 Hz\/60 Hz) \u012ftamp\u0105, tod\u0117l atitinka tiek vietini\u0173, tiek tarptautini\u0173 naudotoj\u0173 maitinimo reikalavimus.<\/p>\n<p data-start=\"1763\" data-end=\"1876\">Jei norite greitai ir tiksliai i\u0161tiesinti suvyniotus plieninius strypus, GTD4-10A u\u017etikrina patikimus rezultatus.<\/p>\n<h3 data-start=\"1883\" data-end=\"1941\">Pagrindin\u0117s armat\u016bros tiesintuvo GTD4-10A savyb\u0117s<\/h3>\n<ul data-start=\"1943\" data-end=\"2184\">\n<li data-start=\"1943\" data-end=\"2005\">\n<p data-start=\"1945\" data-end=\"2005\">Tiesina 4-10 mm apval\u0173 armat\u016bros stryp\u0105 i\u0161 rit\u0117s arba i\u0161 anksto sulenktos med\u017eiagos<\/p>\n<\/li>\n<li data-start=\"2006\" data-end=\"2069\">\n<p data-start=\"2008\" data-end=\"2069\">Idealiai tinka statybviet\u0117se, armat\u016bros aik\u0161tel\u0117se ir surenkam\u0173 gamini\u0173 parduotuv\u0117se<\/p>\n<\/li>\n<li data-start=\"2070\" data-end=\"2124\">\n<p data-start=\"2072\" data-end=\"2124\">Reguliuojami tiesinimo ritin\u0117liai ir grei\u010dio reguliavimas<\/p>\n<\/li>\n<li data-start=\"2125\" data-end=\"2184\">\n<p data-start=\"2127\" data-end=\"2184\">Eksportui tinkama \u012ftampa ir kompakti\u0161kas dizainas mobilumui<\/p>\n<\/li>\n<\/ul>\n<p><iframe title=\"# konstrukcijos #rebarin\u0117s stakl\u0117s #rebarin\u0117s stakl\u0117s #rebarin\u0117s stakl\u0117s #rebarin\u0117s stakl\u0117s #rebarin\u0117s stakl\u0117s #rebarin\u0117s stakl\u0117s #rebarin\u0117s stakl\u0117s\" width=\"720\" height=\"405\" src=\"https:\/\/www.youtube.com\/embed\/YnqPtwSEoVw?feature=oembed\" frameborder=\"0\" allow=\"accelerometer; autoplay; clipboard-write; encrypted-media; gyroscope; picture-in-picture; web-share\" referrerpolicy=\"strict-origin-when-cross-origin\" allowfullscreen><\/iframe><\/p>","protected":false},"excerpt":{"rendered":"<p>GTD4-10A armat\u016bros stryp\u0173 tiesinimo stakl\u0117s efektyviai tiesina 4-10 mm plieninius strypus. Jis pasi\u017eymi reguliuojamu grei\u010diu, dideliu tikslumu ir kompakti\u0161ku r\u0117mu, tinkamu naudoti darbo vietoje ar dirbtuv\u0117se.<\/p>","protected":false},"featured_media":9002,"template":"","meta":{"_kad_post_transparent":"default","_kad_post_title":"","_kad_post_layout":"default","_kad_post_sidebar_id":"","_kad_post_content_style":"default","_kad_post_vertical_padding":"default","_kad_post_feature":"","_kad_post_feature_position":"","_kad_post_header":false,"_kad_post_footer":false},"product_brand":[],"product_cat":[62],"product_tag":[1026,1028,1030,1031,1034,1027,1032,1025,1029,1033],"class_list":{"0":"post-9001","1":"product","2":"type-product","3":"status-publish","4":"has-post-thumbnail","6":"product_cat-rebar-straightening-machine","7":"product_tag-automatic-rebar-straightener","8":"product_tag-cnc-rebar-straightening-equipment","9":"product_tag-coiled-rebar-straightening-machine","10":"product_tag-construction-bar-straightening-machine","11":"product_tag-high-speed-rebar-straightening-tool","12":"product_tag-hydraulic-rebar-straightening-machine","13":"product_tag-rebar-leveling-and-cutting-machine","14":"product_tag-steel-bar-straightening-machine","15":"product_tag-steel-wire-straightener-and-cutter","16":"product_tag-straightening-machine-for-steel-rods","18":"first","19":"instock","20":"shipping-taxable","21":"product-type-simple","22":"entry","23":"content-bg","24":"loop-entry"},"yoast_head":"<!-- This site is optimized with the Yoast SEO plugin v25.3.1 - https:\/\/yoast.com\/wordpress\/plugins\/seo\/ -->\n<title>Rebar Straightening Machine GTD4-10A - HSY Construction Machinery<\/title>\n<meta name=\"description\" content=\"Rebar Straightening Machine GTD4-10A straightens 4\u201310mm steel bars with speed and precision. Compact, durable, and export-ready for construction projects.\" \/>\n<meta name=\"robots\" content=\"index, follow, max-snippet:-1, max-image-preview:large, max-video-preview:-1\" \/>\n<link rel=\"canonical\" href=\"https:\/\/www.hsymachinery.com\/lt\/produktas\/armaturos-tiesinimo-stakles-gtd4-10a\/\" \/>\n<meta property=\"og:locale\" content=\"lt_LT\" \/>\n<meta property=\"og:type\" content=\"article\" \/>\n<meta property=\"og:title\" content=\"Rebar Straightening Machine GTD4-10A - HSY Construction Machinery\" \/>\n<meta property=\"og:description\" content=\"Rebar Straightening Machine GTD4-10A straightens 4\u201310mm steel bars with speed and precision. Compact, durable, and export-ready for construction projects.\" \/>\n<meta property=\"og:url\" content=\"https:\/\/www.hsymachinery.com\/lt\/produktas\/armaturos-tiesinimo-stakles-gtd4-10a\/\" \/>\n<meta property=\"og:site_name\" content=\"HSY Construction Machinery\" \/>\n<meta property=\"article:modified_time\" content=\"2025-06-27T15:44:12+00:00\" \/>\n<meta property=\"og:image\" content=\"https:\/\/www.hsymachinery.com\/wp-content\/uploads\/2025\/06\/Rebar-Straightening-Machine-GTD4-10A.jpg\" \/>\n\t<meta property=\"og:image:width\" content=\"600\" \/>\n\t<meta property=\"og:image:height\" content=\"600\" \/>\n\t<meta property=\"og:image:type\" content=\"image\/jpeg\" \/>\n<meta name=\"twitter:card\" content=\"summary_large_image\" \/>\n<meta name=\"twitter:label1\" content=\"Est. reading time\" \/>\n\t<meta name=\"twitter:data1\" content=\"2 minut\u0117s\" \/>\n<script type=\"application\/ld+json\" class=\"yoast-schema-graph\">{\"@context\":\"https:\/\/schema.org\",\"@graph\":[{\"@type\":\"WebPage\",\"@id\":\"https:\/\/www.hsymachinery.com\/product\/rebar-straightening-machine-gtd4-10a\/\",\"url\":\"https:\/\/www.hsymachinery.com\/product\/rebar-straightening-machine-gtd4-10a\/\",\"name\":\"Rebar Straightening Machine GTD4-10A - HSY Construction Machinery\",\"isPartOf\":{\"@id\":\"https:\/\/www.hsymachinery.com\/#website\"},\"primaryImageOfPage\":{\"@id\":\"https:\/\/www.hsymachinery.com\/product\/rebar-straightening-machine-gtd4-10a\/#primaryimage\"},\"image\":{\"@id\":\"https:\/\/www.hsymachinery.com\/product\/rebar-straightening-machine-gtd4-10a\/#primaryimage\"},\"thumbnailUrl\":\"https:\/\/www.hsymachinery.com\/wp-content\/uploads\/2025\/06\/Rebar-Straightening-Machine-GTD4-10A.jpg\",\"datePublished\":\"2025-06-18T04:40:00+00:00\",\"dateModified\":\"2025-06-27T15:44:12+00:00\",\"description\":\"Rebar Straightening Machine GTD4-10A straightens 4\u201310mm steel bars with speed and precision. Compact, durable, and export-ready for construction projects.\",\"breadcrumb\":{\"@id\":\"https:\/\/www.hsymachinery.com\/product\/rebar-straightening-machine-gtd4-10a\/#breadcrumb\"},\"inLanguage\":\"lt-LT\",\"potentialAction\":[{\"@type\":\"ReadAction\",\"target\":[\"https:\/\/www.hsymachinery.com\/product\/rebar-straightening-machine-gtd4-10a\/\"]}]},{\"@type\":\"ImageObject\",\"inLanguage\":\"lt-LT\",\"@id\":\"https:\/\/www.hsymachinery.com\/product\/rebar-straightening-machine-gtd4-10a\/#primaryimage\",\"url\":\"https:\/\/www.hsymachinery.com\/wp-content\/uploads\/2025\/06\/Rebar-Straightening-Machine-GTD4-10A.jpg\",\"contentUrl\":\"https:\/\/www.hsymachinery.com\/wp-content\/uploads\/2025\/06\/Rebar-Straightening-Machine-GTD4-10A.jpg\",\"width\":600,\"height\":600},{\"@type\":\"BreadcrumbList\",\"@id\":\"https:\/\/www.hsymachinery.com\/product\/rebar-straightening-machine-gtd4-10a\/#breadcrumb\",\"itemListElement\":[{\"@type\":\"ListItem\",\"position\":1,\"name\":\"home\",\"item\":\"https:\/\/www.hsymachinery.com\/\"},{\"@type\":\"ListItem\",\"position\":2,\"name\":\"products\",\"item\":\"https:\/\/www.hsymachinery.com\/products\/\"},{\"@type\":\"ListItem\",\"position\":3,\"name\":\"Rebar Straightening Machine GTD4-10A\"}]},{\"@type\":\"WebSite\",\"@id\":\"https:\/\/www.hsymachinery.com\/#website\",\"url\":\"https:\/\/www.hsymachinery.com\/\",\"name\":\"HSY Construction Machinery\",\"description\":\"HSY Machinery \u2013 A leading China construction machinery supplier, offering a wide range of light construction equipment. Our main products include Rebar Cutting Machine, Rebar Bending Machine, Rebar Stirrup Bending Machine, Rebar Arc Bending Machine, Rebar Straightening Machine, Five-Head Rebar Stirrup Bending Machine, Tamping Rammer, Plate Compactor, Concrete Cutter, Power Trowel, and other construction machinery. We are equipped with advanced CNC machines, and we enforce strict quality inspection standards along with comprehensive after-sales service. If you are interested in our products or services, we warmly welcome your inquiries via message.\",\"publisher\":{\"@id\":\"https:\/\/www.hsymachinery.com\/#organization\"},\"potentialAction\":[{\"@type\":\"SearchAction\",\"target\":{\"@type\":\"EntryPoint\",\"urlTemplate\":\"https:\/\/www.hsymachinery.com\/?s={search_term_string}\"},\"query-input\":{\"@type\":\"PropertyValueSpecification\",\"valueRequired\":true,\"valueName\":\"search_term_string\"}}],\"inLanguage\":\"lt-LT\"},{\"@type\":\"Organization\",\"@id\":\"https:\/\/www.hsymachinery.com\/#organization\",\"name\":\"HSY Construction Machinery\",\"url\":\"https:\/\/www.hsymachinery.com\/\",\"logo\":{\"@type\":\"ImageObject\",\"inLanguage\":\"lt-LT\",\"@id\":\"https:\/\/www.hsymachinery.com\/#\/schema\/logo\/image\/\",\"url\":\"https:\/\/www.hsymachinery.com\/wp-content\/uploads\/2025\/06\/cropped-HSY-machinery.png\",\"contentUrl\":\"https:\/\/www.hsymachinery.com\/wp-content\/uploads\/2025\/06\/cropped-HSY-machinery.png\",\"width\":600,\"height\":240,\"caption\":\"HSY Construction Machinery\"},\"image\":{\"@id\":\"https:\/\/www.hsymachinery.com\/#\/schema\/logo\/image\/\"}}]}<\/script>\n<!-- \/ Yoast SEO plugin. -->","yoast_head_json":{"title":"Armat\u016bros tiesinimo stakl\u0117s GTD4-10A - HSY statybin\u0117s ma\u0161inos","description":"Armat\u016bros stryp\u0173 tiesinimo stakl\u0117s GTD4-10A greitai ir tiksliai tiesina 4-10 mm plieninius strypus. Kompakti\u0161kas, patvarus ir paruo\u0161tas statyb\u0173 projektams eksportuoti.","robots":{"index":"index","follow":"follow","max-snippet":"max-snippet:-1","max-image-preview":"max-image-preview:large","max-video-preview":"max-video-preview:-1"},"canonical":"https:\/\/www.hsymachinery.com\/lt\/produktas\/armaturos-tiesinimo-stakles-gtd4-10a\/","og_locale":"lt_LT","og_type":"article","og_title":"Rebar Straightening Machine GTD4-10A - HSY Construction Machinery","og_description":"Rebar Straightening Machine GTD4-10A straightens 4\u201310mm steel bars with speed and precision. Compact, durable, and export-ready for construction projects.","og_url":"https:\/\/www.hsymachinery.com\/lt\/produktas\/armaturos-tiesinimo-stakles-gtd4-10a\/","og_site_name":"HSY Construction Machinery","article_modified_time":"2025-06-27T15:44:12+00:00","og_image":[{"width":600,"height":600,"url":"https:\/\/www.hsymachinery.com\/wp-content\/uploads\/2025\/06\/Rebar-Straightening-Machine-GTD4-10A.jpg","type":"image\/jpeg"}],"twitter_card":"summary_large_image","twitter_misc":{"Est. reading time":"2 minut\u0117s"},"schema":{"@context":"https:\/\/schema.org","@graph":[{"@type":"WebPage","@id":"https:\/\/www.hsymachinery.com\/product\/rebar-straightening-machine-gtd4-10a\/","url":"https:\/\/www.hsymachinery.com\/product\/rebar-straightening-machine-gtd4-10a\/","name":"Armat\u016bros tiesinimo stakl\u0117s GTD4-10A - HSY statybin\u0117s ma\u0161inos","isPartOf":{"@id":"https:\/\/www.hsymachinery.com\/#website"},"primaryImageOfPage":{"@id":"https:\/\/www.hsymachinery.com\/product\/rebar-straightening-machine-gtd4-10a\/#primaryimage"},"image":{"@id":"https:\/\/www.hsymachinery.com\/product\/rebar-straightening-machine-gtd4-10a\/#primaryimage"},"thumbnailUrl":"https:\/\/www.hsymachinery.com\/wp-content\/uploads\/2025\/06\/Rebar-Straightening-Machine-GTD4-10A.jpg","datePublished":"2025-06-18T04:40:00+00:00","dateModified":"2025-06-27T15:44:12+00:00","description":"Armat\u016bros stryp\u0173 tiesinimo stakl\u0117s GTD4-10A greitai ir tiksliai tiesina 4-10 mm plieninius strypus. Kompakti\u0161kas, patvarus ir paruo\u0161tas statyb\u0173 projektams eksportuoti.","breadcrumb":{"@id":"https:\/\/www.hsymachinery.com\/product\/rebar-straightening-machine-gtd4-10a\/#breadcrumb"},"inLanguage":"lt-LT","potentialAction":[{"@type":"ReadAction","target":["https:\/\/www.hsymachinery.com\/product\/rebar-straightening-machine-gtd4-10a\/"]}]},{"@type":"ImageObject","inLanguage":"lt-LT","@id":"https:\/\/www.hsymachinery.com\/product\/rebar-straightening-machine-gtd4-10a\/#primaryimage","url":"https:\/\/www.hsymachinery.com\/wp-content\/uploads\/2025\/06\/Rebar-Straightening-Machine-GTD4-10A.jpg","contentUrl":"https:\/\/www.hsymachinery.com\/wp-content\/uploads\/2025\/06\/Rebar-Straightening-Machine-GTD4-10A.jpg","width":600,"height":600},{"@type":"BreadcrumbList","@id":"https:\/\/www.hsymachinery.com\/product\/rebar-straightening-machine-gtd4-10a\/#breadcrumb","itemListElement":[{"@type":"ListItem","position":1,"name":"home","item":"https:\/\/www.hsymachinery.com\/"},{"@type":"ListItem","position":2,"name":"products","item":"https:\/\/www.hsymachinery.com\/products\/"},{"@type":"ListItem","position":3,"name":"Rebar Straightening Machine GTD4-10A"}]},{"@type":"WebSite","@id":"https:\/\/www.hsymachinery.com\/#website","url":"https:\/\/www.hsymachinery.com\/","name":"HSY statybin\u0117s ma\u0161inos","description":"\"HSY Machinery\" - pirmaujanti Kinijos statybos ma\u0161in\u0173 tiek\u0117ja, si\u016blanti plat\u0173 lengvosios statybos \u012frangos asortiment\u0105. Pagrindiniai m\u016bs\u0173 produktai - armat\u016bros pjovimo stakl\u0117s, armat\u016bros lenkimo stakl\u0117s, armat\u016bros stryp\u0173 lenkimo stakl\u0117s, armat\u016bros lanko lenkimo stakl\u0117s, armat\u016bros tiesinimo stakl\u0117s, penki\u0173 galvu\u010di\u0173 armat\u016bros stryp\u0173 lenkimo stakl\u0117s, tankinimo plaktukas, plok\u0161\u010di\u0173 tankintuvas, betono pjaustykl\u0117, elektrin\u0117 mentele ir kita statybin\u0117 technika. Turime pa\u017eangias CNC stakles, taikome grie\u017etus kokyb\u0117s tikrinimo standartus ir teikiame visapusi\u0161kas garantinio aptarnavimo paslaugas. Jei jus domina m\u016bs\u0173 gaminiai ar paslaugos, maloniai laukiame j\u016bs\u0173 u\u017eklaus\u0173 \u017einute.","publisher":{"@id":"https:\/\/www.hsymachinery.com\/#organization"},"potentialAction":[{"@type":"SearchAction","target":{"@type":"EntryPoint","urlTemplate":"https:\/\/www.hsymachinery.com\/?s={search_term_string}"},"query-input":{"@type":"PropertyValueSpecification","valueRequired":true,"valueName":"search_term_string"}}],"inLanguage":"lt-LT"},{"@type":"Organization","@id":"https:\/\/www.hsymachinery.com\/#organization","name":"HSY statybin\u0117s ma\u0161inos","url":"https:\/\/www.hsymachinery.com\/","logo":{"@type":"ImageObject","inLanguage":"lt-LT","@id":"https:\/\/www.hsymachinery.com\/#\/schema\/logo\/image\/","url":"https:\/\/www.hsymachinery.com\/wp-content\/uploads\/2025\/06\/cropped-HSY-machinery.png","contentUrl":"https:\/\/www.hsymachinery.com\/wp-content\/uploads\/2025\/06\/cropped-HSY-machinery.png","width":600,"height":240,"caption":"HSY Construction Machinery"},"image":{"@id":"https:\/\/www.hsymachinery.com\/#\/schema\/logo\/image\/"}}]}},"_links":{"self":[{"href":"https:\/\/www.hsymachinery.com\/lt\/wp-json\/wp\/v2\/product\/9001","targetHints":{"allow":["GET"]}}],"collection":[{"href":"https:\/\/www.hsymachinery.com\/lt\/wp-json\/wp\/v2\/product"}],"about":[{"href":"https:\/\/www.hsymachinery.com\/lt\/wp-json\/wp\/v2\/types\/product"}],"version-history":[{"count":3,"href":"https:\/\/www.hsymachinery.com\/lt\/wp-json\/wp\/v2\/product\/9001\/revisions"}],"predecessor-version":[{"id":9424,"href":"https:\/\/www.hsymachinery.com\/lt\/wp-json\/wp\/v2\/product\/9001\/revisions\/9424"}],"wp:featuredmedia":[{"embeddable":true,"href":"https:\/\/www.hsymachinery.com\/lt\/wp-json\/wp\/v2\/media\/9002"}],"wp:attachment":[{"href":"https:\/\/www.hsymachinery.com\/lt\/wp-json\/wp\/v2\/media?parent=9001"}],"wp:term":[{"taxonomy":"product_brand","embeddable":true,"href":"https:\/\/www.hsymachinery.com\/lt\/wp-json\/wp\/v2\/product_brand?post=9001"},{"taxonomy":"product_cat","embeddable":true,"href":"https:\/\/www.hsymachinery.com\/lt\/wp-json\/wp\/v2\/product_cat?post=9001"},{"taxonomy":"product_tag","embeddable":true,"href":"https:\/\/www.hsymachinery.com\/lt\/wp-json\/wp\/v2\/product_tag?post=9001"}],"curies":[{"name":"wp","href":"https:\/\/api.w.org\/{rel}","templated":true}]}}