{"id":8992,"date":"2025-06-18T12:27:12","date_gmt":"2025-06-18T04:27:12","guid":{"rendered":"https:\/\/www.hsymachinery.com\/?post_type=product&#038;p=8992"},"modified":"2025-06-27T22:50:34","modified_gmt":"2025-06-27T14:50:34","slug":"armaturos-lanko-lenkimo-stakles-gwh40","status":"publish","type":"product","link":"https:\/\/www.hsymachinery.com\/lt\/produktas\/armaturos-lanko-lenkimo-stakles-gwh40\/","title":{"rendered":"Armat\u016bros lanko lenkimo stakl\u0117s GWH40"},"content":{"rendered":"<h2 data-start=\"116\" data-end=\"155\">Armat\u016bros lanko lenkimo stakl\u0117s GWH40<\/h2>\n<h3 data-start=\"156\" data-end=\"282\">GWH40 lanko lenkimo \u012frenginys 20-40 mm plieniniams strypams | Pramonin\u0117 armat\u016bros stryp\u0173 lenkimo \u012franga, skirta konstrukcinei ir surenkamajai armat\u016brai<\/h3>\n<h3 data-start=\"289\" data-end=\"359\">Gaminio ap\u017evalga - sukurtas reiklioms lankinio lenkimo programoms<\/h3>\n<p data-start=\"361\" data-end=\"681\">Svetain\u0117 <strong data-start=\"365\" data-end=\"400\"><a href=\"https:\/\/www.hsymachinery.com\/lt\/produktai\/armaturos-lanko-lenkimo-stakles\/\" target=\"_blank\" rel=\"noopener\">Armat\u016bros lanko lenkimo stakl\u0117s<\/a> GWH40<\/strong> apdoroja 20-40 mm armat\u016brinio plieno strypus, tod\u0117l yra patikimas sprendimas didel\u0117s apimties lankinio lenkimo darbams. In\u017einieriai renkasi \u0161\u012f model\u012f gele\u017einkelio tiltams, automobili\u0173 stov\u0117jimo aik\u0161tel\u0117ms, elektrin\u0117ms ir surenkamojo betono komponentams, kuriems reikia tikslaus lenkto armavimo.<\/p>\n<p data-start=\"683\" data-end=\"802\">D\u0117l tvirto r\u0117mo, tikslaus valdymo ir eksportui pritaikytos konfig\u016bracijos jis yra m\u0117gstamas sunkiosios civilin\u0117s statybos srityje.<\/p>\n<h3 data-start=\"809\" data-end=\"849\">Lenkite u\u017etikrintai ir tiksliai<\/h3>\n<p data-start=\"851\" data-end=\"1091\">Naudodami reguliuojamus GWH40 lenkimo ritin\u0117lius galite nustatyti tiksl\u0173 projektui reikaling\u0105 spindul\u012f. Galingas varinis variklis u\u017etikrina tolyg\u0173 sukimo moment\u0105, tod\u0117l galite lenkti storesnius strypus nesul\u0117t\u0117dami ir nesideformuodami.<\/p>\n<p data-start=\"1093\" data-end=\"1305\">Operatoriai \u012frengin\u012f valdo rankine svirtimi arba kojiniu pedalu, priklausomai nuo pageidaujamos darbo eigos. Sklandus veikimas u\u017etikrina, kad kiekvienas lankas i\u0161likt\u0173 vienodas ir nuoseklus visos gamybos metu.<\/p>\n<h3 data-start=\"1312\" data-end=\"1365\">Sukurtas eksportui ir pramoniniam naudojimui<\/h3>\n<p data-start=\"1367\" data-end=\"1587\">GWH40 turi sustiprint\u0105 plienin\u012f korpus\u0105 ir pramonin\u0117s paskirties judriuosius ratukus, tod\u0117l gali b\u016bti naudojamas ilgai. J\u012f galima lengvai perkelti i\u0161 vienos darbo zonos \u012f kit\u0105 arba integruoti \u012f nuolatin\u0119 gamybos \u012frang\u0105.<\/p>\n<p data-start=\"1589\" data-end=\"1810\">\u012erenginys palaiko 220 V arba 380 V \u012fvesties 50 Hz\/60 Hz da\u017en\u012f, tod\u0117l j\u012f galima eksportuoti \u012f \u012fvairias tarptautines rinkas. Nesvarbu, ar dirbate gamykloje, ar vietoje, \u0161i ma\u0161ina u\u017etikrina reikiam\u0105 lenkimo gali\u0105.<\/p>\n<h3 data-start=\"1817\" data-end=\"1870\">Pagrindin\u0117s armat\u016bros lanko lenkimo aparato GWH40 savyb\u0117s<\/h3>\n<ul data-start=\"1872\" data-end=\"2091\">\n<li data-start=\"1872\" data-end=\"1923\">\n<p data-start=\"1874\" data-end=\"1923\">Lenkia 20-40 mm plieno strypus \u012f tikslias lanko formas<\/p>\n<\/li>\n<li data-start=\"1924\" data-end=\"1991\">\n<p data-start=\"1926\" data-end=\"1991\">Puikiai tinka gele\u017einkelio tiltams, pamatams ir surenkam\u0173j\u0173 konstrukcij\u0173 gamykloms<\/p>\n<\/li>\n<li data-start=\"1992\" data-end=\"2046\">\n<p data-start=\"1994\" data-end=\"2046\">Reguliuojamas lenkimo spindulys ir stabilus sukimo momentas<\/p>\n<\/li>\n<li data-start=\"2047\" data-end=\"2091\">\n<p data-start=\"2049\" data-end=\"2091\">\u012etampos parinktys diegimui visame pasaulyje<\/p>\n<\/li>\n<\/ul>\n<p><iframe title=\"# statybin\u0117s ma\u0161inos # statybin\u0117s ma\u0161inos # statybin\u0117s ma\u0161inos # statybin\u0117s ma\u0161inos # statybin\u0117s ma\u0161inos # statybin\u0117s ma\u0161inos # statybin\u0117s ma\u0161inos # statybin\u0117s ma\u0161inos # statybin\u0117s ma\u0161inos # statybin\u0117s ma\u0161inos\" width=\"720\" height=\"405\" src=\"https:\/\/www.youtube.com\/embed\/kZFU0Z3IPgM?feature=oembed\" frameborder=\"0\" allow=\"accelerometer; autoplay; clipboard-write; encrypted-media; gyroscope; picture-in-picture; web-share\" referrerpolicy=\"strict-origin-when-cross-origin\" allowfullscreen><\/iframe><\/p>","protected":false},"excerpt":{"rendered":"<p>GWH40 armat\u016bros lanko lenkimo stakl\u0117s sulenkia 20-40 mm strypus \u012f lygias kreives. Tinka sunkiosios statybos ir surenkam\u0173j\u0173 konstrukcij\u0173 gamykloms, pasi\u017eymi su eksportu suderinama \u012ftampa ir patvaria konstrukcija.<\/p>","protected":false},"featured_media":8993,"template":"","meta":{"_kad_post_transparent":"default","_kad_post_title":"","_kad_post_layout":"default","_kad_post_sidebar_id":"","_kad_post_content_style":"default","_kad_post_vertical_padding":"default","_kad_post_feature":"","_kad_post_feature_position":"","_kad_post_header":false,"_kad_post_footer":false},"product_brand":[],"product_cat":[54],"product_tag":[1022,1016,1024,1018,1023,1017,1019,1021,1020,1015],"class_list":{"0":"post-8992","1":"product","2":"type-product","3":"status-publish","4":"has-post-thumbnail","6":"product_cat-rebar-arc-bending-machine","7":"product_tag-arc-shape-bending-machine-for-rebar","8":"product_tag-automatic-rebar-arc-bender","9":"product_tag-bar-arc-bending-machine-for-construction","10":"product_tag-cnc-rebar-arc-bending-equipment","11":"product_tag-curved-rebar-bending-tool","12":"product_tag-hydraulic-arc-bending-machine","13":"product_tag-rebar-circular-bending-machine","14":"product_tag-rebar-radius-bending-machine","15":"product_tag-round-bending-machine-for-steel-bars","16":"product_tag-steel-arc-bending-machine","18":"first","19":"instock","20":"shipping-taxable","21":"product-type-simple","22":"entry","23":"content-bg","24":"loop-entry"},"yoast_head":"<!-- This site is optimized with the Yoast SEO plugin v25.3.1 - https:\/\/yoast.com\/wordpress\/plugins\/seo\/ -->\n<title>Rebar Arc Bending Machine GWH40 - HSY Construction Machinery<\/title>\n<meta name=\"description\" content=\"Rebar Arc Bending Machine GWH40 bends 20\u201340mm bars into arcs for construction use. Durable, export-ready, and perfect for large rebar bending projects.\" \/>\n<meta name=\"robots\" content=\"index, follow, max-snippet:-1, max-image-preview:large, max-video-preview:-1\" \/>\n<link rel=\"canonical\" href=\"https:\/\/www.hsymachinery.com\/lt\/produktas\/armaturos-lanko-lenkimo-stakles-gwh40\/\" \/>\n<meta property=\"og:locale\" content=\"lt_LT\" \/>\n<meta property=\"og:type\" content=\"article\" \/>\n<meta property=\"og:title\" content=\"Rebar Arc Bending Machine GWH40 - HSY Construction Machinery\" \/>\n<meta property=\"og:description\" content=\"Rebar Arc Bending Machine GWH40 bends 20\u201340mm bars into arcs for construction use. Durable, export-ready, and perfect for large rebar bending projects.\" \/>\n<meta property=\"og:url\" content=\"https:\/\/www.hsymachinery.com\/lt\/produktas\/armaturos-lanko-lenkimo-stakles-gwh40\/\" \/>\n<meta property=\"og:site_name\" content=\"HSY Construction Machinery\" \/>\n<meta property=\"article:modified_time\" content=\"2025-06-27T14:50:34+00:00\" \/>\n<meta property=\"og:image\" content=\"https:\/\/www.hsymachinery.com\/wp-content\/uploads\/2025\/06\/Rebar-Arc-Bending-Machine-GWH40.jpg\" \/>\n\t<meta property=\"og:image:width\" content=\"600\" \/>\n\t<meta property=\"og:image:height\" content=\"600\" \/>\n\t<meta property=\"og:image:type\" content=\"image\/jpeg\" \/>\n<meta name=\"twitter:card\" content=\"summary_large_image\" \/>\n<meta name=\"twitter:label1\" content=\"Est. reading time\" \/>\n\t<meta name=\"twitter:data1\" content=\"2 minut\u0117s\" \/>\n<script type=\"application\/ld+json\" class=\"yoast-schema-graph\">{\"@context\":\"https:\/\/schema.org\",\"@graph\":[{\"@type\":\"WebPage\",\"@id\":\"https:\/\/www.hsymachinery.com\/product\/rebar-arc-bending-machine-gwh40\/\",\"url\":\"https:\/\/www.hsymachinery.com\/product\/rebar-arc-bending-machine-gwh40\/\",\"name\":\"Rebar Arc Bending Machine GWH40 - HSY Construction Machinery\",\"isPartOf\":{\"@id\":\"https:\/\/www.hsymachinery.com\/#website\"},\"primaryImageOfPage\":{\"@id\":\"https:\/\/www.hsymachinery.com\/product\/rebar-arc-bending-machine-gwh40\/#primaryimage\"},\"image\":{\"@id\":\"https:\/\/www.hsymachinery.com\/product\/rebar-arc-bending-machine-gwh40\/#primaryimage\"},\"thumbnailUrl\":\"https:\/\/www.hsymachinery.com\/wp-content\/uploads\/2025\/06\/Rebar-Arc-Bending-Machine-GWH40.jpg\",\"datePublished\":\"2025-06-18T04:27:12+00:00\",\"dateModified\":\"2025-06-27T14:50:34+00:00\",\"description\":\"Rebar Arc Bending Machine GWH40 bends 20\u201340mm bars into arcs for construction use. Durable, export-ready, and perfect for large rebar bending projects.\",\"breadcrumb\":{\"@id\":\"https:\/\/www.hsymachinery.com\/product\/rebar-arc-bending-machine-gwh40\/#breadcrumb\"},\"inLanguage\":\"lt-LT\",\"potentialAction\":[{\"@type\":\"ReadAction\",\"target\":[\"https:\/\/www.hsymachinery.com\/product\/rebar-arc-bending-machine-gwh40\/\"]}]},{\"@type\":\"ImageObject\",\"inLanguage\":\"lt-LT\",\"@id\":\"https:\/\/www.hsymachinery.com\/product\/rebar-arc-bending-machine-gwh40\/#primaryimage\",\"url\":\"https:\/\/www.hsymachinery.com\/wp-content\/uploads\/2025\/06\/Rebar-Arc-Bending-Machine-GWH40.jpg\",\"contentUrl\":\"https:\/\/www.hsymachinery.com\/wp-content\/uploads\/2025\/06\/Rebar-Arc-Bending-Machine-GWH40.jpg\",\"width\":600,\"height\":600},{\"@type\":\"BreadcrumbList\",\"@id\":\"https:\/\/www.hsymachinery.com\/product\/rebar-arc-bending-machine-gwh40\/#breadcrumb\",\"itemListElement\":[{\"@type\":\"ListItem\",\"position\":1,\"name\":\"home\",\"item\":\"https:\/\/www.hsymachinery.com\/\"},{\"@type\":\"ListItem\",\"position\":2,\"name\":\"products\",\"item\":\"https:\/\/www.hsymachinery.com\/products\/\"},{\"@type\":\"ListItem\",\"position\":3,\"name\":\"Rebar Arc Bending Machine GWH40\"}]},{\"@type\":\"WebSite\",\"@id\":\"https:\/\/www.hsymachinery.com\/#website\",\"url\":\"https:\/\/www.hsymachinery.com\/\",\"name\":\"HSY Construction Machinery\",\"description\":\"HSY Machinery \u2013 A leading China construction machinery supplier, offering a wide range of light construction equipment. Our main products include Rebar Cutting Machine, Rebar Bending Machine, Rebar Stirrup Bending Machine, Rebar Arc Bending Machine, Rebar Straightening Machine, Five-Head Rebar Stirrup Bending Machine, Tamping Rammer, Plate Compactor, Concrete Cutter, Power Trowel, and other construction machinery. We are equipped with advanced CNC machines, and we enforce strict quality inspection standards along with comprehensive after-sales service. If you are interested in our products or services, we warmly welcome your inquiries via message.\",\"publisher\":{\"@id\":\"https:\/\/www.hsymachinery.com\/#organization\"},\"potentialAction\":[{\"@type\":\"SearchAction\",\"target\":{\"@type\":\"EntryPoint\",\"urlTemplate\":\"https:\/\/www.hsymachinery.com\/?s={search_term_string}\"},\"query-input\":{\"@type\":\"PropertyValueSpecification\",\"valueRequired\":true,\"valueName\":\"search_term_string\"}}],\"inLanguage\":\"lt-LT\"},{\"@type\":\"Organization\",\"@id\":\"https:\/\/www.hsymachinery.com\/#organization\",\"name\":\"HSY Construction Machinery\",\"url\":\"https:\/\/www.hsymachinery.com\/\",\"logo\":{\"@type\":\"ImageObject\",\"inLanguage\":\"lt-LT\",\"@id\":\"https:\/\/www.hsymachinery.com\/#\/schema\/logo\/image\/\",\"url\":\"https:\/\/www.hsymachinery.com\/wp-content\/uploads\/2025\/06\/cropped-HSY-machinery.png\",\"contentUrl\":\"https:\/\/www.hsymachinery.com\/wp-content\/uploads\/2025\/06\/cropped-HSY-machinery.png\",\"width\":600,\"height\":240,\"caption\":\"HSY Construction Machinery\"},\"image\":{\"@id\":\"https:\/\/www.hsymachinery.com\/#\/schema\/logo\/image\/\"}}]}<\/script>\n<!-- \/ Yoast SEO plugin. -->","yoast_head_json":{"title":"Armat\u016bros lanko lenkimo stakl\u0117s GWH40 - HSY statybin\u0117s ma\u0161inos","description":"Armat\u016bros lank\u0173 lenkimo stakl\u0117s GWH40 lenkia 20-40 mm strypus \u012f lankus, skirtus naudoti statybose. Patvarus, paruo\u0161tas eksportui ir puikiai tinka dideliems armat\u016bros stryp\u0173 lenkimo projektams.","robots":{"index":"index","follow":"follow","max-snippet":"max-snippet:-1","max-image-preview":"max-image-preview:large","max-video-preview":"max-video-preview:-1"},"canonical":"https:\/\/www.hsymachinery.com\/lt\/produktas\/armaturos-lanko-lenkimo-stakles-gwh40\/","og_locale":"lt_LT","og_type":"article","og_title":"Rebar Arc Bending Machine GWH40 - HSY Construction Machinery","og_description":"Rebar Arc Bending Machine GWH40 bends 20\u201340mm bars into arcs for construction use. Durable, export-ready, and perfect for large rebar bending projects.","og_url":"https:\/\/www.hsymachinery.com\/lt\/produktas\/armaturos-lanko-lenkimo-stakles-gwh40\/","og_site_name":"HSY Construction Machinery","article_modified_time":"2025-06-27T14:50:34+00:00","og_image":[{"width":600,"height":600,"url":"https:\/\/www.hsymachinery.com\/wp-content\/uploads\/2025\/06\/Rebar-Arc-Bending-Machine-GWH40.jpg","type":"image\/jpeg"}],"twitter_card":"summary_large_image","twitter_misc":{"Est. reading time":"2 minut\u0117s"},"schema":{"@context":"https:\/\/schema.org","@graph":[{"@type":"WebPage","@id":"https:\/\/www.hsymachinery.com\/product\/rebar-arc-bending-machine-gwh40\/","url":"https:\/\/www.hsymachinery.com\/product\/rebar-arc-bending-machine-gwh40\/","name":"Armat\u016bros lanko lenkimo stakl\u0117s GWH40 - HSY statybin\u0117s ma\u0161inos","isPartOf":{"@id":"https:\/\/www.hsymachinery.com\/#website"},"primaryImageOfPage":{"@id":"https:\/\/www.hsymachinery.com\/product\/rebar-arc-bending-machine-gwh40\/#primaryimage"},"image":{"@id":"https:\/\/www.hsymachinery.com\/product\/rebar-arc-bending-machine-gwh40\/#primaryimage"},"thumbnailUrl":"https:\/\/www.hsymachinery.com\/wp-content\/uploads\/2025\/06\/Rebar-Arc-Bending-Machine-GWH40.jpg","datePublished":"2025-06-18T04:27:12+00:00","dateModified":"2025-06-27T14:50:34+00:00","description":"Armat\u016bros lank\u0173 lenkimo stakl\u0117s GWH40 lenkia 20-40 mm strypus \u012f lankus, skirtus naudoti statybose. Patvarus, paruo\u0161tas eksportui ir puikiai tinka dideliems armat\u016bros stryp\u0173 lenkimo projektams.","breadcrumb":{"@id":"https:\/\/www.hsymachinery.com\/product\/rebar-arc-bending-machine-gwh40\/#breadcrumb"},"inLanguage":"lt-LT","potentialAction":[{"@type":"ReadAction","target":["https:\/\/www.hsymachinery.com\/product\/rebar-arc-bending-machine-gwh40\/"]}]},{"@type":"ImageObject","inLanguage":"lt-LT","@id":"https:\/\/www.hsymachinery.com\/product\/rebar-arc-bending-machine-gwh40\/#primaryimage","url":"https:\/\/www.hsymachinery.com\/wp-content\/uploads\/2025\/06\/Rebar-Arc-Bending-Machine-GWH40.jpg","contentUrl":"https:\/\/www.hsymachinery.com\/wp-content\/uploads\/2025\/06\/Rebar-Arc-Bending-Machine-GWH40.jpg","width":600,"height":600},{"@type":"BreadcrumbList","@id":"https:\/\/www.hsymachinery.com\/product\/rebar-arc-bending-machine-gwh40\/#breadcrumb","itemListElement":[{"@type":"ListItem","position":1,"name":"home","item":"https:\/\/www.hsymachinery.com\/"},{"@type":"ListItem","position":2,"name":"products","item":"https:\/\/www.hsymachinery.com\/products\/"},{"@type":"ListItem","position":3,"name":"Rebar Arc Bending Machine GWH40"}]},{"@type":"WebSite","@id":"https:\/\/www.hsymachinery.com\/#website","url":"https:\/\/www.hsymachinery.com\/","name":"HSY statybin\u0117s ma\u0161inos","description":"\"HSY Machinery\" - pirmaujanti Kinijos statybos ma\u0161in\u0173 tiek\u0117ja, si\u016blanti plat\u0173 lengvosios statybos \u012frangos asortiment\u0105. Pagrindiniai m\u016bs\u0173 produktai - armat\u016bros pjovimo stakl\u0117s, armat\u016bros lenkimo stakl\u0117s, armat\u016bros stryp\u0173 lenkimo stakl\u0117s, armat\u016bros lanko lenkimo stakl\u0117s, armat\u016bros tiesinimo stakl\u0117s, penki\u0173 galvu\u010di\u0173 armat\u016bros stryp\u0173 lenkimo stakl\u0117s, tankinimo plaktukas, plok\u0161\u010di\u0173 tankintuvas, betono pjaustykl\u0117, elektrin\u0117 mentele ir kita statybin\u0117 technika. Turime pa\u017eangias CNC stakles, taikome grie\u017etus kokyb\u0117s tikrinimo standartus ir teikiame visapusi\u0161kas garantinio aptarnavimo paslaugas. Jei jus domina m\u016bs\u0173 gaminiai ar paslaugos, maloniai laukiame j\u016bs\u0173 u\u017eklaus\u0173 \u017einute.","publisher":{"@id":"https:\/\/www.hsymachinery.com\/#organization"},"potentialAction":[{"@type":"SearchAction","target":{"@type":"EntryPoint","urlTemplate":"https:\/\/www.hsymachinery.com\/?s={search_term_string}"},"query-input":{"@type":"PropertyValueSpecification","valueRequired":true,"valueName":"search_term_string"}}],"inLanguage":"lt-LT"},{"@type":"Organization","@id":"https:\/\/www.hsymachinery.com\/#organization","name":"HSY statybin\u0117s ma\u0161inos","url":"https:\/\/www.hsymachinery.com\/","logo":{"@type":"ImageObject","inLanguage":"lt-LT","@id":"https:\/\/www.hsymachinery.com\/#\/schema\/logo\/image\/","url":"https:\/\/www.hsymachinery.com\/wp-content\/uploads\/2025\/06\/cropped-HSY-machinery.png","contentUrl":"https:\/\/www.hsymachinery.com\/wp-content\/uploads\/2025\/06\/cropped-HSY-machinery.png","width":600,"height":240,"caption":"HSY Construction Machinery"},"image":{"@id":"https:\/\/www.hsymachinery.com\/#\/schema\/logo\/image\/"}}]}},"_links":{"self":[{"href":"https:\/\/www.hsymachinery.com\/lt\/wp-json\/wp\/v2\/product\/8992","targetHints":{"allow":["GET"]}}],"collection":[{"href":"https:\/\/www.hsymachinery.com\/lt\/wp-json\/wp\/v2\/product"}],"about":[{"href":"https:\/\/www.hsymachinery.com\/lt\/wp-json\/wp\/v2\/types\/product"}],"version-history":[{"count":3,"href":"https:\/\/www.hsymachinery.com\/lt\/wp-json\/wp\/v2\/product\/8992\/revisions"}],"predecessor-version":[{"id":9411,"href":"https:\/\/www.hsymachinery.com\/lt\/wp-json\/wp\/v2\/product\/8992\/revisions\/9411"}],"wp:featuredmedia":[{"embeddable":true,"href":"https:\/\/www.hsymachinery.com\/lt\/wp-json\/wp\/v2\/media\/8993"}],"wp:attachment":[{"href":"https:\/\/www.hsymachinery.com\/lt\/wp-json\/wp\/v2\/media?parent=8992"}],"wp:term":[{"taxonomy":"product_brand","embeddable":true,"href":"https:\/\/www.hsymachinery.com\/lt\/wp-json\/wp\/v2\/product_brand?post=8992"},{"taxonomy":"product_cat","embeddable":true,"href":"https:\/\/www.hsymachinery.com\/lt\/wp-json\/wp\/v2\/product_cat?post=8992"},{"taxonomy":"product_tag","embeddable":true,"href":"https:\/\/www.hsymachinery.com\/lt\/wp-json\/wp\/v2\/product_tag?post=8992"}],"curies":[{"name":"wp","href":"https:\/\/api.w.org\/{rel}","templated":true}]}}