{"id":8986,"date":"2025-06-18T12:23:54","date_gmt":"2025-06-18T04:23:54","guid":{"rendered":"https:\/\/www.hsymachinery.com\/?post_type=product&#038;p=8986"},"modified":"2025-06-27T22:38:50","modified_gmt":"2025-06-27T14:38:50","slug":"armaturos-lanko-lenkimo-stakles-gwh32","status":"publish","type":"product","link":"https:\/\/www.hsymachinery.com\/lt\/produktas\/armaturos-lanko-lenkimo-stakles-gwh32\/","title":{"rendered":"Armat\u016bros lanko lenkimo stakl\u0117s GWH32"},"content":{"rendered":"<h2 data-start=\"95\" data-end=\"134\">Armat\u016bros lanko lenkimo stakl\u0117s GWH32<\/h2>\n<h3 data-start=\"135\" data-end=\"252\">GWH32 lanko lenkimo stakl\u0117s 14-32 mm armat\u016brai | Pramonin\u0117s plienini\u0173 stryp\u0173 lenkimo stakl\u0117s, skirtos tiltams, tuneliams ir surenkamoms gamykloms<\/h3>\n<h3 data-start=\"259\" data-end=\"346\">Produkto ap\u017evalga - stiprus lanko formavimo sprendimas sunkiems armavimo darbams<\/h3>\n<p data-start=\"348\" data-end=\"625\">Svetain\u0117 <strong data-start=\"352\" data-end=\"387\"><a href=\"https:\/\/www.hsymachinery.com\/lt\/produktai\/armaturos-lanko-lenkimo-stakles\/\" target=\"_blank\" rel=\"noopener\">Armat\u016bros lanko lenkimo stakl\u0117s<\/a> GWH32<\/strong> lenkimai <strong data-start=\"394\" data-end=\"415\">Nuo 14 mm iki 32 mm armat\u016bros<\/strong> \u012f skland\u017eius ir tikslius lankus. In\u017einieriai ir gamintojai renkasi \u0161\u012f model\u012f tilt\u0173 sijoms, tuneli\u0173 segmentams, atramin\u0117ms sienel\u0117ms ir surenkamoms betonin\u0117ms konstrukcijoms, kur labai svarbu, kad armat\u016bros strypai b\u016bt\u0173 vienodai i\u0161lenkti.<\/p>\n<p data-start=\"627\" data-end=\"776\">D\u0117l patobulinto ritin\u0117li\u0173 mechanizmo ir patobulinto variklio GWH32 padeda grei\u010diau ir ma\u017eesn\u0117mis rank\u0173 darbo s\u0105naudomis kurti labai tikslias armat\u016bros stryp\u0173 kreives.<\/p>\n<h3 data-start=\"783\" data-end=\"836\">Kontroliuojamas lenkimas su galingu variklio palaikymu<\/h3>\n<p data-start=\"838\" data-end=\"1093\">Galite reguliuoti GWH32 ritin\u0117lio atstumo ir kampo valdiklius, kad sukurtum\u0117te tikslius lanko spindulius, atitinkan\u010dius tikslias projekto specifikacijas. Vario \u0161erdies variklis u\u017etikrina tolyg\u0173 sukimo moment\u0105, tod\u0117l gal\u0117site lenkti storus plieno strypus neu\u017esikirsdami ir negadindami pavir\u0161iaus.<\/p>\n<p data-start=\"1095\" data-end=\"1234\">Kad darbas b\u016bt\u0173 saugus ir sklandus, ma\u0161in\u0105 galite valdyti rankine svirtimi arba kojiniu pedalu, priklausomai nuo darbo vietos i\u0161planavimo.<\/p>\n<h3 data-start=\"1241\" data-end=\"1302\">Patvari konstrukcija ir lanksti \u012ftampa pasauliniams projektams<\/h3>\n<p data-start=\"1304\" data-end=\"1608\">GWH32 naudojama sustiprinta plienin\u0117 va\u017eiuokl\u0117, kuri absorbuoja vibracijas intensyviai dirbant. \u012erengin\u012f lengvai transportuosite naudodami integruotus ratukus ir \u0161onines rankenas. D\u0117l suderinamumo su dviguba \u012ftampa (220 V \/ 380 V, 50\/60 Hz) GWH32 tinka tiek vietiniams, tiek eksportui skirtiems statybos poreikiams.<\/p>\n<p data-start=\"1610\" data-end=\"1736\">Nesvarbu, ar dirbate armat\u016bros dirbtuv\u0117se, ar statyb\u0173 aik\u0161tel\u0117je, galite pasikliauti \u0161ia stakl\u0117mis, kad jos tiksliai sulenks sunkius strypus.<\/p>\n<h3 data-start=\"1743\" data-end=\"1796\">Pagrindin\u0117s armat\u016bros lanko lenkimo stryp\u0173 lenkiklio GWH32 savyb\u0117s<\/h3>\n<ul data-start=\"1798\" data-end=\"2030\">\n<li data-start=\"1798\" data-end=\"1857\">\n<p data-start=\"1800\" data-end=\"1857\">Lenkia 14-32 mm armat\u016bros stryp\u0105 \u012f nuoseklius, labai tikslius lankus<\/p>\n<\/li>\n<li data-start=\"1858\" data-end=\"1920\">\n<p data-start=\"1860\" data-end=\"1920\">Idealiai tinka tiltams, tuneliams ir plieniniams surenkamiems gaminiams<\/p>\n<\/li>\n<li data-start=\"1921\" data-end=\"1978\">\n<p data-start=\"1923\" data-end=\"1978\">Galingas variklis u\u017etikrina stabil\u0173 sukimo moment\u0105 esant didelei apkrovai<\/p>\n<\/li>\n<li data-start=\"1979\" data-end=\"2030\">\n<p data-start=\"1981\" data-end=\"2030\">Dvigubi valdymo metodai ir visuotin\u0117s \u012ftampos palaikymas<\/p>\n<\/li>\n<\/ul>\n<p><iframe title=\"# statybin\u0117s ma\u0161inos # statybin\u0117s ma\u0161inos # statybin\u0117s ma\u0161inos # statybin\u0117s ma\u0161inos # statybin\u0117s ma\u0161inos # statybin\u0117s ma\u0161inos # statybin\u0117s ma\u0161inos # statybin\u0117s ma\u0161inos # statybin\u0117s ma\u0161inos # statybin\u0117s ma\u0161inos\" width=\"720\" height=\"405\" src=\"https:\/\/www.youtube.com\/embed\/kZFU0Z3IPgM?feature=oembed\" frameborder=\"0\" allow=\"accelerometer; autoplay; clipboard-write; encrypted-media; gyroscope; picture-in-picture; web-share\" referrerpolicy=\"strict-origin-when-cross-origin\" allowfullscreen><\/iframe><\/p>","protected":false},"excerpt":{"rendered":"<p>GWH32 lankinio lenkimo stakl\u0117s greitai ir tiksliai lenkia 14-32 mm plieno strypus. Puikiai tinka konstrukciniams projektams, tokiems kaip tiltai ir tuneliai, pasi\u017eymi eksportui tinkama \u012ftampa ir dideliu na\u0161umu.<\/p>","protected":false},"featured_media":8987,"template":"","meta":{"_kad_post_transparent":"default","_kad_post_title":"","_kad_post_layout":"default","_kad_post_sidebar_id":"","_kad_post_content_style":"default","_kad_post_vertical_padding":"default","_kad_post_feature":"","_kad_post_feature_position":"","_kad_post_header":false,"_kad_post_footer":false},"product_brand":[],"product_cat":[54],"product_tag":[1022,1016,1024,1018,1023,1017,1019,1021,1020,1015],"class_list":{"0":"post-8986","1":"product","2":"type-product","3":"status-publish","4":"has-post-thumbnail","6":"product_cat-rebar-arc-bending-machine","7":"product_tag-arc-shape-bending-machine-for-rebar","8":"product_tag-automatic-rebar-arc-bender","9":"product_tag-bar-arc-bending-machine-for-construction","10":"product_tag-cnc-rebar-arc-bending-equipment","11":"product_tag-curved-rebar-bending-tool","12":"product_tag-hydraulic-arc-bending-machine","13":"product_tag-rebar-circular-bending-machine","14":"product_tag-rebar-radius-bending-machine","15":"product_tag-round-bending-machine-for-steel-bars","16":"product_tag-steel-arc-bending-machine","18":"first","19":"instock","20":"shipping-taxable","21":"product-type-simple","22":"entry","23":"content-bg","24":"loop-entry"},"yoast_head":"<!-- This site is optimized with the Yoast SEO plugin v25.3.1 - https:\/\/yoast.com\/wordpress\/plugins\/seo\/ -->\n<title>Rebar Arc Bending Machine GWH32 - HSY Construction Machinery<\/title>\n<meta name=\"description\" content=\"Rebar Arc Bending Machine GWH32 bends 14\u201332mm rebar into arcs with precision. Built for industrial use in bridges, tunnels, and global construction markets.\" \/>\n<meta name=\"robots\" content=\"index, follow, max-snippet:-1, max-image-preview:large, max-video-preview:-1\" \/>\n<link rel=\"canonical\" href=\"https:\/\/www.hsymachinery.com\/lt\/produktas\/armaturos-lanko-lenkimo-stakles-gwh32\/\" \/>\n<meta property=\"og:locale\" content=\"lt_LT\" \/>\n<meta property=\"og:type\" content=\"article\" \/>\n<meta property=\"og:title\" content=\"Rebar Arc Bending Machine GWH32 - HSY Construction Machinery\" \/>\n<meta property=\"og:description\" content=\"Rebar Arc Bending Machine GWH32 bends 14\u201332mm rebar into arcs with precision. Built for industrial use in bridges, tunnels, and global construction markets.\" \/>\n<meta property=\"og:url\" content=\"https:\/\/www.hsymachinery.com\/lt\/produktas\/armaturos-lanko-lenkimo-stakles-gwh32\/\" \/>\n<meta property=\"og:site_name\" content=\"HSY Construction Machinery\" \/>\n<meta property=\"article:modified_time\" content=\"2025-06-27T14:38:50+00:00\" \/>\n<meta property=\"og:image\" content=\"https:\/\/www.hsymachinery.com\/wp-content\/uploads\/2025\/06\/Rebar-Arc-Bending-Machine-GWH32.jpg\" \/>\n\t<meta property=\"og:image:width\" content=\"600\" \/>\n\t<meta property=\"og:image:height\" content=\"600\" \/>\n\t<meta property=\"og:image:type\" content=\"image\/jpeg\" \/>\n<meta name=\"twitter:card\" content=\"summary_large_image\" \/>\n<meta name=\"twitter:label1\" content=\"Est. reading time\" \/>\n\t<meta name=\"twitter:data1\" content=\"2 minut\u0117s\" \/>\n<script type=\"application\/ld+json\" class=\"yoast-schema-graph\">{\"@context\":\"https:\/\/schema.org\",\"@graph\":[{\"@type\":\"WebPage\",\"@id\":\"https:\/\/www.hsymachinery.com\/product\/rebar-arc-bending-machine-gwh32\/\",\"url\":\"https:\/\/www.hsymachinery.com\/product\/rebar-arc-bending-machine-gwh32\/\",\"name\":\"Rebar Arc Bending Machine GWH32 - HSY Construction Machinery\",\"isPartOf\":{\"@id\":\"https:\/\/www.hsymachinery.com\/#website\"},\"primaryImageOfPage\":{\"@id\":\"https:\/\/www.hsymachinery.com\/product\/rebar-arc-bending-machine-gwh32\/#primaryimage\"},\"image\":{\"@id\":\"https:\/\/www.hsymachinery.com\/product\/rebar-arc-bending-machine-gwh32\/#primaryimage\"},\"thumbnailUrl\":\"https:\/\/www.hsymachinery.com\/wp-content\/uploads\/2025\/06\/Rebar-Arc-Bending-Machine-GWH32.jpg\",\"datePublished\":\"2025-06-18T04:23:54+00:00\",\"dateModified\":\"2025-06-27T14:38:50+00:00\",\"description\":\"Rebar Arc Bending Machine GWH32 bends 14\u201332mm rebar into arcs with precision. Built for industrial use in bridges, tunnels, and global construction markets.\",\"breadcrumb\":{\"@id\":\"https:\/\/www.hsymachinery.com\/product\/rebar-arc-bending-machine-gwh32\/#breadcrumb\"},\"inLanguage\":\"lt-LT\",\"potentialAction\":[{\"@type\":\"ReadAction\",\"target\":[\"https:\/\/www.hsymachinery.com\/product\/rebar-arc-bending-machine-gwh32\/\"]}]},{\"@type\":\"ImageObject\",\"inLanguage\":\"lt-LT\",\"@id\":\"https:\/\/www.hsymachinery.com\/product\/rebar-arc-bending-machine-gwh32\/#primaryimage\",\"url\":\"https:\/\/www.hsymachinery.com\/wp-content\/uploads\/2025\/06\/Rebar-Arc-Bending-Machine-GWH32.jpg\",\"contentUrl\":\"https:\/\/www.hsymachinery.com\/wp-content\/uploads\/2025\/06\/Rebar-Arc-Bending-Machine-GWH32.jpg\",\"width\":600,\"height\":600},{\"@type\":\"BreadcrumbList\",\"@id\":\"https:\/\/www.hsymachinery.com\/product\/rebar-arc-bending-machine-gwh32\/#breadcrumb\",\"itemListElement\":[{\"@type\":\"ListItem\",\"position\":1,\"name\":\"home\",\"item\":\"https:\/\/www.hsymachinery.com\/\"},{\"@type\":\"ListItem\",\"position\":2,\"name\":\"products\",\"item\":\"https:\/\/www.hsymachinery.com\/products\/\"},{\"@type\":\"ListItem\",\"position\":3,\"name\":\"Rebar Arc Bending Machine GWH32\"}]},{\"@type\":\"WebSite\",\"@id\":\"https:\/\/www.hsymachinery.com\/#website\",\"url\":\"https:\/\/www.hsymachinery.com\/\",\"name\":\"HSY Construction Machinery\",\"description\":\"HSY Machinery \u2013 A leading China construction machinery supplier, offering a wide range of light construction equipment. Our main products include Rebar Cutting Machine, Rebar Bending Machine, Rebar Stirrup Bending Machine, Rebar Arc Bending Machine, Rebar Straightening Machine, Five-Head Rebar Stirrup Bending Machine, Tamping Rammer, Plate Compactor, Concrete Cutter, Power Trowel, and other construction machinery. We are equipped with advanced CNC machines, and we enforce strict quality inspection standards along with comprehensive after-sales service. If you are interested in our products or services, we warmly welcome your inquiries via message.\",\"publisher\":{\"@id\":\"https:\/\/www.hsymachinery.com\/#organization\"},\"potentialAction\":[{\"@type\":\"SearchAction\",\"target\":{\"@type\":\"EntryPoint\",\"urlTemplate\":\"https:\/\/www.hsymachinery.com\/?s={search_term_string}\"},\"query-input\":{\"@type\":\"PropertyValueSpecification\",\"valueRequired\":true,\"valueName\":\"search_term_string\"}}],\"inLanguage\":\"lt-LT\"},{\"@type\":\"Organization\",\"@id\":\"https:\/\/www.hsymachinery.com\/#organization\",\"name\":\"HSY Construction Machinery\",\"url\":\"https:\/\/www.hsymachinery.com\/\",\"logo\":{\"@type\":\"ImageObject\",\"inLanguage\":\"lt-LT\",\"@id\":\"https:\/\/www.hsymachinery.com\/#\/schema\/logo\/image\/\",\"url\":\"https:\/\/www.hsymachinery.com\/wp-content\/uploads\/2025\/06\/cropped-HSY-machinery.png\",\"contentUrl\":\"https:\/\/www.hsymachinery.com\/wp-content\/uploads\/2025\/06\/cropped-HSY-machinery.png\",\"width\":600,\"height\":240,\"caption\":\"HSY Construction Machinery\"},\"image\":{\"@id\":\"https:\/\/www.hsymachinery.com\/#\/schema\/logo\/image\/\"}}]}<\/script>\n<!-- \/ Yoast SEO plugin. -->","yoast_head_json":{"title":"Armat\u016bros lanko lenkimo stakl\u0117s GWH32 - HSY statybin\u0117s ma\u0161inos","description":"Armat\u016bros lank\u0173 lenkimo stakl\u0117s GWH32 tiksliai lenkia 14-32 mm armat\u016bros strypus \u012f lankus. Sukurtas pramoniniam naudojimui tiltuose, tuneliuose ir pasaulin\u0117se statyb\u0173 rinkose.","robots":{"index":"index","follow":"follow","max-snippet":"max-snippet:-1","max-image-preview":"max-image-preview:large","max-video-preview":"max-video-preview:-1"},"canonical":"https:\/\/www.hsymachinery.com\/lt\/produktas\/armaturos-lanko-lenkimo-stakles-gwh32\/","og_locale":"lt_LT","og_type":"article","og_title":"Rebar Arc Bending Machine GWH32 - HSY Construction Machinery","og_description":"Rebar Arc Bending Machine GWH32 bends 14\u201332mm rebar into arcs with precision. Built for industrial use in bridges, tunnels, and global construction markets.","og_url":"https:\/\/www.hsymachinery.com\/lt\/produktas\/armaturos-lanko-lenkimo-stakles-gwh32\/","og_site_name":"HSY Construction Machinery","article_modified_time":"2025-06-27T14:38:50+00:00","og_image":[{"width":600,"height":600,"url":"https:\/\/www.hsymachinery.com\/wp-content\/uploads\/2025\/06\/Rebar-Arc-Bending-Machine-GWH32.jpg","type":"image\/jpeg"}],"twitter_card":"summary_large_image","twitter_misc":{"Est. reading time":"2 minut\u0117s"},"schema":{"@context":"https:\/\/schema.org","@graph":[{"@type":"WebPage","@id":"https:\/\/www.hsymachinery.com\/product\/rebar-arc-bending-machine-gwh32\/","url":"https:\/\/www.hsymachinery.com\/product\/rebar-arc-bending-machine-gwh32\/","name":"Armat\u016bros lanko lenkimo stakl\u0117s GWH32 - HSY statybin\u0117s ma\u0161inos","isPartOf":{"@id":"https:\/\/www.hsymachinery.com\/#website"},"primaryImageOfPage":{"@id":"https:\/\/www.hsymachinery.com\/product\/rebar-arc-bending-machine-gwh32\/#primaryimage"},"image":{"@id":"https:\/\/www.hsymachinery.com\/product\/rebar-arc-bending-machine-gwh32\/#primaryimage"},"thumbnailUrl":"https:\/\/www.hsymachinery.com\/wp-content\/uploads\/2025\/06\/Rebar-Arc-Bending-Machine-GWH32.jpg","datePublished":"2025-06-18T04:23:54+00:00","dateModified":"2025-06-27T14:38:50+00:00","description":"Armat\u016bros lank\u0173 lenkimo stakl\u0117s GWH32 tiksliai lenkia 14-32 mm armat\u016bros strypus \u012f lankus. Sukurtas pramoniniam naudojimui tiltuose, tuneliuose ir pasaulin\u0117se statyb\u0173 rinkose.","breadcrumb":{"@id":"https:\/\/www.hsymachinery.com\/product\/rebar-arc-bending-machine-gwh32\/#breadcrumb"},"inLanguage":"lt-LT","potentialAction":[{"@type":"ReadAction","target":["https:\/\/www.hsymachinery.com\/product\/rebar-arc-bending-machine-gwh32\/"]}]},{"@type":"ImageObject","inLanguage":"lt-LT","@id":"https:\/\/www.hsymachinery.com\/product\/rebar-arc-bending-machine-gwh32\/#primaryimage","url":"https:\/\/www.hsymachinery.com\/wp-content\/uploads\/2025\/06\/Rebar-Arc-Bending-Machine-GWH32.jpg","contentUrl":"https:\/\/www.hsymachinery.com\/wp-content\/uploads\/2025\/06\/Rebar-Arc-Bending-Machine-GWH32.jpg","width":600,"height":600},{"@type":"BreadcrumbList","@id":"https:\/\/www.hsymachinery.com\/product\/rebar-arc-bending-machine-gwh32\/#breadcrumb","itemListElement":[{"@type":"ListItem","position":1,"name":"home","item":"https:\/\/www.hsymachinery.com\/"},{"@type":"ListItem","position":2,"name":"products","item":"https:\/\/www.hsymachinery.com\/products\/"},{"@type":"ListItem","position":3,"name":"Rebar Arc Bending Machine GWH32"}]},{"@type":"WebSite","@id":"https:\/\/www.hsymachinery.com\/#website","url":"https:\/\/www.hsymachinery.com\/","name":"HSY statybin\u0117s ma\u0161inos","description":"\"HSY Machinery\" - pirmaujanti Kinijos statybos ma\u0161in\u0173 tiek\u0117ja, si\u016blanti plat\u0173 lengvosios statybos \u012frangos asortiment\u0105. Pagrindiniai m\u016bs\u0173 produktai - armat\u016bros pjovimo stakl\u0117s, armat\u016bros lenkimo stakl\u0117s, armat\u016bros stryp\u0173 lenkimo stakl\u0117s, armat\u016bros lanko lenkimo stakl\u0117s, armat\u016bros tiesinimo stakl\u0117s, penki\u0173 galvu\u010di\u0173 armat\u016bros stryp\u0173 lenkimo stakl\u0117s, tankinimo plaktukas, plok\u0161\u010di\u0173 tankintuvas, betono pjaustykl\u0117, elektrin\u0117 mentele ir kita statybin\u0117 technika. Turime pa\u017eangias CNC stakles, taikome grie\u017etus kokyb\u0117s tikrinimo standartus ir teikiame visapusi\u0161kas garantinio aptarnavimo paslaugas. Jei jus domina m\u016bs\u0173 gaminiai ar paslaugos, maloniai laukiame j\u016bs\u0173 u\u017eklaus\u0173 \u017einute.","publisher":{"@id":"https:\/\/www.hsymachinery.com\/#organization"},"potentialAction":[{"@type":"SearchAction","target":{"@type":"EntryPoint","urlTemplate":"https:\/\/www.hsymachinery.com\/?s={search_term_string}"},"query-input":{"@type":"PropertyValueSpecification","valueRequired":true,"valueName":"search_term_string"}}],"inLanguage":"lt-LT"},{"@type":"Organization","@id":"https:\/\/www.hsymachinery.com\/#organization","name":"HSY statybin\u0117s ma\u0161inos","url":"https:\/\/www.hsymachinery.com\/","logo":{"@type":"ImageObject","inLanguage":"lt-LT","@id":"https:\/\/www.hsymachinery.com\/#\/schema\/logo\/image\/","url":"https:\/\/www.hsymachinery.com\/wp-content\/uploads\/2025\/06\/cropped-HSY-machinery.png","contentUrl":"https:\/\/www.hsymachinery.com\/wp-content\/uploads\/2025\/06\/cropped-HSY-machinery.png","width":600,"height":240,"caption":"HSY Construction Machinery"},"image":{"@id":"https:\/\/www.hsymachinery.com\/#\/schema\/logo\/image\/"}}]}},"_links":{"self":[{"href":"https:\/\/www.hsymachinery.com\/lt\/wp-json\/wp\/v2\/product\/8986","targetHints":{"allow":["GET"]}}],"collection":[{"href":"https:\/\/www.hsymachinery.com\/lt\/wp-json\/wp\/v2\/product"}],"about":[{"href":"https:\/\/www.hsymachinery.com\/lt\/wp-json\/wp\/v2\/types\/product"}],"version-history":[{"count":4,"href":"https:\/\/www.hsymachinery.com\/lt\/wp-json\/wp\/v2\/product\/8986\/revisions"}],"predecessor-version":[{"id":9406,"href":"https:\/\/www.hsymachinery.com\/lt\/wp-json\/wp\/v2\/product\/8986\/revisions\/9406"}],"wp:featuredmedia":[{"embeddable":true,"href":"https:\/\/www.hsymachinery.com\/lt\/wp-json\/wp\/v2\/media\/8987"}],"wp:attachment":[{"href":"https:\/\/www.hsymachinery.com\/lt\/wp-json\/wp\/v2\/media?parent=8986"}],"wp:term":[{"taxonomy":"product_brand","embeddable":true,"href":"https:\/\/www.hsymachinery.com\/lt\/wp-json\/wp\/v2\/product_brand?post=8986"},{"taxonomy":"product_cat","embeddable":true,"href":"https:\/\/www.hsymachinery.com\/lt\/wp-json\/wp\/v2\/product_cat?post=8986"},{"taxonomy":"product_tag","embeddable":true,"href":"https:\/\/www.hsymachinery.com\/lt\/wp-json\/wp\/v2\/product_tag?post=8986"}],"curies":[{"name":"wp","href":"https:\/\/api.w.org\/{rel}","templated":true}]}}