{"id":8974,"date":"2025-06-18T12:11:58","date_gmt":"2025-06-18T04:11:58","guid":{"rendered":"https:\/\/www.hsymachinery.com\/?post_type=product&#038;p=8974"},"modified":"2025-06-27T21:30:46","modified_gmt":"2025-06-27T13:30:46","slug":"armaturos-strypu-lenkimo-stakles-gf42","status":"publish","type":"product","link":"https:\/\/www.hsymachinery.com\/lt\/produktas\/armaturos-strypu-lenkimo-stakles-gf42\/","title":{"rendered":"Armat\u016bros stryp\u0173 pertraukimo lenkimo stakl\u0117s GF42"},"content":{"rendered":"<h2 data-start=\"115\" data-end=\"157\">Armat\u016bros stryp\u0173 pertraukimo lenkimo stakl\u0117s GF42<\/h2>\n<h3 data-start=\"158\" data-end=\"289\">Pa\u017eangios armat\u016bros stryp\u0173 lenkimo stakl\u0117s GF42, skirtos 6-36 mm strypams | Didelio paj\u0117gumo stryp\u0173 lenkimo stakl\u0117s, skirtos gel\u017ebetoniui<\/h3>\n<h3 data-start=\"296\" data-end=\"392\">\u00a0Gaminio ap\u017evalga - Tikslusis stryp\u0173 lenkimo \u012frenginys dideliems armat\u016bros dyd\u017eiams ir pramoniniams projektams<\/h3>\n<p data-start=\"394\" data-end=\"733\">Svetain\u0117 <strong data-start=\"398\" data-end=\"436\"><a href=\"https:\/\/www.hsymachinery.com\/lt\/produktai\/armaturos-strypu-lenkimo-stakles\/\" target=\"_blank\" rel=\"noopener\">Armat\u016bros stryp\u0173 pertraukimo lenkimo stakl\u0117s<\/a> GF42<\/strong> skirtas apdoroti <strong data-start=\"460\" data-end=\"498\">nuo 6 mm iki 36 mm armat\u016brinio plieno strypai<\/strong>, tod\u0117l tai yra did\u017eiausios talpos GF stryp\u0173 lenkimo serijos modelis. Jis pla\u010diai naudojamas pamat\u0173 armavimui, infrastrukt\u016bros statybai ir surenkam\u0173j\u0173 plieno konstrukcij\u0173 gamybai, kur reikalingi storesni strypai ir didesnis kiekis.<\/p>\n<p data-start=\"735\" data-end=\"852\">GF42 - tai patikimas sprendimas didel\u0117s apimties plienini\u0173 stryp\u0173 formavimo poreikiams tenkinti, kuriame dera tvirtumas, tikslumas ir greitis.<\/p>\n<h3 data-start=\"859\" data-end=\"917\">Didelio sukimo momento sistema su reguliuojamais lenkimo valdikliais<\/h3>\n<p data-start=\"919\" data-end=\"1208\">GF42 str\u0117n\u0173 lenktuve naudojamas sustiprintas lenkimo diskas, patvar\u016bs ribotuvai ir dviej\u0173 pad\u0117\u010di\u0173 valdymo nustatymai, kad b\u016bt\u0173 u\u017etikrintas pastovus str\u0117n\u0173 kampas nuo 0\u00b0 iki 180\u00b0. Didelio sukimo momento varinis variklis leid\u017eia nepertraukiamai lenkti didelio skersmens plieninius strypus be perkaitimo ar v\u0117lavimo.<\/p>\n<p data-start=\"1210\" data-end=\"1457\">\u0160i ma\u0161ina taip pat turi sandariai tepam\u0105 pavar\u0173 d\u0117\u017e\u0119, kuri suma\u017eina mechanin\u012f nusid\u0117v\u0117jim\u0105 ir u\u017etikrina ilgesn\u012f tarnavimo laik\u0105. Valdymas rankine svirtimi ir kojiniu pedalu, tod\u0117l operatoriai gali pasirinkti efektyviausi\u0105 b\u016bd\u0105, priklausomai nuo u\u017eduoties.<\/p>\n<h3 data-start=\"1464\" data-end=\"1528\">Sukurta sud\u0117tingoms darbo s\u0105lygoms ir eksporto atitik\u010diai<\/h3>\n<p data-start=\"1530\" data-end=\"1849\">GF42 r\u0117mas pagamintas i\u0161 pramoninio plieno, tod\u0117l yra atsparus vibracijai, deformacijai ir perkrovoms. \u012erengti didelio atsparumo ratukai leid\u017eia lengvai jud\u0117ti. Ma\u0161ina veikia 220 V \/ 380 V (50 Hz \/ 60 Hz) \u012ftampa, tinkama tiek vietiniams, tiek tarptautiniams statybos standartams.<\/p>\n<p data-start=\"1851\" data-end=\"2019\">D\u0117l didelio na\u0161umo, patogios konstrukcijos ir lanks\u010dios galios konfig\u016bracijos j\u012f renkasi profesional\u016bs rangovai ir plieno lenkimo dirbtuv\u0117s visame pasaulyje.<\/p>\n<h3 data-start=\"2026\" data-end=\"2082\">Pagrindin\u0117s armat\u016bros stryp\u0173 suktuvo GF42 savyb\u0117s<\/h3>\n<ul data-start=\"2084\" data-end=\"2336\">\n<li data-start=\"2084\" data-end=\"2137\">\n<p data-start=\"2086\" data-end=\"2137\">Lenkia 6-36 mm skersmens strypus \u012f \u012fvairi\u0173 form\u0173 strypus<\/p>\n<\/li>\n<li data-start=\"2138\" data-end=\"2213\">\n<p data-start=\"2140\" data-end=\"2213\">Sukurtas didel\u0117s paklausos darbams, pavyzd\u017eiui, tilt\u0173, tuneli\u0173 ir surenkam\u0173j\u0173 konstrukcij\u0173 gamybai.<\/p>\n<\/li>\n<li data-start=\"2214\" data-end=\"2273\">\n<p data-start=\"2216\" data-end=\"2273\">Patvari pavar\u0173 d\u0117\u017e\u0117s ir variklio sistema, u\u017etikrinanti ilgesn\u012f veikim\u0105<\/p>\n<\/li>\n<li data-start=\"2274\" data-end=\"2336\">\n<p data-start=\"2276\" data-end=\"2336\">Eksportui paruo\u0161tos \u012ftampos parinktys pasaulin\u0117ms statybviet\u0117ms<\/p>\n<\/li>\n<\/ul>\n<p><iframe title=\"# statybin\u0117s ma\u0161inos # statybin\u0117s ma\u0161inos # statybin\u0117s ma\u0161inos # statybin\u0117s ma\u0161inos # statybin\u0117s ma\u0161inos # statybin\u0117s ma\u0161inos # statybin\u0117s ma\u0161inos # statybin\u0117s ma\u0161inos # statybin\u0117s ma\u0161inos # statybin\u0117s ma\u0161inos\" width=\"720\" height=\"405\" src=\"https:\/\/www.youtube.com\/embed\/S_YQidcqUDg?feature=oembed\" frameborder=\"0\" allow=\"accelerometer; autoplay; clipboard-write; encrypted-media; gyroscope; picture-in-picture; web-share\" referrerpolicy=\"strict-origin-when-cross-origin\" allowfullscreen><\/iframe><\/p>","protected":false},"excerpt":{"rendered":"<p>GF42 armat\u016bros stryp\u0173 lenkimo stakl\u0117s apdoroja 6-36 mm plieninius strypus \u012f sunkiosios statybos strypus. Idealiai tinka naudoti surenkamajam ir pramoniniam naudojimui, suderinama su pasauline \u012ftampa.<\/p>","protected":false},"featured_media":8975,"template":"","meta":{"_kad_post_transparent":"default","_kad_post_title":"","_kad_post_layout":"default","_kad_post_sidebar_id":"","_kad_post_content_style":"default","_kad_post_vertical_padding":"default","_kad_post_feature":"","_kad_post_feature_position":"","_kad_post_header":false,"_kad_post_footer":false},"product_brand":[],"product_cat":[46],"product_tag":[1005,1006,1010,1008,1009,1013,1012,1014,1007,1011],"class_list":{"0":"post-8974","1":"product","2":"type-product","3":"status-publish","4":"has-post-thumbnail","6":"product_cat-rebar-stirrup-bending-machine","7":"product_tag-automatic-stirrup-bending-machine","8":"product_tag-cnc-rebar-stirrup-bender","9":"product_tag-hydraulic-stirrup-bender","10":"product_tag-rebar-stirrup-bender-machine","11":"product_tag-steel-stirrup-bending-machine","12":"product_tag-stirrup-bender-for-construction","13":"product_tag-stirrup-bending-equipment","14":"product_tag-stirrup-bending-machine-price","15":"product_tag-stirrup-making-machine","16":"product_tag-wire-stirrup-bending-machine","18":"first","19":"instock","20":"shipping-taxable","21":"product-type-simple","22":"entry","23":"content-bg","24":"loop-entry"},"yoast_head":"<!-- This site is optimized with the Yoast SEO plugin v25.3.1 - https:\/\/yoast.com\/wordpress\/plugins\/seo\/ -->\n<title>Rebar Stirrup Bending Machine GF42 - HSY Construction Machinery<\/title>\n<meta name=\"description\" content=\"Rebar Stirrup Bending Machine GF42 bends 6\u201336mm steel bars into stirrups with precision and power. Built for industrial-grade performance and global export.\" \/>\n<meta name=\"robots\" content=\"index, follow, max-snippet:-1, max-image-preview:large, max-video-preview:-1\" \/>\n<link rel=\"canonical\" href=\"https:\/\/www.hsymachinery.com\/lt\/produktas\/armaturos-strypu-lenkimo-stakles-gf42\/\" \/>\n<meta property=\"og:locale\" content=\"lt_LT\" \/>\n<meta property=\"og:type\" content=\"article\" \/>\n<meta property=\"og:title\" content=\"Rebar Stirrup Bending Machine GF42 - HSY Construction Machinery\" \/>\n<meta property=\"og:description\" content=\"Rebar Stirrup Bending Machine GF42 bends 6\u201336mm steel bars into stirrups with precision and power. Built for industrial-grade performance and global export.\" \/>\n<meta property=\"og:url\" content=\"https:\/\/www.hsymachinery.com\/lt\/produktas\/armaturos-strypu-lenkimo-stakles-gf42\/\" \/>\n<meta property=\"og:site_name\" content=\"HSY Construction Machinery\" \/>\n<meta property=\"article:modified_time\" content=\"2025-06-27T13:30:46+00:00\" \/>\n<meta property=\"og:image\" content=\"https:\/\/www.hsymachinery.com\/wp-content\/uploads\/2025\/06\/Rebar-Stirrup-Bending-Machine-GF42.jpg\" \/>\n\t<meta property=\"og:image:width\" content=\"600\" \/>\n\t<meta property=\"og:image:height\" content=\"600\" \/>\n\t<meta property=\"og:image:type\" content=\"image\/jpeg\" \/>\n<meta name=\"twitter:card\" content=\"summary_large_image\" \/>\n<meta name=\"twitter:label1\" content=\"Est. reading time\" \/>\n\t<meta name=\"twitter:data1\" content=\"2 minut\u0117s\" \/>\n<script type=\"application\/ld+json\" class=\"yoast-schema-graph\">{\"@context\":\"https:\/\/schema.org\",\"@graph\":[{\"@type\":\"WebPage\",\"@id\":\"https:\/\/www.hsymachinery.com\/product\/rebar-stirrup-bending-machine-gf42\/\",\"url\":\"https:\/\/www.hsymachinery.com\/product\/rebar-stirrup-bending-machine-gf42\/\",\"name\":\"Rebar Stirrup Bending Machine GF42 - HSY Construction Machinery\",\"isPartOf\":{\"@id\":\"https:\/\/www.hsymachinery.com\/#website\"},\"primaryImageOfPage\":{\"@id\":\"https:\/\/www.hsymachinery.com\/product\/rebar-stirrup-bending-machine-gf42\/#primaryimage\"},\"image\":{\"@id\":\"https:\/\/www.hsymachinery.com\/product\/rebar-stirrup-bending-machine-gf42\/#primaryimage\"},\"thumbnailUrl\":\"https:\/\/www.hsymachinery.com\/wp-content\/uploads\/2025\/06\/Rebar-Stirrup-Bending-Machine-GF42.jpg\",\"datePublished\":\"2025-06-18T04:11:58+00:00\",\"dateModified\":\"2025-06-27T13:30:46+00:00\",\"description\":\"Rebar Stirrup Bending Machine GF42 bends 6\u201336mm steel bars into stirrups with precision and power. Built for industrial-grade performance and global export.\",\"breadcrumb\":{\"@id\":\"https:\/\/www.hsymachinery.com\/product\/rebar-stirrup-bending-machine-gf42\/#breadcrumb\"},\"inLanguage\":\"lt-LT\",\"potentialAction\":[{\"@type\":\"ReadAction\",\"target\":[\"https:\/\/www.hsymachinery.com\/product\/rebar-stirrup-bending-machine-gf42\/\"]}]},{\"@type\":\"ImageObject\",\"inLanguage\":\"lt-LT\",\"@id\":\"https:\/\/www.hsymachinery.com\/product\/rebar-stirrup-bending-machine-gf42\/#primaryimage\",\"url\":\"https:\/\/www.hsymachinery.com\/wp-content\/uploads\/2025\/06\/Rebar-Stirrup-Bending-Machine-GF42.jpg\",\"contentUrl\":\"https:\/\/www.hsymachinery.com\/wp-content\/uploads\/2025\/06\/Rebar-Stirrup-Bending-Machine-GF42.jpg\",\"width\":600,\"height\":600},{\"@type\":\"BreadcrumbList\",\"@id\":\"https:\/\/www.hsymachinery.com\/product\/rebar-stirrup-bending-machine-gf42\/#breadcrumb\",\"itemListElement\":[{\"@type\":\"ListItem\",\"position\":1,\"name\":\"home\",\"item\":\"https:\/\/www.hsymachinery.com\/\"},{\"@type\":\"ListItem\",\"position\":2,\"name\":\"products\",\"item\":\"https:\/\/www.hsymachinery.com\/products\/\"},{\"@type\":\"ListItem\",\"position\":3,\"name\":\"Rebar Stirrup Bending Machine GF42\"}]},{\"@type\":\"WebSite\",\"@id\":\"https:\/\/www.hsymachinery.com\/#website\",\"url\":\"https:\/\/www.hsymachinery.com\/\",\"name\":\"HSY Construction Machinery\",\"description\":\"HSY Machinery \u2013 A leading China construction machinery supplier, offering a wide range of light construction equipment. Our main products include Rebar Cutting Machine, Rebar Bending Machine, Rebar Stirrup Bending Machine, Rebar Arc Bending Machine, Rebar Straightening Machine, Five-Head Rebar Stirrup Bending Machine, Tamping Rammer, Plate Compactor, Concrete Cutter, Power Trowel, and other construction machinery. We are equipped with advanced CNC machines, and we enforce strict quality inspection standards along with comprehensive after-sales service. If you are interested in our products or services, we warmly welcome your inquiries via message.\",\"publisher\":{\"@id\":\"https:\/\/www.hsymachinery.com\/#organization\"},\"potentialAction\":[{\"@type\":\"SearchAction\",\"target\":{\"@type\":\"EntryPoint\",\"urlTemplate\":\"https:\/\/www.hsymachinery.com\/?s={search_term_string}\"},\"query-input\":{\"@type\":\"PropertyValueSpecification\",\"valueRequired\":true,\"valueName\":\"search_term_string\"}}],\"inLanguage\":\"lt-LT\"},{\"@type\":\"Organization\",\"@id\":\"https:\/\/www.hsymachinery.com\/#organization\",\"name\":\"HSY Construction Machinery\",\"url\":\"https:\/\/www.hsymachinery.com\/\",\"logo\":{\"@type\":\"ImageObject\",\"inLanguage\":\"lt-LT\",\"@id\":\"https:\/\/www.hsymachinery.com\/#\/schema\/logo\/image\/\",\"url\":\"https:\/\/www.hsymachinery.com\/wp-content\/uploads\/2025\/06\/cropped-HSY-machinery.png\",\"contentUrl\":\"https:\/\/www.hsymachinery.com\/wp-content\/uploads\/2025\/06\/cropped-HSY-machinery.png\",\"width\":600,\"height\":240,\"caption\":\"HSY Construction Machinery\"},\"image\":{\"@id\":\"https:\/\/www.hsymachinery.com\/#\/schema\/logo\/image\/\"}}]}<\/script>\n<!-- \/ Yoast SEO plugin. -->","yoast_head_json":{"title":"Armat\u016bros stryp\u0173 lenkimo stakl\u0117s GF42 - HSY statybin\u0117s ma\u0161inos","description":"Armat\u016bros stryp\u0173 lenkimo stakl\u0117s GF42 precizi\u0161kai ir galingai lenkia 6-36 mm plieninius strypus \u012f strypus. Sukurtas pramoniniam na\u0161umui ir pasauliniam eksportui.","robots":{"index":"index","follow":"follow","max-snippet":"max-snippet:-1","max-image-preview":"max-image-preview:large","max-video-preview":"max-video-preview:-1"},"canonical":"https:\/\/www.hsymachinery.com\/lt\/produktas\/armaturos-strypu-lenkimo-stakles-gf42\/","og_locale":"lt_LT","og_type":"article","og_title":"Rebar Stirrup Bending Machine GF42 - HSY Construction Machinery","og_description":"Rebar Stirrup Bending Machine GF42 bends 6\u201336mm steel bars into stirrups with precision and power. Built for industrial-grade performance and global export.","og_url":"https:\/\/www.hsymachinery.com\/lt\/produktas\/armaturos-strypu-lenkimo-stakles-gf42\/","og_site_name":"HSY Construction Machinery","article_modified_time":"2025-06-27T13:30:46+00:00","og_image":[{"width":600,"height":600,"url":"https:\/\/www.hsymachinery.com\/wp-content\/uploads\/2025\/06\/Rebar-Stirrup-Bending-Machine-GF42.jpg","type":"image\/jpeg"}],"twitter_card":"summary_large_image","twitter_misc":{"Est. reading time":"2 minut\u0117s"},"schema":{"@context":"https:\/\/schema.org","@graph":[{"@type":"WebPage","@id":"https:\/\/www.hsymachinery.com\/product\/rebar-stirrup-bending-machine-gf42\/","url":"https:\/\/www.hsymachinery.com\/product\/rebar-stirrup-bending-machine-gf42\/","name":"Armat\u016bros stryp\u0173 lenkimo stakl\u0117s GF42 - HSY statybin\u0117s ma\u0161inos","isPartOf":{"@id":"https:\/\/www.hsymachinery.com\/#website"},"primaryImageOfPage":{"@id":"https:\/\/www.hsymachinery.com\/product\/rebar-stirrup-bending-machine-gf42\/#primaryimage"},"image":{"@id":"https:\/\/www.hsymachinery.com\/product\/rebar-stirrup-bending-machine-gf42\/#primaryimage"},"thumbnailUrl":"https:\/\/www.hsymachinery.com\/wp-content\/uploads\/2025\/06\/Rebar-Stirrup-Bending-Machine-GF42.jpg","datePublished":"2025-06-18T04:11:58+00:00","dateModified":"2025-06-27T13:30:46+00:00","description":"Armat\u016bros stryp\u0173 lenkimo stakl\u0117s GF42 precizi\u0161kai ir galingai lenkia 6-36 mm plieninius strypus \u012f strypus. Sukurtas pramoniniam na\u0161umui ir pasauliniam eksportui.","breadcrumb":{"@id":"https:\/\/www.hsymachinery.com\/product\/rebar-stirrup-bending-machine-gf42\/#breadcrumb"},"inLanguage":"lt-LT","potentialAction":[{"@type":"ReadAction","target":["https:\/\/www.hsymachinery.com\/product\/rebar-stirrup-bending-machine-gf42\/"]}]},{"@type":"ImageObject","inLanguage":"lt-LT","@id":"https:\/\/www.hsymachinery.com\/product\/rebar-stirrup-bending-machine-gf42\/#primaryimage","url":"https:\/\/www.hsymachinery.com\/wp-content\/uploads\/2025\/06\/Rebar-Stirrup-Bending-Machine-GF42.jpg","contentUrl":"https:\/\/www.hsymachinery.com\/wp-content\/uploads\/2025\/06\/Rebar-Stirrup-Bending-Machine-GF42.jpg","width":600,"height":600},{"@type":"BreadcrumbList","@id":"https:\/\/www.hsymachinery.com\/product\/rebar-stirrup-bending-machine-gf42\/#breadcrumb","itemListElement":[{"@type":"ListItem","position":1,"name":"home","item":"https:\/\/www.hsymachinery.com\/"},{"@type":"ListItem","position":2,"name":"products","item":"https:\/\/www.hsymachinery.com\/products\/"},{"@type":"ListItem","position":3,"name":"Rebar Stirrup Bending Machine GF42"}]},{"@type":"WebSite","@id":"https:\/\/www.hsymachinery.com\/#website","url":"https:\/\/www.hsymachinery.com\/","name":"HSY statybin\u0117s ma\u0161inos","description":"\"HSY Machinery\" - pirmaujanti Kinijos statybos ma\u0161in\u0173 tiek\u0117ja, si\u016blanti plat\u0173 lengvosios statybos \u012frangos asortiment\u0105. Pagrindiniai m\u016bs\u0173 produktai - armat\u016bros pjovimo stakl\u0117s, armat\u016bros lenkimo stakl\u0117s, armat\u016bros stryp\u0173 lenkimo stakl\u0117s, armat\u016bros lanko lenkimo stakl\u0117s, armat\u016bros tiesinimo stakl\u0117s, penki\u0173 galvu\u010di\u0173 armat\u016bros stryp\u0173 lenkimo stakl\u0117s, tankinimo plaktukas, plok\u0161\u010di\u0173 tankintuvas, betono pjaustykl\u0117, elektrin\u0117 mentele ir kita statybin\u0117 technika. Turime pa\u017eangias CNC stakles, taikome grie\u017etus kokyb\u0117s tikrinimo standartus ir teikiame visapusi\u0161kas garantinio aptarnavimo paslaugas. Jei jus domina m\u016bs\u0173 gaminiai ar paslaugos, maloniai laukiame j\u016bs\u0173 u\u017eklaus\u0173 \u017einute.","publisher":{"@id":"https:\/\/www.hsymachinery.com\/#organization"},"potentialAction":[{"@type":"SearchAction","target":{"@type":"EntryPoint","urlTemplate":"https:\/\/www.hsymachinery.com\/?s={search_term_string}"},"query-input":{"@type":"PropertyValueSpecification","valueRequired":true,"valueName":"search_term_string"}}],"inLanguage":"lt-LT"},{"@type":"Organization","@id":"https:\/\/www.hsymachinery.com\/#organization","name":"HSY statybin\u0117s ma\u0161inos","url":"https:\/\/www.hsymachinery.com\/","logo":{"@type":"ImageObject","inLanguage":"lt-LT","@id":"https:\/\/www.hsymachinery.com\/#\/schema\/logo\/image\/","url":"https:\/\/www.hsymachinery.com\/wp-content\/uploads\/2025\/06\/cropped-HSY-machinery.png","contentUrl":"https:\/\/www.hsymachinery.com\/wp-content\/uploads\/2025\/06\/cropped-HSY-machinery.png","width":600,"height":240,"caption":"HSY Construction Machinery"},"image":{"@id":"https:\/\/www.hsymachinery.com\/#\/schema\/logo\/image\/"}}]}},"_links":{"self":[{"href":"https:\/\/www.hsymachinery.com\/lt\/wp-json\/wp\/v2\/product\/8974","targetHints":{"allow":["GET"]}}],"collection":[{"href":"https:\/\/www.hsymachinery.com\/lt\/wp-json\/wp\/v2\/product"}],"about":[{"href":"https:\/\/www.hsymachinery.com\/lt\/wp-json\/wp\/v2\/types\/product"}],"version-history":[{"count":3,"href":"https:\/\/www.hsymachinery.com\/lt\/wp-json\/wp\/v2\/product\/8974\/revisions"}],"predecessor-version":[{"id":9388,"href":"https:\/\/www.hsymachinery.com\/lt\/wp-json\/wp\/v2\/product\/8974\/revisions\/9388"}],"wp:featuredmedia":[{"embeddable":true,"href":"https:\/\/www.hsymachinery.com\/lt\/wp-json\/wp\/v2\/media\/8975"}],"wp:attachment":[{"href":"https:\/\/www.hsymachinery.com\/lt\/wp-json\/wp\/v2\/media?parent=8974"}],"wp:term":[{"taxonomy":"product_brand","embeddable":true,"href":"https:\/\/www.hsymachinery.com\/lt\/wp-json\/wp\/v2\/product_brand?post=8974"},{"taxonomy":"product_cat","embeddable":true,"href":"https:\/\/www.hsymachinery.com\/lt\/wp-json\/wp\/v2\/product_cat?post=8974"},{"taxonomy":"product_tag","embeddable":true,"href":"https:\/\/www.hsymachinery.com\/lt\/wp-json\/wp\/v2\/product_tag?post=8974"}],"curies":[{"name":"wp","href":"https:\/\/api.w.org\/{rel}","templated":true}]}}