{"id":8962,"date":"2025-06-18T12:08:09","date_gmt":"2025-06-18T04:08:09","guid":{"rendered":"https:\/\/www.hsymachinery.com\/?post_type=product&#038;p=8962"},"modified":"2025-06-27T17:47:16","modified_gmt":"2025-06-27T09:47:16","slug":"armaturos-strypu-lenkimo-stakles-gf25","status":"publish","type":"product","link":"https:\/\/www.hsymachinery.com\/lt\/produktas\/armaturos-strypu-lenkimo-stakles-gf25\/","title":{"rendered":"Armat\u016bros stryp\u0173 pertraukimo lenkimo stakl\u0117s GF25"},"content":{"rendered":"<h3 data-start=\"146\" data-end=\"244\">Efektyvus 6-20 mm stryp\u0173 lenkimo aparatas | Pramonin\u0117s klas\u0117s armat\u016bros stryp\u0173 lenkimo aparatas GF25<\/h3>\n<h3 data-start=\"251\" data-end=\"344\">\u00a0Produkto ap\u017evalga - universalus statybin\u0117s armat\u016bros lankstymo stryp\u0173 lenkiklis<\/h3>\n<p data-start=\"346\" data-end=\"684\">Svetain\u0117 <strong data-start=\"350\" data-end=\"388\"><a href=\"https:\/\/www.hsymachinery.com\/lt\/produktai\/armaturos-strypu-lenkimo-stakles\/\" target=\"_blank\" rel=\"noopener\">Armat\u016bros stryp\u0173 pertraukimo lenkimo stakl\u0117s<\/a> GF25<\/strong> yra auk\u0161tos kokyb\u0117s sprendimas, skirtas gaminti nuo 6 mm iki 22 mm armat\u016bros strypus. \u0160i ma\u0161ina, skirta konstrukciniam plienui apdirbti, gali greitai suformuoti \u012fvairi\u0173 form\u0173 - kvadrat\u0173, sta\u010diakampi\u0173, trapecij\u0173 ir nestandartini\u0173 kamp\u0173 - strypus, naudojamus betonin\u0117se kolonose, sijose, plok\u0161t\u0117se ir pamatuose.<\/p>\n<p data-start=\"686\" data-end=\"859\">D\u0117l pramoninio varinio variklio ir tikslaus lenkimo mechanizmo GF25 stryp\u0173 formavimo stakl\u0117s u\u017etikrina pakartotin\u0105 veikim\u0105 tiek gamybos vietoje, tiek surenkamoje aplinkoje.<\/p>\n<h3 data-start=\"866\" data-end=\"917\">Galingas i\u0161\u0117jimas ir lengvas kampo pritaikymas<\/h3>\n<p data-start=\"919\" data-end=\"1192\">GF25 turi i\u0161pl\u0117stin\u0119 lenkimo plok\u0161t\u0119, du reguliuojamus kam\u0161\u010dius ir programuojamus kampo pasirinkimo \u012ftaisus, tod\u0117l u\u017etikrina nuosekl\u0173 lenkim\u0105 iki 180\u00b0 kampu be strypo deformacijos. Ma\u0161inos sandari pavar\u0173 d\u0117\u017e\u0117 veikia ma\u017eai triuk\u0161mingai, tod\u0117l ilgainiui suma\u017e\u0117ja technin\u0117s prie\u017ei\u016bros poreikis.<\/p>\n<p data-start=\"1194\" data-end=\"1346\">Operatoriai gali perjungti valdym\u0105 kojiniu pedalu ir rankiniu b\u016bdu, tod\u0117l jis saugesnis ir lengviau pritaikomas \u012fvairiose statyb\u0173 vietose.<\/p>\n<h3 data-start=\"1353\" data-end=\"1406\">Tvirtas r\u0117mas su eksportui paruo\u0161tomis \u012ftampos parinktimis<\/h3>\n<p data-start=\"1408\" data-end=\"1750\">Svetain\u0117 <strong data-start=\"1412\" data-end=\"1450\">GF25 armat\u016bros stryp\u0173 lenkiklis<\/strong> yra pagamintas i\u0161 sustiprinto suvirinto plieno, kuris u\u017etikrina ilgaam\u017ei\u0161kum\u0105 esant dideliam sukimo momentui. Jame yra tvirti transportavimo ratai, kad b\u016bt\u0173 lengva jud\u0117ti projekto \u012fgyvendinimo vietose. Be to, ma\u0161ina palaiko 220 V arba 380 V (50 Hz \/ 60 Hz) \u012fvest\u012f, visi\u0161kai atitinkan\u010di\u0105 tarptautinius darbo viet\u0173 reikalavimus.<\/p>\n<p data-start=\"1752\" data-end=\"1884\">D\u0117l savo efektyvumo ir tikslumo jis idealiai tinka rangovams, plieno gamintojams ir armat\u016bros apdirbimo centrams visame pasaulyje.<\/p>\n<h3 data-start=\"1891\" data-end=\"1947\">\u00a0Pagrindin\u0117s armat\u016bros stryp\u0173 pertraukimo lenkimo ma\u0161inos GF25 savyb\u0117s<\/h3>\n<ul data-start=\"1949\" data-end=\"2187\">\n<li data-start=\"1949\" data-end=\"2008\">\n<p data-start=\"1951\" data-end=\"2008\">Labai tiksliai lenkia 6-22 mm strypus \u012f strypus<\/p>\n<\/li>\n<li data-start=\"2009\" data-end=\"2078\">\n<p data-start=\"2011\" data-end=\"2078\">Greitas kvadratini\u0173, sta\u010diakampi\u0173 ir nestandartini\u0173 str\u0117n\u0173 formos keitimas<\/p>\n<\/li>\n<li data-start=\"2079\" data-end=\"2133\">\n<p data-start=\"2081\" data-end=\"2133\">Patikimas variklis ir ma\u017eai prie\u017ei\u016bros reikalaujanti vidin\u0117 sistema<\/p>\n<\/li>\n<li data-start=\"2134\" data-end=\"2187\">\n<p data-start=\"2136\" data-end=\"2187\">Paruo\u0161ta pasauliniam eksportui su lanks\u010dia maitinimo \u012fvestimi<\/p>\n<\/li>\n<\/ul>\n<p><iframe title=\"# statybin\u0117s ma\u0161inos # statybin\u0117s ma\u0161inos # statybin\u0117s ma\u0161inos # statybin\u0117s ma\u0161inos # statybin\u0117s ma\u0161inos # statybin\u0117s ma\u0161inos # statybin\u0117s ma\u0161inos # statybin\u0117s ma\u0161inos # statybin\u0117s ma\u0161inos # statybin\u0117s ma\u0161inos\" width=\"720\" height=\"405\" src=\"https:\/\/www.youtube.com\/embed\/S_YQidcqUDg?feature=oembed\" frameborder=\"0\" allow=\"accelerometer; autoplay; clipboard-write; encrypted-media; gyroscope; picture-in-picture; web-share\" referrerpolicy=\"strict-origin-when-cross-origin\" allowfullscreen><\/iframe><\/p>","protected":false},"excerpt":{"rendered":"<p>GF25 armat\u016bros stryp\u0173 lenkimo stakl\u0117s efektyviai lenkia 6-22 mm plieno strypus \u012f \u012fvairias stryp\u0173 formas. Idealiai tinka konstrukcij\u0173 stiprinimui, pagamintas i\u0161 tvirto plieno ir palaiko pasaulin\u0119 \u012ftamp\u0105.<\/p>","protected":false},"featured_media":8963,"template":"","meta":{"_kad_post_transparent":"default","_kad_post_title":"","_kad_post_layout":"default","_kad_post_sidebar_id":"","_kad_post_content_style":"default","_kad_post_vertical_padding":"default","_kad_post_feature":"","_kad_post_feature_position":"","_kad_post_header":false,"_kad_post_footer":false},"product_brand":[],"product_cat":[46],"product_tag":[1005,1006,1010,1008,1009,1013,1012,1014,1007,1011],"class_list":{"0":"post-8962","1":"product","2":"type-product","3":"status-publish","4":"has-post-thumbnail","6":"product_cat-rebar-stirrup-bending-machine","7":"product_tag-automatic-stirrup-bending-machine","8":"product_tag-cnc-rebar-stirrup-bender","9":"product_tag-hydraulic-stirrup-bender","10":"product_tag-rebar-stirrup-bender-machine","11":"product_tag-steel-stirrup-bending-machine","12":"product_tag-stirrup-bender-for-construction","13":"product_tag-stirrup-bending-equipment","14":"product_tag-stirrup-bending-machine-price","15":"product_tag-stirrup-making-machine","16":"product_tag-wire-stirrup-bending-machine","18":"first","19":"instock","20":"shipping-taxable","21":"product-type-simple","22":"entry","23":"content-bg","24":"loop-entry"},"yoast_head":"<!-- This site is optimized with the Yoast SEO plugin v25.3.1 - https:\/\/yoast.com\/wordpress\/plugins\/seo\/ -->\n<title>Rebar Stirrup Bending Machine GF25 - HSY Construction Machinery<\/title>\n<meta name=\"description\" content=\"Rebar Stirrup Bending Machine GF25 processes 6\u201322mm rebar into stirrups with speed and precision. Built for reinforcement work and suitable for export.\" \/>\n<meta name=\"robots\" content=\"index, follow, max-snippet:-1, max-image-preview:large, max-video-preview:-1\" \/>\n<link rel=\"canonical\" href=\"https:\/\/www.hsymachinery.com\/lt\/produktas\/armaturos-strypu-lenkimo-stakles-gf25\/\" \/>\n<meta property=\"og:locale\" content=\"lt_LT\" \/>\n<meta property=\"og:type\" content=\"article\" \/>\n<meta property=\"og:title\" content=\"Rebar Stirrup Bending Machine GF25 - HSY Construction Machinery\" \/>\n<meta property=\"og:description\" content=\"Rebar Stirrup Bending Machine GF25 processes 6\u201322mm rebar into stirrups with speed and precision. Built for reinforcement work and suitable for export.\" \/>\n<meta property=\"og:url\" content=\"https:\/\/www.hsymachinery.com\/lt\/produktas\/armaturos-strypu-lenkimo-stakles-gf25\/\" \/>\n<meta property=\"og:site_name\" content=\"HSY Construction Machinery\" \/>\n<meta property=\"article:modified_time\" content=\"2025-06-27T09:47:16+00:00\" \/>\n<meta property=\"og:image\" content=\"https:\/\/www.hsymachinery.com\/wp-content\/uploads\/2025\/06\/Rebar-Stirrup-Bending-Machine-GF25.jpg\" \/>\n\t<meta property=\"og:image:width\" content=\"600\" \/>\n\t<meta property=\"og:image:height\" content=\"600\" \/>\n\t<meta property=\"og:image:type\" content=\"image\/jpeg\" \/>\n<meta name=\"twitter:card\" content=\"summary_large_image\" \/>\n<meta name=\"twitter:label1\" content=\"Est. reading time\" \/>\n\t<meta name=\"twitter:data1\" content=\"2 minut\u0117s\" \/>\n<script type=\"application\/ld+json\" class=\"yoast-schema-graph\">{\"@context\":\"https:\/\/schema.org\",\"@graph\":[{\"@type\":\"WebPage\",\"@id\":\"https:\/\/www.hsymachinery.com\/product\/rebar-stirrup-bending-machine-gf25\/\",\"url\":\"https:\/\/www.hsymachinery.com\/product\/rebar-stirrup-bending-machine-gf25\/\",\"name\":\"Rebar Stirrup Bending Machine GF25 - HSY Construction Machinery\",\"isPartOf\":{\"@id\":\"https:\/\/www.hsymachinery.com\/#website\"},\"primaryImageOfPage\":{\"@id\":\"https:\/\/www.hsymachinery.com\/product\/rebar-stirrup-bending-machine-gf25\/#primaryimage\"},\"image\":{\"@id\":\"https:\/\/www.hsymachinery.com\/product\/rebar-stirrup-bending-machine-gf25\/#primaryimage\"},\"thumbnailUrl\":\"https:\/\/www.hsymachinery.com\/wp-content\/uploads\/2025\/06\/Rebar-Stirrup-Bending-Machine-GF25.jpg\",\"datePublished\":\"2025-06-18T04:08:09+00:00\",\"dateModified\":\"2025-06-27T09:47:16+00:00\",\"description\":\"Rebar Stirrup Bending Machine GF25 processes 6\u201322mm rebar into stirrups with speed and precision. Built for reinforcement work and suitable for export.\",\"breadcrumb\":{\"@id\":\"https:\/\/www.hsymachinery.com\/product\/rebar-stirrup-bending-machine-gf25\/#breadcrumb\"},\"inLanguage\":\"lt-LT\",\"potentialAction\":[{\"@type\":\"ReadAction\",\"target\":[\"https:\/\/www.hsymachinery.com\/product\/rebar-stirrup-bending-machine-gf25\/\"]}]},{\"@type\":\"ImageObject\",\"inLanguage\":\"lt-LT\",\"@id\":\"https:\/\/www.hsymachinery.com\/product\/rebar-stirrup-bending-machine-gf25\/#primaryimage\",\"url\":\"https:\/\/www.hsymachinery.com\/wp-content\/uploads\/2025\/06\/Rebar-Stirrup-Bending-Machine-GF25.jpg\",\"contentUrl\":\"https:\/\/www.hsymachinery.com\/wp-content\/uploads\/2025\/06\/Rebar-Stirrup-Bending-Machine-GF25.jpg\",\"width\":600,\"height\":600},{\"@type\":\"BreadcrumbList\",\"@id\":\"https:\/\/www.hsymachinery.com\/product\/rebar-stirrup-bending-machine-gf25\/#breadcrumb\",\"itemListElement\":[{\"@type\":\"ListItem\",\"position\":1,\"name\":\"home\",\"item\":\"https:\/\/www.hsymachinery.com\/\"},{\"@type\":\"ListItem\",\"position\":2,\"name\":\"products\",\"item\":\"https:\/\/www.hsymachinery.com\/products\/\"},{\"@type\":\"ListItem\",\"position\":3,\"name\":\"Rebar Stirrup Bending Machine GF25\"}]},{\"@type\":\"WebSite\",\"@id\":\"https:\/\/www.hsymachinery.com\/#website\",\"url\":\"https:\/\/www.hsymachinery.com\/\",\"name\":\"HSY Construction Machinery\",\"description\":\"HSY Machinery \u2013 A leading China construction machinery supplier, offering a wide range of light construction equipment. Our main products include Rebar Cutting Machine, Rebar Bending Machine, Rebar Stirrup Bending Machine, Rebar Arc Bending Machine, Rebar Straightening Machine, Five-Head Rebar Stirrup Bending Machine, Tamping Rammer, Plate Compactor, Concrete Cutter, Power Trowel, and other construction machinery. We are equipped with advanced CNC machines, and we enforce strict quality inspection standards along with comprehensive after-sales service. If you are interested in our products or services, we warmly welcome your inquiries via message.\",\"publisher\":{\"@id\":\"https:\/\/www.hsymachinery.com\/#organization\"},\"potentialAction\":[{\"@type\":\"SearchAction\",\"target\":{\"@type\":\"EntryPoint\",\"urlTemplate\":\"https:\/\/www.hsymachinery.com\/?s={search_term_string}\"},\"query-input\":{\"@type\":\"PropertyValueSpecification\",\"valueRequired\":true,\"valueName\":\"search_term_string\"}}],\"inLanguage\":\"lt-LT\"},{\"@type\":\"Organization\",\"@id\":\"https:\/\/www.hsymachinery.com\/#organization\",\"name\":\"HSY Construction Machinery\",\"url\":\"https:\/\/www.hsymachinery.com\/\",\"logo\":{\"@type\":\"ImageObject\",\"inLanguage\":\"lt-LT\",\"@id\":\"https:\/\/www.hsymachinery.com\/#\/schema\/logo\/image\/\",\"url\":\"https:\/\/www.hsymachinery.com\/wp-content\/uploads\/2025\/06\/cropped-HSY-machinery.png\",\"contentUrl\":\"https:\/\/www.hsymachinery.com\/wp-content\/uploads\/2025\/06\/cropped-HSY-machinery.png\",\"width\":600,\"height\":240,\"caption\":\"HSY Construction Machinery\"},\"image\":{\"@id\":\"https:\/\/www.hsymachinery.com\/#\/schema\/logo\/image\/\"}}]}<\/script>\n<!-- \/ Yoast SEO plugin. -->","yoast_head_json":{"title":"Armat\u016bros stryp\u0173 lenkimo stakl\u0117s GF25 - HSY statybin\u0117s ma\u0161inos","description":"Armat\u016bros stryp\u0173 lenkimo stakl\u0117s GF25 greitai ir tiksliai apdoroja 6-22 mm armat\u016bros strypus. Sukurtas armat\u016bros darbams ir tinkamas eksportui.","robots":{"index":"index","follow":"follow","max-snippet":"max-snippet:-1","max-image-preview":"max-image-preview:large","max-video-preview":"max-video-preview:-1"},"canonical":"https:\/\/www.hsymachinery.com\/lt\/produktas\/armaturos-strypu-lenkimo-stakles-gf25\/","og_locale":"lt_LT","og_type":"article","og_title":"Rebar Stirrup Bending Machine GF25 - HSY Construction Machinery","og_description":"Rebar Stirrup Bending Machine GF25 processes 6\u201322mm rebar into stirrups with speed and precision. Built for reinforcement work and suitable for export.","og_url":"https:\/\/www.hsymachinery.com\/lt\/produktas\/armaturos-strypu-lenkimo-stakles-gf25\/","og_site_name":"HSY Construction Machinery","article_modified_time":"2025-06-27T09:47:16+00:00","og_image":[{"width":600,"height":600,"url":"https:\/\/www.hsymachinery.com\/wp-content\/uploads\/2025\/06\/Rebar-Stirrup-Bending-Machine-GF25.jpg","type":"image\/jpeg"}],"twitter_card":"summary_large_image","twitter_misc":{"Est. reading time":"2 minut\u0117s"},"schema":{"@context":"https:\/\/schema.org","@graph":[{"@type":"WebPage","@id":"https:\/\/www.hsymachinery.com\/product\/rebar-stirrup-bending-machine-gf25\/","url":"https:\/\/www.hsymachinery.com\/product\/rebar-stirrup-bending-machine-gf25\/","name":"Armat\u016bros stryp\u0173 lenkimo stakl\u0117s GF25 - HSY statybin\u0117s ma\u0161inos","isPartOf":{"@id":"https:\/\/www.hsymachinery.com\/#website"},"primaryImageOfPage":{"@id":"https:\/\/www.hsymachinery.com\/product\/rebar-stirrup-bending-machine-gf25\/#primaryimage"},"image":{"@id":"https:\/\/www.hsymachinery.com\/product\/rebar-stirrup-bending-machine-gf25\/#primaryimage"},"thumbnailUrl":"https:\/\/www.hsymachinery.com\/wp-content\/uploads\/2025\/06\/Rebar-Stirrup-Bending-Machine-GF25.jpg","datePublished":"2025-06-18T04:08:09+00:00","dateModified":"2025-06-27T09:47:16+00:00","description":"Armat\u016bros stryp\u0173 lenkimo stakl\u0117s GF25 greitai ir tiksliai apdoroja 6-22 mm armat\u016bros strypus. Sukurtas armat\u016bros darbams ir tinkamas eksportui.","breadcrumb":{"@id":"https:\/\/www.hsymachinery.com\/product\/rebar-stirrup-bending-machine-gf25\/#breadcrumb"},"inLanguage":"lt-LT","potentialAction":[{"@type":"ReadAction","target":["https:\/\/www.hsymachinery.com\/product\/rebar-stirrup-bending-machine-gf25\/"]}]},{"@type":"ImageObject","inLanguage":"lt-LT","@id":"https:\/\/www.hsymachinery.com\/product\/rebar-stirrup-bending-machine-gf25\/#primaryimage","url":"https:\/\/www.hsymachinery.com\/wp-content\/uploads\/2025\/06\/Rebar-Stirrup-Bending-Machine-GF25.jpg","contentUrl":"https:\/\/www.hsymachinery.com\/wp-content\/uploads\/2025\/06\/Rebar-Stirrup-Bending-Machine-GF25.jpg","width":600,"height":600},{"@type":"BreadcrumbList","@id":"https:\/\/www.hsymachinery.com\/product\/rebar-stirrup-bending-machine-gf25\/#breadcrumb","itemListElement":[{"@type":"ListItem","position":1,"name":"home","item":"https:\/\/www.hsymachinery.com\/"},{"@type":"ListItem","position":2,"name":"products","item":"https:\/\/www.hsymachinery.com\/products\/"},{"@type":"ListItem","position":3,"name":"Rebar Stirrup Bending Machine GF25"}]},{"@type":"WebSite","@id":"https:\/\/www.hsymachinery.com\/#website","url":"https:\/\/www.hsymachinery.com\/","name":"HSY statybin\u0117s ma\u0161inos","description":"\"HSY Machinery\" - pirmaujanti Kinijos statybos ma\u0161in\u0173 tiek\u0117ja, si\u016blanti plat\u0173 lengvosios statybos \u012frangos asortiment\u0105. Pagrindiniai m\u016bs\u0173 produktai - armat\u016bros pjovimo stakl\u0117s, armat\u016bros lenkimo stakl\u0117s, armat\u016bros stryp\u0173 lenkimo stakl\u0117s, armat\u016bros lanko lenkimo stakl\u0117s, armat\u016bros tiesinimo stakl\u0117s, penki\u0173 galvu\u010di\u0173 armat\u016bros stryp\u0173 lenkimo stakl\u0117s, tankinimo plaktukas, plok\u0161\u010di\u0173 tankintuvas, betono pjaustykl\u0117, elektrin\u0117 mentele ir kita statybin\u0117 technika. Turime pa\u017eangias CNC stakles, taikome grie\u017etus kokyb\u0117s tikrinimo standartus ir teikiame visapusi\u0161kas garantinio aptarnavimo paslaugas. Jei jus domina m\u016bs\u0173 gaminiai ar paslaugos, maloniai laukiame j\u016bs\u0173 u\u017eklaus\u0173 \u017einute.","publisher":{"@id":"https:\/\/www.hsymachinery.com\/#organization"},"potentialAction":[{"@type":"SearchAction","target":{"@type":"EntryPoint","urlTemplate":"https:\/\/www.hsymachinery.com\/?s={search_term_string}"},"query-input":{"@type":"PropertyValueSpecification","valueRequired":true,"valueName":"search_term_string"}}],"inLanguage":"lt-LT"},{"@type":"Organization","@id":"https:\/\/www.hsymachinery.com\/#organization","name":"HSY statybin\u0117s ma\u0161inos","url":"https:\/\/www.hsymachinery.com\/","logo":{"@type":"ImageObject","inLanguage":"lt-LT","@id":"https:\/\/www.hsymachinery.com\/#\/schema\/logo\/image\/","url":"https:\/\/www.hsymachinery.com\/wp-content\/uploads\/2025\/06\/cropped-HSY-machinery.png","contentUrl":"https:\/\/www.hsymachinery.com\/wp-content\/uploads\/2025\/06\/cropped-HSY-machinery.png","width":600,"height":240,"caption":"HSY Construction Machinery"},"image":{"@id":"https:\/\/www.hsymachinery.com\/#\/schema\/logo\/image\/"}}]}},"_links":{"self":[{"href":"https:\/\/www.hsymachinery.com\/lt\/wp-json\/wp\/v2\/product\/8962","targetHints":{"allow":["GET"]}}],"collection":[{"href":"https:\/\/www.hsymachinery.com\/lt\/wp-json\/wp\/v2\/product"}],"about":[{"href":"https:\/\/www.hsymachinery.com\/lt\/wp-json\/wp\/v2\/types\/product"}],"version-history":[{"count":4,"href":"https:\/\/www.hsymachinery.com\/lt\/wp-json\/wp\/v2\/product\/8962\/revisions"}],"predecessor-version":[{"id":9379,"href":"https:\/\/www.hsymachinery.com\/lt\/wp-json\/wp\/v2\/product\/8962\/revisions\/9379"}],"wp:featuredmedia":[{"embeddable":true,"href":"https:\/\/www.hsymachinery.com\/lt\/wp-json\/wp\/v2\/media\/8963"}],"wp:attachment":[{"href":"https:\/\/www.hsymachinery.com\/lt\/wp-json\/wp\/v2\/media?parent=8962"}],"wp:term":[{"taxonomy":"product_brand","embeddable":true,"href":"https:\/\/www.hsymachinery.com\/lt\/wp-json\/wp\/v2\/product_brand?post=8962"},{"taxonomy":"product_cat","embeddable":true,"href":"https:\/\/www.hsymachinery.com\/lt\/wp-json\/wp\/v2\/product_cat?post=8962"},{"taxonomy":"product_tag","embeddable":true,"href":"https:\/\/www.hsymachinery.com\/lt\/wp-json\/wp\/v2\/product_tag?post=8962"}],"curies":[{"name":"wp","href":"https:\/\/api.w.org\/{rel}","templated":true}]}}