{"id":8955,"date":"2025-06-18T12:03:51","date_gmt":"2025-06-18T04:03:51","guid":{"rendered":"https:\/\/www.hsymachinery.com\/?post_type=product&#038;p=8955"},"modified":"2025-06-25T23:47:42","modified_gmt":"2025-06-25T15:47:42","slug":"armaturos-lenkimo-stakles-gw70","status":"publish","type":"product","link":"https:\/\/www.hsymachinery.com\/lt\/produktas\/armaturos-lenkimo-stakles-gw70\/","title":{"rendered":"Armat\u016bros lenkimo stakl\u0117s GW70"},"content":{"rendered":"<h3 data-start=\"134\" data-end=\"255\">Ypa\u010d sunki\u0173j\u0173 armat\u016bros stryp\u0173 lenkimo stakl\u0117s GW70, skirtos 6-60 mm plienui | Didelio paj\u0117gumo armat\u016bros stryp\u0173 lenkimo stakl\u0117s \"Mega\" projektams<\/h3>\n<h3 data-start=\"262\" data-end=\"355\">Produkto ap\u017evalga - Didelio masto statybinio plieno lenkimo \u012franga pramoniniam naudojimui<\/h3>\n<p data-start=\"357\" data-end=\"702\">Svetain\u0117 <strong data-start=\"361\" data-end=\"391\"><a href=\"https:\/\/www.hsymachinery.com\/lt\/produktai\/armaturos-lenkimo-stakles\/\" target=\"_blank\" rel=\"noopener\">Armat\u016bros lenkimo stakl\u0117s<\/a> GW70<\/strong> yra sukurtas <strong data-start=\"405\" data-end=\"439\">armat\u016bros stryp\u0173 lenkimas nuo 6 mm iki 60 mm<\/strong>, pasi\u017eymin\u010dios neprilygstama galia ir stabilumu sud\u0117tingoms konstrukcin\u0117ms reikm\u0117ms. Specialiai sukurtas megaprojektams, \u0161is didelio paj\u0117gumo stryp\u0173 lenktuvas pla\u010diai naudojamas tilt\u0173 atramose, tuneliuose, greit\u0173j\u0173 gele\u017einkeli\u0173 pamatuose ir surenkam\u0173j\u0173 konstrukcij\u0173 aik\u0161tel\u0117se.<\/p>\n<p data-start=\"704\" data-end=\"870\">Su sustiprintu r\u0117mu, didelio sukimo momento varikliu ir i\u0161pl\u0117sta lenkimo plok\u0161te, GW70 armat\u016bros stryp\u0173 lenkimo stakl\u0117s nustato nauj\u0105 didelio apkrovimo stryp\u0173 formavimo standart\u0105.<\/p>\n<h3 data-start=\"877\" data-end=\"927\">Did\u017eiausias lenkimo stipris su i\u0161maniuoju valdymu<\/h3>\n<p data-start=\"929\" data-end=\"1169\">GW70 stakl\u0117se integruota tiksli pavar\u0173 sistema, auk\u0161tos kokyb\u0117s lenkimo diskas ir reguliuojami dvigubi ribotuvai, leid\u017eiantys tiksliai valdyti kamp\u0105. Operatoriai gali lenkti plieninius strypus iki 180\u00b0 kampu, i\u0161laikydami formos tikslum\u0105 \u012fvairiuose dyd\u017eiuose.<\/p>\n<p data-start=\"1171\" data-end=\"1364\">Didelio dyd\u017eio varinis variklis su vario \u0161erdimi sukuria pastov\u0173 sukimo moment\u0105, tod\u0117l net stori strypai lenkiami \u0161variai. Tuo tarpu alyva sandariai u\u017edaryta pavar\u0173 d\u0117\u017e\u0117 veikia tyliai ir reikalauja minimalios prie\u017ei\u016bros.<\/p>\n<p data-start=\"1366\" data-end=\"1509\">Be to, \u012fmontuota avarinio stabdymo sistema ir du valdymo re\u017eimai (rankinis jungiklis ir kojinis pedalas) padidina saugum\u0105 ir lankstum\u0105.<\/p>\n<h3 data-start=\"1516\" data-end=\"1576\">Sukurtas at\u0161iaurioms s\u0105lygoms ir visuotiniam diegimui<\/h3>\n<p data-start=\"1578\" data-end=\"1883\">D\u0117l sm\u016bgiams atsparios liejamo plieno konstrukcijos GW70 i\u0161lieka stabilus per ilgas darbo pamainas. Jis nesideformuoja veikiamas didel\u0117s apkrovos ir gerai prisitaiko prie sunki\u0173 darbo vietos s\u0105lyg\u0173. \u012erenginio pramonin\u0117s klas\u0117s ratai u\u017etikrina mobilum\u0105, o jo oro s\u0105lygoms atsparus skydas leid\u017eia j\u012f naudoti pusiau lauke.<\/p>\n<p data-start=\"1885\" data-end=\"2066\">Tiek 220 V, tiek 380 V (50 Hz\/60 Hz) elektros energijos standartus palaikan\u010dios armat\u016bros lenkimo stakl\u0117s GW70 yra paruo\u0161tos eksportui ir suderinamos su \u012fvairi\u0173 \u0161ali\u0173 statybos taisykl\u0117mis.<\/p>\n<h3 data-start=\"2073\" data-end=\"2125\">Pagrindin\u0117s \"GW70 Bar Bender\" savyb\u0117s ir privalumai<\/h3>\n<ul data-start=\"2127\" data-end=\"2347\">\n<li data-start=\"2127\" data-end=\"2184\">\n<p data-start=\"2129\" data-end=\"2184\">Didelio stiprumo ir ma\u017eos paklaidos 6-60 mm armat\u016bros strypai<\/p>\n<\/li>\n<li data-start=\"2185\" data-end=\"2242\">\n<p data-start=\"2187\" data-end=\"2242\">Didesnis diskas ir pailgintas r\u0117mas u\u017etikrina maksimali\u0105 atram\u0105<\/p>\n<\/li>\n<li data-start=\"2243\" data-end=\"2292\">\n<p data-start=\"2245\" data-end=\"2292\">Sukurtas ilg\u0173 pamain\u0173 pramonin\u0117ms operacijoms<\/p>\n<\/li>\n<li data-start=\"2293\" data-end=\"2347\">\n<p data-start=\"2295\" data-end=\"2347\">\u012etampos pritaikymas eksporto rinkoms<\/p>\n<\/li>\n<\/ul>\n<p><iframe title=\"1.1.2. 1.3. 1.4. 1.5. 1.6. 1.7. 1.8. 1.9. 1.9. 1.10. 1.10.\" width=\"720\" height=\"405\" src=\"https:\/\/www.youtube.com\/embed\/PJ1hngSXwUg?feature=oembed\" frameborder=\"0\" allow=\"accelerometer; autoplay; clipboard-write; encrypted-media; gyroscope; picture-in-picture; web-share\" referrerpolicy=\"strict-origin-when-cross-origin\" allowfullscreen><\/iframe><\/p>","protected":false},"excerpt":{"rendered":"<p>GW70 armat\u016bros stryp\u0173 lenkimo stakl\u0117s apdoroja 6-60 mm armat\u016bros strypus, pasi\u017eymi dideliu sukimo momentu, pla\u010diais lenkimo kampais ir tvirta konstrukcija. Puikiai tinka megaprojektams, surenkam\u0173j\u0173 konstrukcij\u0173 aik\u0161tel\u0117ms ir pasaulin\u0117ms statybviet\u0117ms.<\/p>","protected":false},"featured_media":8956,"template":"","meta":{"_kad_post_transparent":"default","_kad_post_title":"","_kad_post_layout":"default","_kad_post_sidebar_id":"","_kad_post_content_style":"default","_kad_post_vertical_padding":"default","_kad_post_feature":"","_kad_post_feature_position":"","_kad_post_header":false,"_kad_post_footer":false},"product_brand":[],"product_cat":[28],"product_tag":[998,1004,996,1003,997,1000,1001,999,995,1002],"class_list":{"0":"post-8955","1":"product","2":"type-product","3":"status-publish","4":"has-post-thumbnail","6":"product_cat-rebar-bending-machine","7":"product_tag-automatic-rebar-bending-machine","8":"product_tag-bar-bending-machine-price","9":"product_tag-cnc-rebar-bending-machine","10":"product_tag-construction-rebar-bender","11":"product_tag-electric-rebar-bender","12":"product_tag-electric-rebar-bending-machine","13":"product_tag-hydraulic-rebar-bending-machine","14":"product_tag-portable-rebar-bender","15":"product_tag-rebar-bender","16":"product_tag-steel-bar-bender","18":"first","19":"instock","20":"shipping-taxable","21":"product-type-simple","22":"entry","23":"content-bg","24":"loop-entry"},"yoast_head":"<!-- This site is optimized with the Yoast SEO plugin v25.3.1 - https:\/\/yoast.com\/wordpress\/plugins\/seo\/ -->\n<title>Rebar Bending Machine GW70 - HSY Construction Machinery<\/title>\n<meta name=\"description\" content=\"Rebar Bending Machine GW70 bends 6\u201360mm steel bars with powerful torque and high stability. Designed for industrial-scale rebar shaping and export to international markets.\" \/>\n<meta name=\"robots\" content=\"index, follow, max-snippet:-1, max-image-preview:large, max-video-preview:-1\" \/>\n<link rel=\"canonical\" href=\"https:\/\/www.hsymachinery.com\/lt\/produktas\/armaturos-lenkimo-stakles-gw70\/\" \/>\n<meta property=\"og:locale\" content=\"lt_LT\" \/>\n<meta property=\"og:type\" content=\"article\" \/>\n<meta property=\"og:title\" content=\"Rebar Bending Machine GW70 - HSY Construction Machinery\" \/>\n<meta property=\"og:description\" content=\"Rebar Bending Machine GW70 bends 6\u201360mm steel bars with powerful torque and high stability. Designed for industrial-scale rebar shaping and export to international markets.\" \/>\n<meta property=\"og:url\" content=\"https:\/\/www.hsymachinery.com\/lt\/produktas\/armaturos-lenkimo-stakles-gw70\/\" \/>\n<meta property=\"og:site_name\" content=\"HSY Construction Machinery\" \/>\n<meta property=\"article:modified_time\" content=\"2025-06-25T15:47:42+00:00\" \/>\n<meta property=\"og:image\" content=\"https:\/\/www.hsymachinery.com\/wp-content\/uploads\/2025\/06\/Rebar-Bending-Machine-GW70.jpg\" \/>\n\t<meta property=\"og:image:width\" content=\"600\" \/>\n\t<meta property=\"og:image:height\" content=\"600\" \/>\n\t<meta property=\"og:image:type\" content=\"image\/jpeg\" \/>\n<meta name=\"twitter:card\" content=\"summary_large_image\" \/>\n<meta name=\"twitter:label1\" content=\"Est. reading time\" \/>\n\t<meta name=\"twitter:data1\" content=\"2 minut\u0117s\" \/>\n<script type=\"application\/ld+json\" class=\"yoast-schema-graph\">{\"@context\":\"https:\/\/schema.org\",\"@graph\":[{\"@type\":\"WebPage\",\"@id\":\"https:\/\/www.hsymachinery.com\/product\/rebar-bending-machine-gw70\/\",\"url\":\"https:\/\/www.hsymachinery.com\/product\/rebar-bending-machine-gw70\/\",\"name\":\"Rebar Bending Machine GW70 - HSY Construction Machinery\",\"isPartOf\":{\"@id\":\"https:\/\/www.hsymachinery.com\/#website\"},\"primaryImageOfPage\":{\"@id\":\"https:\/\/www.hsymachinery.com\/product\/rebar-bending-machine-gw70\/#primaryimage\"},\"image\":{\"@id\":\"https:\/\/www.hsymachinery.com\/product\/rebar-bending-machine-gw70\/#primaryimage\"},\"thumbnailUrl\":\"https:\/\/www.hsymachinery.com\/wp-content\/uploads\/2025\/06\/Rebar-Bending-Machine-GW70.jpg\",\"datePublished\":\"2025-06-18T04:03:51+00:00\",\"dateModified\":\"2025-06-25T15:47:42+00:00\",\"description\":\"Rebar Bending Machine GW70 bends 6\u201360mm steel bars with powerful torque and high stability. Designed for industrial-scale rebar shaping and export to international markets.\",\"breadcrumb\":{\"@id\":\"https:\/\/www.hsymachinery.com\/product\/rebar-bending-machine-gw70\/#breadcrumb\"},\"inLanguage\":\"lt-LT\",\"potentialAction\":[{\"@type\":\"ReadAction\",\"target\":[\"https:\/\/www.hsymachinery.com\/product\/rebar-bending-machine-gw70\/\"]}]},{\"@type\":\"ImageObject\",\"inLanguage\":\"lt-LT\",\"@id\":\"https:\/\/www.hsymachinery.com\/product\/rebar-bending-machine-gw70\/#primaryimage\",\"url\":\"https:\/\/www.hsymachinery.com\/wp-content\/uploads\/2025\/06\/Rebar-Bending-Machine-GW70.jpg\",\"contentUrl\":\"https:\/\/www.hsymachinery.com\/wp-content\/uploads\/2025\/06\/Rebar-Bending-Machine-GW70.jpg\",\"width\":600,\"height\":600},{\"@type\":\"BreadcrumbList\",\"@id\":\"https:\/\/www.hsymachinery.com\/product\/rebar-bending-machine-gw70\/#breadcrumb\",\"itemListElement\":[{\"@type\":\"ListItem\",\"position\":1,\"name\":\"home\",\"item\":\"https:\/\/www.hsymachinery.com\/\"},{\"@type\":\"ListItem\",\"position\":2,\"name\":\"products\",\"item\":\"https:\/\/www.hsymachinery.com\/products\/\"},{\"@type\":\"ListItem\",\"position\":3,\"name\":\"Rebar Bending Machine GW70\"}]},{\"@type\":\"WebSite\",\"@id\":\"https:\/\/www.hsymachinery.com\/#website\",\"url\":\"https:\/\/www.hsymachinery.com\/\",\"name\":\"HSY Construction Machinery\",\"description\":\"HSY Machinery \u2013 A leading China construction machinery supplier, offering a wide range of light construction equipment. Our main products include Rebar Cutting Machine, Rebar Bending Machine, Rebar Stirrup Bending Machine, Rebar Arc Bending Machine, Rebar Straightening Machine, Five-Head Rebar Stirrup Bending Machine, Tamping Rammer, Plate Compactor, Concrete Cutter, Power Trowel, and other construction machinery. We are equipped with advanced CNC machines, and we enforce strict quality inspection standards along with comprehensive after-sales service. If you are interested in our products or services, we warmly welcome your inquiries via message.\",\"publisher\":{\"@id\":\"https:\/\/www.hsymachinery.com\/#organization\"},\"potentialAction\":[{\"@type\":\"SearchAction\",\"target\":{\"@type\":\"EntryPoint\",\"urlTemplate\":\"https:\/\/www.hsymachinery.com\/?s={search_term_string}\"},\"query-input\":{\"@type\":\"PropertyValueSpecification\",\"valueRequired\":true,\"valueName\":\"search_term_string\"}}],\"inLanguage\":\"lt-LT\"},{\"@type\":\"Organization\",\"@id\":\"https:\/\/www.hsymachinery.com\/#organization\",\"name\":\"HSY Construction Machinery\",\"url\":\"https:\/\/www.hsymachinery.com\/\",\"logo\":{\"@type\":\"ImageObject\",\"inLanguage\":\"lt-LT\",\"@id\":\"https:\/\/www.hsymachinery.com\/#\/schema\/logo\/image\/\",\"url\":\"https:\/\/www.hsymachinery.com\/wp-content\/uploads\/2025\/06\/cropped-HSY-machinery.png\",\"contentUrl\":\"https:\/\/www.hsymachinery.com\/wp-content\/uploads\/2025\/06\/cropped-HSY-machinery.png\",\"width\":600,\"height\":240,\"caption\":\"HSY Construction Machinery\"},\"image\":{\"@id\":\"https:\/\/www.hsymachinery.com\/#\/schema\/logo\/image\/\"}}]}<\/script>\n<!-- \/ Yoast SEO plugin. -->","yoast_head_json":{"title":"Armat\u016bros lenkimo stakl\u0117s GW70 - HSY statybin\u0117s ma\u0161inos","description":"Armat\u016bros stryp\u0173 lenkimo stakl\u0117s GW70 lenkia 6-60 mm plieninius strypus, pasi\u017eymin\u010dius galingu sukimo momentu ir dideliu stabilumu. Skirtas pramoniniam armat\u016bros stryp\u0173 formavimui ir eksportui \u012f tarptautines rinkas.","robots":{"index":"index","follow":"follow","max-snippet":"max-snippet:-1","max-image-preview":"max-image-preview:large","max-video-preview":"max-video-preview:-1"},"canonical":"https:\/\/www.hsymachinery.com\/lt\/produktas\/armaturos-lenkimo-stakles-gw70\/","og_locale":"lt_LT","og_type":"article","og_title":"Rebar Bending Machine GW70 - HSY Construction Machinery","og_description":"Rebar Bending Machine GW70 bends 6\u201360mm steel bars with powerful torque and high stability. Designed for industrial-scale rebar shaping and export to international markets.","og_url":"https:\/\/www.hsymachinery.com\/lt\/produktas\/armaturos-lenkimo-stakles-gw70\/","og_site_name":"HSY Construction Machinery","article_modified_time":"2025-06-25T15:47:42+00:00","og_image":[{"width":600,"height":600,"url":"https:\/\/www.hsymachinery.com\/wp-content\/uploads\/2025\/06\/Rebar-Bending-Machine-GW70.jpg","type":"image\/jpeg"}],"twitter_card":"summary_large_image","twitter_misc":{"Est. reading time":"2 minut\u0117s"},"schema":{"@context":"https:\/\/schema.org","@graph":[{"@type":"WebPage","@id":"https:\/\/www.hsymachinery.com\/product\/rebar-bending-machine-gw70\/","url":"https:\/\/www.hsymachinery.com\/product\/rebar-bending-machine-gw70\/","name":"Armat\u016bros lenkimo stakl\u0117s GW70 - HSY statybin\u0117s ma\u0161inos","isPartOf":{"@id":"https:\/\/www.hsymachinery.com\/#website"},"primaryImageOfPage":{"@id":"https:\/\/www.hsymachinery.com\/product\/rebar-bending-machine-gw70\/#primaryimage"},"image":{"@id":"https:\/\/www.hsymachinery.com\/product\/rebar-bending-machine-gw70\/#primaryimage"},"thumbnailUrl":"https:\/\/www.hsymachinery.com\/wp-content\/uploads\/2025\/06\/Rebar-Bending-Machine-GW70.jpg","datePublished":"2025-06-18T04:03:51+00:00","dateModified":"2025-06-25T15:47:42+00:00","description":"Armat\u016bros stryp\u0173 lenkimo stakl\u0117s GW70 lenkia 6-60 mm plieninius strypus, pasi\u017eymin\u010dius galingu sukimo momentu ir dideliu stabilumu. Skirtas pramoniniam armat\u016bros stryp\u0173 formavimui ir eksportui \u012f tarptautines rinkas.","breadcrumb":{"@id":"https:\/\/www.hsymachinery.com\/product\/rebar-bending-machine-gw70\/#breadcrumb"},"inLanguage":"lt-LT","potentialAction":[{"@type":"ReadAction","target":["https:\/\/www.hsymachinery.com\/product\/rebar-bending-machine-gw70\/"]}]},{"@type":"ImageObject","inLanguage":"lt-LT","@id":"https:\/\/www.hsymachinery.com\/product\/rebar-bending-machine-gw70\/#primaryimage","url":"https:\/\/www.hsymachinery.com\/wp-content\/uploads\/2025\/06\/Rebar-Bending-Machine-GW70.jpg","contentUrl":"https:\/\/www.hsymachinery.com\/wp-content\/uploads\/2025\/06\/Rebar-Bending-Machine-GW70.jpg","width":600,"height":600},{"@type":"BreadcrumbList","@id":"https:\/\/www.hsymachinery.com\/product\/rebar-bending-machine-gw70\/#breadcrumb","itemListElement":[{"@type":"ListItem","position":1,"name":"home","item":"https:\/\/www.hsymachinery.com\/"},{"@type":"ListItem","position":2,"name":"products","item":"https:\/\/www.hsymachinery.com\/products\/"},{"@type":"ListItem","position":3,"name":"Rebar Bending Machine GW70"}]},{"@type":"WebSite","@id":"https:\/\/www.hsymachinery.com\/#website","url":"https:\/\/www.hsymachinery.com\/","name":"HSY statybin\u0117s ma\u0161inos","description":"\"HSY Machinery\" - pirmaujanti Kinijos statybos ma\u0161in\u0173 tiek\u0117ja, si\u016blanti plat\u0173 lengvosios statybos \u012frangos asortiment\u0105. Pagrindiniai m\u016bs\u0173 produktai - armat\u016bros pjovimo stakl\u0117s, armat\u016bros lenkimo stakl\u0117s, armat\u016bros stryp\u0173 lenkimo stakl\u0117s, armat\u016bros lanko lenkimo stakl\u0117s, armat\u016bros tiesinimo stakl\u0117s, penki\u0173 galvu\u010di\u0173 armat\u016bros stryp\u0173 lenkimo stakl\u0117s, tankinimo plaktukas, plok\u0161\u010di\u0173 tankintuvas, betono pjaustykl\u0117, elektrin\u0117 mentele ir kita statybin\u0117 technika. Turime pa\u017eangias CNC stakles, taikome grie\u017etus kokyb\u0117s tikrinimo standartus ir teikiame visapusi\u0161kas garantinio aptarnavimo paslaugas. Jei jus domina m\u016bs\u0173 gaminiai ar paslaugos, maloniai laukiame j\u016bs\u0173 u\u017eklaus\u0173 \u017einute.","publisher":{"@id":"https:\/\/www.hsymachinery.com\/#organization"},"potentialAction":[{"@type":"SearchAction","target":{"@type":"EntryPoint","urlTemplate":"https:\/\/www.hsymachinery.com\/?s={search_term_string}"},"query-input":{"@type":"PropertyValueSpecification","valueRequired":true,"valueName":"search_term_string"}}],"inLanguage":"lt-LT"},{"@type":"Organization","@id":"https:\/\/www.hsymachinery.com\/#organization","name":"HSY statybin\u0117s ma\u0161inos","url":"https:\/\/www.hsymachinery.com\/","logo":{"@type":"ImageObject","inLanguage":"lt-LT","@id":"https:\/\/www.hsymachinery.com\/#\/schema\/logo\/image\/","url":"https:\/\/www.hsymachinery.com\/wp-content\/uploads\/2025\/06\/cropped-HSY-machinery.png","contentUrl":"https:\/\/www.hsymachinery.com\/wp-content\/uploads\/2025\/06\/cropped-HSY-machinery.png","width":600,"height":240,"caption":"HSY Construction Machinery"},"image":{"@id":"https:\/\/www.hsymachinery.com\/#\/schema\/logo\/image\/"}}]}},"_links":{"self":[{"href":"https:\/\/www.hsymachinery.com\/lt\/wp-json\/wp\/v2\/product\/8955","targetHints":{"allow":["GET"]}}],"collection":[{"href":"https:\/\/www.hsymachinery.com\/lt\/wp-json\/wp\/v2\/product"}],"about":[{"href":"https:\/\/www.hsymachinery.com\/lt\/wp-json\/wp\/v2\/types\/product"}],"version-history":[{"count":5,"href":"https:\/\/www.hsymachinery.com\/lt\/wp-json\/wp\/v2\/product\/8955\/revisions"}],"predecessor-version":[{"id":9363,"href":"https:\/\/www.hsymachinery.com\/lt\/wp-json\/wp\/v2\/product\/8955\/revisions\/9363"}],"wp:featuredmedia":[{"embeddable":true,"href":"https:\/\/www.hsymachinery.com\/lt\/wp-json\/wp\/v2\/media\/8956"}],"wp:attachment":[{"href":"https:\/\/www.hsymachinery.com\/lt\/wp-json\/wp\/v2\/media?parent=8955"}],"wp:term":[{"taxonomy":"product_brand","embeddable":true,"href":"https:\/\/www.hsymachinery.com\/lt\/wp-json\/wp\/v2\/product_brand?post=8955"},{"taxonomy":"product_cat","embeddable":true,"href":"https:\/\/www.hsymachinery.com\/lt\/wp-json\/wp\/v2\/product_cat?post=8955"},{"taxonomy":"product_tag","embeddable":true,"href":"https:\/\/www.hsymachinery.com\/lt\/wp-json\/wp\/v2\/product_tag?post=8955"}],"curies":[{"name":"wp","href":"https:\/\/api.w.org\/{rel}","templated":true}]}}