{"id":8936,"date":"2025-06-18T11:31:16","date_gmt":"2025-06-18T03:31:16","guid":{"rendered":"https:\/\/www.hsymachinery.com\/?post_type=product&#038;p=8936"},"modified":"2025-06-25T22:33:35","modified_gmt":"2025-06-25T14:33:35","slug":"armaturos-pjovimo-stakles-gq60-apvalus-peilis","status":"publish","type":"product","link":"https:\/\/www.hsymachinery.com\/lt\/produktas\/armaturos-pjovimo-stakles-gq60-apvalus-peilis\/","title":{"rendered":"Armat\u016bros pjovimo stakl\u0117s GQ60 (apvalus peilis)"},"content":{"rendered":"<h3 data-start=\"318\" data-end=\"396\">Itin talpios apvali\u0173 a\u0161men\u0173 armat\u016bros pjovimo stakl\u0117s, skirtos tiksliam sunki\u0173 stryp\u0173 apdirbimui<\/h3>\n<h3 data-start=\"403\" data-end=\"482\">Produkto ap\u017evalga - 6-50 mm stryp\u0173 armat\u016bros pjaustymo \u012franga<\/h3>\n<p data-start=\"484\" data-end=\"832\">Svetain\u0117 <strong data-start=\"488\" data-end=\"532\">Armat\u016bros pjovimo stakl\u0117s GQ60 (apvalus peilis)<\/strong> u\u017etikrina galing\u0105 ir tiksl\u0173 pjovim\u0105 <strong data-start=\"575\" data-end=\"596\">6-50 mm plieniniai strypai<\/strong>. Statybinink\u0173 komandos pasitiki \u0161iomis stakl\u0117mis, kad gal\u0117t\u0173 lengvai apdoroti anglin\u012f plien\u0105, apvalius strypus ir briaunuotus strypus. . <strong data-start=\"706\" data-end=\"728\">apvalus peilio dizainas<\/strong> naudojamas ried\u0117jimo ir kirpimo judesys. D\u0117l to suma\u017e\u0117ja pasiprie\u0161inimas ir pjaunama skland\u017eiau bei grei\u010diau.<\/p>\n<p data-start=\"834\" data-end=\"942\">\u0160\u012f model\u012f rangovai naudoja didel\u0117s apimties projektuose, pavyzd\u017eiui, tilt\u0173, tuneli\u0173, uost\u0173 ir konstrukcinio plieno darbuose.<\/p>\n<h3 data-start=\"949\" data-end=\"996\">\u00a0Valcavimo peilio dizainas - \u0161varesni rezultatai<\/h3>\n<p data-start=\"998\" data-end=\"1206\">Pjaunant apval\u016bs a\u0161menys sukasi. D\u0117l to a\u0161menys ir plienas patiria ma\u017eesn\u012f tiesiogin\u012f poveik\u012f. Tod\u0117l pjovimo ma\u0161ina i\u0161gauna \u0161varesnius kra\u0161tus ir prailgina a\u0161men\u0173 tarnavimo laik\u0105.<\/p>\n<p data-start=\"1208\" data-end=\"1467\">A <strong data-start=\"1210\" data-end=\"1242\">didelio efektyvumo varinis variklis<\/strong> maitina ma\u0161in\u0105. Jis u\u017etikrina didel\u012f sukimo moment\u0105 per ilgas pamainas ir neperkaista. Be to, vidin\u0117 pavar\u0173 d\u0117\u017e\u0117 u\u017etikrina stabil\u0173 sukimo momento perdavim\u0105. Operatoriai jau\u010dia minimali\u0105 vibracij\u0105 ir ma\u017eesnes energijos s\u0105naudas.<\/p>\n<h3 data-start=\"1474\" data-end=\"1514\">\u00a0Tvirtas r\u0117mas ir lengva prie\u017ei\u016bra<\/h3>\n<p data-start=\"1516\" data-end=\"1720\">A <strong data-start=\"1518\" data-end=\"1548\">sustiprintas ketaus r\u0117mas<\/strong> palaiko GQ60 ilgaam\u017ei\u0161kum\u0105. Darbuotojai gali perkelti ma\u0161in\u0105 per nelygias darbo vietas naudodami <strong data-start=\"1643\" data-end=\"1664\">didelio atsparumo ratai<\/strong>. Ilga svirtis u\u017etikrina saug\u0173 valdym\u0105 rankomis.<\/p>\n<p data-start=\"1722\" data-end=\"1904\">Be to, lengvai atidaromas ma\u0161inos vir\u0161utinis dangtis. Technikai gali tikrinti ar keisti peilius nenuimdami papildom\u0173 plok\u0161\u010di\u0173. Tokia konstrukcija sutrumpina prastovos laik\u0105 ir padidina darbo na\u0161um\u0105.<\/p>\n<h3 data-start=\"1911\" data-end=\"1959\">Sukurtas eksportui ir nepertraukiamam darbui<\/h3>\n<p data-start=\"1961\" data-end=\"2146\">Svetain\u0117 <a href=\"https:\/\/www.hsymachinery.com\/lt\/produktai\/armaturos-pjovimo-stakles\/\" target=\"_blank\" rel=\"noopener\">Armat\u016bros pjovimo ma\u0161ina<\/a> GQ60 (apvalus peilis) atramos <strong data-start=\"1997\" data-end=\"2025\">pasauliniai \u012ftampos standartai<\/strong> (220 V\/380 V, 50 Hz\/60 Hz). Statybos \u012fmon\u0117s visame pasaulyje pasitiki \u0161iuo modeliu, kai reikia atlikti sud\u0117tingas plieno pjovimo operacijas.<\/p>\n<h3 data-start=\"2153\" data-end=\"2198\">Pagrindiniai GQ60 apvali\u0173 peili\u0173 pjaustytuvo privalumai<\/h3>\n<ul data-start=\"2200\" data-end=\"2421\">\n<li data-start=\"2200\" data-end=\"2262\">\n<p data-start=\"2202\" data-end=\"2262\">Pjauna 6-50 mm plieno strypus skland\u017eiu valcavimo ir kirpimo tikslumu<\/p>\n<\/li>\n<li data-start=\"2263\" data-end=\"2312\">\n<p data-start=\"2265\" data-end=\"2312\">Prailgina a\u0161men\u0173 tarnavimo laik\u0105 ir suma\u017eina pjovimo pastangas<\/p>\n<\/li>\n<li data-start=\"2313\" data-end=\"2379\">\n<p data-start=\"2315\" data-end=\"2379\">Atlaiko ilgas valandas didelio na\u0161umo statyb\u0173 aplinkoje<\/p>\n<\/li>\n<li data-start=\"2380\" data-end=\"2421\">\n<p data-start=\"2382\" data-end=\"2421\">Paruo\u0161ta eksportui, palaiko \u012fvairias \u012ftampas<\/p>\n<\/li>\n<\/ul>\n<p><iframe title=\"armat\u016bros stryp\u0173 pjovimo stakl\u0117s, plieno stryp\u0173 pjovimo stakl\u0117s, statybos ma\u0161inos\" width=\"720\" height=\"405\" src=\"https:\/\/www.youtube.com\/embed\/cIrJPBezWsw?feature=oembed\" frameborder=\"0\" allow=\"accelerometer; autoplay; clipboard-write; encrypted-media; gyroscope; picture-in-picture; web-share\" referrerpolicy=\"strict-origin-when-cross-origin\" allowfullscreen><\/iframe><\/p>","protected":false},"excerpt":{"rendered":"<p>GQ60 apvaliu peiliu pjaunamos 6-50 mm plienin\u0117s juostos, kurios ma\u017eai prie\u0161inasi ir skland\u017eiai susisuka. Tinka sunkiems statybos ir pasaulinio eksporto projektams.<\/p>","protected":false},"featured_media":8937,"template":"","meta":{"_kad_post_transparent":"default","_kad_post_title":"","_kad_post_layout":"default","_kad_post_sidebar_id":"","_kad_post_content_style":"default","_kad_post_vertical_padding":"default","_kad_post_feature":"","_kad_post_feature_position":"","_kad_post_header":false,"_kad_post_footer":false},"product_brand":[],"product_cat":[51],"product_tag":[988,992,990,989,993,985,994,987,984,991,986],"class_list":{"0":"post-8936","1":"product","2":"type-product","3":"status-publish","4":"has-post-thumbnail","6":"product_cat-rebar-cutting-machine","7":"product_tag-automatic-rebar-cutter","8":"product_tag-construction-steel-bar-cutter","9":"product_tag-electric-rebar-cutting-tool","10":"product_tag-hydraulic-rebar-cutting-machine","11":"product_tag-portable-rebar-cutting-machine","12":"product_tag-rebar-cutter","13":"product_tag-rebar-cutting-machine","14":"product_tag-reinforcement-bar-cutter","15":"product_tag-steel-bar-cutting-machine","16":"product_tag-steel-rod-cutter-machine","17":"product_tag-tmt-bar-cutting-machine","19":"first","20":"instock","21":"shipping-taxable","22":"product-type-simple","23":"entry","24":"content-bg","25":"loop-entry"},"yoast_head":"<!-- This site is optimized with the Yoast SEO plugin v25.3.1 - https:\/\/yoast.com\/wordpress\/plugins\/seo\/ -->\n<title>Rebar Cutting Machine GQ60 (Round knife) - HSY Construction Machinery<\/title>\n<meta name=\"description\" content=\"Rebar Cutting Machine GQ60 (Round Knife) processes 6\u201350mm bars using rolling-shear action. Ideal for industrial construction and international export.\" \/>\n<meta name=\"robots\" content=\"index, follow, max-snippet:-1, max-image-preview:large, max-video-preview:-1\" \/>\n<link rel=\"canonical\" href=\"https:\/\/www.hsymachinery.com\/lt\/produktas\/armaturos-pjovimo-stakles-gq60-apvalus-peilis\/\" \/>\n<meta property=\"og:locale\" content=\"lt_LT\" \/>\n<meta property=\"og:type\" content=\"article\" \/>\n<meta property=\"og:title\" content=\"Rebar Cutting Machine GQ60 (Round knife) - HSY Construction Machinery\" \/>\n<meta property=\"og:description\" content=\"Rebar Cutting Machine GQ60 (Round Knife) processes 6\u201350mm bars using rolling-shear action. Ideal for industrial construction and international export.\" \/>\n<meta property=\"og:url\" content=\"https:\/\/www.hsymachinery.com\/lt\/produktas\/armaturos-pjovimo-stakles-gq60-apvalus-peilis\/\" \/>\n<meta property=\"og:site_name\" content=\"HSY Construction Machinery\" \/>\n<meta property=\"article:modified_time\" content=\"2025-06-25T14:33:35+00:00\" \/>\n<meta property=\"og:image\" content=\"https:\/\/www.hsymachinery.com\/wp-content\/uploads\/2025\/06\/Rebar-Cutting-Machine-GQ60-Round-knife.jpg\" \/>\n\t<meta property=\"og:image:width\" content=\"600\" \/>\n\t<meta property=\"og:image:height\" content=\"600\" \/>\n\t<meta property=\"og:image:type\" content=\"image\/jpeg\" \/>\n<meta name=\"twitter:card\" content=\"summary_large_image\" \/>\n<meta name=\"twitter:label1\" content=\"Est. reading time\" \/>\n\t<meta name=\"twitter:data1\" content=\"2 minut\u0117s\" \/>\n<script type=\"application\/ld+json\" class=\"yoast-schema-graph\">{\"@context\":\"https:\/\/schema.org\",\"@graph\":[{\"@type\":\"WebPage\",\"@id\":\"https:\/\/www.hsymachinery.com\/product\/rebar-cutting-machine-gq60-round-knife\/\",\"url\":\"https:\/\/www.hsymachinery.com\/product\/rebar-cutting-machine-gq60-round-knife\/\",\"name\":\"Rebar Cutting Machine GQ60 (Round knife) - HSY Construction Machinery\",\"isPartOf\":{\"@id\":\"https:\/\/www.hsymachinery.com\/#website\"},\"primaryImageOfPage\":{\"@id\":\"https:\/\/www.hsymachinery.com\/product\/rebar-cutting-machine-gq60-round-knife\/#primaryimage\"},\"image\":{\"@id\":\"https:\/\/www.hsymachinery.com\/product\/rebar-cutting-machine-gq60-round-knife\/#primaryimage\"},\"thumbnailUrl\":\"https:\/\/www.hsymachinery.com\/wp-content\/uploads\/2025\/06\/Rebar-Cutting-Machine-GQ60-Round-knife.jpg\",\"datePublished\":\"2025-06-18T03:31:16+00:00\",\"dateModified\":\"2025-06-25T14:33:35+00:00\",\"description\":\"Rebar Cutting Machine GQ60 (Round Knife) processes 6\u201350mm bars using rolling-shear action. Ideal for industrial construction and international export.\",\"breadcrumb\":{\"@id\":\"https:\/\/www.hsymachinery.com\/product\/rebar-cutting-machine-gq60-round-knife\/#breadcrumb\"},\"inLanguage\":\"lt-LT\",\"potentialAction\":[{\"@type\":\"ReadAction\",\"target\":[\"https:\/\/www.hsymachinery.com\/product\/rebar-cutting-machine-gq60-round-knife\/\"]}]},{\"@type\":\"ImageObject\",\"inLanguage\":\"lt-LT\",\"@id\":\"https:\/\/www.hsymachinery.com\/product\/rebar-cutting-machine-gq60-round-knife\/#primaryimage\",\"url\":\"https:\/\/www.hsymachinery.com\/wp-content\/uploads\/2025\/06\/Rebar-Cutting-Machine-GQ60-Round-knife.jpg\",\"contentUrl\":\"https:\/\/www.hsymachinery.com\/wp-content\/uploads\/2025\/06\/Rebar-Cutting-Machine-GQ60-Round-knife.jpg\",\"width\":600,\"height\":600},{\"@type\":\"BreadcrumbList\",\"@id\":\"https:\/\/www.hsymachinery.com\/product\/rebar-cutting-machine-gq60-round-knife\/#breadcrumb\",\"itemListElement\":[{\"@type\":\"ListItem\",\"position\":1,\"name\":\"home\",\"item\":\"https:\/\/www.hsymachinery.com\/\"},{\"@type\":\"ListItem\",\"position\":2,\"name\":\"products\",\"item\":\"https:\/\/www.hsymachinery.com\/products\/\"},{\"@type\":\"ListItem\",\"position\":3,\"name\":\"Rebar Cutting Machine GQ60 (Round knife)\"}]},{\"@type\":\"WebSite\",\"@id\":\"https:\/\/www.hsymachinery.com\/#website\",\"url\":\"https:\/\/www.hsymachinery.com\/\",\"name\":\"HSY Construction Machinery\",\"description\":\"HSY Machinery \u2013 A leading China construction machinery supplier, offering a wide range of light construction equipment. Our main products include Rebar Cutting Machine, Rebar Bending Machine, Rebar Stirrup Bending Machine, Rebar Arc Bending Machine, Rebar Straightening Machine, Five-Head Rebar Stirrup Bending Machine, Tamping Rammer, Plate Compactor, Concrete Cutter, Power Trowel, and other construction machinery. We are equipped with advanced CNC machines, and we enforce strict quality inspection standards along with comprehensive after-sales service. If you are interested in our products or services, we warmly welcome your inquiries via message.\",\"publisher\":{\"@id\":\"https:\/\/www.hsymachinery.com\/#organization\"},\"potentialAction\":[{\"@type\":\"SearchAction\",\"target\":{\"@type\":\"EntryPoint\",\"urlTemplate\":\"https:\/\/www.hsymachinery.com\/?s={search_term_string}\"},\"query-input\":{\"@type\":\"PropertyValueSpecification\",\"valueRequired\":true,\"valueName\":\"search_term_string\"}}],\"inLanguage\":\"lt-LT\"},{\"@type\":\"Organization\",\"@id\":\"https:\/\/www.hsymachinery.com\/#organization\",\"name\":\"HSY Construction Machinery\",\"url\":\"https:\/\/www.hsymachinery.com\/\",\"logo\":{\"@type\":\"ImageObject\",\"inLanguage\":\"lt-LT\",\"@id\":\"https:\/\/www.hsymachinery.com\/#\/schema\/logo\/image\/\",\"url\":\"https:\/\/www.hsymachinery.com\/wp-content\/uploads\/2025\/06\/cropped-HSY-machinery.png\",\"contentUrl\":\"https:\/\/www.hsymachinery.com\/wp-content\/uploads\/2025\/06\/cropped-HSY-machinery.png\",\"width\":600,\"height\":240,\"caption\":\"HSY Construction Machinery\"},\"image\":{\"@id\":\"https:\/\/www.hsymachinery.com\/#\/schema\/logo\/image\/\"}}]}<\/script>\n<!-- \/ Yoast SEO plugin. -->","yoast_head_json":{"title":"Armat\u016bros pjaustymo stakl\u0117s GQ60 (apvalus peilis) - HSY statybin\u0117s ma\u0161inos","description":"Armat\u016bros stryp\u0173 pjaustymo stakl\u0117s GQ60 (apvalus peilis) apdoroja 6-50 mm strypus, naudodamos valcavimo ir kirpimo veiksmus. Idealiai tinka pramoninei statybai ir tarptautiniam eksportui.","robots":{"index":"index","follow":"follow","max-snippet":"max-snippet:-1","max-image-preview":"max-image-preview:large","max-video-preview":"max-video-preview:-1"},"canonical":"https:\/\/www.hsymachinery.com\/lt\/produktas\/armaturos-pjovimo-stakles-gq60-apvalus-peilis\/","og_locale":"lt_LT","og_type":"article","og_title":"Rebar Cutting Machine GQ60 (Round knife) - HSY Construction Machinery","og_description":"Rebar Cutting Machine GQ60 (Round Knife) processes 6\u201350mm bars using rolling-shear action. Ideal for industrial construction and international export.","og_url":"https:\/\/www.hsymachinery.com\/lt\/produktas\/armaturos-pjovimo-stakles-gq60-apvalus-peilis\/","og_site_name":"HSY Construction Machinery","article_modified_time":"2025-06-25T14:33:35+00:00","og_image":[{"width":600,"height":600,"url":"https:\/\/www.hsymachinery.com\/wp-content\/uploads\/2025\/06\/Rebar-Cutting-Machine-GQ60-Round-knife.jpg","type":"image\/jpeg"}],"twitter_card":"summary_large_image","twitter_misc":{"Est. reading time":"2 minut\u0117s"},"schema":{"@context":"https:\/\/schema.org","@graph":[{"@type":"WebPage","@id":"https:\/\/www.hsymachinery.com\/product\/rebar-cutting-machine-gq60-round-knife\/","url":"https:\/\/www.hsymachinery.com\/product\/rebar-cutting-machine-gq60-round-knife\/","name":"Armat\u016bros pjaustymo stakl\u0117s GQ60 (apvalus peilis) - HSY statybin\u0117s ma\u0161inos","isPartOf":{"@id":"https:\/\/www.hsymachinery.com\/#website"},"primaryImageOfPage":{"@id":"https:\/\/www.hsymachinery.com\/product\/rebar-cutting-machine-gq60-round-knife\/#primaryimage"},"image":{"@id":"https:\/\/www.hsymachinery.com\/product\/rebar-cutting-machine-gq60-round-knife\/#primaryimage"},"thumbnailUrl":"https:\/\/www.hsymachinery.com\/wp-content\/uploads\/2025\/06\/Rebar-Cutting-Machine-GQ60-Round-knife.jpg","datePublished":"2025-06-18T03:31:16+00:00","dateModified":"2025-06-25T14:33:35+00:00","description":"Armat\u016bros stryp\u0173 pjaustymo stakl\u0117s GQ60 (apvalus peilis) apdoroja 6-50 mm strypus, naudodamos valcavimo ir kirpimo veiksmus. Idealiai tinka pramoninei statybai ir tarptautiniam eksportui.","breadcrumb":{"@id":"https:\/\/www.hsymachinery.com\/product\/rebar-cutting-machine-gq60-round-knife\/#breadcrumb"},"inLanguage":"lt-LT","potentialAction":[{"@type":"ReadAction","target":["https:\/\/www.hsymachinery.com\/product\/rebar-cutting-machine-gq60-round-knife\/"]}]},{"@type":"ImageObject","inLanguage":"lt-LT","@id":"https:\/\/www.hsymachinery.com\/product\/rebar-cutting-machine-gq60-round-knife\/#primaryimage","url":"https:\/\/www.hsymachinery.com\/wp-content\/uploads\/2025\/06\/Rebar-Cutting-Machine-GQ60-Round-knife.jpg","contentUrl":"https:\/\/www.hsymachinery.com\/wp-content\/uploads\/2025\/06\/Rebar-Cutting-Machine-GQ60-Round-knife.jpg","width":600,"height":600},{"@type":"BreadcrumbList","@id":"https:\/\/www.hsymachinery.com\/product\/rebar-cutting-machine-gq60-round-knife\/#breadcrumb","itemListElement":[{"@type":"ListItem","position":1,"name":"home","item":"https:\/\/www.hsymachinery.com\/"},{"@type":"ListItem","position":2,"name":"products","item":"https:\/\/www.hsymachinery.com\/products\/"},{"@type":"ListItem","position":3,"name":"Rebar Cutting Machine GQ60 (Round knife)"}]},{"@type":"WebSite","@id":"https:\/\/www.hsymachinery.com\/#website","url":"https:\/\/www.hsymachinery.com\/","name":"HSY statybin\u0117s ma\u0161inos","description":"\"HSY Machinery\" - pirmaujanti Kinijos statybos ma\u0161in\u0173 tiek\u0117ja, si\u016blanti plat\u0173 lengvosios statybos \u012frangos asortiment\u0105. Pagrindiniai m\u016bs\u0173 produktai - armat\u016bros pjovimo stakl\u0117s, armat\u016bros lenkimo stakl\u0117s, armat\u016bros stryp\u0173 lenkimo stakl\u0117s, armat\u016bros lanko lenkimo stakl\u0117s, armat\u016bros tiesinimo stakl\u0117s, penki\u0173 galvu\u010di\u0173 armat\u016bros stryp\u0173 lenkimo stakl\u0117s, tankinimo plaktukas, plok\u0161\u010di\u0173 tankintuvas, betono pjaustykl\u0117, elektrin\u0117 mentele ir kita statybin\u0117 technika. Turime pa\u017eangias CNC stakles, taikome grie\u017etus kokyb\u0117s tikrinimo standartus ir teikiame visapusi\u0161kas garantinio aptarnavimo paslaugas. Jei jus domina m\u016bs\u0173 gaminiai ar paslaugos, maloniai laukiame j\u016bs\u0173 u\u017eklaus\u0173 \u017einute.","publisher":{"@id":"https:\/\/www.hsymachinery.com\/#organization"},"potentialAction":[{"@type":"SearchAction","target":{"@type":"EntryPoint","urlTemplate":"https:\/\/www.hsymachinery.com\/?s={search_term_string}"},"query-input":{"@type":"PropertyValueSpecification","valueRequired":true,"valueName":"search_term_string"}}],"inLanguage":"lt-LT"},{"@type":"Organization","@id":"https:\/\/www.hsymachinery.com\/#organization","name":"HSY statybin\u0117s ma\u0161inos","url":"https:\/\/www.hsymachinery.com\/","logo":{"@type":"ImageObject","inLanguage":"lt-LT","@id":"https:\/\/www.hsymachinery.com\/#\/schema\/logo\/image\/","url":"https:\/\/www.hsymachinery.com\/wp-content\/uploads\/2025\/06\/cropped-HSY-machinery.png","contentUrl":"https:\/\/www.hsymachinery.com\/wp-content\/uploads\/2025\/06\/cropped-HSY-machinery.png","width":600,"height":240,"caption":"HSY Construction Machinery"},"image":{"@id":"https:\/\/www.hsymachinery.com\/#\/schema\/logo\/image\/"}}]}},"_links":{"self":[{"href":"https:\/\/www.hsymachinery.com\/lt\/wp-json\/wp\/v2\/product\/8936","targetHints":{"allow":["GET"]}}],"collection":[{"href":"https:\/\/www.hsymachinery.com\/lt\/wp-json\/wp\/v2\/product"}],"about":[{"href":"https:\/\/www.hsymachinery.com\/lt\/wp-json\/wp\/v2\/types\/product"}],"version-history":[{"count":4,"href":"https:\/\/www.hsymachinery.com\/lt\/wp-json\/wp\/v2\/product\/8936\/revisions"}],"predecessor-version":[{"id":9341,"href":"https:\/\/www.hsymachinery.com\/lt\/wp-json\/wp\/v2\/product\/8936\/revisions\/9341"}],"wp:featuredmedia":[{"embeddable":true,"href":"https:\/\/www.hsymachinery.com\/lt\/wp-json\/wp\/v2\/media\/8937"}],"wp:attachment":[{"href":"https:\/\/www.hsymachinery.com\/lt\/wp-json\/wp\/v2\/media?parent=8936"}],"wp:term":[{"taxonomy":"product_brand","embeddable":true,"href":"https:\/\/www.hsymachinery.com\/lt\/wp-json\/wp\/v2\/product_brand?post=8936"},{"taxonomy":"product_cat","embeddable":true,"href":"https:\/\/www.hsymachinery.com\/lt\/wp-json\/wp\/v2\/product_cat?post=8936"},{"taxonomy":"product_tag","embeddable":true,"href":"https:\/\/www.hsymachinery.com\/lt\/wp-json\/wp\/v2\/product_tag?post=8936"}],"curies":[{"name":"wp","href":"https:\/\/api.w.org\/{rel}","templated":true}]}}