{"id":8930,"date":"2025-06-18T11:28:57","date_gmt":"2025-06-18T03:28:57","guid":{"rendered":"https:\/\/www.hsymachinery.com\/?post_type=product&#038;p=8930"},"modified":"2025-06-25T21:06:25","modified_gmt":"2025-06-25T13:06:25","slug":"armaturos-pjovimo-stakles-gq55-apvalus-peilis","status":"publish","type":"product","link":"https:\/\/www.hsymachinery.com\/lt\/produktas\/armaturos-pjovimo-stakles-gq55-apvalus-peilis\/","title":{"rendered":"Armat\u016bros pjovimo stakl\u0117s GQ55 (apvalus peilis)"},"content":{"rendered":"<h3 data-start=\"136\" data-end=\"210\">Sustiprintos apvalios a\u0161men\u0173 armat\u016bros pjovimo stakl\u0117s, skirtos didelio efektyvumo stryp\u0173 apdorojimui<\/h3>\n<h3 data-start=\"217\" data-end=\"286\">Produkto ap\u017evalga - valcavimo peili\u0173 plieno pjaustytuvas 6-42 mm armat\u016brai<\/h3>\n<p data-start=\"288\" data-end=\"741\">Armat\u016bros stryp\u0173 pjovimo stakl\u0117s GQ55 (apvalus peilis) - tai profesionalus armat\u016bros stryp\u0173 pjovimo sprendimas, optimizuotas didelio skersmens plienini\u0173 stryp\u0173 kirpimui. Ji efektyviai apdoroja nuo 6 iki 42 mm armat\u016bros strypus, \u012fskaitant paprastus apvalius plieninius, briaunuotus strypus ir strypus i\u0161 anglinio plieno. Naudojant ritinin\u0119 apvali\u0173 peili\u0173 sistem\u0105, \u0161iose stakl\u0117se gerokai suma\u017einama trintis pjaunant, tod\u0117l rezultatai pasiekiami grei\u010diau, pailg\u0117ja peili\u0173 tarnavimo laikas ir skland\u017eiau dirbama.<\/p>\n<p data-start=\"743\" data-end=\"860\">\u0160is modelis pla\u010diai naudojamas infrastrukt\u016bros vystymo, pramoninio plieno apdirbimo ir auk\u0161tumini\u0173 pamat\u0173 \u012frengimo srityse.<\/p>\n<h3 data-start=\"867\" data-end=\"913\">Lygus ritininis pjovimas su ma\u017eesniu pasiprie\u0161inimu<\/h3>\n<p data-start=\"915\" data-end=\"1235\">Apvalaus peilio mechanizmas pjovimo metu \u0161iek tiek sukasi, tod\u0117l vietoj tiesioginio sm\u016bgio sukuriamas slydimo kirpimo efektas. Tai ne tik padidina pjovimo tikslum\u0105, bet ir suma\u017eina variklio apkrov\u0105. D\u0117l to j\u016bs\u0173 komanda per pamain\u0105 gali nupjauti daugiau stryp\u0173 ma\u017eiau triuk\u0161maudama, ma\u017eiau vibruodama ir efektyviau naudodama energij\u0105.<\/p>\n<p data-start=\"1237\" data-end=\"1486\">Didelio sukimo momento variniu varikliu varomos armat\u016bros pjovimo stakl\u0117s GQ55 (apvalus peilis) nuolat veikia sud\u0117tingomis darbo vietos s\u0105lygomis. Jo vidin\u0117 pavar\u0173 d\u0117\u017e\u0117 yra sustiprinta ir termi\u0161kai apdorota, tod\u0117l u\u017etikrinamas ilgalaikis mechaninis patikimumas.<\/p>\n<h3 data-start=\"1493\" data-end=\"1543\">Sukurtas atlaikyti at\u0161iauri\u0105 darbo vietos aplink\u0105<\/h3>\n<p data-start=\"1545\" data-end=\"1808\">Kad b\u016bt\u0173 galima atlaikyti didesni\u0173 armat\u016bros stryp\u0173 svor\u012f ir ilgus darbo ciklus, \u0161i ma\u0161ina pagaminta su sustiprintu ketaus r\u0117mu. Bendra konstrukcija atspari deformacijoms ir sm\u016bgiams, o tvirti transportavimo ratai u\u017etikrina lengv\u0105 perk\u0117lim\u0105 net ir nelygiu pavir\u0161iumi.<\/p>\n<p data-start=\"1810\" data-end=\"2074\">Be to, d\u0117l rankin\u0117s svirties operatorius gali visi\u0161kai kontroliuoti kiekvien\u0105 pj\u016bv\u012f, o peiliai pasiekiami greitai ir patogiai, tod\u0117l sutrump\u0117ja prastovos atliekant technin\u0119 prie\u017ei\u016br\u0105. Tarptautinis elektros energijos pritaikymas (220 V \/ 380 V, 50 Hz \/ 60 Hz) dar labiau prisideda prie to, kad j\u012f b\u016bt\u0173 galima naudoti visame pasaulyje.<\/p>\n<h3 data-start=\"2081\" data-end=\"2145\">Kod\u0117l profesionalai renkasi GQ55 apvali\u0173 peili\u0173 armat\u016bros pjaustytuv\u0105<\/h3>\n<ul data-start=\"2147\" data-end=\"2376\">\n<li data-start=\"2147\" data-end=\"2210\">\n<p data-start=\"2149\" data-end=\"2210\">Efektyviai apdoroja 6-42 mm plieninius strypus, naudodami valcavimo \u017eirkles<\/p>\n<\/li>\n<li data-start=\"2211\" data-end=\"2259\">\n<p data-start=\"2213\" data-end=\"2259\">Ma\u017eesn\u0117 vibracija ir ilgesnis a\u0161men\u0173 patvarumas<\/p>\n<\/li>\n<li data-start=\"2260\" data-end=\"2328\">\n<p data-start=\"2262\" data-end=\"2328\">Tinka nepertraukiamam darbui sud\u0117tingomis pramonin\u0117mis s\u0105lygomis<\/p>\n<\/li>\n<li data-start=\"2329\" data-end=\"2376\">\n<p data-start=\"2331\" data-end=\"2376\">Idealiai tinka eksportui su keli\u0173 \u012ftamp\u0173 palaikymu<\/p>\n<\/li>\n<\/ul>\n<p><iframe title=\"armat\u016bros stryp\u0173 pjovimo stakl\u0117s, plieno stryp\u0173 pjovimo stakl\u0117s, statybos ma\u0161inos\" width=\"720\" height=\"405\" src=\"https:\/\/www.youtube.com\/embed\/cIrJPBezWsw?feature=oembed\" frameborder=\"0\" allow=\"accelerometer; autoplay; clipboard-write; encrypted-media; gyroscope; picture-in-picture; web-share\" referrerpolicy=\"strict-origin-when-cross-origin\" allowfullscreen><\/iframe><\/p>","protected":false},"excerpt":{"rendered":"<p>GQ55 apvaliu peiliu pjaunamos armat\u016bros stryp\u0173 pjovimo stakl\u0117s, kuriomis 6-42 mm strypai pjaunami dideliu grei\u010diu ir nedideliu pasiprie\u0161inimu. Jos riedan\u010di\u0173 a\u0161men\u0173 konstrukcija padidina na\u0161um\u0105 ir suma\u017eina nusid\u0117v\u0117jim\u0105 ilgai dirbant.<\/p>","protected":false},"featured_media":8931,"template":"","meta":{"_kad_post_transparent":"default","_kad_post_title":"","_kad_post_layout":"default","_kad_post_sidebar_id":"","_kad_post_content_style":"default","_kad_post_vertical_padding":"default","_kad_post_feature":"","_kad_post_feature_position":"","_kad_post_header":false,"_kad_post_footer":false},"product_brand":[],"product_cat":[51],"product_tag":[988,992,990,989,993,985,994,987,984,991,986],"class_list":{"0":"post-8930","1":"product","2":"type-product","3":"status-publish","4":"has-post-thumbnail","6":"product_cat-rebar-cutting-machine","7":"product_tag-automatic-rebar-cutter","8":"product_tag-construction-steel-bar-cutter","9":"product_tag-electric-rebar-cutting-tool","10":"product_tag-hydraulic-rebar-cutting-machine","11":"product_tag-portable-rebar-cutting-machine","12":"product_tag-rebar-cutter","13":"product_tag-rebar-cutting-machine","14":"product_tag-reinforcement-bar-cutter","15":"product_tag-steel-bar-cutting-machine","16":"product_tag-steel-rod-cutter-machine","17":"product_tag-tmt-bar-cutting-machine","19":"first","20":"instock","21":"shipping-taxable","22":"product-type-simple","23":"entry","24":"content-bg","25":"loop-entry"},"yoast_head":"<!-- This site is optimized with the Yoast SEO plugin v25.3.1 - https:\/\/yoast.com\/wordpress\/plugins\/seo\/ -->\n<title>Rebar Cutting Machine GQ55 (Round knife) - HSY Construction Machinery<\/title>\n<meta name=\"description\" content=\"Rebar Cutting Machine GQ55 (Round Knife) processes 6\u201342mm rebar using rolling-shear action. Built for durability, smooth cuts, and global export needs.\" \/>\n<meta name=\"robots\" content=\"index, follow, max-snippet:-1, max-image-preview:large, max-video-preview:-1\" \/>\n<link rel=\"canonical\" href=\"https:\/\/www.hsymachinery.com\/lt\/produktas\/armaturos-pjovimo-stakles-gq55-apvalus-peilis\/\" \/>\n<meta property=\"og:locale\" content=\"lt_LT\" \/>\n<meta property=\"og:type\" content=\"article\" \/>\n<meta property=\"og:title\" content=\"Rebar Cutting Machine GQ55 (Round knife) - HSY Construction Machinery\" \/>\n<meta property=\"og:description\" content=\"Rebar Cutting Machine GQ55 (Round Knife) processes 6\u201342mm rebar using rolling-shear action. Built for durability, smooth cuts, and global export needs.\" \/>\n<meta property=\"og:url\" content=\"https:\/\/www.hsymachinery.com\/lt\/produktas\/armaturos-pjovimo-stakles-gq55-apvalus-peilis\/\" \/>\n<meta property=\"og:site_name\" content=\"HSY Construction Machinery\" \/>\n<meta property=\"article:modified_time\" content=\"2025-06-25T13:06:25+00:00\" \/>\n<meta property=\"og:image\" content=\"https:\/\/www.hsymachinery.com\/wp-content\/uploads\/2025\/06\/Rebar-Cutting-Machine-GQ55-Round-knife.jpg\" \/>\n\t<meta property=\"og:image:width\" content=\"600\" \/>\n\t<meta property=\"og:image:height\" content=\"600\" \/>\n\t<meta property=\"og:image:type\" content=\"image\/jpeg\" \/>\n<meta name=\"twitter:card\" content=\"summary_large_image\" \/>\n<meta name=\"twitter:label1\" content=\"Est. reading time\" \/>\n\t<meta name=\"twitter:data1\" content=\"2 minut\u0117s\" \/>\n<script type=\"application\/ld+json\" class=\"yoast-schema-graph\">{\"@context\":\"https:\/\/schema.org\",\"@graph\":[{\"@type\":\"WebPage\",\"@id\":\"https:\/\/www.hsymachinery.com\/product\/rebar-cutting-machine-gq55-round-knife\/\",\"url\":\"https:\/\/www.hsymachinery.com\/product\/rebar-cutting-machine-gq55-round-knife\/\",\"name\":\"Rebar Cutting Machine GQ55 (Round knife) - HSY Construction Machinery\",\"isPartOf\":{\"@id\":\"https:\/\/www.hsymachinery.com\/#website\"},\"primaryImageOfPage\":{\"@id\":\"https:\/\/www.hsymachinery.com\/product\/rebar-cutting-machine-gq55-round-knife\/#primaryimage\"},\"image\":{\"@id\":\"https:\/\/www.hsymachinery.com\/product\/rebar-cutting-machine-gq55-round-knife\/#primaryimage\"},\"thumbnailUrl\":\"https:\/\/www.hsymachinery.com\/wp-content\/uploads\/2025\/06\/Rebar-Cutting-Machine-GQ55-Round-knife.jpg\",\"datePublished\":\"2025-06-18T03:28:57+00:00\",\"dateModified\":\"2025-06-25T13:06:25+00:00\",\"description\":\"Rebar Cutting Machine GQ55 (Round Knife) processes 6\u201342mm rebar using rolling-shear action. Built for durability, smooth cuts, and global export needs.\",\"breadcrumb\":{\"@id\":\"https:\/\/www.hsymachinery.com\/product\/rebar-cutting-machine-gq55-round-knife\/#breadcrumb\"},\"inLanguage\":\"lt-LT\",\"potentialAction\":[{\"@type\":\"ReadAction\",\"target\":[\"https:\/\/www.hsymachinery.com\/product\/rebar-cutting-machine-gq55-round-knife\/\"]}]},{\"@type\":\"ImageObject\",\"inLanguage\":\"lt-LT\",\"@id\":\"https:\/\/www.hsymachinery.com\/product\/rebar-cutting-machine-gq55-round-knife\/#primaryimage\",\"url\":\"https:\/\/www.hsymachinery.com\/wp-content\/uploads\/2025\/06\/Rebar-Cutting-Machine-GQ55-Round-knife.jpg\",\"contentUrl\":\"https:\/\/www.hsymachinery.com\/wp-content\/uploads\/2025\/06\/Rebar-Cutting-Machine-GQ55-Round-knife.jpg\",\"width\":600,\"height\":600},{\"@type\":\"BreadcrumbList\",\"@id\":\"https:\/\/www.hsymachinery.com\/product\/rebar-cutting-machine-gq55-round-knife\/#breadcrumb\",\"itemListElement\":[{\"@type\":\"ListItem\",\"position\":1,\"name\":\"home\",\"item\":\"https:\/\/www.hsymachinery.com\/\"},{\"@type\":\"ListItem\",\"position\":2,\"name\":\"products\",\"item\":\"https:\/\/www.hsymachinery.com\/products\/\"},{\"@type\":\"ListItem\",\"position\":3,\"name\":\"Rebar Cutting Machine GQ55 (Round knife)\"}]},{\"@type\":\"WebSite\",\"@id\":\"https:\/\/www.hsymachinery.com\/#website\",\"url\":\"https:\/\/www.hsymachinery.com\/\",\"name\":\"HSY Construction Machinery\",\"description\":\"HSY Machinery \u2013 A leading China construction machinery supplier, offering a wide range of light construction equipment. Our main products include Rebar Cutting Machine, Rebar Bending Machine, Rebar Stirrup Bending Machine, Rebar Arc Bending Machine, Rebar Straightening Machine, Five-Head Rebar Stirrup Bending Machine, Tamping Rammer, Plate Compactor, Concrete Cutter, Power Trowel, and other construction machinery. We are equipped with advanced CNC machines, and we enforce strict quality inspection standards along with comprehensive after-sales service. If you are interested in our products or services, we warmly welcome your inquiries via message.\",\"publisher\":{\"@id\":\"https:\/\/www.hsymachinery.com\/#organization\"},\"potentialAction\":[{\"@type\":\"SearchAction\",\"target\":{\"@type\":\"EntryPoint\",\"urlTemplate\":\"https:\/\/www.hsymachinery.com\/?s={search_term_string}\"},\"query-input\":{\"@type\":\"PropertyValueSpecification\",\"valueRequired\":true,\"valueName\":\"search_term_string\"}}],\"inLanguage\":\"lt-LT\"},{\"@type\":\"Organization\",\"@id\":\"https:\/\/www.hsymachinery.com\/#organization\",\"name\":\"HSY Construction Machinery\",\"url\":\"https:\/\/www.hsymachinery.com\/\",\"logo\":{\"@type\":\"ImageObject\",\"inLanguage\":\"lt-LT\",\"@id\":\"https:\/\/www.hsymachinery.com\/#\/schema\/logo\/image\/\",\"url\":\"https:\/\/www.hsymachinery.com\/wp-content\/uploads\/2025\/06\/cropped-HSY-machinery.png\",\"contentUrl\":\"https:\/\/www.hsymachinery.com\/wp-content\/uploads\/2025\/06\/cropped-HSY-machinery.png\",\"width\":600,\"height\":240,\"caption\":\"HSY Construction Machinery\"},\"image\":{\"@id\":\"https:\/\/www.hsymachinery.com\/#\/schema\/logo\/image\/\"}}]}<\/script>\n<!-- \/ Yoast SEO plugin. -->","yoast_head_json":{"title":"Armat\u016bros pjaustymo stakl\u0117s GQ55 (apvalus peilis) - HSY statybin\u0117s ma\u0161inos","description":"Armat\u016bros stryp\u0173 pjaustymo stakl\u0117s GQ55 (apvalus peilis) apdoroja 6-42 mm armat\u016bros strypus, naudodamos valcavimo ir kirpimo veiksmus. Sukurta siekiant u\u017etikrinti ilgaam\u017ei\u0161kum\u0105, skland\u0173 pjovim\u0105 ir pasaulinio eksporto poreikius.","robots":{"index":"index","follow":"follow","max-snippet":"max-snippet:-1","max-image-preview":"max-image-preview:large","max-video-preview":"max-video-preview:-1"},"canonical":"https:\/\/www.hsymachinery.com\/lt\/produktas\/armaturos-pjovimo-stakles-gq55-apvalus-peilis\/","og_locale":"lt_LT","og_type":"article","og_title":"Rebar Cutting Machine GQ55 (Round knife) - HSY Construction Machinery","og_description":"Rebar Cutting Machine GQ55 (Round Knife) processes 6\u201342mm rebar using rolling-shear action. Built for durability, smooth cuts, and global export needs.","og_url":"https:\/\/www.hsymachinery.com\/lt\/produktas\/armaturos-pjovimo-stakles-gq55-apvalus-peilis\/","og_site_name":"HSY Construction Machinery","article_modified_time":"2025-06-25T13:06:25+00:00","og_image":[{"width":600,"height":600,"url":"https:\/\/www.hsymachinery.com\/wp-content\/uploads\/2025\/06\/Rebar-Cutting-Machine-GQ55-Round-knife.jpg","type":"image\/jpeg"}],"twitter_card":"summary_large_image","twitter_misc":{"Est. reading time":"2 minut\u0117s"},"schema":{"@context":"https:\/\/schema.org","@graph":[{"@type":"WebPage","@id":"https:\/\/www.hsymachinery.com\/product\/rebar-cutting-machine-gq55-round-knife\/","url":"https:\/\/www.hsymachinery.com\/product\/rebar-cutting-machine-gq55-round-knife\/","name":"Armat\u016bros pjaustymo stakl\u0117s GQ55 (apvalus peilis) - HSY statybin\u0117s ma\u0161inos","isPartOf":{"@id":"https:\/\/www.hsymachinery.com\/#website"},"primaryImageOfPage":{"@id":"https:\/\/www.hsymachinery.com\/product\/rebar-cutting-machine-gq55-round-knife\/#primaryimage"},"image":{"@id":"https:\/\/www.hsymachinery.com\/product\/rebar-cutting-machine-gq55-round-knife\/#primaryimage"},"thumbnailUrl":"https:\/\/www.hsymachinery.com\/wp-content\/uploads\/2025\/06\/Rebar-Cutting-Machine-GQ55-Round-knife.jpg","datePublished":"2025-06-18T03:28:57+00:00","dateModified":"2025-06-25T13:06:25+00:00","description":"Armat\u016bros stryp\u0173 pjaustymo stakl\u0117s GQ55 (apvalus peilis) apdoroja 6-42 mm armat\u016bros strypus, naudodamos valcavimo ir kirpimo veiksmus. Sukurta siekiant u\u017etikrinti ilgaam\u017ei\u0161kum\u0105, skland\u0173 pjovim\u0105 ir pasaulinio eksporto poreikius.","breadcrumb":{"@id":"https:\/\/www.hsymachinery.com\/product\/rebar-cutting-machine-gq55-round-knife\/#breadcrumb"},"inLanguage":"lt-LT","potentialAction":[{"@type":"ReadAction","target":["https:\/\/www.hsymachinery.com\/product\/rebar-cutting-machine-gq55-round-knife\/"]}]},{"@type":"ImageObject","inLanguage":"lt-LT","@id":"https:\/\/www.hsymachinery.com\/product\/rebar-cutting-machine-gq55-round-knife\/#primaryimage","url":"https:\/\/www.hsymachinery.com\/wp-content\/uploads\/2025\/06\/Rebar-Cutting-Machine-GQ55-Round-knife.jpg","contentUrl":"https:\/\/www.hsymachinery.com\/wp-content\/uploads\/2025\/06\/Rebar-Cutting-Machine-GQ55-Round-knife.jpg","width":600,"height":600},{"@type":"BreadcrumbList","@id":"https:\/\/www.hsymachinery.com\/product\/rebar-cutting-machine-gq55-round-knife\/#breadcrumb","itemListElement":[{"@type":"ListItem","position":1,"name":"home","item":"https:\/\/www.hsymachinery.com\/"},{"@type":"ListItem","position":2,"name":"products","item":"https:\/\/www.hsymachinery.com\/products\/"},{"@type":"ListItem","position":3,"name":"Rebar Cutting Machine GQ55 (Round knife)"}]},{"@type":"WebSite","@id":"https:\/\/www.hsymachinery.com\/#website","url":"https:\/\/www.hsymachinery.com\/","name":"HSY statybin\u0117s ma\u0161inos","description":"\"HSY Machinery\" - pirmaujanti Kinijos statybos ma\u0161in\u0173 tiek\u0117ja, si\u016blanti plat\u0173 lengvosios statybos \u012frangos asortiment\u0105. Pagrindiniai m\u016bs\u0173 produktai - armat\u016bros pjovimo stakl\u0117s, armat\u016bros lenkimo stakl\u0117s, armat\u016bros stryp\u0173 lenkimo stakl\u0117s, armat\u016bros lanko lenkimo stakl\u0117s, armat\u016bros tiesinimo stakl\u0117s, penki\u0173 galvu\u010di\u0173 armat\u016bros stryp\u0173 lenkimo stakl\u0117s, tankinimo plaktukas, plok\u0161\u010di\u0173 tankintuvas, betono pjaustykl\u0117, elektrin\u0117 mentele ir kita statybin\u0117 technika. Turime pa\u017eangias CNC stakles, taikome grie\u017etus kokyb\u0117s tikrinimo standartus ir teikiame visapusi\u0161kas garantinio aptarnavimo paslaugas. Jei jus domina m\u016bs\u0173 gaminiai ar paslaugos, maloniai laukiame j\u016bs\u0173 u\u017eklaus\u0173 \u017einute.","publisher":{"@id":"https:\/\/www.hsymachinery.com\/#organization"},"potentialAction":[{"@type":"SearchAction","target":{"@type":"EntryPoint","urlTemplate":"https:\/\/www.hsymachinery.com\/?s={search_term_string}"},"query-input":{"@type":"PropertyValueSpecification","valueRequired":true,"valueName":"search_term_string"}}],"inLanguage":"lt-LT"},{"@type":"Organization","@id":"https:\/\/www.hsymachinery.com\/#organization","name":"HSY statybin\u0117s ma\u0161inos","url":"https:\/\/www.hsymachinery.com\/","logo":{"@type":"ImageObject","inLanguage":"lt-LT","@id":"https:\/\/www.hsymachinery.com\/#\/schema\/logo\/image\/","url":"https:\/\/www.hsymachinery.com\/wp-content\/uploads\/2025\/06\/cropped-HSY-machinery.png","contentUrl":"https:\/\/www.hsymachinery.com\/wp-content\/uploads\/2025\/06\/cropped-HSY-machinery.png","width":600,"height":240,"caption":"HSY Construction Machinery"},"image":{"@id":"https:\/\/www.hsymachinery.com\/#\/schema\/logo\/image\/"}}]}},"_links":{"self":[{"href":"https:\/\/www.hsymachinery.com\/lt\/wp-json\/wp\/v2\/product\/8930","targetHints":{"allow":["GET"]}}],"collection":[{"href":"https:\/\/www.hsymachinery.com\/lt\/wp-json\/wp\/v2\/product"}],"about":[{"href":"https:\/\/www.hsymachinery.com\/lt\/wp-json\/wp\/v2\/types\/product"}],"version-history":[{"count":3,"href":"https:\/\/www.hsymachinery.com\/lt\/wp-json\/wp\/v2\/product\/8930\/revisions"}],"predecessor-version":[{"id":9335,"href":"https:\/\/www.hsymachinery.com\/lt\/wp-json\/wp\/v2\/product\/8930\/revisions\/9335"}],"wp:featuredmedia":[{"embeddable":true,"href":"https:\/\/www.hsymachinery.com\/lt\/wp-json\/wp\/v2\/media\/8931"}],"wp:attachment":[{"href":"https:\/\/www.hsymachinery.com\/lt\/wp-json\/wp\/v2\/media?parent=8930"}],"wp:term":[{"taxonomy":"product_brand","embeddable":true,"href":"https:\/\/www.hsymachinery.com\/lt\/wp-json\/wp\/v2\/product_brand?post=8930"},{"taxonomy":"product_cat","embeddable":true,"href":"https:\/\/www.hsymachinery.com\/lt\/wp-json\/wp\/v2\/product_cat?post=8930"},{"taxonomy":"product_tag","embeddable":true,"href":"https:\/\/www.hsymachinery.com\/lt\/wp-json\/wp\/v2\/product_tag?post=8930"}],"curies":[{"name":"wp","href":"https:\/\/api.w.org\/{rel}","templated":true}]}}