{"id":8927,"date":"2025-06-18T11:27:56","date_gmt":"2025-06-18T03:27:56","guid":{"rendered":"https:\/\/www.hsymachinery.com\/?post_type=product&#038;p=8927"},"modified":"2025-06-25T21:03:06","modified_gmt":"2025-06-25T13:03:06","slug":"armaturos-pjovimo-stakles-gq55-plokscias-peilis","status":"publish","type":"product","link":"https:\/\/www.hsymachinery.com\/lt\/produktas\/armaturos-pjovimo-stakles-gq55-plokscias-peilis\/","title":{"rendered":"Armat\u016bros pjovimo stakl\u0117s GQ55 (plok\u0161\u010dias peilis)"},"content":{"rendered":"<h3 data-start=\"429\" data-end=\"519\">Gaminio ap\u017evalga - tikslios plok\u0161\u010di\u0173j\u0173 stryp\u0173 kirpimo stakl\u0117s sunkiems darbams<\/h3>\n<p data-start=\"521\" data-end=\"893\">Svetain\u0117 <strong data-start=\"525\" data-end=\"568\">Armat\u016bros pjovimo stakl\u0117s GQ55 (plok\u0161\u010dias peilis)<\/strong> skirtas sud\u0117tingoms plieno pjovimo u\u017eduotims didelio masto statybos projektuose. \u0160is modelis efektyviai pjauna 6-42 mm skersmens plieno strypus, \u012fskaitant briaunuotus, apvalius ir anglinius armat\u016bros strypus. Tur\u0117damas tiksliai suprojektuot\u0105 plok\u0161\u010di\u0105 peil\u012f, jis u\u017etikrina a\u0161trius ir tikslius pj\u016bvius, atitinkan\u010dius konstrukcin\u0117s armat\u016bros standartus.<\/p>\n<p data-start=\"895\" data-end=\"1076\">Skirtingai nuo lengvesni\u0173 ma\u0161in\u0173, GQ55 u\u017etikrina didesn\u012f sukimo moment\u0105 ir didesn\u012f stabilum\u0105, tod\u0117l tinka tilt\u0173, auk\u0161tybini\u0173 pastat\u0173 statybai ir surinkimo aik\u0161tel\u0117ms.<\/p>\n<h3 data-start=\"1083\" data-end=\"1130\">Tikslus ir patvarus pjovimas<\/h3>\n<p data-start=\"1132\" data-end=\"1363\">Plok\u0161\u010di\u0173 a\u0161men\u0173 sistema u\u017etikrina tiesi\u0105 kirpimo linij\u0105, tod\u0117l strypas deformuojasi minimaliai, o pj\u016bvis b\u016bna \u0161varesnis. Be to, \u0161is modelis suma\u017eina med\u017eiagos nuostolius apdirbimo metu, tod\u0117l ilgainiui suma\u017e\u0117ja eksploatacin\u0117s i\u0161laidos.<\/p>\n<p data-start=\"1365\" data-end=\"1643\">D\u0117l pramoninio varinio variklio armat\u016bros pjovimo stakl\u0117s GQ55 (plok\u0161\u010dias peilis) u\u017etikrina stabil\u0173 ir nepertraukiam\u0105 galios tiekim\u0105. Tuo tarpu vidin\u0117 transmisijos sistema patobulinta, kad suma\u017e\u0117t\u0173 mechaninis triuk\u0161mas ir pailg\u0117t\u0173 tarnavimo laikas net ir intensyviai naudojant.<\/p>\n<p data-start=\"1645\" data-end=\"1802\">Be to, greitai pasiekiama konstrukcija supaprastina \u012fprast\u0105 technin\u0119 prie\u017ei\u016br\u0105. Operatoriai gali lengvai patikrinti, sutepti ar pakeisti peilius nenuimdami keli\u0173 skyd\u0173.<\/p>\n<h3 data-start=\"1809\" data-end=\"1851\">Sustiprinta konstrukcija ilgalaikiam naudojimui<\/h3>\n<p data-start=\"1853\" data-end=\"2186\">GQ55 modelyje naudojamas stipriai sutvirtintas ketaus korpusas, kad b\u016bt\u0173 u\u017etikrintas puikus atsparumas vibracijai ir ilgalaikei apkrovai. Be to, jame \u012frengti dilimui atspar\u016bs ratukai, leid\u017eiantys be vargo jud\u0117ti nelygiu pavir\u0161iumi. Rankin\u0117 svirtis u\u017etikrina intuityv\u0173 valdym\u0105, tod\u0117l kiekvienas pjovimas yra efektyvus ir saugus.<\/p>\n<p data-start=\"2188\" data-end=\"2365\">Jis palaiko <strong data-start=\"2200\" data-end=\"2243\">Dviej\u0173 \u012ftamp\u0173 konfig\u016bracijos (220V\/380V)<\/strong> ir <strong data-start=\"2248\" data-end=\"2261\">50 Hz\/60 Hz<\/strong>tod\u0117l j\u012f galima lengvai pritaikyti Azijos, Artim\u0173j\u0173 Ryt\u0173, Afrikos ir Lotyn\u0173 Amerikos eksporto rinkoms.<\/p>\n<h3 data-start=\"2372\" data-end=\"2420\">Pagrindiniai GQ55 plok\u0161\u010diojo peilio pjaustytuvo privalumai<\/h3>\n<ul data-start=\"2422\" data-end=\"2640\">\n<li data-start=\"2422\" data-end=\"2476\">\n<p data-start=\"2424\" data-end=\"2476\">Nuosekliai tiksliai pjauna 6-42 mm plieno strypus<\/p>\n<\/li>\n<li data-start=\"2477\" data-end=\"2522\">\n<p data-start=\"2479\" data-end=\"2522\">Sukurtas at\u0161iaurioms statyb\u0173 s\u0105lygoms<\/p>\n<\/li>\n<li data-start=\"2523\" data-end=\"2580\">\n<p data-start=\"2525\" data-end=\"2580\">Minimali vibracija, ilgas tarnavimo laikas ir lengva prie\u017ei\u016bra<\/p>\n<\/li>\n<li data-start=\"2581\" data-end=\"2640\">\n<p data-start=\"2583\" data-end=\"2640\">Pritaikomos \u012ftampos ir da\u017enio parinktys visuotiniam naudojimui<\/p>\n<\/li>\n<\/ul>\n<p><iframe title=\"armat\u016bros stryp\u0173 pjovimo stakl\u0117s, plieno stryp\u0173 pjovimo stakl\u0117s, statybos ma\u0161inos\" width=\"720\" height=\"405\" src=\"https:\/\/www.youtube.com\/embed\/cIrJPBezWsw?feature=oembed\" frameborder=\"0\" allow=\"accelerometer; autoplay; clipboard-write; encrypted-media; gyroscope; picture-in-picture; web-share\" referrerpolicy=\"strict-origin-when-cross-origin\" allowfullscreen><\/iframe><\/p>","protected":false},"excerpt":{"rendered":"<p>GQ55 plok\u0161\u010diojo peilio armat\u016bros stryp\u0173 pjaustytuvas skirtas 6-42 mm skersmens strypams kirpti, pasi\u017eymi dideliu tvirtumu ir patikimumu, u\u017etikrina \u0161varius pj\u016bvius ir skland\u0173 veikim\u0105 pramonin\u0117s statybos reikm\u0117ms.<\/p>","protected":false},"featured_media":8928,"template":"","meta":{"_kad_post_transparent":"default","_kad_post_title":"","_kad_post_layout":"default","_kad_post_sidebar_id":"","_kad_post_content_style":"default","_kad_post_vertical_padding":"default","_kad_post_feature":"","_kad_post_feature_position":"","_kad_post_header":false,"_kad_post_footer":false},"product_brand":[],"product_cat":[51],"product_tag":[988,992,990,989,993,985,994,987,984,991,986],"class_list":{"0":"post-8927","1":"product","2":"type-product","3":"status-publish","4":"has-post-thumbnail","6":"product_cat-rebar-cutting-machine","7":"product_tag-automatic-rebar-cutter","8":"product_tag-construction-steel-bar-cutter","9":"product_tag-electric-rebar-cutting-tool","10":"product_tag-hydraulic-rebar-cutting-machine","11":"product_tag-portable-rebar-cutting-machine","12":"product_tag-rebar-cutter","13":"product_tag-rebar-cutting-machine","14":"product_tag-reinforcement-bar-cutter","15":"product_tag-steel-bar-cutting-machine","16":"product_tag-steel-rod-cutter-machine","17":"product_tag-tmt-bar-cutting-machine","19":"first","20":"instock","21":"shipping-taxable","22":"product-type-simple","23":"entry","24":"content-bg","25":"loop-entry"},"yoast_head":"<!-- This site is optimized with the Yoast SEO plugin v25.3.1 - https:\/\/yoast.com\/wordpress\/plugins\/seo\/ -->\n<title>Rebar Cutting Machine GQ55 (Flat knife) - HSY Construction Machinery<\/title>\n<meta name=\"description\" content=\"Rebar Cutting Machine GQ55 (Flat Knife) shears 6\u201342mm bars precisely. Heavy-duty design for durable use in global construction and steel processing sectors.\" \/>\n<meta name=\"robots\" content=\"index, follow, max-snippet:-1, max-image-preview:large, max-video-preview:-1\" \/>\n<link rel=\"canonical\" href=\"https:\/\/www.hsymachinery.com\/lt\/produktas\/armaturos-pjovimo-stakles-gq55-plokscias-peilis\/\" \/>\n<meta property=\"og:locale\" content=\"lt_LT\" \/>\n<meta property=\"og:type\" content=\"article\" \/>\n<meta property=\"og:title\" content=\"Rebar Cutting Machine GQ55 (Flat knife) - HSY Construction Machinery\" \/>\n<meta property=\"og:description\" content=\"Rebar Cutting Machine GQ55 (Flat Knife) shears 6\u201342mm bars precisely. Heavy-duty design for durable use in global construction and steel processing sectors.\" \/>\n<meta property=\"og:url\" content=\"https:\/\/www.hsymachinery.com\/lt\/produktas\/armaturos-pjovimo-stakles-gq55-plokscias-peilis\/\" \/>\n<meta property=\"og:site_name\" content=\"HSY Construction Machinery\" \/>\n<meta property=\"article:modified_time\" content=\"2025-06-25T13:03:06+00:00\" \/>\n<meta property=\"og:image\" content=\"https:\/\/www.hsymachinery.com\/wp-content\/uploads\/2025\/06\/Rebar-Cutting-Machine-GQ55-Flat-knife.jpg\" \/>\n\t<meta property=\"og:image:width\" content=\"600\" \/>\n\t<meta property=\"og:image:height\" content=\"600\" \/>\n\t<meta property=\"og:image:type\" content=\"image\/jpeg\" \/>\n<meta name=\"twitter:card\" content=\"summary_large_image\" \/>\n<meta name=\"twitter:label1\" content=\"Est. reading time\" \/>\n\t<meta name=\"twitter:data1\" content=\"2 minut\u0117s\" \/>\n<script type=\"application\/ld+json\" class=\"yoast-schema-graph\">{\"@context\":\"https:\/\/schema.org\",\"@graph\":[{\"@type\":\"WebPage\",\"@id\":\"https:\/\/www.hsymachinery.com\/product\/rebar-cutting-machine-gq55-flat-knife\/\",\"url\":\"https:\/\/www.hsymachinery.com\/product\/rebar-cutting-machine-gq55-flat-knife\/\",\"name\":\"Rebar Cutting Machine GQ55 (Flat knife) - HSY Construction Machinery\",\"isPartOf\":{\"@id\":\"https:\/\/www.hsymachinery.com\/#website\"},\"primaryImageOfPage\":{\"@id\":\"https:\/\/www.hsymachinery.com\/product\/rebar-cutting-machine-gq55-flat-knife\/#primaryimage\"},\"image\":{\"@id\":\"https:\/\/www.hsymachinery.com\/product\/rebar-cutting-machine-gq55-flat-knife\/#primaryimage\"},\"thumbnailUrl\":\"https:\/\/www.hsymachinery.com\/wp-content\/uploads\/2025\/06\/Rebar-Cutting-Machine-GQ55-Flat-knife.jpg\",\"datePublished\":\"2025-06-18T03:27:56+00:00\",\"dateModified\":\"2025-06-25T13:03:06+00:00\",\"description\":\"Rebar Cutting Machine GQ55 (Flat Knife) shears 6\u201342mm bars precisely. Heavy-duty design for durable use in global construction and steel processing sectors.\",\"breadcrumb\":{\"@id\":\"https:\/\/www.hsymachinery.com\/product\/rebar-cutting-machine-gq55-flat-knife\/#breadcrumb\"},\"inLanguage\":\"lt-LT\",\"potentialAction\":[{\"@type\":\"ReadAction\",\"target\":[\"https:\/\/www.hsymachinery.com\/product\/rebar-cutting-machine-gq55-flat-knife\/\"]}]},{\"@type\":\"ImageObject\",\"inLanguage\":\"lt-LT\",\"@id\":\"https:\/\/www.hsymachinery.com\/product\/rebar-cutting-machine-gq55-flat-knife\/#primaryimage\",\"url\":\"https:\/\/www.hsymachinery.com\/wp-content\/uploads\/2025\/06\/Rebar-Cutting-Machine-GQ55-Flat-knife.jpg\",\"contentUrl\":\"https:\/\/www.hsymachinery.com\/wp-content\/uploads\/2025\/06\/Rebar-Cutting-Machine-GQ55-Flat-knife.jpg\",\"width\":600,\"height\":600},{\"@type\":\"BreadcrumbList\",\"@id\":\"https:\/\/www.hsymachinery.com\/product\/rebar-cutting-machine-gq55-flat-knife\/#breadcrumb\",\"itemListElement\":[{\"@type\":\"ListItem\",\"position\":1,\"name\":\"home\",\"item\":\"https:\/\/www.hsymachinery.com\/\"},{\"@type\":\"ListItem\",\"position\":2,\"name\":\"products\",\"item\":\"https:\/\/www.hsymachinery.com\/products\/\"},{\"@type\":\"ListItem\",\"position\":3,\"name\":\"Rebar Cutting Machine GQ55 (Flat knife)\"}]},{\"@type\":\"WebSite\",\"@id\":\"https:\/\/www.hsymachinery.com\/#website\",\"url\":\"https:\/\/www.hsymachinery.com\/\",\"name\":\"HSY Construction Machinery\",\"description\":\"HSY Machinery \u2013 A leading China construction machinery supplier, offering a wide range of light construction equipment. Our main products include Rebar Cutting Machine, Rebar Bending Machine, Rebar Stirrup Bending Machine, Rebar Arc Bending Machine, Rebar Straightening Machine, Five-Head Rebar Stirrup Bending Machine, Tamping Rammer, Plate Compactor, Concrete Cutter, Power Trowel, and other construction machinery. We are equipped with advanced CNC machines, and we enforce strict quality inspection standards along with comprehensive after-sales service. If you are interested in our products or services, we warmly welcome your inquiries via message.\",\"publisher\":{\"@id\":\"https:\/\/www.hsymachinery.com\/#organization\"},\"potentialAction\":[{\"@type\":\"SearchAction\",\"target\":{\"@type\":\"EntryPoint\",\"urlTemplate\":\"https:\/\/www.hsymachinery.com\/?s={search_term_string}\"},\"query-input\":{\"@type\":\"PropertyValueSpecification\",\"valueRequired\":true,\"valueName\":\"search_term_string\"}}],\"inLanguage\":\"lt-LT\"},{\"@type\":\"Organization\",\"@id\":\"https:\/\/www.hsymachinery.com\/#organization\",\"name\":\"HSY Construction Machinery\",\"url\":\"https:\/\/www.hsymachinery.com\/\",\"logo\":{\"@type\":\"ImageObject\",\"inLanguage\":\"lt-LT\",\"@id\":\"https:\/\/www.hsymachinery.com\/#\/schema\/logo\/image\/\",\"url\":\"https:\/\/www.hsymachinery.com\/wp-content\/uploads\/2025\/06\/cropped-HSY-machinery.png\",\"contentUrl\":\"https:\/\/www.hsymachinery.com\/wp-content\/uploads\/2025\/06\/cropped-HSY-machinery.png\",\"width\":600,\"height\":240,\"caption\":\"HSY Construction Machinery\"},\"image\":{\"@id\":\"https:\/\/www.hsymachinery.com\/#\/schema\/logo\/image\/\"}}]}<\/script>\n<!-- \/ Yoast SEO plugin. -->","yoast_head_json":{"title":"Armat\u016bros pjaustymo stakl\u0117s GQ55 (plok\u0161\u010dias peilis) - HSY statybin\u0117s ma\u0161inos","description":"Armat\u016bros stryp\u0173 pjovimo stakl\u0117s GQ55 (plok\u0161\u010dias peilis) tiksliai pjauna 6-42 mm strypus. Didelio atsparumo konstrukcija, skirta ilgalaikiam naudojimui pasauliniuose statybos ir plieno apdirbimo sektoriuose.","robots":{"index":"index","follow":"follow","max-snippet":"max-snippet:-1","max-image-preview":"max-image-preview:large","max-video-preview":"max-video-preview:-1"},"canonical":"https:\/\/www.hsymachinery.com\/lt\/produktas\/armaturos-pjovimo-stakles-gq55-plokscias-peilis\/","og_locale":"lt_LT","og_type":"article","og_title":"Rebar Cutting Machine GQ55 (Flat knife) - HSY Construction Machinery","og_description":"Rebar Cutting Machine GQ55 (Flat Knife) shears 6\u201342mm bars precisely. Heavy-duty design for durable use in global construction and steel processing sectors.","og_url":"https:\/\/www.hsymachinery.com\/lt\/produktas\/armaturos-pjovimo-stakles-gq55-plokscias-peilis\/","og_site_name":"HSY Construction Machinery","article_modified_time":"2025-06-25T13:03:06+00:00","og_image":[{"width":600,"height":600,"url":"https:\/\/www.hsymachinery.com\/wp-content\/uploads\/2025\/06\/Rebar-Cutting-Machine-GQ55-Flat-knife.jpg","type":"image\/jpeg"}],"twitter_card":"summary_large_image","twitter_misc":{"Est. reading time":"2 minut\u0117s"},"schema":{"@context":"https:\/\/schema.org","@graph":[{"@type":"WebPage","@id":"https:\/\/www.hsymachinery.com\/product\/rebar-cutting-machine-gq55-flat-knife\/","url":"https:\/\/www.hsymachinery.com\/product\/rebar-cutting-machine-gq55-flat-knife\/","name":"Armat\u016bros pjaustymo stakl\u0117s GQ55 (plok\u0161\u010dias peilis) - HSY statybin\u0117s ma\u0161inos","isPartOf":{"@id":"https:\/\/www.hsymachinery.com\/#website"},"primaryImageOfPage":{"@id":"https:\/\/www.hsymachinery.com\/product\/rebar-cutting-machine-gq55-flat-knife\/#primaryimage"},"image":{"@id":"https:\/\/www.hsymachinery.com\/product\/rebar-cutting-machine-gq55-flat-knife\/#primaryimage"},"thumbnailUrl":"https:\/\/www.hsymachinery.com\/wp-content\/uploads\/2025\/06\/Rebar-Cutting-Machine-GQ55-Flat-knife.jpg","datePublished":"2025-06-18T03:27:56+00:00","dateModified":"2025-06-25T13:03:06+00:00","description":"Armat\u016bros stryp\u0173 pjovimo stakl\u0117s GQ55 (plok\u0161\u010dias peilis) tiksliai pjauna 6-42 mm strypus. Didelio atsparumo konstrukcija, skirta ilgalaikiam naudojimui pasauliniuose statybos ir plieno apdirbimo sektoriuose.","breadcrumb":{"@id":"https:\/\/www.hsymachinery.com\/product\/rebar-cutting-machine-gq55-flat-knife\/#breadcrumb"},"inLanguage":"lt-LT","potentialAction":[{"@type":"ReadAction","target":["https:\/\/www.hsymachinery.com\/product\/rebar-cutting-machine-gq55-flat-knife\/"]}]},{"@type":"ImageObject","inLanguage":"lt-LT","@id":"https:\/\/www.hsymachinery.com\/product\/rebar-cutting-machine-gq55-flat-knife\/#primaryimage","url":"https:\/\/www.hsymachinery.com\/wp-content\/uploads\/2025\/06\/Rebar-Cutting-Machine-GQ55-Flat-knife.jpg","contentUrl":"https:\/\/www.hsymachinery.com\/wp-content\/uploads\/2025\/06\/Rebar-Cutting-Machine-GQ55-Flat-knife.jpg","width":600,"height":600},{"@type":"BreadcrumbList","@id":"https:\/\/www.hsymachinery.com\/product\/rebar-cutting-machine-gq55-flat-knife\/#breadcrumb","itemListElement":[{"@type":"ListItem","position":1,"name":"home","item":"https:\/\/www.hsymachinery.com\/"},{"@type":"ListItem","position":2,"name":"products","item":"https:\/\/www.hsymachinery.com\/products\/"},{"@type":"ListItem","position":3,"name":"Rebar Cutting Machine GQ55 (Flat knife)"}]},{"@type":"WebSite","@id":"https:\/\/www.hsymachinery.com\/#website","url":"https:\/\/www.hsymachinery.com\/","name":"HSY statybin\u0117s ma\u0161inos","description":"\"HSY Machinery\" - pirmaujanti Kinijos statybos ma\u0161in\u0173 tiek\u0117ja, si\u016blanti plat\u0173 lengvosios statybos \u012frangos asortiment\u0105. Pagrindiniai m\u016bs\u0173 produktai - armat\u016bros pjovimo stakl\u0117s, armat\u016bros lenkimo stakl\u0117s, armat\u016bros stryp\u0173 lenkimo stakl\u0117s, armat\u016bros lanko lenkimo stakl\u0117s, armat\u016bros tiesinimo stakl\u0117s, penki\u0173 galvu\u010di\u0173 armat\u016bros stryp\u0173 lenkimo stakl\u0117s, tankinimo plaktukas, plok\u0161\u010di\u0173 tankintuvas, betono pjaustykl\u0117, elektrin\u0117 mentele ir kita statybin\u0117 technika. Turime pa\u017eangias CNC stakles, taikome grie\u017etus kokyb\u0117s tikrinimo standartus ir teikiame visapusi\u0161kas garantinio aptarnavimo paslaugas. Jei jus domina m\u016bs\u0173 gaminiai ar paslaugos, maloniai laukiame j\u016bs\u0173 u\u017eklaus\u0173 \u017einute.","publisher":{"@id":"https:\/\/www.hsymachinery.com\/#organization"},"potentialAction":[{"@type":"SearchAction","target":{"@type":"EntryPoint","urlTemplate":"https:\/\/www.hsymachinery.com\/?s={search_term_string}"},"query-input":{"@type":"PropertyValueSpecification","valueRequired":true,"valueName":"search_term_string"}}],"inLanguage":"lt-LT"},{"@type":"Organization","@id":"https:\/\/www.hsymachinery.com\/#organization","name":"HSY statybin\u0117s ma\u0161inos","url":"https:\/\/www.hsymachinery.com\/","logo":{"@type":"ImageObject","inLanguage":"lt-LT","@id":"https:\/\/www.hsymachinery.com\/#\/schema\/logo\/image\/","url":"https:\/\/www.hsymachinery.com\/wp-content\/uploads\/2025\/06\/cropped-HSY-machinery.png","contentUrl":"https:\/\/www.hsymachinery.com\/wp-content\/uploads\/2025\/06\/cropped-HSY-machinery.png","width":600,"height":240,"caption":"HSY Construction Machinery"},"image":{"@id":"https:\/\/www.hsymachinery.com\/#\/schema\/logo\/image\/"}}]}},"_links":{"self":[{"href":"https:\/\/www.hsymachinery.com\/lt\/wp-json\/wp\/v2\/product\/8927","targetHints":{"allow":["GET"]}}],"collection":[{"href":"https:\/\/www.hsymachinery.com\/lt\/wp-json\/wp\/v2\/product"}],"about":[{"href":"https:\/\/www.hsymachinery.com\/lt\/wp-json\/wp\/v2\/types\/product"}],"version-history":[{"count":3,"href":"https:\/\/www.hsymachinery.com\/lt\/wp-json\/wp\/v2\/product\/8927\/revisions"}],"predecessor-version":[{"id":9333,"href":"https:\/\/www.hsymachinery.com\/lt\/wp-json\/wp\/v2\/product\/8927\/revisions\/9333"}],"wp:featuredmedia":[{"embeddable":true,"href":"https:\/\/www.hsymachinery.com\/lt\/wp-json\/wp\/v2\/media\/8928"}],"wp:attachment":[{"href":"https:\/\/www.hsymachinery.com\/lt\/wp-json\/wp\/v2\/media?parent=8927"}],"wp:term":[{"taxonomy":"product_brand","embeddable":true,"href":"https:\/\/www.hsymachinery.com\/lt\/wp-json\/wp\/v2\/product_brand?post=8927"},{"taxonomy":"product_cat","embeddable":true,"href":"https:\/\/www.hsymachinery.com\/lt\/wp-json\/wp\/v2\/product_cat?post=8927"},{"taxonomy":"product_tag","embeddable":true,"href":"https:\/\/www.hsymachinery.com\/lt\/wp-json\/wp\/v2\/product_tag?post=8927"}],"curies":[{"name":"wp","href":"https:\/\/api.w.org\/{rel}","templated":true}]}}