{"id":8915,"date":"2025-06-18T11:20:51","date_gmt":"2025-06-18T03:20:51","guid":{"rendered":"https:\/\/www.hsymachinery.com\/?post_type=product&#038;p=8915"},"modified":"2025-06-25T20:44:22","modified_gmt":"2025-06-25T12:44:22","slug":"armaturos-pjovimo-stakles-gq45-plokscias-peilis","status":"publish","type":"product","link":"https:\/\/www.hsymachinery.com\/lt\/produktas\/armaturos-pjovimo-stakles-gq45-plokscias-peilis\/","title":{"rendered":"Armat\u016bros pjovimo stakl\u0117s GQ45 (plok\u0161\u010dias peilis)"},"content":{"rendered":"<h3 data-start=\"349\" data-end=\"433\">Vidutinio dyd\u017eio armat\u016bros pjovimo \u012franga, skirta statybos ir plieno gamybos projektams<\/h3>\n<h3 data-start=\"440\" data-end=\"510\">Produkto ap\u017evalga - Plok\u0161\u010diosios plienini\u0173 stryp\u0173 pjaustykl\u0117s 6-36 mm armat\u016brai<\/h3>\n<p data-start=\"512\" data-end=\"969\">Svetain\u0117 <strong data-start=\"516\" data-end=\"559\">Armat\u016bros pjovimo stakl\u0117s GQ45 (plok\u0161\u010dias peilis)<\/strong> tai profesionalios plieno pjaustymo stakl\u0117s, skirtos vidutinio ir didelio masto statybos projektams. D\u0117l didelio pjovimo paj\u0117gumo \u0161i armat\u016bros stryp\u0173 apdirbimo ma\u0161ina idealiai tinka pjaustyti anglin\u012f plien\u0105, deformuotus strypus ir apvalius strypus i\u0161 <strong data-start=\"798\" data-end=\"813\">Nuo 6 mm iki 36 mm<\/strong> skersmens. Palyginti su ankstesniais modeliais, GQ45 pasi\u017eymi didesniu tvirtumu, patvarumu ir pjovimo efektyvumu, tod\u0117l puikiai tinka sud\u0117tingiems darbams statybviet\u0117je.<\/p>\n<h3 data-start=\"976\" data-end=\"1044\">\u00a0Didelio na\u0161umo plok\u0161\u010dios armat\u016bros pjovimo \u017eirkl\u0117s su skland\u017eiu kirpimu<\/h3>\n<p data-start=\"1046\" data-end=\"1335\">Stakl\u0117se \u012fdiegta plok\u0161\u010diojo peilio pjovimo sistema, kuri u\u017etikrina \u0161varius pj\u016bvius be atplai\u0161\u0173 ir suma\u017eina stryp\u0173 deformacij\u0105. Tai u\u017etikrina auk\u0161tos kokyb\u0117s rezultatus ir suma\u017eina med\u017eiagos atliek\u0173 kiek\u012f. Be to, peili\u0173 mazg\u0105 galima greitai ir lengvai pakeisti, taip padidinant darbo efektyvum\u0105.<\/p>\n<p data-start=\"1337\" data-end=\"1634\">\u012erengin\u012f suka galingas varinis variklis, u\u017etikrinantis pastov\u0173 sukimo moment\u0105 ilgesn\u012f laik\u0105. Tiksli pavar\u0173 d\u0117\u017e\u0117 ir gr\u016bdinti krumpliara\u010diai u\u017etikrina skland\u0173 perdavim\u0105 ir ma\u017eesn\u012f nusid\u0117v\u0117jim\u0105. D\u0117l to <a href=\"https:\/\/www.hsymachinery.com\/lt\/produktai\/armaturos-pjovimo-stakles\/\" target=\"_blank\" rel=\"noopener\">Armat\u016bros pjovimo ma\u0161ina<\/a> GQ45 (plok\u0161\u010dias peilis) patikimai veikia sud\u0117tingomis darbo vietos s\u0105lygomis.<\/p>\n<h3 data-start=\"1641\" data-end=\"1720\">Patvari statybin\u0117 pjovimo \u012franga su mobilumo ir saugos funkcijomis<\/h3>\n<p data-start=\"1722\" data-end=\"2072\">\u0160i ma\u0161ina turi sustiprint\u0105 ketaus r\u0117m\u0105, tod\u0117l yra atspari sm\u016bgiams, deformacijoms ir ilgalaikiam nuovargiui. Be to, jis turi didelio atsparumo ratus, tod\u0117l juo lengva jud\u0117ti betonu ar nelygiu pavir\u0161iumi. Rankinio valdymo rankena u\u017etikrina geresn\u012f valdym\u0105, o d\u0117l apsaug\u0173 ir atidaromo dang\u010dio technin\u0117 prie\u017ei\u016bra yra greita ir saugi.<\/p>\n<p data-start=\"2074\" data-end=\"2350\">GQ45 palaiko \u012fvairias \u012ftampos konfig\u016bracijas, \u012fskaitant <strong data-start=\"2135\" data-end=\"2162\">220V\/380V ir 50Hz\/60Hz<\/strong>tod\u0117l j\u012f galima si\u0173sti tarptautiniais mar\u0161rutais ir naudoti \u012fvairiose \u0161alyse. Statyb\u0173 specialistai renkasi \u0161i\u0105 ma\u0161in\u0105 d\u0117l pjovimo galios, mobilumo ir saugumo pusiausvyros.<\/p>\n<h3 data-start=\"2357\" data-end=\"2416\">Kod\u0117l verta rinktis \"GQ45 Flat Knife\" plieno pjovimo stakles?<\/h3>\n<ul data-start=\"2418\" data-end=\"2635\">\n<li data-start=\"2418\" data-end=\"2469\">\n<p data-start=\"2420\" data-end=\"2469\">Labai tiksliai pjauna armat\u016bros strypus nuo 6 mm iki 36 mm<\/p>\n<\/li>\n<li data-start=\"2470\" data-end=\"2532\">\n<p data-start=\"2472\" data-end=\"2532\">Idealiai tinka statyboms, tilt\u0173 darbams, plieno aik\u0161teli\u0173 darbams<\/p>\n<\/li>\n<li data-start=\"2533\" data-end=\"2589\">\n<p data-start=\"2535\" data-end=\"2589\">Paprastas valdymas, ma\u017eai prie\u017ei\u016bros, ilgas tarnavimo laikas<\/p>\n<\/li>\n<li data-start=\"2590\" data-end=\"2635\">\n<p data-start=\"2592\" data-end=\"2635\">Palankus eksportui su pasaulin\u0117s \u012ftampos palaikymu<\/p>\n<\/li>\n<\/ul>\n<p data-start=\"2637\" data-end=\"2778\">Pasirinkite <strong data-start=\"2648\" data-end=\"2691\">Armat\u016bros pjovimo stakl\u0117s GQ45 (plok\u0161\u010dias peilis)<\/strong> jei jums reikia patikimo, vidutinio dyd\u017eio plieno pjaustytuvo, kuris kiekvien\u0105 dien\u0105 veikt\u0173 esant spaudimui.<\/p>\n<p><iframe title=\"# statybin\u0117s ma\u0161inos # statybinis darbininkas # pjovimo ma\u0161ina # pjovimo ma\u0161ina # pjovimo ma\u0161ina # pjovimo ma\u0161ina # pjovimo ma\u0161ina # pjovimo ma\u0161ina # pjovimo ma\u0161ina # pjovimo ma\u0161ina # pjovimo ma\u0161ina\" width=\"720\" height=\"405\" src=\"https:\/\/www.youtube.com\/embed\/tdc4TA5-zRc?feature=oembed\" frameborder=\"0\" allow=\"accelerometer; autoplay; clipboard-write; encrypted-media; gyroscope; picture-in-picture; web-share\" referrerpolicy=\"strict-origin-when-cross-origin\" allowfullscreen><\/iframe><\/p>","protected":false},"excerpt":{"rendered":"<p>GQ45 plok\u0161\u010diosios armat\u016bros stryp\u0173 pjovimo stakl\u0117s tiksliai ir tvirtai apdoroja 6-36 mm storio strypus. Sukurtos kasdieniam naudojimui profesionaliose statybviet\u0117se.<\/p>","protected":false},"featured_media":8916,"template":"","meta":{"_kad_post_transparent":"default","_kad_post_title":"","_kad_post_layout":"default","_kad_post_sidebar_id":"","_kad_post_content_style":"default","_kad_post_vertical_padding":"default","_kad_post_feature":"","_kad_post_feature_position":"","_kad_post_header":false,"_kad_post_footer":false},"product_brand":[],"product_cat":[51],"product_tag":[988,992,990,989,993,985,994,987,984,991,986],"class_list":{"0":"post-8915","1":"product","2":"type-product","3":"status-publish","4":"has-post-thumbnail","6":"product_cat-rebar-cutting-machine","7":"product_tag-automatic-rebar-cutter","8":"product_tag-construction-steel-bar-cutter","9":"product_tag-electric-rebar-cutting-tool","10":"product_tag-hydraulic-rebar-cutting-machine","11":"product_tag-portable-rebar-cutting-machine","12":"product_tag-rebar-cutter","13":"product_tag-rebar-cutting-machine","14":"product_tag-reinforcement-bar-cutter","15":"product_tag-steel-bar-cutting-machine","16":"product_tag-steel-rod-cutter-machine","17":"product_tag-tmt-bar-cutting-machine","19":"first","20":"instock","21":"featured","22":"shipping-taxable","23":"product-type-simple","24":"entry","25":"content-bg","26":"loop-entry"},"yoast_head":"<!-- This site is optimized with the Yoast SEO plugin v25.3.1 - https:\/\/yoast.com\/wordpress\/plugins\/seo\/ -->\n<title>Rebar Cutting Machine GQ45 (Flat knife) - HSY Construction Machinery<\/title>\n<meta name=\"description\" content=\"Rebar Cutting Machine GQ45 (Flat Knife) cuts 6\u201336mm steel bars cleanly and efficiently. Ideal for construction sites and export use.\" \/>\n<meta name=\"robots\" content=\"index, follow, max-snippet:-1, max-image-preview:large, max-video-preview:-1\" \/>\n<link rel=\"canonical\" href=\"https:\/\/www.hsymachinery.com\/lt\/produktas\/armaturos-pjovimo-stakles-gq45-plokscias-peilis\/\" \/>\n<meta property=\"og:locale\" content=\"lt_LT\" \/>\n<meta property=\"og:type\" content=\"article\" \/>\n<meta property=\"og:title\" content=\"Rebar Cutting Machine GQ45 (Flat knife) - HSY Construction Machinery\" \/>\n<meta property=\"og:description\" content=\"Rebar Cutting Machine GQ45 (Flat Knife) cuts 6\u201336mm steel bars cleanly and efficiently. Ideal for construction sites and export use.\" \/>\n<meta property=\"og:url\" content=\"https:\/\/www.hsymachinery.com\/lt\/produktas\/armaturos-pjovimo-stakles-gq45-plokscias-peilis\/\" \/>\n<meta property=\"og:site_name\" content=\"HSY Construction Machinery\" \/>\n<meta property=\"article:modified_time\" content=\"2025-06-25T12:44:22+00:00\" \/>\n<meta property=\"og:image\" content=\"https:\/\/www.hsymachinery.com\/wp-content\/uploads\/2025\/06\/Rebar-Cutting-Machine-GQ45-Flat-knife.jpg\" \/>\n\t<meta property=\"og:image:width\" content=\"600\" \/>\n\t<meta property=\"og:image:height\" content=\"600\" \/>\n\t<meta property=\"og:image:type\" content=\"image\/jpeg\" \/>\n<meta name=\"twitter:card\" content=\"summary_large_image\" \/>\n<meta name=\"twitter:label1\" content=\"Est. reading time\" \/>\n\t<meta name=\"twitter:data1\" content=\"2 minut\u0117s\" \/>\n<script type=\"application\/ld+json\" class=\"yoast-schema-graph\">{\"@context\":\"https:\/\/schema.org\",\"@graph\":[{\"@type\":\"WebPage\",\"@id\":\"https:\/\/www.hsymachinery.com\/product\/rebar-cutting-machine-gq45-flat-knife\/\",\"url\":\"https:\/\/www.hsymachinery.com\/product\/rebar-cutting-machine-gq45-flat-knife\/\",\"name\":\"Rebar Cutting Machine GQ45 (Flat knife) - HSY Construction Machinery\",\"isPartOf\":{\"@id\":\"https:\/\/www.hsymachinery.com\/#website\"},\"primaryImageOfPage\":{\"@id\":\"https:\/\/www.hsymachinery.com\/product\/rebar-cutting-machine-gq45-flat-knife\/#primaryimage\"},\"image\":{\"@id\":\"https:\/\/www.hsymachinery.com\/product\/rebar-cutting-machine-gq45-flat-knife\/#primaryimage\"},\"thumbnailUrl\":\"https:\/\/www.hsymachinery.com\/wp-content\/uploads\/2025\/06\/Rebar-Cutting-Machine-GQ45-Flat-knife.jpg\",\"datePublished\":\"2025-06-18T03:20:51+00:00\",\"dateModified\":\"2025-06-25T12:44:22+00:00\",\"description\":\"Rebar Cutting Machine GQ45 (Flat Knife) cuts 6\u201336mm steel bars cleanly and efficiently. Ideal for construction sites and export use.\",\"breadcrumb\":{\"@id\":\"https:\/\/www.hsymachinery.com\/product\/rebar-cutting-machine-gq45-flat-knife\/#breadcrumb\"},\"inLanguage\":\"lt-LT\",\"potentialAction\":[{\"@type\":\"ReadAction\",\"target\":[\"https:\/\/www.hsymachinery.com\/product\/rebar-cutting-machine-gq45-flat-knife\/\"]}]},{\"@type\":\"ImageObject\",\"inLanguage\":\"lt-LT\",\"@id\":\"https:\/\/www.hsymachinery.com\/product\/rebar-cutting-machine-gq45-flat-knife\/#primaryimage\",\"url\":\"https:\/\/www.hsymachinery.com\/wp-content\/uploads\/2025\/06\/Rebar-Cutting-Machine-GQ45-Flat-knife.jpg\",\"contentUrl\":\"https:\/\/www.hsymachinery.com\/wp-content\/uploads\/2025\/06\/Rebar-Cutting-Machine-GQ45-Flat-knife.jpg\",\"width\":600,\"height\":600},{\"@type\":\"BreadcrumbList\",\"@id\":\"https:\/\/www.hsymachinery.com\/product\/rebar-cutting-machine-gq45-flat-knife\/#breadcrumb\",\"itemListElement\":[{\"@type\":\"ListItem\",\"position\":1,\"name\":\"home\",\"item\":\"https:\/\/www.hsymachinery.com\/\"},{\"@type\":\"ListItem\",\"position\":2,\"name\":\"products\",\"item\":\"https:\/\/www.hsymachinery.com\/products\/\"},{\"@type\":\"ListItem\",\"position\":3,\"name\":\"Rebar Cutting Machine GQ45 (Flat knife)\"}]},{\"@type\":\"WebSite\",\"@id\":\"https:\/\/www.hsymachinery.com\/#website\",\"url\":\"https:\/\/www.hsymachinery.com\/\",\"name\":\"HSY Construction Machinery\",\"description\":\"HSY Machinery \u2013 A leading China construction machinery supplier, offering a wide range of light construction equipment. Our main products include Rebar Cutting Machine, Rebar Bending Machine, Rebar Stirrup Bending Machine, Rebar Arc Bending Machine, Rebar Straightening Machine, Five-Head Rebar Stirrup Bending Machine, Tamping Rammer, Plate Compactor, Concrete Cutter, Power Trowel, and other construction machinery. We are equipped with advanced CNC machines, and we enforce strict quality inspection standards along with comprehensive after-sales service. If you are interested in our products or services, we warmly welcome your inquiries via message.\",\"publisher\":{\"@id\":\"https:\/\/www.hsymachinery.com\/#organization\"},\"potentialAction\":[{\"@type\":\"SearchAction\",\"target\":{\"@type\":\"EntryPoint\",\"urlTemplate\":\"https:\/\/www.hsymachinery.com\/?s={search_term_string}\"},\"query-input\":{\"@type\":\"PropertyValueSpecification\",\"valueRequired\":true,\"valueName\":\"search_term_string\"}}],\"inLanguage\":\"lt-LT\"},{\"@type\":\"Organization\",\"@id\":\"https:\/\/www.hsymachinery.com\/#organization\",\"name\":\"HSY Construction Machinery\",\"url\":\"https:\/\/www.hsymachinery.com\/\",\"logo\":{\"@type\":\"ImageObject\",\"inLanguage\":\"lt-LT\",\"@id\":\"https:\/\/www.hsymachinery.com\/#\/schema\/logo\/image\/\",\"url\":\"https:\/\/www.hsymachinery.com\/wp-content\/uploads\/2025\/06\/cropped-HSY-machinery.png\",\"contentUrl\":\"https:\/\/www.hsymachinery.com\/wp-content\/uploads\/2025\/06\/cropped-HSY-machinery.png\",\"width\":600,\"height\":240,\"caption\":\"HSY Construction Machinery\"},\"image\":{\"@id\":\"https:\/\/www.hsymachinery.com\/#\/schema\/logo\/image\/\"}}]}<\/script>\n<!-- \/ Yoast SEO plugin. -->","yoast_head_json":{"title":"Armat\u016bros pjaustymo stakl\u0117s GQ45 (plok\u0161\u010dias peilis) - HSY statybin\u0117s ma\u0161inos","description":"Armat\u016bros stryp\u0173 pjovimo stakl\u0117s GQ45 (plok\u0161\u010dias peilis) \u0161variai ir efektyviai pjauna 6-36 mm plieninius strypus. Idealiai tinka naudoti statybviet\u0117se ir eksportui.","robots":{"index":"index","follow":"follow","max-snippet":"max-snippet:-1","max-image-preview":"max-image-preview:large","max-video-preview":"max-video-preview:-1"},"canonical":"https:\/\/www.hsymachinery.com\/lt\/produktas\/armaturos-pjovimo-stakles-gq45-plokscias-peilis\/","og_locale":"lt_LT","og_type":"article","og_title":"Rebar Cutting Machine GQ45 (Flat knife) - HSY Construction Machinery","og_description":"Rebar Cutting Machine GQ45 (Flat Knife) cuts 6\u201336mm steel bars cleanly and efficiently. Ideal for construction sites and export use.","og_url":"https:\/\/www.hsymachinery.com\/lt\/produktas\/armaturos-pjovimo-stakles-gq45-plokscias-peilis\/","og_site_name":"HSY Construction Machinery","article_modified_time":"2025-06-25T12:44:22+00:00","og_image":[{"width":600,"height":600,"url":"https:\/\/www.hsymachinery.com\/wp-content\/uploads\/2025\/06\/Rebar-Cutting-Machine-GQ45-Flat-knife.jpg","type":"image\/jpeg"}],"twitter_card":"summary_large_image","twitter_misc":{"Est. reading time":"2 minut\u0117s"},"schema":{"@context":"https:\/\/schema.org","@graph":[{"@type":"WebPage","@id":"https:\/\/www.hsymachinery.com\/product\/rebar-cutting-machine-gq45-flat-knife\/","url":"https:\/\/www.hsymachinery.com\/product\/rebar-cutting-machine-gq45-flat-knife\/","name":"Armat\u016bros pjaustymo stakl\u0117s GQ45 (plok\u0161\u010dias peilis) - HSY statybin\u0117s ma\u0161inos","isPartOf":{"@id":"https:\/\/www.hsymachinery.com\/#website"},"primaryImageOfPage":{"@id":"https:\/\/www.hsymachinery.com\/product\/rebar-cutting-machine-gq45-flat-knife\/#primaryimage"},"image":{"@id":"https:\/\/www.hsymachinery.com\/product\/rebar-cutting-machine-gq45-flat-knife\/#primaryimage"},"thumbnailUrl":"https:\/\/www.hsymachinery.com\/wp-content\/uploads\/2025\/06\/Rebar-Cutting-Machine-GQ45-Flat-knife.jpg","datePublished":"2025-06-18T03:20:51+00:00","dateModified":"2025-06-25T12:44:22+00:00","description":"Armat\u016bros stryp\u0173 pjovimo stakl\u0117s GQ45 (plok\u0161\u010dias peilis) \u0161variai ir efektyviai pjauna 6-36 mm plieninius strypus. Idealiai tinka naudoti statybviet\u0117se ir eksportui.","breadcrumb":{"@id":"https:\/\/www.hsymachinery.com\/product\/rebar-cutting-machine-gq45-flat-knife\/#breadcrumb"},"inLanguage":"lt-LT","potentialAction":[{"@type":"ReadAction","target":["https:\/\/www.hsymachinery.com\/product\/rebar-cutting-machine-gq45-flat-knife\/"]}]},{"@type":"ImageObject","inLanguage":"lt-LT","@id":"https:\/\/www.hsymachinery.com\/product\/rebar-cutting-machine-gq45-flat-knife\/#primaryimage","url":"https:\/\/www.hsymachinery.com\/wp-content\/uploads\/2025\/06\/Rebar-Cutting-Machine-GQ45-Flat-knife.jpg","contentUrl":"https:\/\/www.hsymachinery.com\/wp-content\/uploads\/2025\/06\/Rebar-Cutting-Machine-GQ45-Flat-knife.jpg","width":600,"height":600},{"@type":"BreadcrumbList","@id":"https:\/\/www.hsymachinery.com\/product\/rebar-cutting-machine-gq45-flat-knife\/#breadcrumb","itemListElement":[{"@type":"ListItem","position":1,"name":"home","item":"https:\/\/www.hsymachinery.com\/"},{"@type":"ListItem","position":2,"name":"products","item":"https:\/\/www.hsymachinery.com\/products\/"},{"@type":"ListItem","position":3,"name":"Rebar Cutting Machine GQ45 (Flat knife)"}]},{"@type":"WebSite","@id":"https:\/\/www.hsymachinery.com\/#website","url":"https:\/\/www.hsymachinery.com\/","name":"HSY statybin\u0117s ma\u0161inos","description":"\"HSY Machinery\" - pirmaujanti Kinijos statybos ma\u0161in\u0173 tiek\u0117ja, si\u016blanti plat\u0173 lengvosios statybos \u012frangos asortiment\u0105. Pagrindiniai m\u016bs\u0173 produktai - armat\u016bros pjovimo stakl\u0117s, armat\u016bros lenkimo stakl\u0117s, armat\u016bros stryp\u0173 lenkimo stakl\u0117s, armat\u016bros lanko lenkimo stakl\u0117s, armat\u016bros tiesinimo stakl\u0117s, penki\u0173 galvu\u010di\u0173 armat\u016bros stryp\u0173 lenkimo stakl\u0117s, tankinimo plaktukas, plok\u0161\u010di\u0173 tankintuvas, betono pjaustykl\u0117, elektrin\u0117 mentele ir kita statybin\u0117 technika. Turime pa\u017eangias CNC stakles, taikome grie\u017etus kokyb\u0117s tikrinimo standartus ir teikiame visapusi\u0161kas garantinio aptarnavimo paslaugas. Jei jus domina m\u016bs\u0173 gaminiai ar paslaugos, maloniai laukiame j\u016bs\u0173 u\u017eklaus\u0173 \u017einute.","publisher":{"@id":"https:\/\/www.hsymachinery.com\/#organization"},"potentialAction":[{"@type":"SearchAction","target":{"@type":"EntryPoint","urlTemplate":"https:\/\/www.hsymachinery.com\/?s={search_term_string}"},"query-input":{"@type":"PropertyValueSpecification","valueRequired":true,"valueName":"search_term_string"}}],"inLanguage":"lt-LT"},{"@type":"Organization","@id":"https:\/\/www.hsymachinery.com\/#organization","name":"HSY statybin\u0117s ma\u0161inos","url":"https:\/\/www.hsymachinery.com\/","logo":{"@type":"ImageObject","inLanguage":"lt-LT","@id":"https:\/\/www.hsymachinery.com\/#\/schema\/logo\/image\/","url":"https:\/\/www.hsymachinery.com\/wp-content\/uploads\/2025\/06\/cropped-HSY-machinery.png","contentUrl":"https:\/\/www.hsymachinery.com\/wp-content\/uploads\/2025\/06\/cropped-HSY-machinery.png","width":600,"height":240,"caption":"HSY Construction Machinery"},"image":{"@id":"https:\/\/www.hsymachinery.com\/#\/schema\/logo\/image\/"}}]}},"_links":{"self":[{"href":"https:\/\/www.hsymachinery.com\/lt\/wp-json\/wp\/v2\/product\/8915","targetHints":{"allow":["GET"]}}],"collection":[{"href":"https:\/\/www.hsymachinery.com\/lt\/wp-json\/wp\/v2\/product"}],"about":[{"href":"https:\/\/www.hsymachinery.com\/lt\/wp-json\/wp\/v2\/types\/product"}],"version-history":[{"count":4,"href":"https:\/\/www.hsymachinery.com\/lt\/wp-json\/wp\/v2\/product\/8915\/revisions"}],"predecessor-version":[{"id":9325,"href":"https:\/\/www.hsymachinery.com\/lt\/wp-json\/wp\/v2\/product\/8915\/revisions\/9325"}],"wp:featuredmedia":[{"embeddable":true,"href":"https:\/\/www.hsymachinery.com\/lt\/wp-json\/wp\/v2\/media\/8916"}],"wp:attachment":[{"href":"https:\/\/www.hsymachinery.com\/lt\/wp-json\/wp\/v2\/media?parent=8915"}],"wp:term":[{"taxonomy":"product_brand","embeddable":true,"href":"https:\/\/www.hsymachinery.com\/lt\/wp-json\/wp\/v2\/product_brand?post=8915"},{"taxonomy":"product_cat","embeddable":true,"href":"https:\/\/www.hsymachinery.com\/lt\/wp-json\/wp\/v2\/product_cat?post=8915"},{"taxonomy":"product_tag","embeddable":true,"href":"https:\/\/www.hsymachinery.com\/lt\/wp-json\/wp\/v2\/product_tag?post=8915"}],"curies":[{"name":"wp","href":"https:\/\/api.w.org\/{rel}","templated":true}]}}