{"id":8909,"date":"2025-06-18T11:16:17","date_gmt":"2025-06-18T03:16:17","guid":{"rendered":"https:\/\/www.hsymachinery.com\/?post_type=product&#038;p=8909"},"modified":"2025-06-25T20:25:23","modified_gmt":"2025-06-25T12:25:23","slug":"armaturos-pjovimo-stakles-gq40a-plokscias-peilis","status":"publish","type":"product","link":"https:\/\/www.hsymachinery.com\/lt\/produktas\/armaturos-pjovimo-stakles-gq40a-plokscias-peilis\/","title":{"rendered":"Armat\u016bros pjovimo stakl\u0117s GQ40A (plok\u0161\u010dias peilis)"},"content":{"rendered":"<h3 data-start=\"285\" data-end=\"362\">Didelio tikslumo armat\u016bros pjovimo sprendimas sud\u0117tingiems statybos projektams<\/h3>\n<h3 data-start=\"369\" data-end=\"421\">Produkto ap\u017evalga: Sukurtas kasdieniam na\u0161umui<\/h3>\n<p data-start=\"423\" data-end=\"831\">Svetain\u0117 <strong data-start=\"427\" data-end=\"471\">Armat\u016bros pjovimo stakl\u0117s GQ40A (plok\u0161\u010dias peilis)<\/strong> tai profesionalios plieno stryp\u0173 pjaustykl\u0117s, skirtos kasdieniniams statybos ir plieno gamybos projekt\u0173 poreikiams tenkinti. Tai patobulinta GQ40 modelio versija, kurioje dera galingas na\u0161umas, didelis tikslumas ir i\u0161skirtinis patvarumas. Rangovai visame pasaulyje j\u012f naudoja tokiuose projektuose kaip keliai, tiltai, tuneliai ir gel\u017ebetoniniai pastatai.<\/p>\n<h3 data-start=\"838\" data-end=\"885\">Efektyvus pjovimas naudojant plok\u0161\u010di\u0105 peilio konstrukcij\u0105<\/h3>\n<p data-start=\"887\" data-end=\"1302\">\u0160ios ma\u0161inos pagrindas - jos <strong data-start=\"924\" data-end=\"953\">plok\u0161\u010diojo peilio pjovimo sistema<\/strong>, kuris u\u017etikrina \u0161var\u0173 ir lyg\u0173 plieno stryp\u0173 pjovim\u0105. \u0160ios konstrukcijos d\u0117ka kiekvienos operacijos metu daromas tolygus spaudimas, tod\u0117l armat\u016bros strypai nesideformuoja ir suma\u017einami med\u017eiagos nuostoliai. . <strong data-start=\"1126\" data-end=\"1170\">Armat\u016bros pjovimo stakl\u0117s GQ40A (plok\u0161\u010dias peilis)<\/strong> gali lengvai apdoroti plieninius strypus, kuri\u0173 skersmuo yra nuo <strong data-start=\"1228\" data-end=\"1243\">Nuo 6 mm iki 32 mm<\/strong>, \u012fskaitant apval\u0173 plien\u0105, briaunuotus strypus ir ma\u017eaangl\u012f plien\u0105.<\/p>\n<p data-start=\"1304\" data-end=\"1493\">Be to, plok\u0161\u010di\u0105j\u012f peil\u012f lengva pri\u017ei\u016br\u0117ti ir pakeisti, tod\u0117l darbo vietose prastovos trunka minimaliai. Jo puikios kirpimo savyb\u0117s didina darbo na\u0161um\u0105 ir ma\u017eina operatoriaus nuovarg\u012f.<\/p>\n<h3 data-start=\"1500\" data-end=\"1549\">Galingas variklis ir sklandi pavar\u0173 d\u0117\u017e\u0117<\/h3>\n<p data-start=\"1551\" data-end=\"1837\">\u0160iame modelyje naudojamas <strong data-start=\"1569\" data-end=\"1602\">didelio na\u0161umo varinis variklis<\/strong> kuris u\u017etikrina didel\u012f sukimo moment\u0105 ir ma\u017eas energijos s\u0105naudas. Jis veikia tolygiai, kelia minimal\u0173 triuk\u0161m\u0105 ir vibracij\u0105, tod\u0117l tinka naudoti nepertraukiamai. Precizi\u0161kai apdirbta pavar\u0173 d\u0117\u017e\u0117 u\u017etikrina stabili\u0105 transmisij\u0105 net esant didel\u0117ms darbo apkrovoms.<\/p>\n<p data-start=\"1839\" data-end=\"1979\">D\u0117l to ma\u0161ina i\u0161laiko pjovimo tikslum\u0105 per t\u016bkstan\u010dius operacij\u0173, o tai prailgina variklio ir pjovimo peili\u0173 tarnavimo laik\u0105.<\/p>\n<h3 data-start=\"1986\" data-end=\"2036\">\u00a0Stipri strukt\u016bra ir patogus mobilumas<\/h3>\n<p data-start=\"2038\" data-end=\"2272\">Ma\u0161inos korpuso ypatyb\u0117s <strong data-start=\"2064\" data-end=\"2101\">auk\u0161tos kokyb\u0117s ketaus konstrukcija<\/strong>, kuri u\u017etikrina tvirtum\u0105 ir atsparum\u0105 vibracijai. Be to, kompakti\u0161kas dizainas ir <strong data-start=\"2188\" data-end=\"2207\">\u012fmontuoti ratai<\/strong> j\u012f lengva transportuoti ir perkelti, net ir ant nelygaus pavir\u0161iaus.<\/p>\n<p data-start=\"2274\" data-end=\"2456\">Atidaromas vir\u0161utinis dangtelis leid\u017eia greitai atlikti technin\u0119 prie\u017ei\u016br\u0105 ir pakeisti a\u0161menis. Tuo tarpu rankinio valdymo svirtis leid\u017eia naudotojams tiksliai ir saugiai kontroliuoti kiekvien\u0105 pjovim\u0105.<\/p>\n<h3 data-start=\"2463\" data-end=\"2493\">Saugumas ir pritaikomumas<\/h3>\n<p data-start=\"2495\" data-end=\"2727\">Svetain\u0117 <strong data-start=\"2499\" data-end=\"2543\">Armat\u016bros pjovimo stakl\u0117s GQ40A (plok\u0161\u010dias peilis)<\/strong> turi \u012fmontuotus apsauginius dangtelius, kad nety\u010dia neprisiliest\u0173 prie judan\u010di\u0173 dali\u0173. Valdymo mechanizmas yra paprastas, tod\u0117l idealiai tinka tiek kvalifikuotiems darbuotojams, tiek pradedantiems operatoriams.<\/p>\n<p data-start=\"2729\" data-end=\"2959\">Be to, ma\u0161ina palaiko <strong data-start=\"2760\" data-end=\"2816\">pasirinktin\u0117s \u012ftampos konfig\u016bracijos (220V\/380V, 50Hz\/60Hz)<\/strong> suderinamum\u0105 su pasauliniais elektros energijos standartais. D\u0117l to jis labai tinka tarptautiniams pirk\u0117jams ir statybin\u0117s \u012frangos platintojams.<\/p>\n<h3 data-start=\"2966\" data-end=\"3013\">\u00a0Kod\u0117l verta rinktis GQ40A plok\u0161\u010di\u0105 peil\u012f armat\u016bros pjaustytuv\u0105?<\/h3>\n<ul data-start=\"3015\" data-end=\"3260\">\n<li data-start=\"3015\" data-end=\"3067\">\n<p data-start=\"3017\" data-end=\"3067\">\u0160variai ir nuosekliai pjauna 6-32 mm armat\u016bros strypus<\/p>\n<\/li>\n<li data-start=\"3068\" data-end=\"3120\">\n<p data-start=\"3070\" data-end=\"3120\">Stiprus variklis, pasi\u017eymintis patikimu sukimo momentu ir efektyvumu<\/p>\n<\/li>\n<li data-start=\"3121\" data-end=\"3169\">\n<p data-start=\"3123\" data-end=\"3169\">Lengva pri\u017ei\u016br\u0117ti ir greitai pakeisti a\u0161menis<\/p>\n<\/li>\n<li data-start=\"3170\" data-end=\"3218\">\n<p data-start=\"3172\" data-end=\"3218\">Mobilus, kompakti\u0161kas ir tvirtas, tinkamas naudoti darbo vietoje<\/p>\n<\/li>\n<li data-start=\"3219\" data-end=\"3260\">\n<p data-start=\"3221\" data-end=\"3260\">Paruo\u0161ta eksportui su \u012ftampos pritaikymu<\/p>\n<\/li>\n<\/ul>\n<p data-start=\"3262\" data-end=\"3479\">Nesvarbu, ar dirbate su didel\u0117s apimties infrastrukt\u016bra, ar su \u012fprastu plieno apdirbimu. <strong data-start=\"3349\" data-end=\"3393\"><a href=\"https:\/\/www.hsymachinery.com\/lt\/produktai\/armaturos-pjovimo-stakles\/\" target=\"_blank\" rel=\"noopener\">Armat\u016bros pjovimo ma\u0161ina<\/a> GQ40A (plok\u0161\u010dias peilis)<\/strong> suteikia patikim\u0105, greit\u0105 pjovimo sprendim\u0105, kuris suteikia prid\u0117tin\u0117s vert\u0117s kiekvienam projektui.<\/p>\n<p><iframe title=\"# statybin\u0117s ma\u0161inos # statybinis darbininkas # pjovimo ma\u0161ina # pjovimo ma\u0161ina # pjovimo ma\u0161ina # pjovimo ma\u0161ina # pjovimo ma\u0161ina # pjovimo ma\u0161ina # pjovimo ma\u0161ina # pjovimo ma\u0161ina # pjovimo ma\u0161ina\" width=\"720\" height=\"405\" src=\"https:\/\/www.youtube.com\/embed\/tdc4TA5-zRc?feature=oembed\" frameborder=\"0\" allow=\"accelerometer; autoplay; clipboard-write; encrypted-media; gyroscope; picture-in-picture; web-share\" referrerpolicy=\"strict-origin-when-cross-origin\" allowfullscreen><\/iframe><\/p>","protected":false},"excerpt":{"rendered":"<p>GQ40A plok\u0161\u010diojo peilio armat\u016bros stryp\u0173 pjovimo stakl\u0117s greitai ir skland\u017eiai pjauna 6-32 mm plieninius strypus. Idealiai tinka kasdieniam naudojimui statybviet\u0117se ir eksporto rinkose.<\/p>","protected":false},"featured_media":8910,"template":"","meta":{"_kad_post_transparent":"default","_kad_post_title":"","_kad_post_layout":"default","_kad_post_sidebar_id":"","_kad_post_content_style":"default","_kad_post_vertical_padding":"default","_kad_post_feature":"","_kad_post_feature_position":"","_kad_post_header":false,"_kad_post_footer":false},"product_brand":[],"product_cat":[51],"product_tag":[988,992,990,989,993,985,994,987,984,991,986],"class_list":{"0":"post-8909","1":"product","2":"type-product","3":"status-publish","4":"has-post-thumbnail","6":"product_cat-rebar-cutting-machine","7":"product_tag-automatic-rebar-cutter","8":"product_tag-construction-steel-bar-cutter","9":"product_tag-electric-rebar-cutting-tool","10":"product_tag-hydraulic-rebar-cutting-machine","11":"product_tag-portable-rebar-cutting-machine","12":"product_tag-rebar-cutter","13":"product_tag-rebar-cutting-machine","14":"product_tag-reinforcement-bar-cutter","15":"product_tag-steel-bar-cutting-machine","16":"product_tag-steel-rod-cutter-machine","17":"product_tag-tmt-bar-cutting-machine","19":"first","20":"instock","21":"shipping-taxable","22":"product-type-simple","23":"entry","24":"content-bg","25":"loop-entry"},"yoast_head":"<!-- This site is optimized with the Yoast SEO plugin v25.3.1 - https:\/\/yoast.com\/wordpress\/plugins\/seo\/ -->\n<title>Rebar Cutting Machine GQ40A (Flat knife) - HSY Construction Machinery<\/title>\n<meta name=\"description\" content=\"The Rebar Cutting Machine GQ40A (Flat Knife) cuts 6\u201332mm rebar cleanly and efficiently. Designed for high-volume construction and global export.\" \/>\n<meta name=\"robots\" content=\"index, follow, max-snippet:-1, max-image-preview:large, max-video-preview:-1\" \/>\n<link rel=\"canonical\" href=\"https:\/\/www.hsymachinery.com\/lt\/produktas\/armaturos-pjovimo-stakles-gq40a-plokscias-peilis\/\" \/>\n<meta property=\"og:locale\" content=\"lt_LT\" \/>\n<meta property=\"og:type\" content=\"article\" \/>\n<meta property=\"og:title\" content=\"Rebar Cutting Machine GQ40A (Flat knife) - HSY Construction Machinery\" \/>\n<meta property=\"og:description\" content=\"The Rebar Cutting Machine GQ40A (Flat Knife) cuts 6\u201332mm rebar cleanly and efficiently. Designed for high-volume construction and global export.\" \/>\n<meta property=\"og:url\" content=\"https:\/\/www.hsymachinery.com\/lt\/produktas\/armaturos-pjovimo-stakles-gq40a-plokscias-peilis\/\" \/>\n<meta property=\"og:site_name\" content=\"HSY Construction Machinery\" \/>\n<meta property=\"article:modified_time\" content=\"2025-06-25T12:25:23+00:00\" \/>\n<meta property=\"og:image\" content=\"https:\/\/www.hsymachinery.com\/wp-content\/uploads\/2025\/06\/Rebar-Cutting-Machine-GQ40A-Flat-knife.jpg\" \/>\n\t<meta property=\"og:image:width\" content=\"600\" \/>\n\t<meta property=\"og:image:height\" content=\"600\" \/>\n\t<meta property=\"og:image:type\" content=\"image\/jpeg\" \/>\n<meta name=\"twitter:card\" content=\"summary_large_image\" \/>\n<meta name=\"twitter:label1\" content=\"Est. reading time\" \/>\n\t<meta name=\"twitter:data1\" content=\"3 minut\u0117s\" \/>\n<script type=\"application\/ld+json\" class=\"yoast-schema-graph\">{\"@context\":\"https:\/\/schema.org\",\"@graph\":[{\"@type\":\"WebPage\",\"@id\":\"https:\/\/www.hsymachinery.com\/product\/rebar-cutting-machine-gq40a-flat-knife\/\",\"url\":\"https:\/\/www.hsymachinery.com\/product\/rebar-cutting-machine-gq40a-flat-knife\/\",\"name\":\"Rebar Cutting Machine GQ40A (Flat knife) - HSY Construction Machinery\",\"isPartOf\":{\"@id\":\"https:\/\/www.hsymachinery.com\/#website\"},\"primaryImageOfPage\":{\"@id\":\"https:\/\/www.hsymachinery.com\/product\/rebar-cutting-machine-gq40a-flat-knife\/#primaryimage\"},\"image\":{\"@id\":\"https:\/\/www.hsymachinery.com\/product\/rebar-cutting-machine-gq40a-flat-knife\/#primaryimage\"},\"thumbnailUrl\":\"https:\/\/www.hsymachinery.com\/wp-content\/uploads\/2025\/06\/Rebar-Cutting-Machine-GQ40A-Flat-knife.jpg\",\"datePublished\":\"2025-06-18T03:16:17+00:00\",\"dateModified\":\"2025-06-25T12:25:23+00:00\",\"description\":\"The Rebar Cutting Machine GQ40A (Flat Knife) cuts 6\u201332mm rebar cleanly and efficiently. Designed for high-volume construction and global export.\",\"breadcrumb\":{\"@id\":\"https:\/\/www.hsymachinery.com\/product\/rebar-cutting-machine-gq40a-flat-knife\/#breadcrumb\"},\"inLanguage\":\"lt-LT\",\"potentialAction\":[{\"@type\":\"ReadAction\",\"target\":[\"https:\/\/www.hsymachinery.com\/product\/rebar-cutting-machine-gq40a-flat-knife\/\"]}]},{\"@type\":\"ImageObject\",\"inLanguage\":\"lt-LT\",\"@id\":\"https:\/\/www.hsymachinery.com\/product\/rebar-cutting-machine-gq40a-flat-knife\/#primaryimage\",\"url\":\"https:\/\/www.hsymachinery.com\/wp-content\/uploads\/2025\/06\/Rebar-Cutting-Machine-GQ40A-Flat-knife.jpg\",\"contentUrl\":\"https:\/\/www.hsymachinery.com\/wp-content\/uploads\/2025\/06\/Rebar-Cutting-Machine-GQ40A-Flat-knife.jpg\",\"width\":600,\"height\":600},{\"@type\":\"BreadcrumbList\",\"@id\":\"https:\/\/www.hsymachinery.com\/product\/rebar-cutting-machine-gq40a-flat-knife\/#breadcrumb\",\"itemListElement\":[{\"@type\":\"ListItem\",\"position\":1,\"name\":\"home\",\"item\":\"https:\/\/www.hsymachinery.com\/\"},{\"@type\":\"ListItem\",\"position\":2,\"name\":\"products\",\"item\":\"https:\/\/www.hsymachinery.com\/products\/\"},{\"@type\":\"ListItem\",\"position\":3,\"name\":\"Rebar Cutting Machine GQ40A (Flat knife)\"}]},{\"@type\":\"WebSite\",\"@id\":\"https:\/\/www.hsymachinery.com\/#website\",\"url\":\"https:\/\/www.hsymachinery.com\/\",\"name\":\"HSY Construction Machinery\",\"description\":\"HSY Machinery \u2013 A leading China construction machinery supplier, offering a wide range of light construction equipment. Our main products include Rebar Cutting Machine, Rebar Bending Machine, Rebar Stirrup Bending Machine, Rebar Arc Bending Machine, Rebar Straightening Machine, Five-Head Rebar Stirrup Bending Machine, Tamping Rammer, Plate Compactor, Concrete Cutter, Power Trowel, and other construction machinery. We are equipped with advanced CNC machines, and we enforce strict quality inspection standards along with comprehensive after-sales service. If you are interested in our products or services, we warmly welcome your inquiries via message.\",\"publisher\":{\"@id\":\"https:\/\/www.hsymachinery.com\/#organization\"},\"potentialAction\":[{\"@type\":\"SearchAction\",\"target\":{\"@type\":\"EntryPoint\",\"urlTemplate\":\"https:\/\/www.hsymachinery.com\/?s={search_term_string}\"},\"query-input\":{\"@type\":\"PropertyValueSpecification\",\"valueRequired\":true,\"valueName\":\"search_term_string\"}}],\"inLanguage\":\"lt-LT\"},{\"@type\":\"Organization\",\"@id\":\"https:\/\/www.hsymachinery.com\/#organization\",\"name\":\"HSY Construction Machinery\",\"url\":\"https:\/\/www.hsymachinery.com\/\",\"logo\":{\"@type\":\"ImageObject\",\"inLanguage\":\"lt-LT\",\"@id\":\"https:\/\/www.hsymachinery.com\/#\/schema\/logo\/image\/\",\"url\":\"https:\/\/www.hsymachinery.com\/wp-content\/uploads\/2025\/06\/cropped-HSY-machinery.png\",\"contentUrl\":\"https:\/\/www.hsymachinery.com\/wp-content\/uploads\/2025\/06\/cropped-HSY-machinery.png\",\"width\":600,\"height\":240,\"caption\":\"HSY Construction Machinery\"},\"image\":{\"@id\":\"https:\/\/www.hsymachinery.com\/#\/schema\/logo\/image\/\"}}]}<\/script>\n<!-- \/ Yoast SEO plugin. -->","yoast_head_json":{"title":"Armat\u016bros pjaustymo stakl\u0117s GQ40A (plok\u0161\u010dias peilis) - HSY statybin\u0117s ma\u0161inos","description":"Armat\u016bros pjovimo stakl\u0117s GQ40A (plok\u0161\u010dias peilis) \u0161variai ir efektyviai pjauna 6-32 mm armat\u016bros strypus. Sukurta didel\u0117s apimties statyboms ir pasauliniam eksportui.","robots":{"index":"index","follow":"follow","max-snippet":"max-snippet:-1","max-image-preview":"max-image-preview:large","max-video-preview":"max-video-preview:-1"},"canonical":"https:\/\/www.hsymachinery.com\/lt\/produktas\/armaturos-pjovimo-stakles-gq40a-plokscias-peilis\/","og_locale":"lt_LT","og_type":"article","og_title":"Rebar Cutting Machine GQ40A (Flat knife) - HSY Construction Machinery","og_description":"The Rebar Cutting Machine GQ40A (Flat Knife) cuts 6\u201332mm rebar cleanly and efficiently. Designed for high-volume construction and global export.","og_url":"https:\/\/www.hsymachinery.com\/lt\/produktas\/armaturos-pjovimo-stakles-gq40a-plokscias-peilis\/","og_site_name":"HSY Construction Machinery","article_modified_time":"2025-06-25T12:25:23+00:00","og_image":[{"width":600,"height":600,"url":"https:\/\/www.hsymachinery.com\/wp-content\/uploads\/2025\/06\/Rebar-Cutting-Machine-GQ40A-Flat-knife.jpg","type":"image\/jpeg"}],"twitter_card":"summary_large_image","twitter_misc":{"Est. reading time":"3 minut\u0117s"},"schema":{"@context":"https:\/\/schema.org","@graph":[{"@type":"WebPage","@id":"https:\/\/www.hsymachinery.com\/product\/rebar-cutting-machine-gq40a-flat-knife\/","url":"https:\/\/www.hsymachinery.com\/product\/rebar-cutting-machine-gq40a-flat-knife\/","name":"Armat\u016bros pjaustymo stakl\u0117s GQ40A (plok\u0161\u010dias peilis) - HSY statybin\u0117s ma\u0161inos","isPartOf":{"@id":"https:\/\/www.hsymachinery.com\/#website"},"primaryImageOfPage":{"@id":"https:\/\/www.hsymachinery.com\/product\/rebar-cutting-machine-gq40a-flat-knife\/#primaryimage"},"image":{"@id":"https:\/\/www.hsymachinery.com\/product\/rebar-cutting-machine-gq40a-flat-knife\/#primaryimage"},"thumbnailUrl":"https:\/\/www.hsymachinery.com\/wp-content\/uploads\/2025\/06\/Rebar-Cutting-Machine-GQ40A-Flat-knife.jpg","datePublished":"2025-06-18T03:16:17+00:00","dateModified":"2025-06-25T12:25:23+00:00","description":"Armat\u016bros pjovimo stakl\u0117s GQ40A (plok\u0161\u010dias peilis) \u0161variai ir efektyviai pjauna 6-32 mm armat\u016bros strypus. Sukurta didel\u0117s apimties statyboms ir pasauliniam eksportui.","breadcrumb":{"@id":"https:\/\/www.hsymachinery.com\/product\/rebar-cutting-machine-gq40a-flat-knife\/#breadcrumb"},"inLanguage":"lt-LT","potentialAction":[{"@type":"ReadAction","target":["https:\/\/www.hsymachinery.com\/product\/rebar-cutting-machine-gq40a-flat-knife\/"]}]},{"@type":"ImageObject","inLanguage":"lt-LT","@id":"https:\/\/www.hsymachinery.com\/product\/rebar-cutting-machine-gq40a-flat-knife\/#primaryimage","url":"https:\/\/www.hsymachinery.com\/wp-content\/uploads\/2025\/06\/Rebar-Cutting-Machine-GQ40A-Flat-knife.jpg","contentUrl":"https:\/\/www.hsymachinery.com\/wp-content\/uploads\/2025\/06\/Rebar-Cutting-Machine-GQ40A-Flat-knife.jpg","width":600,"height":600},{"@type":"BreadcrumbList","@id":"https:\/\/www.hsymachinery.com\/product\/rebar-cutting-machine-gq40a-flat-knife\/#breadcrumb","itemListElement":[{"@type":"ListItem","position":1,"name":"home","item":"https:\/\/www.hsymachinery.com\/"},{"@type":"ListItem","position":2,"name":"products","item":"https:\/\/www.hsymachinery.com\/products\/"},{"@type":"ListItem","position":3,"name":"Rebar Cutting Machine GQ40A (Flat knife)"}]},{"@type":"WebSite","@id":"https:\/\/www.hsymachinery.com\/#website","url":"https:\/\/www.hsymachinery.com\/","name":"HSY statybin\u0117s ma\u0161inos","description":"\"HSY Machinery\" - pirmaujanti Kinijos statybos ma\u0161in\u0173 tiek\u0117ja, si\u016blanti plat\u0173 lengvosios statybos \u012frangos asortiment\u0105. Pagrindiniai m\u016bs\u0173 produktai - armat\u016bros pjovimo stakl\u0117s, armat\u016bros lenkimo stakl\u0117s, armat\u016bros stryp\u0173 lenkimo stakl\u0117s, armat\u016bros lanko lenkimo stakl\u0117s, armat\u016bros tiesinimo stakl\u0117s, penki\u0173 galvu\u010di\u0173 armat\u016bros stryp\u0173 lenkimo stakl\u0117s, tankinimo plaktukas, plok\u0161\u010di\u0173 tankintuvas, betono pjaustykl\u0117, elektrin\u0117 mentele ir kita statybin\u0117 technika. Turime pa\u017eangias CNC stakles, taikome grie\u017etus kokyb\u0117s tikrinimo standartus ir teikiame visapusi\u0161kas garantinio aptarnavimo paslaugas. Jei jus domina m\u016bs\u0173 gaminiai ar paslaugos, maloniai laukiame j\u016bs\u0173 u\u017eklaus\u0173 \u017einute.","publisher":{"@id":"https:\/\/www.hsymachinery.com\/#organization"},"potentialAction":[{"@type":"SearchAction","target":{"@type":"EntryPoint","urlTemplate":"https:\/\/www.hsymachinery.com\/?s={search_term_string}"},"query-input":{"@type":"PropertyValueSpecification","valueRequired":true,"valueName":"search_term_string"}}],"inLanguage":"lt-LT"},{"@type":"Organization","@id":"https:\/\/www.hsymachinery.com\/#organization","name":"HSY statybin\u0117s ma\u0161inos","url":"https:\/\/www.hsymachinery.com\/","logo":{"@type":"ImageObject","inLanguage":"lt-LT","@id":"https:\/\/www.hsymachinery.com\/#\/schema\/logo\/image\/","url":"https:\/\/www.hsymachinery.com\/wp-content\/uploads\/2025\/06\/cropped-HSY-machinery.png","contentUrl":"https:\/\/www.hsymachinery.com\/wp-content\/uploads\/2025\/06\/cropped-HSY-machinery.png","width":600,"height":240,"caption":"HSY Construction Machinery"},"image":{"@id":"https:\/\/www.hsymachinery.com\/#\/schema\/logo\/image\/"}}]}},"_links":{"self":[{"href":"https:\/\/www.hsymachinery.com\/lt\/wp-json\/wp\/v2\/product\/8909","targetHints":{"allow":["GET"]}}],"collection":[{"href":"https:\/\/www.hsymachinery.com\/lt\/wp-json\/wp\/v2\/product"}],"about":[{"href":"https:\/\/www.hsymachinery.com\/lt\/wp-json\/wp\/v2\/types\/product"}],"version-history":[{"count":4,"href":"https:\/\/www.hsymachinery.com\/lt\/wp-json\/wp\/v2\/product\/8909\/revisions"}],"predecessor-version":[{"id":9320,"href":"https:\/\/www.hsymachinery.com\/lt\/wp-json\/wp\/v2\/product\/8909\/revisions\/9320"}],"wp:featuredmedia":[{"embeddable":true,"href":"https:\/\/www.hsymachinery.com\/lt\/wp-json\/wp\/v2\/media\/8910"}],"wp:attachment":[{"href":"https:\/\/www.hsymachinery.com\/lt\/wp-json\/wp\/v2\/media?parent=8909"}],"wp:term":[{"taxonomy":"product_brand","embeddable":true,"href":"https:\/\/www.hsymachinery.com\/lt\/wp-json\/wp\/v2\/product_brand?post=8909"},{"taxonomy":"product_cat","embeddable":true,"href":"https:\/\/www.hsymachinery.com\/lt\/wp-json\/wp\/v2\/product_cat?post=8909"},{"taxonomy":"product_tag","embeddable":true,"href":"https:\/\/www.hsymachinery.com\/lt\/wp-json\/wp\/v2\/product_tag?post=8909"}],"curies":[{"name":"wp","href":"https:\/\/api.w.org\/{rel}","templated":true}]}}