{"id":8892,"date":"2025-06-16T10:10:43","date_gmt":"2025-06-16T02:10:43","guid":{"rendered":"https:\/\/www.hsymachinery.com\/?post_type=product&#038;p=8892"},"modified":"2025-06-25T20:14:34","modified_gmt":"2025-06-25T12:14:34","slug":"armaturos-pjovimo-stakles-gq40-plokscias-peilis","status":"publish","type":"product","link":"https:\/\/www.hsymachinery.com\/lt\/produktas\/armaturos-pjovimo-stakles-gq40-plokscias-peilis\/","title":{"rendered":"Armat\u016bros pjovimo stakl\u0117s GQ40 (plok\u0161\u010dias peilis)"},"content":{"rendered":"<p data-start=\"333\" data-end=\"553\">Svetain\u0117 <strong data-start=\"337\" data-end=\"383\">GQ40 armat\u016bros pjovimo stakl\u0117s su plok\u0161\u010diu peiliu<\/strong> greitai ir tiksliai pjauna plieno strypus. Statybinink\u0173 komandos visame pasaulyje juo pasikliauja kasdien dirbdamos statyb\u0173 aik\u0161tel\u0117se, tilt\u0173 ir keli\u0173 tiesimo projektuose.<\/p>\n<p data-start=\"555\" data-end=\"790\">\u0160iose stakl\u0117se naudojama plok\u0161\u010di\u0173j\u0173 peili\u0173 sistema, skirta pjauti anglin\u012f plien\u0105, deformuotus plieno strypus ir apvalius strypus. Galite pjauti armat\u016bros strypus, kuri\u0173 skersmuo yra nuo 6 mm iki 28 mm. Plok\u0161\u010diasis peilis veikia tolygiai, tod\u0117l kiekvienas pj\u016bvis yra \u0161varus ir be atplai\u0161\u0173.<\/p>\n<p data-start=\"792\" data-end=\"1029\">GQ40 turi didel\u0117s galios varikl\u012f ir patvari\u0105 pavar\u0173 sistem\u0105. Darbuotojai gali j\u012f naudoti nepertraukiamai ir neperkaisti. Ma\u0161ina veikia skland\u017eiai ir sukelia minimali\u0105 vibracij\u0105. D\u0117l \u012fmontuot\u0173 ratuk\u0173 j\u012f lengva perkelti per darbo viet\u0105.<\/p>\n<p data-start=\"1031\" data-end=\"1198\">R\u0117mas pagamintas i\u0161 didelio atsparumo ketaus. Jis atsparus nusid\u0117v\u0117jimui ir ilgus metus u\u017etikrina stabil\u0173 pjovim\u0105. Plok\u0161\u010dias peili\u0173 modulis leid\u017eia greitai pakeisti peilius ir atlikti paprast\u0105 technin\u0119 prie\u017ei\u016br\u0105.<\/p>\n<p data-start=\"1200\" data-end=\"1392\">Pjovimo veiksmus operatorius valdo rankine svirtimi. Ma\u0161ina reaguoja greitai, tod\u0117l padid\u0117ja darbo vietoje na\u0161umas. Apsauginiai skydai saugo naudotojus darbo metu, neu\u017estodami matomumo.<\/p>\n<p data-start=\"1394\" data-end=\"1429\">\u0160is armat\u016bros pjaustytuvas tinka daugeliui naudotoj\u0173:<\/p>\n<ul data-start=\"1430\" data-end=\"1498\">\n<li data-start=\"1430\" data-end=\"1443\">\n<p data-start=\"1432\" data-end=\"1443\">Rangovai<\/p>\n<\/li>\n<li data-start=\"1444\" data-end=\"1468\">\n<p data-start=\"1446\" data-end=\"1468\">Armat\u016bros apdirbimo cechai<\/p>\n<\/li>\n<li data-start=\"1469\" data-end=\"1498\">\n<p data-start=\"1471\" data-end=\"1498\">Civilin\u0117s in\u017einerijos \u012fmon\u0117s<\/p>\n<\/li>\n<\/ul>\n<p data-start=\"1500\" data-end=\"1654\">D\u0117l kompakti\u0161ko dyd\u017eio ir suderinamumo su tarptautine \u012ftampa (220V\/380V, 50Hz\/60Hz) jis idealiai tinka eksportui. J\u012f galima sumontuoti be joki\u0173 mokym\u0173.<\/p>\n<p data-start=\"1656\" data-end=\"1846\">Pasirinkite<a href=\"https:\/\/www.hsymachinery.com\/lt\/produktai\/armaturos-pjovimo-stakles\/\" target=\"_blank\" rel=\"noopener\"> Armat\u016bros pjovimo ma\u0161ina<\/a> GQ40 (plok\u0161\u010dias peilis), jei norite patikimo veikimo, ma\u017eai prie\u017ei\u016bros ir greito pjovimo kiekvien\u0105 dien\u0105. Jis taupo laik\u0105, ma\u017eina armat\u016bros atliek\u0173 kiek\u012f ir u\u017etikrina j\u016bs\u0173 komandos produktyvum\u0105.<\/p>\n<p><iframe title=\"armat\u016bros stryp\u0173 pjovimo stakl\u0117s, plieno stryp\u0173 pjovimo stakl\u0117s, statybos ma\u0161inos\" width=\"720\" height=\"405\" src=\"https:\/\/www.youtube.com\/embed\/cIrJPBezWsw?feature=oembed\" frameborder=\"0\" allow=\"accelerometer; autoplay; clipboard-write; encrypted-media; gyroscope; picture-in-picture; web-share\" referrerpolicy=\"strict-origin-when-cross-origin\" allowfullscreen><\/iframe><\/p>","protected":false},"excerpt":{"rendered":"<p>GQ40 armat\u016bros stryp\u0173 pjaustytuvas su plok\u0161\u010diu peiliu greitai ir tiksliai pjauna 6-28 mm storio strypus. Ne\u0161iojamas, patvarus ir idealiai tinka kasdieniam naudojimui statybose.<\/p>","protected":false},"featured_media":8908,"template":"","meta":{"_kad_post_transparent":"default","_kad_post_title":"","_kad_post_layout":"default","_kad_post_sidebar_id":"","_kad_post_content_style":"default","_kad_post_vertical_padding":"default","_kad_post_feature":"","_kad_post_feature_position":"","_kad_post_header":false,"_kad_post_footer":false},"product_brand":[],"product_cat":[51],"product_tag":[988,992,990,989,993,985,994,987,984,991,986],"class_list":{"0":"post-8892","1":"product","2":"type-product","3":"status-publish","4":"has-post-thumbnail","6":"product_cat-rebar-cutting-machine","7":"product_tag-automatic-rebar-cutter","8":"product_tag-construction-steel-bar-cutter","9":"product_tag-electric-rebar-cutting-tool","10":"product_tag-hydraulic-rebar-cutting-machine","11":"product_tag-portable-rebar-cutting-machine","12":"product_tag-rebar-cutter","13":"product_tag-rebar-cutting-machine","14":"product_tag-reinforcement-bar-cutter","15":"product_tag-steel-bar-cutting-machine","16":"product_tag-steel-rod-cutter-machine","17":"product_tag-tmt-bar-cutting-machine","19":"first","20":"instock","21":"shipping-taxable","22":"product-type-simple","23":"entry","24":"content-bg","25":"loop-entry"},"yoast_head":"<!-- This site is optimized with the Yoast SEO plugin v25.3.1 - https:\/\/yoast.com\/wordpress\/plugins\/seo\/ -->\n<title>Rebar Cutting Machine GQ40 (Flat knife) - HSY Construction Machinery<\/title>\n<meta name=\"description\" content=\"Export-grade GQ40 Rebar Cutting Machine with flat knife cuts 6\u201328mm rebar fast and clean. Ideal for construction and steel processing.\" \/>\n<meta name=\"robots\" content=\"index, follow, max-snippet:-1, max-image-preview:large, max-video-preview:-1\" \/>\n<link rel=\"canonical\" href=\"https:\/\/www.hsymachinery.com\/lt\/produktas\/armaturos-pjovimo-stakles-gq40-plokscias-peilis\/\" \/>\n<meta property=\"og:locale\" content=\"lt_LT\" \/>\n<meta property=\"og:type\" content=\"article\" \/>\n<meta property=\"og:title\" content=\"Rebar Cutting Machine GQ40 (Flat knife) - HSY Construction Machinery\" \/>\n<meta property=\"og:description\" content=\"Export-grade GQ40 Rebar Cutting Machine with flat knife cuts 6\u201328mm rebar fast and clean. Ideal for construction and steel processing.\" \/>\n<meta property=\"og:url\" content=\"https:\/\/www.hsymachinery.com\/lt\/produktas\/armaturos-pjovimo-stakles-gq40-plokscias-peilis\/\" \/>\n<meta property=\"og:site_name\" content=\"HSY Construction Machinery\" \/>\n<meta property=\"article:modified_time\" content=\"2025-06-25T12:14:34+00:00\" \/>\n<meta property=\"og:image\" content=\"https:\/\/www.hsymachinery.com\/wp-content\/uploads\/2025\/06\/Rebar-Cutting-Machine-GQ40-Flat-knife.jpg\" \/>\n\t<meta property=\"og:image:width\" content=\"600\" \/>\n\t<meta property=\"og:image:height\" content=\"600\" \/>\n\t<meta property=\"og:image:type\" content=\"image\/jpeg\" \/>\n<meta name=\"twitter:card\" content=\"summary_large_image\" \/>\n<meta name=\"twitter:label1\" content=\"Est. reading time\" \/>\n\t<meta name=\"twitter:data1\" content=\"2 minut\u0117s\" \/>\n<script type=\"application\/ld+json\" class=\"yoast-schema-graph\">{\"@context\":\"https:\/\/schema.org\",\"@graph\":[{\"@type\":\"WebPage\",\"@id\":\"https:\/\/www.hsymachinery.com\/product\/rebar-cutting-machine-gq40-flat-knife\/\",\"url\":\"https:\/\/www.hsymachinery.com\/product\/rebar-cutting-machine-gq40-flat-knife\/\",\"name\":\"Rebar Cutting Machine GQ40 (Flat knife) - HSY Construction Machinery\",\"isPartOf\":{\"@id\":\"https:\/\/www.hsymachinery.com\/#website\"},\"primaryImageOfPage\":{\"@id\":\"https:\/\/www.hsymachinery.com\/product\/rebar-cutting-machine-gq40-flat-knife\/#primaryimage\"},\"image\":{\"@id\":\"https:\/\/www.hsymachinery.com\/product\/rebar-cutting-machine-gq40-flat-knife\/#primaryimage\"},\"thumbnailUrl\":\"https:\/\/www.hsymachinery.com\/wp-content\/uploads\/2025\/06\/Rebar-Cutting-Machine-GQ40-Flat-knife.jpg\",\"datePublished\":\"2025-06-16T02:10:43+00:00\",\"dateModified\":\"2025-06-25T12:14:34+00:00\",\"description\":\"Export-grade GQ40 Rebar Cutting Machine with flat knife cuts 6\u201328mm rebar fast and clean. Ideal for construction and steel processing.\",\"breadcrumb\":{\"@id\":\"https:\/\/www.hsymachinery.com\/product\/rebar-cutting-machine-gq40-flat-knife\/#breadcrumb\"},\"inLanguage\":\"lt-LT\",\"potentialAction\":[{\"@type\":\"ReadAction\",\"target\":[\"https:\/\/www.hsymachinery.com\/product\/rebar-cutting-machine-gq40-flat-knife\/\"]}]},{\"@type\":\"ImageObject\",\"inLanguage\":\"lt-LT\",\"@id\":\"https:\/\/www.hsymachinery.com\/product\/rebar-cutting-machine-gq40-flat-knife\/#primaryimage\",\"url\":\"https:\/\/www.hsymachinery.com\/wp-content\/uploads\/2025\/06\/Rebar-Cutting-Machine-GQ40-Flat-knife.jpg\",\"contentUrl\":\"https:\/\/www.hsymachinery.com\/wp-content\/uploads\/2025\/06\/Rebar-Cutting-Machine-GQ40-Flat-knife.jpg\",\"width\":600,\"height\":600},{\"@type\":\"BreadcrumbList\",\"@id\":\"https:\/\/www.hsymachinery.com\/product\/rebar-cutting-machine-gq40-flat-knife\/#breadcrumb\",\"itemListElement\":[{\"@type\":\"ListItem\",\"position\":1,\"name\":\"home\",\"item\":\"https:\/\/www.hsymachinery.com\/\"},{\"@type\":\"ListItem\",\"position\":2,\"name\":\"products\",\"item\":\"https:\/\/www.hsymachinery.com\/products\/\"},{\"@type\":\"ListItem\",\"position\":3,\"name\":\"Rebar Cutting Machine GQ40 (Flat knife)\"}]},{\"@type\":\"WebSite\",\"@id\":\"https:\/\/www.hsymachinery.com\/#website\",\"url\":\"https:\/\/www.hsymachinery.com\/\",\"name\":\"HSY Construction Machinery\",\"description\":\"HSY Machinery \u2013 A leading China construction machinery supplier, offering a wide range of light construction equipment. Our main products include Rebar Cutting Machine, Rebar Bending Machine, Rebar Stirrup Bending Machine, Rebar Arc Bending Machine, Rebar Straightening Machine, Five-Head Rebar Stirrup Bending Machine, Tamping Rammer, Plate Compactor, Concrete Cutter, Power Trowel, and other construction machinery. We are equipped with advanced CNC machines, and we enforce strict quality inspection standards along with comprehensive after-sales service. If you are interested in our products or services, we warmly welcome your inquiries via message.\",\"publisher\":{\"@id\":\"https:\/\/www.hsymachinery.com\/#organization\"},\"potentialAction\":[{\"@type\":\"SearchAction\",\"target\":{\"@type\":\"EntryPoint\",\"urlTemplate\":\"https:\/\/www.hsymachinery.com\/?s={search_term_string}\"},\"query-input\":{\"@type\":\"PropertyValueSpecification\",\"valueRequired\":true,\"valueName\":\"search_term_string\"}}],\"inLanguage\":\"lt-LT\"},{\"@type\":\"Organization\",\"@id\":\"https:\/\/www.hsymachinery.com\/#organization\",\"name\":\"HSY Construction Machinery\",\"url\":\"https:\/\/www.hsymachinery.com\/\",\"logo\":{\"@type\":\"ImageObject\",\"inLanguage\":\"lt-LT\",\"@id\":\"https:\/\/www.hsymachinery.com\/#\/schema\/logo\/image\/\",\"url\":\"https:\/\/www.hsymachinery.com\/wp-content\/uploads\/2025\/06\/cropped-HSY-machinery.png\",\"contentUrl\":\"https:\/\/www.hsymachinery.com\/wp-content\/uploads\/2025\/06\/cropped-HSY-machinery.png\",\"width\":600,\"height\":240,\"caption\":\"HSY Construction Machinery\"},\"image\":{\"@id\":\"https:\/\/www.hsymachinery.com\/#\/schema\/logo\/image\/\"}}]}<\/script>\n<!-- \/ Yoast SEO plugin. -->","yoast_head_json":{"title":"Armat\u016bros pjaustymo stakl\u0117s GQ40 (plok\u0161\u010dias peilis) - HSY statybin\u0117s ma\u0161inos","description":"Eksporto klas\u0117s GQ40 armat\u016bros pjovimo stakl\u0117s su plok\u0161\u010diu peiliu greitai ir \u0161variai pjauna 6-28 mm armat\u016bros strypus. Idealiai tinka statyboms ir plieno apdirbimui.","robots":{"index":"index","follow":"follow","max-snippet":"max-snippet:-1","max-image-preview":"max-image-preview:large","max-video-preview":"max-video-preview:-1"},"canonical":"https:\/\/www.hsymachinery.com\/lt\/produktas\/armaturos-pjovimo-stakles-gq40-plokscias-peilis\/","og_locale":"lt_LT","og_type":"article","og_title":"Rebar Cutting Machine GQ40 (Flat knife) - HSY Construction Machinery","og_description":"Export-grade GQ40 Rebar Cutting Machine with flat knife cuts 6\u201328mm rebar fast and clean. Ideal for construction and steel processing.","og_url":"https:\/\/www.hsymachinery.com\/lt\/produktas\/armaturos-pjovimo-stakles-gq40-plokscias-peilis\/","og_site_name":"HSY Construction Machinery","article_modified_time":"2025-06-25T12:14:34+00:00","og_image":[{"width":600,"height":600,"url":"https:\/\/www.hsymachinery.com\/wp-content\/uploads\/2025\/06\/Rebar-Cutting-Machine-GQ40-Flat-knife.jpg","type":"image\/jpeg"}],"twitter_card":"summary_large_image","twitter_misc":{"Est. reading time":"2 minut\u0117s"},"schema":{"@context":"https:\/\/schema.org","@graph":[{"@type":"WebPage","@id":"https:\/\/www.hsymachinery.com\/product\/rebar-cutting-machine-gq40-flat-knife\/","url":"https:\/\/www.hsymachinery.com\/product\/rebar-cutting-machine-gq40-flat-knife\/","name":"Armat\u016bros pjaustymo stakl\u0117s GQ40 (plok\u0161\u010dias peilis) - HSY statybin\u0117s ma\u0161inos","isPartOf":{"@id":"https:\/\/www.hsymachinery.com\/#website"},"primaryImageOfPage":{"@id":"https:\/\/www.hsymachinery.com\/product\/rebar-cutting-machine-gq40-flat-knife\/#primaryimage"},"image":{"@id":"https:\/\/www.hsymachinery.com\/product\/rebar-cutting-machine-gq40-flat-knife\/#primaryimage"},"thumbnailUrl":"https:\/\/www.hsymachinery.com\/wp-content\/uploads\/2025\/06\/Rebar-Cutting-Machine-GQ40-Flat-knife.jpg","datePublished":"2025-06-16T02:10:43+00:00","dateModified":"2025-06-25T12:14:34+00:00","description":"Eksporto klas\u0117s GQ40 armat\u016bros pjovimo stakl\u0117s su plok\u0161\u010diu peiliu greitai ir \u0161variai pjauna 6-28 mm armat\u016bros strypus. Idealiai tinka statyboms ir plieno apdirbimui.","breadcrumb":{"@id":"https:\/\/www.hsymachinery.com\/product\/rebar-cutting-machine-gq40-flat-knife\/#breadcrumb"},"inLanguage":"lt-LT","potentialAction":[{"@type":"ReadAction","target":["https:\/\/www.hsymachinery.com\/product\/rebar-cutting-machine-gq40-flat-knife\/"]}]},{"@type":"ImageObject","inLanguage":"lt-LT","@id":"https:\/\/www.hsymachinery.com\/product\/rebar-cutting-machine-gq40-flat-knife\/#primaryimage","url":"https:\/\/www.hsymachinery.com\/wp-content\/uploads\/2025\/06\/Rebar-Cutting-Machine-GQ40-Flat-knife.jpg","contentUrl":"https:\/\/www.hsymachinery.com\/wp-content\/uploads\/2025\/06\/Rebar-Cutting-Machine-GQ40-Flat-knife.jpg","width":600,"height":600},{"@type":"BreadcrumbList","@id":"https:\/\/www.hsymachinery.com\/product\/rebar-cutting-machine-gq40-flat-knife\/#breadcrumb","itemListElement":[{"@type":"ListItem","position":1,"name":"home","item":"https:\/\/www.hsymachinery.com\/"},{"@type":"ListItem","position":2,"name":"products","item":"https:\/\/www.hsymachinery.com\/products\/"},{"@type":"ListItem","position":3,"name":"Rebar Cutting Machine GQ40 (Flat knife)"}]},{"@type":"WebSite","@id":"https:\/\/www.hsymachinery.com\/#website","url":"https:\/\/www.hsymachinery.com\/","name":"HSY statybin\u0117s ma\u0161inos","description":"\"HSY Machinery\" - pirmaujanti Kinijos statybos ma\u0161in\u0173 tiek\u0117ja, si\u016blanti plat\u0173 lengvosios statybos \u012frangos asortiment\u0105. Pagrindiniai m\u016bs\u0173 produktai - armat\u016bros pjovimo stakl\u0117s, armat\u016bros lenkimo stakl\u0117s, armat\u016bros stryp\u0173 lenkimo stakl\u0117s, armat\u016bros lanko lenkimo stakl\u0117s, armat\u016bros tiesinimo stakl\u0117s, penki\u0173 galvu\u010di\u0173 armat\u016bros stryp\u0173 lenkimo stakl\u0117s, tankinimo plaktukas, plok\u0161\u010di\u0173 tankintuvas, betono pjaustykl\u0117, elektrin\u0117 mentele ir kita statybin\u0117 technika. Turime pa\u017eangias CNC stakles, taikome grie\u017etus kokyb\u0117s tikrinimo standartus ir teikiame visapusi\u0161kas garantinio aptarnavimo paslaugas. Jei jus domina m\u016bs\u0173 gaminiai ar paslaugos, maloniai laukiame j\u016bs\u0173 u\u017eklaus\u0173 \u017einute.","publisher":{"@id":"https:\/\/www.hsymachinery.com\/#organization"},"potentialAction":[{"@type":"SearchAction","target":{"@type":"EntryPoint","urlTemplate":"https:\/\/www.hsymachinery.com\/?s={search_term_string}"},"query-input":{"@type":"PropertyValueSpecification","valueRequired":true,"valueName":"search_term_string"}}],"inLanguage":"lt-LT"},{"@type":"Organization","@id":"https:\/\/www.hsymachinery.com\/#organization","name":"HSY statybin\u0117s ma\u0161inos","url":"https:\/\/www.hsymachinery.com\/","logo":{"@type":"ImageObject","inLanguage":"lt-LT","@id":"https:\/\/www.hsymachinery.com\/#\/schema\/logo\/image\/","url":"https:\/\/www.hsymachinery.com\/wp-content\/uploads\/2025\/06\/cropped-HSY-machinery.png","contentUrl":"https:\/\/www.hsymachinery.com\/wp-content\/uploads\/2025\/06\/cropped-HSY-machinery.png","width":600,"height":240,"caption":"HSY Construction Machinery"},"image":{"@id":"https:\/\/www.hsymachinery.com\/#\/schema\/logo\/image\/"}}]}},"_links":{"self":[{"href":"https:\/\/www.hsymachinery.com\/lt\/wp-json\/wp\/v2\/product\/8892","targetHints":{"allow":["GET"]}}],"collection":[{"href":"https:\/\/www.hsymachinery.com\/lt\/wp-json\/wp\/v2\/product"}],"about":[{"href":"https:\/\/www.hsymachinery.com\/lt\/wp-json\/wp\/v2\/types\/product"}],"version-history":[{"count":10,"href":"https:\/\/www.hsymachinery.com\/lt\/wp-json\/wp\/v2\/product\/8892\/revisions"}],"predecessor-version":[{"id":9317,"href":"https:\/\/www.hsymachinery.com\/lt\/wp-json\/wp\/v2\/product\/8892\/revisions\/9317"}],"wp:featuredmedia":[{"embeddable":true,"href":"https:\/\/www.hsymachinery.com\/lt\/wp-json\/wp\/v2\/media\/8908"}],"wp:attachment":[{"href":"https:\/\/www.hsymachinery.com\/lt\/wp-json\/wp\/v2\/media?parent=8892"}],"wp:term":[{"taxonomy":"product_brand","embeddable":true,"href":"https:\/\/www.hsymachinery.com\/lt\/wp-json\/wp\/v2\/product_brand?post=8892"},{"taxonomy":"product_cat","embeddable":true,"href":"https:\/\/www.hsymachinery.com\/lt\/wp-json\/wp\/v2\/product_cat?post=8892"},{"taxonomy":"product_tag","embeddable":true,"href":"https:\/\/www.hsymachinery.com\/lt\/wp-json\/wp\/v2\/product_tag?post=8892"}],"curies":[{"name":"wp","href":"https:\/\/api.w.org\/{rel}","templated":true}]}}