{"id":9238,"date":"2025-06-18T21:21:50","date_gmt":"2025-06-18T13:21:50","guid":{"rendered":"https:\/\/www.hsymachinery.com\/?post_type=product&#038;p=9238"},"modified":"2025-06-29T00:02:34","modified_gmt":"2025-06-28T16:02:34","slug":"spatola-elettrica-a-cavalletto-ptr-h100d","status":"publish","type":"product","link":"https:\/\/www.hsymachinery.com\/it\/prodotto\/spatola-elettrica-a-cavalletto-ptr-h100d\/","title":{"rendered":"Cazzuola elettrica PTR-H100D"},"content":{"rendered":"<h3 data-start=\"182\" data-end=\"304\">Cazzuola per calcestruzzo a doppio disco PTR-H100D con motore Honda e massima potenza di finitura per grandi progetti di calcestruzzo<\/h3>\n<h3 data-start=\"311\" data-end=\"410\">Descrizione del prodotto - Cazzuola con doppio rotore e potenza Honda per la massima efficienza della pavimentazione<a href=\"https:\/\/www.hsymachinery.com\/it\/prodotti\/cazzuola-elettrica-a-cavalletto\/\" target=\"_blank\" rel=\"noopener\"><img fetchpriority=\"high\" decoding=\"async\" class=\"wp-image-9616 alignright\" src=\"https:\/\/www.hsymachinery.com\/wp-content\/uploads\/2025\/06\/Sitting-Type-Power-Trowel-209x300.jpg\" alt=\"\" width=\"451\" height=\"647\" srcset=\"https:\/\/www.hsymachinery.com\/wp-content\/uploads\/2025\/06\/Sitting-Type-Power-Trowel-209x300.jpg 209w, https:\/\/www.hsymachinery.com\/wp-content\/uploads\/2025\/06\/Sitting-Type-Power-Trowel-713x1024.jpg 713w, https:\/\/www.hsymachinery.com\/wp-content\/uploads\/2025\/06\/Sitting-Type-Power-Trowel-768x1103.jpg 768w, https:\/\/www.hsymachinery.com\/wp-content\/uploads\/2025\/06\/Sitting-Type-Power-Trowel-600x862.jpg 600w, https:\/\/www.hsymachinery.com\/wp-content\/uploads\/2025\/06\/Sitting-Type-Power-Trowel.jpg 800w\" sizes=\"(max-width: 451px) 100vw, 451px\" \/><\/a><\/h3>\n<p data-start=\"412\" data-end=\"789\">Il <strong data-start=\"416\" data-end=\"450\">Cazzuola elettrica PTR-H100D<\/strong> combina un sistema di finitura a doppio disco con un affidabile motore a benzina Honda per offrire prestazioni elevate su lastre di calcestruzzo di grandi dimensioni. Questa macchina \u00e8 stata progettata per gli appaltatori che richiedono velocit\u00e0, potenza e precisione nei cantieri pi\u00f9 impegnativi, come gli hub logistici, le pavimentazioni commerciali e la costruzione di magazzini.<\/p>\n<p data-start=\"791\" data-end=\"1137\">Grazie alle due vasche di spatolatura sincronizzate, il PTR-H100D offre una maggiore copertura della superficie in minor tempo. Gli operatori apprezzano il comfort di guida, che consente loro di completare grandi superfici senza affaticarsi. Il motore Honda, noto in tutto il mondo per la sua durata e l'efficienza dei consumi, garantisce un funzionamento regolare e tempi di inattivit\u00e0 minimi durante i turni di lavoro pi\u00f9 lunghi.<\/p>\n<p data-start=\"1139\" data-end=\"1477\">Inoltre, la regolazione indipendente del passo delle lame consente all'utente di regolare con precisione le impostazioni della cazzuola in base alle esigenze del progetto, dalla finitura flottante a quella lucida. Grazie al telaio in acciaio per impieghi gravosi, alla scatola degli ingranaggi rinforzata e al sedile ammortizzato, questo modello \u00e8 in grado di resistere all'uso continuo in ambienti difficili.<\/p>\n<p data-start=\"1479\" data-end=\"1643\">Utilizzata all'interno o all'esterno, la PTR-H100D \u00e8 una macchina di livello professionale progettata per massimizzare l'efficienza e garantire una qualit\u00e0 costante della superficie del calcestruzzo.<\/p>\n<h3 data-start=\"1650\" data-end=\"1697\">Caratteristiche principali di PTR-H100D Ride-On Trowel<\/h3>\n<ul data-start=\"1699\" data-end=\"2102\">\n<li data-start=\"1699\" data-end=\"1771\">\n<p data-start=\"1701\" data-end=\"1771\">Il design a doppio disco aumenta l'efficienza della spatolatura e la copertura della superficie<\/p>\n<\/li>\n<li data-start=\"1772\" data-end=\"1828\">\n<p data-start=\"1774\" data-end=\"1828\">Equipaggiato con motore a benzina Honda ad alte prestazioni<\/p>\n<\/li>\n<li data-start=\"1829\" data-end=\"1898\">\n<p data-start=\"1831\" data-end=\"1898\">La configurazione ride-on di facile utilizzo per l'operatore aumenta il comfort e la produttivit\u00e0<\/p>\n<\/li>\n<li data-start=\"1899\" data-end=\"1968\">\n<p data-start=\"1901\" data-end=\"1968\">Passo delle lame regolabile per entrambi i dischi per adattarsi alle condizioni della superficie<\/p>\n<\/li>\n<li data-start=\"1969\" data-end=\"2034\">\n<p data-start=\"1971\" data-end=\"2034\">Telaio e sistema di trasmissione durevoli per una maggiore resistenza in cantiere<\/p>\n<\/li>\n<li data-start=\"2035\" data-end=\"2102\">\n<p data-start=\"2037\" data-end=\"2102\">Eccellente per la finitura di grandi lastre di calcestruzzo in zone industriali<\/p>\n<\/li>\n<\/ul>\n<h3 data-start=\"2109\" data-end=\"2194\">Applicazioni - Ideale per aeroporti, magazzini logistici e pavimenti di grandi fabbriche<\/h3>\n<p data-start=\"2196\" data-end=\"2341\">Il PTR-H100D \u00e8 costruito per gli appaltatori che necessitano di un'ampia portata di spatolatura, un'elevata durata e l'affidabilit\u00e0 del motore in ogni progetto.<\/p>\n<p><iframe title=\"cazzuola elettrica, cazzuola elettrica a spinta, cazzuola elettrica a spinta manuale, cazzuola, calcestruzzo\" width=\"720\" height=\"405\" src=\"https:\/\/www.youtube.com\/embed\/f6bzSaqMaws?feature=oembed\" frameborder=\"0\" allow=\"accelerometer; autoplay; clipboard-write; encrypted-media; gyroscope; picture-in-picture; web-share\" referrerpolicy=\"strict-origin-when-cross-origin\" allowfullscreen><\/iframe><\/p>","protected":false},"excerpt":{"rendered":"<p>La cazzuola PTR-H100D con motore Honda e design a doppio disco offre una finitura rapida ed efficiente per grandi lastre di calcestruzzo commerciali e industriali.<\/p>","protected":false},"featured_media":9239,"template":"","meta":{"_kad_post_transparent":"default","_kad_post_title":"","_kad_post_layout":"default","_kad_post_sidebar_id":"","_kad_post_content_style":"default","_kad_post_vertical_padding":"default","_kad_post_feature":"","_kad_post_feature_position":"","_kad_post_header":false,"_kad_post_footer":false},"product_brand":[],"product_cat":[58],"product_tag":[1093,1094,1098,1091,1096,1092,1097,1099,1095,1100],"class_list":{"0":"post-9238","1":"product","2":"type-product","3":"status-publish","4":"has-post-thumbnail","6":"product_cat-ride-on-power-trowel","7":"product_tag-concrete-ride-on-trowel","8":"product_tag-concrete-ride-on-trowel-machine","9":"product_tag-concrete-surface-finishing-trowel","10":"product_tag-double-disc-ride-on-power-trowel","11":"product_tag-double-rotor-power-trowel","12":"product_tag-gasoline-ride-on-power-trowel","13":"product_tag-heavy-duty-ride-on-trowel","14":"product_tag-hydraulic-ride-on-trowel","15":"product_tag-ride-on-concrete-finishing-machine","16":"product_tag-ride-on-floor-trowel","18":"first","19":"instock","20":"shipping-taxable","21":"product-type-simple","22":"entry","23":"content-bg","24":"loop-entry"},"yoast_head":"<!-- This site is optimized with the Yoast SEO plugin v25.3.1 - https:\/\/yoast.com\/wordpress\/plugins\/seo\/ -->\n<title>Ride-On Power Trowel PTR-H100D - HSY Construction Machinery<\/title>\n<meta name=\"description\" content=\"PTR-H100D ride-on concrete trowel features Honda engine and dual-disc design for efficient slab finishing in commercial, airport, and industrial floor projects.Ride-On Power Trowel PTR-H100D\" \/>\n<meta name=\"robots\" content=\"index, follow, max-snippet:-1, max-image-preview:large, max-video-preview:-1\" \/>\n<link rel=\"canonical\" href=\"https:\/\/www.hsymachinery.com\/it\/prodotto\/spatola-elettrica-a-cavalletto-ptr-h100d\/\" \/>\n<meta property=\"og:locale\" content=\"it_IT\" \/>\n<meta property=\"og:type\" content=\"article\" \/>\n<meta property=\"og:title\" content=\"Ride-On Power Trowel PTR-H100D - HSY Construction Machinery\" \/>\n<meta property=\"og:description\" content=\"PTR-H100D ride-on concrete trowel features Honda engine and dual-disc design for efficient slab finishing in commercial, airport, and industrial floor projects.Ride-On Power Trowel PTR-H100D\" \/>\n<meta property=\"og:url\" content=\"https:\/\/www.hsymachinery.com\/it\/prodotto\/spatola-elettrica-a-cavalletto-ptr-h100d\/\" \/>\n<meta property=\"og:site_name\" content=\"HSY Construction Machinery\" \/>\n<meta property=\"article:modified_time\" content=\"2025-06-28T16:02:34+00:00\" \/>\n<meta property=\"og:image\" content=\"https:\/\/www.hsymachinery.com\/wp-content\/uploads\/2025\/06\/Ride-On-Power-Trowel-PTR-H100D.jpg\" \/>\n\t<meta property=\"og:image:width\" content=\"800\" \/>\n\t<meta property=\"og:image:height\" content=\"800\" \/>\n\t<meta property=\"og:image:type\" content=\"image\/jpeg\" \/>\n<meta name=\"twitter:card\" content=\"summary_large_image\" \/>\n<meta name=\"twitter:label1\" content=\"Tempo di lettura stimato\" \/>\n\t<meta name=\"twitter:data1\" content=\"2 minuti\" \/>\n<script type=\"application\/ld+json\" class=\"yoast-schema-graph\">{\"@context\":\"https:\/\/schema.org\",\"@graph\":[{\"@type\":\"WebPage\",\"@id\":\"https:\/\/www.hsymachinery.com\/product\/ride-on-power-trowel-ptr-h100d\/\",\"url\":\"https:\/\/www.hsymachinery.com\/product\/ride-on-power-trowel-ptr-h100d\/\",\"name\":\"Ride-On Power Trowel PTR-H100D - HSY Construction Machinery\",\"isPartOf\":{\"@id\":\"https:\/\/www.hsymachinery.com\/#website\"},\"primaryImageOfPage\":{\"@id\":\"https:\/\/www.hsymachinery.com\/product\/ride-on-power-trowel-ptr-h100d\/#primaryimage\"},\"image\":{\"@id\":\"https:\/\/www.hsymachinery.com\/product\/ride-on-power-trowel-ptr-h100d\/#primaryimage\"},\"thumbnailUrl\":\"https:\/\/www.hsymachinery.com\/wp-content\/uploads\/2025\/06\/Ride-On-Power-Trowel-PTR-H100D.jpg\",\"datePublished\":\"2025-06-18T13:21:50+00:00\",\"dateModified\":\"2025-06-28T16:02:34+00:00\",\"description\":\"PTR-H100D ride-on concrete trowel features Honda engine and dual-disc design for efficient slab finishing in commercial, airport, and industrial floor projects.Ride-On Power Trowel PTR-H100D\",\"breadcrumb\":{\"@id\":\"https:\/\/www.hsymachinery.com\/product\/ride-on-power-trowel-ptr-h100d\/#breadcrumb\"},\"inLanguage\":\"it-IT\",\"potentialAction\":[{\"@type\":\"ReadAction\",\"target\":[\"https:\/\/www.hsymachinery.com\/product\/ride-on-power-trowel-ptr-h100d\/\"]}]},{\"@type\":\"ImageObject\",\"inLanguage\":\"it-IT\",\"@id\":\"https:\/\/www.hsymachinery.com\/product\/ride-on-power-trowel-ptr-h100d\/#primaryimage\",\"url\":\"https:\/\/www.hsymachinery.com\/wp-content\/uploads\/2025\/06\/Ride-On-Power-Trowel-PTR-H100D.jpg\",\"contentUrl\":\"https:\/\/www.hsymachinery.com\/wp-content\/uploads\/2025\/06\/Ride-On-Power-Trowel-PTR-H100D.jpg\",\"width\":800,\"height\":800},{\"@type\":\"BreadcrumbList\",\"@id\":\"https:\/\/www.hsymachinery.com\/product\/ride-on-power-trowel-ptr-h100d\/#breadcrumb\",\"itemListElement\":[{\"@type\":\"ListItem\",\"position\":1,\"name\":\"home\",\"item\":\"https:\/\/www.hsymachinery.com\/\"},{\"@type\":\"ListItem\",\"position\":2,\"name\":\"products\",\"item\":\"https:\/\/www.hsymachinery.com\/products\/\"},{\"@type\":\"ListItem\",\"position\":3,\"name\":\"Ride-On Power Trowel PTR-H100D\"}]},{\"@type\":\"WebSite\",\"@id\":\"https:\/\/www.hsymachinery.com\/#website\",\"url\":\"https:\/\/www.hsymachinery.com\/\",\"name\":\"HSY Construction Machinery\",\"description\":\"HSY Machinery \u2013 A leading China construction machinery supplier, offering a wide range of light construction equipment. Our main products include Rebar Cutting Machine, Rebar Bending Machine, Rebar Stirrup Bending Machine, Rebar Arc Bending Machine, Rebar Straightening Machine, Five-Head Rebar Stirrup Bending Machine, Tamping Rammer, Plate Compactor, Concrete Cutter, Power Trowel, and other construction machinery. We are equipped with advanced CNC machines, and we enforce strict quality inspection standards along with comprehensive after-sales service. If you are interested in our products or services, we warmly welcome your inquiries via message.\",\"publisher\":{\"@id\":\"https:\/\/www.hsymachinery.com\/#organization\"},\"potentialAction\":[{\"@type\":\"SearchAction\",\"target\":{\"@type\":\"EntryPoint\",\"urlTemplate\":\"https:\/\/www.hsymachinery.com\/?s={search_term_string}\"},\"query-input\":{\"@type\":\"PropertyValueSpecification\",\"valueRequired\":true,\"valueName\":\"search_term_string\"}}],\"inLanguage\":\"it-IT\"},{\"@type\":\"Organization\",\"@id\":\"https:\/\/www.hsymachinery.com\/#organization\",\"name\":\"HSY Construction Machinery\",\"url\":\"https:\/\/www.hsymachinery.com\/\",\"logo\":{\"@type\":\"ImageObject\",\"inLanguage\":\"it-IT\",\"@id\":\"https:\/\/www.hsymachinery.com\/#\/schema\/logo\/image\/\",\"url\":\"https:\/\/www.hsymachinery.com\/wp-content\/uploads\/2025\/06\/cropped-HSY-machinery.png\",\"contentUrl\":\"https:\/\/www.hsymachinery.com\/wp-content\/uploads\/2025\/06\/cropped-HSY-machinery.png\",\"width\":600,\"height\":240,\"caption\":\"HSY Construction Machinery\"},\"image\":{\"@id\":\"https:\/\/www.hsymachinery.com\/#\/schema\/logo\/image\/\"}}]}<\/script>\n<!-- \/ Yoast SEO plugin. -->","yoast_head_json":{"title":"Cazzuola elettrica PTR-H100D - Macchine edili HSY","description":"La spatola per calcestruzzo PTR-H100D \u00e8 dotata di motore Honda e design a doppio disco per un'efficiente finitura delle lastre in progetti di pavimentazioni commerciali, aeroportuali e industriali.Spatola elettrica PTR-H100D","robots":{"index":"index","follow":"follow","max-snippet":"max-snippet:-1","max-image-preview":"max-image-preview:large","max-video-preview":"max-video-preview:-1"},"canonical":"https:\/\/www.hsymachinery.com\/it\/prodotto\/spatola-elettrica-a-cavalletto-ptr-h100d\/","og_locale":"it_IT","og_type":"article","og_title":"Ride-On Power Trowel PTR-H100D - HSY Construction Machinery","og_description":"PTR-H100D ride-on concrete trowel features Honda engine and dual-disc design for efficient slab finishing in commercial, airport, and industrial floor projects.Ride-On Power Trowel PTR-H100D","og_url":"https:\/\/www.hsymachinery.com\/it\/prodotto\/spatola-elettrica-a-cavalletto-ptr-h100d\/","og_site_name":"HSY Construction Machinery","article_modified_time":"2025-06-28T16:02:34+00:00","og_image":[{"width":800,"height":800,"url":"https:\/\/www.hsymachinery.com\/wp-content\/uploads\/2025\/06\/Ride-On-Power-Trowel-PTR-H100D.jpg","type":"image\/jpeg"}],"twitter_card":"summary_large_image","twitter_misc":{"Tempo di lettura stimato":"2 minuti"},"schema":{"@context":"https:\/\/schema.org","@graph":[{"@type":"WebPage","@id":"https:\/\/www.hsymachinery.com\/product\/ride-on-power-trowel-ptr-h100d\/","url":"https:\/\/www.hsymachinery.com\/product\/ride-on-power-trowel-ptr-h100d\/","name":"Cazzuola elettrica PTR-H100D - Macchine edili HSY","isPartOf":{"@id":"https:\/\/www.hsymachinery.com\/#website"},"primaryImageOfPage":{"@id":"https:\/\/www.hsymachinery.com\/product\/ride-on-power-trowel-ptr-h100d\/#primaryimage"},"image":{"@id":"https:\/\/www.hsymachinery.com\/product\/ride-on-power-trowel-ptr-h100d\/#primaryimage"},"thumbnailUrl":"https:\/\/www.hsymachinery.com\/wp-content\/uploads\/2025\/06\/Ride-On-Power-Trowel-PTR-H100D.jpg","datePublished":"2025-06-18T13:21:50+00:00","dateModified":"2025-06-28T16:02:34+00:00","description":"La spatola per calcestruzzo PTR-H100D \u00e8 dotata di motore Honda e design a doppio disco per un'efficiente finitura delle lastre in progetti di pavimentazioni commerciali, aeroportuali e industriali.Spatola elettrica PTR-H100D","breadcrumb":{"@id":"https:\/\/www.hsymachinery.com\/product\/ride-on-power-trowel-ptr-h100d\/#breadcrumb"},"inLanguage":"it-IT","potentialAction":[{"@type":"ReadAction","target":["https:\/\/www.hsymachinery.com\/product\/ride-on-power-trowel-ptr-h100d\/"]}]},{"@type":"ImageObject","inLanguage":"it-IT","@id":"https:\/\/www.hsymachinery.com\/product\/ride-on-power-trowel-ptr-h100d\/#primaryimage","url":"https:\/\/www.hsymachinery.com\/wp-content\/uploads\/2025\/06\/Ride-On-Power-Trowel-PTR-H100D.jpg","contentUrl":"https:\/\/www.hsymachinery.com\/wp-content\/uploads\/2025\/06\/Ride-On-Power-Trowel-PTR-H100D.jpg","width":800,"height":800},{"@type":"BreadcrumbList","@id":"https:\/\/www.hsymachinery.com\/product\/ride-on-power-trowel-ptr-h100d\/#breadcrumb","itemListElement":[{"@type":"ListItem","position":1,"name":"home","item":"https:\/\/www.hsymachinery.com\/"},{"@type":"ListItem","position":2,"name":"products","item":"https:\/\/www.hsymachinery.com\/products\/"},{"@type":"ListItem","position":3,"name":"Ride-On Power Trowel PTR-H100D"}]},{"@type":"WebSite","@id":"https:\/\/www.hsymachinery.com\/#website","url":"https:\/\/www.hsymachinery.com\/","name":"Macchine da costruzione HSY","description":"HSY Machinery - Un fornitore leader di macchinari per l'edilizia in Cina, che offre un'ampia gamma di attrezzature per l'edilizia leggera. I nostri prodotti principali includono la macchina per il taglio delle barre, la macchina per la piegatura delle barre, la macchina per la piegatura ad arco delle barre, la macchina per la raddrizzatura delle barre, la macchina per la piegatura delle barre a cinque teste, il costipatore, la taglierina per calcestruzzo, la cazzuola e altri macchinari per l'edilizia. Siamo dotati di macchine CNC avanzate e applichiamo rigorosi standard di ispezione della qualit\u00e0 e un servizio di assistenza post-vendita completo. Se siete interessati ai nostri prodotti o servizi, accogliamo calorosamente le vostre richieste tramite messaggio.","publisher":{"@id":"https:\/\/www.hsymachinery.com\/#organization"},"potentialAction":[{"@type":"SearchAction","target":{"@type":"EntryPoint","urlTemplate":"https:\/\/www.hsymachinery.com\/?s={search_term_string}"},"query-input":{"@type":"PropertyValueSpecification","valueRequired":true,"valueName":"search_term_string"}}],"inLanguage":"it-IT"},{"@type":"Organization","@id":"https:\/\/www.hsymachinery.com\/#organization","name":"Macchine da costruzione HSY","url":"https:\/\/www.hsymachinery.com\/","logo":{"@type":"ImageObject","inLanguage":"it-IT","@id":"https:\/\/www.hsymachinery.com\/#\/schema\/logo\/image\/","url":"https:\/\/www.hsymachinery.com\/wp-content\/uploads\/2025\/06\/cropped-HSY-machinery.png","contentUrl":"https:\/\/www.hsymachinery.com\/wp-content\/uploads\/2025\/06\/cropped-HSY-machinery.png","width":600,"height":240,"caption":"HSY Construction Machinery"},"image":{"@id":"https:\/\/www.hsymachinery.com\/#\/schema\/logo\/image\/"}}]}},"_links":{"self":[{"href":"https:\/\/www.hsymachinery.com\/it\/wp-json\/wp\/v2\/product\/9238","targetHints":{"allow":["GET"]}}],"collection":[{"href":"https:\/\/www.hsymachinery.com\/it\/wp-json\/wp\/v2\/product"}],"about":[{"href":"https:\/\/www.hsymachinery.com\/it\/wp-json\/wp\/v2\/types\/product"}],"version-history":[{"count":3,"href":"https:\/\/www.hsymachinery.com\/it\/wp-json\/wp\/v2\/product\/9238\/revisions"}],"predecessor-version":[{"id":9628,"href":"https:\/\/www.hsymachinery.com\/it\/wp-json\/wp\/v2\/product\/9238\/revisions\/9628"}],"wp:featuredmedia":[{"embeddable":true,"href":"https:\/\/www.hsymachinery.com\/it\/wp-json\/wp\/v2\/media\/9239"}],"wp:attachment":[{"href":"https:\/\/www.hsymachinery.com\/it\/wp-json\/wp\/v2\/media?parent=9238"}],"wp:term":[{"taxonomy":"product_brand","embeddable":true,"href":"https:\/\/www.hsymachinery.com\/it\/wp-json\/wp\/v2\/product_brand?post=9238"},{"taxonomy":"product_cat","embeddable":true,"href":"https:\/\/www.hsymachinery.com\/it\/wp-json\/wp\/v2\/product_cat?post=9238"},{"taxonomy":"product_tag","embeddable":true,"href":"https:\/\/www.hsymachinery.com\/it\/wp-json\/wp\/v2\/product_tag?post=9238"}],"curies":[{"name":"wp","href":"https:\/\/api.w.org\/{rel}","templated":true}]}}