{"id":9175,"date":"2025-06-18T18:30:12","date_gmt":"2025-06-18T10:30:12","guid":{"rendered":"https:\/\/www.hsymachinery.com\/?post_type=product&#038;p=9175"},"modified":"2025-06-28T22:08:48","modified_gmt":"2025-06-28T14:08:48","slug":"spatola-elettrica-per-uso-privato-pth-l100a","status":"publish","type":"product","link":"https:\/\/www.hsymachinery.com\/it\/prodotto\/spatola-elettrica-per-uso-privato-pth-l100a\/","title":{"rendered":"Cazzuola elettrica uomo a terra PTH-L100A"},"content":{"rendered":"<h2 data-start=\"125\" data-end=\"167\">Cazzuola elettrica uomo a terra PTH-L100A<\/h2>\n<h3 data-start=\"168\" data-end=\"272\">PTH-L100A Cazzuola per calcestruzzo con motore Loncin aggiornato e controllo di precisione per una finitura liscia su grandi superfici<\/h3>\n<h3 data-start=\"279\" data-end=\"381\">Descrizione del prodotto - Cazzuola potenziata con motore Loncin per la massima efficienza e qualit\u00e0 della superficie<a href=\"https:\/\/www.hsymachinery.com\/it\/prodotti\/cazzuola-elettrica-con-operatore-a-terra\/\" target=\"_blank\" rel=\"noopener\"><img fetchpriority=\"high\" decoding=\"async\" class=\"wp-image-9176 alignright\" src=\"https:\/\/www.hsymachinery.com\/wp-content\/uploads\/2025\/06\/Walk-Behind-Power-Trowel-PTH-L100A-244x300.jpg\" alt=\"\" width=\"451\" height=\"555\" srcset=\"https:\/\/www.hsymachinery.com\/wp-content\/uploads\/2025\/06\/Walk-Behind-Power-Trowel-PTH-L100A-244x300.jpg 244w, https:\/\/www.hsymachinery.com\/wp-content\/uploads\/2025\/06\/Walk-Behind-Power-Trowel-PTH-L100A.jpg 600w\" sizes=\"(max-width: 451px) 100vw, 451px\" \/><\/a><\/h3>\n<p data-start=\"383\" data-end=\"770\">Il <strong data-start=\"387\" data-end=\"425\">Cazzuola elettrica PTH-L100A Walk-Beind<\/strong> si basa sulle solide fondamenta del modello standard PTH-L100, offrendo una maggiore precisione operativa e un motore a benzina Longxin (Loncin) aggiornato. Progettata per la finitura di superfici in calcestruzzo su larga scala, questa macchina offre un'ampia copertura e un controllo preciso, che la rendono una delle macchine preferite dai professionisti del settore.<\/p>\n<p data-start=\"772\" data-end=\"1090\">Grazie al diametro di lavoro di 100 cm e al sistema di regolazione del passo delle lame, il PTH-L100A garantisce risultati di finitura eccellenti su lastre di grandi dimensioni. La scatola di trasmissione rinforzata, l'anello di sicurezza per impieghi gravosi e il robusto braccio a ragno consentono alla macchina di gestire carichi pesanti e lunghi turni di lavoro.<\/p>\n<p data-start=\"1092\" data-end=\"1348\">L'impugnatura pieghevole con design antivibrazioni migliora il comfort e il controllo dell'operatore, anche nei progetti pi\u00f9 lunghi. Grazie al suo motore a basso consumo di carburante, il PTH-L100A \u00e8 anche economico, in quanto offre prestazioni elevate con costi di carburante inferiori.<\/p>\n<h3 data-start=\"1355\" data-end=\"1406\">Caratteristiche principali di PTH-L100A Walk-Behind Trowel<\/h3>\n<ul data-start=\"1408\" data-end=\"1811\">\n<li data-start=\"1408\" data-end=\"1468\">\n<p data-start=\"1410\" data-end=\"1468\">Motore a benzina Loncin aggiornato per migliorare le prestazioni<\/p>\n<\/li>\n<li data-start=\"1469\" data-end=\"1539\">\n<p data-start=\"1471\" data-end=\"1539\">Il diametro della spatola di 100 cm aumenta la copertura della superficie e la produttivit\u00e0<\/p>\n<\/li>\n<li data-start=\"1540\" data-end=\"1604\">\n<p data-start=\"1542\" data-end=\"1604\">Controllo fine del passo della lama per una qualit\u00e0 di finitura precisa<\/p>\n<\/li>\n<li data-start=\"1605\" data-end=\"1664\">\n<p data-start=\"1607\" data-end=\"1664\">La scatola ingranaggi e i bracci delle lame sono resistenti e garantiscono una lunga durata.<\/p>\n<\/li>\n<li data-start=\"1665\" data-end=\"1740\">\n<p data-start=\"1667\" data-end=\"1740\">L'impugnatura ergonomica e pieghevole riduce l'affaticamento e migliora la manovrabilit\u00e0<\/p>\n<\/li>\n<li data-start=\"1741\" data-end=\"1811\">\n<p data-start=\"1743\" data-end=\"1811\">Funzionamento a basse vibrazioni e avvio affidabile anche a freddo<\/p>\n<\/li>\n<\/ul>\n<h3 data-start=\"1818\" data-end=\"1907\">Applicazioni - Ideale per magazzini, pavimentazioni aeroportuali, piazzole di cemento e piazzali di parcheggio<\/h3>\n<p data-start=\"1909\" data-end=\"2258\">Il PTH-L100A \u00e8 la scelta preferita per i grandi lavori commerciali e industriali in calcestruzzo, tra cui magazzini, terminal aeroportuali, solette e garage a pi\u00f9 campate. Il sistema di alimentazione potenziato e la capacit\u00e0 di spatolatura uniforme ne fanno uno strumento ideale per gli appaltatori che richiedono velocit\u00e0, controllo e uniformit\u00e0 nella finitura delle superfici.<\/p>\n<p data-start=\"2260\" data-end=\"2423\">I professionisti scelgono questo modello per la sua durata, l'ampia copertura e i risultati di finitura raffinati, anche in ambienti di costruzione ad alto traffico e volume.<\/p>","protected":false},"excerpt":{"rendered":"<p>La spatola elettrica PTH-L100A \u00e8 dotata di un motore Loncin aggiornato e di un'ampia copertura di 100 cm per una finitura liscia e precisa delle superfici in calcestruzzo in cantieri di grandi dimensioni.<\/p>","protected":false},"featured_media":9176,"template":"","meta":{"_kad_post_transparent":"default","_kad_post_title":"","_kad_post_layout":"default","_kad_post_sidebar_id":"","_kad_post_content_style":"default","_kad_post_vertical_padding":"default","_kad_post_feature":"","_kad_post_feature_position":"","_kad_post_header":false,"_kad_post_footer":false},"product_brand":[],"product_cat":[55],"product_tag":[1084,1083,1087,1081,1086,1085,1089,1088,1090,1082],"class_list":{"0":"post-9175","1":"product","2":"type-product","3":"status-publish","4":"has-post-thumbnail","6":"product_cat-walk-behind-power-trowel","7":"product_tag-cement-power-trowel","8":"product_tag-concrete-finishing-trowel","9":"product_tag-concrete-floor-finishing-machine","10":"product_tag-concrete-power-trowel","11":"product_tag-electric-walk-behind-trowel","12":"product_tag-gasoline-power-trowel","13":"product_tag-hand-operated-power-trowel","14":"product_tag-manual-power-trowel","15":"product_tag-walk-behind-concrete-finishing-machine","16":"product_tag-walk-behind-trowel-machine","18":"first","19":"instock","20":"shipping-taxable","21":"product-type-simple","22":"entry","23":"content-bg","24":"loop-entry"},"yoast_head":"<!-- This site is optimized with the Yoast SEO plugin v25.3.1 - https:\/\/yoast.com\/wordpress\/plugins\/seo\/ -->\n<title>Walk-Behind Power Trowel PTH-L100A - HSY Construction Machinery<\/title>\n<meta name=\"description\" content=\"Walk-Behind Power Trowel PTH-L100A with upgraded Loncin engine delivers efficient, wide-area finishing for slabs and industrial floors. Reliable, precise, and fuel-saving.\" \/>\n<meta name=\"robots\" content=\"index, follow, max-snippet:-1, max-image-preview:large, max-video-preview:-1\" \/>\n<link rel=\"canonical\" href=\"https:\/\/www.hsymachinery.com\/it\/prodotto\/spatola-elettrica-per-uso-privato-pth-l100a\/\" \/>\n<meta property=\"og:locale\" content=\"it_IT\" \/>\n<meta property=\"og:type\" content=\"article\" \/>\n<meta property=\"og:title\" content=\"Walk-Behind Power Trowel PTH-L100A - HSY Construction Machinery\" \/>\n<meta property=\"og:description\" content=\"Walk-Behind Power Trowel PTH-L100A with upgraded Loncin engine delivers efficient, wide-area finishing for slabs and industrial floors. Reliable, precise, and fuel-saving.\" \/>\n<meta property=\"og:url\" content=\"https:\/\/www.hsymachinery.com\/it\/prodotto\/spatola-elettrica-per-uso-privato-pth-l100a\/\" \/>\n<meta property=\"og:site_name\" content=\"HSY Construction Machinery\" \/>\n<meta property=\"article:modified_time\" content=\"2025-06-28T14:08:48+00:00\" \/>\n<meta property=\"og:image\" content=\"https:\/\/www.hsymachinery.com\/wp-content\/uploads\/2025\/06\/Walk-Behind-Power-Trowel-PTH-L100A.jpg\" \/>\n\t<meta property=\"og:image:width\" content=\"600\" \/>\n\t<meta property=\"og:image:height\" content=\"738\" \/>\n\t<meta property=\"og:image:type\" content=\"image\/jpeg\" \/>\n<meta name=\"twitter:card\" content=\"summary_large_image\" \/>\n<meta name=\"twitter:label1\" content=\"Tempo di lettura stimato\" \/>\n\t<meta name=\"twitter:data1\" content=\"2 minuti\" \/>\n<script type=\"application\/ld+json\" class=\"yoast-schema-graph\">{\"@context\":\"https:\/\/schema.org\",\"@graph\":[{\"@type\":\"WebPage\",\"@id\":\"https:\/\/www.hsymachinery.com\/product\/walk-behind-power-trowel-pth-l100a\/\",\"url\":\"https:\/\/www.hsymachinery.com\/product\/walk-behind-power-trowel-pth-l100a\/\",\"name\":\"Walk-Behind Power Trowel PTH-L100A - HSY Construction Machinery\",\"isPartOf\":{\"@id\":\"https:\/\/www.hsymachinery.com\/#website\"},\"primaryImageOfPage\":{\"@id\":\"https:\/\/www.hsymachinery.com\/product\/walk-behind-power-trowel-pth-l100a\/#primaryimage\"},\"image\":{\"@id\":\"https:\/\/www.hsymachinery.com\/product\/walk-behind-power-trowel-pth-l100a\/#primaryimage\"},\"thumbnailUrl\":\"https:\/\/www.hsymachinery.com\/wp-content\/uploads\/2025\/06\/Walk-Behind-Power-Trowel-PTH-L100A.jpg\",\"datePublished\":\"2025-06-18T10:30:12+00:00\",\"dateModified\":\"2025-06-28T14:08:48+00:00\",\"description\":\"Walk-Behind Power Trowel PTH-L100A with upgraded Loncin engine delivers efficient, wide-area finishing for slabs and industrial floors. Reliable, precise, and fuel-saving.\",\"breadcrumb\":{\"@id\":\"https:\/\/www.hsymachinery.com\/product\/walk-behind-power-trowel-pth-l100a\/#breadcrumb\"},\"inLanguage\":\"it-IT\",\"potentialAction\":[{\"@type\":\"ReadAction\",\"target\":[\"https:\/\/www.hsymachinery.com\/product\/walk-behind-power-trowel-pth-l100a\/\"]}]},{\"@type\":\"ImageObject\",\"inLanguage\":\"it-IT\",\"@id\":\"https:\/\/www.hsymachinery.com\/product\/walk-behind-power-trowel-pth-l100a\/#primaryimage\",\"url\":\"https:\/\/www.hsymachinery.com\/wp-content\/uploads\/2025\/06\/Walk-Behind-Power-Trowel-PTH-L100A.jpg\",\"contentUrl\":\"https:\/\/www.hsymachinery.com\/wp-content\/uploads\/2025\/06\/Walk-Behind-Power-Trowel-PTH-L100A.jpg\",\"width\":600,\"height\":738},{\"@type\":\"BreadcrumbList\",\"@id\":\"https:\/\/www.hsymachinery.com\/product\/walk-behind-power-trowel-pth-l100a\/#breadcrumb\",\"itemListElement\":[{\"@type\":\"ListItem\",\"position\":1,\"name\":\"home\",\"item\":\"https:\/\/www.hsymachinery.com\/\"},{\"@type\":\"ListItem\",\"position\":2,\"name\":\"products\",\"item\":\"https:\/\/www.hsymachinery.com\/products\/\"},{\"@type\":\"ListItem\",\"position\":3,\"name\":\"Walk-Behind Power Trowel PTH-L100A\"}]},{\"@type\":\"WebSite\",\"@id\":\"https:\/\/www.hsymachinery.com\/#website\",\"url\":\"https:\/\/www.hsymachinery.com\/\",\"name\":\"HSY Construction Machinery\",\"description\":\"HSY Machinery \u2013 A leading China construction machinery supplier, offering a wide range of light construction equipment. Our main products include Rebar Cutting Machine, Rebar Bending Machine, Rebar Stirrup Bending Machine, Rebar Arc Bending Machine, Rebar Straightening Machine, Five-Head Rebar Stirrup Bending Machine, Tamping Rammer, Plate Compactor, Concrete Cutter, Power Trowel, and other construction machinery. We are equipped with advanced CNC machines, and we enforce strict quality inspection standards along with comprehensive after-sales service. If you are interested in our products or services, we warmly welcome your inquiries via message.\",\"publisher\":{\"@id\":\"https:\/\/www.hsymachinery.com\/#organization\"},\"potentialAction\":[{\"@type\":\"SearchAction\",\"target\":{\"@type\":\"EntryPoint\",\"urlTemplate\":\"https:\/\/www.hsymachinery.com\/?s={search_term_string}\"},\"query-input\":{\"@type\":\"PropertyValueSpecification\",\"valueRequired\":true,\"valueName\":\"search_term_string\"}}],\"inLanguage\":\"it-IT\"},{\"@type\":\"Organization\",\"@id\":\"https:\/\/www.hsymachinery.com\/#organization\",\"name\":\"HSY Construction Machinery\",\"url\":\"https:\/\/www.hsymachinery.com\/\",\"logo\":{\"@type\":\"ImageObject\",\"inLanguage\":\"it-IT\",\"@id\":\"https:\/\/www.hsymachinery.com\/#\/schema\/logo\/image\/\",\"url\":\"https:\/\/www.hsymachinery.com\/wp-content\/uploads\/2025\/06\/cropped-HSY-machinery.png\",\"contentUrl\":\"https:\/\/www.hsymachinery.com\/wp-content\/uploads\/2025\/06\/cropped-HSY-machinery.png\",\"width\":600,\"height\":240,\"caption\":\"HSY Construction Machinery\"},\"image\":{\"@id\":\"https:\/\/www.hsymachinery.com\/#\/schema\/logo\/image\/\"}}]}<\/script>\n<!-- \/ Yoast SEO plugin. -->","yoast_head_json":{"title":"Cazzuola elettrica Walk-Behind PTH-L100A - Macchine edili HSY","description":"L'elettroerosione Walk-Behind PTH-L100A con motore Loncin aggiornato offre una finitura efficiente e ad ampio raggio per lastre e pavimenti industriali. Affidabile, preciso e a basso consumo di carburante.","robots":{"index":"index","follow":"follow","max-snippet":"max-snippet:-1","max-image-preview":"max-image-preview:large","max-video-preview":"max-video-preview:-1"},"canonical":"https:\/\/www.hsymachinery.com\/it\/prodotto\/spatola-elettrica-per-uso-privato-pth-l100a\/","og_locale":"it_IT","og_type":"article","og_title":"Walk-Behind Power Trowel PTH-L100A - HSY Construction Machinery","og_description":"Walk-Behind Power Trowel PTH-L100A with upgraded Loncin engine delivers efficient, wide-area finishing for slabs and industrial floors. Reliable, precise, and fuel-saving.","og_url":"https:\/\/www.hsymachinery.com\/it\/prodotto\/spatola-elettrica-per-uso-privato-pth-l100a\/","og_site_name":"HSY Construction Machinery","article_modified_time":"2025-06-28T14:08:48+00:00","og_image":[{"width":600,"height":738,"url":"https:\/\/www.hsymachinery.com\/wp-content\/uploads\/2025\/06\/Walk-Behind-Power-Trowel-PTH-L100A.jpg","type":"image\/jpeg"}],"twitter_card":"summary_large_image","twitter_misc":{"Tempo di lettura stimato":"2 minuti"},"schema":{"@context":"https:\/\/schema.org","@graph":[{"@type":"WebPage","@id":"https:\/\/www.hsymachinery.com\/product\/walk-behind-power-trowel-pth-l100a\/","url":"https:\/\/www.hsymachinery.com\/product\/walk-behind-power-trowel-pth-l100a\/","name":"Cazzuola elettrica Walk-Behind PTH-L100A - Macchine edili HSY","isPartOf":{"@id":"https:\/\/www.hsymachinery.com\/#website"},"primaryImageOfPage":{"@id":"https:\/\/www.hsymachinery.com\/product\/walk-behind-power-trowel-pth-l100a\/#primaryimage"},"image":{"@id":"https:\/\/www.hsymachinery.com\/product\/walk-behind-power-trowel-pth-l100a\/#primaryimage"},"thumbnailUrl":"https:\/\/www.hsymachinery.com\/wp-content\/uploads\/2025\/06\/Walk-Behind-Power-Trowel-PTH-L100A.jpg","datePublished":"2025-06-18T10:30:12+00:00","dateModified":"2025-06-28T14:08:48+00:00","description":"L'elettroerosione Walk-Behind PTH-L100A con motore Loncin aggiornato offre una finitura efficiente e ad ampio raggio per lastre e pavimenti industriali. Affidabile, preciso e a basso consumo di carburante.","breadcrumb":{"@id":"https:\/\/www.hsymachinery.com\/product\/walk-behind-power-trowel-pth-l100a\/#breadcrumb"},"inLanguage":"it-IT","potentialAction":[{"@type":"ReadAction","target":["https:\/\/www.hsymachinery.com\/product\/walk-behind-power-trowel-pth-l100a\/"]}]},{"@type":"ImageObject","inLanguage":"it-IT","@id":"https:\/\/www.hsymachinery.com\/product\/walk-behind-power-trowel-pth-l100a\/#primaryimage","url":"https:\/\/www.hsymachinery.com\/wp-content\/uploads\/2025\/06\/Walk-Behind-Power-Trowel-PTH-L100A.jpg","contentUrl":"https:\/\/www.hsymachinery.com\/wp-content\/uploads\/2025\/06\/Walk-Behind-Power-Trowel-PTH-L100A.jpg","width":600,"height":738},{"@type":"BreadcrumbList","@id":"https:\/\/www.hsymachinery.com\/product\/walk-behind-power-trowel-pth-l100a\/#breadcrumb","itemListElement":[{"@type":"ListItem","position":1,"name":"home","item":"https:\/\/www.hsymachinery.com\/"},{"@type":"ListItem","position":2,"name":"products","item":"https:\/\/www.hsymachinery.com\/products\/"},{"@type":"ListItem","position":3,"name":"Walk-Behind Power Trowel PTH-L100A"}]},{"@type":"WebSite","@id":"https:\/\/www.hsymachinery.com\/#website","url":"https:\/\/www.hsymachinery.com\/","name":"Macchine da costruzione HSY","description":"HSY Machinery - Un fornitore leader di macchinari per l'edilizia in Cina, che offre un'ampia gamma di attrezzature per l'edilizia leggera. I nostri prodotti principali includono la macchina per il taglio delle barre, la macchina per la piegatura delle barre, la macchina per la piegatura ad arco delle barre, la macchina per la raddrizzatura delle barre, la macchina per la piegatura delle barre a cinque teste, il costipatore, la taglierina per calcestruzzo, la cazzuola e altri macchinari per l'edilizia. Siamo dotati di macchine CNC avanzate e applichiamo rigorosi standard di ispezione della qualit\u00e0 e un servizio di assistenza post-vendita completo. Se siete interessati ai nostri prodotti o servizi, accogliamo calorosamente le vostre richieste tramite messaggio.","publisher":{"@id":"https:\/\/www.hsymachinery.com\/#organization"},"potentialAction":[{"@type":"SearchAction","target":{"@type":"EntryPoint","urlTemplate":"https:\/\/www.hsymachinery.com\/?s={search_term_string}"},"query-input":{"@type":"PropertyValueSpecification","valueRequired":true,"valueName":"search_term_string"}}],"inLanguage":"it-IT"},{"@type":"Organization","@id":"https:\/\/www.hsymachinery.com\/#organization","name":"Macchine da costruzione HSY","url":"https:\/\/www.hsymachinery.com\/","logo":{"@type":"ImageObject","inLanguage":"it-IT","@id":"https:\/\/www.hsymachinery.com\/#\/schema\/logo\/image\/","url":"https:\/\/www.hsymachinery.com\/wp-content\/uploads\/2025\/06\/cropped-HSY-machinery.png","contentUrl":"https:\/\/www.hsymachinery.com\/wp-content\/uploads\/2025\/06\/cropped-HSY-machinery.png","width":600,"height":240,"caption":"HSY Construction Machinery"},"image":{"@id":"https:\/\/www.hsymachinery.com\/#\/schema\/logo\/image\/"}}]}},"_links":{"self":[{"href":"https:\/\/www.hsymachinery.com\/it\/wp-json\/wp\/v2\/product\/9175","targetHints":{"allow":["GET"]}}],"collection":[{"href":"https:\/\/www.hsymachinery.com\/it\/wp-json\/wp\/v2\/product"}],"about":[{"href":"https:\/\/www.hsymachinery.com\/it\/wp-json\/wp\/v2\/types\/product"}],"version-history":[{"count":3,"href":"https:\/\/www.hsymachinery.com\/it\/wp-json\/wp\/v2\/product\/9175\/revisions"}],"predecessor-version":[{"id":9581,"href":"https:\/\/www.hsymachinery.com\/it\/wp-json\/wp\/v2\/product\/9175\/revisions\/9581"}],"wp:featuredmedia":[{"embeddable":true,"href":"https:\/\/www.hsymachinery.com\/it\/wp-json\/wp\/v2\/media\/9176"}],"wp:attachment":[{"href":"https:\/\/www.hsymachinery.com\/it\/wp-json\/wp\/v2\/media?parent=9175"}],"wp:term":[{"taxonomy":"product_brand","embeddable":true,"href":"https:\/\/www.hsymachinery.com\/it\/wp-json\/wp\/v2\/product_brand?post=9175"},{"taxonomy":"product_cat","embeddable":true,"href":"https:\/\/www.hsymachinery.com\/it\/wp-json\/wp\/v2\/product_cat?post=9175"},{"taxonomy":"product_tag","embeddable":true,"href":"https:\/\/www.hsymachinery.com\/it\/wp-json\/wp\/v2\/product_tag?post=9175"}],"curies":[{"name":"wp","href":"https:\/\/api.w.org\/{rel}","templated":true}]}}