{"id":8952,"date":"2025-06-18T12:03:03","date_gmt":"2025-06-18T04:03:03","guid":{"rendered":"https:\/\/www.hsymachinery.com\/?post_type=product&#038;p=8952"},"modified":"2025-06-25T23:33:40","modified_gmt":"2025-06-25T15:33:40","slug":"macchina-piegatrice-per-armature-gw60","status":"publish","type":"product","link":"https:\/\/www.hsymachinery.com\/it\/prodotto\/macchina-piegatrice-per-armature-gw60\/","title":{"rendered":"Macchina piegatrice per tondo GW60"},"content":{"rendered":"<h3 data-start=\"435\" data-end=\"546\">Macchina piegatrice per armature GW60 per acciaio da 6-45 mm, piegatrice industriale in acciaio per progetti di armatura<\/h3>\n<h3 data-start=\"553\" data-end=\"644\">\u00a0Panoramica del prodotto - Macchina formatrice di barre da costruzione avanzate per la piegatura di acciaio spesso<\/h3>\n<p data-start=\"646\" data-end=\"973\">Il <strong data-start=\"650\" data-end=\"680\"><a href=\"https:\/\/www.hsymachinery.com\/it\/prodotti\/macchina-piegatrice-per-armature\/\" target=\"_blank\" rel=\"noopener\">Macchina piegatrice per tondo<\/a> GW60<\/strong> \u00e8 progettato per gestire barre d'acciaio da 6 mm a 45 mm, offrendo prestazioni di piegatura affidabili per grandi progetti di costruzione e prefabbricazione. Dai ponti autostradali alle colonne industriali, questo robusto strumento per la sagomatura delle barre offre un controllo costante degli angoli e un'elevata efficienza produttiva.<\/p>\n<p data-start=\"975\" data-end=\"1107\">Gli appaltatori scelgono il GW60 quando hanno bisogno di una coppia maggiore, di una struttura pi\u00f9 robusta e di una capacit\u00e0 di lavoro pi\u00f9 ampia rispetto alle piegatrici per armature standard.<\/p>\n<h3 data-start=\"1114\" data-end=\"1165\">Motore potente con superficie di piegatura estesa<\/h3>\n<p data-start=\"1167\" data-end=\"1500\">La macchina \u00e8 dotata di un disco di piegatura di grande diametro, di perni di piegatura rinforzati e di due tappi regolabili per un'impostazione precisa dell'angolo. Gli utenti possono selezionare qualsiasi angolo fino a 180\u00b0 in modo rapido e affidabile. Il motore industriale in rame fornisce una coppia elevata, mentre la scatola degli ingranaggi sigillata garantisce prestazioni silenziose e stabili nel tempo.<\/p>\n<p data-start=\"1502\" data-end=\"1677\">Inoltre, il GW60 \u00e8 dotato di un interruttore di sicurezza per l'arresto di emergenza e offre modalit\u00e0 di controllo manuali e a pedale, aumentando la flessibilit\u00e0 dell'operatore e la sicurezza in cantiere.<\/p>\n<h3 data-start=\"1684\" data-end=\"1727\">Telaio robusto e design pronto per l'esportazione<\/h3>\n<p data-start=\"1729\" data-end=\"2091\">Il suo telaio in acciaio ispessito e l'alloggiamento resistente agli urti consentono al GW60 di funzionare in modo affidabile anche in ambienti difficili. L'unit\u00e0 \u00e8 montata su solide ruote per facilitare il trasporto tra le stazioni. Grazie all'ingresso di tensione personalizzabile (220V\/380V, 50Hz\/60Hz), questo modello \u00e8 perfettamente adatto all'esportazione internazionale, compresa l'Africa, il Sud-est asiatico e l'America Latina.<\/p>\n<p data-start=\"2093\" data-end=\"2193\">Il pannello di controllo schermato dalle intemperie consente alla macchina di operare in cantieri parzialmente esposti.<\/p>\n<h3 data-start=\"2200\" data-end=\"2241\">Vantaggi principali della piegatrice per tondo GW60<\/h3>\n<ul data-start=\"2243\" data-end=\"2494\">\n<li data-start=\"2243\" data-end=\"2306\">\n<p data-start=\"2245\" data-end=\"2306\">Piega in modo efficiente barre di acciaio da 6-45 mm con elevata ripetibilit\u00e0<\/p>\n<\/li>\n<li data-start=\"2307\" data-end=\"2378\">\n<p data-start=\"2309\" data-end=\"2378\">Ideale per la costruzione di ponti, cantieri di prefabbricazione, armatura di gallerie e altro ancora.<\/p>\n<\/li>\n<li data-start=\"2379\" data-end=\"2433\">\n<p data-start=\"2381\" data-end=\"2433\">L'ampia piastra di piegatura aumenta la precisione e la resistenza<\/p>\n<\/li>\n<li data-start=\"2434\" data-end=\"2494\">\n<p data-start=\"2436\" data-end=\"2494\">Supporto multitensione per operazioni di costruzione globali<\/p>\n<\/li>\n<\/ul>\n<p><iframe title=\"#costruzione #lavoratore edile #rebarmachine #rebarbender #rebarbending\" width=\"720\" height=\"405\" src=\"https:\/\/www.youtube.com\/embed\/GX-U7SGMcVc?feature=oembed\" frameborder=\"0\" allow=\"accelerometer; autoplay; clipboard-write; encrypted-media; gyroscope; picture-in-picture; web-share\" referrerpolicy=\"strict-origin-when-cross-origin\" allowfullscreen><\/iframe><\/p>","protected":false},"excerpt":{"rendered":"<p>La piegatrice per tondo GW60 gestisce barre di acciaio da 6-45 mm con una coppia elevata, angoli precisi e un telaio robusto. Ideale per i siti industriali e pronta per l'esportazione in tutto il mondo.<\/p>","protected":false},"featured_media":8953,"template":"","meta":{"_kad_post_transparent":"default","_kad_post_title":"","_kad_post_layout":"default","_kad_post_sidebar_id":"","_kad_post_content_style":"default","_kad_post_vertical_padding":"default","_kad_post_feature":"","_kad_post_feature_position":"","_kad_post_header":false,"_kad_post_footer":false},"product_brand":[],"product_cat":[28],"product_tag":[998,1004,996,1003,997,1000,1001,999,995,1002],"class_list":{"0":"post-8952","1":"product","2":"type-product","3":"status-publish","4":"has-post-thumbnail","6":"product_cat-rebar-bending-machine","7":"product_tag-automatic-rebar-bending-machine","8":"product_tag-bar-bending-machine-price","9":"product_tag-cnc-rebar-bending-machine","10":"product_tag-construction-rebar-bender","11":"product_tag-electric-rebar-bender","12":"product_tag-electric-rebar-bending-machine","13":"product_tag-hydraulic-rebar-bending-machine","14":"product_tag-portable-rebar-bender","15":"product_tag-rebar-bender","16":"product_tag-steel-bar-bender","18":"first","19":"instock","20":"shipping-taxable","21":"product-type-simple","22":"entry","23":"content-bg","24":"loop-entry"},"yoast_head":"<!-- This site is optimized with the Yoast SEO plugin v25.3.1 - https:\/\/yoast.com\/wordpress\/plugins\/seo\/ -->\n<title>Rebar Bending Machine GW60 - HSY Construction Machinery<\/title>\n<meta name=\"description\" content=\"Rebar Bending Machine GW60 offers reliable bending for 6\u201345mm steel bars. This industrial-grade bar forming machine is ideal for heavy construction and global export projects.\" \/>\n<meta name=\"robots\" content=\"index, follow, max-snippet:-1, max-image-preview:large, max-video-preview:-1\" \/>\n<link rel=\"canonical\" href=\"https:\/\/www.hsymachinery.com\/it\/prodotto\/macchina-piegatrice-per-armature-gw60\/\" \/>\n<meta property=\"og:locale\" content=\"it_IT\" \/>\n<meta property=\"og:type\" content=\"article\" \/>\n<meta property=\"og:title\" content=\"Rebar Bending Machine GW60 - HSY Construction Machinery\" \/>\n<meta property=\"og:description\" content=\"Rebar Bending Machine GW60 offers reliable bending for 6\u201345mm steel bars. This industrial-grade bar forming machine is ideal for heavy construction and global export projects.\" \/>\n<meta property=\"og:url\" content=\"https:\/\/www.hsymachinery.com\/it\/prodotto\/macchina-piegatrice-per-armature-gw60\/\" \/>\n<meta property=\"og:site_name\" content=\"HSY Construction Machinery\" \/>\n<meta property=\"article:modified_time\" content=\"2025-06-25T15:33:40+00:00\" \/>\n<meta property=\"og:image\" content=\"https:\/\/www.hsymachinery.com\/wp-content\/uploads\/2025\/06\/Rebar-Bending-Machine-GW60.jpg\" \/>\n\t<meta property=\"og:image:width\" content=\"600\" \/>\n\t<meta property=\"og:image:height\" content=\"600\" \/>\n\t<meta property=\"og:image:type\" content=\"image\/jpeg\" \/>\n<meta name=\"twitter:card\" content=\"summary_large_image\" \/>\n<meta name=\"twitter:label1\" content=\"Tempo di lettura stimato\" \/>\n\t<meta name=\"twitter:data1\" content=\"2 minuti\" \/>\n<script type=\"application\/ld+json\" class=\"yoast-schema-graph\">{\"@context\":\"https:\/\/schema.org\",\"@graph\":[{\"@type\":\"WebPage\",\"@id\":\"https:\/\/www.hsymachinery.com\/product\/rebar-bending-machine-gw60\/\",\"url\":\"https:\/\/www.hsymachinery.com\/product\/rebar-bending-machine-gw60\/\",\"name\":\"Rebar Bending Machine GW60 - HSY Construction Machinery\",\"isPartOf\":{\"@id\":\"https:\/\/www.hsymachinery.com\/#website\"},\"primaryImageOfPage\":{\"@id\":\"https:\/\/www.hsymachinery.com\/product\/rebar-bending-machine-gw60\/#primaryimage\"},\"image\":{\"@id\":\"https:\/\/www.hsymachinery.com\/product\/rebar-bending-machine-gw60\/#primaryimage\"},\"thumbnailUrl\":\"https:\/\/www.hsymachinery.com\/wp-content\/uploads\/2025\/06\/Rebar-Bending-Machine-GW60.jpg\",\"datePublished\":\"2025-06-18T04:03:03+00:00\",\"dateModified\":\"2025-06-25T15:33:40+00:00\",\"description\":\"Rebar Bending Machine GW60 offers reliable bending for 6\u201345mm steel bars. This industrial-grade bar forming machine is ideal for heavy construction and global export projects.\",\"breadcrumb\":{\"@id\":\"https:\/\/www.hsymachinery.com\/product\/rebar-bending-machine-gw60\/#breadcrumb\"},\"inLanguage\":\"it-IT\",\"potentialAction\":[{\"@type\":\"ReadAction\",\"target\":[\"https:\/\/www.hsymachinery.com\/product\/rebar-bending-machine-gw60\/\"]}]},{\"@type\":\"ImageObject\",\"inLanguage\":\"it-IT\",\"@id\":\"https:\/\/www.hsymachinery.com\/product\/rebar-bending-machine-gw60\/#primaryimage\",\"url\":\"https:\/\/www.hsymachinery.com\/wp-content\/uploads\/2025\/06\/Rebar-Bending-Machine-GW60.jpg\",\"contentUrl\":\"https:\/\/www.hsymachinery.com\/wp-content\/uploads\/2025\/06\/Rebar-Bending-Machine-GW60.jpg\",\"width\":600,\"height\":600},{\"@type\":\"BreadcrumbList\",\"@id\":\"https:\/\/www.hsymachinery.com\/product\/rebar-bending-machine-gw60\/#breadcrumb\",\"itemListElement\":[{\"@type\":\"ListItem\",\"position\":1,\"name\":\"home\",\"item\":\"https:\/\/www.hsymachinery.com\/\"},{\"@type\":\"ListItem\",\"position\":2,\"name\":\"products\",\"item\":\"https:\/\/www.hsymachinery.com\/products\/\"},{\"@type\":\"ListItem\",\"position\":3,\"name\":\"Rebar Bending Machine GW60\"}]},{\"@type\":\"WebSite\",\"@id\":\"https:\/\/www.hsymachinery.com\/#website\",\"url\":\"https:\/\/www.hsymachinery.com\/\",\"name\":\"HSY Construction Machinery\",\"description\":\"HSY Machinery \u2013 A leading China construction machinery supplier, offering a wide range of light construction equipment. Our main products include Rebar Cutting Machine, Rebar Bending Machine, Rebar Stirrup Bending Machine, Rebar Arc Bending Machine, Rebar Straightening Machine, Five-Head Rebar Stirrup Bending Machine, Tamping Rammer, Plate Compactor, Concrete Cutter, Power Trowel, and other construction machinery. We are equipped with advanced CNC machines, and we enforce strict quality inspection standards along with comprehensive after-sales service. If you are interested in our products or services, we warmly welcome your inquiries via message.\",\"publisher\":{\"@id\":\"https:\/\/www.hsymachinery.com\/#organization\"},\"potentialAction\":[{\"@type\":\"SearchAction\",\"target\":{\"@type\":\"EntryPoint\",\"urlTemplate\":\"https:\/\/www.hsymachinery.com\/?s={search_term_string}\"},\"query-input\":{\"@type\":\"PropertyValueSpecification\",\"valueRequired\":true,\"valueName\":\"search_term_string\"}}],\"inLanguage\":\"it-IT\"},{\"@type\":\"Organization\",\"@id\":\"https:\/\/www.hsymachinery.com\/#organization\",\"name\":\"HSY Construction Machinery\",\"url\":\"https:\/\/www.hsymachinery.com\/\",\"logo\":{\"@type\":\"ImageObject\",\"inLanguage\":\"it-IT\",\"@id\":\"https:\/\/www.hsymachinery.com\/#\/schema\/logo\/image\/\",\"url\":\"https:\/\/www.hsymachinery.com\/wp-content\/uploads\/2025\/06\/cropped-HSY-machinery.png\",\"contentUrl\":\"https:\/\/www.hsymachinery.com\/wp-content\/uploads\/2025\/06\/cropped-HSY-machinery.png\",\"width\":600,\"height\":240,\"caption\":\"HSY Construction Machinery\"},\"image\":{\"@id\":\"https:\/\/www.hsymachinery.com\/#\/schema\/logo\/image\/\"}}]}<\/script>\n<!-- \/ Yoast SEO plugin. -->","yoast_head_json":{"title":"Curvatrice per tondo GW60 - Macchinario di costruzione HSY","description":"La piegatrice per tondo GW60 offre una piegatura affidabile per barre di acciaio da 6-45 mm. Questa macchina per la formatura di barre di livello industriale \u00e8 ideale per progetti di costruzione pesante e di esportazione globale.","robots":{"index":"index","follow":"follow","max-snippet":"max-snippet:-1","max-image-preview":"max-image-preview:large","max-video-preview":"max-video-preview:-1"},"canonical":"https:\/\/www.hsymachinery.com\/it\/prodotto\/macchina-piegatrice-per-armature-gw60\/","og_locale":"it_IT","og_type":"article","og_title":"Rebar Bending Machine GW60 - HSY Construction Machinery","og_description":"Rebar Bending Machine GW60 offers reliable bending for 6\u201345mm steel bars. This industrial-grade bar forming machine is ideal for heavy construction and global export projects.","og_url":"https:\/\/www.hsymachinery.com\/it\/prodotto\/macchina-piegatrice-per-armature-gw60\/","og_site_name":"HSY Construction Machinery","article_modified_time":"2025-06-25T15:33:40+00:00","og_image":[{"width":600,"height":600,"url":"https:\/\/www.hsymachinery.com\/wp-content\/uploads\/2025\/06\/Rebar-Bending-Machine-GW60.jpg","type":"image\/jpeg"}],"twitter_card":"summary_large_image","twitter_misc":{"Tempo di lettura stimato":"2 minuti"},"schema":{"@context":"https:\/\/schema.org","@graph":[{"@type":"WebPage","@id":"https:\/\/www.hsymachinery.com\/product\/rebar-bending-machine-gw60\/","url":"https:\/\/www.hsymachinery.com\/product\/rebar-bending-machine-gw60\/","name":"Curvatrice per tondo GW60 - Macchinario di costruzione HSY","isPartOf":{"@id":"https:\/\/www.hsymachinery.com\/#website"},"primaryImageOfPage":{"@id":"https:\/\/www.hsymachinery.com\/product\/rebar-bending-machine-gw60\/#primaryimage"},"image":{"@id":"https:\/\/www.hsymachinery.com\/product\/rebar-bending-machine-gw60\/#primaryimage"},"thumbnailUrl":"https:\/\/www.hsymachinery.com\/wp-content\/uploads\/2025\/06\/Rebar-Bending-Machine-GW60.jpg","datePublished":"2025-06-18T04:03:03+00:00","dateModified":"2025-06-25T15:33:40+00:00","description":"La piegatrice per tondo GW60 offre una piegatura affidabile per barre di acciaio da 6-45 mm. Questa macchina per la formatura di barre di livello industriale \u00e8 ideale per progetti di costruzione pesante e di esportazione globale.","breadcrumb":{"@id":"https:\/\/www.hsymachinery.com\/product\/rebar-bending-machine-gw60\/#breadcrumb"},"inLanguage":"it-IT","potentialAction":[{"@type":"ReadAction","target":["https:\/\/www.hsymachinery.com\/product\/rebar-bending-machine-gw60\/"]}]},{"@type":"ImageObject","inLanguage":"it-IT","@id":"https:\/\/www.hsymachinery.com\/product\/rebar-bending-machine-gw60\/#primaryimage","url":"https:\/\/www.hsymachinery.com\/wp-content\/uploads\/2025\/06\/Rebar-Bending-Machine-GW60.jpg","contentUrl":"https:\/\/www.hsymachinery.com\/wp-content\/uploads\/2025\/06\/Rebar-Bending-Machine-GW60.jpg","width":600,"height":600},{"@type":"BreadcrumbList","@id":"https:\/\/www.hsymachinery.com\/product\/rebar-bending-machine-gw60\/#breadcrumb","itemListElement":[{"@type":"ListItem","position":1,"name":"home","item":"https:\/\/www.hsymachinery.com\/"},{"@type":"ListItem","position":2,"name":"products","item":"https:\/\/www.hsymachinery.com\/products\/"},{"@type":"ListItem","position":3,"name":"Rebar Bending Machine GW60"}]},{"@type":"WebSite","@id":"https:\/\/www.hsymachinery.com\/#website","url":"https:\/\/www.hsymachinery.com\/","name":"Macchine da costruzione HSY","description":"HSY Machinery - Un fornitore leader di macchinari per l'edilizia in Cina, che offre un'ampia gamma di attrezzature per l'edilizia leggera. I nostri prodotti principali includono la macchina per il taglio delle barre, la macchina per la piegatura delle barre, la macchina per la piegatura ad arco delle barre, la macchina per la raddrizzatura delle barre, la macchina per la piegatura delle barre a cinque teste, il costipatore, la taglierina per calcestruzzo, la cazzuola e altri macchinari per l'edilizia. Siamo dotati di macchine CNC avanzate e applichiamo rigorosi standard di ispezione della qualit\u00e0 e un servizio di assistenza post-vendita completo. Se siete interessati ai nostri prodotti o servizi, accogliamo calorosamente le vostre richieste tramite messaggio.","publisher":{"@id":"https:\/\/www.hsymachinery.com\/#organization"},"potentialAction":[{"@type":"SearchAction","target":{"@type":"EntryPoint","urlTemplate":"https:\/\/www.hsymachinery.com\/?s={search_term_string}"},"query-input":{"@type":"PropertyValueSpecification","valueRequired":true,"valueName":"search_term_string"}}],"inLanguage":"it-IT"},{"@type":"Organization","@id":"https:\/\/www.hsymachinery.com\/#organization","name":"Macchine da costruzione HSY","url":"https:\/\/www.hsymachinery.com\/","logo":{"@type":"ImageObject","inLanguage":"it-IT","@id":"https:\/\/www.hsymachinery.com\/#\/schema\/logo\/image\/","url":"https:\/\/www.hsymachinery.com\/wp-content\/uploads\/2025\/06\/cropped-HSY-machinery.png","contentUrl":"https:\/\/www.hsymachinery.com\/wp-content\/uploads\/2025\/06\/cropped-HSY-machinery.png","width":600,"height":240,"caption":"HSY Construction Machinery"},"image":{"@id":"https:\/\/www.hsymachinery.com\/#\/schema\/logo\/image\/"}}]}},"_links":{"self":[{"href":"https:\/\/www.hsymachinery.com\/it\/wp-json\/wp\/v2\/product\/8952","targetHints":{"allow":["GET"]}}],"collection":[{"href":"https:\/\/www.hsymachinery.com\/it\/wp-json\/wp\/v2\/product"}],"about":[{"href":"https:\/\/www.hsymachinery.com\/it\/wp-json\/wp\/v2\/types\/product"}],"version-history":[{"count":3,"href":"https:\/\/www.hsymachinery.com\/it\/wp-json\/wp\/v2\/product\/8952\/revisions"}],"predecessor-version":[{"id":9359,"href":"https:\/\/www.hsymachinery.com\/it\/wp-json\/wp\/v2\/product\/8952\/revisions\/9359"}],"wp:featuredmedia":[{"embeddable":true,"href":"https:\/\/www.hsymachinery.com\/it\/wp-json\/wp\/v2\/media\/8953"}],"wp:attachment":[{"href":"https:\/\/www.hsymachinery.com\/it\/wp-json\/wp\/v2\/media?parent=8952"}],"wp:term":[{"taxonomy":"product_brand","embeddable":true,"href":"https:\/\/www.hsymachinery.com\/it\/wp-json\/wp\/v2\/product_brand?post=8952"},{"taxonomy":"product_cat","embeddable":true,"href":"https:\/\/www.hsymachinery.com\/it\/wp-json\/wp\/v2\/product_cat?post=8952"},{"taxonomy":"product_tag","embeddable":true,"href":"https:\/\/www.hsymachinery.com\/it\/wp-json\/wp\/v2\/product_tag?post=8952"}],"curies":[{"name":"wp","href":"https:\/\/api.w.org\/{rel}","templated":true}]}}