{"id":8933,"date":"2025-06-18T11:30:13","date_gmt":"2025-06-18T03:30:13","guid":{"rendered":"https:\/\/www.hsymachinery.com\/?post_type=product&#038;p=8933"},"modified":"2025-06-25T22:20:03","modified_gmt":"2025-06-25T14:20:03","slug":"macchina-per-il-taglio-delle-armature-gq60-coltello-piatto","status":"publish","type":"product","link":"https:\/\/www.hsymachinery.com\/it\/prodotto\/macchina-per-il-taglio-delle-armature-gq60-coltello-piatto\/","title":{"rendered":"Macchina per il taglio di tondo GQ60 (coltello piatto)"},"content":{"rendered":"<h3 data-start=\"151\" data-end=\"233\">Taglierina per armature a lama piatta per impieghi extra-pesanti per progetti di armatura industriale<\/h3>\n<h3 data-start=\"240\" data-end=\"309\">Panoramica del prodotto - Cesoia per barre d'acciaio a lama piatta per tondo da 6-50 mm<\/h3>\n<p data-start=\"311\" data-end=\"784\">Il <strong data-start=\"315\" data-end=\"358\"><a href=\"https:\/\/www.hsymachinery.com\/it\/prodotti\/macchina-per-il-taglio-delle-armature\/\" target=\"_blank\" rel=\"noopener\">Macchina per il taglio del tondo<\/a> GQ60 (coltello piatto)<\/strong> \u00e8 stata progettata per il taglio di barre d'armatura di diametro elevato in ambienti di costruzione intensiva. Questa macchina \u00e8 in grado di gestire barre d'acciaio da 6 mm a 50 mm, il che la rende una scelta ideale per la costruzione di dighe, cavalcavia autostradali, fabbricazione di strutture in acciaio e lavori di rinforzo di tunnel. Il suo sistema di coltelli piatti applica una pressione di taglio uniforme, ottenendo una cesoiatura liscia e precisa senza compromettere l'integrit\u00e0 della barra.<\/p>\n<p data-start=\"786\" data-end=\"927\">Con una coppia, una resistenza meccanica e una gamma di taglio migliorate, questo modello \u00e8 costruito per lavori in cui potenza e precisione sono irrinunciabili.<\/p>\n<h3 data-start=\"934\" data-end=\"984\">Potenza di taglio industriale con risultati puliti<\/h3>\n<p data-start=\"986\" data-end=\"1294\">Il design piatto del coltello GQ60 consente alla lama di entrare in contatto con l'intera superficie della barra d'acciaio in modo uniforme durante la cesoiatura. Ci\u00f2 riduce notevolmente la scheggiatura dei bordi e la deformazione della barra. Inoltre, la robusta lama in acciaio \u00e8 trattata termicamente per garantire che rimanga affilata e stabile anche dopo lunghe ore di funzionamento continuo.<\/p>\n<p data-start=\"1296\" data-end=\"1603\">Azionata da un motore con nucleo in rame ad alte prestazioni, la macchina per il taglio di tondo GQ60 (coltello piatto) offre una coppia ineguagliata per la sua classe di dimensioni. Funziona in modo costante, producendo basse vibrazioni e minime perdite di energia. La scatola degli ingranaggi e il gruppo di trasmissione sono ottimizzati per garantire una lunga durata in condizioni di stress industriale.<\/p>\n<h3 data-start=\"1610\" data-end=\"1663\">Corpo rinforzato e adattabilit\u00e0 alle esportazioni globali<\/h3>\n<p data-start=\"1665\" data-end=\"2042\">L'alloggiamento di questa macchina \u00e8 realizzato in ghisa duttile ad alta resistenza, per garantire una rigidit\u00e0 strutturale superiore. Inoltre, \u00e8 dotata di ruote di trasporto per impieghi gravosi che ne consentono la mobilit\u00e0 su terreni difficili. La leva manuale ergonomica offre un controllo reattivo e preciso su ogni taglio. La manutenzione \u00e8 facile e veloce grazie al pannello di accesso aperto e al montaggio delle lame di facile utilizzo.<\/p>\n<p data-start=\"2044\" data-end=\"2224\">Il GQ60 supporta gli standard internazionali con opzioni di tensione personalizzabili (220V\/380V, 50Hz\/60Hz), rendendolo adatto all'esportazione in Africa, Asia, Sud America e oltre.<\/p>\n<h3 data-start=\"2231\" data-end=\"2281\">Vantaggi principali della taglierina per armature a coltello piatto GQ60<\/h3>\n<ul data-start=\"2283\" data-end=\"2506\">\n<li data-start=\"2283\" data-end=\"2337\">\n<p data-start=\"2285\" data-end=\"2337\">Taglia armature da 6-50 mm con una forza di taglio stabile e piatta<\/p>\n<\/li>\n<li data-start=\"2338\" data-end=\"2396\">\n<p data-start=\"2340\" data-end=\"2396\">Costruito per l'uso industriale o infrastrutturale ad alto volume<\/p>\n<\/li>\n<li data-start=\"2397\" data-end=\"2448\">\n<p data-start=\"2399\" data-end=\"2448\">Motore potente e trasmissione affidabile della coppia<\/p>\n<\/li>\n<li data-start=\"2449\" data-end=\"2506\">\n<p data-start=\"2451\" data-end=\"2506\">Supporta la personalizzazione della tensione internazionale per l'esportazione<\/p>\n<\/li>\n<\/ul>\n<p><iframe title=\"#costruzione #lavoratore edile #rebarmachine #rebarcutter #rebarcuttingmachine #rebar\" width=\"720\" height=\"405\" src=\"https:\/\/www.youtube.com\/embed\/tdc4TA5-zRc?feature=oembed\" frameborder=\"0\" allow=\"accelerometer; autoplay; clipboard-write; encrypted-media; gyroscope; picture-in-picture; web-share\" referrerpolicy=\"strict-origin-when-cross-origin\" allowfullscreen><\/iframe><\/p>","protected":false},"excerpt":{"rendered":"<p>La taglierina per armature a lama piatta GQ60 lavora barre da 6-50 mm con una forza costante e un'elevata durata. Ideale per lavori di armatura su scala infrastrutturale nei mercati globali dell'edilizia.<\/p>","protected":false},"featured_media":8934,"template":"","meta":{"_kad_post_transparent":"default","_kad_post_title":"","_kad_post_layout":"default","_kad_post_sidebar_id":"","_kad_post_content_style":"default","_kad_post_vertical_padding":"default","_kad_post_feature":"","_kad_post_feature_position":"","_kad_post_header":false,"_kad_post_footer":false},"product_brand":[],"product_cat":[51],"product_tag":[988,992,990,989,993,985,994,987,984,991,986],"class_list":{"0":"post-8933","1":"product","2":"type-product","3":"status-publish","4":"has-post-thumbnail","6":"product_cat-rebar-cutting-machine","7":"product_tag-automatic-rebar-cutter","8":"product_tag-construction-steel-bar-cutter","9":"product_tag-electric-rebar-cutting-tool","10":"product_tag-hydraulic-rebar-cutting-machine","11":"product_tag-portable-rebar-cutting-machine","12":"product_tag-rebar-cutter","13":"product_tag-rebar-cutting-machine","14":"product_tag-reinforcement-bar-cutter","15":"product_tag-steel-bar-cutting-machine","16":"product_tag-steel-rod-cutter-machine","17":"product_tag-tmt-bar-cutting-machine","19":"first","20":"instock","21":"shipping-taxable","22":"product-type-simple","23":"entry","24":"content-bg","25":"loop-entry"},"yoast_head":"<!-- This site is optimized with the Yoast SEO plugin v25.3.1 - https:\/\/yoast.com\/wordpress\/plugins\/seo\/ -->\n<title>Rebar Cutting Machine GQ60 (Flat knife) - HSY Construction Machinery<\/title>\n<meta name=\"description\" content=\"Rebar Cutting Machine GQ60 (Flat Knife) delivers strong, flat-blade shearing for 6\u201350mm rebar. Designed for heavy-duty construction and international export.\" \/>\n<meta name=\"robots\" content=\"index, follow, max-snippet:-1, max-image-preview:large, max-video-preview:-1\" \/>\n<link rel=\"canonical\" href=\"https:\/\/www.hsymachinery.com\/it\/prodotto\/macchina-per-il-taglio-delle-armature-gq60-coltello-piatto\/\" \/>\n<meta property=\"og:locale\" content=\"it_IT\" \/>\n<meta property=\"og:type\" content=\"article\" \/>\n<meta property=\"og:title\" content=\"Rebar Cutting Machine GQ60 (Flat knife) - HSY Construction Machinery\" \/>\n<meta property=\"og:description\" content=\"Rebar Cutting Machine GQ60 (Flat Knife) delivers strong, flat-blade shearing for 6\u201350mm rebar. Designed for heavy-duty construction and international export.\" \/>\n<meta property=\"og:url\" content=\"https:\/\/www.hsymachinery.com\/it\/prodotto\/macchina-per-il-taglio-delle-armature-gq60-coltello-piatto\/\" \/>\n<meta property=\"og:site_name\" content=\"HSY Construction Machinery\" \/>\n<meta property=\"article:modified_time\" content=\"2025-06-25T14:20:03+00:00\" \/>\n<meta property=\"og:image\" content=\"https:\/\/www.hsymachinery.com\/wp-content\/uploads\/2025\/06\/Rebar-Cutting-Machine-GQ60-Flat-knife.jpg\" \/>\n\t<meta property=\"og:image:width\" content=\"600\" \/>\n\t<meta property=\"og:image:height\" content=\"600\" \/>\n\t<meta property=\"og:image:type\" content=\"image\/jpeg\" \/>\n<meta name=\"twitter:card\" content=\"summary_large_image\" \/>\n<meta name=\"twitter:label1\" content=\"Tempo di lettura stimato\" \/>\n\t<meta name=\"twitter:data1\" content=\"2 minuti\" \/>\n<script type=\"application\/ld+json\" class=\"yoast-schema-graph\">{\"@context\":\"https:\/\/schema.org\",\"@graph\":[{\"@type\":\"WebPage\",\"@id\":\"https:\/\/www.hsymachinery.com\/product\/rebar-cutting-machine-gq60-flat-knife\/\",\"url\":\"https:\/\/www.hsymachinery.com\/product\/rebar-cutting-machine-gq60-flat-knife\/\",\"name\":\"Rebar Cutting Machine GQ60 (Flat knife) - HSY Construction Machinery\",\"isPartOf\":{\"@id\":\"https:\/\/www.hsymachinery.com\/#website\"},\"primaryImageOfPage\":{\"@id\":\"https:\/\/www.hsymachinery.com\/product\/rebar-cutting-machine-gq60-flat-knife\/#primaryimage\"},\"image\":{\"@id\":\"https:\/\/www.hsymachinery.com\/product\/rebar-cutting-machine-gq60-flat-knife\/#primaryimage\"},\"thumbnailUrl\":\"https:\/\/www.hsymachinery.com\/wp-content\/uploads\/2025\/06\/Rebar-Cutting-Machine-GQ60-Flat-knife.jpg\",\"datePublished\":\"2025-06-18T03:30:13+00:00\",\"dateModified\":\"2025-06-25T14:20:03+00:00\",\"description\":\"Rebar Cutting Machine GQ60 (Flat Knife) delivers strong, flat-blade shearing for 6\u201350mm rebar. Designed for heavy-duty construction and international export.\",\"breadcrumb\":{\"@id\":\"https:\/\/www.hsymachinery.com\/product\/rebar-cutting-machine-gq60-flat-knife\/#breadcrumb\"},\"inLanguage\":\"it-IT\",\"potentialAction\":[{\"@type\":\"ReadAction\",\"target\":[\"https:\/\/www.hsymachinery.com\/product\/rebar-cutting-machine-gq60-flat-knife\/\"]}]},{\"@type\":\"ImageObject\",\"inLanguage\":\"it-IT\",\"@id\":\"https:\/\/www.hsymachinery.com\/product\/rebar-cutting-machine-gq60-flat-knife\/#primaryimage\",\"url\":\"https:\/\/www.hsymachinery.com\/wp-content\/uploads\/2025\/06\/Rebar-Cutting-Machine-GQ60-Flat-knife.jpg\",\"contentUrl\":\"https:\/\/www.hsymachinery.com\/wp-content\/uploads\/2025\/06\/Rebar-Cutting-Machine-GQ60-Flat-knife.jpg\",\"width\":600,\"height\":600},{\"@type\":\"BreadcrumbList\",\"@id\":\"https:\/\/www.hsymachinery.com\/product\/rebar-cutting-machine-gq60-flat-knife\/#breadcrumb\",\"itemListElement\":[{\"@type\":\"ListItem\",\"position\":1,\"name\":\"home\",\"item\":\"https:\/\/www.hsymachinery.com\/\"},{\"@type\":\"ListItem\",\"position\":2,\"name\":\"products\",\"item\":\"https:\/\/www.hsymachinery.com\/products\/\"},{\"@type\":\"ListItem\",\"position\":3,\"name\":\"Rebar Cutting Machine GQ60 (Flat knife)\"}]},{\"@type\":\"WebSite\",\"@id\":\"https:\/\/www.hsymachinery.com\/#website\",\"url\":\"https:\/\/www.hsymachinery.com\/\",\"name\":\"HSY Construction Machinery\",\"description\":\"HSY Machinery \u2013 A leading China construction machinery supplier, offering a wide range of light construction equipment. Our main products include Rebar Cutting Machine, Rebar Bending Machine, Rebar Stirrup Bending Machine, Rebar Arc Bending Machine, Rebar Straightening Machine, Five-Head Rebar Stirrup Bending Machine, Tamping Rammer, Plate Compactor, Concrete Cutter, Power Trowel, and other construction machinery. We are equipped with advanced CNC machines, and we enforce strict quality inspection standards along with comprehensive after-sales service. If you are interested in our products or services, we warmly welcome your inquiries via message.\",\"publisher\":{\"@id\":\"https:\/\/www.hsymachinery.com\/#organization\"},\"potentialAction\":[{\"@type\":\"SearchAction\",\"target\":{\"@type\":\"EntryPoint\",\"urlTemplate\":\"https:\/\/www.hsymachinery.com\/?s={search_term_string}\"},\"query-input\":{\"@type\":\"PropertyValueSpecification\",\"valueRequired\":true,\"valueName\":\"search_term_string\"}}],\"inLanguage\":\"it-IT\"},{\"@type\":\"Organization\",\"@id\":\"https:\/\/www.hsymachinery.com\/#organization\",\"name\":\"HSY Construction Machinery\",\"url\":\"https:\/\/www.hsymachinery.com\/\",\"logo\":{\"@type\":\"ImageObject\",\"inLanguage\":\"it-IT\",\"@id\":\"https:\/\/www.hsymachinery.com\/#\/schema\/logo\/image\/\",\"url\":\"https:\/\/www.hsymachinery.com\/wp-content\/uploads\/2025\/06\/cropped-HSY-machinery.png\",\"contentUrl\":\"https:\/\/www.hsymachinery.com\/wp-content\/uploads\/2025\/06\/cropped-HSY-machinery.png\",\"width\":600,\"height\":240,\"caption\":\"HSY Construction Machinery\"},\"image\":{\"@id\":\"https:\/\/www.hsymachinery.com\/#\/schema\/logo\/image\/\"}}]}<\/script>\n<!-- \/ Yoast SEO plugin. -->","yoast_head_json":{"title":"Macchina per il taglio delle armature GQ60 (coltello piatto) - Macchine edili HSY","description":"La macchina per il taglio di tondo GQ60 (coltello piatto) offre una cesoiatura forte e a lama piatta per tondo da 6-50 mm. Progettata per l'edilizia pesante e l'esportazione internazionale.","robots":{"index":"index","follow":"follow","max-snippet":"max-snippet:-1","max-image-preview":"max-image-preview:large","max-video-preview":"max-video-preview:-1"},"canonical":"https:\/\/www.hsymachinery.com\/it\/prodotto\/macchina-per-il-taglio-delle-armature-gq60-coltello-piatto\/","og_locale":"it_IT","og_type":"article","og_title":"Rebar Cutting Machine GQ60 (Flat knife) - HSY Construction Machinery","og_description":"Rebar Cutting Machine GQ60 (Flat Knife) delivers strong, flat-blade shearing for 6\u201350mm rebar. Designed for heavy-duty construction and international export.","og_url":"https:\/\/www.hsymachinery.com\/it\/prodotto\/macchina-per-il-taglio-delle-armature-gq60-coltello-piatto\/","og_site_name":"HSY Construction Machinery","article_modified_time":"2025-06-25T14:20:03+00:00","og_image":[{"width":600,"height":600,"url":"https:\/\/www.hsymachinery.com\/wp-content\/uploads\/2025\/06\/Rebar-Cutting-Machine-GQ60-Flat-knife.jpg","type":"image\/jpeg"}],"twitter_card":"summary_large_image","twitter_misc":{"Tempo di lettura stimato":"2 minuti"},"schema":{"@context":"https:\/\/schema.org","@graph":[{"@type":"WebPage","@id":"https:\/\/www.hsymachinery.com\/product\/rebar-cutting-machine-gq60-flat-knife\/","url":"https:\/\/www.hsymachinery.com\/product\/rebar-cutting-machine-gq60-flat-knife\/","name":"Macchina per il taglio delle armature GQ60 (coltello piatto) - Macchine edili HSY","isPartOf":{"@id":"https:\/\/www.hsymachinery.com\/#website"},"primaryImageOfPage":{"@id":"https:\/\/www.hsymachinery.com\/product\/rebar-cutting-machine-gq60-flat-knife\/#primaryimage"},"image":{"@id":"https:\/\/www.hsymachinery.com\/product\/rebar-cutting-machine-gq60-flat-knife\/#primaryimage"},"thumbnailUrl":"https:\/\/www.hsymachinery.com\/wp-content\/uploads\/2025\/06\/Rebar-Cutting-Machine-GQ60-Flat-knife.jpg","datePublished":"2025-06-18T03:30:13+00:00","dateModified":"2025-06-25T14:20:03+00:00","description":"La macchina per il taglio di tondo GQ60 (coltello piatto) offre una cesoiatura forte e a lama piatta per tondo da 6-50 mm. Progettata per l'edilizia pesante e l'esportazione internazionale.","breadcrumb":{"@id":"https:\/\/www.hsymachinery.com\/product\/rebar-cutting-machine-gq60-flat-knife\/#breadcrumb"},"inLanguage":"it-IT","potentialAction":[{"@type":"ReadAction","target":["https:\/\/www.hsymachinery.com\/product\/rebar-cutting-machine-gq60-flat-knife\/"]}]},{"@type":"ImageObject","inLanguage":"it-IT","@id":"https:\/\/www.hsymachinery.com\/product\/rebar-cutting-machine-gq60-flat-knife\/#primaryimage","url":"https:\/\/www.hsymachinery.com\/wp-content\/uploads\/2025\/06\/Rebar-Cutting-Machine-GQ60-Flat-knife.jpg","contentUrl":"https:\/\/www.hsymachinery.com\/wp-content\/uploads\/2025\/06\/Rebar-Cutting-Machine-GQ60-Flat-knife.jpg","width":600,"height":600},{"@type":"BreadcrumbList","@id":"https:\/\/www.hsymachinery.com\/product\/rebar-cutting-machine-gq60-flat-knife\/#breadcrumb","itemListElement":[{"@type":"ListItem","position":1,"name":"home","item":"https:\/\/www.hsymachinery.com\/"},{"@type":"ListItem","position":2,"name":"products","item":"https:\/\/www.hsymachinery.com\/products\/"},{"@type":"ListItem","position":3,"name":"Rebar Cutting Machine GQ60 (Flat knife)"}]},{"@type":"WebSite","@id":"https:\/\/www.hsymachinery.com\/#website","url":"https:\/\/www.hsymachinery.com\/","name":"Macchine da costruzione HSY","description":"HSY Machinery - Un fornitore leader di macchinari per l'edilizia in Cina, che offre un'ampia gamma di attrezzature per l'edilizia leggera. I nostri prodotti principali includono la macchina per il taglio delle barre, la macchina per la piegatura delle barre, la macchina per la piegatura ad arco delle barre, la macchina per la raddrizzatura delle barre, la macchina per la piegatura delle barre a cinque teste, il costipatore, la taglierina per calcestruzzo, la cazzuola e altri macchinari per l'edilizia. Siamo dotati di macchine CNC avanzate e applichiamo rigorosi standard di ispezione della qualit\u00e0 e un servizio di assistenza post-vendita completo. Se siete interessati ai nostri prodotti o servizi, accogliamo calorosamente le vostre richieste tramite messaggio.","publisher":{"@id":"https:\/\/www.hsymachinery.com\/#organization"},"potentialAction":[{"@type":"SearchAction","target":{"@type":"EntryPoint","urlTemplate":"https:\/\/www.hsymachinery.com\/?s={search_term_string}"},"query-input":{"@type":"PropertyValueSpecification","valueRequired":true,"valueName":"search_term_string"}}],"inLanguage":"it-IT"},{"@type":"Organization","@id":"https:\/\/www.hsymachinery.com\/#organization","name":"Macchine da costruzione HSY","url":"https:\/\/www.hsymachinery.com\/","logo":{"@type":"ImageObject","inLanguage":"it-IT","@id":"https:\/\/www.hsymachinery.com\/#\/schema\/logo\/image\/","url":"https:\/\/www.hsymachinery.com\/wp-content\/uploads\/2025\/06\/cropped-HSY-machinery.png","contentUrl":"https:\/\/www.hsymachinery.com\/wp-content\/uploads\/2025\/06\/cropped-HSY-machinery.png","width":600,"height":240,"caption":"HSY Construction Machinery"},"image":{"@id":"https:\/\/www.hsymachinery.com\/#\/schema\/logo\/image\/"}}]}},"_links":{"self":[{"href":"https:\/\/www.hsymachinery.com\/it\/wp-json\/wp\/v2\/product\/8933","targetHints":{"allow":["GET"]}}],"collection":[{"href":"https:\/\/www.hsymachinery.com\/it\/wp-json\/wp\/v2\/product"}],"about":[{"href":"https:\/\/www.hsymachinery.com\/it\/wp-json\/wp\/v2\/types\/product"}],"version-history":[{"count":4,"href":"https:\/\/www.hsymachinery.com\/it\/wp-json\/wp\/v2\/product\/8933\/revisions"}],"predecessor-version":[{"id":9338,"href":"https:\/\/www.hsymachinery.com\/it\/wp-json\/wp\/v2\/product\/8933\/revisions\/9338"}],"wp:featuredmedia":[{"embeddable":true,"href":"https:\/\/www.hsymachinery.com\/it\/wp-json\/wp\/v2\/media\/8934"}],"wp:attachment":[{"href":"https:\/\/www.hsymachinery.com\/it\/wp-json\/wp\/v2\/media?parent=8933"}],"wp:term":[{"taxonomy":"product_brand","embeddable":true,"href":"https:\/\/www.hsymachinery.com\/it\/wp-json\/wp\/v2\/product_brand?post=8933"},{"taxonomy":"product_cat","embeddable":true,"href":"https:\/\/www.hsymachinery.com\/it\/wp-json\/wp\/v2\/product_cat?post=8933"},{"taxonomy":"product_tag","embeddable":true,"href":"https:\/\/www.hsymachinery.com\/it\/wp-json\/wp\/v2\/product_tag?post=8933"}],"curies":[{"name":"wp","href":"https:\/\/api.w.org\/{rel}","templated":true}]}}