{"id":8918,"date":"2025-06-18T11:23:11","date_gmt":"2025-06-18T03:23:11","guid":{"rendered":"https:\/\/www.hsymachinery.com\/?post_type=product&#038;p=8918"},"modified":"2025-06-25T20:46:53","modified_gmt":"2025-06-25T12:46:53","slug":"macchina-per-il-taglio-delle-armature-gq45-coltello-rotondo","status":"publish","type":"product","link":"https:\/\/www.hsymachinery.com\/it\/prodotto\/macchina-per-il-taglio-delle-armature-gq45-coltello-rotondo\/","title":{"rendered":"Macchina per il taglio di tondo GQ45 (coltello rotondo)"},"content":{"rendered":"<h3 data-start=\"332\" data-end=\"408\">Taglierina per tondo durevole con lama rotante per la lavorazione dell'acciaio in grandi quantit\u00e0<\/h3>\n<h3 data-start=\"415\" data-end=\"493\">\u00a0Panoramica del prodotto - Macchina per la lavorazione delle armature a lama tonda per barre da 6-36 mm<\/h3>\n<p data-start=\"495\" data-end=\"891\">Il <strong data-start=\"499\" data-end=\"543\">Macchina per il taglio delle armature GQ45 (coltello rotondo)<\/strong> \u00e8 progettata per il taglio ad alta efficienza di barre d'acciaio in ambienti industriali e di costruzione. Questo modello \u00e8 adatto al taglio di <strong data-start=\"674\" data-end=\"689\">Da 6 mm a 36 mm<\/strong> acciaio tondo, barre deformate e tondo al carbonio. Grazie alla sua <strong data-start=\"750\" data-end=\"780\">Sistema di taglio a coltello rotondo<\/strong>La macchina applica un movimento di taglio a rotolamento che riduce significativamente la resistenza al taglio e aumenta la velocit\u00e0.<\/p>\n<h3 data-start=\"898\" data-end=\"948\">\u00a0Azione di taglio uniforme con minore usura della lama<\/h3>\n<p data-start=\"950\" data-end=\"1305\">A differenza dei coltelli piatti, il design dei coltelli rotondi utilizza un movimento di taglio circolare che garantisce tagli pi\u00f9 uniformi e una maggiore durata della lama. Di conseguenza, gli operatori avvertono meno vibrazioni e possono lavorare pi\u00f9 barre all'ora con meno fatica. Inoltre, il <strong data-start=\"1196\" data-end=\"1238\">Macchina per il taglio delle armature a coltello rotondo GQ45<\/strong> garantisce che ogni barra venga tagliata in modo netto, senza deformazioni o bave.<\/p>\n<p data-start=\"1307\" data-end=\"1538\">A <strong data-start=\"1309\" data-end=\"1330\">motore con nucleo in rame<\/strong> Il cambio di velocit\u00e0 alimenta l'unit\u00e0, fornendo una coppia affidabile per lunghi cicli operativi. Il riduttore \u00e8 costituito da componenti lavorati con precisione che riducono l'attrito, migliorano l'efficienza e prolungano la durata della macchina.<\/p>\n<h3 data-start=\"1545\" data-end=\"1588\">Telaio robusto e design pronto per l'esportazione<\/h3>\n<p data-start=\"1590\" data-end=\"1982\">Costruito con un <strong data-start=\"1603\" data-end=\"1632\">corpo in ghisa per impieghi gravosi<\/strong>Il GQ45 (coltello rotondo) resiste agli urti e all'usura in ambienti di lavoro difficili. Inoltre, la macchina include <strong data-start=\"1746\" data-end=\"1764\">ruote resistenti<\/strong> per una facile ricollocazione in cantiere. Gli operatori possono controllare le corse di taglio utilizzando un <strong data-start=\"1840\" data-end=\"1857\">maniglia manuale<\/strong>garantendo sicurezza e precisione. La manutenzione \u00e8 rapida e comoda grazie al coperchio apribile e alla sostituzione della lama senza attrezzi.<\/p>\n<p data-start=\"1984\" data-end=\"2218\">Questo modello supporta gli standard di tensione internazionali (220V\/380V, 50Hz\/60Hz), rendendolo una scelta pratica per i mercati di esportazione. Gli appaltatori di tutto il mondo si affidano al <strong data-start=\"2143\" data-end=\"2187\">Macchina per il taglio delle armature GQ45 (coltello rotondo)<\/strong> per le attivit\u00e0 quotidiane di taglio dell'acciaio.<\/p>\n<h3 data-start=\"2225\" data-end=\"2269\">Perch\u00e9 scegliere il modello di coltello rotondo GQ45?<\/h3>\n<ul data-start=\"2271\" data-end=\"2463\">\n<li data-start=\"2271\" data-end=\"2315\">\n<p data-start=\"2273\" data-end=\"2315\">Cesoia a rotolamento efficiente per armature da 6-36 mm<\/p>\n<\/li>\n<li data-start=\"2316\" data-end=\"2353\">\n<p data-start=\"2318\" data-end=\"2353\">Meno vibrazioni, maggiore durata della lama<\/p>\n<\/li>\n<li data-start=\"2354\" data-end=\"2396\">\n<p data-start=\"2356\" data-end=\"2396\">Ciclo di taglio rapido, bordi puliti<\/p>\n<\/li>\n<li data-start=\"2397\" data-end=\"2463\">\n<p data-start=\"2399\" data-end=\"2463\">Costruito per il funzionamento continuo nei cantieri pi\u00f9 impegnativi<\/p>\n<\/li>\n<\/ul>\n<p><iframe title=\"#costruzione #lavoratore edile #rebarmachine #rebarcutter #rebarcuttingmachine #rebar\" width=\"720\" height=\"405\" src=\"https:\/\/www.youtube.com\/embed\/tdc4TA5-zRc?feature=oembed\" frameborder=\"0\" allow=\"accelerometer; autoplay; clipboard-write; encrypted-media; gyroscope; picture-in-picture; web-share\" referrerpolicy=\"strict-origin-when-cross-origin\" allowfullscreen><\/iframe><\/p>","protected":false},"excerpt":{"rendered":"<p>La macchina per il taglio di tondo di tondo GQ45 taglia barre di acciaio da 6 a 36 mm con precisione di taglio, riducendo la resistenza e aumentando la velocit\u00e0 e la durata della lama.<\/p>","protected":false},"featured_media":8919,"template":"","meta":{"_kad_post_transparent":"default","_kad_post_title":"","_kad_post_layout":"default","_kad_post_sidebar_id":"","_kad_post_content_style":"default","_kad_post_vertical_padding":"default","_kad_post_feature":"","_kad_post_feature_position":"","_kad_post_header":false,"_kad_post_footer":false},"product_brand":[],"product_cat":[51],"product_tag":[988,992,990,989,993,985,994,987,984,991,986],"class_list":{"0":"post-8918","1":"product","2":"type-product","3":"status-publish","4":"has-post-thumbnail","6":"product_cat-rebar-cutting-machine","7":"product_tag-automatic-rebar-cutter","8":"product_tag-construction-steel-bar-cutter","9":"product_tag-electric-rebar-cutting-tool","10":"product_tag-hydraulic-rebar-cutting-machine","11":"product_tag-portable-rebar-cutting-machine","12":"product_tag-rebar-cutter","13":"product_tag-rebar-cutting-machine","14":"product_tag-reinforcement-bar-cutter","15":"product_tag-steel-bar-cutting-machine","16":"product_tag-steel-rod-cutter-machine","17":"product_tag-tmt-bar-cutting-machine","19":"first","20":"instock","21":"shipping-taxable","22":"product-type-simple","23":"entry","24":"content-bg","25":"loop-entry"},"yoast_head":"<!-- This site is optimized with the Yoast SEO plugin v25.3.1 - https:\/\/yoast.com\/wordpress\/plugins\/seo\/ -->\n<title>Rebar Cutting Machine GQ45 (Round knife) - HSY Construction Machinery<\/title>\n<meta name=\"description\" content=\"Rebar Cutting Machine GQ45 (Round Knife) provides smooth, high-speed cutting of 6\u201336mm rebar. Ideal for construction and steel processing export markets.\" \/>\n<meta name=\"robots\" content=\"index, follow, max-snippet:-1, max-image-preview:large, max-video-preview:-1\" \/>\n<link rel=\"canonical\" href=\"https:\/\/www.hsymachinery.com\/it\/prodotto\/macchina-per-il-taglio-delle-armature-gq45-coltello-rotondo\/\" \/>\n<meta property=\"og:locale\" content=\"it_IT\" \/>\n<meta property=\"og:type\" content=\"article\" \/>\n<meta property=\"og:title\" content=\"Rebar Cutting Machine GQ45 (Round knife) - HSY Construction Machinery\" \/>\n<meta property=\"og:description\" content=\"Rebar Cutting Machine GQ45 (Round Knife) provides smooth, high-speed cutting of 6\u201336mm rebar. Ideal for construction and steel processing export markets.\" \/>\n<meta property=\"og:url\" content=\"https:\/\/www.hsymachinery.com\/it\/prodotto\/macchina-per-il-taglio-delle-armature-gq45-coltello-rotondo\/\" \/>\n<meta property=\"og:site_name\" content=\"HSY Construction Machinery\" \/>\n<meta property=\"article:modified_time\" content=\"2025-06-25T12:46:53+00:00\" \/>\n<meta property=\"og:image\" content=\"https:\/\/www.hsymachinery.com\/wp-content\/uploads\/2025\/06\/Rebar-Cutting-Machine-GQ45-Round-knife.jpg\" \/>\n\t<meta property=\"og:image:width\" content=\"600\" \/>\n\t<meta property=\"og:image:height\" content=\"600\" \/>\n\t<meta property=\"og:image:type\" content=\"image\/jpeg\" \/>\n<meta name=\"twitter:card\" content=\"summary_large_image\" \/>\n<meta name=\"twitter:label1\" content=\"Tempo di lettura stimato\" \/>\n\t<meta name=\"twitter:data1\" content=\"2 minuti\" \/>\n<script type=\"application\/ld+json\" class=\"yoast-schema-graph\">{\"@context\":\"https:\/\/schema.org\",\"@graph\":[{\"@type\":\"WebPage\",\"@id\":\"https:\/\/www.hsymachinery.com\/product\/rebar-cutting-machine-gq45-round-knife\/\",\"url\":\"https:\/\/www.hsymachinery.com\/product\/rebar-cutting-machine-gq45-round-knife\/\",\"name\":\"Rebar Cutting Machine GQ45 (Round knife) - HSY Construction Machinery\",\"isPartOf\":{\"@id\":\"https:\/\/www.hsymachinery.com\/#website\"},\"primaryImageOfPage\":{\"@id\":\"https:\/\/www.hsymachinery.com\/product\/rebar-cutting-machine-gq45-round-knife\/#primaryimage\"},\"image\":{\"@id\":\"https:\/\/www.hsymachinery.com\/product\/rebar-cutting-machine-gq45-round-knife\/#primaryimage\"},\"thumbnailUrl\":\"https:\/\/www.hsymachinery.com\/wp-content\/uploads\/2025\/06\/Rebar-Cutting-Machine-GQ45-Round-knife.jpg\",\"datePublished\":\"2025-06-18T03:23:11+00:00\",\"dateModified\":\"2025-06-25T12:46:53+00:00\",\"description\":\"Rebar Cutting Machine GQ45 (Round Knife) provides smooth, high-speed cutting of 6\u201336mm rebar. Ideal for construction and steel processing export markets.\",\"breadcrumb\":{\"@id\":\"https:\/\/www.hsymachinery.com\/product\/rebar-cutting-machine-gq45-round-knife\/#breadcrumb\"},\"inLanguage\":\"it-IT\",\"potentialAction\":[{\"@type\":\"ReadAction\",\"target\":[\"https:\/\/www.hsymachinery.com\/product\/rebar-cutting-machine-gq45-round-knife\/\"]}]},{\"@type\":\"ImageObject\",\"inLanguage\":\"it-IT\",\"@id\":\"https:\/\/www.hsymachinery.com\/product\/rebar-cutting-machine-gq45-round-knife\/#primaryimage\",\"url\":\"https:\/\/www.hsymachinery.com\/wp-content\/uploads\/2025\/06\/Rebar-Cutting-Machine-GQ45-Round-knife.jpg\",\"contentUrl\":\"https:\/\/www.hsymachinery.com\/wp-content\/uploads\/2025\/06\/Rebar-Cutting-Machine-GQ45-Round-knife.jpg\",\"width\":600,\"height\":600},{\"@type\":\"BreadcrumbList\",\"@id\":\"https:\/\/www.hsymachinery.com\/product\/rebar-cutting-machine-gq45-round-knife\/#breadcrumb\",\"itemListElement\":[{\"@type\":\"ListItem\",\"position\":1,\"name\":\"home\",\"item\":\"https:\/\/www.hsymachinery.com\/\"},{\"@type\":\"ListItem\",\"position\":2,\"name\":\"products\",\"item\":\"https:\/\/www.hsymachinery.com\/products\/\"},{\"@type\":\"ListItem\",\"position\":3,\"name\":\"Rebar Cutting Machine GQ45 (Round knife)\"}]},{\"@type\":\"WebSite\",\"@id\":\"https:\/\/www.hsymachinery.com\/#website\",\"url\":\"https:\/\/www.hsymachinery.com\/\",\"name\":\"HSY Construction Machinery\",\"description\":\"HSY Machinery \u2013 A leading China construction machinery supplier, offering a wide range of light construction equipment. Our main products include Rebar Cutting Machine, Rebar Bending Machine, Rebar Stirrup Bending Machine, Rebar Arc Bending Machine, Rebar Straightening Machine, Five-Head Rebar Stirrup Bending Machine, Tamping Rammer, Plate Compactor, Concrete Cutter, Power Trowel, and other construction machinery. We are equipped with advanced CNC machines, and we enforce strict quality inspection standards along with comprehensive after-sales service. If you are interested in our products or services, we warmly welcome your inquiries via message.\",\"publisher\":{\"@id\":\"https:\/\/www.hsymachinery.com\/#organization\"},\"potentialAction\":[{\"@type\":\"SearchAction\",\"target\":{\"@type\":\"EntryPoint\",\"urlTemplate\":\"https:\/\/www.hsymachinery.com\/?s={search_term_string}\"},\"query-input\":{\"@type\":\"PropertyValueSpecification\",\"valueRequired\":true,\"valueName\":\"search_term_string\"}}],\"inLanguage\":\"it-IT\"},{\"@type\":\"Organization\",\"@id\":\"https:\/\/www.hsymachinery.com\/#organization\",\"name\":\"HSY Construction Machinery\",\"url\":\"https:\/\/www.hsymachinery.com\/\",\"logo\":{\"@type\":\"ImageObject\",\"inLanguage\":\"it-IT\",\"@id\":\"https:\/\/www.hsymachinery.com\/#\/schema\/logo\/image\/\",\"url\":\"https:\/\/www.hsymachinery.com\/wp-content\/uploads\/2025\/06\/cropped-HSY-machinery.png\",\"contentUrl\":\"https:\/\/www.hsymachinery.com\/wp-content\/uploads\/2025\/06\/cropped-HSY-machinery.png\",\"width\":600,\"height\":240,\"caption\":\"HSY Construction Machinery\"},\"image\":{\"@id\":\"https:\/\/www.hsymachinery.com\/#\/schema\/logo\/image\/\"}}]}<\/script>\n<!-- \/ Yoast SEO plugin. -->","yoast_head_json":{"title":"Macchina per il taglio delle armature GQ45 (coltello rotondo) - Macchinario di costruzione HSY","description":"La macchina per il taglio di tondo GQ45 (coltello rotondo) consente un taglio regolare e ad alta velocit\u00e0 di tondo da 6-36 mm. Ideale per i mercati dell'edilizia e della lavorazione dell'acciaio.","robots":{"index":"index","follow":"follow","max-snippet":"max-snippet:-1","max-image-preview":"max-image-preview:large","max-video-preview":"max-video-preview:-1"},"canonical":"https:\/\/www.hsymachinery.com\/it\/prodotto\/macchina-per-il-taglio-delle-armature-gq45-coltello-rotondo\/","og_locale":"it_IT","og_type":"article","og_title":"Rebar Cutting Machine GQ45 (Round knife) - HSY Construction Machinery","og_description":"Rebar Cutting Machine GQ45 (Round Knife) provides smooth, high-speed cutting of 6\u201336mm rebar. Ideal for construction and steel processing export markets.","og_url":"https:\/\/www.hsymachinery.com\/it\/prodotto\/macchina-per-il-taglio-delle-armature-gq45-coltello-rotondo\/","og_site_name":"HSY Construction Machinery","article_modified_time":"2025-06-25T12:46:53+00:00","og_image":[{"width":600,"height":600,"url":"https:\/\/www.hsymachinery.com\/wp-content\/uploads\/2025\/06\/Rebar-Cutting-Machine-GQ45-Round-knife.jpg","type":"image\/jpeg"}],"twitter_card":"summary_large_image","twitter_misc":{"Tempo di lettura stimato":"2 minuti"},"schema":{"@context":"https:\/\/schema.org","@graph":[{"@type":"WebPage","@id":"https:\/\/www.hsymachinery.com\/product\/rebar-cutting-machine-gq45-round-knife\/","url":"https:\/\/www.hsymachinery.com\/product\/rebar-cutting-machine-gq45-round-knife\/","name":"Macchina per il taglio delle armature GQ45 (coltello rotondo) - Macchinario di costruzione HSY","isPartOf":{"@id":"https:\/\/www.hsymachinery.com\/#website"},"primaryImageOfPage":{"@id":"https:\/\/www.hsymachinery.com\/product\/rebar-cutting-machine-gq45-round-knife\/#primaryimage"},"image":{"@id":"https:\/\/www.hsymachinery.com\/product\/rebar-cutting-machine-gq45-round-knife\/#primaryimage"},"thumbnailUrl":"https:\/\/www.hsymachinery.com\/wp-content\/uploads\/2025\/06\/Rebar-Cutting-Machine-GQ45-Round-knife.jpg","datePublished":"2025-06-18T03:23:11+00:00","dateModified":"2025-06-25T12:46:53+00:00","description":"La macchina per il taglio di tondo GQ45 (coltello rotondo) consente un taglio regolare e ad alta velocit\u00e0 di tondo da 6-36 mm. Ideale per i mercati dell'edilizia e della lavorazione dell'acciaio.","breadcrumb":{"@id":"https:\/\/www.hsymachinery.com\/product\/rebar-cutting-machine-gq45-round-knife\/#breadcrumb"},"inLanguage":"it-IT","potentialAction":[{"@type":"ReadAction","target":["https:\/\/www.hsymachinery.com\/product\/rebar-cutting-machine-gq45-round-knife\/"]}]},{"@type":"ImageObject","inLanguage":"it-IT","@id":"https:\/\/www.hsymachinery.com\/product\/rebar-cutting-machine-gq45-round-knife\/#primaryimage","url":"https:\/\/www.hsymachinery.com\/wp-content\/uploads\/2025\/06\/Rebar-Cutting-Machine-GQ45-Round-knife.jpg","contentUrl":"https:\/\/www.hsymachinery.com\/wp-content\/uploads\/2025\/06\/Rebar-Cutting-Machine-GQ45-Round-knife.jpg","width":600,"height":600},{"@type":"BreadcrumbList","@id":"https:\/\/www.hsymachinery.com\/product\/rebar-cutting-machine-gq45-round-knife\/#breadcrumb","itemListElement":[{"@type":"ListItem","position":1,"name":"home","item":"https:\/\/www.hsymachinery.com\/"},{"@type":"ListItem","position":2,"name":"products","item":"https:\/\/www.hsymachinery.com\/products\/"},{"@type":"ListItem","position":3,"name":"Rebar Cutting Machine GQ45 (Round knife)"}]},{"@type":"WebSite","@id":"https:\/\/www.hsymachinery.com\/#website","url":"https:\/\/www.hsymachinery.com\/","name":"Macchine da costruzione HSY","description":"HSY Machinery - Un fornitore leader di macchinari per l'edilizia in Cina, che offre un'ampia gamma di attrezzature per l'edilizia leggera. I nostri prodotti principali includono la macchina per il taglio delle barre, la macchina per la piegatura delle barre, la macchina per la piegatura ad arco delle barre, la macchina per la raddrizzatura delle barre, la macchina per la piegatura delle barre a cinque teste, il costipatore, la taglierina per calcestruzzo, la cazzuola e altri macchinari per l'edilizia. Siamo dotati di macchine CNC avanzate e applichiamo rigorosi standard di ispezione della qualit\u00e0 e un servizio di assistenza post-vendita completo. Se siete interessati ai nostri prodotti o servizi, accogliamo calorosamente le vostre richieste tramite messaggio.","publisher":{"@id":"https:\/\/www.hsymachinery.com\/#organization"},"potentialAction":[{"@type":"SearchAction","target":{"@type":"EntryPoint","urlTemplate":"https:\/\/www.hsymachinery.com\/?s={search_term_string}"},"query-input":{"@type":"PropertyValueSpecification","valueRequired":true,"valueName":"search_term_string"}}],"inLanguage":"it-IT"},{"@type":"Organization","@id":"https:\/\/www.hsymachinery.com\/#organization","name":"Macchine da costruzione HSY","url":"https:\/\/www.hsymachinery.com\/","logo":{"@type":"ImageObject","inLanguage":"it-IT","@id":"https:\/\/www.hsymachinery.com\/#\/schema\/logo\/image\/","url":"https:\/\/www.hsymachinery.com\/wp-content\/uploads\/2025\/06\/cropped-HSY-machinery.png","contentUrl":"https:\/\/www.hsymachinery.com\/wp-content\/uploads\/2025\/06\/cropped-HSY-machinery.png","width":600,"height":240,"caption":"HSY Construction Machinery"},"image":{"@id":"https:\/\/www.hsymachinery.com\/#\/schema\/logo\/image\/"}}]}},"_links":{"self":[{"href":"https:\/\/www.hsymachinery.com\/it\/wp-json\/wp\/v2\/product\/8918","targetHints":{"allow":["GET"]}}],"collection":[{"href":"https:\/\/www.hsymachinery.com\/it\/wp-json\/wp\/v2\/product"}],"about":[{"href":"https:\/\/www.hsymachinery.com\/it\/wp-json\/wp\/v2\/types\/product"}],"version-history":[{"count":3,"href":"https:\/\/www.hsymachinery.com\/it\/wp-json\/wp\/v2\/product\/8918\/revisions"}],"predecessor-version":[{"id":9327,"href":"https:\/\/www.hsymachinery.com\/it\/wp-json\/wp\/v2\/product\/8918\/revisions\/9327"}],"wp:featuredmedia":[{"embeddable":true,"href":"https:\/\/www.hsymachinery.com\/it\/wp-json\/wp\/v2\/media\/8919"}],"wp:attachment":[{"href":"https:\/\/www.hsymachinery.com\/it\/wp-json\/wp\/v2\/media?parent=8918"}],"wp:term":[{"taxonomy":"product_brand","embeddable":true,"href":"https:\/\/www.hsymachinery.com\/it\/wp-json\/wp\/v2\/product_brand?post=8918"},{"taxonomy":"product_cat","embeddable":true,"href":"https:\/\/www.hsymachinery.com\/it\/wp-json\/wp\/v2\/product_cat?post=8918"},{"taxonomy":"product_tag","embeddable":true,"href":"https:\/\/www.hsymachinery.com\/it\/wp-json\/wp\/v2\/product_tag?post=8918"}],"curies":[{"name":"wp","href":"https:\/\/api.w.org\/{rel}","templated":true}]}}