{"id":8912,"date":"2025-06-18T11:19:29","date_gmt":"2025-06-18T03:19:29","guid":{"rendered":"https:\/\/www.hsymachinery.com\/?post_type=product&#038;p=8912"},"modified":"2025-06-25T20:33:40","modified_gmt":"2025-06-25T12:33:40","slug":"macchina-per-il-taglio-delle-armature-gq40a-coltello-rotondo","status":"publish","type":"product","link":"https:\/\/www.hsymachinery.com\/it\/prodotto\/macchina-per-il-taglio-delle-armature-gq40a-coltello-rotondo\/","title":{"rendered":"Macchina per il taglio di tondo GQ40A (coltello rotondo)"},"content":{"rendered":"<h3 data-start=\"238\" data-end=\"303\">Taglierina per armature ad alta efficienza con design a lama liscia e rotante<\/h3>\n<h3 data-start=\"310\" data-end=\"333\">\u00a0Panoramica del prodotto<\/h3>\n<p data-start=\"335\" data-end=\"723\">Il <strong data-start=\"339\" data-end=\"384\">Macchina per il taglio di tondo GQ40A (coltello rotondo)<\/strong> \u00e8 stata progettata per il taglio di barre d'acciaio ad alta efficienza nei moderni cantieri. \u00c8 progettata per gestire barre d'acciaio con diametro<strong> da 6 mm a 32 mm, compresi acciaio al carbonio, acciaio tondo e barre deformate. La sua struttura a coltelli rotondi offre un'azione di taglio unica, che riduce la resistenza al taglio e migliora l'efficienza del lavoro.<\/strong><\/p>\n<h3 data-start=\"730\" data-end=\"764\">\u00a0Taglio fluido e potente<\/h3>\n<p data-start=\"766\" data-end=\"1114\">Dotato di un <strong data-start=\"782\" data-end=\"811\">motore in rame di alta qualit\u00e0<\/strong>Questa macchina assicura una coppia costante e prestazioni stabili. Funziona in modo fluido anche sotto carico pesante, rendendola ideale per i lunghi turni di lavoro nei progetti edilizi pi\u00f9 impegnativi. Inoltre, la trasmissione a ingranaggi di precisione riduce le vibrazioni e l'usura meccanica, prolungando la vita utile della macchina.<\/p>\n<p data-start=\"1116\" data-end=\"1384\">Il <strong data-start=\"1120\" data-end=\"1165\"><a href=\"https:\/\/www.hsymachinery.com\/it\/prodotti\/macchina-per-il-taglio-delle-armature\/\" target=\"_blank\" rel=\"noopener\">Macchina per il taglio del tondo<\/a> GQ40A (coltello rotondo)<\/strong> si distingue per la sua qualit\u00e0 di taglio. Il coltello rotondo non solo crea bordi pi\u00f9 puliti, ma riduce anche al minimo la distorsione dell'armatura durante il processo di taglio. Di conseguenza, gli utenti godono di cicli di taglio pi\u00f9 rapidi e di minori sprechi di materiale.<\/p>\n<h3 data-start=\"1391\" data-end=\"1439\">\u00a0Struttura solida e design facile da usare<\/h3>\n<p data-start=\"1441\" data-end=\"1799\">Questo modello \u00e8 dotato di un telaio in ghisa per la massima durata e stabilit\u00e0 operativa. Inoltre, \u00e8 dotato di solide ruote per una facile mobilit\u00e0 nei cantieri. Gli operatori possono controllare la corsa di taglio con una leva manuale, per un funzionamento preciso e sicuro. La manutenzione \u00e8 semplice grazie al coperchio apribile e al meccanismo di sostituzione rapida delle lame.<\/p>\n<p data-start=\"1806\" data-end=\"2069\">La GQ40A (Round Knife) supporta la personalizzazione della tensione (220V\/380V, 50Hz\/60Hz), rendendola ideale per l'esportazione globale. Utilizzata nell'edilizia residenziale, nelle infrastrutture autostradali o negli impianti di lavorazione dell'acciaio, questa macchina offre prestazioni costanti ogni giorno.<\/p>\n<p><iframe title=\"macchina di taglio di rebar cutterrebar, macchina di taglio della barra d&#039;acciaio, macchinario della costruzione\" width=\"720\" height=\"405\" src=\"https:\/\/www.youtube.com\/embed\/cIrJPBezWsw?feature=oembed\" frameborder=\"0\" allow=\"accelerometer; autoplay; clipboard-write; encrypted-media; gyroscope; picture-in-picture; web-share\" referrerpolicy=\"strict-origin-when-cross-origin\" allowfullscreen><\/iframe><\/p>","protected":false},"excerpt":{"rendered":"<p>La macchina per il taglio di tondini GQ40A con coltello rotondo offre un taglio rapido e a bassa resistenza per barre di acciaio da 6-32 mm. Ideale per i lavori di costruzione quotidiani e pesanti.<\/p>","protected":false},"featured_media":8913,"template":"","meta":{"_kad_post_transparent":"default","_kad_post_title":"","_kad_post_layout":"default","_kad_post_sidebar_id":"","_kad_post_content_style":"default","_kad_post_vertical_padding":"default","_kad_post_feature":"","_kad_post_feature_position":"","_kad_post_header":false,"_kad_post_footer":false},"product_brand":[],"product_cat":[51],"product_tag":[988,992,990,989,993,985,994,987,984,991,986],"class_list":{"0":"post-8912","1":"product","2":"type-product","3":"status-publish","4":"has-post-thumbnail","6":"product_cat-rebar-cutting-machine","7":"product_tag-automatic-rebar-cutter","8":"product_tag-construction-steel-bar-cutter","9":"product_tag-electric-rebar-cutting-tool","10":"product_tag-hydraulic-rebar-cutting-machine","11":"product_tag-portable-rebar-cutting-machine","12":"product_tag-rebar-cutter","13":"product_tag-rebar-cutting-machine","14":"product_tag-reinforcement-bar-cutter","15":"product_tag-steel-bar-cutting-machine","16":"product_tag-steel-rod-cutter-machine","17":"product_tag-tmt-bar-cutting-machine","19":"first","20":"instock","21":"shipping-taxable","22":"product-type-simple","23":"entry","24":"content-bg","25":"loop-entry"},"yoast_head":"<!-- This site is optimized with the Yoast SEO plugin v25.3.1 - https:\/\/yoast.com\/wordpress\/plugins\/seo\/ -->\n<title>Rebar Cutting Machine GQ40A (Round knife) - HSY Construction Machinery<\/title>\n<meta name=\"description\" content=\"Rebar Cutting Machine GQ40A (Round Knife) delivers smooth, fast cutting of 6\u201332mm steel bars. Rolling blade design reduces resistance and boosts efficiency.\" \/>\n<meta name=\"robots\" content=\"index, follow, max-snippet:-1, max-image-preview:large, max-video-preview:-1\" \/>\n<link rel=\"canonical\" href=\"https:\/\/www.hsymachinery.com\/it\/prodotto\/macchina-per-il-taglio-delle-armature-gq40a-coltello-rotondo\/\" \/>\n<meta property=\"og:locale\" content=\"it_IT\" \/>\n<meta property=\"og:type\" content=\"article\" \/>\n<meta property=\"og:title\" content=\"Rebar Cutting Machine GQ40A (Round knife) - HSY Construction Machinery\" \/>\n<meta property=\"og:description\" content=\"Rebar Cutting Machine GQ40A (Round Knife) delivers smooth, fast cutting of 6\u201332mm steel bars. Rolling blade design reduces resistance and boosts efficiency.\" \/>\n<meta property=\"og:url\" content=\"https:\/\/www.hsymachinery.com\/it\/prodotto\/macchina-per-il-taglio-delle-armature-gq40a-coltello-rotondo\/\" \/>\n<meta property=\"og:site_name\" content=\"HSY Construction Machinery\" \/>\n<meta property=\"article:modified_time\" content=\"2025-06-25T12:33:40+00:00\" \/>\n<meta property=\"og:image\" content=\"https:\/\/www.hsymachinery.com\/wp-content\/uploads\/2025\/06\/Rebar-Cutting-Machine-GQ40A-Round-knife.jpg\" \/>\n\t<meta property=\"og:image:width\" content=\"600\" \/>\n\t<meta property=\"og:image:height\" content=\"600\" \/>\n\t<meta property=\"og:image:type\" content=\"image\/jpeg\" \/>\n<meta name=\"twitter:card\" content=\"summary_large_image\" \/>\n<meta name=\"twitter:label1\" content=\"Tempo di lettura stimato\" \/>\n\t<meta name=\"twitter:data1\" content=\"2 minuti\" \/>\n<script type=\"application\/ld+json\" class=\"yoast-schema-graph\">{\"@context\":\"https:\/\/schema.org\",\"@graph\":[{\"@type\":\"WebPage\",\"@id\":\"https:\/\/www.hsymachinery.com\/product\/rebar-cutting-machine-gq40a-round-knife\/\",\"url\":\"https:\/\/www.hsymachinery.com\/product\/rebar-cutting-machine-gq40a-round-knife\/\",\"name\":\"Rebar Cutting Machine GQ40A (Round knife) - HSY Construction Machinery\",\"isPartOf\":{\"@id\":\"https:\/\/www.hsymachinery.com\/#website\"},\"primaryImageOfPage\":{\"@id\":\"https:\/\/www.hsymachinery.com\/product\/rebar-cutting-machine-gq40a-round-knife\/#primaryimage\"},\"image\":{\"@id\":\"https:\/\/www.hsymachinery.com\/product\/rebar-cutting-machine-gq40a-round-knife\/#primaryimage\"},\"thumbnailUrl\":\"https:\/\/www.hsymachinery.com\/wp-content\/uploads\/2025\/06\/Rebar-Cutting-Machine-GQ40A-Round-knife.jpg\",\"datePublished\":\"2025-06-18T03:19:29+00:00\",\"dateModified\":\"2025-06-25T12:33:40+00:00\",\"description\":\"Rebar Cutting Machine GQ40A (Round Knife) delivers smooth, fast cutting of 6\u201332mm steel bars. Rolling blade design reduces resistance and boosts efficiency.\",\"breadcrumb\":{\"@id\":\"https:\/\/www.hsymachinery.com\/product\/rebar-cutting-machine-gq40a-round-knife\/#breadcrumb\"},\"inLanguage\":\"it-IT\",\"potentialAction\":[{\"@type\":\"ReadAction\",\"target\":[\"https:\/\/www.hsymachinery.com\/product\/rebar-cutting-machine-gq40a-round-knife\/\"]}]},{\"@type\":\"ImageObject\",\"inLanguage\":\"it-IT\",\"@id\":\"https:\/\/www.hsymachinery.com\/product\/rebar-cutting-machine-gq40a-round-knife\/#primaryimage\",\"url\":\"https:\/\/www.hsymachinery.com\/wp-content\/uploads\/2025\/06\/Rebar-Cutting-Machine-GQ40A-Round-knife.jpg\",\"contentUrl\":\"https:\/\/www.hsymachinery.com\/wp-content\/uploads\/2025\/06\/Rebar-Cutting-Machine-GQ40A-Round-knife.jpg\",\"width\":600,\"height\":600},{\"@type\":\"BreadcrumbList\",\"@id\":\"https:\/\/www.hsymachinery.com\/product\/rebar-cutting-machine-gq40a-round-knife\/#breadcrumb\",\"itemListElement\":[{\"@type\":\"ListItem\",\"position\":1,\"name\":\"home\",\"item\":\"https:\/\/www.hsymachinery.com\/\"},{\"@type\":\"ListItem\",\"position\":2,\"name\":\"products\",\"item\":\"https:\/\/www.hsymachinery.com\/products\/\"},{\"@type\":\"ListItem\",\"position\":3,\"name\":\"Rebar Cutting Machine GQ40A (Round knife)\"}]},{\"@type\":\"WebSite\",\"@id\":\"https:\/\/www.hsymachinery.com\/#website\",\"url\":\"https:\/\/www.hsymachinery.com\/\",\"name\":\"HSY Construction Machinery\",\"description\":\"HSY Machinery \u2013 A leading China construction machinery supplier, offering a wide range of light construction equipment. Our main products include Rebar Cutting Machine, Rebar Bending Machine, Rebar Stirrup Bending Machine, Rebar Arc Bending Machine, Rebar Straightening Machine, Five-Head Rebar Stirrup Bending Machine, Tamping Rammer, Plate Compactor, Concrete Cutter, Power Trowel, and other construction machinery. We are equipped with advanced CNC machines, and we enforce strict quality inspection standards along with comprehensive after-sales service. If you are interested in our products or services, we warmly welcome your inquiries via message.\",\"publisher\":{\"@id\":\"https:\/\/www.hsymachinery.com\/#organization\"},\"potentialAction\":[{\"@type\":\"SearchAction\",\"target\":{\"@type\":\"EntryPoint\",\"urlTemplate\":\"https:\/\/www.hsymachinery.com\/?s={search_term_string}\"},\"query-input\":{\"@type\":\"PropertyValueSpecification\",\"valueRequired\":true,\"valueName\":\"search_term_string\"}}],\"inLanguage\":\"it-IT\"},{\"@type\":\"Organization\",\"@id\":\"https:\/\/www.hsymachinery.com\/#organization\",\"name\":\"HSY Construction Machinery\",\"url\":\"https:\/\/www.hsymachinery.com\/\",\"logo\":{\"@type\":\"ImageObject\",\"inLanguage\":\"it-IT\",\"@id\":\"https:\/\/www.hsymachinery.com\/#\/schema\/logo\/image\/\",\"url\":\"https:\/\/www.hsymachinery.com\/wp-content\/uploads\/2025\/06\/cropped-HSY-machinery.png\",\"contentUrl\":\"https:\/\/www.hsymachinery.com\/wp-content\/uploads\/2025\/06\/cropped-HSY-machinery.png\",\"width\":600,\"height\":240,\"caption\":\"HSY Construction Machinery\"},\"image\":{\"@id\":\"https:\/\/www.hsymachinery.com\/#\/schema\/logo\/image\/\"}}]}<\/script>\n<!-- \/ Yoast SEO plugin. -->","yoast_head_json":{"title":"Macchina per il taglio delle armature GQ40A (coltello rotondo) - Macchine edili HSY","description":"La macchina per il taglio di tondini GQ40A (coltello rotante) offre un taglio rapido e regolare di barre d'acciaio da 6-32 mm. Il design a lama rotante riduce la resistenza e aumenta l'efficienza.","robots":{"index":"index","follow":"follow","max-snippet":"max-snippet:-1","max-image-preview":"max-image-preview:large","max-video-preview":"max-video-preview:-1"},"canonical":"https:\/\/www.hsymachinery.com\/it\/prodotto\/macchina-per-il-taglio-delle-armature-gq40a-coltello-rotondo\/","og_locale":"it_IT","og_type":"article","og_title":"Rebar Cutting Machine GQ40A (Round knife) - HSY Construction Machinery","og_description":"Rebar Cutting Machine GQ40A (Round Knife) delivers smooth, fast cutting of 6\u201332mm steel bars. Rolling blade design reduces resistance and boosts efficiency.","og_url":"https:\/\/www.hsymachinery.com\/it\/prodotto\/macchina-per-il-taglio-delle-armature-gq40a-coltello-rotondo\/","og_site_name":"HSY Construction Machinery","article_modified_time":"2025-06-25T12:33:40+00:00","og_image":[{"width":600,"height":600,"url":"https:\/\/www.hsymachinery.com\/wp-content\/uploads\/2025\/06\/Rebar-Cutting-Machine-GQ40A-Round-knife.jpg","type":"image\/jpeg"}],"twitter_card":"summary_large_image","twitter_misc":{"Tempo di lettura stimato":"2 minuti"},"schema":{"@context":"https:\/\/schema.org","@graph":[{"@type":"WebPage","@id":"https:\/\/www.hsymachinery.com\/product\/rebar-cutting-machine-gq40a-round-knife\/","url":"https:\/\/www.hsymachinery.com\/product\/rebar-cutting-machine-gq40a-round-knife\/","name":"Macchina per il taglio delle armature GQ40A (coltello rotondo) - Macchine edili HSY","isPartOf":{"@id":"https:\/\/www.hsymachinery.com\/#website"},"primaryImageOfPage":{"@id":"https:\/\/www.hsymachinery.com\/product\/rebar-cutting-machine-gq40a-round-knife\/#primaryimage"},"image":{"@id":"https:\/\/www.hsymachinery.com\/product\/rebar-cutting-machine-gq40a-round-knife\/#primaryimage"},"thumbnailUrl":"https:\/\/www.hsymachinery.com\/wp-content\/uploads\/2025\/06\/Rebar-Cutting-Machine-GQ40A-Round-knife.jpg","datePublished":"2025-06-18T03:19:29+00:00","dateModified":"2025-06-25T12:33:40+00:00","description":"La macchina per il taglio di tondini GQ40A (coltello rotante) offre un taglio rapido e regolare di barre d'acciaio da 6-32 mm. Il design a lama rotante riduce la resistenza e aumenta l'efficienza.","breadcrumb":{"@id":"https:\/\/www.hsymachinery.com\/product\/rebar-cutting-machine-gq40a-round-knife\/#breadcrumb"},"inLanguage":"it-IT","potentialAction":[{"@type":"ReadAction","target":["https:\/\/www.hsymachinery.com\/product\/rebar-cutting-machine-gq40a-round-knife\/"]}]},{"@type":"ImageObject","inLanguage":"it-IT","@id":"https:\/\/www.hsymachinery.com\/product\/rebar-cutting-machine-gq40a-round-knife\/#primaryimage","url":"https:\/\/www.hsymachinery.com\/wp-content\/uploads\/2025\/06\/Rebar-Cutting-Machine-GQ40A-Round-knife.jpg","contentUrl":"https:\/\/www.hsymachinery.com\/wp-content\/uploads\/2025\/06\/Rebar-Cutting-Machine-GQ40A-Round-knife.jpg","width":600,"height":600},{"@type":"BreadcrumbList","@id":"https:\/\/www.hsymachinery.com\/product\/rebar-cutting-machine-gq40a-round-knife\/#breadcrumb","itemListElement":[{"@type":"ListItem","position":1,"name":"home","item":"https:\/\/www.hsymachinery.com\/"},{"@type":"ListItem","position":2,"name":"products","item":"https:\/\/www.hsymachinery.com\/products\/"},{"@type":"ListItem","position":3,"name":"Rebar Cutting Machine GQ40A (Round knife)"}]},{"@type":"WebSite","@id":"https:\/\/www.hsymachinery.com\/#website","url":"https:\/\/www.hsymachinery.com\/","name":"Macchine da costruzione HSY","description":"HSY Machinery - Un fornitore leader di macchinari per l'edilizia in Cina, che offre un'ampia gamma di attrezzature per l'edilizia leggera. I nostri prodotti principali includono la macchina per il taglio delle barre, la macchina per la piegatura delle barre, la macchina per la piegatura ad arco delle barre, la macchina per la raddrizzatura delle barre, la macchina per la piegatura delle barre a cinque teste, il costipatore, la taglierina per calcestruzzo, la cazzuola e altri macchinari per l'edilizia. Siamo dotati di macchine CNC avanzate e applichiamo rigorosi standard di ispezione della qualit\u00e0 e un servizio di assistenza post-vendita completo. Se siete interessati ai nostri prodotti o servizi, accogliamo calorosamente le vostre richieste tramite messaggio.","publisher":{"@id":"https:\/\/www.hsymachinery.com\/#organization"},"potentialAction":[{"@type":"SearchAction","target":{"@type":"EntryPoint","urlTemplate":"https:\/\/www.hsymachinery.com\/?s={search_term_string}"},"query-input":{"@type":"PropertyValueSpecification","valueRequired":true,"valueName":"search_term_string"}}],"inLanguage":"it-IT"},{"@type":"Organization","@id":"https:\/\/www.hsymachinery.com\/#organization","name":"Macchine da costruzione HSY","url":"https:\/\/www.hsymachinery.com\/","logo":{"@type":"ImageObject","inLanguage":"it-IT","@id":"https:\/\/www.hsymachinery.com\/#\/schema\/logo\/image\/","url":"https:\/\/www.hsymachinery.com\/wp-content\/uploads\/2025\/06\/cropped-HSY-machinery.png","contentUrl":"https:\/\/www.hsymachinery.com\/wp-content\/uploads\/2025\/06\/cropped-HSY-machinery.png","width":600,"height":240,"caption":"HSY Construction Machinery"},"image":{"@id":"https:\/\/www.hsymachinery.com\/#\/schema\/logo\/image\/"}}]}},"_links":{"self":[{"href":"https:\/\/www.hsymachinery.com\/it\/wp-json\/wp\/v2\/product\/8912","targetHints":{"allow":["GET"]}}],"collection":[{"href":"https:\/\/www.hsymachinery.com\/it\/wp-json\/wp\/v2\/product"}],"about":[{"href":"https:\/\/www.hsymachinery.com\/it\/wp-json\/wp\/v2\/types\/product"}],"version-history":[{"count":3,"href":"https:\/\/www.hsymachinery.com\/it\/wp-json\/wp\/v2\/product\/8912\/revisions"}],"predecessor-version":[{"id":9322,"href":"https:\/\/www.hsymachinery.com\/it\/wp-json\/wp\/v2\/product\/8912\/revisions\/9322"}],"wp:featuredmedia":[{"embeddable":true,"href":"https:\/\/www.hsymachinery.com\/it\/wp-json\/wp\/v2\/media\/8913"}],"wp:attachment":[{"href":"https:\/\/www.hsymachinery.com\/it\/wp-json\/wp\/v2\/media?parent=8912"}],"wp:term":[{"taxonomy":"product_brand","embeddable":true,"href":"https:\/\/www.hsymachinery.com\/it\/wp-json\/wp\/v2\/product_brand?post=8912"},{"taxonomy":"product_cat","embeddable":true,"href":"https:\/\/www.hsymachinery.com\/it\/wp-json\/wp\/v2\/product_cat?post=8912"},{"taxonomy":"product_tag","embeddable":true,"href":"https:\/\/www.hsymachinery.com\/it\/wp-json\/wp\/v2\/product_tag?post=8912"}],"curies":[{"name":"wp","href":"https:\/\/api.w.org\/{rel}","templated":true}]}}