{"id":9235,"date":"2025-06-18T21:20:45","date_gmt":"2025-06-18T13:20:45","guid":{"rendered":"https:\/\/www.hsymachinery.com\/?post_type=product&#038;p=9235"},"modified":"2025-06-28T23:57:12","modified_gmt":"2025-06-28T15:57:12","slug":"ptr-l100d-motoros-simitogep","status":"publish","type":"product","link":"https:\/\/www.hsymachinery.com\/hu\/termek\/ptr-l100d-motoros-simitogep\/","title":{"rendered":"Ride-On motoros sim\u00edt\u00f3 PTR-L100D"},"content":{"rendered":"<h2 data-start=\"144\" data-end=\"182\">Ride-On motoros sim\u00edt\u00f3 PTR-L100D<\/h2>\n<h3 data-start=\"183\" data-end=\"297\">PTR-L100D Dupla t\u00e1rcs\u00e1s beton sim\u00edt\u00f3val Longxin motorral | Max lefedetts\u00e9g a nagy fel\u00fclet\u0171 f\u00f6d\u00e9mek befejez\u00e9s\u00e9hez<\/h3>\n<h3 data-start=\"304\" data-end=\"404\">Term\u00e9kle\u00edr\u00e1s - Longxin-Powered Dual Rotor Trowel a hat\u00e9kony nagyfel\u00fclet\u0171 fel\u00fcletkezel\u00e9shez<a href=\"https:\/\/www.hsymachinery.com\/hu\/termekek\/motoros-simitoval\/\" target=\"_blank\" rel=\"noopener\"><img fetchpriority=\"high\" decoding=\"async\" class=\"wp-image-9616 alignright\" src=\"https:\/\/www.hsymachinery.com\/wp-content\/uploads\/2025\/06\/Sitting-Type-Power-Trowel-209x300.jpg\" alt=\"\" width=\"452\" height=\"649\" srcset=\"https:\/\/www.hsymachinery.com\/wp-content\/uploads\/2025\/06\/Sitting-Type-Power-Trowel-209x300.jpg 209w, https:\/\/www.hsymachinery.com\/wp-content\/uploads\/2025\/06\/Sitting-Type-Power-Trowel-713x1024.jpg 713w, https:\/\/www.hsymachinery.com\/wp-content\/uploads\/2025\/06\/Sitting-Type-Power-Trowel-768x1103.jpg 768w, https:\/\/www.hsymachinery.com\/wp-content\/uploads\/2025\/06\/Sitting-Type-Power-Trowel-600x862.jpg 600w, https:\/\/www.hsymachinery.com\/wp-content\/uploads\/2025\/06\/Sitting-Type-Power-Trowel.jpg 800w\" sizes=\"(max-width: 452px) 100vw, 452px\" \/><\/a><\/h3>\n<p data-start=\"406\" data-end=\"798\">A <strong data-start=\"410\" data-end=\"444\">PTR-L100D Ride-On motoros sim\u00edt\u00f3g\u00e9p<\/strong> kett\u0151s t\u00e1rcs\u00e1s rotoros rendszerrel rendelkezik, amely p\u00e1ratlan lefedetts\u00e9get \u00e9s sima befejez\u00e9st biztos\u00edt a nagym\u00e9ret\u0171 betonprojektekn\u00e9l. A Longxin benzinmotorral hajtott g\u00e9p a tart\u00f3ss\u00e1g, az \u00fczemanyag-hat\u00e9konys\u00e1g \u00e9s a stabil teljes\u00edtm\u00e9ny er\u0151s kombin\u00e1ci\u00f3j\u00e1t ny\u00fajtja, \u00edgy kiv\u00e1l\u00f3 v\u00e1laszt\u00e1s a kereskedelmi f\u00f6d\u00e9meken dolgoz\u00f3 szakemberek sz\u00e1m\u00e1ra.<\/p>\n<p data-start=\"800\" data-end=\"1118\">Az egyszerre k\u00e9t sim\u00edt\u00f3t\u00e1lc\u00e1val ez a modell dr\u00e1maian megn\u00f6veli a fel\u00fcleti lefedetts\u00e9get - t\u00f6k\u00e9letes nagy \u00e9p\u00edtkez\u00e9seken, logisztikai parkokban vagy parkol\u00f3h\u00e1zakban. A felhordhat\u00f3 kialak\u00edt\u00e1s jav\u00edtja a termel\u00e9kenys\u00e9get \u00e9s cs\u00f6kkenti a f\u00e1radts\u00e1got, mivel lehet\u0151v\u00e9 teszi a kezel\u0151k sz\u00e1m\u00e1ra, hogy hosszabb ideig k\u00e9nyelmesen dolgozzanak.<\/p>\n<p data-start=\"1120\" data-end=\"1430\">Ezenfel\u00fcl a k\u00e9t rotoron l\u00e9v\u0151 f\u00fcggetlen lap\u00e1toszt\u00e1svez\u00e9rl\u00e9s nagyobb precizit\u00e1st biztos\u00edt, \u00edgy k\u00f6nnyed\u00e9n v\u00e1lthat a lebegtet\u00e9s \u00e9s a pol\u00edroz\u00e1s k\u00f6z\u00f6tt. A meger\u0151s\u00edtett v\u00e1z, a nagy teherb\u00edr\u00e1s\u00fa sebess\u00e9gv\u00e1lt\u00f3 \u00e9s az \u00fct\u00e9scsillap\u00edt\u00f3 \u00fcl\u00e9srendszer meghosszabb\u00edtja a g\u00e9p \u00e9lettartam\u00e1t, mik\u00f6zben biztos\u00edtja a kezel\u0151 stabilit\u00e1s\u00e1t \u00e9s k\u00e9nyelm\u00e9t.<\/p>\n<p data-start=\"1432\" data-end=\"1600\">Sz\u00e9les helyig\u00e9ny\u00e9nek \u00e9s a Longxin motor megb\u00edzhat\u00f3s\u00e1g\u00e1nak k\u00f6sz\u00f6nhet\u0151en a PTR-L100D kiemelkedik minden olyan projektben, amely sebess\u00e9get, lefedetts\u00e9get \u00e9s egyenletes min\u0151s\u00e9get ig\u00e9nyel.<\/p>\n<h3 data-start=\"1607\" data-end=\"1654\">A PTR-L100D Ride-On sim\u00edt\u00f3 legfontosabb jellemz\u0151i<\/h3>\n<ul data-start=\"1656\" data-end=\"2068\">\n<li data-start=\"1656\" data-end=\"1715\">\n<p data-start=\"1658\" data-end=\"1715\">Kett\u0151s t\u00e1rcs\u00e1s rendszer a nagy hat\u00e9konys\u00e1g\u00fa betonkik\u00e9sz\u00edt\u00e9shez<\/p>\n<\/li>\n<li data-start=\"1716\" data-end=\"1783\">\n<p data-start=\"1718\" data-end=\"1783\">A Longxin benzinmotor er\u0151teljes \u00e9s egyenletes teljes\u00edtm\u00e9nyt biztos\u00edt<\/p>\n<\/li>\n<li data-start=\"1784\" data-end=\"1854\">\n<p data-start=\"1786\" data-end=\"1854\">A felh\u00fazhat\u00f3 szerkezet nagyobb k\u00e9nyelmet \u00e9s cs\u00f6kkentett munkaf\u00e1radts\u00e1got biztos\u00edt<\/p>\n<\/li>\n<li data-start=\"1855\" data-end=\"1925\">\n<p data-start=\"1857\" data-end=\"1925\">A mindk\u00e9t t\u00e1rcsa \u00e1ll\u00edthat\u00f3 oszt\u00e1svez\u00e9rl\u00e9se rugalmas befejez\u00e9st tesz lehet\u0151v\u00e9<\/p>\n<\/li>\n<li data-start=\"1926\" data-end=\"1991\">\n<p data-start=\"1928\" data-end=\"1991\">A meger\u0151s\u00edtett v\u00e1z \u00e9s a sebess\u00e9gv\u00e1lt\u00f3 megbirk\u00f3zik a kem\u00e9ny munkater\u00fcleti k\u00f6r\u00fclm\u00e9nyekkel is<\/p>\n<\/li>\n<li data-start=\"1992\" data-end=\"2068\">\n<p data-start=\"1994\" data-end=\"2068\">Ide\u00e1lis nagy fel\u00fclet\u0171 f\u00f6d\u00e9mkik\u00e9sz\u00edt\u00e9shez kereskedelmi \u00e9s ipari projektekben<\/p>\n<\/li>\n<\/ul>\n<h3 data-start=\"2075\" data-end=\"2168\">Alkalmaz\u00e1sok - Rakt\u00e1rakhoz, rep\u00fcl\u0151terekhez, nagym\u00e9ret\u0171 kereskedelmi padl\u00f3khoz \u00e9s k\u00fclt\u00e9ri f\u00f6d\u00e9mekhez k\u00e9sz\u00fcltek<\/h3>\n<p data-start=\"2170\" data-end=\"2319\">A PTR-L100D kiv\u00e1l\u00f3an alkalmas a kiterjedt betonfel\u00fcleteken dolgoz\u00f3 v\u00e1llalkoz\u00f3k sz\u00e1m\u00e1ra, ahol az id\u0151, a k\u00f6vetkezetess\u00e9g \u00e9s az \u00fczemanyag-hat\u00e9konys\u00e1g a legfontosabb.<\/p>\n<p><iframe title=\"#\u00e9p\u00edt\u0151 #\u00e9p\u00edt\u0151munk\u00e1s #sim\u00edt\u00f3#sim\u00edt\u00f3#\" width=\"720\" height=\"405\" src=\"https:\/\/www.youtube.com\/embed\/XQyVcEkyJOs?feature=oembed\" frameborder=\"0\" allow=\"accelerometer; autoplay; clipboard-write; encrypted-media; gyroscope; picture-in-picture; web-share\" referrerpolicy=\"strict-origin-when-cross-origin\" allowfullscreen><\/iframe><\/p>","protected":false},"excerpt":{"rendered":"<p>A Longxin motorral \u00e9s k\u00e9tt\u00e1rcs\u00e1s kialak\u00edt\u00e1ssal ell\u00e1tott PTR-L100D felhord\u00f3 sim\u00edt\u00f3 hat\u00e9kony betonmegmunk\u00e1l\u00e1st biztos\u00edt nagy fel\u00fclet\u0171 f\u00f6d\u00e9mekn\u00e9l kereskedelmi vagy ipari k\u00f6rnyezetben.<\/p>","protected":false},"featured_media":9236,"template":"","meta":{"_kad_post_transparent":"default","_kad_post_title":"","_kad_post_layout":"default","_kad_post_sidebar_id":"","_kad_post_content_style":"default","_kad_post_vertical_padding":"default","_kad_post_feature":"","_kad_post_feature_position":"","_kad_post_header":false,"_kad_post_footer":false},"product_brand":[],"product_cat":[58],"product_tag":[1093,1094,1098,1091,1096,1092,1097,1099,1095,1100],"class_list":{"0":"post-9235","1":"product","2":"type-product","3":"status-publish","4":"has-post-thumbnail","6":"product_cat-ride-on-power-trowel","7":"product_tag-concrete-ride-on-trowel","8":"product_tag-concrete-ride-on-trowel-machine","9":"product_tag-concrete-surface-finishing-trowel","10":"product_tag-double-disc-ride-on-power-trowel","11":"product_tag-double-rotor-power-trowel","12":"product_tag-gasoline-ride-on-power-trowel","13":"product_tag-heavy-duty-ride-on-trowel","14":"product_tag-hydraulic-ride-on-trowel","15":"product_tag-ride-on-concrete-finishing-machine","16":"product_tag-ride-on-floor-trowel","18":"first","19":"instock","20":"shipping-taxable","21":"product-type-simple","22":"entry","23":"content-bg","24":"loop-entry"},"yoast_head":"<!-- This site is optimized with the Yoast SEO plugin v25.3.1 - https:\/\/yoast.com\/wordpress\/plugins\/seo\/ -->\n<title>Ride-On Power Trowel PTR-L100D - HSY Construction Machinery<\/title>\n<meta name=\"description\" content=\"PTR-L100D double-disc ride-on power trowel with Longxin engine delivers high-efficiency concrete finishing for large slabs in industrial and commercial projects.\" \/>\n<meta name=\"robots\" content=\"index, follow, max-snippet:-1, max-image-preview:large, max-video-preview:-1\" \/>\n<link rel=\"canonical\" href=\"https:\/\/www.hsymachinery.com\/hu\/termek\/ptr-l100d-motoros-simitogep\/\" \/>\n<meta property=\"og:locale\" content=\"hu_HU\" \/>\n<meta property=\"og:type\" content=\"article\" \/>\n<meta property=\"og:title\" content=\"Ride-On Power Trowel PTR-L100D - HSY Construction Machinery\" \/>\n<meta property=\"og:description\" content=\"PTR-L100D double-disc ride-on power trowel with Longxin engine delivers high-efficiency concrete finishing for large slabs in industrial and commercial projects.\" \/>\n<meta property=\"og:url\" content=\"https:\/\/www.hsymachinery.com\/hu\/termek\/ptr-l100d-motoros-simitogep\/\" \/>\n<meta property=\"og:site_name\" content=\"HSY Construction Machinery\" \/>\n<meta property=\"article:modified_time\" content=\"2025-06-28T15:57:12+00:00\" \/>\n<meta property=\"og:image\" content=\"https:\/\/www.hsymachinery.com\/wp-content\/uploads\/2025\/06\/Ride-On-Power-Trowel-PTR-L100D.jpg\" \/>\n\t<meta property=\"og:image:width\" content=\"800\" \/>\n\t<meta property=\"og:image:height\" content=\"800\" \/>\n\t<meta property=\"og:image:type\" content=\"image\/jpeg\" \/>\n<meta name=\"twitter:card\" content=\"summary_large_image\" \/>\n<meta name=\"twitter:label1\" content=\"Becs\u00fclt olvas\u00e1si id\u0151\" \/>\n\t<meta name=\"twitter:data1\" content=\"2 perc\" \/>\n<script type=\"application\/ld+json\" class=\"yoast-schema-graph\">{\"@context\":\"https:\/\/schema.org\",\"@graph\":[{\"@type\":\"WebPage\",\"@id\":\"https:\/\/www.hsymachinery.com\/product\/ride-on-power-trowel-ptr-l100d\/\",\"url\":\"https:\/\/www.hsymachinery.com\/product\/ride-on-power-trowel-ptr-l100d\/\",\"name\":\"Ride-On Power Trowel PTR-L100D - HSY Construction Machinery\",\"isPartOf\":{\"@id\":\"https:\/\/www.hsymachinery.com\/#website\"},\"primaryImageOfPage\":{\"@id\":\"https:\/\/www.hsymachinery.com\/product\/ride-on-power-trowel-ptr-l100d\/#primaryimage\"},\"image\":{\"@id\":\"https:\/\/www.hsymachinery.com\/product\/ride-on-power-trowel-ptr-l100d\/#primaryimage\"},\"thumbnailUrl\":\"https:\/\/www.hsymachinery.com\/wp-content\/uploads\/2025\/06\/Ride-On-Power-Trowel-PTR-L100D.jpg\",\"datePublished\":\"2025-06-18T13:20:45+00:00\",\"dateModified\":\"2025-06-28T15:57:12+00:00\",\"description\":\"PTR-L100D double-disc ride-on power trowel with Longxin engine delivers high-efficiency concrete finishing for large slabs in industrial and commercial projects.\",\"breadcrumb\":{\"@id\":\"https:\/\/www.hsymachinery.com\/product\/ride-on-power-trowel-ptr-l100d\/#breadcrumb\"},\"inLanguage\":\"hu\",\"potentialAction\":[{\"@type\":\"ReadAction\",\"target\":[\"https:\/\/www.hsymachinery.com\/product\/ride-on-power-trowel-ptr-l100d\/\"]}]},{\"@type\":\"ImageObject\",\"inLanguage\":\"hu\",\"@id\":\"https:\/\/www.hsymachinery.com\/product\/ride-on-power-trowel-ptr-l100d\/#primaryimage\",\"url\":\"https:\/\/www.hsymachinery.com\/wp-content\/uploads\/2025\/06\/Ride-On-Power-Trowel-PTR-L100D.jpg\",\"contentUrl\":\"https:\/\/www.hsymachinery.com\/wp-content\/uploads\/2025\/06\/Ride-On-Power-Trowel-PTR-L100D.jpg\",\"width\":800,\"height\":800},{\"@type\":\"BreadcrumbList\",\"@id\":\"https:\/\/www.hsymachinery.com\/product\/ride-on-power-trowel-ptr-l100d\/#breadcrumb\",\"itemListElement\":[{\"@type\":\"ListItem\",\"position\":1,\"name\":\"home\",\"item\":\"https:\/\/www.hsymachinery.com\/\"},{\"@type\":\"ListItem\",\"position\":2,\"name\":\"products\",\"item\":\"https:\/\/www.hsymachinery.com\/products\/\"},{\"@type\":\"ListItem\",\"position\":3,\"name\":\"Ride-On Power Trowel PTR-L100D\"}]},{\"@type\":\"WebSite\",\"@id\":\"https:\/\/www.hsymachinery.com\/#website\",\"url\":\"https:\/\/www.hsymachinery.com\/\",\"name\":\"HSY Construction Machinery\",\"description\":\"HSY Machinery \u2013 A leading China construction machinery supplier, offering a wide range of light construction equipment. Our main products include Rebar Cutting Machine, Rebar Bending Machine, Rebar Stirrup Bending Machine, Rebar Arc Bending Machine, Rebar Straightening Machine, Five-Head Rebar Stirrup Bending Machine, Tamping Rammer, Plate Compactor, Concrete Cutter, Power Trowel, and other construction machinery. We are equipped with advanced CNC machines, and we enforce strict quality inspection standards along with comprehensive after-sales service. If you are interested in our products or services, we warmly welcome your inquiries via message.\",\"publisher\":{\"@id\":\"https:\/\/www.hsymachinery.com\/#organization\"},\"potentialAction\":[{\"@type\":\"SearchAction\",\"target\":{\"@type\":\"EntryPoint\",\"urlTemplate\":\"https:\/\/www.hsymachinery.com\/?s={search_term_string}\"},\"query-input\":{\"@type\":\"PropertyValueSpecification\",\"valueRequired\":true,\"valueName\":\"search_term_string\"}}],\"inLanguage\":\"hu\"},{\"@type\":\"Organization\",\"@id\":\"https:\/\/www.hsymachinery.com\/#organization\",\"name\":\"HSY Construction Machinery\",\"url\":\"https:\/\/www.hsymachinery.com\/\",\"logo\":{\"@type\":\"ImageObject\",\"inLanguage\":\"hu\",\"@id\":\"https:\/\/www.hsymachinery.com\/#\/schema\/logo\/image\/\",\"url\":\"https:\/\/www.hsymachinery.com\/wp-content\/uploads\/2025\/06\/cropped-HSY-machinery.png\",\"contentUrl\":\"https:\/\/www.hsymachinery.com\/wp-content\/uploads\/2025\/06\/cropped-HSY-machinery.png\",\"width\":600,\"height\":240,\"caption\":\"HSY Construction Machinery\"},\"image\":{\"@id\":\"https:\/\/www.hsymachinery.com\/#\/schema\/logo\/image\/\"}}]}<\/script>\n<!-- \/ Yoast SEO plugin. -->","yoast_head_json":{"title":"PTR-L100D motoros sim\u00edt\u00f3g\u00e9p - HSY \u00c9p\u00edt\u0151ipari g\u00e9pek","description":"A Longxin motorral ell\u00e1tott PTR-L100D k\u00e9tt\u00e1rcs\u00e1s felnyergelhet\u0151 motoros sim\u00edt\u00f3 nagy hat\u00e9konys\u00e1g\u00fa betonjav\u00edt\u00e1st biztos\u00edt nagym\u00e9ret\u0171 f\u00f6d\u00e9mek ipari \u00e9s kereskedelmi projektekn\u00e9l.","robots":{"index":"index","follow":"follow","max-snippet":"max-snippet:-1","max-image-preview":"max-image-preview:large","max-video-preview":"max-video-preview:-1"},"canonical":"https:\/\/www.hsymachinery.com\/hu\/termek\/ptr-l100d-motoros-simitogep\/","og_locale":"hu_HU","og_type":"article","og_title":"Ride-On Power Trowel PTR-L100D - HSY Construction Machinery","og_description":"PTR-L100D double-disc ride-on power trowel with Longxin engine delivers high-efficiency concrete finishing for large slabs in industrial and commercial projects.","og_url":"https:\/\/www.hsymachinery.com\/hu\/termek\/ptr-l100d-motoros-simitogep\/","og_site_name":"HSY Construction Machinery","article_modified_time":"2025-06-28T15:57:12+00:00","og_image":[{"width":800,"height":800,"url":"https:\/\/www.hsymachinery.com\/wp-content\/uploads\/2025\/06\/Ride-On-Power-Trowel-PTR-L100D.jpg","type":"image\/jpeg"}],"twitter_card":"summary_large_image","twitter_misc":{"Becs\u00fclt olvas\u00e1si id\u0151":"2 perc"},"schema":{"@context":"https:\/\/schema.org","@graph":[{"@type":"WebPage","@id":"https:\/\/www.hsymachinery.com\/product\/ride-on-power-trowel-ptr-l100d\/","url":"https:\/\/www.hsymachinery.com\/product\/ride-on-power-trowel-ptr-l100d\/","name":"PTR-L100D motoros sim\u00edt\u00f3g\u00e9p - HSY \u00c9p\u00edt\u0151ipari g\u00e9pek","isPartOf":{"@id":"https:\/\/www.hsymachinery.com\/#website"},"primaryImageOfPage":{"@id":"https:\/\/www.hsymachinery.com\/product\/ride-on-power-trowel-ptr-l100d\/#primaryimage"},"image":{"@id":"https:\/\/www.hsymachinery.com\/product\/ride-on-power-trowel-ptr-l100d\/#primaryimage"},"thumbnailUrl":"https:\/\/www.hsymachinery.com\/wp-content\/uploads\/2025\/06\/Ride-On-Power-Trowel-PTR-L100D.jpg","datePublished":"2025-06-18T13:20:45+00:00","dateModified":"2025-06-28T15:57:12+00:00","description":"A Longxin motorral ell\u00e1tott PTR-L100D k\u00e9tt\u00e1rcs\u00e1s felnyergelhet\u0151 motoros sim\u00edt\u00f3 nagy hat\u00e9konys\u00e1g\u00fa betonjav\u00edt\u00e1st biztos\u00edt nagym\u00e9ret\u0171 f\u00f6d\u00e9mek ipari \u00e9s kereskedelmi projektekn\u00e9l.","breadcrumb":{"@id":"https:\/\/www.hsymachinery.com\/product\/ride-on-power-trowel-ptr-l100d\/#breadcrumb"},"inLanguage":"hu","potentialAction":[{"@type":"ReadAction","target":["https:\/\/www.hsymachinery.com\/product\/ride-on-power-trowel-ptr-l100d\/"]}]},{"@type":"ImageObject","inLanguage":"hu","@id":"https:\/\/www.hsymachinery.com\/product\/ride-on-power-trowel-ptr-l100d\/#primaryimage","url":"https:\/\/www.hsymachinery.com\/wp-content\/uploads\/2025\/06\/Ride-On-Power-Trowel-PTR-L100D.jpg","contentUrl":"https:\/\/www.hsymachinery.com\/wp-content\/uploads\/2025\/06\/Ride-On-Power-Trowel-PTR-L100D.jpg","width":800,"height":800},{"@type":"BreadcrumbList","@id":"https:\/\/www.hsymachinery.com\/product\/ride-on-power-trowel-ptr-l100d\/#breadcrumb","itemListElement":[{"@type":"ListItem","position":1,"name":"home","item":"https:\/\/www.hsymachinery.com\/"},{"@type":"ListItem","position":2,"name":"products","item":"https:\/\/www.hsymachinery.com\/products\/"},{"@type":"ListItem","position":3,"name":"Ride-On Power Trowel PTR-L100D"}]},{"@type":"WebSite","@id":"https:\/\/www.hsymachinery.com\/#website","url":"https:\/\/www.hsymachinery.com\/","name":"HSY \u00e9p\u00edt\u0151ipari g\u00e9pek","description":"HSY Machinery - K\u00edna vezet\u0151 \u00e9p\u00edt\u0151ipari g\u00e9pgy\u00e1rt\u00f3 v\u00e1llalata, amely k\u00f6nny\u0171 \u00e9p\u00edt\u0151ipari berendez\u00e9sek sz\u00e9les v\u00e1laszt\u00e9k\u00e1t k\u00edn\u00e1lja. F\u0151 term\u00e9keink k\u00f6z\u00e9 tartozik az \u00fajj\u00e1\u00e9p\u00edt\u00e9si v\u00e1g\u00f3g\u00e9p, az \u00fajj\u00e1\u00e9p\u00edt\u00e9si hajl\u00edt\u00f3g\u00e9p, az \u00fajj\u00e1\u00e9p\u00edt\u00e9si kengyelhajl\u00edt\u00f3 g\u00e9p, az \u00fajj\u00e1\u00e9p\u00edt\u00e9si \u00edvhajl\u00edt\u00f3 g\u00e9p, az \u00fajj\u00e1\u00e9p\u00edt\u00e9si egyenes\u00edt\u0151 g\u00e9p, az \u00f6tfej\u0171 \u00fajj\u00e1\u00e9p\u00edt\u00e9si kengyelhajl\u00edt\u00f3 g\u00e9p, a d\u00f6ng\u00f6l\u0151 rammer, a lemezkompaktor, a betonv\u00e1g\u00f3, a villanymotoros sim\u00edt\u00f3 \u00e9s m\u00e1s \u00e9p\u00edt\u0151ipari g\u00e9pek. Fejlett CNC-g\u00e9pekkel vagyunk felszerelve, \u00e9s szigor\u00fa min\u0151s\u00e9gellen\u0151rz\u00e9si szabv\u00e1nyokat \u00e9rv\u00e9nyes\u00edt\u00fcnk az \u00e1tfog\u00f3 \u00e9rt\u00e9kes\u00edt\u00e9s ut\u00e1ni szolg\u00e1ltat\u00e1ssal egy\u00fctt. Ha \u00e9rdeklik term\u00e9keink vagy szolg\u00e1ltat\u00e1saink, sz\u00edvesen fogadjuk \u00e9rdekl\u0151d\u00e9s\u00e9t \u00fczenetben.","publisher":{"@id":"https:\/\/www.hsymachinery.com\/#organization"},"potentialAction":[{"@type":"SearchAction","target":{"@type":"EntryPoint","urlTemplate":"https:\/\/www.hsymachinery.com\/?s={search_term_string}"},"query-input":{"@type":"PropertyValueSpecification","valueRequired":true,"valueName":"search_term_string"}}],"inLanguage":"hu"},{"@type":"Organization","@id":"https:\/\/www.hsymachinery.com\/#organization","name":"HSY \u00e9p\u00edt\u0151ipari g\u00e9pek","url":"https:\/\/www.hsymachinery.com\/","logo":{"@type":"ImageObject","inLanguage":"hu","@id":"https:\/\/www.hsymachinery.com\/#\/schema\/logo\/image\/","url":"https:\/\/www.hsymachinery.com\/wp-content\/uploads\/2025\/06\/cropped-HSY-machinery.png","contentUrl":"https:\/\/www.hsymachinery.com\/wp-content\/uploads\/2025\/06\/cropped-HSY-machinery.png","width":600,"height":240,"caption":"HSY Construction Machinery"},"image":{"@id":"https:\/\/www.hsymachinery.com\/#\/schema\/logo\/image\/"}}]}},"_links":{"self":[{"href":"https:\/\/www.hsymachinery.com\/hu\/wp-json\/wp\/v2\/product\/9235","targetHints":{"allow":["GET"]}}],"collection":[{"href":"https:\/\/www.hsymachinery.com\/hu\/wp-json\/wp\/v2\/product"}],"about":[{"href":"https:\/\/www.hsymachinery.com\/hu\/wp-json\/wp\/v2\/types\/product"}],"version-history":[{"count":3,"href":"https:\/\/www.hsymachinery.com\/hu\/wp-json\/wp\/v2\/product\/9235\/revisions"}],"predecessor-version":[{"id":9626,"href":"https:\/\/www.hsymachinery.com\/hu\/wp-json\/wp\/v2\/product\/9235\/revisions\/9626"}],"wp:featuredmedia":[{"embeddable":true,"href":"https:\/\/www.hsymachinery.com\/hu\/wp-json\/wp\/v2\/media\/9236"}],"wp:attachment":[{"href":"https:\/\/www.hsymachinery.com\/hu\/wp-json\/wp\/v2\/media?parent=9235"}],"wp:term":[{"taxonomy":"product_brand","embeddable":true,"href":"https:\/\/www.hsymachinery.com\/hu\/wp-json\/wp\/v2\/product_brand?post=9235"},{"taxonomy":"product_cat","embeddable":true,"href":"https:\/\/www.hsymachinery.com\/hu\/wp-json\/wp\/v2\/product_cat?post=9235"},{"taxonomy":"product_tag","embeddable":true,"href":"https:\/\/www.hsymachinery.com\/hu\/wp-json\/wp\/v2\/product_tag?post=9235"}],"curies":[{"name":"wp","href":"https:\/\/api.w.org\/{rel}","templated":true}]}}