{"id":9226,"date":"2025-06-18T21:17:00","date_gmt":"2025-06-18T13:17:00","guid":{"rendered":"https:\/\/www.hsymachinery.com\/?post_type=product&#038;p=9226"},"modified":"2025-06-28T23:44:40","modified_gmt":"2025-06-28T15:44:40","slug":"ptr-h80-motoros-simitogep","status":"publish","type":"product","link":"https:\/\/www.hsymachinery.com\/hu\/termek\/ptr-h80-motoros-simitogep\/","title":{"rendered":"Ride-On motoros sim\u00edt\u00f3 PTR-H80"},"content":{"rendered":"<h2 data-start=\"128\" data-end=\"164\">Ride-On motoros sim\u00edt\u00f3 PTR-H80<\/h2>\n<h3 data-start=\"165\" data-end=\"284\">PTR-H80 Ride-On beton befejez\u0151 g\u00e9p Honda motorral | Prec\u00edzi\u00f3s fel\u00fcleti sim\u00edt\u00e1s k\u00f6zepes f\u00f6d\u00e9m projektekhez<\/h3>\n<h3 data-start=\"291\" data-end=\"388\">Term\u00e9kle\u00edr\u00e1s - Honda-motoros felhord\u00f3 sim\u00edt\u00f3 a nagy teljes\u00edtm\u00e9ny\u0171 betonoz\u00e1shoz<a href=\"https:\/\/www.hsymachinery.com\/hu\/termekek\/motoros-simitoval\/\" target=\"_blank\" rel=\"noopener\"><img fetchpriority=\"high\" decoding=\"async\" class=\"wp-image-9616 alignright\" src=\"https:\/\/www.hsymachinery.com\/wp-content\/uploads\/2025\/06\/Sitting-Type-Power-Trowel-209x300.jpg\" alt=\"\" width=\"454\" height=\"651\" srcset=\"https:\/\/www.hsymachinery.com\/wp-content\/uploads\/2025\/06\/Sitting-Type-Power-Trowel-209x300.jpg 209w, https:\/\/www.hsymachinery.com\/wp-content\/uploads\/2025\/06\/Sitting-Type-Power-Trowel-713x1024.jpg 713w, https:\/\/www.hsymachinery.com\/wp-content\/uploads\/2025\/06\/Sitting-Type-Power-Trowel-768x1103.jpg 768w, https:\/\/www.hsymachinery.com\/wp-content\/uploads\/2025\/06\/Sitting-Type-Power-Trowel-600x862.jpg 600w, https:\/\/www.hsymachinery.com\/wp-content\/uploads\/2025\/06\/Sitting-Type-Power-Trowel.jpg 800w\" sizes=\"(max-width: 454px) 100vw, 454px\" \/><\/a><\/h3>\n<p data-start=\"390\" data-end=\"713\">A <strong data-start=\"394\" data-end=\"426\">PTR-H80 Ride-On motoros sim\u00edt\u00f3g\u00e9p<\/strong> professzion\u00e1lis teljes\u00edtm\u00e9nyt ny\u00fajt, a Honda benzinmotor megb\u00edzhat\u00f3s\u00e1g\u00e1val. Ez a k\u00f6zepes m\u00e9ret\u0171 betonlapokhoz tervezett g\u00e9p er\u0151teljes m\u0171k\u00f6d\u00e9st, sima kezelhet\u0151s\u00e9get \u00e9s kiv\u00e1l\u00f3 befejez\u0151 eredm\u00e9nyeket k\u00edn\u00e1l ipari \u00e9s kereskedelmi padl\u00f3burkolati alkalmaz\u00e1sokhoz.<\/p>\n<p data-start=\"715\" data-end=\"1097\">A PTR-H80 a 80 cm-es, k\u00e9t t\u00e1rcs\u00e1s sim\u00edt\u00f3 \u00e1tm\u00e9r\u0151j\u00e9vel gyorsabb lefedetts\u00e9get tesz lehet\u0151v\u00e9, \u00e9s a min\u0151s\u00e9g roml\u00e1sa n\u00e9lk\u00fcl cs\u00f6kkenti a munkaid\u0151t. A felhajt\u00f3s kialak\u00edt\u00e1s \u00fcl\u0151 munkapoz\u00edci\u00f3t biztos\u00edt a kezel\u0151 sz\u00e1m\u00e1ra, ami jav\u00edtja a k\u00e9nyelmet \u00e9s az ir\u00e1ny\u00edt\u00e1st a hossz\u00fa munkav\u00e9gz\u00e9s sor\u00e1n. A Honda stabil \u00e9s \u00fczemanyag-takar\u00e9kos motorj\u00e1nak k\u00f6sz\u00f6nhet\u0151en a g\u00e9p folyamatos haszn\u00e1lat mellett is megb\u00edzhat\u00f3an teljes\u00edt.<\/p>\n<p data-start=\"1099\" data-end=\"1388\">Ezen k\u00edv\u00fcl ez a sim\u00edt\u00f3g\u00e9p prec\u00edz pengehossz-\u00e1ll\u00edt\u00f3 rendszerrel rendelkezik, amely lehet\u0151v\u00e9 teszi a kezel\u0151k sz\u00e1m\u00e1ra, hogy k\u00f6nnyed\u00e9n v\u00e1ltsanak a lebegtet\u00e9s \u00e9s a pol\u00edroz\u00e1s k\u00f6z\u00f6tt. A meger\u0151s\u00edtett ac\u00e9lv\u00e1z, a robusztus sebess\u00e9gv\u00e1lt\u00f3 \u00e9s a j\u00f3l reag\u00e1l\u00f3 korm\u00e1nyrendszer hossz\u00fa t\u00e1v\u00fa tart\u00f3ss\u00e1got \u00e9s z\u00f6kken\u0151mentes man\u0151verez\u00e9st biztos\u00edt.<\/p>\n<p data-start=\"1390\" data-end=\"1607\">A rakt\u00e1rakban, pinc\u00e9kben, kereskedelmi padl\u00f3kon \u00e9s k\u00fclt\u00e9ri f\u00f6d\u00e9meken val\u00f3 haszn\u00e1latra ide\u00e1lis PTR-H80 olyan v\u00e1llalkoz\u00f3k sz\u00e1m\u00e1ra k\u00e9sz\u00fclt, akiknek sz\u00fcks\u00e9g\u00fck van teljes\u00edtm\u00e9nyre, k\u00f6vetkezetess\u00e9gre \u00e9s megb\u00edzhat\u00f3 motorteljes\u00edtm\u00e9nyre egyetlen kompakt megold\u00e1sban.<\/p>\n<h3 data-start=\"1614\" data-end=\"1665\">A PTR-H80 Ride-On motoros sim\u00edt\u00f3 legfontosabb jellemz\u0151i<\/h3>\n<ul data-start=\"1667\" data-end=\"2042\">\n<li data-start=\"1667\" data-end=\"1733\">\n<p data-start=\"1669\" data-end=\"1733\">A Honda benzinmotor egyenletes \u00e9s \u00fczemanyag-takar\u00e9kos teljes\u00edtm\u00e9nyt biztos\u00edt<\/p>\n<\/li>\n<li data-start=\"1734\" data-end=\"1799\">\n<p data-start=\"1736\" data-end=\"1799\">A 80 cm-es dupla t\u00e1rcs\u00e1s rendszer gyors \u00e9s egyenletes f\u00f6d\u00e9mkik\u00e9sz\u00edt\u00e9st tesz lehet\u0151v\u00e9<\/p>\n<\/li>\n<li data-start=\"1800\" data-end=\"1867\">\n<p data-start=\"1802\" data-end=\"1867\">A Ride-on vez\u00e9rl\u00e9s elrendez\u00e9se jav\u00edtja a kezel\u0151 k\u00e9nyelm\u00e9t \u00e9s l\u00e1that\u00f3s\u00e1g\u00e1t<\/p>\n<\/li>\n<li data-start=\"1868\" data-end=\"1923\">\n<p data-start=\"1870\" data-end=\"1923\">A penge \u00e1ll\u00e1sa k\u00f6nnyen be\u00e1ll\u00edthat\u00f3 a lebegtet\u00e9shez vagy a befejez\u0151 munk\u00e1hoz<\/p>\n<\/li>\n<li data-start=\"1924\" data-end=\"1986\">\n<p data-start=\"1926\" data-end=\"1986\">Robusztus ac\u00e9lszerkezet \u00e9s hajt\u00f3m\u0171 a fokozott tart\u00f3ss\u00e1g \u00e9rdek\u00e9ben<\/p>\n<\/li>\n<li data-start=\"1987\" data-end=\"2042\">\n<p data-start=\"1989\" data-end=\"2042\">T\u00f6k\u00e9letes k\u00f6zepes m\u00e9ret\u0171 f\u00f6d\u00e9m\u00e9p\u00edt\u00e9si projektekhez<\/p>\n<\/li>\n<\/ul>\n<h3 data-start=\"2049\" data-end=\"2136\">Alkalmaz\u00e1sok - Nagyszer\u0171 rakt\u00e1rakhoz, parkol\u00f3khoz \u00e9s k\u00f6zepes m\u00e9ret\u0171 kereskedelmi padl\u00f3khoz<\/h3>\n<p data-start=\"2138\" data-end=\"2341\">A PTR-H80 a legalkalmasabb a logisztikai k\u00f6zpontokban, kereskedelmi gar\u00e1zsokban \u00e9s bels\u0151 projektekben haszn\u00e1lt, k\u00f6zepes m\u00e9ret\u0171 betonlapok befejez\u00e9s\u00e9vel foglalkoz\u00f3 szakemberek sz\u00e1m\u00e1ra, ahol a m\u00e9ret \u00e9s a teljes\u00edtm\u00e9ny egyens\u00faly\u00e1ra van sz\u00fcks\u00e9g.<\/p>","protected":false},"excerpt":{"rendered":"<p>A Honda-motorral felszerelt PTR-H80 felnyergelhet\u0151 sim\u00edt\u00f3 sim\u00edt\u00f3g\u00e9p sima, egyenletes betonbevon\u00e1st biztos\u00edt k\u00f6zepes m\u00e9ret\u0171 f\u00f6d\u00e9meken. K\u00e9nyelmes m\u0171k\u00f6d\u00e9s \u00e9s nagy tart\u00f3ss\u00e1g a munkater\u00fcleten val\u00f3 haszn\u00e1lathoz.<\/p>","protected":false},"featured_media":9227,"template":"","meta":{"_kad_post_transparent":"default","_kad_post_title":"","_kad_post_layout":"default","_kad_post_sidebar_id":"","_kad_post_content_style":"default","_kad_post_vertical_padding":"default","_kad_post_feature":"","_kad_post_feature_position":"","_kad_post_header":false,"_kad_post_footer":false},"product_brand":[],"product_cat":[58],"product_tag":[1093,1094,1098,1091,1096,1092,1097,1099,1095,1100],"class_list":{"0":"post-9226","1":"product","2":"type-product","3":"status-publish","4":"has-post-thumbnail","6":"product_cat-ride-on-power-trowel","7":"product_tag-concrete-ride-on-trowel","8":"product_tag-concrete-ride-on-trowel-machine","9":"product_tag-concrete-surface-finishing-trowel","10":"product_tag-double-disc-ride-on-power-trowel","11":"product_tag-double-rotor-power-trowel","12":"product_tag-gasoline-ride-on-power-trowel","13":"product_tag-heavy-duty-ride-on-trowel","14":"product_tag-hydraulic-ride-on-trowel","15":"product_tag-ride-on-concrete-finishing-machine","16":"product_tag-ride-on-floor-trowel","18":"first","19":"instock","20":"shipping-taxable","21":"product-type-simple","22":"entry","23":"content-bg","24":"loop-entry"},"yoast_head":"<!-- This site is optimized with the Yoast SEO plugin v25.3.1 - https:\/\/yoast.com\/wordpress\/plugins\/seo\/ -->\n<title>Ride-On Power Trowel PTR-H80 - HSY Construction Machinery<\/title>\n<meta name=\"description\" content=\"PTR-H80 ride-on concrete trowel with Honda engine ensures efficient slab finishing with smooth handling and fuel economy. Ideal for medium-sized industrial projects.Ride-On Power Trowel PTR-H80\" \/>\n<meta name=\"robots\" content=\"index, follow, max-snippet:-1, max-image-preview:large, max-video-preview:-1\" \/>\n<link rel=\"canonical\" href=\"https:\/\/www.hsymachinery.com\/hu\/termek\/ptr-h80-motoros-simitogep\/\" \/>\n<meta property=\"og:locale\" content=\"hu_HU\" \/>\n<meta property=\"og:type\" content=\"article\" \/>\n<meta property=\"og:title\" content=\"Ride-On Power Trowel PTR-H80 - HSY Construction Machinery\" \/>\n<meta property=\"og:description\" content=\"PTR-H80 ride-on concrete trowel with Honda engine ensures efficient slab finishing with smooth handling and fuel economy. Ideal for medium-sized industrial projects.Ride-On Power Trowel PTR-H80\" \/>\n<meta property=\"og:url\" content=\"https:\/\/www.hsymachinery.com\/hu\/termek\/ptr-h80-motoros-simitogep\/\" \/>\n<meta property=\"og:site_name\" content=\"HSY Construction Machinery\" \/>\n<meta property=\"article:modified_time\" content=\"2025-06-28T15:44:40+00:00\" \/>\n<meta property=\"og:image\" content=\"https:\/\/www.hsymachinery.com\/wp-content\/uploads\/2025\/06\/Ride-On-Power-Trowel-PTR-H80.jpg\" \/>\n\t<meta property=\"og:image:width\" content=\"800\" \/>\n\t<meta property=\"og:image:height\" content=\"800\" \/>\n\t<meta property=\"og:image:type\" content=\"image\/jpeg\" \/>\n<meta name=\"twitter:card\" content=\"summary_large_image\" \/>\n<meta name=\"twitter:label1\" content=\"Becs\u00fclt olvas\u00e1si id\u0151\" \/>\n\t<meta name=\"twitter:data1\" content=\"2 perc\" \/>\n<script type=\"application\/ld+json\" class=\"yoast-schema-graph\">{\"@context\":\"https:\/\/schema.org\",\"@graph\":[{\"@type\":\"WebPage\",\"@id\":\"https:\/\/www.hsymachinery.com\/product\/ride-on-power-trowel-ptr-h80\/\",\"url\":\"https:\/\/www.hsymachinery.com\/product\/ride-on-power-trowel-ptr-h80\/\",\"name\":\"Ride-On Power Trowel PTR-H80 - HSY Construction Machinery\",\"isPartOf\":{\"@id\":\"https:\/\/www.hsymachinery.com\/#website\"},\"primaryImageOfPage\":{\"@id\":\"https:\/\/www.hsymachinery.com\/product\/ride-on-power-trowel-ptr-h80\/#primaryimage\"},\"image\":{\"@id\":\"https:\/\/www.hsymachinery.com\/product\/ride-on-power-trowel-ptr-h80\/#primaryimage\"},\"thumbnailUrl\":\"https:\/\/www.hsymachinery.com\/wp-content\/uploads\/2025\/06\/Ride-On-Power-Trowel-PTR-H80.jpg\",\"datePublished\":\"2025-06-18T13:17:00+00:00\",\"dateModified\":\"2025-06-28T15:44:40+00:00\",\"description\":\"PTR-H80 ride-on concrete trowel with Honda engine ensures efficient slab finishing with smooth handling and fuel economy. Ideal for medium-sized industrial projects.Ride-On Power Trowel PTR-H80\",\"breadcrumb\":{\"@id\":\"https:\/\/www.hsymachinery.com\/product\/ride-on-power-trowel-ptr-h80\/#breadcrumb\"},\"inLanguage\":\"hu\",\"potentialAction\":[{\"@type\":\"ReadAction\",\"target\":[\"https:\/\/www.hsymachinery.com\/product\/ride-on-power-trowel-ptr-h80\/\"]}]},{\"@type\":\"ImageObject\",\"inLanguage\":\"hu\",\"@id\":\"https:\/\/www.hsymachinery.com\/product\/ride-on-power-trowel-ptr-h80\/#primaryimage\",\"url\":\"https:\/\/www.hsymachinery.com\/wp-content\/uploads\/2025\/06\/Ride-On-Power-Trowel-PTR-H80.jpg\",\"contentUrl\":\"https:\/\/www.hsymachinery.com\/wp-content\/uploads\/2025\/06\/Ride-On-Power-Trowel-PTR-H80.jpg\",\"width\":800,\"height\":800},{\"@type\":\"BreadcrumbList\",\"@id\":\"https:\/\/www.hsymachinery.com\/product\/ride-on-power-trowel-ptr-h80\/#breadcrumb\",\"itemListElement\":[{\"@type\":\"ListItem\",\"position\":1,\"name\":\"home\",\"item\":\"https:\/\/www.hsymachinery.com\/\"},{\"@type\":\"ListItem\",\"position\":2,\"name\":\"products\",\"item\":\"https:\/\/www.hsymachinery.com\/products\/\"},{\"@type\":\"ListItem\",\"position\":3,\"name\":\"Ride-On Power Trowel PTR-H80\"}]},{\"@type\":\"WebSite\",\"@id\":\"https:\/\/www.hsymachinery.com\/#website\",\"url\":\"https:\/\/www.hsymachinery.com\/\",\"name\":\"HSY Construction Machinery\",\"description\":\"HSY Machinery \u2013 A leading China construction machinery supplier, offering a wide range of light construction equipment. Our main products include Rebar Cutting Machine, Rebar Bending Machine, Rebar Stirrup Bending Machine, Rebar Arc Bending Machine, Rebar Straightening Machine, Five-Head Rebar Stirrup Bending Machine, Tamping Rammer, Plate Compactor, Concrete Cutter, Power Trowel, and other construction machinery. We are equipped with advanced CNC machines, and we enforce strict quality inspection standards along with comprehensive after-sales service. If you are interested in our products or services, we warmly welcome your inquiries via message.\",\"publisher\":{\"@id\":\"https:\/\/www.hsymachinery.com\/#organization\"},\"potentialAction\":[{\"@type\":\"SearchAction\",\"target\":{\"@type\":\"EntryPoint\",\"urlTemplate\":\"https:\/\/www.hsymachinery.com\/?s={search_term_string}\"},\"query-input\":{\"@type\":\"PropertyValueSpecification\",\"valueRequired\":true,\"valueName\":\"search_term_string\"}}],\"inLanguage\":\"hu\"},{\"@type\":\"Organization\",\"@id\":\"https:\/\/www.hsymachinery.com\/#organization\",\"name\":\"HSY Construction Machinery\",\"url\":\"https:\/\/www.hsymachinery.com\/\",\"logo\":{\"@type\":\"ImageObject\",\"inLanguage\":\"hu\",\"@id\":\"https:\/\/www.hsymachinery.com\/#\/schema\/logo\/image\/\",\"url\":\"https:\/\/www.hsymachinery.com\/wp-content\/uploads\/2025\/06\/cropped-HSY-machinery.png\",\"contentUrl\":\"https:\/\/www.hsymachinery.com\/wp-content\/uploads\/2025\/06\/cropped-HSY-machinery.png\",\"width\":600,\"height\":240,\"caption\":\"HSY Construction Machinery\"},\"image\":{\"@id\":\"https:\/\/www.hsymachinery.com\/#\/schema\/logo\/image\/\"}}]}<\/script>\n<!-- \/ Yoast SEO plugin. -->","yoast_head_json":{"title":"PTR-H80 - HSY \u00c9p\u00edt\u0151ipari g\u00e9pek - HSY Construction Machinery","description":"A Honda-motorral felszerelt PTR-H80 felhordhat\u00f3 beton sim\u00edt\u00f3val hat\u00e9kony f\u00f6d\u00e9mkik\u00e9sz\u00edt\u00e9st biztos\u00edt sima kezel\u00e9s \u00e9s \u00fczemanyag-takar\u00e9koss\u00e1g mellett. Ide\u00e1lis k\u00f6zepes m\u00e9ret\u0171 ipari projektekhez.PTR-H80 Ride-On Power Glettel\u0151","robots":{"index":"index","follow":"follow","max-snippet":"max-snippet:-1","max-image-preview":"max-image-preview:large","max-video-preview":"max-video-preview:-1"},"canonical":"https:\/\/www.hsymachinery.com\/hu\/termek\/ptr-h80-motoros-simitogep\/","og_locale":"hu_HU","og_type":"article","og_title":"Ride-On Power Trowel PTR-H80 - HSY Construction Machinery","og_description":"PTR-H80 ride-on concrete trowel with Honda engine ensures efficient slab finishing with smooth handling and fuel economy. Ideal for medium-sized industrial projects.Ride-On Power Trowel PTR-H80","og_url":"https:\/\/www.hsymachinery.com\/hu\/termek\/ptr-h80-motoros-simitogep\/","og_site_name":"HSY Construction Machinery","article_modified_time":"2025-06-28T15:44:40+00:00","og_image":[{"width":800,"height":800,"url":"https:\/\/www.hsymachinery.com\/wp-content\/uploads\/2025\/06\/Ride-On-Power-Trowel-PTR-H80.jpg","type":"image\/jpeg"}],"twitter_card":"summary_large_image","twitter_misc":{"Becs\u00fclt olvas\u00e1si id\u0151":"2 perc"},"schema":{"@context":"https:\/\/schema.org","@graph":[{"@type":"WebPage","@id":"https:\/\/www.hsymachinery.com\/product\/ride-on-power-trowel-ptr-h80\/","url":"https:\/\/www.hsymachinery.com\/product\/ride-on-power-trowel-ptr-h80\/","name":"PTR-H80 - HSY \u00c9p\u00edt\u0151ipari g\u00e9pek - HSY Construction Machinery","isPartOf":{"@id":"https:\/\/www.hsymachinery.com\/#website"},"primaryImageOfPage":{"@id":"https:\/\/www.hsymachinery.com\/product\/ride-on-power-trowel-ptr-h80\/#primaryimage"},"image":{"@id":"https:\/\/www.hsymachinery.com\/product\/ride-on-power-trowel-ptr-h80\/#primaryimage"},"thumbnailUrl":"https:\/\/www.hsymachinery.com\/wp-content\/uploads\/2025\/06\/Ride-On-Power-Trowel-PTR-H80.jpg","datePublished":"2025-06-18T13:17:00+00:00","dateModified":"2025-06-28T15:44:40+00:00","description":"A Honda-motorral felszerelt PTR-H80 felhordhat\u00f3 beton sim\u00edt\u00f3val hat\u00e9kony f\u00f6d\u00e9mkik\u00e9sz\u00edt\u00e9st biztos\u00edt sima kezel\u00e9s \u00e9s \u00fczemanyag-takar\u00e9koss\u00e1g mellett. Ide\u00e1lis k\u00f6zepes m\u00e9ret\u0171 ipari projektekhez.PTR-H80 Ride-On Power Glettel\u0151","breadcrumb":{"@id":"https:\/\/www.hsymachinery.com\/product\/ride-on-power-trowel-ptr-h80\/#breadcrumb"},"inLanguage":"hu","potentialAction":[{"@type":"ReadAction","target":["https:\/\/www.hsymachinery.com\/product\/ride-on-power-trowel-ptr-h80\/"]}]},{"@type":"ImageObject","inLanguage":"hu","@id":"https:\/\/www.hsymachinery.com\/product\/ride-on-power-trowel-ptr-h80\/#primaryimage","url":"https:\/\/www.hsymachinery.com\/wp-content\/uploads\/2025\/06\/Ride-On-Power-Trowel-PTR-H80.jpg","contentUrl":"https:\/\/www.hsymachinery.com\/wp-content\/uploads\/2025\/06\/Ride-On-Power-Trowel-PTR-H80.jpg","width":800,"height":800},{"@type":"BreadcrumbList","@id":"https:\/\/www.hsymachinery.com\/product\/ride-on-power-trowel-ptr-h80\/#breadcrumb","itemListElement":[{"@type":"ListItem","position":1,"name":"home","item":"https:\/\/www.hsymachinery.com\/"},{"@type":"ListItem","position":2,"name":"products","item":"https:\/\/www.hsymachinery.com\/products\/"},{"@type":"ListItem","position":3,"name":"Ride-On Power Trowel PTR-H80"}]},{"@type":"WebSite","@id":"https:\/\/www.hsymachinery.com\/#website","url":"https:\/\/www.hsymachinery.com\/","name":"HSY \u00e9p\u00edt\u0151ipari g\u00e9pek","description":"HSY Machinery - K\u00edna vezet\u0151 \u00e9p\u00edt\u0151ipari g\u00e9pgy\u00e1rt\u00f3 v\u00e1llalata, amely k\u00f6nny\u0171 \u00e9p\u00edt\u0151ipari berendez\u00e9sek sz\u00e9les v\u00e1laszt\u00e9k\u00e1t k\u00edn\u00e1lja. F\u0151 term\u00e9keink k\u00f6z\u00e9 tartozik az \u00fajj\u00e1\u00e9p\u00edt\u00e9si v\u00e1g\u00f3g\u00e9p, az \u00fajj\u00e1\u00e9p\u00edt\u00e9si hajl\u00edt\u00f3g\u00e9p, az \u00fajj\u00e1\u00e9p\u00edt\u00e9si kengyelhajl\u00edt\u00f3 g\u00e9p, az \u00fajj\u00e1\u00e9p\u00edt\u00e9si \u00edvhajl\u00edt\u00f3 g\u00e9p, az \u00fajj\u00e1\u00e9p\u00edt\u00e9si egyenes\u00edt\u0151 g\u00e9p, az \u00f6tfej\u0171 \u00fajj\u00e1\u00e9p\u00edt\u00e9si kengyelhajl\u00edt\u00f3 g\u00e9p, a d\u00f6ng\u00f6l\u0151 rammer, a lemezkompaktor, a betonv\u00e1g\u00f3, a villanymotoros sim\u00edt\u00f3 \u00e9s m\u00e1s \u00e9p\u00edt\u0151ipari g\u00e9pek. Fejlett CNC-g\u00e9pekkel vagyunk felszerelve, \u00e9s szigor\u00fa min\u0151s\u00e9gellen\u0151rz\u00e9si szabv\u00e1nyokat \u00e9rv\u00e9nyes\u00edt\u00fcnk az \u00e1tfog\u00f3 \u00e9rt\u00e9kes\u00edt\u00e9s ut\u00e1ni szolg\u00e1ltat\u00e1ssal egy\u00fctt. Ha \u00e9rdeklik term\u00e9keink vagy szolg\u00e1ltat\u00e1saink, sz\u00edvesen fogadjuk \u00e9rdekl\u0151d\u00e9s\u00e9t \u00fczenetben.","publisher":{"@id":"https:\/\/www.hsymachinery.com\/#organization"},"potentialAction":[{"@type":"SearchAction","target":{"@type":"EntryPoint","urlTemplate":"https:\/\/www.hsymachinery.com\/?s={search_term_string}"},"query-input":{"@type":"PropertyValueSpecification","valueRequired":true,"valueName":"search_term_string"}}],"inLanguage":"hu"},{"@type":"Organization","@id":"https:\/\/www.hsymachinery.com\/#organization","name":"HSY \u00e9p\u00edt\u0151ipari g\u00e9pek","url":"https:\/\/www.hsymachinery.com\/","logo":{"@type":"ImageObject","inLanguage":"hu","@id":"https:\/\/www.hsymachinery.com\/#\/schema\/logo\/image\/","url":"https:\/\/www.hsymachinery.com\/wp-content\/uploads\/2025\/06\/cropped-HSY-machinery.png","contentUrl":"https:\/\/www.hsymachinery.com\/wp-content\/uploads\/2025\/06\/cropped-HSY-machinery.png","width":600,"height":240,"caption":"HSY Construction Machinery"},"image":{"@id":"https:\/\/www.hsymachinery.com\/#\/schema\/logo\/image\/"}}]}},"_links":{"self":[{"href":"https:\/\/www.hsymachinery.com\/hu\/wp-json\/wp\/v2\/product\/9226","targetHints":{"allow":["GET"]}}],"collection":[{"href":"https:\/\/www.hsymachinery.com\/hu\/wp-json\/wp\/v2\/product"}],"about":[{"href":"https:\/\/www.hsymachinery.com\/hu\/wp-json\/wp\/v2\/types\/product"}],"version-history":[{"count":3,"href":"https:\/\/www.hsymachinery.com\/hu\/wp-json\/wp\/v2\/product\/9226\/revisions"}],"predecessor-version":[{"id":9620,"href":"https:\/\/www.hsymachinery.com\/hu\/wp-json\/wp\/v2\/product\/9226\/revisions\/9620"}],"wp:featuredmedia":[{"embeddable":true,"href":"https:\/\/www.hsymachinery.com\/hu\/wp-json\/wp\/v2\/media\/9227"}],"wp:attachment":[{"href":"https:\/\/www.hsymachinery.com\/hu\/wp-json\/wp\/v2\/media?parent=9226"}],"wp:term":[{"taxonomy":"product_brand","embeddable":true,"href":"https:\/\/www.hsymachinery.com\/hu\/wp-json\/wp\/v2\/product_brand?post=9226"},{"taxonomy":"product_cat","embeddable":true,"href":"https:\/\/www.hsymachinery.com\/hu\/wp-json\/wp\/v2\/product_cat?post=9226"},{"taxonomy":"product_tag","embeddable":true,"href":"https:\/\/www.hsymachinery.com\/hu\/wp-json\/wp\/v2\/product_tag?post=9226"}],"curies":[{"name":"wp","href":"https:\/\/api.w.org\/{rel}","templated":true}]}}