{"id":9217,"date":"2025-06-18T20:40:26","date_gmt":"2025-06-18T12:40:26","guid":{"rendered":"https:\/\/www.hsymachinery.com\/?post_type=product&#038;p=9217"},"modified":"2025-06-28T23:21:44","modified_gmt":"2025-06-28T15:21:44","slug":"pth-c100b-jarokepes-simitogep","status":"publish","type":"product","link":"https:\/\/www.hsymachinery.com\/hu\/termek\/pth-c100b-jarokepes-simitogep\/","title":{"rendered":"PTH-C100B j\u00e1r\u00f3keretes sim\u00edt\u00f3g\u00e9p"},"content":{"rendered":"<h2 data-start=\"141\" data-end=\"183\">PTH-C100B j\u00e1r\u00f3keretes sim\u00edt\u00f3g\u00e9p<\/h2>\n<h3 data-start=\"184\" data-end=\"278\">PTH-C100B d\u00edzel beton sim\u00edt\u00f3 | Nagy nyomat\u00e9k\u00fa motor a nagy f\u00f6d\u00e9mek tart\u00f3s befejez\u00e9s\u00e9hez<\/h3>\n<h3 data-start=\"285\" data-end=\"398\">Term\u00e9kle\u00edr\u00e1s - D\u00edzel meghajt\u00e1s\u00fa motoros sim\u00edt\u00f3 a kereskedelmi betonpadl\u00f3k hosszan tart\u00f3 befejez\u00e9s\u00e9hez<a href=\"https:\/\/www.hsymachinery.com\/hu\/termekek\/jarkalos-simitogep\/\" target=\"_blank\" rel=\"noopener\"><img fetchpriority=\"high\" decoding=\"async\" class=\"wp-image-9218 alignright\" src=\"https:\/\/www.hsymachinery.com\/wp-content\/uploads\/2025\/06\/Walk-Behind-Power-Trowel-PTH-C100B-244x300.jpg\" alt=\"\" width=\"454\" height=\"558\" srcset=\"https:\/\/www.hsymachinery.com\/wp-content\/uploads\/2025\/06\/Walk-Behind-Power-Trowel-PTH-C100B-244x300.jpg 244w, https:\/\/www.hsymachinery.com\/wp-content\/uploads\/2025\/06\/Walk-Behind-Power-Trowel-PTH-C100B.jpg 600w\" sizes=\"(max-width: 454px) 100vw, 454px\" \/><\/a><\/h3>\n<p data-start=\"400\" data-end=\"716\">A <strong data-start=\"404\" data-end=\"442\">PTH-C100B Walk-Behind motoros sim\u00edt\u00f3g\u00e9p<\/strong> egy d\u00edzelmotoros betonkik\u00e9sz\u00edt\u0151 g\u00e9p, amelyet er\u0151ss\u00e9gre, hat\u00e9konys\u00e1gra \u00e9s hossz\u00fa t\u00e1v\u00fa haszn\u00e1latra terveztek. Ez a tart\u00f3s d\u00edzelmotorral felszerelt modell t\u00f6k\u00e9letes az olyan projektekhez, ahol az \u00fczemanyag el\u00e9rhet\u0151s\u00e9ge, a motor hossz\u00fa \u00e9lettartama \u00e9s a nagy nyomat\u00e9kteljes\u00edtm\u00e9ny priorit\u00e1st \u00e9lvez.<\/p>\n<p data-start=\"718\" data-end=\"1104\">A 100 cm-es sim\u00edt\u00f3\u00e1tm\u00e9r\u0151vel a PTH-C100B sz\u00e9les fel\u00fcletet fed le r\u00f6videbb id\u0151 alatt, \u00edgy kiv\u00e1l\u00f3 megold\u00e1s nagym\u00e9ret\u0171 betonlapok, p\u00e9ld\u00e1ul parkol\u00f3k, ipari padl\u00f3k \u00e9s logisztikai k\u00f6zpontok eset\u00e9ben. Az \u00e1ll\u00edthat\u00f3 k\u00e9soszt\u00e1si rendszer lehet\u0151v\u00e9 teszi a prec\u00edzi\u00f3s vez\u00e9rl\u00e9st a lebegtet\u00e9si \u00e9s pol\u00edroz\u00e1si f\u00e1zisokban, \u00edgy minden alkalommal egyenletes, sima fel\u00fcletet biztos\u00edt.<\/p>\n<p data-start=\"1106\" data-end=\"1406\">Emellett a d\u00edzelmotor stabil nyomat\u00e9kot \u00e9s jobb \u00fczemanyag-fogyaszt\u00e1st biztos\u00edt nagy terhel\u00e9s mellett, k\u00fcl\u00f6n\u00f6sen azokban a r\u00e9gi\u00f3kban, ahol a d\u00edzel jobban hozz\u00e1f\u00e9rhet\u0151. A nagy teherb\u00edr\u00e1s\u00fa sebess\u00e9gv\u00e1lt\u00f3, a meger\u0151s\u00edtett p\u00f3kkarok \u00e9s a v\u00e9d\u0151 biztons\u00e1gi gy\u0171r\u0171 hossz\u00fa \u00e9lettartamot biztos\u00edtanak, m\u00e9g napi haszn\u00e1lat mellett is.<\/p>\n<p data-start=\"1408\" data-end=\"1576\">A tov\u00e1bbi k\u00e9nyelem \u00e9rdek\u00e9ben az ergonomikus, \u00f6sszecsukhat\u00f3 foganty\u00fa minimaliz\u00e1lja a rezg\u00e9st \u00e9s cs\u00f6kkenti a f\u00e1radts\u00e1got, m\u00edg a kialak\u00edt\u00e1s lehet\u0151v\u00e9 teszi a k\u00f6nny\u0171 sz\u00e1ll\u00edt\u00e1st \u00e9s t\u00e1rol\u00e1st a helysz\u00ednek k\u00f6z\u00f6tt.<\/p>\n<h3 data-start=\"1583\" data-end=\"1635\">A PTH-C100B d\u00edzel motoros sim\u00edt\u00f3 legfontosabb jellemz\u0151i<\/h3>\n<ul data-start=\"1637\" data-end=\"1999\">\n<li data-start=\"1637\" data-end=\"1699\">\n<p data-start=\"1639\" data-end=\"1699\">A d\u00edzelmotor er\u0151s nyomat\u00e9kot \u00e9s hosszabb \u00fczemid\u0151t biztos\u00edt<\/p>\n<\/li>\n<li data-start=\"1700\" data-end=\"1756\">\n<p data-start=\"1702\" data-end=\"1756\">A 100 cm-es penge\u00e1tm\u00e9r\u0151 sz\u00e9lesk\u00f6r\u0171 befejez\u0151 lefedetts\u00e9get biztos\u00edt<\/p>\n<\/li>\n<li data-start=\"1757\" data-end=\"1819\">\n<p data-start=\"1759\" data-end=\"1819\">Az \u00e1ll\u00edthat\u00f3 oszt\u00e1srendszer lehet\u0151v\u00e9 teszi a fel\u00fcleti kivitel ellen\u0151rz\u00e9s\u00e9t<\/p>\n<\/li>\n<li data-start=\"1820\" data-end=\"1878\">\n<p data-start=\"1822\" data-end=\"1878\">A rezg\u00e9sg\u00e1tl\u00f3 foganty\u00fa kialak\u00edt\u00e1sa jav\u00edtja a kezel\u0151i k\u00e9nyelmet<\/p>\n<\/li>\n<li data-start=\"1879\" data-end=\"1937\">\n<p data-start=\"1881\" data-end=\"1937\">A robusztus v\u00e1z \u00e9s a sebess\u00e9gv\u00e1lt\u00f3 fokozza a szerkezeti tart\u00f3ss\u00e1got<\/p>\n<\/li>\n<li data-start=\"1938\" data-end=\"1999\">\n<p data-start=\"1940\" data-end=\"1999\">Ide\u00e1lis k\u00fclt\u00e9ri, nagy ig\u00e9nybev\u00e9tel\u0171 vagy hossz\u00fa ideig tart\u00f3 betonoz\u00e1si munk\u00e1khoz<\/p>\n<\/li>\n<\/ul>\n<h3 data-start=\"2006\" data-end=\"2102\">Alkalmaz\u00e1sok - Ide\u00e1lis szabadt\u00e9ri \u00e9p\u00edtkez\u00e9sekhez, ipari padl\u00f3khoz \u00e9s nagy terhel\u00e9st ig\u00e9nyl\u0151 betonfel\u00fcletekhez.<\/h3>\n<p data-start=\"2104\" data-end=\"2400\">A PTH-C100B kiv\u00e1l\u00f3an alkalmazhat\u00f3 k\u00fclt\u00e9ri projektekben, vid\u00e9ki \u00e9p\u00edtkez\u00e9seken \u00e9s nagyszab\u00e1s\u00fa infrastruktur\u00e1lis munk\u00e1kn\u00e1l. Az \u00fczemanyag sokoldal\u00fas\u00e1ga \u00e9s mechanikai tart\u00f3ss\u00e1ga miatt a v\u00e1llalkoz\u00f3k gyakran v\u00e1lasztj\u00e1k ezt a modellt intenz\u00edv f\u00f6d\u00e9mkik\u00e9sz\u00edt\u00e9shez, ahol az \u00fczemid\u0151 \u00e9s a megb\u00edzhat\u00f3s\u00e1g elengedhetetlen.<\/p>\n<p><iframe title=\"motoros sim\u00edt\u00f3, k\u00e9zi nyom\u00f3 motoros sim\u00edt\u00f3, sim\u00edt\u00f3, beton #sim\u00edt\u00f3 #powertrowe#concrete\" width=\"720\" height=\"405\" src=\"https:\/\/www.youtube.com\/embed\/pa6AuNhMrwI?feature=oembed\" frameborder=\"0\" allow=\"accelerometer; autoplay; clipboard-write; encrypted-media; gyroscope; picture-in-picture; web-share\" referrerpolicy=\"strict-origin-when-cross-origin\" allowfullscreen><\/iframe><\/p>","protected":false},"excerpt":{"rendered":"<p>A PTH-C100B d\u00edzel\u00fczem\u0171 sim\u00edt\u00f3 100 cm-es lefedetts\u00e9ggel, robusztus tart\u00f3ss\u00e1ggal \u00e9s hat\u00e9kony f\u00f6d\u00e9mkik\u00e9sz\u00edt\u00e9ssel rendelkezik a k\u00fclt\u00e9ri \u00e9s ipari betonprojektekhez.<\/p>","protected":false},"featured_media":9218,"template":"","meta":{"_kad_post_transparent":"default","_kad_post_title":"","_kad_post_layout":"default","_kad_post_sidebar_id":"","_kad_post_content_style":"default","_kad_post_vertical_padding":"default","_kad_post_feature":"","_kad_post_feature_position":"","_kad_post_header":false,"_kad_post_footer":false},"product_brand":[],"product_cat":[55],"product_tag":[1084,1083,1087,1081,1086,1085,1089,1088,1090,1082],"class_list":{"0":"post-9217","1":"product","2":"type-product","3":"status-publish","4":"has-post-thumbnail","6":"product_cat-walk-behind-power-trowel","7":"product_tag-cement-power-trowel","8":"product_tag-concrete-finishing-trowel","9":"product_tag-concrete-floor-finishing-machine","10":"product_tag-concrete-power-trowel","11":"product_tag-electric-walk-behind-trowel","12":"product_tag-gasoline-power-trowel","13":"product_tag-hand-operated-power-trowel","14":"product_tag-manual-power-trowel","15":"product_tag-walk-behind-concrete-finishing-machine","16":"product_tag-walk-behind-trowel-machine","18":"first","19":"instock","20":"shipping-taxable","21":"product-type-simple","22":"entry","23":"content-bg","24":"loop-entry"},"yoast_head":"<!-- This site is optimized with the Yoast SEO plugin v25.3.1 - https:\/\/yoast.com\/wordpress\/plugins\/seo\/ -->\n<title>Walk-Behind Power Trowel PTH-C100B - HSY Construction Machinery<\/title>\n<meta name=\"description\" content=\"PTH-C100B diesel walk-behind trowel with 100cm diameter delivers durable and efficient finishing for concrete slabs in industrial and outdoor job sites.Walk-Behind Power Trowel PTH-C100B\" \/>\n<meta name=\"robots\" content=\"index, follow, max-snippet:-1, max-image-preview:large, max-video-preview:-1\" \/>\n<link rel=\"canonical\" href=\"https:\/\/www.hsymachinery.com\/hu\/termek\/pth-c100b-jarokepes-simitogep\/\" \/>\n<meta property=\"og:locale\" content=\"hu_HU\" \/>\n<meta property=\"og:type\" content=\"article\" \/>\n<meta property=\"og:title\" content=\"Walk-Behind Power Trowel PTH-C100B - HSY Construction Machinery\" \/>\n<meta property=\"og:description\" content=\"PTH-C100B diesel walk-behind trowel with 100cm diameter delivers durable and efficient finishing for concrete slabs in industrial and outdoor job sites.Walk-Behind Power Trowel PTH-C100B\" \/>\n<meta property=\"og:url\" content=\"https:\/\/www.hsymachinery.com\/hu\/termek\/pth-c100b-jarokepes-simitogep\/\" \/>\n<meta property=\"og:site_name\" content=\"HSY Construction Machinery\" \/>\n<meta property=\"article:modified_time\" content=\"2025-06-28T15:21:44+00:00\" \/>\n<meta property=\"og:image\" content=\"https:\/\/www.hsymachinery.com\/wp-content\/uploads\/2025\/06\/Walk-Behind-Power-Trowel-PTH-C100B.jpg\" \/>\n\t<meta property=\"og:image:width\" content=\"600\" \/>\n\t<meta property=\"og:image:height\" content=\"738\" \/>\n\t<meta property=\"og:image:type\" content=\"image\/jpeg\" \/>\n<meta name=\"twitter:card\" content=\"summary_large_image\" \/>\n<meta name=\"twitter:label1\" content=\"Becs\u00fclt olvas\u00e1si id\u0151\" \/>\n\t<meta name=\"twitter:data1\" content=\"2 perc\" \/>\n<script type=\"application\/ld+json\" class=\"yoast-schema-graph\">{\"@context\":\"https:\/\/schema.org\",\"@graph\":[{\"@type\":\"WebPage\",\"@id\":\"https:\/\/www.hsymachinery.com\/product\/walk-behind-power-trowel-pth-c100b\/\",\"url\":\"https:\/\/www.hsymachinery.com\/product\/walk-behind-power-trowel-pth-c100b\/\",\"name\":\"Walk-Behind Power Trowel PTH-C100B - HSY Construction Machinery\",\"isPartOf\":{\"@id\":\"https:\/\/www.hsymachinery.com\/#website\"},\"primaryImageOfPage\":{\"@id\":\"https:\/\/www.hsymachinery.com\/product\/walk-behind-power-trowel-pth-c100b\/#primaryimage\"},\"image\":{\"@id\":\"https:\/\/www.hsymachinery.com\/product\/walk-behind-power-trowel-pth-c100b\/#primaryimage\"},\"thumbnailUrl\":\"https:\/\/www.hsymachinery.com\/wp-content\/uploads\/2025\/06\/Walk-Behind-Power-Trowel-PTH-C100B.jpg\",\"datePublished\":\"2025-06-18T12:40:26+00:00\",\"dateModified\":\"2025-06-28T15:21:44+00:00\",\"description\":\"PTH-C100B diesel walk-behind trowel with 100cm diameter delivers durable and efficient finishing for concrete slabs in industrial and outdoor job sites.Walk-Behind Power Trowel PTH-C100B\",\"breadcrumb\":{\"@id\":\"https:\/\/www.hsymachinery.com\/product\/walk-behind-power-trowel-pth-c100b\/#breadcrumb\"},\"inLanguage\":\"hu\",\"potentialAction\":[{\"@type\":\"ReadAction\",\"target\":[\"https:\/\/www.hsymachinery.com\/product\/walk-behind-power-trowel-pth-c100b\/\"]}]},{\"@type\":\"ImageObject\",\"inLanguage\":\"hu\",\"@id\":\"https:\/\/www.hsymachinery.com\/product\/walk-behind-power-trowel-pth-c100b\/#primaryimage\",\"url\":\"https:\/\/www.hsymachinery.com\/wp-content\/uploads\/2025\/06\/Walk-Behind-Power-Trowel-PTH-C100B.jpg\",\"contentUrl\":\"https:\/\/www.hsymachinery.com\/wp-content\/uploads\/2025\/06\/Walk-Behind-Power-Trowel-PTH-C100B.jpg\",\"width\":600,\"height\":738},{\"@type\":\"BreadcrumbList\",\"@id\":\"https:\/\/www.hsymachinery.com\/product\/walk-behind-power-trowel-pth-c100b\/#breadcrumb\",\"itemListElement\":[{\"@type\":\"ListItem\",\"position\":1,\"name\":\"home\",\"item\":\"https:\/\/www.hsymachinery.com\/\"},{\"@type\":\"ListItem\",\"position\":2,\"name\":\"products\",\"item\":\"https:\/\/www.hsymachinery.com\/products\/\"},{\"@type\":\"ListItem\",\"position\":3,\"name\":\"Walk-Behind Power Trowel PTH-C100B\"}]},{\"@type\":\"WebSite\",\"@id\":\"https:\/\/www.hsymachinery.com\/#website\",\"url\":\"https:\/\/www.hsymachinery.com\/\",\"name\":\"HSY Construction Machinery\",\"description\":\"HSY Machinery \u2013 A leading China construction machinery supplier, offering a wide range of light construction equipment. Our main products include Rebar Cutting Machine, Rebar Bending Machine, Rebar Stirrup Bending Machine, Rebar Arc Bending Machine, Rebar Straightening Machine, Five-Head Rebar Stirrup Bending Machine, Tamping Rammer, Plate Compactor, Concrete Cutter, Power Trowel, and other construction machinery. We are equipped with advanced CNC machines, and we enforce strict quality inspection standards along with comprehensive after-sales service. If you are interested in our products or services, we warmly welcome your inquiries via message.\",\"publisher\":{\"@id\":\"https:\/\/www.hsymachinery.com\/#organization\"},\"potentialAction\":[{\"@type\":\"SearchAction\",\"target\":{\"@type\":\"EntryPoint\",\"urlTemplate\":\"https:\/\/www.hsymachinery.com\/?s={search_term_string}\"},\"query-input\":{\"@type\":\"PropertyValueSpecification\",\"valueRequired\":true,\"valueName\":\"search_term_string\"}}],\"inLanguage\":\"hu\"},{\"@type\":\"Organization\",\"@id\":\"https:\/\/www.hsymachinery.com\/#organization\",\"name\":\"HSY Construction Machinery\",\"url\":\"https:\/\/www.hsymachinery.com\/\",\"logo\":{\"@type\":\"ImageObject\",\"inLanguage\":\"hu\",\"@id\":\"https:\/\/www.hsymachinery.com\/#\/schema\/logo\/image\/\",\"url\":\"https:\/\/www.hsymachinery.com\/wp-content\/uploads\/2025\/06\/cropped-HSY-machinery.png\",\"contentUrl\":\"https:\/\/www.hsymachinery.com\/wp-content\/uploads\/2025\/06\/cropped-HSY-machinery.png\",\"width\":600,\"height\":240,\"caption\":\"HSY Construction Machinery\"},\"image\":{\"@id\":\"https:\/\/www.hsymachinery.com\/#\/schema\/logo\/image\/\"}}]}<\/script>\n<!-- \/ Yoast SEO plugin. -->","yoast_head_json":{"title":"PTH-C100B j\u00e1r\u00f3keretes sim\u00edt\u00f3g\u00e9p - HSY \u00c9p\u00edt\u0151ipari G\u00e9pgy\u00e1rt\u00e1s","description":"A 100 cm \u00e1tm\u00e9r\u0151j\u0171 PTH-C100B d\u00edzeles, j\u00e1r\u00f3keretes sim\u00edt\u00f3val tart\u00f3s \u00e9s hat\u00e9kony betonlapok befejez\u00e9s\u00e9t v\u00e9gzi ipari \u00e9s k\u00fclt\u00e9ri munkater\u00fcleteken.PTH-C100B j\u00e1r\u00f3keretes sim\u00edt\u00f3val.","robots":{"index":"index","follow":"follow","max-snippet":"max-snippet:-1","max-image-preview":"max-image-preview:large","max-video-preview":"max-video-preview:-1"},"canonical":"https:\/\/www.hsymachinery.com\/hu\/termek\/pth-c100b-jarokepes-simitogep\/","og_locale":"hu_HU","og_type":"article","og_title":"Walk-Behind Power Trowel PTH-C100B - HSY Construction Machinery","og_description":"PTH-C100B diesel walk-behind trowel with 100cm diameter delivers durable and efficient finishing for concrete slabs in industrial and outdoor job sites.Walk-Behind Power Trowel PTH-C100B","og_url":"https:\/\/www.hsymachinery.com\/hu\/termek\/pth-c100b-jarokepes-simitogep\/","og_site_name":"HSY Construction Machinery","article_modified_time":"2025-06-28T15:21:44+00:00","og_image":[{"width":600,"height":738,"url":"https:\/\/www.hsymachinery.com\/wp-content\/uploads\/2025\/06\/Walk-Behind-Power-Trowel-PTH-C100B.jpg","type":"image\/jpeg"}],"twitter_card":"summary_large_image","twitter_misc":{"Becs\u00fclt olvas\u00e1si id\u0151":"2 perc"},"schema":{"@context":"https:\/\/schema.org","@graph":[{"@type":"WebPage","@id":"https:\/\/www.hsymachinery.com\/product\/walk-behind-power-trowel-pth-c100b\/","url":"https:\/\/www.hsymachinery.com\/product\/walk-behind-power-trowel-pth-c100b\/","name":"PTH-C100B j\u00e1r\u00f3keretes sim\u00edt\u00f3g\u00e9p - HSY \u00c9p\u00edt\u0151ipari G\u00e9pgy\u00e1rt\u00e1s","isPartOf":{"@id":"https:\/\/www.hsymachinery.com\/#website"},"primaryImageOfPage":{"@id":"https:\/\/www.hsymachinery.com\/product\/walk-behind-power-trowel-pth-c100b\/#primaryimage"},"image":{"@id":"https:\/\/www.hsymachinery.com\/product\/walk-behind-power-trowel-pth-c100b\/#primaryimage"},"thumbnailUrl":"https:\/\/www.hsymachinery.com\/wp-content\/uploads\/2025\/06\/Walk-Behind-Power-Trowel-PTH-C100B.jpg","datePublished":"2025-06-18T12:40:26+00:00","dateModified":"2025-06-28T15:21:44+00:00","description":"A 100 cm \u00e1tm\u00e9r\u0151j\u0171 PTH-C100B d\u00edzeles, j\u00e1r\u00f3keretes sim\u00edt\u00f3val tart\u00f3s \u00e9s hat\u00e9kony betonlapok befejez\u00e9s\u00e9t v\u00e9gzi ipari \u00e9s k\u00fclt\u00e9ri munkater\u00fcleteken.PTH-C100B j\u00e1r\u00f3keretes sim\u00edt\u00f3val.","breadcrumb":{"@id":"https:\/\/www.hsymachinery.com\/product\/walk-behind-power-trowel-pth-c100b\/#breadcrumb"},"inLanguage":"hu","potentialAction":[{"@type":"ReadAction","target":["https:\/\/www.hsymachinery.com\/product\/walk-behind-power-trowel-pth-c100b\/"]}]},{"@type":"ImageObject","inLanguage":"hu","@id":"https:\/\/www.hsymachinery.com\/product\/walk-behind-power-trowel-pth-c100b\/#primaryimage","url":"https:\/\/www.hsymachinery.com\/wp-content\/uploads\/2025\/06\/Walk-Behind-Power-Trowel-PTH-C100B.jpg","contentUrl":"https:\/\/www.hsymachinery.com\/wp-content\/uploads\/2025\/06\/Walk-Behind-Power-Trowel-PTH-C100B.jpg","width":600,"height":738},{"@type":"BreadcrumbList","@id":"https:\/\/www.hsymachinery.com\/product\/walk-behind-power-trowel-pth-c100b\/#breadcrumb","itemListElement":[{"@type":"ListItem","position":1,"name":"home","item":"https:\/\/www.hsymachinery.com\/"},{"@type":"ListItem","position":2,"name":"products","item":"https:\/\/www.hsymachinery.com\/products\/"},{"@type":"ListItem","position":3,"name":"Walk-Behind Power Trowel PTH-C100B"}]},{"@type":"WebSite","@id":"https:\/\/www.hsymachinery.com\/#website","url":"https:\/\/www.hsymachinery.com\/","name":"HSY \u00e9p\u00edt\u0151ipari g\u00e9pek","description":"HSY Machinery - K\u00edna vezet\u0151 \u00e9p\u00edt\u0151ipari g\u00e9pgy\u00e1rt\u00f3 v\u00e1llalata, amely k\u00f6nny\u0171 \u00e9p\u00edt\u0151ipari berendez\u00e9sek sz\u00e9les v\u00e1laszt\u00e9k\u00e1t k\u00edn\u00e1lja. F\u0151 term\u00e9keink k\u00f6z\u00e9 tartozik az \u00fajj\u00e1\u00e9p\u00edt\u00e9si v\u00e1g\u00f3g\u00e9p, az \u00fajj\u00e1\u00e9p\u00edt\u00e9si hajl\u00edt\u00f3g\u00e9p, az \u00fajj\u00e1\u00e9p\u00edt\u00e9si kengyelhajl\u00edt\u00f3 g\u00e9p, az \u00fajj\u00e1\u00e9p\u00edt\u00e9si \u00edvhajl\u00edt\u00f3 g\u00e9p, az \u00fajj\u00e1\u00e9p\u00edt\u00e9si egyenes\u00edt\u0151 g\u00e9p, az \u00f6tfej\u0171 \u00fajj\u00e1\u00e9p\u00edt\u00e9si kengyelhajl\u00edt\u00f3 g\u00e9p, a d\u00f6ng\u00f6l\u0151 rammer, a lemezkompaktor, a betonv\u00e1g\u00f3, a villanymotoros sim\u00edt\u00f3 \u00e9s m\u00e1s \u00e9p\u00edt\u0151ipari g\u00e9pek. Fejlett CNC-g\u00e9pekkel vagyunk felszerelve, \u00e9s szigor\u00fa min\u0151s\u00e9gellen\u0151rz\u00e9si szabv\u00e1nyokat \u00e9rv\u00e9nyes\u00edt\u00fcnk az \u00e1tfog\u00f3 \u00e9rt\u00e9kes\u00edt\u00e9s ut\u00e1ni szolg\u00e1ltat\u00e1ssal egy\u00fctt. Ha \u00e9rdeklik term\u00e9keink vagy szolg\u00e1ltat\u00e1saink, sz\u00edvesen fogadjuk \u00e9rdekl\u0151d\u00e9s\u00e9t \u00fczenetben.","publisher":{"@id":"https:\/\/www.hsymachinery.com\/#organization"},"potentialAction":[{"@type":"SearchAction","target":{"@type":"EntryPoint","urlTemplate":"https:\/\/www.hsymachinery.com\/?s={search_term_string}"},"query-input":{"@type":"PropertyValueSpecification","valueRequired":true,"valueName":"search_term_string"}}],"inLanguage":"hu"},{"@type":"Organization","@id":"https:\/\/www.hsymachinery.com\/#organization","name":"HSY \u00e9p\u00edt\u0151ipari g\u00e9pek","url":"https:\/\/www.hsymachinery.com\/","logo":{"@type":"ImageObject","inLanguage":"hu","@id":"https:\/\/www.hsymachinery.com\/#\/schema\/logo\/image\/","url":"https:\/\/www.hsymachinery.com\/wp-content\/uploads\/2025\/06\/cropped-HSY-machinery.png","contentUrl":"https:\/\/www.hsymachinery.com\/wp-content\/uploads\/2025\/06\/cropped-HSY-machinery.png","width":600,"height":240,"caption":"HSY Construction Machinery"},"image":{"@id":"https:\/\/www.hsymachinery.com\/#\/schema\/logo\/image\/"}}]}},"_links":{"self":[{"href":"https:\/\/www.hsymachinery.com\/hu\/wp-json\/wp\/v2\/product\/9217","targetHints":{"allow":["GET"]}}],"collection":[{"href":"https:\/\/www.hsymachinery.com\/hu\/wp-json\/wp\/v2\/product"}],"about":[{"href":"https:\/\/www.hsymachinery.com\/hu\/wp-json\/wp\/v2\/types\/product"}],"version-history":[{"count":3,"href":"https:\/\/www.hsymachinery.com\/hu\/wp-json\/wp\/v2\/product\/9217\/revisions"}],"predecessor-version":[{"id":9610,"href":"https:\/\/www.hsymachinery.com\/hu\/wp-json\/wp\/v2\/product\/9217\/revisions\/9610"}],"wp:featuredmedia":[{"embeddable":true,"href":"https:\/\/www.hsymachinery.com\/hu\/wp-json\/wp\/v2\/media\/9218"}],"wp:attachment":[{"href":"https:\/\/www.hsymachinery.com\/hu\/wp-json\/wp\/v2\/media?parent=9217"}],"wp:term":[{"taxonomy":"product_brand","embeddable":true,"href":"https:\/\/www.hsymachinery.com\/hu\/wp-json\/wp\/v2\/product_brand?post=9217"},{"taxonomy":"product_cat","embeddable":true,"href":"https:\/\/www.hsymachinery.com\/hu\/wp-json\/wp\/v2\/product_cat?post=9217"},{"taxonomy":"product_tag","embeddable":true,"href":"https:\/\/www.hsymachinery.com\/hu\/wp-json\/wp\/v2\/product_tag?post=9217"}],"curies":[{"name":"wp","href":"https:\/\/api.w.org\/{rel}","templated":true}]}}