{"id":9214,"date":"2025-06-18T20:39:37","date_gmt":"2025-06-18T12:39:37","guid":{"rendered":"https:\/\/www.hsymachinery.com\/?post_type=product&#038;p=9214"},"modified":"2025-06-28T23:18:26","modified_gmt":"2025-06-28T15:18:26","slug":"jarkalos-simitogep-pth-h100b","status":"publish","type":"product","link":"https:\/\/www.hsymachinery.com\/hu\/termek\/jarkalos-simitogep-pth-h100b\/","title":{"rendered":"PTH-H100B j\u00e1r\u00f3keretes sim\u00edt\u00f3g\u00e9p"},"content":{"rendered":"<h2 data-start=\"166\" data-end=\"208\">PTH-H100B j\u00e1r\u00f3keretes sim\u00edt\u00f3g\u00e9p<\/h2>\n<h3 data-start=\"209\" data-end=\"322\">PTH-H100B benzines beton sim\u00edt\u00f3 | Honda motor | Nagy pontoss\u00e1g\u00fa fel\u00fcletkezel\u00e9s nagym\u00e9ret\u0171 betonlapok sz\u00e1m\u00e1ra<\/h3>\n<h3 data-start=\"329\" data-end=\"437\">Term\u00e9kle\u00edr\u00e1s - Honda-motoros sim\u00edt\u00f3 sim\u00edt\u00f3 a kiv\u00e1l\u00f3 teljes\u00edtm\u00e9ny\u00e9rt nagy betonfel\u00fcleteken<a href=\"https:\/\/www.hsymachinery.com\/hu\/termekek\/jarkalos-simitogep\/\" target=\"_blank\" rel=\"noopener\"><img fetchpriority=\"high\" decoding=\"async\" class=\"wp-image-9215 alignright\" src=\"https:\/\/www.hsymachinery.com\/wp-content\/uploads\/2025\/06\/Walk-Behind-Power-Trowel-PTH-H100B-244x300.jpg\" alt=\"\" width=\"455\" height=\"559\" srcset=\"https:\/\/www.hsymachinery.com\/wp-content\/uploads\/2025\/06\/Walk-Behind-Power-Trowel-PTH-H100B-244x300.jpg 244w, https:\/\/www.hsymachinery.com\/wp-content\/uploads\/2025\/06\/Walk-Behind-Power-Trowel-PTH-H100B.jpg 600w\" sizes=\"(max-width: 455px) 100vw, 455px\" \/><\/a><\/h3>\n<p data-start=\"439\" data-end=\"790\">A <strong data-start=\"443\" data-end=\"481\">PTH-H100B Walk-Behind motoros sim\u00edt\u00f3g\u00e9p<\/strong> egy robusztus \u00e9s \u00fczemanyag-takar\u00e9kos Honda benzinmotorral hajtott, nagy teherb\u00edr\u00e1s\u00fa betonkik\u00e9sz\u00edt\u0151 g\u00e9p. Ez a nagy f\u00f6d\u00e9mmunk\u00e1khoz tervezett modell egyes\u00edti mag\u00e1ban a teljes\u00edtm\u00e9nyt, a pontoss\u00e1got \u00e9s a tart\u00f3ss\u00e1got, \u00edgy a hib\u00e1tlan betonfel\u00fcleteket keres\u0151 professzion\u00e1lis v\u00e1llalkoz\u00f3k els\u0151 sz\u00e1m\u00fa v\u00e1laszt\u00e1sa.<\/p>\n<p data-start=\"792\" data-end=\"1164\">A 100 cm-es sim\u00edt\u00f3\u00e1tm\u00e9r\u0151vel rendelkez\u0151 PTH-H100B lehet\u0151v\u00e9 teszi a kezel\u0151k sz\u00e1m\u00e1ra, hogy sz\u00e9les ter\u00fcleteket fejezzenek be r\u00f6videbb id\u0151 alatt. Az \u00e1ll\u00edthat\u00f3 k\u00e9soszt\u00e1s\u00fa rendszer lehet\u0151v\u00e9 teszi a k\u00f6nny\u0171 \u00e1tmenetet a lebegtet\u00e9sr\u0151l a pol\u00edroz\u00e1sra, \u00e9s minden egyes menetben egyenletes eredm\u00e9nyt biztos\u00edt. A meger\u0151s\u00edtett sebess\u00e9gv\u00e1lt\u00f3 \u00e9s a nagy szil\u00e1rds\u00e1g\u00fa pengekarok hossz\u00fa t\u00e1v\u00fa megb\u00edzhat\u00f3s\u00e1got biztos\u00edtanak, m\u00e9g kem\u00e9ny munkater\u00fcleti k\u00f6r\u00fclm\u00e9nyek k\u00f6z\u00f6tt is.<\/p>\n<p data-start=\"1166\" data-end=\"1499\">A Honda motor emellett z\u00f6kken\u0151mentes, stabil m\u0171k\u00f6d\u00e9st biztos\u00edt alacsonyabb k\u00e1rosanyag-kibocs\u00e1t\u00e1s \u00e9s jobb \u00fczemanyag-hat\u00e9konys\u00e1g mellett. A rezg\u00e9scsillap\u00edt\u00f3 markolattal ell\u00e1tott ergonomikus foganty\u00fa kialak\u00edt\u00e1sa seg\u00edt cs\u00f6kkenteni a kezel\u0151 f\u00e1radts\u00e1g\u00e1t a hossz\u00fa m\u0171szakok sor\u00e1n, az \u00f6sszecsukhat\u00f3 foganty\u00faszerkezet pedig k\u00e9nyelmesebb\u00e9 teszi a sz\u00e1ll\u00edt\u00e1st \u00e9s a t\u00e1rol\u00e1st.<\/p>\n<p data-start=\"1501\" data-end=\"1698\">Ez a modell kiv\u00e9telesen j\u00f3l teljes\u00edt gy\u00e1ri padl\u00f3kon, nagym\u00e9ret\u0171 k\u00fclt\u00e9ri f\u00f6d\u00e9meken, kereskedelmi alapokon \u00e9s parkol\u00f3h\u00e1zakban, ahol a szil\u00e1rds\u00e1g \u00e9s a befejez\u0151 munka konzisztenci\u00e1ja elengedhetetlen.<\/p>\n<h3 data-start=\"1705\" data-end=\"1759\">A PTH-H100B beton sim\u00edt\u00f3 legfontosabb jellemz\u0151i<\/h3>\n<ul data-start=\"1761\" data-end=\"2125\">\n<li data-start=\"1761\" data-end=\"1823\">\n<p data-start=\"1763\" data-end=\"1823\">Er\u0151s Honda motorral felszerelve a stabil teljes\u00edtm\u00e9ny \u00e9rdek\u00e9ben<\/p>\n<\/li>\n<li data-start=\"1824\" data-end=\"1892\">\n<p data-start=\"1826\" data-end=\"1892\">100 cm \u00e1tm\u00e9r\u0151j\u0171 penge a gyors lefedetts\u00e9g \u00e9s egyenletes kidolgoz\u00e1s \u00e9rdek\u00e9ben<\/p>\n<\/li>\n<li data-start=\"1893\" data-end=\"1954\">\n<p data-start=\"1895\" data-end=\"1954\">\u00c1ll\u00edthat\u00f3 lap\u00e1toszt\u00e1si rendszer a fel\u00fcleti text\u00fara szab\u00e1lyoz\u00e1s\u00e1hoz<\/p>\n<\/li>\n<li data-start=\"1955\" data-end=\"2008\">\n<p data-start=\"1957\" data-end=\"2008\">Ergonomikus, rezg\u00e9scsillap\u00edtott foganty\u00fa a felhaszn\u00e1l\u00f3 k\u00e9nyelme \u00e9rdek\u00e9ben<\/p>\n<\/li>\n<li data-start=\"2009\" data-end=\"2065\">\n<p data-start=\"2011\" data-end=\"2065\">Robusztus konstrukci\u00f3 meger\u0151s\u00edtett hajt\u00f3m\u0171vel \u00e9s karokkal<\/p>\n<\/li>\n<li data-start=\"2066\" data-end=\"2125\">\n<p data-start=\"2068\" data-end=\"2125\">A legjobb ipari \u00e9s kereskedelmi f\u00f6d\u00e9mkik\u00e9sz\u00edt\u00e9si feladatokhoz<\/p>\n<\/li>\n<\/ul>\n<h3 data-start=\"2132\" data-end=\"2212\">Alkalmaz\u00e1sok - Nagyszer\u0171 gy\u00e1rakhoz, felhajt\u00f3khoz, rakt\u00e1rakhoz \u00e9s parkol\u00f3teraszokhoz<\/h3>\n<p data-start=\"2214\" data-end=\"2481\">A PTH-H100B ide\u00e1lis az ipari vagy kereskedelmi k\u00f6rnyezetben nagym\u00e9ret\u0171 betonpadl\u00f3kon dolgoz\u00f3 szakemberek sz\u00e1m\u00e1ra. Motorikus teljes\u00edtm\u00e9nye \u00e9s sz\u00e9les lefedetts\u00e9ge alkalmass\u00e1 teszi a nagy volumen\u0171 betonfeldolgoz\u00e1sra, szigor\u00fa hat\u00e1rid\u0151k \u00e9s min\u0151s\u00e9gi el\u0151\u00edr\u00e1sok mellett.<\/p>\n<p><iframe title=\"motoros sim\u00edt\u00f3, k\u00e9zi nyom\u00f3 motoros sim\u00edt\u00f3, sim\u00edt\u00f3, beton #sim\u00edt\u00f3 #powertrowe#concrete\" width=\"720\" height=\"405\" src=\"https:\/\/www.youtube.com\/embed\/pa6AuNhMrwI?feature=oembed\" frameborder=\"0\" allow=\"accelerometer; autoplay; clipboard-write; encrypted-media; gyroscope; picture-in-picture; web-share\" referrerpolicy=\"strict-origin-when-cross-origin\" allowfullscreen><\/iframe><\/p>","protected":false},"excerpt":{"rendered":"<p>A PTH-H100B Honda motoros sim\u00edt\u00f3 lap\u00e1t 100 cm-es peng\u00e9vel sima, tart\u00f3s befejez\u00e9st biztos\u00edt a nagym\u00e9ret\u0171 betonlapokhoz. T\u00f6k\u00e9letes gy\u00e1rakhoz, rakt\u00e1rakhoz \u00e9s parkol\u00f3khoz.<\/p>","protected":false},"featured_media":9215,"template":"","meta":{"_kad_post_transparent":"default","_kad_post_title":"","_kad_post_layout":"default","_kad_post_sidebar_id":"","_kad_post_content_style":"default","_kad_post_vertical_padding":"default","_kad_post_feature":"","_kad_post_feature_position":"","_kad_post_header":false,"_kad_post_footer":false},"product_brand":[],"product_cat":[55],"product_tag":[1084,1083,1087,1081,1086,1085,1089,1088,1090,1082],"class_list":{"0":"post-9214","1":"product","2":"type-product","3":"status-publish","4":"has-post-thumbnail","6":"product_cat-walk-behind-power-trowel","7":"product_tag-cement-power-trowel","8":"product_tag-concrete-finishing-trowel","9":"product_tag-concrete-floor-finishing-machine","10":"product_tag-concrete-power-trowel","11":"product_tag-electric-walk-behind-trowel","12":"product_tag-gasoline-power-trowel","13":"product_tag-hand-operated-power-trowel","14":"product_tag-manual-power-trowel","15":"product_tag-walk-behind-concrete-finishing-machine","16":"product_tag-walk-behind-trowel-machine","18":"first","19":"instock","20":"shipping-taxable","21":"product-type-simple","22":"entry","23":"content-bg","24":"loop-entry"},"yoast_head":"<!-- This site is optimized with the Yoast SEO plugin v25.3.1 - https:\/\/yoast.com\/wordpress\/plugins\/seo\/ -->\n<title>Walk-Behind Power Trowel PTH-H100B - HSY Construction Machinery<\/title>\n<meta name=\"description\" content=\"PTH-H100B walk-behind concrete trowel with Honda engine offers wide 100 cm coverage, fuel efficiency, and durable performance for industrial concrete finishing.Walk-Behind Power Trowel PTH-H100B\" \/>\n<meta name=\"robots\" content=\"index, follow, max-snippet:-1, max-image-preview:large, max-video-preview:-1\" \/>\n<link rel=\"canonical\" href=\"https:\/\/www.hsymachinery.com\/hu\/termek\/jarkalos-simitogep-pth-h100b\/\" \/>\n<meta property=\"og:locale\" content=\"hu_HU\" \/>\n<meta property=\"og:type\" content=\"article\" \/>\n<meta property=\"og:title\" content=\"Walk-Behind Power Trowel PTH-H100B - HSY Construction Machinery\" \/>\n<meta property=\"og:description\" content=\"PTH-H100B walk-behind concrete trowel with Honda engine offers wide 100 cm coverage, fuel efficiency, and durable performance for industrial concrete finishing.Walk-Behind Power Trowel PTH-H100B\" \/>\n<meta property=\"og:url\" content=\"https:\/\/www.hsymachinery.com\/hu\/termek\/jarkalos-simitogep-pth-h100b\/\" \/>\n<meta property=\"og:site_name\" content=\"HSY Construction Machinery\" \/>\n<meta property=\"article:modified_time\" content=\"2025-06-28T15:18:26+00:00\" \/>\n<meta property=\"og:image\" content=\"https:\/\/www.hsymachinery.com\/wp-content\/uploads\/2025\/06\/Walk-Behind-Power-Trowel-PTH-H100B.jpg\" \/>\n\t<meta property=\"og:image:width\" content=\"600\" \/>\n\t<meta property=\"og:image:height\" content=\"738\" \/>\n\t<meta property=\"og:image:type\" content=\"image\/jpeg\" \/>\n<meta name=\"twitter:card\" content=\"summary_large_image\" \/>\n<meta name=\"twitter:label1\" content=\"Becs\u00fclt olvas\u00e1si id\u0151\" \/>\n\t<meta name=\"twitter:data1\" content=\"2 perc\" \/>\n<script type=\"application\/ld+json\" class=\"yoast-schema-graph\">{\"@context\":\"https:\/\/schema.org\",\"@graph\":[{\"@type\":\"WebPage\",\"@id\":\"https:\/\/www.hsymachinery.com\/product\/walk-behind-power-trowel-pth-h100b\/\",\"url\":\"https:\/\/www.hsymachinery.com\/product\/walk-behind-power-trowel-pth-h100b\/\",\"name\":\"Walk-Behind Power Trowel PTH-H100B - HSY Construction Machinery\",\"isPartOf\":{\"@id\":\"https:\/\/www.hsymachinery.com\/#website\"},\"primaryImageOfPage\":{\"@id\":\"https:\/\/www.hsymachinery.com\/product\/walk-behind-power-trowel-pth-h100b\/#primaryimage\"},\"image\":{\"@id\":\"https:\/\/www.hsymachinery.com\/product\/walk-behind-power-trowel-pth-h100b\/#primaryimage\"},\"thumbnailUrl\":\"https:\/\/www.hsymachinery.com\/wp-content\/uploads\/2025\/06\/Walk-Behind-Power-Trowel-PTH-H100B.jpg\",\"datePublished\":\"2025-06-18T12:39:37+00:00\",\"dateModified\":\"2025-06-28T15:18:26+00:00\",\"description\":\"PTH-H100B walk-behind concrete trowel with Honda engine offers wide 100 cm coverage, fuel efficiency, and durable performance for industrial concrete finishing.Walk-Behind Power Trowel PTH-H100B\",\"breadcrumb\":{\"@id\":\"https:\/\/www.hsymachinery.com\/product\/walk-behind-power-trowel-pth-h100b\/#breadcrumb\"},\"inLanguage\":\"hu\",\"potentialAction\":[{\"@type\":\"ReadAction\",\"target\":[\"https:\/\/www.hsymachinery.com\/product\/walk-behind-power-trowel-pth-h100b\/\"]}]},{\"@type\":\"ImageObject\",\"inLanguage\":\"hu\",\"@id\":\"https:\/\/www.hsymachinery.com\/product\/walk-behind-power-trowel-pth-h100b\/#primaryimage\",\"url\":\"https:\/\/www.hsymachinery.com\/wp-content\/uploads\/2025\/06\/Walk-Behind-Power-Trowel-PTH-H100B.jpg\",\"contentUrl\":\"https:\/\/www.hsymachinery.com\/wp-content\/uploads\/2025\/06\/Walk-Behind-Power-Trowel-PTH-H100B.jpg\",\"width\":600,\"height\":738},{\"@type\":\"BreadcrumbList\",\"@id\":\"https:\/\/www.hsymachinery.com\/product\/walk-behind-power-trowel-pth-h100b\/#breadcrumb\",\"itemListElement\":[{\"@type\":\"ListItem\",\"position\":1,\"name\":\"home\",\"item\":\"https:\/\/www.hsymachinery.com\/\"},{\"@type\":\"ListItem\",\"position\":2,\"name\":\"products\",\"item\":\"https:\/\/www.hsymachinery.com\/products\/\"},{\"@type\":\"ListItem\",\"position\":3,\"name\":\"Walk-Behind Power Trowel PTH-H100B\"}]},{\"@type\":\"WebSite\",\"@id\":\"https:\/\/www.hsymachinery.com\/#website\",\"url\":\"https:\/\/www.hsymachinery.com\/\",\"name\":\"HSY Construction Machinery\",\"description\":\"HSY Machinery \u2013 A leading China construction machinery supplier, offering a wide range of light construction equipment. Our main products include Rebar Cutting Machine, Rebar Bending Machine, Rebar Stirrup Bending Machine, Rebar Arc Bending Machine, Rebar Straightening Machine, Five-Head Rebar Stirrup Bending Machine, Tamping Rammer, Plate Compactor, Concrete Cutter, Power Trowel, and other construction machinery. We are equipped with advanced CNC machines, and we enforce strict quality inspection standards along with comprehensive after-sales service. If you are interested in our products or services, we warmly welcome your inquiries via message.\",\"publisher\":{\"@id\":\"https:\/\/www.hsymachinery.com\/#organization\"},\"potentialAction\":[{\"@type\":\"SearchAction\",\"target\":{\"@type\":\"EntryPoint\",\"urlTemplate\":\"https:\/\/www.hsymachinery.com\/?s={search_term_string}\"},\"query-input\":{\"@type\":\"PropertyValueSpecification\",\"valueRequired\":true,\"valueName\":\"search_term_string\"}}],\"inLanguage\":\"hu\"},{\"@type\":\"Organization\",\"@id\":\"https:\/\/www.hsymachinery.com\/#organization\",\"name\":\"HSY Construction Machinery\",\"url\":\"https:\/\/www.hsymachinery.com\/\",\"logo\":{\"@type\":\"ImageObject\",\"inLanguage\":\"hu\",\"@id\":\"https:\/\/www.hsymachinery.com\/#\/schema\/logo\/image\/\",\"url\":\"https:\/\/www.hsymachinery.com\/wp-content\/uploads\/2025\/06\/cropped-HSY-machinery.png\",\"contentUrl\":\"https:\/\/www.hsymachinery.com\/wp-content\/uploads\/2025\/06\/cropped-HSY-machinery.png\",\"width\":600,\"height\":240,\"caption\":\"HSY Construction Machinery\"},\"image\":{\"@id\":\"https:\/\/www.hsymachinery.com\/#\/schema\/logo\/image\/\"}}]}<\/script>\n<!-- \/ Yoast SEO plugin. -->","yoast_head_json":{"title":"PTH-H100B j\u00e1r\u00f3keretes sim\u00edt\u00f3g\u00e9p - HSY \u00c9p\u00edt\u0151ipari G\u00e9pgy\u00e1rt\u00e1s","description":"A PTH-H100B j\u00e1r\u00f3keretes beton sim\u00edt\u00f3 Honda motorral sz\u00e9les, 100 cm-es lefedetts\u00e9get, \u00fczemanyag-hat\u00e9konys\u00e1got \u00e9s tart\u00f3s teljes\u00edtm\u00e9nyt k\u00edn\u00e1l az ipari beton befejez\u00e9s\u00e9hez.PTH-H100B j\u00e1r\u00f3keretes beton sim\u00edt\u00f3 g\u00e9p.","robots":{"index":"index","follow":"follow","max-snippet":"max-snippet:-1","max-image-preview":"max-image-preview:large","max-video-preview":"max-video-preview:-1"},"canonical":"https:\/\/www.hsymachinery.com\/hu\/termek\/jarkalos-simitogep-pth-h100b\/","og_locale":"hu_HU","og_type":"article","og_title":"Walk-Behind Power Trowel PTH-H100B - HSY Construction Machinery","og_description":"PTH-H100B walk-behind concrete trowel with Honda engine offers wide 100 cm coverage, fuel efficiency, and durable performance for industrial concrete finishing.Walk-Behind Power Trowel PTH-H100B","og_url":"https:\/\/www.hsymachinery.com\/hu\/termek\/jarkalos-simitogep-pth-h100b\/","og_site_name":"HSY Construction Machinery","article_modified_time":"2025-06-28T15:18:26+00:00","og_image":[{"width":600,"height":738,"url":"https:\/\/www.hsymachinery.com\/wp-content\/uploads\/2025\/06\/Walk-Behind-Power-Trowel-PTH-H100B.jpg","type":"image\/jpeg"}],"twitter_card":"summary_large_image","twitter_misc":{"Becs\u00fclt olvas\u00e1si id\u0151":"2 perc"},"schema":{"@context":"https:\/\/schema.org","@graph":[{"@type":"WebPage","@id":"https:\/\/www.hsymachinery.com\/product\/walk-behind-power-trowel-pth-h100b\/","url":"https:\/\/www.hsymachinery.com\/product\/walk-behind-power-trowel-pth-h100b\/","name":"PTH-H100B j\u00e1r\u00f3keretes sim\u00edt\u00f3g\u00e9p - HSY \u00c9p\u00edt\u0151ipari G\u00e9pgy\u00e1rt\u00e1s","isPartOf":{"@id":"https:\/\/www.hsymachinery.com\/#website"},"primaryImageOfPage":{"@id":"https:\/\/www.hsymachinery.com\/product\/walk-behind-power-trowel-pth-h100b\/#primaryimage"},"image":{"@id":"https:\/\/www.hsymachinery.com\/product\/walk-behind-power-trowel-pth-h100b\/#primaryimage"},"thumbnailUrl":"https:\/\/www.hsymachinery.com\/wp-content\/uploads\/2025\/06\/Walk-Behind-Power-Trowel-PTH-H100B.jpg","datePublished":"2025-06-18T12:39:37+00:00","dateModified":"2025-06-28T15:18:26+00:00","description":"A PTH-H100B j\u00e1r\u00f3keretes beton sim\u00edt\u00f3 Honda motorral sz\u00e9les, 100 cm-es lefedetts\u00e9get, \u00fczemanyag-hat\u00e9konys\u00e1got \u00e9s tart\u00f3s teljes\u00edtm\u00e9nyt k\u00edn\u00e1l az ipari beton befejez\u00e9s\u00e9hez.PTH-H100B j\u00e1r\u00f3keretes beton sim\u00edt\u00f3 g\u00e9p.","breadcrumb":{"@id":"https:\/\/www.hsymachinery.com\/product\/walk-behind-power-trowel-pth-h100b\/#breadcrumb"},"inLanguage":"hu","potentialAction":[{"@type":"ReadAction","target":["https:\/\/www.hsymachinery.com\/product\/walk-behind-power-trowel-pth-h100b\/"]}]},{"@type":"ImageObject","inLanguage":"hu","@id":"https:\/\/www.hsymachinery.com\/product\/walk-behind-power-trowel-pth-h100b\/#primaryimage","url":"https:\/\/www.hsymachinery.com\/wp-content\/uploads\/2025\/06\/Walk-Behind-Power-Trowel-PTH-H100B.jpg","contentUrl":"https:\/\/www.hsymachinery.com\/wp-content\/uploads\/2025\/06\/Walk-Behind-Power-Trowel-PTH-H100B.jpg","width":600,"height":738},{"@type":"BreadcrumbList","@id":"https:\/\/www.hsymachinery.com\/product\/walk-behind-power-trowel-pth-h100b\/#breadcrumb","itemListElement":[{"@type":"ListItem","position":1,"name":"home","item":"https:\/\/www.hsymachinery.com\/"},{"@type":"ListItem","position":2,"name":"products","item":"https:\/\/www.hsymachinery.com\/products\/"},{"@type":"ListItem","position":3,"name":"Walk-Behind Power Trowel PTH-H100B"}]},{"@type":"WebSite","@id":"https:\/\/www.hsymachinery.com\/#website","url":"https:\/\/www.hsymachinery.com\/","name":"HSY \u00e9p\u00edt\u0151ipari g\u00e9pek","description":"HSY Machinery - K\u00edna vezet\u0151 \u00e9p\u00edt\u0151ipari g\u00e9pgy\u00e1rt\u00f3 v\u00e1llalata, amely k\u00f6nny\u0171 \u00e9p\u00edt\u0151ipari berendez\u00e9sek sz\u00e9les v\u00e1laszt\u00e9k\u00e1t k\u00edn\u00e1lja. F\u0151 term\u00e9keink k\u00f6z\u00e9 tartozik az \u00fajj\u00e1\u00e9p\u00edt\u00e9si v\u00e1g\u00f3g\u00e9p, az \u00fajj\u00e1\u00e9p\u00edt\u00e9si hajl\u00edt\u00f3g\u00e9p, az \u00fajj\u00e1\u00e9p\u00edt\u00e9si kengyelhajl\u00edt\u00f3 g\u00e9p, az \u00fajj\u00e1\u00e9p\u00edt\u00e9si \u00edvhajl\u00edt\u00f3 g\u00e9p, az \u00fajj\u00e1\u00e9p\u00edt\u00e9si egyenes\u00edt\u0151 g\u00e9p, az \u00f6tfej\u0171 \u00fajj\u00e1\u00e9p\u00edt\u00e9si kengyelhajl\u00edt\u00f3 g\u00e9p, a d\u00f6ng\u00f6l\u0151 rammer, a lemezkompaktor, a betonv\u00e1g\u00f3, a villanymotoros sim\u00edt\u00f3 \u00e9s m\u00e1s \u00e9p\u00edt\u0151ipari g\u00e9pek. Fejlett CNC-g\u00e9pekkel vagyunk felszerelve, \u00e9s szigor\u00fa min\u0151s\u00e9gellen\u0151rz\u00e9si szabv\u00e1nyokat \u00e9rv\u00e9nyes\u00edt\u00fcnk az \u00e1tfog\u00f3 \u00e9rt\u00e9kes\u00edt\u00e9s ut\u00e1ni szolg\u00e1ltat\u00e1ssal egy\u00fctt. Ha \u00e9rdeklik term\u00e9keink vagy szolg\u00e1ltat\u00e1saink, sz\u00edvesen fogadjuk \u00e9rdekl\u0151d\u00e9s\u00e9t \u00fczenetben.","publisher":{"@id":"https:\/\/www.hsymachinery.com\/#organization"},"potentialAction":[{"@type":"SearchAction","target":{"@type":"EntryPoint","urlTemplate":"https:\/\/www.hsymachinery.com\/?s={search_term_string}"},"query-input":{"@type":"PropertyValueSpecification","valueRequired":true,"valueName":"search_term_string"}}],"inLanguage":"hu"},{"@type":"Organization","@id":"https:\/\/www.hsymachinery.com\/#organization","name":"HSY \u00e9p\u00edt\u0151ipari g\u00e9pek","url":"https:\/\/www.hsymachinery.com\/","logo":{"@type":"ImageObject","inLanguage":"hu","@id":"https:\/\/www.hsymachinery.com\/#\/schema\/logo\/image\/","url":"https:\/\/www.hsymachinery.com\/wp-content\/uploads\/2025\/06\/cropped-HSY-machinery.png","contentUrl":"https:\/\/www.hsymachinery.com\/wp-content\/uploads\/2025\/06\/cropped-HSY-machinery.png","width":600,"height":240,"caption":"HSY Construction Machinery"},"image":{"@id":"https:\/\/www.hsymachinery.com\/#\/schema\/logo\/image\/"}}]}},"_links":{"self":[{"href":"https:\/\/www.hsymachinery.com\/hu\/wp-json\/wp\/v2\/product\/9214","targetHints":{"allow":["GET"]}}],"collection":[{"href":"https:\/\/www.hsymachinery.com\/hu\/wp-json\/wp\/v2\/product"}],"about":[{"href":"https:\/\/www.hsymachinery.com\/hu\/wp-json\/wp\/v2\/types\/product"}],"version-history":[{"count":3,"href":"https:\/\/www.hsymachinery.com\/hu\/wp-json\/wp\/v2\/product\/9214\/revisions"}],"predecessor-version":[{"id":9608,"href":"https:\/\/www.hsymachinery.com\/hu\/wp-json\/wp\/v2\/product\/9214\/revisions\/9608"}],"wp:featuredmedia":[{"embeddable":true,"href":"https:\/\/www.hsymachinery.com\/hu\/wp-json\/wp\/v2\/media\/9215"}],"wp:attachment":[{"href":"https:\/\/www.hsymachinery.com\/hu\/wp-json\/wp\/v2\/media?parent=9214"}],"wp:term":[{"taxonomy":"product_brand","embeddable":true,"href":"https:\/\/www.hsymachinery.com\/hu\/wp-json\/wp\/v2\/product_brand?post=9214"},{"taxonomy":"product_cat","embeddable":true,"href":"https:\/\/www.hsymachinery.com\/hu\/wp-json\/wp\/v2\/product_cat?post=9214"},{"taxonomy":"product_tag","embeddable":true,"href":"https:\/\/www.hsymachinery.com\/hu\/wp-json\/wp\/v2\/product_tag?post=9214"}],"curies":[{"name":"wp","href":"https:\/\/api.w.org\/{rel}","templated":true}]}}