{"id":9208,"date":"2025-06-18T20:36:05","date_gmt":"2025-06-18T12:36:05","guid":{"rendered":"https:\/\/www.hsymachinery.com\/?post_type=product&#038;p=9208"},"modified":"2025-06-28T23:11:21","modified_gmt":"2025-06-28T15:11:21","slug":"jarkalos-simitogep-pth-l60s","status":"publish","type":"product","link":"https:\/\/www.hsymachinery.com\/hu\/termek\/jarkalos-simitogep-pth-l60s\/","title":{"rendered":"PTH-L60S j\u00e1r\u00f3keretes sim\u00edt\u00f3g\u00e9p"},"content":{"rendered":"<h2 data-start=\"150\" data-end=\"191\">PTH-L60S j\u00e1r\u00f3keretes sim\u00edt\u00f3g\u00e9p<\/h2>\n<h3 data-start=\"192\" data-end=\"290\">PTH-L60S kompakt benzines beton sim\u00edt\u00f3 | Longxin-Powered precizit\u00e1s kis f\u00f6d\u00e9mek befejez\u00e9s\u00e9hez<\/h3>\n<h3 data-start=\"297\" data-end=\"388\">Term\u00e9kle\u00edr\u00e1s - Kompakt Longxin benzines sim\u00edt\u00f3 sz\u0171k helyekre \u00e9s szeg\u00e9lymunk\u00e1khoz<a href=\"https:\/\/www.hsymachinery.com\/hu\/termekek\/jarkalos-simitogep\/\" target=\"_blank\" rel=\"noopener\"><img fetchpriority=\"high\" decoding=\"async\" class=\"wp-image-9209 alignright\" src=\"https:\/\/www.hsymachinery.com\/wp-content\/uploads\/2025\/06\/Walk-Behind-Power-Trowel-PTH-L60S-244x300.jpg\" alt=\"\" width=\"451\" height=\"555\" srcset=\"https:\/\/www.hsymachinery.com\/wp-content\/uploads\/2025\/06\/Walk-Behind-Power-Trowel-PTH-L60S-244x300.jpg 244w, https:\/\/www.hsymachinery.com\/wp-content\/uploads\/2025\/06\/Walk-Behind-Power-Trowel-PTH-L60S.jpg 600w\" sizes=\"(max-width: 451px) 100vw, 451px\" \/><\/a><\/h3>\n<p data-start=\"390\" data-end=\"741\">A <strong data-start=\"394\" data-end=\"431\">PTH-L60S Walk-Behind motoros sim\u00edt\u00f3g\u00e9p<\/strong> egy kompakt, megb\u00edzhat\u00f3 Longxin benzinmotorral felszerelt, kompakt betonkik\u00e9sz\u00edt\u0151 szersz\u00e1m, amelyet kifejezetten kis f\u00f6d\u00e9mfel\u00fcletekre, sz\u0171k sarkokra \u00e9s szeg\u00e9lyz\u00f3n\u00e1kra terveztek. K\u00f6nny\u0171 szerkezete \u00e9s prec\u00edz k\u00e9svez\u00e9rl\u00e9se r\u00e9v\u00e9n ide\u00e1lis a r\u00e9szletes befejez\u00e9shez, ahov\u00e1 a nagyobb g\u00e9pek nem \u00e9rnek el.<\/p>\n<p data-start=\"743\" data-end=\"1045\">A 60 cm-es sim\u00edt\u00f3 \u00e1tm\u00e9r\u0151j\u0171 PTH-L60S kiv\u00e1l\u00f3 man\u0151verezhet\u0151s\u00e9get biztos\u00edt, mik\u00f6zben sima \u00e9s professzion\u00e1lis kivitelez\u00e9st biztos\u00edt. A penge \u00e1ll\u00e1ssz\u00f6g\u00e9nek be\u00e1ll\u00edt\u00e1sa lehet\u0151v\u00e9 teszi a kezel\u0151k sz\u00e1m\u00e1ra, hogy z\u00f6kken\u0151mentesen v\u00e1ltsanak a kezdeti \u00fasztat\u00e1st\u00f3l a v\u00e9gs\u0151 csiszol\u00e1sig. Ennek eredm\u00e9nyek\u00e9nt minden munka sor\u00e1n egyenletes fel\u00fcleti min\u0151s\u00e9get kap.<\/p>\n<p data-start=\"1047\" data-end=\"1392\">Ezenk\u00edv\u00fcl ez a modell kompakt v\u00e1zzal, rezg\u00e9scsillap\u00edt\u00f3 \u00f6sszecsukhat\u00f3 foganty\u00faval \u00e9s meger\u0151s\u00edtett biztons\u00e1gi gy\u0171r\u0171vel rendelkezik, hogy biztos\u00edtsa a kezel\u0151 k\u00e9nyelm\u00e9t \u00e9s a szerkezeti biztons\u00e1got. A Longxin benzinmotor megb\u00edzhat\u00f3 teljes\u00edtm\u00e9nyt biztos\u00edt hat\u00e9kony \u00fczemanyag-fogyaszt\u00e1s mellett, \u00edgy ez a sim\u00edt\u00f3 ide\u00e1lis a kisebb \u00e9p\u00edtkez\u00e9seken val\u00f3 napi haszn\u00e1latra.<\/p>\n<p data-start=\"1394\" data-end=\"1609\">Tov\u00e1bb\u00e1, kompakt jelleg\u00e9nek k\u00f6sz\u00f6nhet\u0151en a PTH-L60S sz\u00e9les k\u00f6rben haszn\u00e1lhat\u00f3 gar\u00e1zsok, torn\u00e1cok, keskeny folyos\u00f3k \u00e9s j\u00e1rdalapok betonoz\u00e1s\u00e1ra, ahol a hely korl\u00e1tozott \u00e9s a pontoss\u00e1g kritikus.<\/p>\n<h3 data-start=\"1616\" data-end=\"1669\">A PTH-L60S benzinmotoros sim\u00edt\u00f3 legfontosabb jellemz\u0151i<\/h3>\n<ul data-start=\"1671\" data-end=\"2069\">\n<li data-start=\"1671\" data-end=\"1740\">\n<p data-start=\"1673\" data-end=\"1740\">Longxin benzinmotor az er\u0151s, stabil teljes\u00edtm\u00e9ny \u00e9rdek\u00e9ben<\/p>\n<\/li>\n<li data-start=\"1741\" data-end=\"1803\">\n<p data-start=\"1743\" data-end=\"1803\">60 cm-es munka\u00e1tm\u00e9r\u0151, ide\u00e1lis kis vagy sz\u0171k f\u00f6d\u00e9mter\u00fcletekhez<\/p>\n<\/li>\n<li data-start=\"1804\" data-end=\"1868\">\n<p data-start=\"1806\" data-end=\"1868\">\u00c1ll\u00edthat\u00f3 k\u00e9soszt\u00e1s a lebegtet\u00e9si \u00e9s pol\u00edroz\u00e1si m\u0171veletekhez<\/p>\n<\/li>\n<li data-start=\"1869\" data-end=\"1939\">\n<p data-start=\"1871\" data-end=\"1939\">\u00d6sszecsukhat\u00f3 ergonomikus foganty\u00fa cs\u00f6kkenti a f\u00e1radts\u00e1got \u00e9s egyszer\u0171s\u00edti a sz\u00e1ll\u00edt\u00e1st<\/p>\n<\/li>\n<li data-start=\"1940\" data-end=\"2001\">\n<p data-start=\"1942\" data-end=\"2001\">A kompakt keret jav\u00edtja a man\u0151verezhet\u0151s\u00e9get sz\u0171k helyeken<\/p>\n<\/li>\n<li data-start=\"2002\" data-end=\"2069\">\n<p data-start=\"2004\" data-end=\"2069\">T\u00f6k\u00e9letes szeg\u00e9lyez\u00e9shez, kis betonlapokhoz \u00e9s r\u00e9szletes betonkik\u00e9sz\u00edt\u00e9shez.<\/p>\n<\/li>\n<\/ul>\n<h3 data-start=\"2076\" data-end=\"2164\">Alkalmaz\u00e1sok - Ide\u00e1lis gar\u00e1zsokhoz, lak\u00f3h\u00e1zakhoz, j\u00e1rd\u00e1khoz \u00e9s sz\u0171k sarkokhoz.<\/h3>\n<p data-start=\"2166\" data-end=\"2483\">A PTH-L60S k\u00fcl\u00f6n\u00f6sen alkalmas lak\u00f3telepi f\u00f6d\u00e9mek, felhajt\u00f3k, beton szeg\u00e9lyek, valamint oszlopok \u00e9s falak k\u00f6r\u00fcli szeg\u00e9lymunk\u00e1k befejez\u00e9s\u00e9re. K\u00f6nny\u0171 fel\u00e9p\u00edt\u00e9se \u00e9s pontos vez\u00e9rl\u00e9se miatt a szakemberek gyakran v\u00e1lasztj\u00e1k ezt a modellt a v\u00e1rosi \u00e9p\u00edtkez\u00e9seken vagy fel\u00faj\u00edt\u00e1si projektekben v\u00e9gzett befejez\u0151 feladatokhoz.<\/p>\n<p data-start=\"2485\" data-end=\"2597\">Ennek eredm\u00e9nyek\u00e9nt ez a modell t\u00f6k\u00e9letes egyens\u00falyt teremt a hordozhat\u00f3s\u00e1g, a teljes\u00edtm\u00e9ny \u00e9s a pontoss\u00e1g k\u00f6z\u00f6tt.<\/p>\n<p><iframe title=\"motoros sim\u00edt\u00f3, k\u00e9zi nyom\u00f3 motoros sim\u00edt\u00f3, sim\u00edt\u00f3, beton #sim\u00edt\u00f3 #powertrowe#concrete\" width=\"720\" height=\"405\" src=\"https:\/\/www.youtube.com\/embed\/pa6AuNhMrwI?feature=oembed\" frameborder=\"0\" allow=\"accelerometer; autoplay; clipboard-write; encrypted-media; gyroscope; picture-in-picture; web-share\" referrerpolicy=\"strict-origin-when-cross-origin\" allowfullscreen><\/iframe><\/p>","protected":false},"excerpt":{"rendered":"<p>A PTH-L60S kompakt motoros sim\u00edt\u00f3g\u00e9p Longxin motorral sima, pontos befejez\u00e9st biztos\u00edt kis vagy sz\u0171k betonlapokn\u00e1l. Ide\u00e1lis szeg\u00e9lyez\u00e9shez \u00e9s prec\u00edzi\u00f3s munk\u00e1khoz.<\/p>","protected":false},"featured_media":9209,"template":"","meta":{"_kad_post_transparent":"default","_kad_post_title":"","_kad_post_layout":"default","_kad_post_sidebar_id":"","_kad_post_content_style":"default","_kad_post_vertical_padding":"default","_kad_post_feature":"","_kad_post_feature_position":"","_kad_post_header":false,"_kad_post_footer":false},"product_brand":[],"product_cat":[55],"product_tag":[1084,1083,1087,1081,1086,1085,1089,1088,1090,1082],"class_list":{"0":"post-9208","1":"product","2":"type-product","3":"status-publish","4":"has-post-thumbnail","6":"product_cat-walk-behind-power-trowel","7":"product_tag-cement-power-trowel","8":"product_tag-concrete-finishing-trowel","9":"product_tag-concrete-floor-finishing-machine","10":"product_tag-concrete-power-trowel","11":"product_tag-electric-walk-behind-trowel","12":"product_tag-gasoline-power-trowel","13":"product_tag-hand-operated-power-trowel","14":"product_tag-manual-power-trowel","15":"product_tag-walk-behind-concrete-finishing-machine","16":"product_tag-walk-behind-trowel-machine","18":"first","19":"instock","20":"shipping-taxable","21":"product-type-simple","22":"entry","23":"content-bg","24":"loop-entry"},"yoast_head":"<!-- This site is optimized with the Yoast SEO plugin v25.3.1 - https:\/\/yoast.com\/wordpress\/plugins\/seo\/ -->\n<title>Walk-Behind Power Trowel PTH-L60S - HSY Construction Machinery<\/title>\n<meta name=\"description\" content=\"PTH-L60S compact concrete trowel with Longxin engine offers precise slab finishing in tight areas. Ideal for garages, sidewalks, and detailed edge work.\" \/>\n<meta name=\"robots\" content=\"index, follow, max-snippet:-1, max-image-preview:large, max-video-preview:-1\" \/>\n<link rel=\"canonical\" href=\"https:\/\/www.hsymachinery.com\/hu\/termek\/jarkalos-simitogep-pth-l60s\/\" \/>\n<meta property=\"og:locale\" content=\"hu_HU\" \/>\n<meta property=\"og:type\" content=\"article\" \/>\n<meta property=\"og:title\" content=\"Walk-Behind Power Trowel PTH-L60S - HSY Construction Machinery\" \/>\n<meta property=\"og:description\" content=\"PTH-L60S compact concrete trowel with Longxin engine offers precise slab finishing in tight areas. Ideal for garages, sidewalks, and detailed edge work.\" \/>\n<meta property=\"og:url\" content=\"https:\/\/www.hsymachinery.com\/hu\/termek\/jarkalos-simitogep-pth-l60s\/\" \/>\n<meta property=\"og:site_name\" content=\"HSY Construction Machinery\" \/>\n<meta property=\"article:modified_time\" content=\"2025-06-28T15:11:21+00:00\" \/>\n<meta property=\"og:image\" content=\"https:\/\/www.hsymachinery.com\/wp-content\/uploads\/2025\/06\/Walk-Behind-Power-Trowel-PTH-L60S.jpg\" \/>\n\t<meta property=\"og:image:width\" content=\"600\" \/>\n\t<meta property=\"og:image:height\" content=\"738\" \/>\n\t<meta property=\"og:image:type\" content=\"image\/jpeg\" \/>\n<meta name=\"twitter:card\" content=\"summary_large_image\" \/>\n<meta name=\"twitter:label1\" content=\"Becs\u00fclt olvas\u00e1si id\u0151\" \/>\n\t<meta name=\"twitter:data1\" content=\"2 perc\" \/>\n<script type=\"application\/ld+json\" class=\"yoast-schema-graph\">{\"@context\":\"https:\/\/schema.org\",\"@graph\":[{\"@type\":\"WebPage\",\"@id\":\"https:\/\/www.hsymachinery.com\/product\/walk-behind-power-trowel-pth-l60s\/\",\"url\":\"https:\/\/www.hsymachinery.com\/product\/walk-behind-power-trowel-pth-l60s\/\",\"name\":\"Walk-Behind Power Trowel PTH-L60S - HSY Construction Machinery\",\"isPartOf\":{\"@id\":\"https:\/\/www.hsymachinery.com\/#website\"},\"primaryImageOfPage\":{\"@id\":\"https:\/\/www.hsymachinery.com\/product\/walk-behind-power-trowel-pth-l60s\/#primaryimage\"},\"image\":{\"@id\":\"https:\/\/www.hsymachinery.com\/product\/walk-behind-power-trowel-pth-l60s\/#primaryimage\"},\"thumbnailUrl\":\"https:\/\/www.hsymachinery.com\/wp-content\/uploads\/2025\/06\/Walk-Behind-Power-Trowel-PTH-L60S.jpg\",\"datePublished\":\"2025-06-18T12:36:05+00:00\",\"dateModified\":\"2025-06-28T15:11:21+00:00\",\"description\":\"PTH-L60S compact concrete trowel with Longxin engine offers precise slab finishing in tight areas. Ideal for garages, sidewalks, and detailed edge work.\",\"breadcrumb\":{\"@id\":\"https:\/\/www.hsymachinery.com\/product\/walk-behind-power-trowel-pth-l60s\/#breadcrumb\"},\"inLanguage\":\"hu\",\"potentialAction\":[{\"@type\":\"ReadAction\",\"target\":[\"https:\/\/www.hsymachinery.com\/product\/walk-behind-power-trowel-pth-l60s\/\"]}]},{\"@type\":\"ImageObject\",\"inLanguage\":\"hu\",\"@id\":\"https:\/\/www.hsymachinery.com\/product\/walk-behind-power-trowel-pth-l60s\/#primaryimage\",\"url\":\"https:\/\/www.hsymachinery.com\/wp-content\/uploads\/2025\/06\/Walk-Behind-Power-Trowel-PTH-L60S.jpg\",\"contentUrl\":\"https:\/\/www.hsymachinery.com\/wp-content\/uploads\/2025\/06\/Walk-Behind-Power-Trowel-PTH-L60S.jpg\",\"width\":600,\"height\":738},{\"@type\":\"BreadcrumbList\",\"@id\":\"https:\/\/www.hsymachinery.com\/product\/walk-behind-power-trowel-pth-l60s\/#breadcrumb\",\"itemListElement\":[{\"@type\":\"ListItem\",\"position\":1,\"name\":\"home\",\"item\":\"https:\/\/www.hsymachinery.com\/\"},{\"@type\":\"ListItem\",\"position\":2,\"name\":\"products\",\"item\":\"https:\/\/www.hsymachinery.com\/products\/\"},{\"@type\":\"ListItem\",\"position\":3,\"name\":\"Walk-Behind Power Trowel PTH-L60S\"}]},{\"@type\":\"WebSite\",\"@id\":\"https:\/\/www.hsymachinery.com\/#website\",\"url\":\"https:\/\/www.hsymachinery.com\/\",\"name\":\"HSY Construction Machinery\",\"description\":\"HSY Machinery \u2013 A leading China construction machinery supplier, offering a wide range of light construction equipment. Our main products include Rebar Cutting Machine, Rebar Bending Machine, Rebar Stirrup Bending Machine, Rebar Arc Bending Machine, Rebar Straightening Machine, Five-Head Rebar Stirrup Bending Machine, Tamping Rammer, Plate Compactor, Concrete Cutter, Power Trowel, and other construction machinery. We are equipped with advanced CNC machines, and we enforce strict quality inspection standards along with comprehensive after-sales service. If you are interested in our products or services, we warmly welcome your inquiries via message.\",\"publisher\":{\"@id\":\"https:\/\/www.hsymachinery.com\/#organization\"},\"potentialAction\":[{\"@type\":\"SearchAction\",\"target\":{\"@type\":\"EntryPoint\",\"urlTemplate\":\"https:\/\/www.hsymachinery.com\/?s={search_term_string}\"},\"query-input\":{\"@type\":\"PropertyValueSpecification\",\"valueRequired\":true,\"valueName\":\"search_term_string\"}}],\"inLanguage\":\"hu\"},{\"@type\":\"Organization\",\"@id\":\"https:\/\/www.hsymachinery.com\/#organization\",\"name\":\"HSY Construction Machinery\",\"url\":\"https:\/\/www.hsymachinery.com\/\",\"logo\":{\"@type\":\"ImageObject\",\"inLanguage\":\"hu\",\"@id\":\"https:\/\/www.hsymachinery.com\/#\/schema\/logo\/image\/\",\"url\":\"https:\/\/www.hsymachinery.com\/wp-content\/uploads\/2025\/06\/cropped-HSY-machinery.png\",\"contentUrl\":\"https:\/\/www.hsymachinery.com\/wp-content\/uploads\/2025\/06\/cropped-HSY-machinery.png\",\"width\":600,\"height\":240,\"caption\":\"HSY Construction Machinery\"},\"image\":{\"@id\":\"https:\/\/www.hsymachinery.com\/#\/schema\/logo\/image\/\"}}]}<\/script>\n<!-- \/ Yoast SEO plugin. -->","yoast_head_json":{"title":"PTH-L60S j\u00e1r\u00f3keretes sim\u00edt\u00f3g\u00e9p - HSY \u00c9p\u00edt\u0151ipari g\u00e9pek","description":"A PTH-L60S kompakt beton sim\u00edt\u00f3 a Longxin motorral prec\u00edz f\u00f6d\u00e9mkik\u00e9sz\u00edt\u00e9st biztos\u00edt sz\u0171k helyeken. Ide\u00e1lis gar\u00e1zsokhoz, j\u00e1rd\u00e1khoz \u00e9s r\u00e9szletes szeg\u00e9lymunk\u00e1khoz.","robots":{"index":"index","follow":"follow","max-snippet":"max-snippet:-1","max-image-preview":"max-image-preview:large","max-video-preview":"max-video-preview:-1"},"canonical":"https:\/\/www.hsymachinery.com\/hu\/termek\/jarkalos-simitogep-pth-l60s\/","og_locale":"hu_HU","og_type":"article","og_title":"Walk-Behind Power Trowel PTH-L60S - HSY Construction Machinery","og_description":"PTH-L60S compact concrete trowel with Longxin engine offers precise slab finishing in tight areas. Ideal for garages, sidewalks, and detailed edge work.","og_url":"https:\/\/www.hsymachinery.com\/hu\/termek\/jarkalos-simitogep-pth-l60s\/","og_site_name":"HSY Construction Machinery","article_modified_time":"2025-06-28T15:11:21+00:00","og_image":[{"width":600,"height":738,"url":"https:\/\/www.hsymachinery.com\/wp-content\/uploads\/2025\/06\/Walk-Behind-Power-Trowel-PTH-L60S.jpg","type":"image\/jpeg"}],"twitter_card":"summary_large_image","twitter_misc":{"Becs\u00fclt olvas\u00e1si id\u0151":"2 perc"},"schema":{"@context":"https:\/\/schema.org","@graph":[{"@type":"WebPage","@id":"https:\/\/www.hsymachinery.com\/product\/walk-behind-power-trowel-pth-l60s\/","url":"https:\/\/www.hsymachinery.com\/product\/walk-behind-power-trowel-pth-l60s\/","name":"PTH-L60S j\u00e1r\u00f3keretes sim\u00edt\u00f3g\u00e9p - HSY \u00c9p\u00edt\u0151ipari g\u00e9pek","isPartOf":{"@id":"https:\/\/www.hsymachinery.com\/#website"},"primaryImageOfPage":{"@id":"https:\/\/www.hsymachinery.com\/product\/walk-behind-power-trowel-pth-l60s\/#primaryimage"},"image":{"@id":"https:\/\/www.hsymachinery.com\/product\/walk-behind-power-trowel-pth-l60s\/#primaryimage"},"thumbnailUrl":"https:\/\/www.hsymachinery.com\/wp-content\/uploads\/2025\/06\/Walk-Behind-Power-Trowel-PTH-L60S.jpg","datePublished":"2025-06-18T12:36:05+00:00","dateModified":"2025-06-28T15:11:21+00:00","description":"A PTH-L60S kompakt beton sim\u00edt\u00f3 a Longxin motorral prec\u00edz f\u00f6d\u00e9mkik\u00e9sz\u00edt\u00e9st biztos\u00edt sz\u0171k helyeken. Ide\u00e1lis gar\u00e1zsokhoz, j\u00e1rd\u00e1khoz \u00e9s r\u00e9szletes szeg\u00e9lymunk\u00e1khoz.","breadcrumb":{"@id":"https:\/\/www.hsymachinery.com\/product\/walk-behind-power-trowel-pth-l60s\/#breadcrumb"},"inLanguage":"hu","potentialAction":[{"@type":"ReadAction","target":["https:\/\/www.hsymachinery.com\/product\/walk-behind-power-trowel-pth-l60s\/"]}]},{"@type":"ImageObject","inLanguage":"hu","@id":"https:\/\/www.hsymachinery.com\/product\/walk-behind-power-trowel-pth-l60s\/#primaryimage","url":"https:\/\/www.hsymachinery.com\/wp-content\/uploads\/2025\/06\/Walk-Behind-Power-Trowel-PTH-L60S.jpg","contentUrl":"https:\/\/www.hsymachinery.com\/wp-content\/uploads\/2025\/06\/Walk-Behind-Power-Trowel-PTH-L60S.jpg","width":600,"height":738},{"@type":"BreadcrumbList","@id":"https:\/\/www.hsymachinery.com\/product\/walk-behind-power-trowel-pth-l60s\/#breadcrumb","itemListElement":[{"@type":"ListItem","position":1,"name":"home","item":"https:\/\/www.hsymachinery.com\/"},{"@type":"ListItem","position":2,"name":"products","item":"https:\/\/www.hsymachinery.com\/products\/"},{"@type":"ListItem","position":3,"name":"Walk-Behind Power Trowel PTH-L60S"}]},{"@type":"WebSite","@id":"https:\/\/www.hsymachinery.com\/#website","url":"https:\/\/www.hsymachinery.com\/","name":"HSY \u00e9p\u00edt\u0151ipari g\u00e9pek","description":"HSY Machinery - K\u00edna vezet\u0151 \u00e9p\u00edt\u0151ipari g\u00e9pgy\u00e1rt\u00f3 v\u00e1llalata, amely k\u00f6nny\u0171 \u00e9p\u00edt\u0151ipari berendez\u00e9sek sz\u00e9les v\u00e1laszt\u00e9k\u00e1t k\u00edn\u00e1lja. F\u0151 term\u00e9keink k\u00f6z\u00e9 tartozik az \u00fajj\u00e1\u00e9p\u00edt\u00e9si v\u00e1g\u00f3g\u00e9p, az \u00fajj\u00e1\u00e9p\u00edt\u00e9si hajl\u00edt\u00f3g\u00e9p, az \u00fajj\u00e1\u00e9p\u00edt\u00e9si kengyelhajl\u00edt\u00f3 g\u00e9p, az \u00fajj\u00e1\u00e9p\u00edt\u00e9si \u00edvhajl\u00edt\u00f3 g\u00e9p, az \u00fajj\u00e1\u00e9p\u00edt\u00e9si egyenes\u00edt\u0151 g\u00e9p, az \u00f6tfej\u0171 \u00fajj\u00e1\u00e9p\u00edt\u00e9si kengyelhajl\u00edt\u00f3 g\u00e9p, a d\u00f6ng\u00f6l\u0151 rammer, a lemezkompaktor, a betonv\u00e1g\u00f3, a villanymotoros sim\u00edt\u00f3 \u00e9s m\u00e1s \u00e9p\u00edt\u0151ipari g\u00e9pek. Fejlett CNC-g\u00e9pekkel vagyunk felszerelve, \u00e9s szigor\u00fa min\u0151s\u00e9gellen\u0151rz\u00e9si szabv\u00e1nyokat \u00e9rv\u00e9nyes\u00edt\u00fcnk az \u00e1tfog\u00f3 \u00e9rt\u00e9kes\u00edt\u00e9s ut\u00e1ni szolg\u00e1ltat\u00e1ssal egy\u00fctt. Ha \u00e9rdeklik term\u00e9keink vagy szolg\u00e1ltat\u00e1saink, sz\u00edvesen fogadjuk \u00e9rdekl\u0151d\u00e9s\u00e9t \u00fczenetben.","publisher":{"@id":"https:\/\/www.hsymachinery.com\/#organization"},"potentialAction":[{"@type":"SearchAction","target":{"@type":"EntryPoint","urlTemplate":"https:\/\/www.hsymachinery.com\/?s={search_term_string}"},"query-input":{"@type":"PropertyValueSpecification","valueRequired":true,"valueName":"search_term_string"}}],"inLanguage":"hu"},{"@type":"Organization","@id":"https:\/\/www.hsymachinery.com\/#organization","name":"HSY \u00e9p\u00edt\u0151ipari g\u00e9pek","url":"https:\/\/www.hsymachinery.com\/","logo":{"@type":"ImageObject","inLanguage":"hu","@id":"https:\/\/www.hsymachinery.com\/#\/schema\/logo\/image\/","url":"https:\/\/www.hsymachinery.com\/wp-content\/uploads\/2025\/06\/cropped-HSY-machinery.png","contentUrl":"https:\/\/www.hsymachinery.com\/wp-content\/uploads\/2025\/06\/cropped-HSY-machinery.png","width":600,"height":240,"caption":"HSY Construction Machinery"},"image":{"@id":"https:\/\/www.hsymachinery.com\/#\/schema\/logo\/image\/"}}]}},"_links":{"self":[{"href":"https:\/\/www.hsymachinery.com\/hu\/wp-json\/wp\/v2\/product\/9208","targetHints":{"allow":["GET"]}}],"collection":[{"href":"https:\/\/www.hsymachinery.com\/hu\/wp-json\/wp\/v2\/product"}],"about":[{"href":"https:\/\/www.hsymachinery.com\/hu\/wp-json\/wp\/v2\/types\/product"}],"version-history":[{"count":3,"href":"https:\/\/www.hsymachinery.com\/hu\/wp-json\/wp\/v2\/product\/9208\/revisions"}],"predecessor-version":[{"id":9604,"href":"https:\/\/www.hsymachinery.com\/hu\/wp-json\/wp\/v2\/product\/9208\/revisions\/9604"}],"wp:featuredmedia":[{"embeddable":true,"href":"https:\/\/www.hsymachinery.com\/hu\/wp-json\/wp\/v2\/media\/9209"}],"wp:attachment":[{"href":"https:\/\/www.hsymachinery.com\/hu\/wp-json\/wp\/v2\/media?parent=9208"}],"wp:term":[{"taxonomy":"product_brand","embeddable":true,"href":"https:\/\/www.hsymachinery.com\/hu\/wp-json\/wp\/v2\/product_brand?post=9208"},{"taxonomy":"product_cat","embeddable":true,"href":"https:\/\/www.hsymachinery.com\/hu\/wp-json\/wp\/v2\/product_cat?post=9208"},{"taxonomy":"product_tag","embeddable":true,"href":"https:\/\/www.hsymachinery.com\/hu\/wp-json\/wp\/v2\/product_tag?post=9208"}],"curies":[{"name":"wp","href":"https:\/\/api.w.org\/{rel}","templated":true}]}}