{"id":9205,"date":"2025-06-18T20:34:21","date_gmt":"2025-06-18T12:34:21","guid":{"rendered":"https:\/\/www.hsymachinery.com\/?post_type=product&#038;p=9205"},"modified":"2025-06-28T23:07:53","modified_gmt":"2025-06-28T15:07:53","slug":"jarkalos-simitogep-pth-d60-90a","status":"publish","type":"product","link":"https:\/\/www.hsymachinery.com\/hu\/termek\/jarkalos-simitogep-pth-d60-90a\/","title":{"rendered":"PTH-D60\/90A j\u00e1r\u00f3keretes sim\u00edt\u00f3g\u00e9p"},"content":{"rendered":"<h2 data-start=\"148\" data-end=\"192\">PTH-D60\/90A j\u00e1r\u00f3keretes sim\u00edt\u00f3g\u00e9p<\/h2>\n<h3 data-start=\"193\" data-end=\"307\">PTH-D60\/90A tov\u00e1bbfejlesztett elektromos beton sim\u00edt\u00f3 | Kompakt, csendes \u00e9s tart\u00f3s kivitelez\u00e9s belt\u00e9ri f\u00f6d\u00e9mekn\u00e9l<\/h3>\n<h3 data-start=\"314\" data-end=\"420\">Term\u00e9kle\u00edr\u00e1s - Meger\u0151s\u00edtett elektromos sim\u00edt\u00f3 a tiszta \u00e9s konzisztens belt\u00e9ri betonoz\u00e1shoz<a href=\"https:\/\/www.hsymachinery.com\/hu\/termekek\/jarkalos-simitogep\/\" target=\"_blank\" rel=\"noopener\"><img fetchpriority=\"high\" decoding=\"async\" class=\"wp-image-9206 alignright\" src=\"https:\/\/www.hsymachinery.com\/wp-content\/uploads\/2025\/06\/Walk-Behind-Power-Trowel-PTH-D60A-244x300.jpg\" alt=\"\" width=\"451\" height=\"555\" srcset=\"https:\/\/www.hsymachinery.com\/wp-content\/uploads\/2025\/06\/Walk-Behind-Power-Trowel-PTH-D60A-244x300.jpg 244w, https:\/\/www.hsymachinery.com\/wp-content\/uploads\/2025\/06\/Walk-Behind-Power-Trowel-PTH-D60A.jpg 600w\" sizes=\"(max-width: 451px) 100vw, 451px\" \/><\/a><\/h3>\n<p data-start=\"422\" data-end=\"849\">A <strong data-start=\"426\" data-end=\"466\">PTH-D60\/90A J\u00e1r\u00f3h\u00e1t\u00fa motoros sim\u00edt\u00f3g\u00e9p<\/strong> egy meger\u0151s\u00edtett, elektromos meghajt\u00e1s\u00fa modell, amelyet kifejezetten olyan bels\u0151 betonkezel\u00e9si alkalmaz\u00e1sokhoz fejlesztettek ki, ahol az alacsony zajszint \u00e9s a nulla k\u00e1rosanyag-kibocs\u00e1t\u00e1s alapvet\u0151 fontoss\u00e1g\u00fa. A PTH-D60\/90 tov\u00e1bbfejlesztett v\u00e1ltozatak\u00e9nt ez a g\u00e9p nagyobb mechanikai szil\u00e1rds\u00e1got, nagyobb peng\u00e9s pontoss\u00e1got \u00e9s nagyobb m\u0171k\u00f6d\u00e9si stabilit\u00e1st k\u00edn\u00e1l - mindezt az elektromos meghajt\u00e1s el\u0151nyeinek megtart\u00e1sa mellett.<\/p>\n<p data-start=\"851\" data-end=\"1210\">A PTH-D60\/90A robusztus elektromos motorral felszerelt, csendes \u00e9s hat\u00e9kony m\u0171k\u00f6d\u00e9s\u0171, \u00edgy t\u00f6k\u00e9letesen alkalmas k\u00f3rh\u00e1zi padl\u00f3k, kereskedelmi pinc\u00e9k, konyh\u00e1k \u00e9s irodah\u00e1zak sz\u00e1m\u00e1ra. A 60-90 cm-es sim\u00edt\u00f3\u00e1tm\u00e9r\u0151 t\u00f6k\u00e9letes egyens\u00falyt teremt a man\u0151verezhet\u0151s\u00e9g \u00e9s a termel\u00e9kenys\u00e9g k\u00f6z\u00f6tt, lehet\u0151v\u00e9 t\u00e9ve a felhaszn\u00e1l\u00f3k sz\u00e1m\u00e1ra, hogy k\u00f6zepes m\u00e9ret\u0171 f\u00f6d\u00e9meket is k\u00f6nnyed\u00e9n elk\u00e9sz\u00edtsenek.<\/p>\n<p data-start=\"1212\" data-end=\"1617\">Ezenk\u00edv\u00fcl a kezel\u0151k k\u00f6nnyed\u00e9n be\u00e1ll\u00edthatj\u00e1k a penge \u00e1ll\u00e1ssz\u00f6g\u00e9t, hogy a durva lebegtet\u00e9sr\u0151l a v\u00e9gs\u0151 pol\u00edroz\u00e1sra \u00e1tt\u00e9rjenek. A rezg\u00e9scsillap\u00edt\u00f3, \u00f6sszecsukhat\u00f3 foganty\u00fa minimaliz\u00e1lja a felhaszn\u00e1l\u00f3 f\u00e1radts\u00e1g\u00e1t a hosszabb m\u0171szakok sor\u00e1n, \u00e9s egyszer\u0171v\u00e9 teszi a t\u00e1rol\u00e1st vagy sz\u00e1ll\u00edt\u00e1st. Tov\u00e1bb\u00e1 a tov\u00e1bbfejlesztett hajt\u00f3m\u0171, a tart\u00f3s p\u00f3kkarok \u00e9s a nagy szil\u00e1rds\u00e1g\u00fa v\u00e9d\u0151gy\u0171r\u0171 hossz\u00fa t\u00e1v\u00fa megb\u00edzhat\u00f3s\u00e1got biztos\u00edtanak m\u00e9g \u00e1lland\u00f3 haszn\u00e1lat mellett is.<\/p>\n<p data-start=\"1619\" data-end=\"1814\">Ez a modell nagyszer\u0171 v\u00e1laszt\u00e1s azon v\u00e1llalkoz\u00f3k sz\u00e1m\u00e1ra, akik csendes, \u00fczemanyagmentes \u00e9s alacsony karbantart\u00e1si ig\u00e9ny\u0171 befejez\u0151 szersz\u00e1mokat ig\u00e9nyelnek, amelyek k\u00f6rnyezeti kompromisszumok n\u00e9lk\u00fcl professzion\u00e1lis betonoz\u00e1si eredm\u00e9nyeket biztos\u00edtanak.<\/p>\n<h3 data-start=\"1821\" data-end=\"1874\">A PTH-D60\/90A j\u00e1r\u00f3keretes sim\u00edt\u00f3 legfontosabb jellemz\u0151i<\/h3>\n<ul data-start=\"1876\" data-end=\"2240\">\n<li data-start=\"1876\" data-end=\"1938\">\n<p data-start=\"1878\" data-end=\"1938\">A tov\u00e1bbfejlesztett elektromos motor er\u0151s \u00e9s csendes m\u0171k\u00f6d\u00e9st biztos\u00edt<\/p>\n<\/li>\n<li data-start=\"1939\" data-end=\"1996\">\n<p data-start=\"1941\" data-end=\"1996\">60-90 cm munkadarab \u00e1tm\u00e9r\u0151j\u0171, k\u00f6zepes m\u00e9ret\u0171 f\u00f6d\u00e9mek gy\u00e1rt\u00e1s\u00e1ra alkalmas<\/p>\n<\/li>\n<li data-start=\"1997\" data-end=\"2052\">\n<p data-start=\"1999\" data-end=\"2052\">Az \u00e1ll\u00edthat\u00f3 pengeoszt\u00e1s rugalmass\u00e1got k\u00edn\u00e1l a befejez\u00e9shez<\/p>\n<\/li>\n<li data-start=\"2053\" data-end=\"2115\">\n<p data-start=\"2055\" data-end=\"2115\">Ergonomikus foganty\u00fa cs\u00f6kkenti a f\u00e1radts\u00e1got \u00e9s \u00f6sszecsukhat\u00f3 a hordozhat\u00f3s\u00e1g \u00e9rdek\u00e9ben<\/p>\n<\/li>\n<li data-start=\"2116\" data-end=\"2176\">\n<p data-start=\"2118\" data-end=\"2176\">Meger\u0151s\u00edtett sebess\u00e9gv\u00e1lt\u00f3 \u00e9s szerkezet a jobb tart\u00f3ss\u00e1g \u00e9rdek\u00e9ben<\/p>\n<\/li>\n<li data-start=\"2177\" data-end=\"2240\">\n<p data-start=\"2179\" data-end=\"2240\">Ide\u00e1lis belt\u00e9ri haszn\u00e1latra zaj- \u00e9s emisszi\u00f3\u00e9rz\u00e9keny ter\u00fcleteken.<\/p>\n<\/li>\n<\/ul>\n<h3 data-start=\"2247\" data-end=\"2334\">Alkalmaz\u00e1sok - T\u00f6k\u00e9letes irod\u00e1kba, iskol\u00e1kba, k\u00f3rh\u00e1zakba \u00e9s belt\u00e9ri kereskedelmi helysz\u00ednekre.<\/h3>\n<p data-start=\"2336\" data-end=\"2653\">Elektromotorja \u00e9s kompakt m\u00e9rete miatt a PTH-D60\/90A j\u00f3l alkalmazhat\u00f3 oktat\u00e1si int\u00e9zm\u00e9nyek, eg\u00e9szs\u00e9g\u00fcgyi int\u00e9zm\u00e9nyek, szupermarketek \u00e9s t\u00f6bbszintes \u00e9p\u00fcletek belt\u00e9ri befejez\u00e9si feladataira. Kibocs\u00e1t\u00e1smentes m\u0171k\u00f6d\u00e9se biztos\u00edtja a szigor\u00fa biztons\u00e1gi \u00e9s leveg\u0151min\u0151s\u00e9gi el\u0151\u00edr\u00e1sok betart\u00e1s\u00e1t.<\/p>\n<p data-start=\"2655\" data-end=\"2817\">Ennek eredm\u00e9nyek\u00e9ppen a szakemberek a PTH-D60\/90A-t r\u00e9szes\u00edtik el\u0151nyben, ha egy kompakt, m\u00e9gis nagy teljes\u00edtm\u00e9ny\u0171 sim\u00edt\u00f3ra van sz\u00fcks\u00e9g\u00fck, amely mind teljes\u00edtm\u00e9ny\u00e9ben, mind k\u00f6rnyezeti kompatibilit\u00e1s\u00e1ban kiemelked\u0151.<\/p>\n<p><iframe title=\"motoros sim\u00edt\u00f3, k\u00e9zi nyom\u00f3 motoros sim\u00edt\u00f3, sim\u00edt\u00f3, beton #sim\u00edt\u00f3 #powertrowe#concrete\" width=\"720\" height=\"405\" src=\"https:\/\/www.youtube.com\/embed\/pa6AuNhMrwI?feature=oembed\" frameborder=\"0\" allow=\"accelerometer; autoplay; clipboard-write; encrypted-media; gyroscope; picture-in-picture; web-share\" referrerpolicy=\"strict-origin-when-cross-origin\" allowfullscreen><\/iframe><\/p>","protected":false},"excerpt":{"rendered":"<p>A PTH-D60\/90A elektromos, j\u00e1rhat\u00f3 beton sim\u00edt\u00f3 er\u0151s\u00edtett szerkezetet, csendes m\u0171k\u00f6d\u00e9st \u00e9s 60-90 cm-es lefedetts\u00e9get k\u00edn\u00e1l a biztons\u00e1gos \u00e9s hat\u00e9kony belt\u00e9ri f\u00f6d\u00e9mkik\u00e9sz\u00edt\u00e9shez.<\/p>","protected":false},"featured_media":9206,"template":"","meta":{"_kad_post_transparent":"default","_kad_post_title":"","_kad_post_layout":"default","_kad_post_sidebar_id":"","_kad_post_content_style":"default","_kad_post_vertical_padding":"default","_kad_post_feature":"","_kad_post_feature_position":"","_kad_post_header":false,"_kad_post_footer":false},"product_brand":[],"product_cat":[55],"product_tag":[1084,1083,1087,1081,1086,1085,1089,1088,1090,1082],"class_list":{"0":"post-9205","1":"product","2":"type-product","3":"status-publish","4":"has-post-thumbnail","6":"product_cat-walk-behind-power-trowel","7":"product_tag-cement-power-trowel","8":"product_tag-concrete-finishing-trowel","9":"product_tag-concrete-floor-finishing-machine","10":"product_tag-concrete-power-trowel","11":"product_tag-electric-walk-behind-trowel","12":"product_tag-gasoline-power-trowel","13":"product_tag-hand-operated-power-trowel","14":"product_tag-manual-power-trowel","15":"product_tag-walk-behind-concrete-finishing-machine","16":"product_tag-walk-behind-trowel-machine","18":"first","19":"instock","20":"shipping-taxable","21":"product-type-simple","22":"entry","23":"content-bg","24":"loop-entry"},"yoast_head":"<!-- This site is optimized with the Yoast SEO plugin v25.3.1 - https:\/\/yoast.com\/wordpress\/plugins\/seo\/ -->\n<title>Walk-Behind Power Trowel PTH-D60\/90A - HSY Construction Machinery<\/title>\n<meta name=\"description\" content=\"PTH-D60\/90A electric power trowel offers reinforced performance and quiet, emission-free operation for indoor concrete finishing. Ideal for offices, hospitals, and basements.Walk-Behind Power Trowel PTH-D60\/90A\" \/>\n<meta name=\"robots\" content=\"index, follow, max-snippet:-1, max-image-preview:large, max-video-preview:-1\" \/>\n<link rel=\"canonical\" href=\"https:\/\/www.hsymachinery.com\/hu\/termek\/jarkalos-simitogep-pth-d60-90a\/\" \/>\n<meta property=\"og:locale\" content=\"hu_HU\" \/>\n<meta property=\"og:type\" content=\"article\" \/>\n<meta property=\"og:title\" content=\"Walk-Behind Power Trowel PTH-D60\/90A - HSY Construction Machinery\" \/>\n<meta property=\"og:description\" content=\"PTH-D60\/90A electric power trowel offers reinforced performance and quiet, emission-free operation for indoor concrete finishing. Ideal for offices, hospitals, and basements.Walk-Behind Power Trowel PTH-D60\/90A\" \/>\n<meta property=\"og:url\" content=\"https:\/\/www.hsymachinery.com\/hu\/termek\/jarkalos-simitogep-pth-d60-90a\/\" \/>\n<meta property=\"og:site_name\" content=\"HSY Construction Machinery\" \/>\n<meta property=\"article:modified_time\" content=\"2025-06-28T15:07:53+00:00\" \/>\n<meta property=\"og:image\" content=\"https:\/\/www.hsymachinery.com\/wp-content\/uploads\/2025\/06\/Walk-Behind-Power-Trowel-PTH-D60A.jpg\" \/>\n\t<meta property=\"og:image:width\" content=\"600\" \/>\n\t<meta property=\"og:image:height\" content=\"738\" \/>\n\t<meta property=\"og:image:type\" content=\"image\/jpeg\" \/>\n<meta name=\"twitter:card\" content=\"summary_large_image\" \/>\n<meta name=\"twitter:label1\" content=\"Becs\u00fclt olvas\u00e1si id\u0151\" \/>\n\t<meta name=\"twitter:data1\" content=\"2 perc\" \/>\n<script type=\"application\/ld+json\" class=\"yoast-schema-graph\">{\"@context\":\"https:\/\/schema.org\",\"@graph\":[{\"@type\":\"WebPage\",\"@id\":\"https:\/\/www.hsymachinery.com\/product\/walk-behind-power-trowel-pth-d60-90a\/\",\"url\":\"https:\/\/www.hsymachinery.com\/product\/walk-behind-power-trowel-pth-d60-90a\/\",\"name\":\"Walk-Behind Power Trowel PTH-D60\/90A - HSY Construction Machinery\",\"isPartOf\":{\"@id\":\"https:\/\/www.hsymachinery.com\/#website\"},\"primaryImageOfPage\":{\"@id\":\"https:\/\/www.hsymachinery.com\/product\/walk-behind-power-trowel-pth-d60-90a\/#primaryimage\"},\"image\":{\"@id\":\"https:\/\/www.hsymachinery.com\/product\/walk-behind-power-trowel-pth-d60-90a\/#primaryimage\"},\"thumbnailUrl\":\"https:\/\/www.hsymachinery.com\/wp-content\/uploads\/2025\/06\/Walk-Behind-Power-Trowel-PTH-D60A.jpg\",\"datePublished\":\"2025-06-18T12:34:21+00:00\",\"dateModified\":\"2025-06-28T15:07:53+00:00\",\"description\":\"PTH-D60\/90A electric power trowel offers reinforced performance and quiet, emission-free operation for indoor concrete finishing. Ideal for offices, hospitals, and basements.Walk-Behind Power Trowel PTH-D60\/90A\",\"breadcrumb\":{\"@id\":\"https:\/\/www.hsymachinery.com\/product\/walk-behind-power-trowel-pth-d60-90a\/#breadcrumb\"},\"inLanguage\":\"hu\",\"potentialAction\":[{\"@type\":\"ReadAction\",\"target\":[\"https:\/\/www.hsymachinery.com\/product\/walk-behind-power-trowel-pth-d60-90a\/\"]}]},{\"@type\":\"ImageObject\",\"inLanguage\":\"hu\",\"@id\":\"https:\/\/www.hsymachinery.com\/product\/walk-behind-power-trowel-pth-d60-90a\/#primaryimage\",\"url\":\"https:\/\/www.hsymachinery.com\/wp-content\/uploads\/2025\/06\/Walk-Behind-Power-Trowel-PTH-D60A.jpg\",\"contentUrl\":\"https:\/\/www.hsymachinery.com\/wp-content\/uploads\/2025\/06\/Walk-Behind-Power-Trowel-PTH-D60A.jpg\",\"width\":600,\"height\":738},{\"@type\":\"BreadcrumbList\",\"@id\":\"https:\/\/www.hsymachinery.com\/product\/walk-behind-power-trowel-pth-d60-90a\/#breadcrumb\",\"itemListElement\":[{\"@type\":\"ListItem\",\"position\":1,\"name\":\"home\",\"item\":\"https:\/\/www.hsymachinery.com\/\"},{\"@type\":\"ListItem\",\"position\":2,\"name\":\"products\",\"item\":\"https:\/\/www.hsymachinery.com\/products\/\"},{\"@type\":\"ListItem\",\"position\":3,\"name\":\"Walk-Behind Power Trowel PTH-D60\/90A\"}]},{\"@type\":\"WebSite\",\"@id\":\"https:\/\/www.hsymachinery.com\/#website\",\"url\":\"https:\/\/www.hsymachinery.com\/\",\"name\":\"HSY Construction Machinery\",\"description\":\"HSY Machinery \u2013 A leading China construction machinery supplier, offering a wide range of light construction equipment. Our main products include Rebar Cutting Machine, Rebar Bending Machine, Rebar Stirrup Bending Machine, Rebar Arc Bending Machine, Rebar Straightening Machine, Five-Head Rebar Stirrup Bending Machine, Tamping Rammer, Plate Compactor, Concrete Cutter, Power Trowel, and other construction machinery. We are equipped with advanced CNC machines, and we enforce strict quality inspection standards along with comprehensive after-sales service. If you are interested in our products or services, we warmly welcome your inquiries via message.\",\"publisher\":{\"@id\":\"https:\/\/www.hsymachinery.com\/#organization\"},\"potentialAction\":[{\"@type\":\"SearchAction\",\"target\":{\"@type\":\"EntryPoint\",\"urlTemplate\":\"https:\/\/www.hsymachinery.com\/?s={search_term_string}\"},\"query-input\":{\"@type\":\"PropertyValueSpecification\",\"valueRequired\":true,\"valueName\":\"search_term_string\"}}],\"inLanguage\":\"hu\"},{\"@type\":\"Organization\",\"@id\":\"https:\/\/www.hsymachinery.com\/#organization\",\"name\":\"HSY Construction Machinery\",\"url\":\"https:\/\/www.hsymachinery.com\/\",\"logo\":{\"@type\":\"ImageObject\",\"inLanguage\":\"hu\",\"@id\":\"https:\/\/www.hsymachinery.com\/#\/schema\/logo\/image\/\",\"url\":\"https:\/\/www.hsymachinery.com\/wp-content\/uploads\/2025\/06\/cropped-HSY-machinery.png\",\"contentUrl\":\"https:\/\/www.hsymachinery.com\/wp-content\/uploads\/2025\/06\/cropped-HSY-machinery.png\",\"width\":600,\"height\":240,\"caption\":\"HSY Construction Machinery\"},\"image\":{\"@id\":\"https:\/\/www.hsymachinery.com\/#\/schema\/logo\/image\/\"}}]}<\/script>\n<!-- \/ Yoast SEO plugin. -->","yoast_head_json":{"title":"PTH-D60\/90A j\u00e1r\u00f3hajt\u00e1s\u00fa sim\u00edt\u00f3g\u00e9p - HSY \u00c9p\u00edt\u0151ipari G\u00e9pgy\u00e1rt\u00e1s","description":"A PTH-D60\/90A elektromos motoros sim\u00edt\u00f3 er\u0151s\u00edtett teljes\u00edtm\u00e9nyt \u00e9s csendes, kibocs\u00e1t\u00e1smentes m\u0171k\u00f6d\u00e9st k\u00edn\u00e1l belt\u00e9ri betonoz\u00e1shoz. Ide\u00e1lis irod\u00e1khoz, k\u00f3rh\u00e1zakhoz \u00e9s pinc\u00e9khez.Walk-Behind elektromos sim\u00edt\u00f3 PTH-D60\/90A","robots":{"index":"index","follow":"follow","max-snippet":"max-snippet:-1","max-image-preview":"max-image-preview:large","max-video-preview":"max-video-preview:-1"},"canonical":"https:\/\/www.hsymachinery.com\/hu\/termek\/jarkalos-simitogep-pth-d60-90a\/","og_locale":"hu_HU","og_type":"article","og_title":"Walk-Behind Power Trowel PTH-D60\/90A - HSY Construction Machinery","og_description":"PTH-D60\/90A electric power trowel offers reinforced performance and quiet, emission-free operation for indoor concrete finishing. Ideal for offices, hospitals, and basements.Walk-Behind Power Trowel PTH-D60\/90A","og_url":"https:\/\/www.hsymachinery.com\/hu\/termek\/jarkalos-simitogep-pth-d60-90a\/","og_site_name":"HSY Construction Machinery","article_modified_time":"2025-06-28T15:07:53+00:00","og_image":[{"width":600,"height":738,"url":"https:\/\/www.hsymachinery.com\/wp-content\/uploads\/2025\/06\/Walk-Behind-Power-Trowel-PTH-D60A.jpg","type":"image\/jpeg"}],"twitter_card":"summary_large_image","twitter_misc":{"Becs\u00fclt olvas\u00e1si id\u0151":"2 perc"},"schema":{"@context":"https:\/\/schema.org","@graph":[{"@type":"WebPage","@id":"https:\/\/www.hsymachinery.com\/product\/walk-behind-power-trowel-pth-d60-90a\/","url":"https:\/\/www.hsymachinery.com\/product\/walk-behind-power-trowel-pth-d60-90a\/","name":"PTH-D60\/90A j\u00e1r\u00f3hajt\u00e1s\u00fa sim\u00edt\u00f3g\u00e9p - HSY \u00c9p\u00edt\u0151ipari G\u00e9pgy\u00e1rt\u00e1s","isPartOf":{"@id":"https:\/\/www.hsymachinery.com\/#website"},"primaryImageOfPage":{"@id":"https:\/\/www.hsymachinery.com\/product\/walk-behind-power-trowel-pth-d60-90a\/#primaryimage"},"image":{"@id":"https:\/\/www.hsymachinery.com\/product\/walk-behind-power-trowel-pth-d60-90a\/#primaryimage"},"thumbnailUrl":"https:\/\/www.hsymachinery.com\/wp-content\/uploads\/2025\/06\/Walk-Behind-Power-Trowel-PTH-D60A.jpg","datePublished":"2025-06-18T12:34:21+00:00","dateModified":"2025-06-28T15:07:53+00:00","description":"A PTH-D60\/90A elektromos motoros sim\u00edt\u00f3 er\u0151s\u00edtett teljes\u00edtm\u00e9nyt \u00e9s csendes, kibocs\u00e1t\u00e1smentes m\u0171k\u00f6d\u00e9st k\u00edn\u00e1l belt\u00e9ri betonoz\u00e1shoz. Ide\u00e1lis irod\u00e1khoz, k\u00f3rh\u00e1zakhoz \u00e9s pinc\u00e9khez.Walk-Behind elektromos sim\u00edt\u00f3 PTH-D60\/90A","breadcrumb":{"@id":"https:\/\/www.hsymachinery.com\/product\/walk-behind-power-trowel-pth-d60-90a\/#breadcrumb"},"inLanguage":"hu","potentialAction":[{"@type":"ReadAction","target":["https:\/\/www.hsymachinery.com\/product\/walk-behind-power-trowel-pth-d60-90a\/"]}]},{"@type":"ImageObject","inLanguage":"hu","@id":"https:\/\/www.hsymachinery.com\/product\/walk-behind-power-trowel-pth-d60-90a\/#primaryimage","url":"https:\/\/www.hsymachinery.com\/wp-content\/uploads\/2025\/06\/Walk-Behind-Power-Trowel-PTH-D60A.jpg","contentUrl":"https:\/\/www.hsymachinery.com\/wp-content\/uploads\/2025\/06\/Walk-Behind-Power-Trowel-PTH-D60A.jpg","width":600,"height":738},{"@type":"BreadcrumbList","@id":"https:\/\/www.hsymachinery.com\/product\/walk-behind-power-trowel-pth-d60-90a\/#breadcrumb","itemListElement":[{"@type":"ListItem","position":1,"name":"home","item":"https:\/\/www.hsymachinery.com\/"},{"@type":"ListItem","position":2,"name":"products","item":"https:\/\/www.hsymachinery.com\/products\/"},{"@type":"ListItem","position":3,"name":"Walk-Behind Power Trowel PTH-D60\/90A"}]},{"@type":"WebSite","@id":"https:\/\/www.hsymachinery.com\/#website","url":"https:\/\/www.hsymachinery.com\/","name":"HSY \u00e9p\u00edt\u0151ipari g\u00e9pek","description":"HSY Machinery - K\u00edna vezet\u0151 \u00e9p\u00edt\u0151ipari g\u00e9pgy\u00e1rt\u00f3 v\u00e1llalata, amely k\u00f6nny\u0171 \u00e9p\u00edt\u0151ipari berendez\u00e9sek sz\u00e9les v\u00e1laszt\u00e9k\u00e1t k\u00edn\u00e1lja. F\u0151 term\u00e9keink k\u00f6z\u00e9 tartozik az \u00fajj\u00e1\u00e9p\u00edt\u00e9si v\u00e1g\u00f3g\u00e9p, az \u00fajj\u00e1\u00e9p\u00edt\u00e9si hajl\u00edt\u00f3g\u00e9p, az \u00fajj\u00e1\u00e9p\u00edt\u00e9si kengyelhajl\u00edt\u00f3 g\u00e9p, az \u00fajj\u00e1\u00e9p\u00edt\u00e9si \u00edvhajl\u00edt\u00f3 g\u00e9p, az \u00fajj\u00e1\u00e9p\u00edt\u00e9si egyenes\u00edt\u0151 g\u00e9p, az \u00f6tfej\u0171 \u00fajj\u00e1\u00e9p\u00edt\u00e9si kengyelhajl\u00edt\u00f3 g\u00e9p, a d\u00f6ng\u00f6l\u0151 rammer, a lemezkompaktor, a betonv\u00e1g\u00f3, a villanymotoros sim\u00edt\u00f3 \u00e9s m\u00e1s \u00e9p\u00edt\u0151ipari g\u00e9pek. Fejlett CNC-g\u00e9pekkel vagyunk felszerelve, \u00e9s szigor\u00fa min\u0151s\u00e9gellen\u0151rz\u00e9si szabv\u00e1nyokat \u00e9rv\u00e9nyes\u00edt\u00fcnk az \u00e1tfog\u00f3 \u00e9rt\u00e9kes\u00edt\u00e9s ut\u00e1ni szolg\u00e1ltat\u00e1ssal egy\u00fctt. Ha \u00e9rdeklik term\u00e9keink vagy szolg\u00e1ltat\u00e1saink, sz\u00edvesen fogadjuk \u00e9rdekl\u0151d\u00e9s\u00e9t \u00fczenetben.","publisher":{"@id":"https:\/\/www.hsymachinery.com\/#organization"},"potentialAction":[{"@type":"SearchAction","target":{"@type":"EntryPoint","urlTemplate":"https:\/\/www.hsymachinery.com\/?s={search_term_string}"},"query-input":{"@type":"PropertyValueSpecification","valueRequired":true,"valueName":"search_term_string"}}],"inLanguage":"hu"},{"@type":"Organization","@id":"https:\/\/www.hsymachinery.com\/#organization","name":"HSY \u00e9p\u00edt\u0151ipari g\u00e9pek","url":"https:\/\/www.hsymachinery.com\/","logo":{"@type":"ImageObject","inLanguage":"hu","@id":"https:\/\/www.hsymachinery.com\/#\/schema\/logo\/image\/","url":"https:\/\/www.hsymachinery.com\/wp-content\/uploads\/2025\/06\/cropped-HSY-machinery.png","contentUrl":"https:\/\/www.hsymachinery.com\/wp-content\/uploads\/2025\/06\/cropped-HSY-machinery.png","width":600,"height":240,"caption":"HSY Construction Machinery"},"image":{"@id":"https:\/\/www.hsymachinery.com\/#\/schema\/logo\/image\/"}}]}},"_links":{"self":[{"href":"https:\/\/www.hsymachinery.com\/hu\/wp-json\/wp\/v2\/product\/9205","targetHints":{"allow":["GET"]}}],"collection":[{"href":"https:\/\/www.hsymachinery.com\/hu\/wp-json\/wp\/v2\/product"}],"about":[{"href":"https:\/\/www.hsymachinery.com\/hu\/wp-json\/wp\/v2\/types\/product"}],"version-history":[{"count":3,"href":"https:\/\/www.hsymachinery.com\/hu\/wp-json\/wp\/v2\/product\/9205\/revisions"}],"predecessor-version":[{"id":9602,"href":"https:\/\/www.hsymachinery.com\/hu\/wp-json\/wp\/v2\/product\/9205\/revisions\/9602"}],"wp:featuredmedia":[{"embeddable":true,"href":"https:\/\/www.hsymachinery.com\/hu\/wp-json\/wp\/v2\/media\/9206"}],"wp:attachment":[{"href":"https:\/\/www.hsymachinery.com\/hu\/wp-json\/wp\/v2\/media?parent=9205"}],"wp:term":[{"taxonomy":"product_brand","embeddable":true,"href":"https:\/\/www.hsymachinery.com\/hu\/wp-json\/wp\/v2\/product_brand?post=9205"},{"taxonomy":"product_cat","embeddable":true,"href":"https:\/\/www.hsymachinery.com\/hu\/wp-json\/wp\/v2\/product_cat?post=9205"},{"taxonomy":"product_tag","embeddable":true,"href":"https:\/\/www.hsymachinery.com\/hu\/wp-json\/wp\/v2\/product_tag?post=9205"}],"curies":[{"name":"wp","href":"https:\/\/api.w.org\/{rel}","templated":true}]}}