{"id":9190,"date":"2025-06-18T20:21:17","date_gmt":"2025-06-18T12:21:17","guid":{"rendered":"https:\/\/www.hsymachinery.com\/?post_type=product&#038;p=9190"},"modified":"2025-06-28T22:36:18","modified_gmt":"2025-06-28T14:36:18","slug":"jarkalos-simitogep-pth-c60-90","status":"publish","type":"product","link":"https:\/\/www.hsymachinery.com\/hu\/termek\/jarkalos-simitogep-pth-c60-90\/","title":{"rendered":"PTH-C60\/90 j\u00e1r\u00f3keretes sim\u00edt\u00f3g\u00e9p"},"content":{"rendered":"<h2 data-start=\"138\" data-end=\"181\">PTH-C60\/90 j\u00e1r\u00f3keretes sim\u00edt\u00f3g\u00e9p<\/h2>\n<h3 data-start=\"182\" data-end=\"288\">PTH-C60\/90 d\u00edzelmotoros beton sim\u00edt\u00f3 | Kompakt \u00e9s er\u0151teljes kivitelez\u00e9s \u00fczemanyag-\u00e9rz\u00e9keny munkater\u00fcleteken<\/h3>\n<h3 data-start=\"295\" data-end=\"386\">Term\u00e9kle\u00edr\u00e1s - Kompakt d\u00edzel\u00fczem\u0171 sim\u00edt\u00f3 a sokoldal\u00fa betonoz\u00e1shoz<a href=\"https:\/\/www.hsymachinery.com\/hu\/termekek\/jarkalos-simitogep\/\" target=\"_blank\" rel=\"noopener\"><img fetchpriority=\"high\" decoding=\"async\" class=\"wp-image-9191 alignright\" src=\"https:\/\/www.hsymachinery.com\/wp-content\/uploads\/2025\/06\/Walk-Behind-Power-Trowel-PTH-C60-244x300.jpg\" alt=\"\" width=\"451\" height=\"555\" srcset=\"https:\/\/www.hsymachinery.com\/wp-content\/uploads\/2025\/06\/Walk-Behind-Power-Trowel-PTH-C60-244x300.jpg 244w, https:\/\/www.hsymachinery.com\/wp-content\/uploads\/2025\/06\/Walk-Behind-Power-Trowel-PTH-C60.jpg 600w\" sizes=\"(max-width: 451px) 100vw, 451px\" \/><\/a><\/h3>\n<p data-start=\"388\" data-end=\"756\">A <strong data-start=\"392\" data-end=\"431\">PTH-C60\/90 Walk-Behind motoros sim\u00edt\u00f3g\u00e9p<\/strong> kiemelked\u0151 betonfel\u00fclet-kezel\u00e9si teljes\u00edtm\u00e9nyt ny\u00fajt egy kompakt v\u00e1zban, megb\u00edzhat\u00f3 d\u00edzelmotorral hajtva. Az olyan ter\u00fcleteken dolgoz\u00f3 szakemberek sz\u00e1m\u00e1ra tervezt\u00e9k, ahol a benzin korl\u00e1tozott vagy nem \u00e1ll rendelkez\u00e9sre, ez a modell az \u00fczemanyag rugalmass\u00e1g\u00e1t, a nyomat\u00e9k stabilit\u00e1s\u00e1t \u00e9s az egyszer\u0171 haszn\u00e1latot egyes\u00edti egyetlen nagy teljes\u00edtm\u00e9ny\u0171 csomagban.<\/p>\n<p data-start=\"758\" data-end=\"1116\">A 60\/90 cm-es sim\u00edt\u00f3\u00e1tm\u00e9r\u0151vel rendelkez\u0151 PTH-C60\/90 a sz\u0171k helyeken is mozg\u00e9kony, \u00e9s a k\u00f6zepes m\u00e9ret\u0171 f\u00f6d\u00e9mek eset\u00e9ben is fed\u0151k\u00e9pes, \u00edgy az \u00e9p\u00edt\u00e9si k\u00f6rnyezetek sz\u00e9les sk\u00e1l\u00e1j\u00e1n ide\u00e1lis. Az \u00e1ll\u00edthat\u00f3 lap\u00e1toszt\u00e1si rendszer lehet\u0151v\u00e9 teszi a kezel\u0151k sz\u00e1m\u00e1ra, hogy z\u00f6kken\u0151mentesen v\u00e1ltsanak a lebegtet\u00e9si \u00e9s a befejez\u0151 m\u0171veletek k\u00f6z\u00f6tt, biztos\u00edtva az egyenletes fel\u00fcleti eredm\u00e9nyeket.<\/p>\n<p data-start=\"1118\" data-end=\"1457\">A robusztus hajt\u00f3m\u0171, a meger\u0151s\u00edtett biztons\u00e1gi gy\u0171r\u0171 \u00e9s a tart\u00f3s p\u00f3kkarok hozz\u00e1j\u00e1rulnak a g\u00e9p hossz\u00fa \u00e9lettartam\u00e1hoz, m\u00e9g ig\u00e9nyes haszn\u00e1lat mellett is. Az ergonomikus, \u00f6sszecsukhat\u00f3 foganty\u00fa minimaliz\u00e1lja a kezel\u0151 f\u00e1radts\u00e1g\u00e1t \u00e9s megk\u00f6nny\u00edti a sz\u00e1ll\u00edt\u00e1st, a d\u00edzelmotor pedig kiv\u00e1l\u00f3 \u00fczemanyag-takar\u00e9koss\u00e1got \u00e9s alacsony karbantart\u00e1si ig\u00e9nyt biztos\u00edt.<\/p>\n<h3 data-start=\"1464\" data-end=\"1526\">A PTH-C60\/90 d\u00edzel betonhengermunkag\u00e9p legfontosabb jellemz\u0151i<\/h3>\n<ul data-start=\"1528\" data-end=\"1895\">\n<li data-start=\"1528\" data-end=\"1594\">\n<p data-start=\"1530\" data-end=\"1594\">D\u00edzelmotor a nagy nyomat\u00e9k \u00e9s az alacsony \u00fczemanyag-fogyaszt\u00e1s \u00e9rdek\u00e9ben<\/p>\n<\/li>\n<li data-start=\"1595\" data-end=\"1662\">\n<p data-start=\"1597\" data-end=\"1662\">60-90 cm-es sim\u00edt\u00f3 \u00e1tm\u00e9r\u0151j\u0171, alkalmas kis \u00e9s k\u00f6zepes m\u00e9ret\u0171 f\u00f6d\u00e9mek megmunk\u00e1l\u00e1s\u00e1ra.<\/p>\n<\/li>\n<li data-start=\"1663\" data-end=\"1721\">\n<p data-start=\"1665\" data-end=\"1721\">\u00c1ll\u00edthat\u00f3 k\u00e9soszt\u00e1s a sokoldal\u00fa fel\u00fcletkezel\u00e9shez<\/p>\n<\/li>\n<li data-start=\"1722\" data-end=\"1774\">\n<p data-start=\"1724\" data-end=\"1774\">Tart\u00f3s hajt\u00f3m\u0171 \u00e9s pengekarok a hossz\u00fa t\u00e1v\u00fa haszn\u00e1lathoz<\/p>\n<\/li>\n<li data-start=\"1775\" data-end=\"1831\">\n<p data-start=\"1777\" data-end=\"1831\">\u00d6sszecsukhat\u00f3, rezg\u00e9scsillap\u00edt\u00f3 foganty\u00fa a kezel\u0151 k\u00e9nyelme \u00e9rdek\u00e9ben<\/p>\n<\/li>\n<li data-start=\"1832\" data-end=\"1895\">\n<p data-start=\"1834\" data-end=\"1895\">Biztons\u00e1gos \u00e9s hat\u00e9kony a benzinre vonatkoz\u00f3 korl\u00e1toz\u00e1sokkal rendelkez\u0151 munkater\u00fcleteken<\/p>\n<\/li>\n<\/ul>\n<h3 data-start=\"1902\" data-end=\"1988\">Alkalmaz\u00e1sok - Ide\u00e1lis lakoss\u00e1gi projektekhez, belt\u00e9ri vagy t\u00fczel\u0151anyag-szab\u00e1lyozott helysz\u00ednekre.<\/h3>\n<p data-start=\"1990\" data-end=\"2273\">A PTH-C60\/90 kiv\u00e9telesen j\u00f3l teljes\u00edt lak\u00f3\u00e9p\u00fcletekben, belt\u00e9ri betonpadl\u00f3kon \u00e9s olyan helyeken, ahol kiz\u00e1r\u00f3lag d\u00edzel\u00fczemanyag-felhaszn\u00e1l\u00e1st ig\u00e9nyelnek. Kompakt m\u00e9rete \u00e9s nagy teljes\u00edtm\u00e9nye miatt t\u00f6k\u00e9letes gar\u00e1zsbet\u00e9tekhez, torn\u00e1cf\u00f6d\u00e9mekhez, folyos\u00f3khoz \u00e9s m\u0171helypadl\u00f3khoz.<\/p>\n<p data-start=\"2275\" data-end=\"2430\">A v\u00e1llalkoz\u00f3k nagyra \u00e9rt\u00e9kelik az alacsony \u00fczemanyagk\u00f6lts\u00e9get, a terhel\u00e9s alatti stabilit\u00e1st \u00e9s a k\u00fcl\u00f6nb\u00f6z\u0151 betonfel\u00fcletek professzion\u00e1lis kivitelez\u00e9s\u00e9nek k\u00e9pess\u00e9g\u00e9t.<\/p>\n<p><iframe title=\"motoros sim\u00edt\u00f3, k\u00e9zi nyom\u00f3 motoros sim\u00edt\u00f3, sim\u00edt\u00f3, beton #sim\u00edt\u00f3 #powertrowe#concrete\" width=\"720\" height=\"405\" src=\"https:\/\/www.youtube.com\/embed\/pa6AuNhMrwI?feature=oembed\" frameborder=\"0\" allow=\"accelerometer; autoplay; clipboard-write; encrypted-media; gyroscope; picture-in-picture; web-share\" referrerpolicy=\"strict-origin-when-cross-origin\" allowfullscreen><\/iframe><\/p>","protected":false},"excerpt":{"rendered":"<p>A PTH-C60\/90 d\u00edzelmotoros j\u00e1r\u00f3szerkezetes sim\u00edt\u00f3 megb\u00edzhat\u00f3 \u00e9s \u00fczemanyag-takar\u00e9kos fel\u00fcletkik\u00e9sz\u00edt\u00e9st k\u00edn\u00e1l, amely ide\u00e1lis a kis \u00e9s k\u00f6zepes m\u00e9ret\u0171 f\u00f6d\u00e9mek \u00e9s a korl\u00e1tozott \u00fczemanyag-felhaszn\u00e1l\u00e1s\u00fa munkater\u00fcletek sz\u00e1m\u00e1ra.<\/p>","protected":false},"featured_media":9191,"template":"","meta":{"_kad_post_transparent":"default","_kad_post_title":"","_kad_post_layout":"default","_kad_post_sidebar_id":"","_kad_post_content_style":"default","_kad_post_vertical_padding":"default","_kad_post_feature":"","_kad_post_feature_position":"","_kad_post_header":false,"_kad_post_footer":false},"product_brand":[],"product_cat":[55],"product_tag":[1084,1083,1087,1081,1086,1085,1089,1088,1090,1082],"class_list":{"0":"post-9190","1":"product","2":"type-product","3":"status-publish","4":"has-post-thumbnail","6":"product_cat-walk-behind-power-trowel","7":"product_tag-cement-power-trowel","8":"product_tag-concrete-finishing-trowel","9":"product_tag-concrete-floor-finishing-machine","10":"product_tag-concrete-power-trowel","11":"product_tag-electric-walk-behind-trowel","12":"product_tag-gasoline-power-trowel","13":"product_tag-hand-operated-power-trowel","14":"product_tag-manual-power-trowel","15":"product_tag-walk-behind-concrete-finishing-machine","16":"product_tag-walk-behind-trowel-machine","18":"first","19":"instock","20":"shipping-taxable","21":"product-type-simple","22":"entry","23":"content-bg","24":"loop-entry"},"yoast_head":"<!-- This site is optimized with the Yoast SEO plugin v25.3.1 - https:\/\/yoast.com\/wordpress\/plugins\/seo\/ -->\n<title>Walk-Behind Power Trowel PTH-C60\/90 - HSY Construction Machinery<\/title>\n<meta name=\"description\" content=\"Walk-Behind Power Trowel PTH-C60\/90 delivers efficient, precise slab finishing for fuel-restricted and indoor job sites. Compact, durable, and fuel-saving.\" \/>\n<meta name=\"robots\" content=\"index, follow, max-snippet:-1, max-image-preview:large, max-video-preview:-1\" \/>\n<link rel=\"canonical\" href=\"https:\/\/www.hsymachinery.com\/hu\/termek\/jarkalos-simitogep-pth-c60-90\/\" \/>\n<meta property=\"og:locale\" content=\"hu_HU\" \/>\n<meta property=\"og:type\" content=\"article\" \/>\n<meta property=\"og:title\" content=\"Walk-Behind Power Trowel PTH-C60\/90 - HSY Construction Machinery\" \/>\n<meta property=\"og:description\" content=\"Walk-Behind Power Trowel PTH-C60\/90 delivers efficient, precise slab finishing for fuel-restricted and indoor job sites. Compact, durable, and fuel-saving.\" \/>\n<meta property=\"og:url\" content=\"https:\/\/www.hsymachinery.com\/hu\/termek\/jarkalos-simitogep-pth-c60-90\/\" \/>\n<meta property=\"og:site_name\" content=\"HSY Construction Machinery\" \/>\n<meta property=\"article:modified_time\" content=\"2025-06-28T14:36:18+00:00\" \/>\n<meta property=\"og:image\" content=\"https:\/\/www.hsymachinery.com\/wp-content\/uploads\/2025\/06\/Walk-Behind-Power-Trowel-PTH-C60.jpg\" \/>\n\t<meta property=\"og:image:width\" content=\"600\" \/>\n\t<meta property=\"og:image:height\" content=\"738\" \/>\n\t<meta property=\"og:image:type\" content=\"image\/jpeg\" \/>\n<meta name=\"twitter:card\" content=\"summary_large_image\" \/>\n<meta name=\"twitter:label1\" content=\"Becs\u00fclt olvas\u00e1si id\u0151\" \/>\n\t<meta name=\"twitter:data1\" content=\"2 perc\" \/>\n<script type=\"application\/ld+json\" class=\"yoast-schema-graph\">{\"@context\":\"https:\/\/schema.org\",\"@graph\":[{\"@type\":\"WebPage\",\"@id\":\"https:\/\/www.hsymachinery.com\/product\/walk-behind-power-trowel-pth-c60-90\/\",\"url\":\"https:\/\/www.hsymachinery.com\/product\/walk-behind-power-trowel-pth-c60-90\/\",\"name\":\"Walk-Behind Power Trowel PTH-C60\/90 - HSY Construction Machinery\",\"isPartOf\":{\"@id\":\"https:\/\/www.hsymachinery.com\/#website\"},\"primaryImageOfPage\":{\"@id\":\"https:\/\/www.hsymachinery.com\/product\/walk-behind-power-trowel-pth-c60-90\/#primaryimage\"},\"image\":{\"@id\":\"https:\/\/www.hsymachinery.com\/product\/walk-behind-power-trowel-pth-c60-90\/#primaryimage\"},\"thumbnailUrl\":\"https:\/\/www.hsymachinery.com\/wp-content\/uploads\/2025\/06\/Walk-Behind-Power-Trowel-PTH-C60.jpg\",\"datePublished\":\"2025-06-18T12:21:17+00:00\",\"dateModified\":\"2025-06-28T14:36:18+00:00\",\"description\":\"Walk-Behind Power Trowel PTH-C60\/90 delivers efficient, precise slab finishing for fuel-restricted and indoor job sites. Compact, durable, and fuel-saving.\",\"breadcrumb\":{\"@id\":\"https:\/\/www.hsymachinery.com\/product\/walk-behind-power-trowel-pth-c60-90\/#breadcrumb\"},\"inLanguage\":\"hu\",\"potentialAction\":[{\"@type\":\"ReadAction\",\"target\":[\"https:\/\/www.hsymachinery.com\/product\/walk-behind-power-trowel-pth-c60-90\/\"]}]},{\"@type\":\"ImageObject\",\"inLanguage\":\"hu\",\"@id\":\"https:\/\/www.hsymachinery.com\/product\/walk-behind-power-trowel-pth-c60-90\/#primaryimage\",\"url\":\"https:\/\/www.hsymachinery.com\/wp-content\/uploads\/2025\/06\/Walk-Behind-Power-Trowel-PTH-C60.jpg\",\"contentUrl\":\"https:\/\/www.hsymachinery.com\/wp-content\/uploads\/2025\/06\/Walk-Behind-Power-Trowel-PTH-C60.jpg\",\"width\":600,\"height\":738},{\"@type\":\"BreadcrumbList\",\"@id\":\"https:\/\/www.hsymachinery.com\/product\/walk-behind-power-trowel-pth-c60-90\/#breadcrumb\",\"itemListElement\":[{\"@type\":\"ListItem\",\"position\":1,\"name\":\"home\",\"item\":\"https:\/\/www.hsymachinery.com\/\"},{\"@type\":\"ListItem\",\"position\":2,\"name\":\"products\",\"item\":\"https:\/\/www.hsymachinery.com\/products\/\"},{\"@type\":\"ListItem\",\"position\":3,\"name\":\"Walk-Behind Power Trowel PTH-C60\/90\"}]},{\"@type\":\"WebSite\",\"@id\":\"https:\/\/www.hsymachinery.com\/#website\",\"url\":\"https:\/\/www.hsymachinery.com\/\",\"name\":\"HSY Construction Machinery\",\"description\":\"HSY Machinery \u2013 A leading China construction machinery supplier, offering a wide range of light construction equipment. Our main products include Rebar Cutting Machine, Rebar Bending Machine, Rebar Stirrup Bending Machine, Rebar Arc Bending Machine, Rebar Straightening Machine, Five-Head Rebar Stirrup Bending Machine, Tamping Rammer, Plate Compactor, Concrete Cutter, Power Trowel, and other construction machinery. We are equipped with advanced CNC machines, and we enforce strict quality inspection standards along with comprehensive after-sales service. If you are interested in our products or services, we warmly welcome your inquiries via message.\",\"publisher\":{\"@id\":\"https:\/\/www.hsymachinery.com\/#organization\"},\"potentialAction\":[{\"@type\":\"SearchAction\",\"target\":{\"@type\":\"EntryPoint\",\"urlTemplate\":\"https:\/\/www.hsymachinery.com\/?s={search_term_string}\"},\"query-input\":{\"@type\":\"PropertyValueSpecification\",\"valueRequired\":true,\"valueName\":\"search_term_string\"}}],\"inLanguage\":\"hu\"},{\"@type\":\"Organization\",\"@id\":\"https:\/\/www.hsymachinery.com\/#organization\",\"name\":\"HSY Construction Machinery\",\"url\":\"https:\/\/www.hsymachinery.com\/\",\"logo\":{\"@type\":\"ImageObject\",\"inLanguage\":\"hu\",\"@id\":\"https:\/\/www.hsymachinery.com\/#\/schema\/logo\/image\/\",\"url\":\"https:\/\/www.hsymachinery.com\/wp-content\/uploads\/2025\/06\/cropped-HSY-machinery.png\",\"contentUrl\":\"https:\/\/www.hsymachinery.com\/wp-content\/uploads\/2025\/06\/cropped-HSY-machinery.png\",\"width\":600,\"height\":240,\"caption\":\"HSY Construction Machinery\"},\"image\":{\"@id\":\"https:\/\/www.hsymachinery.com\/#\/schema\/logo\/image\/\"}}]}<\/script>\n<!-- \/ Yoast SEO plugin. -->","yoast_head_json":{"title":"PTH-C60\/90 j\u00e1r\u00f3hajt\u00e1s\u00fa sim\u00edt\u00f3g\u00e9p - HSY \u00c9p\u00edt\u0151ipari G\u00e9pgy\u00e1rt\u00e1s","description":"A PTH-C60\/90 j\u00e1r\u00f3keretes sim\u00edt\u00f3val hat\u00e9kony \u00e9s prec\u00edz f\u00f6d\u00e9mkik\u00e9sz\u00edt\u00e9st biztos\u00edt a korl\u00e1tozott \u00fczemanyag-ell\u00e1totts\u00e1g\u00fa \u00e9s belt\u00e9ri munkater\u00fcleteken. Kompakt, tart\u00f3s \u00e9s \u00fczemanyag-takar\u00e9kos.","robots":{"index":"index","follow":"follow","max-snippet":"max-snippet:-1","max-image-preview":"max-image-preview:large","max-video-preview":"max-video-preview:-1"},"canonical":"https:\/\/www.hsymachinery.com\/hu\/termek\/jarkalos-simitogep-pth-c60-90\/","og_locale":"hu_HU","og_type":"article","og_title":"Walk-Behind Power Trowel PTH-C60\/90 - HSY Construction Machinery","og_description":"Walk-Behind Power Trowel PTH-C60\/90 delivers efficient, precise slab finishing for fuel-restricted and indoor job sites. Compact, durable, and fuel-saving.","og_url":"https:\/\/www.hsymachinery.com\/hu\/termek\/jarkalos-simitogep-pth-c60-90\/","og_site_name":"HSY Construction Machinery","article_modified_time":"2025-06-28T14:36:18+00:00","og_image":[{"width":600,"height":738,"url":"https:\/\/www.hsymachinery.com\/wp-content\/uploads\/2025\/06\/Walk-Behind-Power-Trowel-PTH-C60.jpg","type":"image\/jpeg"}],"twitter_card":"summary_large_image","twitter_misc":{"Becs\u00fclt olvas\u00e1si id\u0151":"2 perc"},"schema":{"@context":"https:\/\/schema.org","@graph":[{"@type":"WebPage","@id":"https:\/\/www.hsymachinery.com\/product\/walk-behind-power-trowel-pth-c60-90\/","url":"https:\/\/www.hsymachinery.com\/product\/walk-behind-power-trowel-pth-c60-90\/","name":"PTH-C60\/90 j\u00e1r\u00f3hajt\u00e1s\u00fa sim\u00edt\u00f3g\u00e9p - HSY \u00c9p\u00edt\u0151ipari G\u00e9pgy\u00e1rt\u00e1s","isPartOf":{"@id":"https:\/\/www.hsymachinery.com\/#website"},"primaryImageOfPage":{"@id":"https:\/\/www.hsymachinery.com\/product\/walk-behind-power-trowel-pth-c60-90\/#primaryimage"},"image":{"@id":"https:\/\/www.hsymachinery.com\/product\/walk-behind-power-trowel-pth-c60-90\/#primaryimage"},"thumbnailUrl":"https:\/\/www.hsymachinery.com\/wp-content\/uploads\/2025\/06\/Walk-Behind-Power-Trowel-PTH-C60.jpg","datePublished":"2025-06-18T12:21:17+00:00","dateModified":"2025-06-28T14:36:18+00:00","description":"A PTH-C60\/90 j\u00e1r\u00f3keretes sim\u00edt\u00f3val hat\u00e9kony \u00e9s prec\u00edz f\u00f6d\u00e9mkik\u00e9sz\u00edt\u00e9st biztos\u00edt a korl\u00e1tozott \u00fczemanyag-ell\u00e1totts\u00e1g\u00fa \u00e9s belt\u00e9ri munkater\u00fcleteken. Kompakt, tart\u00f3s \u00e9s \u00fczemanyag-takar\u00e9kos.","breadcrumb":{"@id":"https:\/\/www.hsymachinery.com\/product\/walk-behind-power-trowel-pth-c60-90\/#breadcrumb"},"inLanguage":"hu","potentialAction":[{"@type":"ReadAction","target":["https:\/\/www.hsymachinery.com\/product\/walk-behind-power-trowel-pth-c60-90\/"]}]},{"@type":"ImageObject","inLanguage":"hu","@id":"https:\/\/www.hsymachinery.com\/product\/walk-behind-power-trowel-pth-c60-90\/#primaryimage","url":"https:\/\/www.hsymachinery.com\/wp-content\/uploads\/2025\/06\/Walk-Behind-Power-Trowel-PTH-C60.jpg","contentUrl":"https:\/\/www.hsymachinery.com\/wp-content\/uploads\/2025\/06\/Walk-Behind-Power-Trowel-PTH-C60.jpg","width":600,"height":738},{"@type":"BreadcrumbList","@id":"https:\/\/www.hsymachinery.com\/product\/walk-behind-power-trowel-pth-c60-90\/#breadcrumb","itemListElement":[{"@type":"ListItem","position":1,"name":"home","item":"https:\/\/www.hsymachinery.com\/"},{"@type":"ListItem","position":2,"name":"products","item":"https:\/\/www.hsymachinery.com\/products\/"},{"@type":"ListItem","position":3,"name":"Walk-Behind Power Trowel PTH-C60\/90"}]},{"@type":"WebSite","@id":"https:\/\/www.hsymachinery.com\/#website","url":"https:\/\/www.hsymachinery.com\/","name":"HSY \u00e9p\u00edt\u0151ipari g\u00e9pek","description":"HSY Machinery - K\u00edna vezet\u0151 \u00e9p\u00edt\u0151ipari g\u00e9pgy\u00e1rt\u00f3 v\u00e1llalata, amely k\u00f6nny\u0171 \u00e9p\u00edt\u0151ipari berendez\u00e9sek sz\u00e9les v\u00e1laszt\u00e9k\u00e1t k\u00edn\u00e1lja. F\u0151 term\u00e9keink k\u00f6z\u00e9 tartozik az \u00fajj\u00e1\u00e9p\u00edt\u00e9si v\u00e1g\u00f3g\u00e9p, az \u00fajj\u00e1\u00e9p\u00edt\u00e9si hajl\u00edt\u00f3g\u00e9p, az \u00fajj\u00e1\u00e9p\u00edt\u00e9si kengyelhajl\u00edt\u00f3 g\u00e9p, az \u00fajj\u00e1\u00e9p\u00edt\u00e9si \u00edvhajl\u00edt\u00f3 g\u00e9p, az \u00fajj\u00e1\u00e9p\u00edt\u00e9si egyenes\u00edt\u0151 g\u00e9p, az \u00f6tfej\u0171 \u00fajj\u00e1\u00e9p\u00edt\u00e9si kengyelhajl\u00edt\u00f3 g\u00e9p, a d\u00f6ng\u00f6l\u0151 rammer, a lemezkompaktor, a betonv\u00e1g\u00f3, a villanymotoros sim\u00edt\u00f3 \u00e9s m\u00e1s \u00e9p\u00edt\u0151ipari g\u00e9pek. Fejlett CNC-g\u00e9pekkel vagyunk felszerelve, \u00e9s szigor\u00fa min\u0151s\u00e9gellen\u0151rz\u00e9si szabv\u00e1nyokat \u00e9rv\u00e9nyes\u00edt\u00fcnk az \u00e1tfog\u00f3 \u00e9rt\u00e9kes\u00edt\u00e9s ut\u00e1ni szolg\u00e1ltat\u00e1ssal egy\u00fctt. Ha \u00e9rdeklik term\u00e9keink vagy szolg\u00e1ltat\u00e1saink, sz\u00edvesen fogadjuk \u00e9rdekl\u0151d\u00e9s\u00e9t \u00fczenetben.","publisher":{"@id":"https:\/\/www.hsymachinery.com\/#organization"},"potentialAction":[{"@type":"SearchAction","target":{"@type":"EntryPoint","urlTemplate":"https:\/\/www.hsymachinery.com\/?s={search_term_string}"},"query-input":{"@type":"PropertyValueSpecification","valueRequired":true,"valueName":"search_term_string"}}],"inLanguage":"hu"},{"@type":"Organization","@id":"https:\/\/www.hsymachinery.com\/#organization","name":"HSY \u00e9p\u00edt\u0151ipari g\u00e9pek","url":"https:\/\/www.hsymachinery.com\/","logo":{"@type":"ImageObject","inLanguage":"hu","@id":"https:\/\/www.hsymachinery.com\/#\/schema\/logo\/image\/","url":"https:\/\/www.hsymachinery.com\/wp-content\/uploads\/2025\/06\/cropped-HSY-machinery.png","contentUrl":"https:\/\/www.hsymachinery.com\/wp-content\/uploads\/2025\/06\/cropped-HSY-machinery.png","width":600,"height":240,"caption":"HSY Construction Machinery"},"image":{"@id":"https:\/\/www.hsymachinery.com\/#\/schema\/logo\/image\/"}}]}},"_links":{"self":[{"href":"https:\/\/www.hsymachinery.com\/hu\/wp-json\/wp\/v2\/product\/9190","targetHints":{"allow":["GET"]}}],"collection":[{"href":"https:\/\/www.hsymachinery.com\/hu\/wp-json\/wp\/v2\/product"}],"about":[{"href":"https:\/\/www.hsymachinery.com\/hu\/wp-json\/wp\/v2\/types\/product"}],"version-history":[{"count":4,"href":"https:\/\/www.hsymachinery.com\/hu\/wp-json\/wp\/v2\/product\/9190\/revisions"}],"predecessor-version":[{"id":9592,"href":"https:\/\/www.hsymachinery.com\/hu\/wp-json\/wp\/v2\/product\/9190\/revisions\/9592"}],"wp:featuredmedia":[{"embeddable":true,"href":"https:\/\/www.hsymachinery.com\/hu\/wp-json\/wp\/v2\/media\/9191"}],"wp:attachment":[{"href":"https:\/\/www.hsymachinery.com\/hu\/wp-json\/wp\/v2\/media?parent=9190"}],"wp:term":[{"taxonomy":"product_brand","embeddable":true,"href":"https:\/\/www.hsymachinery.com\/hu\/wp-json\/wp\/v2\/product_brand?post=9190"},{"taxonomy":"product_cat","embeddable":true,"href":"https:\/\/www.hsymachinery.com\/hu\/wp-json\/wp\/v2\/product_cat?post=9190"},{"taxonomy":"product_tag","embeddable":true,"href":"https:\/\/www.hsymachinery.com\/hu\/wp-json\/wp\/v2\/product_tag?post=9190"}],"curies":[{"name":"wp","href":"https:\/\/api.w.org\/{rel}","templated":true}]}}