{"id":9187,"date":"2025-06-18T18:34:22","date_gmt":"2025-06-18T10:34:22","guid":{"rendered":"https:\/\/www.hsymachinery.com\/?post_type=product&#038;p=9187"},"modified":"2025-06-28T22:30:07","modified_gmt":"2025-06-28T14:30:07","slug":"jarkalos-simitogep-pth-h100a","status":"publish","type":"product","link":"https:\/\/www.hsymachinery.com\/hu\/termek\/jarkalos-simitogep-pth-h100a\/","title":{"rendered":"PTH-H100A j\u00e1r\u00f3keretes sim\u00edt\u00f3g\u00e9p"},"content":{"rendered":"<h2 data-start=\"145\" data-end=\"187\">PTH-H100A j\u00e1r\u00f3keretes sim\u00edt\u00f3g\u00e9p<\/h2>\n<h3 data-start=\"188\" data-end=\"290\">PTH-H100A Honda beton sim\u00edt\u00f3 sim\u00edt\u00f3 | Tov\u00e1bbfejlesztett teljes\u00edtm\u00e9ny a nagy pontoss\u00e1g\u00fa ipari f\u00f6d\u00e9mmunk\u00e1khoz<\/h3>\n<h3 data-start=\"297\" data-end=\"395\">Term\u00e9kle\u00edr\u00e1s - Fejlett Honda-motoros beton sim\u00edt\u00f3 a kiv\u00e1l\u00f3 fel\u00fcleti sim\u00edt\u00e1shoz<a href=\"https:\/\/www.hsymachinery.com\/hu\/termekek\/jarkalos-simitogep\/\" target=\"_blank\" rel=\"noopener\"><img fetchpriority=\"high\" decoding=\"async\" class=\"wp-image-9188 alignright\" src=\"https:\/\/www.hsymachinery.com\/wp-content\/uploads\/2025\/06\/Walk-Behind-Power-Trowel-PTH-H100A-244x300.jpg\" alt=\"\" width=\"451\" height=\"555\" srcset=\"https:\/\/www.hsymachinery.com\/wp-content\/uploads\/2025\/06\/Walk-Behind-Power-Trowel-PTH-H100A-244x300.jpg 244w, https:\/\/www.hsymachinery.com\/wp-content\/uploads\/2025\/06\/Walk-Behind-Power-Trowel-PTH-H100A.jpg 600w\" sizes=\"(max-width: 451px) 100vw, 451px\" \/><\/a><\/h3>\n<p data-start=\"397\" data-end=\"794\">A <strong data-start=\"401\" data-end=\"439\">PTH-H100A Walk-Behind motoros sim\u00edt\u00f3g\u00e9p<\/strong> a PTH-H100 modell tov\u00e1bbfejlesztett v\u00e1ltozata, amely olyan ig\u00e9nyes betonkik\u00e9sz\u00edt\u00e9si munk\u00e1khoz k\u00e9sz\u00fclt, ahol a teljes\u00edtm\u00e9ny \u00e9s a pontoss\u00e1g egyar\u00e1nt sz\u00e1m\u00edt. A nagy teljes\u00edtm\u00e9ny\u0171 Honda benzinmotorral felszerelt g\u00e9p hossz\u00fa t\u00e1v\u00fa stabilit\u00e1st, \u00fczemanyag-hat\u00e9konys\u00e1got \u00e9s egyenletes nyomat\u00e9kteljes\u00edtm\u00e9nyt garant\u00e1l, hogy m\u00e9g a legnehezebb fel\u00fcleti k\u00f6r\u00fclm\u00e9nyek k\u00f6z\u00f6tt is megbirk\u00f3zzon.<\/p>\n<p data-start=\"796\" data-end=\"1159\">Ez a modell 100 cm-es sim\u00edt\u00f3 \u00e1tm\u00e9r\u0151vel rendelkezik, \u00edgy a felhaszn\u00e1l\u00f3k gyorsan \u00e9s hat\u00e9konyan tudnak nagy betonlapokat k\u00e9sz\u00edteni. A PTH-H100A-t a tov\u00e1bbfejlesztett fojt\u00f3szelepvez\u00e9rl\u0151 rendszer, a tov\u00e1bbfejlesztett lap\u00e1toszt\u00e1s-be\u00e1ll\u00edt\u00e1s \u00e9s az extra meger\u0151s\u00edtett sebess\u00e9gv\u00e1lt\u00f3-egys\u00e9g k\u00fcl\u00f6nb\u00f6zteti meg, amelyek egy\u00fcttesen sim\u00e1bb m\u0171k\u00f6d\u00e9st \u00e9s kiv\u00e1l\u00f3 fel\u00fcleti eredm\u00e9nyeket biztos\u00edtanak.<\/p>\n<p data-start=\"1161\" data-end=\"1526\">A kezel\u0151k k\u00f6nnyen testre szabhatj\u00e1k a peng\u00e9k sz\u00f6g\u00e9t att\u00f3l f\u00fcgg\u0151en, hogy kezdeti lebegtet\u00e9sre, k\u00f6zbens\u0151 sim\u00edt\u00e1sra vagy v\u00e9gs\u0151 pol\u00edroz\u00e1sra van-e sz\u00fcks\u00e9g. A rezg\u00e9scsillap\u00edt\u00f3 markolattal ell\u00e1tott, \u00f6sszecsukhat\u00f3 foganty\u00fa cs\u00f6kkenti a felhaszn\u00e1l\u00f3 f\u00e1radts\u00e1g\u00e1t a hossz\u00fa \u00f3r\u00e1kon \u00e1t tart\u00f3 munka sor\u00e1n, m\u00edg a tart\u00f3s p\u00f3kkar-szerelv\u00e9ny \u00e9s a v\u00e9d\u0151gy\u0171r\u0171 maxim\u00e1lis stabilit\u00e1st \u00e9s biztons\u00e1got biztos\u00edt a helysz\u00ednen.<\/p>\n<p data-start=\"1528\" data-end=\"1733\">Ipari min\u0151s\u00e9g\u0171 m\u00e9rn\u00f6ki munk\u00e1j\u00e1nak k\u00f6sz\u00f6nhet\u0151en ez a modell a legmegfelel\u0151bb megold\u00e1s azon szakemberek sz\u00e1m\u00e1ra, akiknek prec\u00edzi\u00f3s befejez\u00e9sre van sz\u00fcks\u00e9g\u00fck gy\u00e1rakban, parkol\u00f3h\u00e1zakban, rakt\u00e1rakban \u00e9s \u00e9p\u00edtkez\u00e9seken.<\/p>\n<h3 data-start=\"1740\" data-end=\"1791\">A PTH-H100A Honda motoros sim\u00edt\u00f3 legfontosabb jellemz\u0151i<\/h3>\n<ul data-start=\"1793\" data-end=\"2183\">\n<li data-start=\"1793\" data-end=\"1860\">\n<p data-start=\"1795\" data-end=\"1860\">A tov\u00e1bbfejlesztett Honda motor fokozott teljes\u00edtm\u00e9nyt \u00e9s stabilit\u00e1st k\u00edn\u00e1l<\/p>\n<\/li>\n<li data-start=\"1861\" data-end=\"1925\">\n<p data-start=\"1863\" data-end=\"1925\">A sz\u00e9les, 100 cm-es peng\u00e9k lefedetts\u00e9ge gyorsabb projektv\u00e9grehajt\u00e1st biztos\u00edt<\/p>\n<\/li>\n<li data-start=\"1926\" data-end=\"1990\">\n<p data-start=\"1928\" data-end=\"1990\">A tov\u00e1bbfejlesztett oszt\u00e1sszab\u00e1lyoz\u00e1s lehet\u0151v\u00e9 teszi a pontos fel\u00fcleti megmunk\u00e1l\u00e1st<\/p>\n<\/li>\n<li data-start=\"1991\" data-end=\"2053\">\n<p data-start=\"1993\" data-end=\"2053\">\u00d6sszecsukhat\u00f3 ergonomikus foganty\u00fa rezg\u00e9sg\u00e1tl\u00f3val \u00e9s k\u00e9nyelmes markolattal<\/p>\n<\/li>\n<li data-start=\"2054\" data-end=\"2116\">\n<p data-start=\"2056\" data-end=\"2116\">Ipari min\u0151s\u00e9g\u0171 sebess\u00e9gv\u00e1lt\u00f3 \u00e9s p\u00f3kkarok a hossz\u00fa t\u00e1v\u00fa haszn\u00e1lathoz<\/p>\n<\/li>\n<li data-start=\"2117\" data-end=\"2183\">\n<p data-start=\"2119\" data-end=\"2183\">\u00dczemanyag-hat\u00e9kony \u00e9s k\u00f6nnyen karbantarthat\u00f3 a mindennapi munkater\u00fcleti ig\u00e9nyeknek megfelel\u0151en<\/p>\n<\/li>\n<\/ul>\n<h3 data-start=\"2190\" data-end=\"2271\">Alkalmaz\u00e1sok - A legjobb nagy f\u00f6d\u00e9mekhez, logisztikai padl\u00f3khoz \u00e9s kereskedelmi munk\u00e1khoz<\/h3>\n<p data-start=\"2273\" data-end=\"2606\">A PTH-H100A-t nagy volumen\u0171 betonfeldolgoz\u00e1sra tervezt\u00e9k logisztikai k\u00f6zpontokban, ipari m\u0171helyekben \u00e9s nagy ig\u00e9nybev\u00e9tel\u0171 \u00e9p\u00edt\u00e9si ter\u00fcleteken. A v\u00e1llalkoz\u00f3k ezt a tov\u00e1bbfejlesztett v\u00e1ltozatot a prec\u00edz vez\u00e9rl\u00e9s, a nagy munkahat\u00e9konys\u00e1g \u00e9s a professzion\u00e1lis min\u0151s\u00e9g\u0171 kivitelez\u00e9s miatt kedvelik, m\u00e9g nagy fel\u00fcleteken, id\u0151nyom\u00e1s alatt is.<\/p>\n<p><iframe title=\"motoros sim\u00edt\u00f3, k\u00e9zi nyom\u00f3 motoros sim\u00edt\u00f3, sim\u00edt\u00f3, beton #sim\u00edt\u00f3 #powertrowe#concrete\" width=\"720\" height=\"405\" src=\"https:\/\/www.youtube.com\/embed\/pa6AuNhMrwI?feature=oembed\" frameborder=\"0\" allow=\"accelerometer; autoplay; clipboard-write; encrypted-media; gyroscope; picture-in-picture; web-share\" referrerpolicy=\"strict-origin-when-cross-origin\" allowfullscreen><\/iframe><\/p>","protected":false},"excerpt":{"rendered":"<p>A PTH-H100A korszer\u0171s\u00edtett, Honda-motorral felszerelt, j\u00e1rhat\u00f3 beton sim\u00edt\u00f3val sima \u00e9s ellen\u0151rz\u00f6tt f\u00f6d\u00e9mkik\u00e9sz\u00edt\u00e9st biztos\u00edt nagyszab\u00e1s\u00fa \u00e9p\u00edtkez\u00e9sekhez \u00e9s ipari felhaszn\u00e1l\u00e1sra.<\/p>","protected":false},"featured_media":9188,"template":"","meta":{"_kad_post_transparent":"default","_kad_post_title":"","_kad_post_layout":"default","_kad_post_sidebar_id":"","_kad_post_content_style":"default","_kad_post_vertical_padding":"default","_kad_post_feature":"","_kad_post_feature_position":"","_kad_post_header":false,"_kad_post_footer":false},"product_brand":[],"product_cat":[55],"product_tag":[1084,1083,1087,1081,1086,1085,1089,1088,1090,1082],"class_list":{"0":"post-9187","1":"product","2":"type-product","3":"status-publish","4":"has-post-thumbnail","6":"product_cat-walk-behind-power-trowel","7":"product_tag-cement-power-trowel","8":"product_tag-concrete-finishing-trowel","9":"product_tag-concrete-floor-finishing-machine","10":"product_tag-concrete-power-trowel","11":"product_tag-electric-walk-behind-trowel","12":"product_tag-gasoline-power-trowel","13":"product_tag-hand-operated-power-trowel","14":"product_tag-manual-power-trowel","15":"product_tag-walk-behind-concrete-finishing-machine","16":"product_tag-walk-behind-trowel-machine","18":"first","19":"instock","20":"shipping-taxable","21":"product-type-simple","22":"entry","23":"content-bg","24":"loop-entry"},"yoast_head":"<!-- This site is optimized with the Yoast SEO plugin v25.3.1 - https:\/\/yoast.com\/wordpress\/plugins\/seo\/ -->\n<title>Walk-Behind Power Trowel PTH-H100A - HSY Construction Machinery<\/title>\n<meta name=\"description\" content=\"PTH-H100A walk-behind concrete power trowel with Honda engine ensures precise, wide-area surface finishing for large slabs and industrial projects. Fuel-efficient and durable.\" \/>\n<meta name=\"robots\" content=\"index, follow, max-snippet:-1, max-image-preview:large, max-video-preview:-1\" \/>\n<link rel=\"canonical\" href=\"https:\/\/www.hsymachinery.com\/hu\/termek\/jarkalos-simitogep-pth-h100a\/\" \/>\n<meta property=\"og:locale\" content=\"hu_HU\" \/>\n<meta property=\"og:type\" content=\"article\" \/>\n<meta property=\"og:title\" content=\"Walk-Behind Power Trowel PTH-H100A - HSY Construction Machinery\" \/>\n<meta property=\"og:description\" content=\"PTH-H100A walk-behind concrete power trowel with Honda engine ensures precise, wide-area surface finishing for large slabs and industrial projects. Fuel-efficient and durable.\" \/>\n<meta property=\"og:url\" content=\"https:\/\/www.hsymachinery.com\/hu\/termek\/jarkalos-simitogep-pth-h100a\/\" \/>\n<meta property=\"og:site_name\" content=\"HSY Construction Machinery\" \/>\n<meta property=\"article:modified_time\" content=\"2025-06-28T14:30:07+00:00\" \/>\n<meta property=\"og:image\" content=\"https:\/\/www.hsymachinery.com\/wp-content\/uploads\/2025\/06\/Walk-Behind-Power-Trowel-PTH-H100A.jpg\" \/>\n\t<meta property=\"og:image:width\" content=\"600\" \/>\n\t<meta property=\"og:image:height\" content=\"738\" \/>\n\t<meta property=\"og:image:type\" content=\"image\/jpeg\" \/>\n<meta name=\"twitter:card\" content=\"summary_large_image\" \/>\n<meta name=\"twitter:label1\" content=\"Becs\u00fclt olvas\u00e1si id\u0151\" \/>\n\t<meta name=\"twitter:data1\" content=\"2 perc\" \/>\n<script type=\"application\/ld+json\" class=\"yoast-schema-graph\">{\"@context\":\"https:\/\/schema.org\",\"@graph\":[{\"@type\":\"WebPage\",\"@id\":\"https:\/\/www.hsymachinery.com\/product\/walk-behind-power-trowel-pth-h100a\/\",\"url\":\"https:\/\/www.hsymachinery.com\/product\/walk-behind-power-trowel-pth-h100a\/\",\"name\":\"Walk-Behind Power Trowel PTH-H100A - HSY Construction Machinery\",\"isPartOf\":{\"@id\":\"https:\/\/www.hsymachinery.com\/#website\"},\"primaryImageOfPage\":{\"@id\":\"https:\/\/www.hsymachinery.com\/product\/walk-behind-power-trowel-pth-h100a\/#primaryimage\"},\"image\":{\"@id\":\"https:\/\/www.hsymachinery.com\/product\/walk-behind-power-trowel-pth-h100a\/#primaryimage\"},\"thumbnailUrl\":\"https:\/\/www.hsymachinery.com\/wp-content\/uploads\/2025\/06\/Walk-Behind-Power-Trowel-PTH-H100A.jpg\",\"datePublished\":\"2025-06-18T10:34:22+00:00\",\"dateModified\":\"2025-06-28T14:30:07+00:00\",\"description\":\"PTH-H100A walk-behind concrete power trowel with Honda engine ensures precise, wide-area surface finishing for large slabs and industrial projects. Fuel-efficient and durable.\",\"breadcrumb\":{\"@id\":\"https:\/\/www.hsymachinery.com\/product\/walk-behind-power-trowel-pth-h100a\/#breadcrumb\"},\"inLanguage\":\"hu\",\"potentialAction\":[{\"@type\":\"ReadAction\",\"target\":[\"https:\/\/www.hsymachinery.com\/product\/walk-behind-power-trowel-pth-h100a\/\"]}]},{\"@type\":\"ImageObject\",\"inLanguage\":\"hu\",\"@id\":\"https:\/\/www.hsymachinery.com\/product\/walk-behind-power-trowel-pth-h100a\/#primaryimage\",\"url\":\"https:\/\/www.hsymachinery.com\/wp-content\/uploads\/2025\/06\/Walk-Behind-Power-Trowel-PTH-H100A.jpg\",\"contentUrl\":\"https:\/\/www.hsymachinery.com\/wp-content\/uploads\/2025\/06\/Walk-Behind-Power-Trowel-PTH-H100A.jpg\",\"width\":600,\"height\":738},{\"@type\":\"BreadcrumbList\",\"@id\":\"https:\/\/www.hsymachinery.com\/product\/walk-behind-power-trowel-pth-h100a\/#breadcrumb\",\"itemListElement\":[{\"@type\":\"ListItem\",\"position\":1,\"name\":\"home\",\"item\":\"https:\/\/www.hsymachinery.com\/\"},{\"@type\":\"ListItem\",\"position\":2,\"name\":\"products\",\"item\":\"https:\/\/www.hsymachinery.com\/products\/\"},{\"@type\":\"ListItem\",\"position\":3,\"name\":\"Walk-Behind Power Trowel PTH-H100A\"}]},{\"@type\":\"WebSite\",\"@id\":\"https:\/\/www.hsymachinery.com\/#website\",\"url\":\"https:\/\/www.hsymachinery.com\/\",\"name\":\"HSY Construction Machinery\",\"description\":\"HSY Machinery \u2013 A leading China construction machinery supplier, offering a wide range of light construction equipment. Our main products include Rebar Cutting Machine, Rebar Bending Machine, Rebar Stirrup Bending Machine, Rebar Arc Bending Machine, Rebar Straightening Machine, Five-Head Rebar Stirrup Bending Machine, Tamping Rammer, Plate Compactor, Concrete Cutter, Power Trowel, and other construction machinery. We are equipped with advanced CNC machines, and we enforce strict quality inspection standards along with comprehensive after-sales service. If you are interested in our products or services, we warmly welcome your inquiries via message.\",\"publisher\":{\"@id\":\"https:\/\/www.hsymachinery.com\/#organization\"},\"potentialAction\":[{\"@type\":\"SearchAction\",\"target\":{\"@type\":\"EntryPoint\",\"urlTemplate\":\"https:\/\/www.hsymachinery.com\/?s={search_term_string}\"},\"query-input\":{\"@type\":\"PropertyValueSpecification\",\"valueRequired\":true,\"valueName\":\"search_term_string\"}}],\"inLanguage\":\"hu\"},{\"@type\":\"Organization\",\"@id\":\"https:\/\/www.hsymachinery.com\/#organization\",\"name\":\"HSY Construction Machinery\",\"url\":\"https:\/\/www.hsymachinery.com\/\",\"logo\":{\"@type\":\"ImageObject\",\"inLanguage\":\"hu\",\"@id\":\"https:\/\/www.hsymachinery.com\/#\/schema\/logo\/image\/\",\"url\":\"https:\/\/www.hsymachinery.com\/wp-content\/uploads\/2025\/06\/cropped-HSY-machinery.png\",\"contentUrl\":\"https:\/\/www.hsymachinery.com\/wp-content\/uploads\/2025\/06\/cropped-HSY-machinery.png\",\"width\":600,\"height\":240,\"caption\":\"HSY Construction Machinery\"},\"image\":{\"@id\":\"https:\/\/www.hsymachinery.com\/#\/schema\/logo\/image\/\"}}]}<\/script>\n<!-- \/ Yoast SEO plugin. -->","yoast_head_json":{"title":"PTH-H100A j\u00e1r\u00f3keretes sim\u00edt\u00f3g\u00e9p - HSY \u00c9p\u00edt\u0151ipari G\u00e9pgy\u00e1rt\u00e1s","description":"A PTH-H100A gyalogos beton sim\u00edt\u00f3g\u00e9p Honda motorral prec\u00edz, nagy fel\u00fclet\u0171 fel\u00fcletkik\u00e9sz\u00edt\u00e9st biztos\u00edt nagy f\u00f6d\u00e9mek \u00e9s ipari projektek eset\u00e9n. \u00dczemanyag-takar\u00e9kos \u00e9s tart\u00f3s.","robots":{"index":"index","follow":"follow","max-snippet":"max-snippet:-1","max-image-preview":"max-image-preview:large","max-video-preview":"max-video-preview:-1"},"canonical":"https:\/\/www.hsymachinery.com\/hu\/termek\/jarkalos-simitogep-pth-h100a\/","og_locale":"hu_HU","og_type":"article","og_title":"Walk-Behind Power Trowel PTH-H100A - HSY Construction Machinery","og_description":"PTH-H100A walk-behind concrete power trowel with Honda engine ensures precise, wide-area surface finishing for large slabs and industrial projects. Fuel-efficient and durable.","og_url":"https:\/\/www.hsymachinery.com\/hu\/termek\/jarkalos-simitogep-pth-h100a\/","og_site_name":"HSY Construction Machinery","article_modified_time":"2025-06-28T14:30:07+00:00","og_image":[{"width":600,"height":738,"url":"https:\/\/www.hsymachinery.com\/wp-content\/uploads\/2025\/06\/Walk-Behind-Power-Trowel-PTH-H100A.jpg","type":"image\/jpeg"}],"twitter_card":"summary_large_image","twitter_misc":{"Becs\u00fclt olvas\u00e1si id\u0151":"2 perc"},"schema":{"@context":"https:\/\/schema.org","@graph":[{"@type":"WebPage","@id":"https:\/\/www.hsymachinery.com\/product\/walk-behind-power-trowel-pth-h100a\/","url":"https:\/\/www.hsymachinery.com\/product\/walk-behind-power-trowel-pth-h100a\/","name":"PTH-H100A j\u00e1r\u00f3keretes sim\u00edt\u00f3g\u00e9p - HSY \u00c9p\u00edt\u0151ipari G\u00e9pgy\u00e1rt\u00e1s","isPartOf":{"@id":"https:\/\/www.hsymachinery.com\/#website"},"primaryImageOfPage":{"@id":"https:\/\/www.hsymachinery.com\/product\/walk-behind-power-trowel-pth-h100a\/#primaryimage"},"image":{"@id":"https:\/\/www.hsymachinery.com\/product\/walk-behind-power-trowel-pth-h100a\/#primaryimage"},"thumbnailUrl":"https:\/\/www.hsymachinery.com\/wp-content\/uploads\/2025\/06\/Walk-Behind-Power-Trowel-PTH-H100A.jpg","datePublished":"2025-06-18T10:34:22+00:00","dateModified":"2025-06-28T14:30:07+00:00","description":"A PTH-H100A gyalogos beton sim\u00edt\u00f3g\u00e9p Honda motorral prec\u00edz, nagy fel\u00fclet\u0171 fel\u00fcletkik\u00e9sz\u00edt\u00e9st biztos\u00edt nagy f\u00f6d\u00e9mek \u00e9s ipari projektek eset\u00e9n. \u00dczemanyag-takar\u00e9kos \u00e9s tart\u00f3s.","breadcrumb":{"@id":"https:\/\/www.hsymachinery.com\/product\/walk-behind-power-trowel-pth-h100a\/#breadcrumb"},"inLanguage":"hu","potentialAction":[{"@type":"ReadAction","target":["https:\/\/www.hsymachinery.com\/product\/walk-behind-power-trowel-pth-h100a\/"]}]},{"@type":"ImageObject","inLanguage":"hu","@id":"https:\/\/www.hsymachinery.com\/product\/walk-behind-power-trowel-pth-h100a\/#primaryimage","url":"https:\/\/www.hsymachinery.com\/wp-content\/uploads\/2025\/06\/Walk-Behind-Power-Trowel-PTH-H100A.jpg","contentUrl":"https:\/\/www.hsymachinery.com\/wp-content\/uploads\/2025\/06\/Walk-Behind-Power-Trowel-PTH-H100A.jpg","width":600,"height":738},{"@type":"BreadcrumbList","@id":"https:\/\/www.hsymachinery.com\/product\/walk-behind-power-trowel-pth-h100a\/#breadcrumb","itemListElement":[{"@type":"ListItem","position":1,"name":"home","item":"https:\/\/www.hsymachinery.com\/"},{"@type":"ListItem","position":2,"name":"products","item":"https:\/\/www.hsymachinery.com\/products\/"},{"@type":"ListItem","position":3,"name":"Walk-Behind Power Trowel PTH-H100A"}]},{"@type":"WebSite","@id":"https:\/\/www.hsymachinery.com\/#website","url":"https:\/\/www.hsymachinery.com\/","name":"HSY \u00e9p\u00edt\u0151ipari g\u00e9pek","description":"HSY Machinery - K\u00edna vezet\u0151 \u00e9p\u00edt\u0151ipari g\u00e9pgy\u00e1rt\u00f3 v\u00e1llalata, amely k\u00f6nny\u0171 \u00e9p\u00edt\u0151ipari berendez\u00e9sek sz\u00e9les v\u00e1laszt\u00e9k\u00e1t k\u00edn\u00e1lja. F\u0151 term\u00e9keink k\u00f6z\u00e9 tartozik az \u00fajj\u00e1\u00e9p\u00edt\u00e9si v\u00e1g\u00f3g\u00e9p, az \u00fajj\u00e1\u00e9p\u00edt\u00e9si hajl\u00edt\u00f3g\u00e9p, az \u00fajj\u00e1\u00e9p\u00edt\u00e9si kengyelhajl\u00edt\u00f3 g\u00e9p, az \u00fajj\u00e1\u00e9p\u00edt\u00e9si \u00edvhajl\u00edt\u00f3 g\u00e9p, az \u00fajj\u00e1\u00e9p\u00edt\u00e9si egyenes\u00edt\u0151 g\u00e9p, az \u00f6tfej\u0171 \u00fajj\u00e1\u00e9p\u00edt\u00e9si kengyelhajl\u00edt\u00f3 g\u00e9p, a d\u00f6ng\u00f6l\u0151 rammer, a lemezkompaktor, a betonv\u00e1g\u00f3, a villanymotoros sim\u00edt\u00f3 \u00e9s m\u00e1s \u00e9p\u00edt\u0151ipari g\u00e9pek. Fejlett CNC-g\u00e9pekkel vagyunk felszerelve, \u00e9s szigor\u00fa min\u0151s\u00e9gellen\u0151rz\u00e9si szabv\u00e1nyokat \u00e9rv\u00e9nyes\u00edt\u00fcnk az \u00e1tfog\u00f3 \u00e9rt\u00e9kes\u00edt\u00e9s ut\u00e1ni szolg\u00e1ltat\u00e1ssal egy\u00fctt. Ha \u00e9rdeklik term\u00e9keink vagy szolg\u00e1ltat\u00e1saink, sz\u00edvesen fogadjuk \u00e9rdekl\u0151d\u00e9s\u00e9t \u00fczenetben.","publisher":{"@id":"https:\/\/www.hsymachinery.com\/#organization"},"potentialAction":[{"@type":"SearchAction","target":{"@type":"EntryPoint","urlTemplate":"https:\/\/www.hsymachinery.com\/?s={search_term_string}"},"query-input":{"@type":"PropertyValueSpecification","valueRequired":true,"valueName":"search_term_string"}}],"inLanguage":"hu"},{"@type":"Organization","@id":"https:\/\/www.hsymachinery.com\/#organization","name":"HSY \u00e9p\u00edt\u0151ipari g\u00e9pek","url":"https:\/\/www.hsymachinery.com\/","logo":{"@type":"ImageObject","inLanguage":"hu","@id":"https:\/\/www.hsymachinery.com\/#\/schema\/logo\/image\/","url":"https:\/\/www.hsymachinery.com\/wp-content\/uploads\/2025\/06\/cropped-HSY-machinery.png","contentUrl":"https:\/\/www.hsymachinery.com\/wp-content\/uploads\/2025\/06\/cropped-HSY-machinery.png","width":600,"height":240,"caption":"HSY Construction Machinery"},"image":{"@id":"https:\/\/www.hsymachinery.com\/#\/schema\/logo\/image\/"}}]}},"_links":{"self":[{"href":"https:\/\/www.hsymachinery.com\/hu\/wp-json\/wp\/v2\/product\/9187","targetHints":{"allow":["GET"]}}],"collection":[{"href":"https:\/\/www.hsymachinery.com\/hu\/wp-json\/wp\/v2\/product"}],"about":[{"href":"https:\/\/www.hsymachinery.com\/hu\/wp-json\/wp\/v2\/types\/product"}],"version-history":[{"count":3,"href":"https:\/\/www.hsymachinery.com\/hu\/wp-json\/wp\/v2\/product\/9187\/revisions"}],"predecessor-version":[{"id":9589,"href":"https:\/\/www.hsymachinery.com\/hu\/wp-json\/wp\/v2\/product\/9187\/revisions\/9589"}],"wp:featuredmedia":[{"embeddable":true,"href":"https:\/\/www.hsymachinery.com\/hu\/wp-json\/wp\/v2\/media\/9188"}],"wp:attachment":[{"href":"https:\/\/www.hsymachinery.com\/hu\/wp-json\/wp\/v2\/media?parent=9187"}],"wp:term":[{"taxonomy":"product_brand","embeddable":true,"href":"https:\/\/www.hsymachinery.com\/hu\/wp-json\/wp\/v2\/product_brand?post=9187"},{"taxonomy":"product_cat","embeddable":true,"href":"https:\/\/www.hsymachinery.com\/hu\/wp-json\/wp\/v2\/product_cat?post=9187"},{"taxonomy":"product_tag","embeddable":true,"href":"https:\/\/www.hsymachinery.com\/hu\/wp-json\/wp\/v2\/product_tag?post=9187"}],"curies":[{"name":"wp","href":"https:\/\/api.w.org\/{rel}","templated":true}]}}