{"id":9184,"date":"2025-06-18T18:33:35","date_gmt":"2025-06-18T10:33:35","guid":{"rendered":"https:\/\/www.hsymachinery.com\/?post_type=product&#038;p=9184"},"modified":"2025-06-28T22:25:50","modified_gmt":"2025-06-28T14:25:50","slug":"jarkalos-simitogep-pth-h100","status":"publish","type":"product","link":"https:\/\/www.hsymachinery.com\/hu\/termek\/jarkalos-simitogep-pth-h100\/","title":{"rendered":"PTH-H100 j\u00e1r\u00f3keretes sim\u00edt\u00f3g\u00e9p"},"content":{"rendered":"<h2 data-start=\"123\" data-end=\"164\">PTH-H100 j\u00e1r\u00f3keretes sim\u00edt\u00f3g\u00e9p<\/h2>\n<h3 data-start=\"165\" data-end=\"272\">PTH-H100 Honda motoros beton sim\u00edt\u00f3 | Nagy \u00e1tm\u00e9r\u0151j\u0171 finisher ipari min\u0151s\u00e9g\u0171 beton sim\u00edt\u00e1s\u00e1hoz<\/h3>\n<h3 data-start=\"279\" data-end=\"375\">Term\u00e9kle\u00edr\u00e1s - Nagy teherb\u00edr\u00e1s\u00fa sim\u00edt\u00f3 a Honda megb\u00edzhat\u00f3s\u00e1g\u00e1val \u00e9s extra sz\u00e9les lefedetts\u00e9ggel<a href=\"https:\/\/www.hsymachinery.com\/hu\/termekek\/jarkalos-simitogep\/\" target=\"_blank\" rel=\"noopener\"><img fetchpriority=\"high\" decoding=\"async\" class=\"wp-image-9185 alignright\" src=\"https:\/\/www.hsymachinery.com\/wp-content\/uploads\/2025\/06\/Walk-Behind-Power-Trowel-PTH-H100-244x300.jpg\" alt=\"\" width=\"452\" height=\"556\" srcset=\"https:\/\/www.hsymachinery.com\/wp-content\/uploads\/2025\/06\/Walk-Behind-Power-Trowel-PTH-H100-244x300.jpg 244w, https:\/\/www.hsymachinery.com\/wp-content\/uploads\/2025\/06\/Walk-Behind-Power-Trowel-PTH-H100.jpg 600w\" sizes=\"(max-width: 452px) 100vw, 452px\" \/><\/a><\/h3>\n<p data-start=\"377\" data-end=\"749\">A <strong data-start=\"381\" data-end=\"418\">PTH-H100 Walk-Behind motoros sim\u00edt\u00f3g\u00e9p<\/strong> nagy ig\u00e9nybev\u00e9telt jelent\u0151, nagy fel\u00fclet\u0171 betonmegmunk\u00e1l\u00e1si feladatokra tervezt\u00e9k, ahol a teljes\u00edtm\u00e9ny, a kitart\u00e1s \u00e9s a pontoss\u00e1g elengedhetetlen. A robusztus Honda benzinmotorral hajtott modell kiv\u00e9teles nyomat\u00e9kteljes\u00edtm\u00e9nyt, gyors ind\u00edt\u00e1st \u00e9s tart\u00f3s teljes\u00edtm\u00e9nyt k\u00edn\u00e1l, m\u00e9g kih\u00edv\u00e1st jelent\u0151 munkater\u00fcleteken t\u00f6rt\u00e9n\u0151 hosszabb \u00fczemel\u00e9s eset\u00e9n is.<\/p>\n<p data-start=\"751\" data-end=\"1126\">A 100 cm-es sim\u00edt\u00f3\u00e1tm\u00e9r\u0151vel a PTH-H100 nagy ter\u00fcleteket fed le hat\u00e9konyan, \u00edgy a kivitelez\u0151k id\u0151t takar\u00edthatnak meg an\u00e9lk\u00fcl, hogy a v\u00e9gs\u0151 fel\u00fclet simas\u00e1ga \u00e9s egyenletess\u00e9ge s\u00e9r\u00fclne. A penge d\u0151l\u00e9ssz\u00f6g\u00e9t szab\u00e1lyoz\u00f3 rendszer lehet\u0151v\u00e9 teszi a kezel\u0151k sz\u00e1m\u00e1ra, hogy a sz\u00f6get k\u00f6nnyen be\u00e1ll\u00edts\u00e1k a durva szintez\u00e9shez vagy a finom csiszol\u00e1shoz, \u00edgy biztos\u00edtva a professzion\u00e1lis kivitelez\u00e9st a kever\u00e9kt\u0151l vagy a k\u00f6r\u00fclm\u00e9nyekt\u0151l f\u00fcggetlen\u00fcl.<\/p>\n<p data-start=\"1128\" data-end=\"1495\">A meger\u0151s\u00edtett sebess\u00e9gv\u00e1lt\u00f3, a tart\u00f3s lap\u00e1tkarok \u00e9s a prec\u00edzen kiegyens\u00falyozott rotor biztos\u00edtja tov\u00e1bb\u00e1, hogy ez a g\u00e9p ellen\u00e1lljon a napi haszn\u00e1latnak rakt\u00e1rakban, parkol\u00f3h\u00e1zakban, logisztikai z\u00f3n\u00e1kban \u00e9s kereskedelmi f\u00f6d\u00e9mekben. Az ergonomikus foganty\u00fa rezg\u00e9sg\u00e1tl\u00f3 markolattal van ell\u00e1tva \u00e9s teljesen \u00f6sszecsukhat\u00f3, \u00edgy a sz\u00e1ll\u00edt\u00e1s \u00e9s a helysz\u00edni be\u00e1ll\u00edt\u00e1s gyors \u00e9s egyszer\u0171.<\/p>\n<p data-start=\"1497\" data-end=\"1659\">Az \u00fczemanyag-takar\u00e9kos motor seg\u00edt cs\u00f6kkenteni az \u00fczemeltet\u00e9si k\u00f6lts\u00e9geket, m\u00edg a biztons\u00e1gi gy\u0171r\u0171 extra v\u00e9delmet ny\u00fajt a kezel\u0151 \u00e9s a k\u00f6rnyez\u0151 fel\u00fcletek sz\u00e1m\u00e1ra.<\/p>\n<h3 data-start=\"1666\" data-end=\"1719\">A PTH-H100 beton sim\u00edt\u00f3 f\u0151 jellemz\u0151i<\/h3>\n<ul data-start=\"1721\" data-end=\"2107\">\n<li data-start=\"1721\" data-end=\"1786\">\n<p data-start=\"1723\" data-end=\"1786\">Er\u0151teljes \u00e9s tart\u00f3s Honda benzinmotor nagy ig\u00e9nybev\u00e9telhez<\/p>\n<\/li>\n<li data-start=\"1787\" data-end=\"1852\">\n<p data-start=\"1789\" data-end=\"1852\">Sz\u00e9les, 100 cm-es sim\u00edt\u00f3 \u00e1tm\u00e9r\u0151 a nagyobb fel\u00fcleti lefedetts\u00e9g \u00e9rdek\u00e9ben<\/p>\n<\/li>\n<li data-start=\"1853\" data-end=\"1909\">\n<p data-start=\"1855\" data-end=\"1909\">\u00c1ll\u00edthat\u00f3 pengehossz durva vagy sima megmunk\u00e1l\u00e1shoz<\/p>\n<\/li>\n<li data-start=\"1910\" data-end=\"1977\">\n<p data-start=\"1912\" data-end=\"1977\">Meger\u0151s\u00edtett sebess\u00e9gv\u00e1lt\u00f3 \u00e9s p\u00f3kkarok a hossz\u00fa \u00e9lettartam \u00e9s tart\u00f3ss\u00e1g \u00e9rdek\u00e9ben<\/p>\n<\/li>\n<li data-start=\"1978\" data-end=\"2039\">\n<p data-start=\"1980\" data-end=\"2039\">Ergonomikus, \u00f6sszecsukhat\u00f3 foganty\u00fa rezg\u00e9scsillap\u00edt\u00f3 markolattal<\/p>\n<\/li>\n<li data-start=\"2040\" data-end=\"2107\">\n<p data-start=\"2042\" data-end=\"2107\">Ide\u00e1lis a nagy f\u00f6d\u00e9mprojekteket kezel\u0151 professzion\u00e1lis v\u00e1llalkoz\u00f3k sz\u00e1m\u00e1ra<\/p>\n<\/li>\n<\/ul>\n<h3 data-start=\"2114\" data-end=\"2197\">Alkalmaz\u00e1sok - Legjobb rakt\u00e1rakhoz, gar\u00e1zsokhoz, parkol\u00f3khoz \u00e9s ipari ter\u00fcletekhez<\/h3>\n<p data-start=\"2199\" data-end=\"2470\">A PTH-H100 ide\u00e1lis nagym\u00e9ret\u0171 betonlapokhoz gy\u00e1rakban, eloszt\u00f3k\u00f6zpontokban, kereskedelmi gar\u00e1zsokban \u00e9s rep\u00fcl\u0151t\u00e9ri padl\u00f3burkolatokhoz. Sz\u00e9les munkasugar\u00e1nak \u00e9s robusztus v\u00e1z\u00e1nak k\u00f6sz\u00f6nhet\u0151en a hossz\u00fa m\u0171szakok \u00e9s a nagy kiterjed\u00e9s\u0171 padl\u00f3fel\u00fcletek kezel\u00e9s\u00e9t minim\u00e1lis kezel\u0151i f\u00e1radts\u00e1ggal oldja meg.<\/p>\n<p data-start=\"2472\" data-end=\"2651\">A szakemberek akkor v\u00e1lasztj\u00e1k ezt a modellt, ha megb\u00edzhat\u00f3, \u00fczemanyag-takar\u00e9kos \u00e9s nagy teljes\u00edtm\u00e9ny\u0171 betonfinom\u00edt\u00f3ra van sz\u00fcks\u00e9g\u00fck, amely minim\u00e1lis er\u0151fesz\u00edt\u00e9ssel biztos\u00edtja a s\u00edk, nagy s\u0171r\u0171s\u00e9g\u0171 fel\u00fcleteket.<\/p>\n<p><iframe title=\"motoros sim\u00edt\u00f3, k\u00e9zi nyom\u00f3 motoros sim\u00edt\u00f3, sim\u00edt\u00f3, beton #sim\u00edt\u00f3 #powertrowe#concrete\" width=\"720\" height=\"405\" src=\"https:\/\/www.youtube.com\/embed\/pa6AuNhMrwI?feature=oembed\" frameborder=\"0\" allow=\"accelerometer; autoplay; clipboard-write; encrypted-media; gyroscope; picture-in-picture; web-share\" referrerpolicy=\"strict-origin-when-cross-origin\" allowfullscreen><\/iframe><\/p>","protected":false},"excerpt":{"rendered":"<p>A PTH-H100 gyalogos beton sim\u00edt\u00f3 Honda motorral nagy teljes\u00edtm\u00e9ny\u0171, nagy fel\u00fclet\u0171 fel\u00fcletkik\u00e9sz\u00edt\u00e9st biztos\u00edt nagym\u00e9ret\u0171 f\u00f6d\u00e9mekn\u00e9l, sima \u00e9s tart\u00f3s betonfel\u00fcletet biztos\u00edtva.<\/p>","protected":false},"featured_media":9185,"template":"","meta":{"_kad_post_transparent":"default","_kad_post_title":"","_kad_post_layout":"default","_kad_post_sidebar_id":"","_kad_post_content_style":"default","_kad_post_vertical_padding":"default","_kad_post_feature":"","_kad_post_feature_position":"","_kad_post_header":false,"_kad_post_footer":false},"product_brand":[],"product_cat":[55],"product_tag":[1084,1083,1087,1081,1086,1085,1089,1088,1090,1082],"class_list":{"0":"post-9184","1":"product","2":"type-product","3":"status-publish","4":"has-post-thumbnail","6":"product_cat-walk-behind-power-trowel","7":"product_tag-cement-power-trowel","8":"product_tag-concrete-finishing-trowel","9":"product_tag-concrete-floor-finishing-machine","10":"product_tag-concrete-power-trowel","11":"product_tag-electric-walk-behind-trowel","12":"product_tag-gasoline-power-trowel","13":"product_tag-hand-operated-power-trowel","14":"product_tag-manual-power-trowel","15":"product_tag-walk-behind-concrete-finishing-machine","16":"product_tag-walk-behind-trowel-machine","18":"first","19":"instock","20":"featured","21":"shipping-taxable","22":"product-type-simple","23":"entry","24":"content-bg","25":"loop-entry"},"yoast_head":"<!-- This site is optimized with the Yoast SEO plugin v25.3.1 - https:\/\/yoast.com\/wordpress\/plugins\/seo\/ -->\n<title>Walk-Behind Power Trowel PTH-H100 - HSY Construction Machinery<\/title>\n<meta name=\"description\" content=\"Walk-Behind Power Trowel PTH-H100 with Honda engine delivers smooth, wide-area concrete finishing for industrial slabs and garage floors. Reliable, durable, and efficient.\" \/>\n<meta name=\"robots\" content=\"index, follow, max-snippet:-1, max-image-preview:large, max-video-preview:-1\" \/>\n<link rel=\"canonical\" href=\"https:\/\/www.hsymachinery.com\/hu\/termek\/jarkalos-simitogep-pth-h100\/\" \/>\n<meta property=\"og:locale\" content=\"hu_HU\" \/>\n<meta property=\"og:type\" content=\"article\" \/>\n<meta property=\"og:title\" content=\"Walk-Behind Power Trowel PTH-H100 - HSY Construction Machinery\" \/>\n<meta property=\"og:description\" content=\"Walk-Behind Power Trowel PTH-H100 with Honda engine delivers smooth, wide-area concrete finishing for industrial slabs and garage floors. Reliable, durable, and efficient.\" \/>\n<meta property=\"og:url\" content=\"https:\/\/www.hsymachinery.com\/hu\/termek\/jarkalos-simitogep-pth-h100\/\" \/>\n<meta property=\"og:site_name\" content=\"HSY Construction Machinery\" \/>\n<meta property=\"article:modified_time\" content=\"2025-06-28T14:25:50+00:00\" \/>\n<meta property=\"og:image\" content=\"https:\/\/www.hsymachinery.com\/wp-content\/uploads\/2025\/06\/Walk-Behind-Power-Trowel-PTH-H100.jpg\" \/>\n\t<meta property=\"og:image:width\" content=\"600\" \/>\n\t<meta property=\"og:image:height\" content=\"738\" \/>\n\t<meta property=\"og:image:type\" content=\"image\/jpeg\" \/>\n<meta name=\"twitter:card\" content=\"summary_large_image\" \/>\n<meta name=\"twitter:label1\" content=\"Becs\u00fclt olvas\u00e1si id\u0151\" \/>\n\t<meta name=\"twitter:data1\" content=\"2 perc\" \/>\n<script type=\"application\/ld+json\" class=\"yoast-schema-graph\">{\"@context\":\"https:\/\/schema.org\",\"@graph\":[{\"@type\":\"WebPage\",\"@id\":\"https:\/\/www.hsymachinery.com\/product\/walk-behind-power-trowel-pth-h100\/\",\"url\":\"https:\/\/www.hsymachinery.com\/product\/walk-behind-power-trowel-pth-h100\/\",\"name\":\"Walk-Behind Power Trowel PTH-H100 - HSY Construction Machinery\",\"isPartOf\":{\"@id\":\"https:\/\/www.hsymachinery.com\/#website\"},\"primaryImageOfPage\":{\"@id\":\"https:\/\/www.hsymachinery.com\/product\/walk-behind-power-trowel-pth-h100\/#primaryimage\"},\"image\":{\"@id\":\"https:\/\/www.hsymachinery.com\/product\/walk-behind-power-trowel-pth-h100\/#primaryimage\"},\"thumbnailUrl\":\"https:\/\/www.hsymachinery.com\/wp-content\/uploads\/2025\/06\/Walk-Behind-Power-Trowel-PTH-H100.jpg\",\"datePublished\":\"2025-06-18T10:33:35+00:00\",\"dateModified\":\"2025-06-28T14:25:50+00:00\",\"description\":\"Walk-Behind Power Trowel PTH-H100 with Honda engine delivers smooth, wide-area concrete finishing for industrial slabs and garage floors. Reliable, durable, and efficient.\",\"breadcrumb\":{\"@id\":\"https:\/\/www.hsymachinery.com\/product\/walk-behind-power-trowel-pth-h100\/#breadcrumb\"},\"inLanguage\":\"hu\",\"potentialAction\":[{\"@type\":\"ReadAction\",\"target\":[\"https:\/\/www.hsymachinery.com\/product\/walk-behind-power-trowel-pth-h100\/\"]}]},{\"@type\":\"ImageObject\",\"inLanguage\":\"hu\",\"@id\":\"https:\/\/www.hsymachinery.com\/product\/walk-behind-power-trowel-pth-h100\/#primaryimage\",\"url\":\"https:\/\/www.hsymachinery.com\/wp-content\/uploads\/2025\/06\/Walk-Behind-Power-Trowel-PTH-H100.jpg\",\"contentUrl\":\"https:\/\/www.hsymachinery.com\/wp-content\/uploads\/2025\/06\/Walk-Behind-Power-Trowel-PTH-H100.jpg\",\"width\":600,\"height\":738},{\"@type\":\"BreadcrumbList\",\"@id\":\"https:\/\/www.hsymachinery.com\/product\/walk-behind-power-trowel-pth-h100\/#breadcrumb\",\"itemListElement\":[{\"@type\":\"ListItem\",\"position\":1,\"name\":\"home\",\"item\":\"https:\/\/www.hsymachinery.com\/\"},{\"@type\":\"ListItem\",\"position\":2,\"name\":\"products\",\"item\":\"https:\/\/www.hsymachinery.com\/products\/\"},{\"@type\":\"ListItem\",\"position\":3,\"name\":\"Walk-Behind Power Trowel PTH-H100\"}]},{\"@type\":\"WebSite\",\"@id\":\"https:\/\/www.hsymachinery.com\/#website\",\"url\":\"https:\/\/www.hsymachinery.com\/\",\"name\":\"HSY Construction Machinery\",\"description\":\"HSY Machinery \u2013 A leading China construction machinery supplier, offering a wide range of light construction equipment. Our main products include Rebar Cutting Machine, Rebar Bending Machine, Rebar Stirrup Bending Machine, Rebar Arc Bending Machine, Rebar Straightening Machine, Five-Head Rebar Stirrup Bending Machine, Tamping Rammer, Plate Compactor, Concrete Cutter, Power Trowel, and other construction machinery. We are equipped with advanced CNC machines, and we enforce strict quality inspection standards along with comprehensive after-sales service. If you are interested in our products or services, we warmly welcome your inquiries via message.\",\"publisher\":{\"@id\":\"https:\/\/www.hsymachinery.com\/#organization\"},\"potentialAction\":[{\"@type\":\"SearchAction\",\"target\":{\"@type\":\"EntryPoint\",\"urlTemplate\":\"https:\/\/www.hsymachinery.com\/?s={search_term_string}\"},\"query-input\":{\"@type\":\"PropertyValueSpecification\",\"valueRequired\":true,\"valueName\":\"search_term_string\"}}],\"inLanguage\":\"hu\"},{\"@type\":\"Organization\",\"@id\":\"https:\/\/www.hsymachinery.com\/#organization\",\"name\":\"HSY Construction Machinery\",\"url\":\"https:\/\/www.hsymachinery.com\/\",\"logo\":{\"@type\":\"ImageObject\",\"inLanguage\":\"hu\",\"@id\":\"https:\/\/www.hsymachinery.com\/#\/schema\/logo\/image\/\",\"url\":\"https:\/\/www.hsymachinery.com\/wp-content\/uploads\/2025\/06\/cropped-HSY-machinery.png\",\"contentUrl\":\"https:\/\/www.hsymachinery.com\/wp-content\/uploads\/2025\/06\/cropped-HSY-machinery.png\",\"width\":600,\"height\":240,\"caption\":\"HSY Construction Machinery\"},\"image\":{\"@id\":\"https:\/\/www.hsymachinery.com\/#\/schema\/logo\/image\/\"}}]}<\/script>\n<!-- \/ Yoast SEO plugin. -->","yoast_head_json":{"title":"PTH-H100 j\u00e1r\u00f3keretes sim\u00edt\u00f3g\u00e9p - HSY \u00c9p\u00edt\u0151ipari G\u00e9pgy\u00e1rt\u00e1s","description":"A Honda-motorral felszerelt PTH-H100 j\u00e1r\u00f3keretes sim\u00edt\u00f3 sim\u00edt\u00f3val sima, nagy fel\u00fclet\u0171 betonmunk\u00e1t v\u00e9gezhet ipari f\u00f6d\u00e9mek \u00e9s gar\u00e1zspadl\u00f3k eset\u00e9ben. Megb\u00edzhat\u00f3, tart\u00f3s \u00e9s hat\u00e9kony.","robots":{"index":"index","follow":"follow","max-snippet":"max-snippet:-1","max-image-preview":"max-image-preview:large","max-video-preview":"max-video-preview:-1"},"canonical":"https:\/\/www.hsymachinery.com\/hu\/termek\/jarkalos-simitogep-pth-h100\/","og_locale":"hu_HU","og_type":"article","og_title":"Walk-Behind Power Trowel PTH-H100 - HSY Construction Machinery","og_description":"Walk-Behind Power Trowel PTH-H100 with Honda engine delivers smooth, wide-area concrete finishing for industrial slabs and garage floors. Reliable, durable, and efficient.","og_url":"https:\/\/www.hsymachinery.com\/hu\/termek\/jarkalos-simitogep-pth-h100\/","og_site_name":"HSY Construction Machinery","article_modified_time":"2025-06-28T14:25:50+00:00","og_image":[{"width":600,"height":738,"url":"https:\/\/www.hsymachinery.com\/wp-content\/uploads\/2025\/06\/Walk-Behind-Power-Trowel-PTH-H100.jpg","type":"image\/jpeg"}],"twitter_card":"summary_large_image","twitter_misc":{"Becs\u00fclt olvas\u00e1si id\u0151":"2 perc"},"schema":{"@context":"https:\/\/schema.org","@graph":[{"@type":"WebPage","@id":"https:\/\/www.hsymachinery.com\/product\/walk-behind-power-trowel-pth-h100\/","url":"https:\/\/www.hsymachinery.com\/product\/walk-behind-power-trowel-pth-h100\/","name":"PTH-H100 j\u00e1r\u00f3keretes sim\u00edt\u00f3g\u00e9p - HSY \u00c9p\u00edt\u0151ipari G\u00e9pgy\u00e1rt\u00e1s","isPartOf":{"@id":"https:\/\/www.hsymachinery.com\/#website"},"primaryImageOfPage":{"@id":"https:\/\/www.hsymachinery.com\/product\/walk-behind-power-trowel-pth-h100\/#primaryimage"},"image":{"@id":"https:\/\/www.hsymachinery.com\/product\/walk-behind-power-trowel-pth-h100\/#primaryimage"},"thumbnailUrl":"https:\/\/www.hsymachinery.com\/wp-content\/uploads\/2025\/06\/Walk-Behind-Power-Trowel-PTH-H100.jpg","datePublished":"2025-06-18T10:33:35+00:00","dateModified":"2025-06-28T14:25:50+00:00","description":"A Honda-motorral felszerelt PTH-H100 j\u00e1r\u00f3keretes sim\u00edt\u00f3 sim\u00edt\u00f3val sima, nagy fel\u00fclet\u0171 betonmunk\u00e1t v\u00e9gezhet ipari f\u00f6d\u00e9mek \u00e9s gar\u00e1zspadl\u00f3k eset\u00e9ben. Megb\u00edzhat\u00f3, tart\u00f3s \u00e9s hat\u00e9kony.","breadcrumb":{"@id":"https:\/\/www.hsymachinery.com\/product\/walk-behind-power-trowel-pth-h100\/#breadcrumb"},"inLanguage":"hu","potentialAction":[{"@type":"ReadAction","target":["https:\/\/www.hsymachinery.com\/product\/walk-behind-power-trowel-pth-h100\/"]}]},{"@type":"ImageObject","inLanguage":"hu","@id":"https:\/\/www.hsymachinery.com\/product\/walk-behind-power-trowel-pth-h100\/#primaryimage","url":"https:\/\/www.hsymachinery.com\/wp-content\/uploads\/2025\/06\/Walk-Behind-Power-Trowel-PTH-H100.jpg","contentUrl":"https:\/\/www.hsymachinery.com\/wp-content\/uploads\/2025\/06\/Walk-Behind-Power-Trowel-PTH-H100.jpg","width":600,"height":738},{"@type":"BreadcrumbList","@id":"https:\/\/www.hsymachinery.com\/product\/walk-behind-power-trowel-pth-h100\/#breadcrumb","itemListElement":[{"@type":"ListItem","position":1,"name":"home","item":"https:\/\/www.hsymachinery.com\/"},{"@type":"ListItem","position":2,"name":"products","item":"https:\/\/www.hsymachinery.com\/products\/"},{"@type":"ListItem","position":3,"name":"Walk-Behind Power Trowel PTH-H100"}]},{"@type":"WebSite","@id":"https:\/\/www.hsymachinery.com\/#website","url":"https:\/\/www.hsymachinery.com\/","name":"HSY \u00e9p\u00edt\u0151ipari g\u00e9pek","description":"HSY Machinery - K\u00edna vezet\u0151 \u00e9p\u00edt\u0151ipari g\u00e9pgy\u00e1rt\u00f3 v\u00e1llalata, amely k\u00f6nny\u0171 \u00e9p\u00edt\u0151ipari berendez\u00e9sek sz\u00e9les v\u00e1laszt\u00e9k\u00e1t k\u00edn\u00e1lja. F\u0151 term\u00e9keink k\u00f6z\u00e9 tartozik az \u00fajj\u00e1\u00e9p\u00edt\u00e9si v\u00e1g\u00f3g\u00e9p, az \u00fajj\u00e1\u00e9p\u00edt\u00e9si hajl\u00edt\u00f3g\u00e9p, az \u00fajj\u00e1\u00e9p\u00edt\u00e9si kengyelhajl\u00edt\u00f3 g\u00e9p, az \u00fajj\u00e1\u00e9p\u00edt\u00e9si \u00edvhajl\u00edt\u00f3 g\u00e9p, az \u00fajj\u00e1\u00e9p\u00edt\u00e9si egyenes\u00edt\u0151 g\u00e9p, az \u00f6tfej\u0171 \u00fajj\u00e1\u00e9p\u00edt\u00e9si kengyelhajl\u00edt\u00f3 g\u00e9p, a d\u00f6ng\u00f6l\u0151 rammer, a lemezkompaktor, a betonv\u00e1g\u00f3, a villanymotoros sim\u00edt\u00f3 \u00e9s m\u00e1s \u00e9p\u00edt\u0151ipari g\u00e9pek. Fejlett CNC-g\u00e9pekkel vagyunk felszerelve, \u00e9s szigor\u00fa min\u0151s\u00e9gellen\u0151rz\u00e9si szabv\u00e1nyokat \u00e9rv\u00e9nyes\u00edt\u00fcnk az \u00e1tfog\u00f3 \u00e9rt\u00e9kes\u00edt\u00e9s ut\u00e1ni szolg\u00e1ltat\u00e1ssal egy\u00fctt. Ha \u00e9rdeklik term\u00e9keink vagy szolg\u00e1ltat\u00e1saink, sz\u00edvesen fogadjuk \u00e9rdekl\u0151d\u00e9s\u00e9t \u00fczenetben.","publisher":{"@id":"https:\/\/www.hsymachinery.com\/#organization"},"potentialAction":[{"@type":"SearchAction","target":{"@type":"EntryPoint","urlTemplate":"https:\/\/www.hsymachinery.com\/?s={search_term_string}"},"query-input":{"@type":"PropertyValueSpecification","valueRequired":true,"valueName":"search_term_string"}}],"inLanguage":"hu"},{"@type":"Organization","@id":"https:\/\/www.hsymachinery.com\/#organization","name":"HSY \u00e9p\u00edt\u0151ipari g\u00e9pek","url":"https:\/\/www.hsymachinery.com\/","logo":{"@type":"ImageObject","inLanguage":"hu","@id":"https:\/\/www.hsymachinery.com\/#\/schema\/logo\/image\/","url":"https:\/\/www.hsymachinery.com\/wp-content\/uploads\/2025\/06\/cropped-HSY-machinery.png","contentUrl":"https:\/\/www.hsymachinery.com\/wp-content\/uploads\/2025\/06\/cropped-HSY-machinery.png","width":600,"height":240,"caption":"HSY Construction Machinery"},"image":{"@id":"https:\/\/www.hsymachinery.com\/#\/schema\/logo\/image\/"}}]}},"_links":{"self":[{"href":"https:\/\/www.hsymachinery.com\/hu\/wp-json\/wp\/v2\/product\/9184","targetHints":{"allow":["GET"]}}],"collection":[{"href":"https:\/\/www.hsymachinery.com\/hu\/wp-json\/wp\/v2\/product"}],"about":[{"href":"https:\/\/www.hsymachinery.com\/hu\/wp-json\/wp\/v2\/types\/product"}],"version-history":[{"count":3,"href":"https:\/\/www.hsymachinery.com\/hu\/wp-json\/wp\/v2\/product\/9184\/revisions"}],"predecessor-version":[{"id":9587,"href":"https:\/\/www.hsymachinery.com\/hu\/wp-json\/wp\/v2\/product\/9184\/revisions\/9587"}],"wp:featuredmedia":[{"embeddable":true,"href":"https:\/\/www.hsymachinery.com\/hu\/wp-json\/wp\/v2\/media\/9185"}],"wp:attachment":[{"href":"https:\/\/www.hsymachinery.com\/hu\/wp-json\/wp\/v2\/media?parent=9184"}],"wp:term":[{"taxonomy":"product_brand","embeddable":true,"href":"https:\/\/www.hsymachinery.com\/hu\/wp-json\/wp\/v2\/product_brand?post=9184"},{"taxonomy":"product_cat","embeddable":true,"href":"https:\/\/www.hsymachinery.com\/hu\/wp-json\/wp\/v2\/product_cat?post=9184"},{"taxonomy":"product_tag","embeddable":true,"href":"https:\/\/www.hsymachinery.com\/hu\/wp-json\/wp\/v2\/product_tag?post=9184"}],"curies":[{"name":"wp","href":"https:\/\/api.w.org\/{rel}","templated":true}]}}