{"id":9181,"date":"2025-06-18T18:32:50","date_gmt":"2025-06-18T10:32:50","guid":{"rendered":"https:\/\/www.hsymachinery.com\/?post_type=product&#038;p=9181"},"modified":"2025-06-28T22:20:29","modified_gmt":"2025-06-28T14:20:29","slug":"jarkalos-simitogep-pth-h80-90","status":"publish","type":"product","link":"https:\/\/www.hsymachinery.com\/hu\/termek\/jarkalos-simitogep-pth-h80-90\/","title":{"rendered":"PTH-H80\/90 j\u00e1r\u00f3keretes sim\u00edt\u00f3g\u00e9p"},"content":{"rendered":"<h2 data-start=\"122\" data-end=\"165\">PTH-H80\/90 j\u00e1r\u00f3keretes sim\u00edt\u00f3g\u00e9p<\/h2>\n<h3 data-start=\"166\" data-end=\"278\">PTH-H80\/90 beton sim\u00edt\u00f3 Honda motorral | K\u00f6zepes m\u00e9ret\u0171 prec\u00edzi\u00f3s sim\u00edt\u00f3 professzion\u00e1lis betonmunk\u00e1khoz<\/h3>\n<h3 data-start=\"285\" data-end=\"374\">Term\u00e9kle\u00edr\u00e1s - Hat\u00e9kony Honda motoros sim\u00edt\u00f3 a sima betonoz\u00e1shoz<a href=\"https:\/\/www.hsymachinery.com\/hu\/termekek\/jarkalos-simitogep\/\" target=\"_blank\" rel=\"noopener\"><img fetchpriority=\"high\" decoding=\"async\" class=\"wp-image-9182 alignright\" src=\"https:\/\/www.hsymachinery.com\/wp-content\/uploads\/2025\/06\/Walk-Behind-Power-Trowel-PTH-H80-244x300.jpg\" alt=\"\" width=\"451\" height=\"555\" srcset=\"https:\/\/www.hsymachinery.com\/wp-content\/uploads\/2025\/06\/Walk-Behind-Power-Trowel-PTH-H80-244x300.jpg 244w, https:\/\/www.hsymachinery.com\/wp-content\/uploads\/2025\/06\/Walk-Behind-Power-Trowel-PTH-H80.jpg 600w\" sizes=\"(max-width: 451px) 100vw, 451px\" \/><\/a><\/h3>\n<p data-start=\"376\" data-end=\"743\">A <strong data-start=\"380\" data-end=\"419\">PTH-H80\/90 Walk-Behind motoros sim\u00edt\u00f3g\u00e9p<\/strong> \u00fagy tervezt\u00e9k, hogy k\u00f6zepes m\u00e9ret\u0171 \u00e9p\u00edt\u00e9si projektekn\u00e9l kiv\u00e9teles betonfel\u00fclet-finom\u00edt\u00e1st biztos\u00edtson. A megb\u00edzhat\u00f3 Honda benzinmotorral hajtott g\u00e9p stabil teljes\u00edtm\u00e9nyt, pontos vez\u00e9rl\u00e9st \u00e9s fokozott tart\u00f3ss\u00e1got k\u00edn\u00e1l, \u00edgy ide\u00e1lis v\u00e1laszt\u00e1s a professzion\u00e1lis eredm\u00e9nyeket keres\u0151 v\u00e1llalkoz\u00f3k sz\u00e1m\u00e1ra.<\/p>\n<p data-start=\"745\" data-end=\"1104\">A 80-90 cm-es sim\u00edt\u00f3\u00e1tm\u00e9r\u0151vel a PTH-H80\/90 sz\u00e9les ter\u00fcletet fed le, mik\u00f6zben kiv\u00e1l\u00f3an man\u0151verezhet\u0151. \u00c1ll\u00edthat\u00f3 lap\u00e1toszt\u00e1sa egyenletes fel\u00fcletet biztos\u00edt a kezdeti sim\u00edt\u00e1st\u00f3l a v\u00e9gs\u0151 pol\u00edroz\u00e1sig. A meger\u0151s\u00edtett hajt\u00f3m\u0171, az er\u0151s pengekarok \u00e9s a v\u00e9d\u0151 biztons\u00e1gi gy\u0171r\u0171 egyszerre ny\u00fajtanak er\u0151t \u00e9s kezel\u0151i biztons\u00e1got.<\/p>\n<p data-start=\"1106\" data-end=\"1264\">A belt\u00e9ri \u00e9s k\u00fclt\u00e9ri alkalmaz\u00e1sra egyar\u00e1nt tervezett sim\u00edt\u00f3 kiv\u00e1l\u00f3an alkalmas rakt\u00e1rpadl\u00f3k, felhajt\u00f3k, gar\u00e1zsbet\u00e9tek \u00e9s kereskedelmi betonlapok burkol\u00e1s\u00e1ra.<\/p>\n<h3 data-start=\"1271\" data-end=\"1332\">A PTH-H80\/90 j\u00e1r\u00f3keretes beton sim\u00edt\u00f3 legfontosabb jellemz\u0151i<\/h3>\n<ul data-start=\"1334\" data-end=\"1706\">\n<li data-start=\"1334\" data-end=\"1404\">\n<p data-start=\"1336\" data-end=\"1404\">A pr\u00e9mium Honda motor megb\u00edzhat\u00f3 ind\u00edt\u00e1st \u00e9s \u00fczemanyag-hat\u00e9konys\u00e1got biztos\u00edt<\/p>\n<\/li>\n<li data-start=\"1405\" data-end=\"1463\">\n<p data-start=\"1407\" data-end=\"1463\">80\/90 cm-es sim\u00edt\u00f3 \u00e1tm\u00e9r\u0151 ide\u00e1lis k\u00f6zepes m\u00e9ret\u0171 munk\u00e1khoz<\/p>\n<\/li>\n<li data-start=\"1464\" data-end=\"1525\">\n<p data-start=\"1466\" data-end=\"1525\">A pengeoszt\u00e1s a k\u00fcl\u00f6nb\u00f6z\u0151 befejez\u00e9si ig\u00e9nyekhez igaz\u00edthat\u00f3<\/p>\n<\/li>\n<li data-start=\"1526\" data-end=\"1587\">\n<p data-start=\"1528\" data-end=\"1587\">Ergonomikus foganty\u00fa a k\u00e9nyelem \u00e9s a cs\u00f6kkentett rezg\u00e9s \u00e9rdek\u00e9ben<\/p>\n<\/li>\n<li data-start=\"1588\" data-end=\"1650\">\n<p data-start=\"1590\" data-end=\"1650\">Robusztus konstrukci\u00f3 hossz\u00fa \u00e9lettartam\u00fa hajt\u00f3m\u0171vel \u00e9s p\u00f3kkarokkal<\/p>\n<\/li>\n<li data-start=\"1651\" data-end=\"1706\">\n<p data-start=\"1653\" data-end=\"1706\">Egyszer\u0171 karbantart\u00e1s \u00e9s rendk\u00edv\u00fcl tart\u00f3s a mindennapi haszn\u00e1lathoz<\/p>\n<\/li>\n<\/ul>\n<h3 data-start=\"1713\" data-end=\"1784\">Alkalmaz\u00e1sok - Legjobb rakt\u00e1rakhoz, felhajt\u00f3khoz, j\u00e1rd\u00e1khoz \u00e9s f\u00f6d\u00e9mekhez<\/h3>\n<p data-start=\"1786\" data-end=\"1991\">A PTH-H80\/90 t\u00f6k\u00e9letes egyens\u00falyt k\u00edn\u00e1l a teljes\u00edtm\u00e9ny \u00e9s a vez\u00e9rl\u00e9s k\u00f6z\u00f6tt, \u00edgy ide\u00e1lis a kereskedelmi padl\u00f3burkolatokon, bels\u0151 f\u00f6d\u00e9meken, j\u00e1rd\u00e1kon \u00e9s alapoz\u00f3bet\u00e9teken dolgoz\u00f3 v\u00e1llalkoz\u00f3k sz\u00e1m\u00e1ra.<\/p>\n<p data-start=\"1993\" data-end=\"2155\">A felhaszn\u00e1l\u00f3k b\u00edznak abban, hogy ez a g\u00e9p m\u00e9g szab\u00e1lytalan fel\u00fcleteken is sima fel\u00fcletet biztos\u00edt, k\u00f6sz\u00f6nhet\u0151en a Honda motorral hajtott konzisztenci\u00e1nak \u00e9s a felhaszn\u00e1l\u00f3bar\u00e1t kialak\u00edt\u00e1snak.<\/p>\n<p><iframe title=\"motoros sim\u00edt\u00f3, k\u00e9zi nyom\u00f3 motoros sim\u00edt\u00f3, sim\u00edt\u00f3, beton #sim\u00edt\u00f3 #powertrowe#concrete\" width=\"720\" height=\"405\" src=\"https:\/\/www.youtube.com\/embed\/pa6AuNhMrwI?feature=oembed\" frameborder=\"0\" allow=\"accelerometer; autoplay; clipboard-write; encrypted-media; gyroscope; picture-in-picture; web-share\" referrerpolicy=\"strict-origin-when-cross-origin\" allowfullscreen><\/iframe><\/p>","protected":false},"excerpt":{"rendered":"<p>A Honda-motorral felszerelt PTH-H80\/90 j\u00e1r\u00f3keretes sim\u00edt\u00f3g\u00e9p er\u0151teljes \u00e9s prec\u00edz betonmegmunk\u00e1l\u00e1st biztos\u00edt k\u00f6zepes m\u00e9ret\u0171 \u00e9p\u00edt\u00e9si projektekhez \u00e9s f\u00f6d\u00e9mekhez.<\/p>","protected":false},"featured_media":9182,"template":"","meta":{"_kad_post_transparent":"default","_kad_post_title":"","_kad_post_layout":"default","_kad_post_sidebar_id":"","_kad_post_content_style":"default","_kad_post_vertical_padding":"default","_kad_post_feature":"","_kad_post_feature_position":"","_kad_post_header":false,"_kad_post_footer":false},"product_brand":[],"product_cat":[55],"product_tag":[1084,1083,1087,1081,1086,1085,1089,1088,1090,1082],"class_list":{"0":"post-9181","1":"product","2":"type-product","3":"status-publish","4":"has-post-thumbnail","6":"product_cat-walk-behind-power-trowel","7":"product_tag-cement-power-trowel","8":"product_tag-concrete-finishing-trowel","9":"product_tag-concrete-floor-finishing-machine","10":"product_tag-concrete-power-trowel","11":"product_tag-electric-walk-behind-trowel","12":"product_tag-gasoline-power-trowel","13":"product_tag-hand-operated-power-trowel","14":"product_tag-manual-power-trowel","15":"product_tag-walk-behind-concrete-finishing-machine","16":"product_tag-walk-behind-trowel-machine","18":"first","19":"instock","20":"shipping-taxable","21":"product-type-simple","22":"entry","23":"content-bg","24":"loop-entry"},"yoast_head":"<!-- This site is optimized with the Yoast SEO plugin v25.3.1 - https:\/\/yoast.com\/wordpress\/plugins\/seo\/ -->\n<title>Walk-Behind Power Trowel PTH-H80\/90 - HSY Construction Machinery<\/title>\n<meta name=\"description\" content=\"Walk-Behind Power Trowel PTH-H80\/90 with Honda engine ensures reliable, wide-area concrete surface finishing for driveways, factory floors, and commercial slabs.\" \/>\n<meta name=\"robots\" content=\"index, follow, max-snippet:-1, max-image-preview:large, max-video-preview:-1\" \/>\n<link rel=\"canonical\" href=\"https:\/\/www.hsymachinery.com\/hu\/termek\/jarkalos-simitogep-pth-h80-90\/\" \/>\n<meta property=\"og:locale\" content=\"hu_HU\" \/>\n<meta property=\"og:type\" content=\"article\" \/>\n<meta property=\"og:title\" content=\"Walk-Behind Power Trowel PTH-H80\/90 - HSY Construction Machinery\" \/>\n<meta property=\"og:description\" content=\"Walk-Behind Power Trowel PTH-H80\/90 with Honda engine ensures reliable, wide-area concrete surface finishing for driveways, factory floors, and commercial slabs.\" \/>\n<meta property=\"og:url\" content=\"https:\/\/www.hsymachinery.com\/hu\/termek\/jarkalos-simitogep-pth-h80-90\/\" \/>\n<meta property=\"og:site_name\" content=\"HSY Construction Machinery\" \/>\n<meta property=\"article:modified_time\" content=\"2025-06-28T14:20:29+00:00\" \/>\n<meta property=\"og:image\" content=\"https:\/\/www.hsymachinery.com\/wp-content\/uploads\/2025\/06\/Walk-Behind-Power-Trowel-PTH-H80.jpg\" \/>\n\t<meta property=\"og:image:width\" content=\"600\" \/>\n\t<meta property=\"og:image:height\" content=\"738\" \/>\n\t<meta property=\"og:image:type\" content=\"image\/jpeg\" \/>\n<meta name=\"twitter:card\" content=\"summary_large_image\" \/>\n<meta name=\"twitter:label1\" content=\"Becs\u00fclt olvas\u00e1si id\u0151\" \/>\n\t<meta name=\"twitter:data1\" content=\"2 perc\" \/>\n<script type=\"application\/ld+json\" class=\"yoast-schema-graph\">{\"@context\":\"https:\/\/schema.org\",\"@graph\":[{\"@type\":\"WebPage\",\"@id\":\"https:\/\/www.hsymachinery.com\/product\/walk-behind-power-trowel-pth-h80-90\/\",\"url\":\"https:\/\/www.hsymachinery.com\/product\/walk-behind-power-trowel-pth-h80-90\/\",\"name\":\"Walk-Behind Power Trowel PTH-H80\/90 - HSY Construction Machinery\",\"isPartOf\":{\"@id\":\"https:\/\/www.hsymachinery.com\/#website\"},\"primaryImageOfPage\":{\"@id\":\"https:\/\/www.hsymachinery.com\/product\/walk-behind-power-trowel-pth-h80-90\/#primaryimage\"},\"image\":{\"@id\":\"https:\/\/www.hsymachinery.com\/product\/walk-behind-power-trowel-pth-h80-90\/#primaryimage\"},\"thumbnailUrl\":\"https:\/\/www.hsymachinery.com\/wp-content\/uploads\/2025\/06\/Walk-Behind-Power-Trowel-PTH-H80.jpg\",\"datePublished\":\"2025-06-18T10:32:50+00:00\",\"dateModified\":\"2025-06-28T14:20:29+00:00\",\"description\":\"Walk-Behind Power Trowel PTH-H80\/90 with Honda engine ensures reliable, wide-area concrete surface finishing for driveways, factory floors, and commercial slabs.\",\"breadcrumb\":{\"@id\":\"https:\/\/www.hsymachinery.com\/product\/walk-behind-power-trowel-pth-h80-90\/#breadcrumb\"},\"inLanguage\":\"hu\",\"potentialAction\":[{\"@type\":\"ReadAction\",\"target\":[\"https:\/\/www.hsymachinery.com\/product\/walk-behind-power-trowel-pth-h80-90\/\"]}]},{\"@type\":\"ImageObject\",\"inLanguage\":\"hu\",\"@id\":\"https:\/\/www.hsymachinery.com\/product\/walk-behind-power-trowel-pth-h80-90\/#primaryimage\",\"url\":\"https:\/\/www.hsymachinery.com\/wp-content\/uploads\/2025\/06\/Walk-Behind-Power-Trowel-PTH-H80.jpg\",\"contentUrl\":\"https:\/\/www.hsymachinery.com\/wp-content\/uploads\/2025\/06\/Walk-Behind-Power-Trowel-PTH-H80.jpg\",\"width\":600,\"height\":738},{\"@type\":\"BreadcrumbList\",\"@id\":\"https:\/\/www.hsymachinery.com\/product\/walk-behind-power-trowel-pth-h80-90\/#breadcrumb\",\"itemListElement\":[{\"@type\":\"ListItem\",\"position\":1,\"name\":\"home\",\"item\":\"https:\/\/www.hsymachinery.com\/\"},{\"@type\":\"ListItem\",\"position\":2,\"name\":\"products\",\"item\":\"https:\/\/www.hsymachinery.com\/products\/\"},{\"@type\":\"ListItem\",\"position\":3,\"name\":\"Walk-Behind Power Trowel PTH-H80\/90\"}]},{\"@type\":\"WebSite\",\"@id\":\"https:\/\/www.hsymachinery.com\/#website\",\"url\":\"https:\/\/www.hsymachinery.com\/\",\"name\":\"HSY Construction Machinery\",\"description\":\"HSY Machinery \u2013 A leading China construction machinery supplier, offering a wide range of light construction equipment. Our main products include Rebar Cutting Machine, Rebar Bending Machine, Rebar Stirrup Bending Machine, Rebar Arc Bending Machine, Rebar Straightening Machine, Five-Head Rebar Stirrup Bending Machine, Tamping Rammer, Plate Compactor, Concrete Cutter, Power Trowel, and other construction machinery. We are equipped with advanced CNC machines, and we enforce strict quality inspection standards along with comprehensive after-sales service. If you are interested in our products or services, we warmly welcome your inquiries via message.\",\"publisher\":{\"@id\":\"https:\/\/www.hsymachinery.com\/#organization\"},\"potentialAction\":[{\"@type\":\"SearchAction\",\"target\":{\"@type\":\"EntryPoint\",\"urlTemplate\":\"https:\/\/www.hsymachinery.com\/?s={search_term_string}\"},\"query-input\":{\"@type\":\"PropertyValueSpecification\",\"valueRequired\":true,\"valueName\":\"search_term_string\"}}],\"inLanguage\":\"hu\"},{\"@type\":\"Organization\",\"@id\":\"https:\/\/www.hsymachinery.com\/#organization\",\"name\":\"HSY Construction Machinery\",\"url\":\"https:\/\/www.hsymachinery.com\/\",\"logo\":{\"@type\":\"ImageObject\",\"inLanguage\":\"hu\",\"@id\":\"https:\/\/www.hsymachinery.com\/#\/schema\/logo\/image\/\",\"url\":\"https:\/\/www.hsymachinery.com\/wp-content\/uploads\/2025\/06\/cropped-HSY-machinery.png\",\"contentUrl\":\"https:\/\/www.hsymachinery.com\/wp-content\/uploads\/2025\/06\/cropped-HSY-machinery.png\",\"width\":600,\"height\":240,\"caption\":\"HSY Construction Machinery\"},\"image\":{\"@id\":\"https:\/\/www.hsymachinery.com\/#\/schema\/logo\/image\/\"}}]}<\/script>\n<!-- \/ Yoast SEO plugin. -->","yoast_head_json":{"title":"PTH-H80\/90 j\u00e1r\u00f3keretes sim\u00edt\u00f3g\u00e9p - HSY \u00c9p\u00edt\u0151ipari g\u00e9pek","description":"A Honda-motorral felszerelt PTH-H80\/90 j\u00e1r\u00f3keretes sim\u00edt\u00f3g\u00e9p megb\u00edzhat\u00f3, nagy fel\u00fclet\u0171 betonfel\u00fclet-jav\u00edt\u00e1st biztos\u00edt felhajt\u00f3k, gy\u00e1ri padl\u00f3k \u00e9s kereskedelmi f\u00f6d\u00e9mek sz\u00e1m\u00e1ra.","robots":{"index":"index","follow":"follow","max-snippet":"max-snippet:-1","max-image-preview":"max-image-preview:large","max-video-preview":"max-video-preview:-1"},"canonical":"https:\/\/www.hsymachinery.com\/hu\/termek\/jarkalos-simitogep-pth-h80-90\/","og_locale":"hu_HU","og_type":"article","og_title":"Walk-Behind Power Trowel PTH-H80\/90 - HSY Construction Machinery","og_description":"Walk-Behind Power Trowel PTH-H80\/90 with Honda engine ensures reliable, wide-area concrete surface finishing for driveways, factory floors, and commercial slabs.","og_url":"https:\/\/www.hsymachinery.com\/hu\/termek\/jarkalos-simitogep-pth-h80-90\/","og_site_name":"HSY Construction Machinery","article_modified_time":"2025-06-28T14:20:29+00:00","og_image":[{"width":600,"height":738,"url":"https:\/\/www.hsymachinery.com\/wp-content\/uploads\/2025\/06\/Walk-Behind-Power-Trowel-PTH-H80.jpg","type":"image\/jpeg"}],"twitter_card":"summary_large_image","twitter_misc":{"Becs\u00fclt olvas\u00e1si id\u0151":"2 perc"},"schema":{"@context":"https:\/\/schema.org","@graph":[{"@type":"WebPage","@id":"https:\/\/www.hsymachinery.com\/product\/walk-behind-power-trowel-pth-h80-90\/","url":"https:\/\/www.hsymachinery.com\/product\/walk-behind-power-trowel-pth-h80-90\/","name":"PTH-H80\/90 j\u00e1r\u00f3keretes sim\u00edt\u00f3g\u00e9p - HSY \u00c9p\u00edt\u0151ipari g\u00e9pek","isPartOf":{"@id":"https:\/\/www.hsymachinery.com\/#website"},"primaryImageOfPage":{"@id":"https:\/\/www.hsymachinery.com\/product\/walk-behind-power-trowel-pth-h80-90\/#primaryimage"},"image":{"@id":"https:\/\/www.hsymachinery.com\/product\/walk-behind-power-trowel-pth-h80-90\/#primaryimage"},"thumbnailUrl":"https:\/\/www.hsymachinery.com\/wp-content\/uploads\/2025\/06\/Walk-Behind-Power-Trowel-PTH-H80.jpg","datePublished":"2025-06-18T10:32:50+00:00","dateModified":"2025-06-28T14:20:29+00:00","description":"A Honda-motorral felszerelt PTH-H80\/90 j\u00e1r\u00f3keretes sim\u00edt\u00f3g\u00e9p megb\u00edzhat\u00f3, nagy fel\u00fclet\u0171 betonfel\u00fclet-jav\u00edt\u00e1st biztos\u00edt felhajt\u00f3k, gy\u00e1ri padl\u00f3k \u00e9s kereskedelmi f\u00f6d\u00e9mek sz\u00e1m\u00e1ra.","breadcrumb":{"@id":"https:\/\/www.hsymachinery.com\/product\/walk-behind-power-trowel-pth-h80-90\/#breadcrumb"},"inLanguage":"hu","potentialAction":[{"@type":"ReadAction","target":["https:\/\/www.hsymachinery.com\/product\/walk-behind-power-trowel-pth-h80-90\/"]}]},{"@type":"ImageObject","inLanguage":"hu","@id":"https:\/\/www.hsymachinery.com\/product\/walk-behind-power-trowel-pth-h80-90\/#primaryimage","url":"https:\/\/www.hsymachinery.com\/wp-content\/uploads\/2025\/06\/Walk-Behind-Power-Trowel-PTH-H80.jpg","contentUrl":"https:\/\/www.hsymachinery.com\/wp-content\/uploads\/2025\/06\/Walk-Behind-Power-Trowel-PTH-H80.jpg","width":600,"height":738},{"@type":"BreadcrumbList","@id":"https:\/\/www.hsymachinery.com\/product\/walk-behind-power-trowel-pth-h80-90\/#breadcrumb","itemListElement":[{"@type":"ListItem","position":1,"name":"home","item":"https:\/\/www.hsymachinery.com\/"},{"@type":"ListItem","position":2,"name":"products","item":"https:\/\/www.hsymachinery.com\/products\/"},{"@type":"ListItem","position":3,"name":"Walk-Behind Power Trowel PTH-H80\/90"}]},{"@type":"WebSite","@id":"https:\/\/www.hsymachinery.com\/#website","url":"https:\/\/www.hsymachinery.com\/","name":"HSY \u00e9p\u00edt\u0151ipari g\u00e9pek","description":"HSY Machinery - K\u00edna vezet\u0151 \u00e9p\u00edt\u0151ipari g\u00e9pgy\u00e1rt\u00f3 v\u00e1llalata, amely k\u00f6nny\u0171 \u00e9p\u00edt\u0151ipari berendez\u00e9sek sz\u00e9les v\u00e1laszt\u00e9k\u00e1t k\u00edn\u00e1lja. F\u0151 term\u00e9keink k\u00f6z\u00e9 tartozik az \u00fajj\u00e1\u00e9p\u00edt\u00e9si v\u00e1g\u00f3g\u00e9p, az \u00fajj\u00e1\u00e9p\u00edt\u00e9si hajl\u00edt\u00f3g\u00e9p, az \u00fajj\u00e1\u00e9p\u00edt\u00e9si kengyelhajl\u00edt\u00f3 g\u00e9p, az \u00fajj\u00e1\u00e9p\u00edt\u00e9si \u00edvhajl\u00edt\u00f3 g\u00e9p, az \u00fajj\u00e1\u00e9p\u00edt\u00e9si egyenes\u00edt\u0151 g\u00e9p, az \u00f6tfej\u0171 \u00fajj\u00e1\u00e9p\u00edt\u00e9si kengyelhajl\u00edt\u00f3 g\u00e9p, a d\u00f6ng\u00f6l\u0151 rammer, a lemezkompaktor, a betonv\u00e1g\u00f3, a villanymotoros sim\u00edt\u00f3 \u00e9s m\u00e1s \u00e9p\u00edt\u0151ipari g\u00e9pek. Fejlett CNC-g\u00e9pekkel vagyunk felszerelve, \u00e9s szigor\u00fa min\u0151s\u00e9gellen\u0151rz\u00e9si szabv\u00e1nyokat \u00e9rv\u00e9nyes\u00edt\u00fcnk az \u00e1tfog\u00f3 \u00e9rt\u00e9kes\u00edt\u00e9s ut\u00e1ni szolg\u00e1ltat\u00e1ssal egy\u00fctt. Ha \u00e9rdeklik term\u00e9keink vagy szolg\u00e1ltat\u00e1saink, sz\u00edvesen fogadjuk \u00e9rdekl\u0151d\u00e9s\u00e9t \u00fczenetben.","publisher":{"@id":"https:\/\/www.hsymachinery.com\/#organization"},"potentialAction":[{"@type":"SearchAction","target":{"@type":"EntryPoint","urlTemplate":"https:\/\/www.hsymachinery.com\/?s={search_term_string}"},"query-input":{"@type":"PropertyValueSpecification","valueRequired":true,"valueName":"search_term_string"}}],"inLanguage":"hu"},{"@type":"Organization","@id":"https:\/\/www.hsymachinery.com\/#organization","name":"HSY \u00e9p\u00edt\u0151ipari g\u00e9pek","url":"https:\/\/www.hsymachinery.com\/","logo":{"@type":"ImageObject","inLanguage":"hu","@id":"https:\/\/www.hsymachinery.com\/#\/schema\/logo\/image\/","url":"https:\/\/www.hsymachinery.com\/wp-content\/uploads\/2025\/06\/cropped-HSY-machinery.png","contentUrl":"https:\/\/www.hsymachinery.com\/wp-content\/uploads\/2025\/06\/cropped-HSY-machinery.png","width":600,"height":240,"caption":"HSY Construction Machinery"},"image":{"@id":"https:\/\/www.hsymachinery.com\/#\/schema\/logo\/image\/"}}]}},"_links":{"self":[{"href":"https:\/\/www.hsymachinery.com\/hu\/wp-json\/wp\/v2\/product\/9181","targetHints":{"allow":["GET"]}}],"collection":[{"href":"https:\/\/www.hsymachinery.com\/hu\/wp-json\/wp\/v2\/product"}],"about":[{"href":"https:\/\/www.hsymachinery.com\/hu\/wp-json\/wp\/v2\/types\/product"}],"version-history":[{"count":3,"href":"https:\/\/www.hsymachinery.com\/hu\/wp-json\/wp\/v2\/product\/9181\/revisions"}],"predecessor-version":[{"id":9585,"href":"https:\/\/www.hsymachinery.com\/hu\/wp-json\/wp\/v2\/product\/9181\/revisions\/9585"}],"wp:featuredmedia":[{"embeddable":true,"href":"https:\/\/www.hsymachinery.com\/hu\/wp-json\/wp\/v2\/media\/9182"}],"wp:attachment":[{"href":"https:\/\/www.hsymachinery.com\/hu\/wp-json\/wp\/v2\/media?parent=9181"}],"wp:term":[{"taxonomy":"product_brand","embeddable":true,"href":"https:\/\/www.hsymachinery.com\/hu\/wp-json\/wp\/v2\/product_brand?post=9181"},{"taxonomy":"product_cat","embeddable":true,"href":"https:\/\/www.hsymachinery.com\/hu\/wp-json\/wp\/v2\/product_cat?post=9181"},{"taxonomy":"product_tag","embeddable":true,"href":"https:\/\/www.hsymachinery.com\/hu\/wp-json\/wp\/v2\/product_tag?post=9181"}],"curies":[{"name":"wp","href":"https:\/\/api.w.org\/{rel}","templated":true}]}}