{"id":9178,"date":"2025-06-18T18:31:27","date_gmt":"2025-06-18T10:31:27","guid":{"rendered":"https:\/\/www.hsymachinery.com\/?post_type=product&#038;p=9178"},"modified":"2025-06-28T22:14:22","modified_gmt":"2025-06-28T14:14:22","slug":"jarkalos-simitogep-pth-h60-70","status":"publish","type":"product","link":"https:\/\/www.hsymachinery.com\/hu\/termek\/jarkalos-simitogep-pth-h60-70\/","title":{"rendered":"PTH-H60\/70 j\u00e1r\u00f3keretes sim\u00edt\u00f3g\u00e9p"},"content":{"rendered":"<h2 data-start=\"124\" data-end=\"167\">PTH-H60\/70 j\u00e1r\u00f3keretes sim\u00edt\u00f3g\u00e9p<\/h2>\n<h3 data-start=\"168\" data-end=\"271\">PTH-H60\/70 Honda motoros beton sim\u00edt\u00f3 | Kompakt teljes\u00edtm\u00e9ny\u0171 befejez\u0151 szersz\u00e1m sz\u0171k helyeken t\u00f6rt\u00e9n\u0151 munkav\u00e9gz\u00e9shez<\/h3>\n<h3 data-start=\"278\" data-end=\"369\">Term\u00e9kle\u00edr\u00e1s - Megb\u00edzhat\u00f3 kisipari betonoz\u00e1s Honda-teljes\u00edtm\u00e9nnyel<a href=\"https:\/\/www.hsymachinery.com\/hu\/termekek\/jarkalos-simitogep\/\" target=\"_blank\" rel=\"noopener\"><img fetchpriority=\"high\" decoding=\"async\" class=\"wp-image-9179 alignright\" src=\"https:\/\/www.hsymachinery.com\/wp-content\/uploads\/2025\/06\/Walk-Behind-Power-Trowel-PTH-H60-244x300.jpg\" alt=\"\" width=\"452\" height=\"556\" srcset=\"https:\/\/www.hsymachinery.com\/wp-content\/uploads\/2025\/06\/Walk-Behind-Power-Trowel-PTH-H60-244x300.jpg 244w, https:\/\/www.hsymachinery.com\/wp-content\/uploads\/2025\/06\/Walk-Behind-Power-Trowel-PTH-H60.jpg 600w\" sizes=\"(max-width: 452px) 100vw, 452px\" \/><\/a><\/h3>\n<p data-start=\"371\" data-end=\"761\">A <strong data-start=\"375\" data-end=\"414\">PTH-H60\/70 j\u00e1r\u00f3keretes sim\u00edt\u00f3g\u00e9p<\/strong> egy kompakt \u00e9s mozg\u00e9kony betonfeldolgoz\u00f3 g\u00e9p, amelyet egy kiv\u00e1l\u00f3 min\u0151s\u00e9g\u0171 Honda benzinmotor hajt. A sz\u0171k helyekre \u00e9s lakoss\u00e1gi projektekhez tervezett g\u00e9p a megb\u00edzhat\u00f3 motorteljes\u00edtm\u00e9nyt k\u00f6nny\u0171 man\u0151verezhet\u0151s\u00e9ggel \u00f6tv\u00f6zi, \u00edgy ide\u00e1lis j\u00e1rd\u00e1k, torn\u00e1cok, bels\u0151 padl\u00f3k \u00e9s m\u00e1s korl\u00e1tozottan hozz\u00e1f\u00e9rhet\u0151 z\u00f3n\u00e1k burkol\u00e1s\u00e1ra.<\/p>\n<p data-start=\"763\" data-end=\"1093\">Kisebb m\u00e9rete ellen\u00e9re a PTH-H60\/70 egyenletes fel\u00fcletsim\u00edt\u00e1st biztos\u00edt, k\u00f6sz\u00f6nhet\u0151en a prec\u00edzi\u00f3s k\u00e9soszt\u00e1s-szab\u00e1lyoz\u00e1snak, a stabil v\u00e9d\u0151gy\u0171r\u0171nek \u00e9s a meger\u0151s\u00edtett hajt\u00f3m\u0171nek. A sim\u00edt\u00f3 kialak\u00edt\u00e1s\u00e1n\u00e1l a kezel\u0151 k\u00e9nyelm\u00e9t helyezt\u00e9k el\u0151t\u00e9rbe, ergonomikus, \u00f6sszecsukhat\u00f3 foganty\u00faval, alacsony rezg\u00e9ssz\u00e1mmal \u00e9s k\u00f6nny\u0171szerkezetes kialak\u00edt\u00e1ssal.<\/p>\n<p data-start=\"1095\" data-end=\"1243\">A Honda-szint\u0171 megb\u00edzhat\u00f3s\u00e1got, hat\u00e9kony \u00fczemanyag-felhaszn\u00e1l\u00e1st \u00e9s professzion\u00e1lis min\u0151s\u00e9g\u0171 kivitelez\u00e9st keres\u0151 v\u00e1llalkoz\u00f3k sz\u00e1m\u00e1ra ez a g\u00e9p minden krit\u00e9riumnak megfelel.<\/p>\n<h3 data-start=\"1250\" data-end=\"1305\">A PTH-H60\/70 beton sim\u00edt\u00f3 f\u0151 jellemz\u0151i<\/h3>\n<ul data-start=\"1307\" data-end=\"1636\">\n<li data-start=\"1307\" data-end=\"1357\">\n<p data-start=\"1309\" data-end=\"1357\">Megb\u00edzhat\u00f3 Honda benzinmotorral felszerelve<\/p>\n<\/li>\n<li data-start=\"1358\" data-end=\"1415\">\n<p data-start=\"1360\" data-end=\"1415\">60-70 cm-es sim\u00edt\u00f3 \u00e1tm\u00e9r\u0151 a sz\u0171k helyeken t\u00f6rt\u00e9n\u0151 alkalmaz\u00e1shoz<\/p>\n<\/li>\n<li data-start=\"1416\" data-end=\"1470\">\n<p data-start=\"1418\" data-end=\"1470\">\u00c1ll\u00edthat\u00f3 lap\u00e1toszt\u00e1s a k\u00fcl\u00f6nb\u00f6z\u0151 fel\u00fcleti text\u00far\u00e1khoz<\/p>\n<\/li>\n<li data-start=\"1471\" data-end=\"1520\">\n<p data-start=\"1473\" data-end=\"1520\">\u00d6sszecsukhat\u00f3 \u00e9s rezg\u00e9scsillap\u00edtott foganty\u00fa kialak\u00edt\u00e1sa<\/p>\n<\/li>\n<li data-start=\"1521\" data-end=\"1581\">\n<p data-start=\"1523\" data-end=\"1581\">Robusztus hajt\u00f3m\u0171 \u00e9s p\u00f3kh\u00e1l\u00f3s egys\u00e9g a hossz\u00fa \u00e9lettartam \u00e9rdek\u00e9ben<\/p>\n<\/li>\n<li data-start=\"1582\" data-end=\"1636\">\n<p data-start=\"1584\" data-end=\"1636\">K\u00f6nny\u0171, m\u00e9gis tart\u00f3s a k\u00f6nny\u0171 sz\u00e1ll\u00edt\u00e1s \u00e9s haszn\u00e1lat \u00e9rdek\u00e9ben<\/p>\n<\/li>\n<\/ul>\n<h3 data-start=\"1643\" data-end=\"1726\">Alkalmaz\u00e1sok - T\u00f6k\u00e9letes j\u00e1rd\u00e1khoz, kis f\u00f6d\u00e9mekhez, gar\u00e1zsokhoz \u00e9s bels\u0151 padl\u00f3burkolatokhoz.<\/h3>\n<p data-start=\"1728\" data-end=\"1994\">A PTH-H60\/70 kifejezetten a kis ter\u00fclet\u0171 betonfeldolgoz\u00e1shoz k\u00e9sz\u00fclt, k\u00fcl\u00f6n\u00f6sen ott, ahol kev\u00e9s a hely \u00e9s precizit\u00e1sra van sz\u00fcks\u00e9g. Kiv\u00e9telesen j\u00f3l teljes\u00edt a lak\u00f3h\u00e1zak padl\u00f3in, gar\u00e1zsbet\u00e9teken, l\u00e9pcs\u0151lej\u00e1r\u00f3kon \u00e9s keskeny peremf\u00f6d\u00e9meken.<\/p>\n<p data-start=\"1996\" data-end=\"2149\">A v\u00e1llalkoz\u00f3k ezt a modellt akkor r\u00e9szes\u00edtik el\u0151nyben, ha megb\u00edzhat\u00f3 teljes\u00edtm\u00e9nyre, kiv\u00e1l\u00f3 \u00fczemanyag-fogyaszt\u00e1sra \u00e9s k\u00f6nny\u0171 man\u0151verezhet\u0151s\u00e9gre van sz\u00fcks\u00e9g\u00fck a sz\u0171k munkater\u00fcleten.<\/p>\n<p><iframe title=\"motoros sim\u00edt\u00f3, k\u00e9zi nyom\u00f3 motoros sim\u00edt\u00f3, sim\u00edt\u00f3, beton #sim\u00edt\u00f3 #powertrowe#concrete\" width=\"720\" height=\"405\" src=\"https:\/\/www.youtube.com\/embed\/pa6AuNhMrwI?feature=oembed\" frameborder=\"0\" allow=\"accelerometer; autoplay; clipboard-write; encrypted-media; gyroscope; picture-in-picture; web-share\" referrerpolicy=\"strict-origin-when-cross-origin\" allowfullscreen><\/iframe><\/p>","protected":false},"excerpt":{"rendered":"<p>A Honda motorral hajtott PTH-H60\/70 beton sim\u00edt\u00f3 precizit\u00e1st \u00e9s ir\u00e1ny\u00edthat\u00f3s\u00e1got biztos\u00edt a kis \u00e9s keskeny beton munkater\u00fcletek sima befejez\u00e9s\u00e9hez.<\/p>","protected":false},"featured_media":9179,"template":"","meta":{"_kad_post_transparent":"default","_kad_post_title":"","_kad_post_layout":"default","_kad_post_sidebar_id":"","_kad_post_content_style":"default","_kad_post_vertical_padding":"default","_kad_post_feature":"","_kad_post_feature_position":"","_kad_post_header":false,"_kad_post_footer":false},"product_brand":[],"product_cat":[55],"product_tag":[1084,1083,1087,1081,1086,1085,1089,1088,1090,1082],"class_list":{"0":"post-9178","1":"product","2":"type-product","3":"status-publish","4":"has-post-thumbnail","6":"product_cat-walk-behind-power-trowel","7":"product_tag-cement-power-trowel","8":"product_tag-concrete-finishing-trowel","9":"product_tag-concrete-floor-finishing-machine","10":"product_tag-concrete-power-trowel","11":"product_tag-electric-walk-behind-trowel","12":"product_tag-gasoline-power-trowel","13":"product_tag-hand-operated-power-trowel","14":"product_tag-manual-power-trowel","15":"product_tag-walk-behind-concrete-finishing-machine","16":"product_tag-walk-behind-trowel-machine","18":"first","19":"instock","20":"shipping-taxable","21":"product-type-simple","22":"entry","23":"content-bg","24":"loop-entry"},"yoast_head":"<!-- This site is optimized with the Yoast SEO plugin v25.3.1 - https:\/\/yoast.com\/wordpress\/plugins\/seo\/ -->\n<title>Walk-Behind Power Trowel PTH-H60\/70 - HSY Construction Machinery<\/title>\n<meta name=\"description\" content=\"Walk-Behind Power Trowel PTH-H60\/70 with Honda engine offers precise, efficient concrete finishing in small slabs, walkways, and confined construction zones.\" \/>\n<meta name=\"robots\" content=\"index, follow, max-snippet:-1, max-image-preview:large, max-video-preview:-1\" \/>\n<link rel=\"canonical\" href=\"https:\/\/www.hsymachinery.com\/hu\/termek\/jarkalos-simitogep-pth-h60-70\/\" \/>\n<meta property=\"og:locale\" content=\"hu_HU\" \/>\n<meta property=\"og:type\" content=\"article\" \/>\n<meta property=\"og:title\" content=\"Walk-Behind Power Trowel PTH-H60\/70 - HSY Construction Machinery\" \/>\n<meta property=\"og:description\" content=\"Walk-Behind Power Trowel PTH-H60\/70 with Honda engine offers precise, efficient concrete finishing in small slabs, walkways, and confined construction zones.\" \/>\n<meta property=\"og:url\" content=\"https:\/\/www.hsymachinery.com\/hu\/termek\/jarkalos-simitogep-pth-h60-70\/\" \/>\n<meta property=\"og:site_name\" content=\"HSY Construction Machinery\" \/>\n<meta property=\"article:modified_time\" content=\"2025-06-28T14:14:22+00:00\" \/>\n<meta property=\"og:image\" content=\"https:\/\/www.hsymachinery.com\/wp-content\/uploads\/2025\/06\/Walk-Behind-Power-Trowel-PTH-H60.jpg\" \/>\n\t<meta property=\"og:image:width\" content=\"600\" \/>\n\t<meta property=\"og:image:height\" content=\"738\" \/>\n\t<meta property=\"og:image:type\" content=\"image\/jpeg\" \/>\n<meta name=\"twitter:card\" content=\"summary_large_image\" \/>\n<meta name=\"twitter:label1\" content=\"Becs\u00fclt olvas\u00e1si id\u0151\" \/>\n\t<meta name=\"twitter:data1\" content=\"2 perc\" \/>\n<script type=\"application\/ld+json\" class=\"yoast-schema-graph\">{\"@context\":\"https:\/\/schema.org\",\"@graph\":[{\"@type\":\"WebPage\",\"@id\":\"https:\/\/www.hsymachinery.com\/product\/walk-behind-power-trowel-pth-h60-70\/\",\"url\":\"https:\/\/www.hsymachinery.com\/product\/walk-behind-power-trowel-pth-h60-70\/\",\"name\":\"Walk-Behind Power Trowel PTH-H60\/70 - HSY Construction Machinery\",\"isPartOf\":{\"@id\":\"https:\/\/www.hsymachinery.com\/#website\"},\"primaryImageOfPage\":{\"@id\":\"https:\/\/www.hsymachinery.com\/product\/walk-behind-power-trowel-pth-h60-70\/#primaryimage\"},\"image\":{\"@id\":\"https:\/\/www.hsymachinery.com\/product\/walk-behind-power-trowel-pth-h60-70\/#primaryimage\"},\"thumbnailUrl\":\"https:\/\/www.hsymachinery.com\/wp-content\/uploads\/2025\/06\/Walk-Behind-Power-Trowel-PTH-H60.jpg\",\"datePublished\":\"2025-06-18T10:31:27+00:00\",\"dateModified\":\"2025-06-28T14:14:22+00:00\",\"description\":\"Walk-Behind Power Trowel PTH-H60\/70 with Honda engine offers precise, efficient concrete finishing in small slabs, walkways, and confined construction zones.\",\"breadcrumb\":{\"@id\":\"https:\/\/www.hsymachinery.com\/product\/walk-behind-power-trowel-pth-h60-70\/#breadcrumb\"},\"inLanguage\":\"hu\",\"potentialAction\":[{\"@type\":\"ReadAction\",\"target\":[\"https:\/\/www.hsymachinery.com\/product\/walk-behind-power-trowel-pth-h60-70\/\"]}]},{\"@type\":\"ImageObject\",\"inLanguage\":\"hu\",\"@id\":\"https:\/\/www.hsymachinery.com\/product\/walk-behind-power-trowel-pth-h60-70\/#primaryimage\",\"url\":\"https:\/\/www.hsymachinery.com\/wp-content\/uploads\/2025\/06\/Walk-Behind-Power-Trowel-PTH-H60.jpg\",\"contentUrl\":\"https:\/\/www.hsymachinery.com\/wp-content\/uploads\/2025\/06\/Walk-Behind-Power-Trowel-PTH-H60.jpg\",\"width\":600,\"height\":738},{\"@type\":\"BreadcrumbList\",\"@id\":\"https:\/\/www.hsymachinery.com\/product\/walk-behind-power-trowel-pth-h60-70\/#breadcrumb\",\"itemListElement\":[{\"@type\":\"ListItem\",\"position\":1,\"name\":\"home\",\"item\":\"https:\/\/www.hsymachinery.com\/\"},{\"@type\":\"ListItem\",\"position\":2,\"name\":\"products\",\"item\":\"https:\/\/www.hsymachinery.com\/products\/\"},{\"@type\":\"ListItem\",\"position\":3,\"name\":\"Walk-Behind Power Trowel PTH-H60\/70\"}]},{\"@type\":\"WebSite\",\"@id\":\"https:\/\/www.hsymachinery.com\/#website\",\"url\":\"https:\/\/www.hsymachinery.com\/\",\"name\":\"HSY Construction Machinery\",\"description\":\"HSY Machinery \u2013 A leading China construction machinery supplier, offering a wide range of light construction equipment. Our main products include Rebar Cutting Machine, Rebar Bending Machine, Rebar Stirrup Bending Machine, Rebar Arc Bending Machine, Rebar Straightening Machine, Five-Head Rebar Stirrup Bending Machine, Tamping Rammer, Plate Compactor, Concrete Cutter, Power Trowel, and other construction machinery. We are equipped with advanced CNC machines, and we enforce strict quality inspection standards along with comprehensive after-sales service. If you are interested in our products or services, we warmly welcome your inquiries via message.\",\"publisher\":{\"@id\":\"https:\/\/www.hsymachinery.com\/#organization\"},\"potentialAction\":[{\"@type\":\"SearchAction\",\"target\":{\"@type\":\"EntryPoint\",\"urlTemplate\":\"https:\/\/www.hsymachinery.com\/?s={search_term_string}\"},\"query-input\":{\"@type\":\"PropertyValueSpecification\",\"valueRequired\":true,\"valueName\":\"search_term_string\"}}],\"inLanguage\":\"hu\"},{\"@type\":\"Organization\",\"@id\":\"https:\/\/www.hsymachinery.com\/#organization\",\"name\":\"HSY Construction Machinery\",\"url\":\"https:\/\/www.hsymachinery.com\/\",\"logo\":{\"@type\":\"ImageObject\",\"inLanguage\":\"hu\",\"@id\":\"https:\/\/www.hsymachinery.com\/#\/schema\/logo\/image\/\",\"url\":\"https:\/\/www.hsymachinery.com\/wp-content\/uploads\/2025\/06\/cropped-HSY-machinery.png\",\"contentUrl\":\"https:\/\/www.hsymachinery.com\/wp-content\/uploads\/2025\/06\/cropped-HSY-machinery.png\",\"width\":600,\"height\":240,\"caption\":\"HSY Construction Machinery\"},\"image\":{\"@id\":\"https:\/\/www.hsymachinery.com\/#\/schema\/logo\/image\/\"}}]}<\/script>\n<!-- \/ Yoast SEO plugin. -->","yoast_head_json":{"title":"PTH-H60\/70 j\u00e1r\u00f3hajt\u00e1s\u00fa sim\u00edt\u00f3g\u00e9p - HSY \u00c9p\u00edt\u0151ipari G\u00e9pgy\u00e1rt\u00e1s","description":"A Honda-motorral felszerelt PTH-H60\/70 j\u00e1r\u00f3keretes sim\u00edt\u00f3g\u00e9p prec\u00edz \u00e9s hat\u00e9kony betonkik\u00e9sz\u00edt\u00e9st biztos\u00edt kis f\u00f6d\u00e9mek, j\u00e1rd\u00e1k \u00e9s sz\u0171k \u00e9p\u00edt\u00e9si z\u00f3n\u00e1k eset\u00e9n.","robots":{"index":"index","follow":"follow","max-snippet":"max-snippet:-1","max-image-preview":"max-image-preview:large","max-video-preview":"max-video-preview:-1"},"canonical":"https:\/\/www.hsymachinery.com\/hu\/termek\/jarkalos-simitogep-pth-h60-70\/","og_locale":"hu_HU","og_type":"article","og_title":"Walk-Behind Power Trowel PTH-H60\/70 - HSY Construction Machinery","og_description":"Walk-Behind Power Trowel PTH-H60\/70 with Honda engine offers precise, efficient concrete finishing in small slabs, walkways, and confined construction zones.","og_url":"https:\/\/www.hsymachinery.com\/hu\/termek\/jarkalos-simitogep-pth-h60-70\/","og_site_name":"HSY Construction Machinery","article_modified_time":"2025-06-28T14:14:22+00:00","og_image":[{"width":600,"height":738,"url":"https:\/\/www.hsymachinery.com\/wp-content\/uploads\/2025\/06\/Walk-Behind-Power-Trowel-PTH-H60.jpg","type":"image\/jpeg"}],"twitter_card":"summary_large_image","twitter_misc":{"Becs\u00fclt olvas\u00e1si id\u0151":"2 perc"},"schema":{"@context":"https:\/\/schema.org","@graph":[{"@type":"WebPage","@id":"https:\/\/www.hsymachinery.com\/product\/walk-behind-power-trowel-pth-h60-70\/","url":"https:\/\/www.hsymachinery.com\/product\/walk-behind-power-trowel-pth-h60-70\/","name":"PTH-H60\/70 j\u00e1r\u00f3hajt\u00e1s\u00fa sim\u00edt\u00f3g\u00e9p - HSY \u00c9p\u00edt\u0151ipari G\u00e9pgy\u00e1rt\u00e1s","isPartOf":{"@id":"https:\/\/www.hsymachinery.com\/#website"},"primaryImageOfPage":{"@id":"https:\/\/www.hsymachinery.com\/product\/walk-behind-power-trowel-pth-h60-70\/#primaryimage"},"image":{"@id":"https:\/\/www.hsymachinery.com\/product\/walk-behind-power-trowel-pth-h60-70\/#primaryimage"},"thumbnailUrl":"https:\/\/www.hsymachinery.com\/wp-content\/uploads\/2025\/06\/Walk-Behind-Power-Trowel-PTH-H60.jpg","datePublished":"2025-06-18T10:31:27+00:00","dateModified":"2025-06-28T14:14:22+00:00","description":"A Honda-motorral felszerelt PTH-H60\/70 j\u00e1r\u00f3keretes sim\u00edt\u00f3g\u00e9p prec\u00edz \u00e9s hat\u00e9kony betonkik\u00e9sz\u00edt\u00e9st biztos\u00edt kis f\u00f6d\u00e9mek, j\u00e1rd\u00e1k \u00e9s sz\u0171k \u00e9p\u00edt\u00e9si z\u00f3n\u00e1k eset\u00e9n.","breadcrumb":{"@id":"https:\/\/www.hsymachinery.com\/product\/walk-behind-power-trowel-pth-h60-70\/#breadcrumb"},"inLanguage":"hu","potentialAction":[{"@type":"ReadAction","target":["https:\/\/www.hsymachinery.com\/product\/walk-behind-power-trowel-pth-h60-70\/"]}]},{"@type":"ImageObject","inLanguage":"hu","@id":"https:\/\/www.hsymachinery.com\/product\/walk-behind-power-trowel-pth-h60-70\/#primaryimage","url":"https:\/\/www.hsymachinery.com\/wp-content\/uploads\/2025\/06\/Walk-Behind-Power-Trowel-PTH-H60.jpg","contentUrl":"https:\/\/www.hsymachinery.com\/wp-content\/uploads\/2025\/06\/Walk-Behind-Power-Trowel-PTH-H60.jpg","width":600,"height":738},{"@type":"BreadcrumbList","@id":"https:\/\/www.hsymachinery.com\/product\/walk-behind-power-trowel-pth-h60-70\/#breadcrumb","itemListElement":[{"@type":"ListItem","position":1,"name":"home","item":"https:\/\/www.hsymachinery.com\/"},{"@type":"ListItem","position":2,"name":"products","item":"https:\/\/www.hsymachinery.com\/products\/"},{"@type":"ListItem","position":3,"name":"Walk-Behind Power Trowel PTH-H60\/70"}]},{"@type":"WebSite","@id":"https:\/\/www.hsymachinery.com\/#website","url":"https:\/\/www.hsymachinery.com\/","name":"HSY \u00e9p\u00edt\u0151ipari g\u00e9pek","description":"HSY Machinery - K\u00edna vezet\u0151 \u00e9p\u00edt\u0151ipari g\u00e9pgy\u00e1rt\u00f3 v\u00e1llalata, amely k\u00f6nny\u0171 \u00e9p\u00edt\u0151ipari berendez\u00e9sek sz\u00e9les v\u00e1laszt\u00e9k\u00e1t k\u00edn\u00e1lja. F\u0151 term\u00e9keink k\u00f6z\u00e9 tartozik az \u00fajj\u00e1\u00e9p\u00edt\u00e9si v\u00e1g\u00f3g\u00e9p, az \u00fajj\u00e1\u00e9p\u00edt\u00e9si hajl\u00edt\u00f3g\u00e9p, az \u00fajj\u00e1\u00e9p\u00edt\u00e9si kengyelhajl\u00edt\u00f3 g\u00e9p, az \u00fajj\u00e1\u00e9p\u00edt\u00e9si \u00edvhajl\u00edt\u00f3 g\u00e9p, az \u00fajj\u00e1\u00e9p\u00edt\u00e9si egyenes\u00edt\u0151 g\u00e9p, az \u00f6tfej\u0171 \u00fajj\u00e1\u00e9p\u00edt\u00e9si kengyelhajl\u00edt\u00f3 g\u00e9p, a d\u00f6ng\u00f6l\u0151 rammer, a lemezkompaktor, a betonv\u00e1g\u00f3, a villanymotoros sim\u00edt\u00f3 \u00e9s m\u00e1s \u00e9p\u00edt\u0151ipari g\u00e9pek. Fejlett CNC-g\u00e9pekkel vagyunk felszerelve, \u00e9s szigor\u00fa min\u0151s\u00e9gellen\u0151rz\u00e9si szabv\u00e1nyokat \u00e9rv\u00e9nyes\u00edt\u00fcnk az \u00e1tfog\u00f3 \u00e9rt\u00e9kes\u00edt\u00e9s ut\u00e1ni szolg\u00e1ltat\u00e1ssal egy\u00fctt. Ha \u00e9rdeklik term\u00e9keink vagy szolg\u00e1ltat\u00e1saink, sz\u00edvesen fogadjuk \u00e9rdekl\u0151d\u00e9s\u00e9t \u00fczenetben.","publisher":{"@id":"https:\/\/www.hsymachinery.com\/#organization"},"potentialAction":[{"@type":"SearchAction","target":{"@type":"EntryPoint","urlTemplate":"https:\/\/www.hsymachinery.com\/?s={search_term_string}"},"query-input":{"@type":"PropertyValueSpecification","valueRequired":true,"valueName":"search_term_string"}}],"inLanguage":"hu"},{"@type":"Organization","@id":"https:\/\/www.hsymachinery.com\/#organization","name":"HSY \u00e9p\u00edt\u0151ipari g\u00e9pek","url":"https:\/\/www.hsymachinery.com\/","logo":{"@type":"ImageObject","inLanguage":"hu","@id":"https:\/\/www.hsymachinery.com\/#\/schema\/logo\/image\/","url":"https:\/\/www.hsymachinery.com\/wp-content\/uploads\/2025\/06\/cropped-HSY-machinery.png","contentUrl":"https:\/\/www.hsymachinery.com\/wp-content\/uploads\/2025\/06\/cropped-HSY-machinery.png","width":600,"height":240,"caption":"HSY Construction Machinery"},"image":{"@id":"https:\/\/www.hsymachinery.com\/#\/schema\/logo\/image\/"}}]}},"_links":{"self":[{"href":"https:\/\/www.hsymachinery.com\/hu\/wp-json\/wp\/v2\/product\/9178","targetHints":{"allow":["GET"]}}],"collection":[{"href":"https:\/\/www.hsymachinery.com\/hu\/wp-json\/wp\/v2\/product"}],"about":[{"href":"https:\/\/www.hsymachinery.com\/hu\/wp-json\/wp\/v2\/types\/product"}],"version-history":[{"count":3,"href":"https:\/\/www.hsymachinery.com\/hu\/wp-json\/wp\/v2\/product\/9178\/revisions"}],"predecessor-version":[{"id":9583,"href":"https:\/\/www.hsymachinery.com\/hu\/wp-json\/wp\/v2\/product\/9178\/revisions\/9583"}],"wp:featuredmedia":[{"embeddable":true,"href":"https:\/\/www.hsymachinery.com\/hu\/wp-json\/wp\/v2\/media\/9179"}],"wp:attachment":[{"href":"https:\/\/www.hsymachinery.com\/hu\/wp-json\/wp\/v2\/media?parent=9178"}],"wp:term":[{"taxonomy":"product_brand","embeddable":true,"href":"https:\/\/www.hsymachinery.com\/hu\/wp-json\/wp\/v2\/product_brand?post=9178"},{"taxonomy":"product_cat","embeddable":true,"href":"https:\/\/www.hsymachinery.com\/hu\/wp-json\/wp\/v2\/product_cat?post=9178"},{"taxonomy":"product_tag","embeddable":true,"href":"https:\/\/www.hsymachinery.com\/hu\/wp-json\/wp\/v2\/product_tag?post=9178"}],"curies":[{"name":"wp","href":"https:\/\/api.w.org\/{rel}","templated":true}]}}