{"id":9163,"date":"2025-06-18T18:18:13","date_gmt":"2025-06-18T10:18:13","guid":{"rendered":"https:\/\/www.hsymachinery.com\/?post_type=product&#038;p=9163"},"modified":"2025-06-28T21:51:41","modified_gmt":"2025-06-28T13:51:41","slug":"jarkalos-simitogep-pth-l60-70","status":"publish","type":"product","link":"https:\/\/www.hsymachinery.com\/hu\/termek\/jarkalos-simitogep-pth-l60-70\/","title":{"rendered":"PTH-L60\/70 j\u00e1r\u00f3keretes sim\u00edt\u00f3g\u00e9p"},"content":{"rendered":"<h2 data-start=\"137\" data-end=\"180\">PTH-L60\/70 j\u00e1r\u00f3keretes sim\u00edt\u00f3g\u00e9p<\/h2>\n<h3 data-start=\"181\" data-end=\"289\">PTH-L60\/70 Walk-Behind sim\u00edt\u00f3g\u00e9p Longxin benzinmotorral | Sima fel\u00fclet betonlapokhoz \u00e9s padl\u00f3khoz<\/h3>\n<h3 data-start=\"296\" data-end=\"391\">Term\u00e9kle\u00edr\u00e1s - Kompakt \u00e9s hat\u00e9kony beton befejez\u0151 g\u00e9p Loncin Powerrel<a href=\"https:\/\/www.hsymachinery.com\/hu\/termekek\/jarkalos-simitogep\/\" target=\"_blank\" rel=\"noopener\"><img fetchpriority=\"high\" decoding=\"async\" class=\"wp-image-9164 alignright\" src=\"https:\/\/www.hsymachinery.com\/wp-content\/uploads\/2025\/06\/Walk-Behind-Power-Trowel-PTH-L60-244x300.jpg\" alt=\"\" width=\"450\" height=\"554\" srcset=\"https:\/\/www.hsymachinery.com\/wp-content\/uploads\/2025\/06\/Walk-Behind-Power-Trowel-PTH-L60-244x300.jpg 244w, https:\/\/www.hsymachinery.com\/wp-content\/uploads\/2025\/06\/Walk-Behind-Power-Trowel-PTH-L60.jpg 600w\" sizes=\"(max-width: 450px) 100vw, 450px\" \/><\/a><\/h3>\n<p data-start=\"393\" data-end=\"846\">A <strong data-start=\"397\" data-end=\"436\">PTH-L60\/70 Walk-Behind motoros sim\u00edt\u00f3g\u00e9p<\/strong> egy kompakt \u00e9s sokoldal\u00fa betonmegmunk\u00e1l\u00f3 eszk\u00f6z, amelyet kis \u00e9s k\u00f6zepes m\u00e9ret\u0171 f\u00f6d\u00e9mek megmunk\u00e1l\u00e1s\u00e1ra terveztek. A Longxin (Loncin) benzinmotorral hajtott modell megb\u00edzhat\u00f3 teljes\u00edtm\u00e9nyt \u00e9s a frissen \u00f6nt\u00f6tt beton hat\u00e9kony sim\u00edt\u00e1s\u00e1t biztos\u00edtja. A k\u00e9tlap\u00e1tos karrendszernek, a prec\u00edzi\u00f3s g\u00e1zszab\u00e1lyoz\u00e1snak \u00e9s a kiegyens\u00falyozott forg\u00f3 v\u00e9d\u0151gy\u0171r\u0171nek k\u00f6sz\u00f6nhet\u0151en minden alkalommal egyenletes, kiv\u00e1l\u00f3 min\u0151s\u00e9g\u0171 fel\u00fcletet biztos\u00edt.<\/p>\n<p data-start=\"848\" data-end=\"1098\">A v\u00e1llalkoz\u00f3k nagyra \u00e9rt\u00e9kelik ennek a sim\u00edt\u00f3nak a man\u0151verezhet\u0151s\u00e9g\u00e9t, k\u00fcl\u00f6n\u00f6sen a sz\u0171k ter\u00fcleteken, p\u00e9ld\u00e1ul h\u00e1zak f\u00f6d\u00e9mein, felhajt\u00f3kon \u00e9s j\u00e1rd\u00e1kon. A robusztus hajt\u00f3m\u0171 \u00e9s a nagy teherb\u00edr\u00e1s\u00fa p\u00f3kszerkezet meghosszabb\u00edtja a szersz\u00e1m \u00e9lettartam\u00e1t m\u00e9g a mindennapi munkater\u00fcleti haszn\u00e1lat sor\u00e1n is.<\/p>\n<p data-start=\"1100\" data-end=\"1233\">Ak\u00e1r lakoss\u00e1gi padl\u00f3burkolatokon, ak\u00e1r kereskedelmi c\u00e9l\u00fa foltmunk\u00e1kon dolgozik, a PTH-L60\/70 sima vezet\u00e9st \u00e9s professzion\u00e1lis eredm\u00e9nyeket k\u00edn\u00e1l.<\/p>\n<h3 data-start=\"1240\" data-end=\"1289\">A PTH-L60\/70 beton sim\u00edt\u00f3 legfontosabb jellemz\u0151i<\/h3>\n<ul data-start=\"1291\" data-end=\"1618\">\n<li data-start=\"1291\" data-end=\"1343\">\n<p data-start=\"1293\" data-end=\"1343\">Megb\u00edzhat\u00f3 Longxin benzinmotorral felszerelve<\/p>\n<\/li>\n<li data-start=\"1344\" data-end=\"1404\">\n<p data-start=\"1346\" data-end=\"1404\">Optimaliz\u00e1lt k\u00f6nny\u0171 \u00e9s k\u00f6zepes fel\u00fcletkezel\u00e9si projektekhez<\/p>\n<\/li>\n<li data-start=\"1405\" data-end=\"1460\">\n<p data-start=\"1407\" data-end=\"1460\">Prec\u00edzi\u00f3s pengemozg\u00e1s-szab\u00e1lyoz\u00e1s a pontos szintez\u00e9shez<\/p>\n<\/li>\n<li data-start=\"1461\" data-end=\"1511\">\n<p data-start=\"1463\" data-end=\"1511\">\u00d6sszecsukhat\u00f3 foganty\u00fa a k\u00f6nny\u0171 sz\u00e1ll\u00edt\u00e1shoz \u00e9s t\u00e1rol\u00e1shoz<\/p>\n<\/li>\n<li data-start=\"1512\" data-end=\"1564\">\n<p data-start=\"1514\" data-end=\"1564\">Meger\u0151s\u00edtett biztons\u00e1gi gy\u0171r\u0171 v\u00e9di a peng\u00e9ket \u00e9s \u00e9leket<\/p>\n<\/li>\n<li data-start=\"1565\" data-end=\"1618\">\n<p data-start=\"1567\" data-end=\"1618\">A tart\u00f3s sebess\u00e9gv\u00e1lt\u00f3 t\u00e1mogatja a hosszabb terepi m\u0171k\u00f6d\u00e9st<\/p>\n<\/li>\n<\/ul>\n<h3 data-start=\"1625\" data-end=\"1685\">Ide\u00e1lis h\u00e1zak f\u00f6d\u00e9mjeihez, gar\u00e1zsokhoz, felhajt\u00f3khoz \u00e9s j\u00e1rd\u00e1khoz.<\/h3>\n<p data-start=\"1687\" data-end=\"1934\">A PTH-L60\/70 kiv\u00e1l\u00f3an alkalmazhat\u00f3 olyan k\u00f6rnyezetben, ahol gyors, hat\u00e9kony \u00e9s sima betonfeldolgoz\u00e1sra van sz\u00fcks\u00e9g. Kompakt m\u00e9ret\u00e9nek k\u00f6sz\u00f6nhet\u0151en k\u00fcl\u00f6n\u00f6sen j\u00f3l teljes\u00edt lak\u00f3\u00e9p\u00fcletekben, belt\u00e9ri f\u00f6d\u00e9mmunk\u00e1kn\u00e1l \u00e9s sz\u0171k k\u00fclt\u00e9ri terekben.<\/p>\n<p data-start=\"1936\" data-end=\"2106\">Az \u00e9p\u00edt\u0151k ezt a modellt a k\u00f6nny\u0171 karbantart\u00e1s, az \u00fczemanyag-hat\u00e9konys\u00e1g \u00e9s a k\u00fcl\u00f6nb\u00f6z\u0151 betonkever\u00e9kek \u00e9s sz\u00e1rad\u00e1si felt\u00e9telek mellett ny\u00fajtott er\u0151s befejez\u0151 teljes\u00edtm\u00e9nye miatt v\u00e1lasztj\u00e1k.<\/p>\n<p><iframe title=\"motoros sim\u00edt\u00f3, k\u00e9zi nyom\u00f3 motoros sim\u00edt\u00f3, sim\u00edt\u00f3, beton #sim\u00edt\u00f3 #powertrowe#concrete\" width=\"720\" height=\"405\" src=\"https:\/\/www.youtube.com\/embed\/pa6AuNhMrwI?feature=oembed\" frameborder=\"0\" allow=\"accelerometer; autoplay; clipboard-write; encrypted-media; gyroscope; picture-in-picture; web-share\" referrerpolicy=\"strict-origin-when-cross-origin\" allowfullscreen><\/iframe><\/p>\n<p data-start=\"1936\" data-end=\"2106\">","protected":false},"excerpt":{"rendered":"<p>A Longxin motorral ell\u00e1tott PTH-L60\/70 j\u00e1r\u00f3keretes sim\u00edt\u00f3 ide\u00e1lis a kompakt beton befejez\u00e9si feladatokhoz, sima fel\u00fcleti eredm\u00e9nyeket k\u00edn\u00e1l otthoni \u00e9s k\u00f6nny\u0171 kereskedelmi alkalmaz\u00e1sokban.<\/p>","protected":false},"featured_media":9164,"template":"","meta":{"_kad_post_transparent":"default","_kad_post_title":"","_kad_post_layout":"default","_kad_post_sidebar_id":"","_kad_post_content_style":"default","_kad_post_vertical_padding":"default","_kad_post_feature":"","_kad_post_feature_position":"","_kad_post_header":false,"_kad_post_footer":false},"product_brand":[],"product_cat":[55],"product_tag":[1084,1083,1087,1081,1086,1085,1089,1088,1090,1082],"class_list":{"0":"post-9163","1":"product","2":"type-product","3":"status-publish","4":"has-post-thumbnail","6":"product_cat-walk-behind-power-trowel","7":"product_tag-cement-power-trowel","8":"product_tag-concrete-finishing-trowel","9":"product_tag-concrete-floor-finishing-machine","10":"product_tag-concrete-power-trowel","11":"product_tag-electric-walk-behind-trowel","12":"product_tag-gasoline-power-trowel","13":"product_tag-hand-operated-power-trowel","14":"product_tag-manual-power-trowel","15":"product_tag-walk-behind-concrete-finishing-machine","16":"product_tag-walk-behind-trowel-machine","18":"first","19":"instock","20":"shipping-taxable","21":"product-type-simple","22":"entry","23":"content-bg","24":"loop-entry"},"yoast_head":"<!-- This site is optimized with the Yoast SEO plugin v25.3.1 - https:\/\/yoast.com\/wordpress\/plugins\/seo\/ -->\n<title>Walk-Behind Power Trowel PTH-L60\/70 - HSY Construction Machinery<\/title>\n<meta name=\"description\" content=\"Walk-Behind Power Trowel PTH-L60 with Longxin gasoline engine delivers smooth finishing for slabs, sidewalks, and garages. Compact, reliable, and easy to use.\" \/>\n<meta name=\"robots\" content=\"index, follow, max-snippet:-1, max-image-preview:large, max-video-preview:-1\" \/>\n<link rel=\"canonical\" href=\"https:\/\/www.hsymachinery.com\/hu\/termek\/jarkalos-simitogep-pth-l60-70\/\" \/>\n<meta property=\"og:locale\" content=\"hu_HU\" \/>\n<meta property=\"og:type\" content=\"article\" \/>\n<meta property=\"og:title\" content=\"Walk-Behind Power Trowel PTH-L60\/70 - HSY Construction Machinery\" \/>\n<meta property=\"og:description\" content=\"Walk-Behind Power Trowel PTH-L60 with Longxin gasoline engine delivers smooth finishing for slabs, sidewalks, and garages. Compact, reliable, and easy to use.\" \/>\n<meta property=\"og:url\" content=\"https:\/\/www.hsymachinery.com\/hu\/termek\/jarkalos-simitogep-pth-l60-70\/\" \/>\n<meta property=\"og:site_name\" content=\"HSY Construction Machinery\" \/>\n<meta property=\"article:modified_time\" content=\"2025-06-28T13:51:41+00:00\" \/>\n<meta property=\"og:image\" content=\"https:\/\/www.hsymachinery.com\/wp-content\/uploads\/2025\/06\/Walk-Behind-Power-Trowel-PTH-L60.jpg\" \/>\n\t<meta property=\"og:image:width\" content=\"600\" \/>\n\t<meta property=\"og:image:height\" content=\"738\" \/>\n\t<meta property=\"og:image:type\" content=\"image\/jpeg\" \/>\n<meta name=\"twitter:card\" content=\"summary_large_image\" \/>\n<meta name=\"twitter:label1\" content=\"Becs\u00fclt olvas\u00e1si id\u0151\" \/>\n\t<meta name=\"twitter:data1\" content=\"2 perc\" \/>\n<script type=\"application\/ld+json\" class=\"yoast-schema-graph\">{\"@context\":\"https:\/\/schema.org\",\"@graph\":[{\"@type\":\"WebPage\",\"@id\":\"https:\/\/www.hsymachinery.com\/product\/walk-behind-power-trowel-pth-l60-70\/\",\"url\":\"https:\/\/www.hsymachinery.com\/product\/walk-behind-power-trowel-pth-l60-70\/\",\"name\":\"Walk-Behind Power Trowel PTH-L60\/70 - HSY Construction Machinery\",\"isPartOf\":{\"@id\":\"https:\/\/www.hsymachinery.com\/#website\"},\"primaryImageOfPage\":{\"@id\":\"https:\/\/www.hsymachinery.com\/product\/walk-behind-power-trowel-pth-l60-70\/#primaryimage\"},\"image\":{\"@id\":\"https:\/\/www.hsymachinery.com\/product\/walk-behind-power-trowel-pth-l60-70\/#primaryimage\"},\"thumbnailUrl\":\"https:\/\/www.hsymachinery.com\/wp-content\/uploads\/2025\/06\/Walk-Behind-Power-Trowel-PTH-L60.jpg\",\"datePublished\":\"2025-06-18T10:18:13+00:00\",\"dateModified\":\"2025-06-28T13:51:41+00:00\",\"description\":\"Walk-Behind Power Trowel PTH-L60 with Longxin gasoline engine delivers smooth finishing for slabs, sidewalks, and garages. Compact, reliable, and easy to use.\",\"breadcrumb\":{\"@id\":\"https:\/\/www.hsymachinery.com\/product\/walk-behind-power-trowel-pth-l60-70\/#breadcrumb\"},\"inLanguage\":\"hu\",\"potentialAction\":[{\"@type\":\"ReadAction\",\"target\":[\"https:\/\/www.hsymachinery.com\/product\/walk-behind-power-trowel-pth-l60-70\/\"]}]},{\"@type\":\"ImageObject\",\"inLanguage\":\"hu\",\"@id\":\"https:\/\/www.hsymachinery.com\/product\/walk-behind-power-trowel-pth-l60-70\/#primaryimage\",\"url\":\"https:\/\/www.hsymachinery.com\/wp-content\/uploads\/2025\/06\/Walk-Behind-Power-Trowel-PTH-L60.jpg\",\"contentUrl\":\"https:\/\/www.hsymachinery.com\/wp-content\/uploads\/2025\/06\/Walk-Behind-Power-Trowel-PTH-L60.jpg\",\"width\":600,\"height\":738},{\"@type\":\"BreadcrumbList\",\"@id\":\"https:\/\/www.hsymachinery.com\/product\/walk-behind-power-trowel-pth-l60-70\/#breadcrumb\",\"itemListElement\":[{\"@type\":\"ListItem\",\"position\":1,\"name\":\"home\",\"item\":\"https:\/\/www.hsymachinery.com\/\"},{\"@type\":\"ListItem\",\"position\":2,\"name\":\"products\",\"item\":\"https:\/\/www.hsymachinery.com\/products\/\"},{\"@type\":\"ListItem\",\"position\":3,\"name\":\"Walk-Behind Power Trowel PTH-L60\/70\"}]},{\"@type\":\"WebSite\",\"@id\":\"https:\/\/www.hsymachinery.com\/#website\",\"url\":\"https:\/\/www.hsymachinery.com\/\",\"name\":\"HSY Construction Machinery\",\"description\":\"HSY Machinery \u2013 A leading China construction machinery supplier, offering a wide range of light construction equipment. Our main products include Rebar Cutting Machine, Rebar Bending Machine, Rebar Stirrup Bending Machine, Rebar Arc Bending Machine, Rebar Straightening Machine, Five-Head Rebar Stirrup Bending Machine, Tamping Rammer, Plate Compactor, Concrete Cutter, Power Trowel, and other construction machinery. We are equipped with advanced CNC machines, and we enforce strict quality inspection standards along with comprehensive after-sales service. If you are interested in our products or services, we warmly welcome your inquiries via message.\",\"publisher\":{\"@id\":\"https:\/\/www.hsymachinery.com\/#organization\"},\"potentialAction\":[{\"@type\":\"SearchAction\",\"target\":{\"@type\":\"EntryPoint\",\"urlTemplate\":\"https:\/\/www.hsymachinery.com\/?s={search_term_string}\"},\"query-input\":{\"@type\":\"PropertyValueSpecification\",\"valueRequired\":true,\"valueName\":\"search_term_string\"}}],\"inLanguage\":\"hu\"},{\"@type\":\"Organization\",\"@id\":\"https:\/\/www.hsymachinery.com\/#organization\",\"name\":\"HSY Construction Machinery\",\"url\":\"https:\/\/www.hsymachinery.com\/\",\"logo\":{\"@type\":\"ImageObject\",\"inLanguage\":\"hu\",\"@id\":\"https:\/\/www.hsymachinery.com\/#\/schema\/logo\/image\/\",\"url\":\"https:\/\/www.hsymachinery.com\/wp-content\/uploads\/2025\/06\/cropped-HSY-machinery.png\",\"contentUrl\":\"https:\/\/www.hsymachinery.com\/wp-content\/uploads\/2025\/06\/cropped-HSY-machinery.png\",\"width\":600,\"height\":240,\"caption\":\"HSY Construction Machinery\"},\"image\":{\"@id\":\"https:\/\/www.hsymachinery.com\/#\/schema\/logo\/image\/\"}}]}<\/script>\n<!-- \/ Yoast SEO plugin. -->","yoast_head_json":{"title":"PTH-L60\/70 j\u00e1r\u00f3keretes sim\u00edt\u00f3g\u00e9p - HSY \u00c9p\u00edt\u0151ipari G\u00e9pgy\u00e1rt\u00e1s","description":"A Longxin benzinmotorral felszerelt PTH-L60 j\u00e1r\u00f3keretes sim\u00edt\u00f3 sim\u00edt\u00f3val sima fel\u00fcletkezel\u00e9st biztos\u00edt a f\u00f6d\u00e9mek, j\u00e1rd\u00e1k \u00e9s gar\u00e1zsok sz\u00e1m\u00e1ra. Kompakt, megb\u00edzhat\u00f3 \u00e9s k\u00f6nnyen haszn\u00e1lhat\u00f3.","robots":{"index":"index","follow":"follow","max-snippet":"max-snippet:-1","max-image-preview":"max-image-preview:large","max-video-preview":"max-video-preview:-1"},"canonical":"https:\/\/www.hsymachinery.com\/hu\/termek\/jarkalos-simitogep-pth-l60-70\/","og_locale":"hu_HU","og_type":"article","og_title":"Walk-Behind Power Trowel PTH-L60\/70 - HSY Construction Machinery","og_description":"Walk-Behind Power Trowel PTH-L60 with Longxin gasoline engine delivers smooth finishing for slabs, sidewalks, and garages. Compact, reliable, and easy to use.","og_url":"https:\/\/www.hsymachinery.com\/hu\/termek\/jarkalos-simitogep-pth-l60-70\/","og_site_name":"HSY Construction Machinery","article_modified_time":"2025-06-28T13:51:41+00:00","og_image":[{"width":600,"height":738,"url":"https:\/\/www.hsymachinery.com\/wp-content\/uploads\/2025\/06\/Walk-Behind-Power-Trowel-PTH-L60.jpg","type":"image\/jpeg"}],"twitter_card":"summary_large_image","twitter_misc":{"Becs\u00fclt olvas\u00e1si id\u0151":"2 perc"},"schema":{"@context":"https:\/\/schema.org","@graph":[{"@type":"WebPage","@id":"https:\/\/www.hsymachinery.com\/product\/walk-behind-power-trowel-pth-l60-70\/","url":"https:\/\/www.hsymachinery.com\/product\/walk-behind-power-trowel-pth-l60-70\/","name":"PTH-L60\/70 j\u00e1r\u00f3keretes sim\u00edt\u00f3g\u00e9p - HSY \u00c9p\u00edt\u0151ipari G\u00e9pgy\u00e1rt\u00e1s","isPartOf":{"@id":"https:\/\/www.hsymachinery.com\/#website"},"primaryImageOfPage":{"@id":"https:\/\/www.hsymachinery.com\/product\/walk-behind-power-trowel-pth-l60-70\/#primaryimage"},"image":{"@id":"https:\/\/www.hsymachinery.com\/product\/walk-behind-power-trowel-pth-l60-70\/#primaryimage"},"thumbnailUrl":"https:\/\/www.hsymachinery.com\/wp-content\/uploads\/2025\/06\/Walk-Behind-Power-Trowel-PTH-L60.jpg","datePublished":"2025-06-18T10:18:13+00:00","dateModified":"2025-06-28T13:51:41+00:00","description":"A Longxin benzinmotorral felszerelt PTH-L60 j\u00e1r\u00f3keretes sim\u00edt\u00f3 sim\u00edt\u00f3val sima fel\u00fcletkezel\u00e9st biztos\u00edt a f\u00f6d\u00e9mek, j\u00e1rd\u00e1k \u00e9s gar\u00e1zsok sz\u00e1m\u00e1ra. Kompakt, megb\u00edzhat\u00f3 \u00e9s k\u00f6nnyen haszn\u00e1lhat\u00f3.","breadcrumb":{"@id":"https:\/\/www.hsymachinery.com\/product\/walk-behind-power-trowel-pth-l60-70\/#breadcrumb"},"inLanguage":"hu","potentialAction":[{"@type":"ReadAction","target":["https:\/\/www.hsymachinery.com\/product\/walk-behind-power-trowel-pth-l60-70\/"]}]},{"@type":"ImageObject","inLanguage":"hu","@id":"https:\/\/www.hsymachinery.com\/product\/walk-behind-power-trowel-pth-l60-70\/#primaryimage","url":"https:\/\/www.hsymachinery.com\/wp-content\/uploads\/2025\/06\/Walk-Behind-Power-Trowel-PTH-L60.jpg","contentUrl":"https:\/\/www.hsymachinery.com\/wp-content\/uploads\/2025\/06\/Walk-Behind-Power-Trowel-PTH-L60.jpg","width":600,"height":738},{"@type":"BreadcrumbList","@id":"https:\/\/www.hsymachinery.com\/product\/walk-behind-power-trowel-pth-l60-70\/#breadcrumb","itemListElement":[{"@type":"ListItem","position":1,"name":"home","item":"https:\/\/www.hsymachinery.com\/"},{"@type":"ListItem","position":2,"name":"products","item":"https:\/\/www.hsymachinery.com\/products\/"},{"@type":"ListItem","position":3,"name":"Walk-Behind Power Trowel PTH-L60\/70"}]},{"@type":"WebSite","@id":"https:\/\/www.hsymachinery.com\/#website","url":"https:\/\/www.hsymachinery.com\/","name":"HSY \u00e9p\u00edt\u0151ipari g\u00e9pek","description":"HSY Machinery - K\u00edna vezet\u0151 \u00e9p\u00edt\u0151ipari g\u00e9pgy\u00e1rt\u00f3 v\u00e1llalata, amely k\u00f6nny\u0171 \u00e9p\u00edt\u0151ipari berendez\u00e9sek sz\u00e9les v\u00e1laszt\u00e9k\u00e1t k\u00edn\u00e1lja. F\u0151 term\u00e9keink k\u00f6z\u00e9 tartozik az \u00fajj\u00e1\u00e9p\u00edt\u00e9si v\u00e1g\u00f3g\u00e9p, az \u00fajj\u00e1\u00e9p\u00edt\u00e9si hajl\u00edt\u00f3g\u00e9p, az \u00fajj\u00e1\u00e9p\u00edt\u00e9si kengyelhajl\u00edt\u00f3 g\u00e9p, az \u00fajj\u00e1\u00e9p\u00edt\u00e9si \u00edvhajl\u00edt\u00f3 g\u00e9p, az \u00fajj\u00e1\u00e9p\u00edt\u00e9si egyenes\u00edt\u0151 g\u00e9p, az \u00f6tfej\u0171 \u00fajj\u00e1\u00e9p\u00edt\u00e9si kengyelhajl\u00edt\u00f3 g\u00e9p, a d\u00f6ng\u00f6l\u0151 rammer, a lemezkompaktor, a betonv\u00e1g\u00f3, a villanymotoros sim\u00edt\u00f3 \u00e9s m\u00e1s \u00e9p\u00edt\u0151ipari g\u00e9pek. Fejlett CNC-g\u00e9pekkel vagyunk felszerelve, \u00e9s szigor\u00fa min\u0151s\u00e9gellen\u0151rz\u00e9si szabv\u00e1nyokat \u00e9rv\u00e9nyes\u00edt\u00fcnk az \u00e1tfog\u00f3 \u00e9rt\u00e9kes\u00edt\u00e9s ut\u00e1ni szolg\u00e1ltat\u00e1ssal egy\u00fctt. Ha \u00e9rdeklik term\u00e9keink vagy szolg\u00e1ltat\u00e1saink, sz\u00edvesen fogadjuk \u00e9rdekl\u0151d\u00e9s\u00e9t \u00fczenetben.","publisher":{"@id":"https:\/\/www.hsymachinery.com\/#organization"},"potentialAction":[{"@type":"SearchAction","target":{"@type":"EntryPoint","urlTemplate":"https:\/\/www.hsymachinery.com\/?s={search_term_string}"},"query-input":{"@type":"PropertyValueSpecification","valueRequired":true,"valueName":"search_term_string"}}],"inLanguage":"hu"},{"@type":"Organization","@id":"https:\/\/www.hsymachinery.com\/#organization","name":"HSY \u00e9p\u00edt\u0151ipari g\u00e9pek","url":"https:\/\/www.hsymachinery.com\/","logo":{"@type":"ImageObject","inLanguage":"hu","@id":"https:\/\/www.hsymachinery.com\/#\/schema\/logo\/image\/","url":"https:\/\/www.hsymachinery.com\/wp-content\/uploads\/2025\/06\/cropped-HSY-machinery.png","contentUrl":"https:\/\/www.hsymachinery.com\/wp-content\/uploads\/2025\/06\/cropped-HSY-machinery.png","width":600,"height":240,"caption":"HSY Construction Machinery"},"image":{"@id":"https:\/\/www.hsymachinery.com\/#\/schema\/logo\/image\/"}}]}},"_links":{"self":[{"href":"https:\/\/www.hsymachinery.com\/hu\/wp-json\/wp\/v2\/product\/9163","targetHints":{"allow":["GET"]}}],"collection":[{"href":"https:\/\/www.hsymachinery.com\/hu\/wp-json\/wp\/v2\/product"}],"about":[{"href":"https:\/\/www.hsymachinery.com\/hu\/wp-json\/wp\/v2\/types\/product"}],"version-history":[{"count":3,"href":"https:\/\/www.hsymachinery.com\/hu\/wp-json\/wp\/v2\/product\/9163\/revisions"}],"predecessor-version":[{"id":9575,"href":"https:\/\/www.hsymachinery.com\/hu\/wp-json\/wp\/v2\/product\/9163\/revisions\/9575"}],"wp:featuredmedia":[{"embeddable":true,"href":"https:\/\/www.hsymachinery.com\/hu\/wp-json\/wp\/v2\/media\/9164"}],"wp:attachment":[{"href":"https:\/\/www.hsymachinery.com\/hu\/wp-json\/wp\/v2\/media?parent=9163"}],"wp:term":[{"taxonomy":"product_brand","embeddable":true,"href":"https:\/\/www.hsymachinery.com\/hu\/wp-json\/wp\/v2\/product_brand?post=9163"},{"taxonomy":"product_cat","embeddable":true,"href":"https:\/\/www.hsymachinery.com\/hu\/wp-json\/wp\/v2\/product_cat?post=9163"},{"taxonomy":"product_tag","embeddable":true,"href":"https:\/\/www.hsymachinery.com\/hu\/wp-json\/wp\/v2\/product_tag?post=9163"}],"curies":[{"name":"wp","href":"https:\/\/api.w.org\/{rel}","templated":true}]}}