{"id":9145,"date":"2025-06-18T18:03:14","date_gmt":"2025-06-18T10:03:14","guid":{"rendered":"https:\/\/www.hsymachinery.com\/?post_type=product&#038;p=9145"},"modified":"2025-06-28T21:03:53","modified_gmt":"2025-06-28T13:03:53","slug":"betonvagogep-hq-c400a","status":"publish","type":"product","link":"https:\/\/www.hsymachinery.com\/hu\/termek\/betonvagogep-hq-c400a\/","title":{"rendered":"Betonv\u00e1g\u00f3 HQ-C400A"},"content":{"rendered":"<h2 data-start=\"121\" data-end=\"153\">Betonv\u00e1g\u00f3 HQ-C400A<\/h2>\n<h3 data-start=\"154\" data-end=\"265\">HQ-C400A d\u00edzel betonv\u00e1g\u00f3 | Tov\u00e1bbfejlesztett m\u00e9lyv\u00e1g\u00f3 d\u00edzel f\u0171r\u00e9sz utakhoz, aszfalthoz \u00e9s ipari \u00e9p\u00edtkez\u00e9shez<\/h3>\n<h3 data-start=\"272\" data-end=\"356\">Term\u00e9kle\u00edr\u00e1s - Tov\u00e1bbfejlesztett d\u00edzel v\u00e1g\u00f3g\u00e9p ig\u00e9nyes munkater\u00fcletekre<a href=\"https:\/\/www.hsymachinery.com\/hu\/termekek\/betonvago\/\" target=\"_blank\" rel=\"noopener\"><img fetchpriority=\"high\" decoding=\"async\" class=\"wp-image-9557 alignright\" src=\"https:\/\/www.hsymachinery.com\/wp-content\/uploads\/2025\/06\/Walk-Behind-Concrete-Cutter-146x300.jpg\" alt=\"\" width=\"450\" height=\"924\" srcset=\"https:\/\/www.hsymachinery.com\/wp-content\/uploads\/2025\/06\/Walk-Behind-Concrete-Cutter-146x300.jpg 146w, https:\/\/www.hsymachinery.com\/wp-content\/uploads\/2025\/06\/Walk-Behind-Concrete-Cutter-749x1536.jpg 749w, https:\/\/www.hsymachinery.com\/wp-content\/uploads\/2025\/06\/Walk-Behind-Concrete-Cutter-600x1230.jpg 600w, https:\/\/www.hsymachinery.com\/wp-content\/uploads\/2025\/06\/Walk-Behind-Concrete-Cutter.jpg 800w\" sizes=\"(max-width: 450px) 100vw, 450px\" \/><\/a><\/h3>\n<p data-start=\"358\" data-end=\"747\">A <strong data-start=\"362\" data-end=\"390\">HQ-C400A betonv\u00e1g\u00f3g\u00e9p<\/strong> egy tov\u00e1bbfejlesztett d\u00edzel\u00fczem\u0171 betonf\u0171r\u00e9sz, amelyet olyan v\u00e1llalkoz\u00f3k sz\u00e1m\u00e1ra terveztek, akiknek nagyobb v\u00e1g\u00e1si m\u00e9lys\u00e9gre, jobb v\u00e1zstabilit\u00e1sra \u00e9s hosszabb m\u0171k\u00f6d\u00e9si teljes\u00edtm\u00e9nyre van sz\u00fcks\u00e9g\u00fck a kih\u00edv\u00e1st jelent\u0151 \u00e9p\u00edtkez\u00e9seken. A nagy hat\u00e9konys\u00e1g\u00fa d\u00edzelmotorral hajtott HQ-C400A k\u00f6nnyed\u00e9n kezeli a vastag betonlapokat, aszfaltburkolatokat \u00e9s ipari padl\u00f3kat.<\/p>\n<p data-start=\"749\" data-end=\"1018\">A tov\u00e1bbfejlesztett alv\u00e1z \u00e9s a jobb rezg\u00e9s\u00e1ll\u00f3s\u00e1g lehet\u0151v\u00e9 teszi a sima k\u00f6vet\u00e9st a hossz\u00fa, egyenes v\u00e1g\u00e1sok sor\u00e1n. A m\u00e9lys\u00e9gszab\u00e1lyoz\u00f3 rendszer pontos, megism\u00e9telhet\u0151 eredm\u00e9nyeket tesz lehet\u0151v\u00e9, m\u00e9g vasbeton vagy t\u00f6bbr\u00e9teg\u0171 burkolatszerkezetek \u00e1tv\u00e1g\u00e1sakor is.<\/p>\n<p data-start=\"1020\" data-end=\"1212\">A biztons\u00e1gos \u00e9s egyenletes pengeteljes\u00edtm\u00e9ny \u00e9rdek\u00e9ben a HQ-C400A nagy kapacit\u00e1s\u00fa v\u00edztart\u00e1llyal rendelkezik, amely megb\u00edzhat\u00f3 pengeh\u0171t\u00e9st \u00e9s porszab\u00e1lyoz\u00e1st biztos\u00edt a folyamatos v\u00e1g\u00e1si munkamenetek sor\u00e1n.<\/p>\n<h3 data-start=\"1219\" data-end=\"1266\">A HQ-C400A betonv\u00e1g\u00f3 legfontosabb jellemz\u0151i<\/h3>\n<ul data-start=\"1268\" data-end=\"1658\">\n<li data-start=\"1268\" data-end=\"1335\">\n<p data-start=\"1270\" data-end=\"1335\">Megb\u00edzhat\u00f3 d\u00edzelmotor fokozott nyomat\u00e9kkibocs\u00e1t\u00e1ssal<\/p>\n<\/li>\n<li data-start=\"1336\" data-end=\"1407\">\n<p data-start=\"1338\" data-end=\"1407\">Meger\u0151s\u00edtett v\u00e1z \u00e9s ker\u00e9krendszer a jobb ir\u00e1ny\u00edthat\u00f3s\u00e1g \u00e9s tart\u00f3ss\u00e1g \u00e9rdek\u00e9ben<\/p>\n<\/li>\n<li data-start=\"1408\" data-end=\"1465\">\n<p data-start=\"1410\" data-end=\"1465\">Pontos m\u00e9lys\u00e9g\u00e1ll\u00edt\u00e1s a m\u00e9lyebb, egyenesebb v\u00e1g\u00e1sokhoz<\/p>\n<\/li>\n<li data-start=\"1466\" data-end=\"1530\">\n<p data-start=\"1468\" data-end=\"1530\">Ide\u00e1lis betonutakhoz, aszfaltr\u00e9tegekhez \u00e9s gy\u00e1ri padl\u00f3khoz.<\/p>\n<\/li>\n<li data-start=\"1531\" data-end=\"1595\">\n<p data-start=\"1533\" data-end=\"1595\">Be\u00e9p\u00edtett v\u00edztart\u00e1ly a porelnyom\u00e1shoz \u00e9s a peng\u00e9k h\u0171t\u00e9s\u00e9hez<\/p>\n<\/li>\n<li data-start=\"1596\" data-end=\"1658\">\n<p data-start=\"1598\" data-end=\"1658\">Hossz\u00fa munkaid\u0151re \u00e9s neh\u00e9z \u00e9p\u00edt\u0151ipari haszn\u00e1latra tervezve<\/p>\n<\/li>\n<\/ul>\n<h3 data-start=\"1665\" data-end=\"1733\">A legjobb aut\u00f3p\u00e1lya-jav\u00edt\u00e1shoz, ipari padl\u00f3burkolatokhoz \u00e9s m\u00e9ly\u00e1rkokhoz<\/h3>\n<p data-start=\"1735\" data-end=\"2051\">A jobb gy\u00e1rt\u00e1si min\u0151s\u00e9gnek k\u00f6sz\u00f6nhet\u0151en a HQ-C400A-t sz\u00e9les k\u00f6rben haszn\u00e1lj\u00e1k az aut\u00f3p\u00e1lya-karbantart\u00e1s, a kereskedelmi \u00e9p\u00edtkez\u00e9sek \u00e9s a kommun\u00e1lis \u00e1rokv\u00e1g\u00e1s ter\u00fclet\u00e9n. D\u00edzel\u00fczemanyag-rendszere hosszabb \u00fczemid\u0151t biztos\u00edt, \u00edgy k\u00f6lts\u00e9ghat\u00e9kony megold\u00e1s a vid\u00e9ki ter\u00fcleteken vagy nem villamos\u00edtott k\u00f6rnyezetben v\u00e9gzett projektekhez.<\/p>\n<p data-start=\"2053\" data-end=\"2301\">A v\u00e1llalkoz\u00f3k ezt a modellt a v\u00e1g\u00e1si konzisztencia, a cs\u00f6kkentett karbantart\u00e1si ig\u00e9ny \u00e9s a m\u0171k\u00f6d\u00e9si hat\u00e9konys\u00e1g magas megt\u00e9r\u00fcl\u00e9se miatt v\u00e1lasztj\u00e1k. Ak\u00e1r m\u00e9ly\u00e9p\u00edt\u00e9sben, ak\u00e1r k\u00f6zm\u0171\u00e1rkok \u00e1s\u00e1s\u00e1n\u00e1l haszn\u00e1lj\u00e1k, minden alkalommal kiv\u00e1l\u00f3 eredm\u00e9nyeket garant\u00e1l.<\/p>\n<p><iframe title=\"betonv\u00e1g\u00f3,betonv\u00e1g\u00f3,motoros v\u00e1g\u00f3,betonv\u00e1g\u00f3g\u00e9p\" width=\"720\" height=\"405\" src=\"https:\/\/www.youtube.com\/embed\/egJcI18gCcg?feature=oembed\" frameborder=\"0\" allow=\"accelerometer; autoplay; clipboard-write; encrypted-media; gyroscope; picture-in-picture; web-share\" referrerpolicy=\"strict-origin-when-cross-origin\" allowfullscreen><\/iframe><\/p>","protected":false},"excerpt":{"rendered":"<p>A HQ-C400A korszer\u0171s\u00edtett d\u00edzel betonv\u00e1g\u00f3g\u00e9p m\u00e9lyebb, gyorsabb v\u00e1g\u00e1sokat k\u00edn\u00e1l, jobb rezg\u00e9s\u00e1ll\u00f3s\u00e1ggal, ide\u00e1lis utakhoz, \u00e1rkokhoz \u00e9s ipari betonmunk\u00e1khoz.<\/p>","protected":false},"featured_media":9146,"template":"","meta":{"_kad_post_transparent":"default","_kad_post_title":"","_kad_post_layout":"default","_kad_post_sidebar_id":"","_kad_post_content_style":"default","_kad_post_vertical_padding":"default","_kad_post_feature":"","_kad_post_feature_position":"","_kad_post_header":false,"_kad_post_footer":false},"product_brand":[],"product_cat":[57],"product_tag":[1073,1071,1080,1076,1078,1074,1077,1079,1072,1075],"class_list":{"0":"post-9145","1":"product","2":"type-product","3":"status-publish","4":"has-post-thumbnail","6":"product_cat-concrete-cutter","7":"product_tag-asphalt-cutter","8":"product_tag-concrete-cutting-machine","9":"product_tag-concrete-groove-cutting-machine","10":"product_tag-diesel-concrete-cutter","11":"product_tag-electric-concrete-cutter","12":"product_tag-floor-saw-machine","13":"product_tag-gasoline-concrete-cutter","14":"product_tag-pavement-cutter-machine","15":"product_tag-road-cutting-machine","16":"product_tag-walk-behind-concrete-cutter","18":"first","19":"instock","20":"featured","21":"shipping-taxable","22":"product-type-simple","23":"entry","24":"content-bg","25":"loop-entry"},"yoast_head":"<!-- This site is optimized with the Yoast SEO plugin v25.3.1 - https:\/\/yoast.com\/wordpress\/plugins\/seo\/ -->\n<title>Concrete Cutter HQ-C400A - HSY Construction Machinery<\/title>\n<meta name=\"description\" content=\"HQ-C400A diesel concrete cutter delivers deep, stable cutting performance with improved frame and cooling system. Built for road repairs, industrial flooring, and trenching.\" \/>\n<meta name=\"robots\" content=\"index, follow, max-snippet:-1, max-image-preview:large, max-video-preview:-1\" \/>\n<link rel=\"canonical\" href=\"https:\/\/www.hsymachinery.com\/hu\/termek\/betonvagogep-hq-c400a\/\" \/>\n<meta property=\"og:locale\" content=\"hu_HU\" \/>\n<meta property=\"og:type\" content=\"article\" \/>\n<meta property=\"og:title\" content=\"Concrete Cutter HQ-C400A - HSY Construction Machinery\" \/>\n<meta property=\"og:description\" content=\"HQ-C400A diesel concrete cutter delivers deep, stable cutting performance with improved frame and cooling system. Built for road repairs, industrial flooring, and trenching.\" \/>\n<meta property=\"og:url\" content=\"https:\/\/www.hsymachinery.com\/hu\/termek\/betonvagogep-hq-c400a\/\" \/>\n<meta property=\"og:site_name\" content=\"HSY Construction Machinery\" \/>\n<meta property=\"article:modified_time\" content=\"2025-06-28T13:03:53+00:00\" \/>\n<meta property=\"og:image\" content=\"https:\/\/www.hsymachinery.com\/wp-content\/uploads\/2025\/06\/Concrete-Cutter-HQ-C400A.jpg\" \/>\n\t<meta property=\"og:image:width\" content=\"600\" \/>\n\t<meta property=\"og:image:height\" content=\"600\" \/>\n\t<meta property=\"og:image:type\" content=\"image\/jpeg\" \/>\n<meta name=\"twitter:card\" content=\"summary_large_image\" \/>\n<meta name=\"twitter:label1\" content=\"Becs\u00fclt olvas\u00e1si id\u0151\" \/>\n\t<meta name=\"twitter:data1\" content=\"2 perc\" \/>\n<script type=\"application\/ld+json\" class=\"yoast-schema-graph\">{\"@context\":\"https:\/\/schema.org\",\"@graph\":[{\"@type\":\"WebPage\",\"@id\":\"https:\/\/www.hsymachinery.com\/product\/concrete-cutter-hq-c400a\/\",\"url\":\"https:\/\/www.hsymachinery.com\/product\/concrete-cutter-hq-c400a\/\",\"name\":\"Concrete Cutter HQ-C400A - HSY Construction Machinery\",\"isPartOf\":{\"@id\":\"https:\/\/www.hsymachinery.com\/#website\"},\"primaryImageOfPage\":{\"@id\":\"https:\/\/www.hsymachinery.com\/product\/concrete-cutter-hq-c400a\/#primaryimage\"},\"image\":{\"@id\":\"https:\/\/www.hsymachinery.com\/product\/concrete-cutter-hq-c400a\/#primaryimage\"},\"thumbnailUrl\":\"https:\/\/www.hsymachinery.com\/wp-content\/uploads\/2025\/06\/Concrete-Cutter-HQ-C400A.jpg\",\"datePublished\":\"2025-06-18T10:03:14+00:00\",\"dateModified\":\"2025-06-28T13:03:53+00:00\",\"description\":\"HQ-C400A diesel concrete cutter delivers deep, stable cutting performance with improved frame and cooling system. Built for road repairs, industrial flooring, and trenching.\",\"breadcrumb\":{\"@id\":\"https:\/\/www.hsymachinery.com\/product\/concrete-cutter-hq-c400a\/#breadcrumb\"},\"inLanguage\":\"hu\",\"potentialAction\":[{\"@type\":\"ReadAction\",\"target\":[\"https:\/\/www.hsymachinery.com\/product\/concrete-cutter-hq-c400a\/\"]}]},{\"@type\":\"ImageObject\",\"inLanguage\":\"hu\",\"@id\":\"https:\/\/www.hsymachinery.com\/product\/concrete-cutter-hq-c400a\/#primaryimage\",\"url\":\"https:\/\/www.hsymachinery.com\/wp-content\/uploads\/2025\/06\/Concrete-Cutter-HQ-C400A.jpg\",\"contentUrl\":\"https:\/\/www.hsymachinery.com\/wp-content\/uploads\/2025\/06\/Concrete-Cutter-HQ-C400A.jpg\",\"width\":600,\"height\":600},{\"@type\":\"BreadcrumbList\",\"@id\":\"https:\/\/www.hsymachinery.com\/product\/concrete-cutter-hq-c400a\/#breadcrumb\",\"itemListElement\":[{\"@type\":\"ListItem\",\"position\":1,\"name\":\"home\",\"item\":\"https:\/\/www.hsymachinery.com\/\"},{\"@type\":\"ListItem\",\"position\":2,\"name\":\"products\",\"item\":\"https:\/\/www.hsymachinery.com\/products\/\"},{\"@type\":\"ListItem\",\"position\":3,\"name\":\"Concrete Cutter HQ-C400A\"}]},{\"@type\":\"WebSite\",\"@id\":\"https:\/\/www.hsymachinery.com\/#website\",\"url\":\"https:\/\/www.hsymachinery.com\/\",\"name\":\"HSY Construction Machinery\",\"description\":\"HSY Machinery \u2013 A leading China construction machinery supplier, offering a wide range of light construction equipment. Our main products include Rebar Cutting Machine, Rebar Bending Machine, Rebar Stirrup Bending Machine, Rebar Arc Bending Machine, Rebar Straightening Machine, Five-Head Rebar Stirrup Bending Machine, Tamping Rammer, Plate Compactor, Concrete Cutter, Power Trowel, and other construction machinery. We are equipped with advanced CNC machines, and we enforce strict quality inspection standards along with comprehensive after-sales service. If you are interested in our products or services, we warmly welcome your inquiries via message.\",\"publisher\":{\"@id\":\"https:\/\/www.hsymachinery.com\/#organization\"},\"potentialAction\":[{\"@type\":\"SearchAction\",\"target\":{\"@type\":\"EntryPoint\",\"urlTemplate\":\"https:\/\/www.hsymachinery.com\/?s={search_term_string}\"},\"query-input\":{\"@type\":\"PropertyValueSpecification\",\"valueRequired\":true,\"valueName\":\"search_term_string\"}}],\"inLanguage\":\"hu\"},{\"@type\":\"Organization\",\"@id\":\"https:\/\/www.hsymachinery.com\/#organization\",\"name\":\"HSY Construction Machinery\",\"url\":\"https:\/\/www.hsymachinery.com\/\",\"logo\":{\"@type\":\"ImageObject\",\"inLanguage\":\"hu\",\"@id\":\"https:\/\/www.hsymachinery.com\/#\/schema\/logo\/image\/\",\"url\":\"https:\/\/www.hsymachinery.com\/wp-content\/uploads\/2025\/06\/cropped-HSY-machinery.png\",\"contentUrl\":\"https:\/\/www.hsymachinery.com\/wp-content\/uploads\/2025\/06\/cropped-HSY-machinery.png\",\"width\":600,\"height\":240,\"caption\":\"HSY Construction Machinery\"},\"image\":{\"@id\":\"https:\/\/www.hsymachinery.com\/#\/schema\/logo\/image\/\"}}]}<\/script>\n<!-- \/ Yoast SEO plugin. -->","yoast_head_json":{"title":"HQ-C400A betonv\u00e1g\u00f3g\u00e9p - HSY \u00c9p\u00edt\u0151ipari g\u00e9pek","description":"A HQ-C400A d\u00edzel betonv\u00e1g\u00f3g\u00e9p m\u00e9ly, stabil v\u00e1g\u00e1si teljes\u00edtm\u00e9nyt ny\u00fajt a tov\u00e1bbfejlesztett v\u00e1zzal \u00e9s h\u0171t\u0151rendszerrel. \u00datjav\u00edt\u00e1shoz, ipari padl\u00f3burkol\u00e1shoz \u00e9s \u00e1rok\u00e1s\u00e1shoz k\u00e9sz\u00fclt.","robots":{"index":"index","follow":"follow","max-snippet":"max-snippet:-1","max-image-preview":"max-image-preview:large","max-video-preview":"max-video-preview:-1"},"canonical":"https:\/\/www.hsymachinery.com\/hu\/termek\/betonvagogep-hq-c400a\/","og_locale":"hu_HU","og_type":"article","og_title":"Concrete Cutter HQ-C400A - HSY Construction Machinery","og_description":"HQ-C400A diesel concrete cutter delivers deep, stable cutting performance with improved frame and cooling system. Built for road repairs, industrial flooring, and trenching.","og_url":"https:\/\/www.hsymachinery.com\/hu\/termek\/betonvagogep-hq-c400a\/","og_site_name":"HSY Construction Machinery","article_modified_time":"2025-06-28T13:03:53+00:00","og_image":[{"width":600,"height":600,"url":"https:\/\/www.hsymachinery.com\/wp-content\/uploads\/2025\/06\/Concrete-Cutter-HQ-C400A.jpg","type":"image\/jpeg"}],"twitter_card":"summary_large_image","twitter_misc":{"Becs\u00fclt olvas\u00e1si id\u0151":"2 perc"},"schema":{"@context":"https:\/\/schema.org","@graph":[{"@type":"WebPage","@id":"https:\/\/www.hsymachinery.com\/product\/concrete-cutter-hq-c400a\/","url":"https:\/\/www.hsymachinery.com\/product\/concrete-cutter-hq-c400a\/","name":"HQ-C400A betonv\u00e1g\u00f3g\u00e9p - HSY \u00c9p\u00edt\u0151ipari g\u00e9pek","isPartOf":{"@id":"https:\/\/www.hsymachinery.com\/#website"},"primaryImageOfPage":{"@id":"https:\/\/www.hsymachinery.com\/product\/concrete-cutter-hq-c400a\/#primaryimage"},"image":{"@id":"https:\/\/www.hsymachinery.com\/product\/concrete-cutter-hq-c400a\/#primaryimage"},"thumbnailUrl":"https:\/\/www.hsymachinery.com\/wp-content\/uploads\/2025\/06\/Concrete-Cutter-HQ-C400A.jpg","datePublished":"2025-06-18T10:03:14+00:00","dateModified":"2025-06-28T13:03:53+00:00","description":"A HQ-C400A d\u00edzel betonv\u00e1g\u00f3g\u00e9p m\u00e9ly, stabil v\u00e1g\u00e1si teljes\u00edtm\u00e9nyt ny\u00fajt a tov\u00e1bbfejlesztett v\u00e1zzal \u00e9s h\u0171t\u0151rendszerrel. \u00datjav\u00edt\u00e1shoz, ipari padl\u00f3burkol\u00e1shoz \u00e9s \u00e1rok\u00e1s\u00e1shoz k\u00e9sz\u00fclt.","breadcrumb":{"@id":"https:\/\/www.hsymachinery.com\/product\/concrete-cutter-hq-c400a\/#breadcrumb"},"inLanguage":"hu","potentialAction":[{"@type":"ReadAction","target":["https:\/\/www.hsymachinery.com\/product\/concrete-cutter-hq-c400a\/"]}]},{"@type":"ImageObject","inLanguage":"hu","@id":"https:\/\/www.hsymachinery.com\/product\/concrete-cutter-hq-c400a\/#primaryimage","url":"https:\/\/www.hsymachinery.com\/wp-content\/uploads\/2025\/06\/Concrete-Cutter-HQ-C400A.jpg","contentUrl":"https:\/\/www.hsymachinery.com\/wp-content\/uploads\/2025\/06\/Concrete-Cutter-HQ-C400A.jpg","width":600,"height":600},{"@type":"BreadcrumbList","@id":"https:\/\/www.hsymachinery.com\/product\/concrete-cutter-hq-c400a\/#breadcrumb","itemListElement":[{"@type":"ListItem","position":1,"name":"home","item":"https:\/\/www.hsymachinery.com\/"},{"@type":"ListItem","position":2,"name":"products","item":"https:\/\/www.hsymachinery.com\/products\/"},{"@type":"ListItem","position":3,"name":"Concrete Cutter HQ-C400A"}]},{"@type":"WebSite","@id":"https:\/\/www.hsymachinery.com\/#website","url":"https:\/\/www.hsymachinery.com\/","name":"HSY \u00e9p\u00edt\u0151ipari g\u00e9pek","description":"HSY Machinery - K\u00edna vezet\u0151 \u00e9p\u00edt\u0151ipari g\u00e9pgy\u00e1rt\u00f3 v\u00e1llalata, amely k\u00f6nny\u0171 \u00e9p\u00edt\u0151ipari berendez\u00e9sek sz\u00e9les v\u00e1laszt\u00e9k\u00e1t k\u00edn\u00e1lja. F\u0151 term\u00e9keink k\u00f6z\u00e9 tartozik az \u00fajj\u00e1\u00e9p\u00edt\u00e9si v\u00e1g\u00f3g\u00e9p, az \u00fajj\u00e1\u00e9p\u00edt\u00e9si hajl\u00edt\u00f3g\u00e9p, az \u00fajj\u00e1\u00e9p\u00edt\u00e9si kengyelhajl\u00edt\u00f3 g\u00e9p, az \u00fajj\u00e1\u00e9p\u00edt\u00e9si \u00edvhajl\u00edt\u00f3 g\u00e9p, az \u00fajj\u00e1\u00e9p\u00edt\u00e9si egyenes\u00edt\u0151 g\u00e9p, az \u00f6tfej\u0171 \u00fajj\u00e1\u00e9p\u00edt\u00e9si kengyelhajl\u00edt\u00f3 g\u00e9p, a d\u00f6ng\u00f6l\u0151 rammer, a lemezkompaktor, a betonv\u00e1g\u00f3, a villanymotoros sim\u00edt\u00f3 \u00e9s m\u00e1s \u00e9p\u00edt\u0151ipari g\u00e9pek. Fejlett CNC-g\u00e9pekkel vagyunk felszerelve, \u00e9s szigor\u00fa min\u0151s\u00e9gellen\u0151rz\u00e9si szabv\u00e1nyokat \u00e9rv\u00e9nyes\u00edt\u00fcnk az \u00e1tfog\u00f3 \u00e9rt\u00e9kes\u00edt\u00e9s ut\u00e1ni szolg\u00e1ltat\u00e1ssal egy\u00fctt. Ha \u00e9rdeklik term\u00e9keink vagy szolg\u00e1ltat\u00e1saink, sz\u00edvesen fogadjuk \u00e9rdekl\u0151d\u00e9s\u00e9t \u00fczenetben.","publisher":{"@id":"https:\/\/www.hsymachinery.com\/#organization"},"potentialAction":[{"@type":"SearchAction","target":{"@type":"EntryPoint","urlTemplate":"https:\/\/www.hsymachinery.com\/?s={search_term_string}"},"query-input":{"@type":"PropertyValueSpecification","valueRequired":true,"valueName":"search_term_string"}}],"inLanguage":"hu"},{"@type":"Organization","@id":"https:\/\/www.hsymachinery.com\/#organization","name":"HSY \u00e9p\u00edt\u0151ipari g\u00e9pek","url":"https:\/\/www.hsymachinery.com\/","logo":{"@type":"ImageObject","inLanguage":"hu","@id":"https:\/\/www.hsymachinery.com\/#\/schema\/logo\/image\/","url":"https:\/\/www.hsymachinery.com\/wp-content\/uploads\/2025\/06\/cropped-HSY-machinery.png","contentUrl":"https:\/\/www.hsymachinery.com\/wp-content\/uploads\/2025\/06\/cropped-HSY-machinery.png","width":600,"height":240,"caption":"HSY Construction Machinery"},"image":{"@id":"https:\/\/www.hsymachinery.com\/#\/schema\/logo\/image\/"}}]}},"_links":{"self":[{"href":"https:\/\/www.hsymachinery.com\/hu\/wp-json\/wp\/v2\/product\/9145","targetHints":{"allow":["GET"]}}],"collection":[{"href":"https:\/\/www.hsymachinery.com\/hu\/wp-json\/wp\/v2\/product"}],"about":[{"href":"https:\/\/www.hsymachinery.com\/hu\/wp-json\/wp\/v2\/types\/product"}],"version-history":[{"count":3,"href":"https:\/\/www.hsymachinery.com\/hu\/wp-json\/wp\/v2\/product\/9145\/revisions"}],"predecessor-version":[{"id":9561,"href":"https:\/\/www.hsymachinery.com\/hu\/wp-json\/wp\/v2\/product\/9145\/revisions\/9561"}],"wp:featuredmedia":[{"embeddable":true,"href":"https:\/\/www.hsymachinery.com\/hu\/wp-json\/wp\/v2\/media\/9146"}],"wp:attachment":[{"href":"https:\/\/www.hsymachinery.com\/hu\/wp-json\/wp\/v2\/media?parent=9145"}],"wp:term":[{"taxonomy":"product_brand","embeddable":true,"href":"https:\/\/www.hsymachinery.com\/hu\/wp-json\/wp\/v2\/product_brand?post=9145"},{"taxonomy":"product_cat","embeddable":true,"href":"https:\/\/www.hsymachinery.com\/hu\/wp-json\/wp\/v2\/product_cat?post=9145"},{"taxonomy":"product_tag","embeddable":true,"href":"https:\/\/www.hsymachinery.com\/hu\/wp-json\/wp\/v2\/product_tag?post=9145"}],"curies":[{"name":"wp","href":"https:\/\/api.w.org\/{rel}","templated":true}]}}