{"id":9139,"date":"2025-06-18T18:00:19","date_gmt":"2025-06-18T10:00:19","guid":{"rendered":"https:\/\/www.hsymachinery.com\/?post_type=product&#038;p=9139"},"modified":"2025-06-28T20:46:32","modified_gmt":"2025-06-28T12:46:32","slug":"betonvagogep-hq-l400a","status":"publish","type":"product","link":"https:\/\/www.hsymachinery.com\/hu\/termek\/betonvagogep-hq-l400a\/","title":{"rendered":"Betonv\u00e1g\u00f3 HQ-L400A"},"content":{"rendered":"<h2 data-start=\"91\" data-end=\"123\">Betonv\u00e1g\u00f3 HQ-L400A<\/h2>\n<h3 data-start=\"124\" data-end=\"235\">HQ-L400A Longxin benzines betonv\u00e1g\u00f3 | Tov\u00e1bbfejlesztett betonf\u0171r\u00e9sz \u00fat-, h\u00edd- \u00e9s padl\u00f3v\u00e1g\u00e1si projektekhez<\/h3>\n<h3 data-start=\"242\" data-end=\"332\">Term\u00e9kle\u00edr\u00e1s - Tov\u00e1bbfejlesztett \u00e9lettartam \u00e9s v\u00e1g\u00e1si hat\u00e9konys\u00e1g a Longxin motorral<a href=\"https:\/\/www.hsymachinery.com\/hu\/termekek\/betonvago\/\" target=\"_blank\" rel=\"noopener\"><img fetchpriority=\"high\" decoding=\"async\" class=\"wp-image-9548 alignright\" src=\"https:\/\/www.hsymachinery.com\/wp-content\/uploads\/2025\/06\/Floor-Saw-Machine-146x300.jpg\" alt=\"\" width=\"450\" height=\"925\" srcset=\"https:\/\/www.hsymachinery.com\/wp-content\/uploads\/2025\/06\/Floor-Saw-Machine-146x300.jpg 146w, https:\/\/www.hsymachinery.com\/wp-content\/uploads\/2025\/06\/Floor-Saw-Machine-768x1581.jpg 768w, https:\/\/www.hsymachinery.com\/wp-content\/uploads\/2025\/06\/Floor-Saw-Machine-600x1235.jpg 600w, https:\/\/www.hsymachinery.com\/wp-content\/uploads\/2025\/06\/Floor-Saw-Machine.jpg 800w\" sizes=\"(max-width: 450px) 100vw, 450px\" \/><\/a><\/h3>\n<p data-start=\"334\" data-end=\"724\">A <strong data-start=\"338\" data-end=\"366\">HQ-L400A betonv\u00e1g\u00f3g\u00e9p<\/strong> a HQ-L400 tov\u00e1bbfejlesztett v\u00e1ltozata, amelyet Longxin benzinmotor hajt, \u00e9s nehezebb v\u00e1g\u00e1si feladatokra tervezt\u00e9k. A megn\u00f6velt stabilit\u00e1s, a meger\u0151s\u00edtett v\u00e1z \u00e9s a tov\u00e1bbfejlesztett v\u00e1g\u00e1si m\u00e9lys\u00e9gszab\u00e1lyoz\u00e1s r\u00e9v\u00e9n ez a modell kiemelked\u0151 teljes\u00edtm\u00e9nyt ny\u00fajt az \u00fatburkolat v\u00e1g\u00e1sa, a padl\u00f3 dilat\u00e1ci\u00f3s h\u00e9zagok f\u0171r\u00e9szel\u00e9se \u00e9s a h\u00eddp\u00e1lya megmunk\u00e1l\u00e1sa sor\u00e1n.<\/p>\n<p data-start=\"726\" data-end=\"897\">Ez a v\u00e1g\u00f3g\u00e9p az er\u0151teljes nyomat\u00e9kot kifinomult man\u0151verezhet\u0151s\u00e9ggel \u00f6tv\u00f6zi, \u00edgy a kezel\u0151 nagyobb kontrollt biztos\u00edt m\u00e9g a kem\u00e9ny beton- vagy aszfaltfel\u00fcleteken v\u00e9gzett m\u00e9ly, folyamatos v\u00e1g\u00e1sok sor\u00e1n is.<\/p>\n<h3 data-start=\"904\" data-end=\"950\">F\u0151bb jellemz\u0151k \u00e9s teljes\u00edtm\u00e9nyel\u0151ny\u00f6k<\/h3>\n<ul data-start=\"952\" data-end=\"1312\">\n<li data-start=\"952\" data-end=\"1012\">\n<p data-start=\"954\" data-end=\"1012\">Longxin nagy teljes\u00edtm\u00e9ny\u0171 benzinmotorral felszerelve<\/p>\n<\/li>\n<li data-start=\"1013\" data-end=\"1076\">\n<p data-start=\"1015\" data-end=\"1076\">Tov\u00e1bbfejlesztett alv\u00e1z \u00e9s rezg\u00e9scsillap\u00edt\u00e1s a stabil m\u0171k\u00f6d\u00e9s \u00e9rdek\u00e9ben<\/p>\n<\/li>\n<li data-start=\"1077\" data-end=\"1122\">\n<p data-start=\"1079\" data-end=\"1122\">Prec\u00edzi\u00f3s v\u00e1g\u00e1si m\u00e9lys\u00e9gbe\u00e1ll\u00edt\u00f3 rendszer<\/p>\n<\/li>\n<li data-start=\"1123\" data-end=\"1190\">\n<p data-start=\"1125\" data-end=\"1190\">Alkalmas beton, aszfalt \u00e9s j\u00e1rda folyamatos v\u00e1g\u00e1s\u00e1ra<\/p>\n<\/li>\n<li data-start=\"1191\" data-end=\"1252\">\n<p data-start=\"1193\" data-end=\"1252\">Nagy teherb\u00edr\u00e1s\u00fa ac\u00e9ltest ellen\u00e1ll az intenz\u00edv terepi k\u00f6r\u00fclm\u00e9nyeknek<\/p>\n<\/li>\n<li data-start=\"1253\" data-end=\"1312\">\n<p data-start=\"1255\" data-end=\"1312\">Kompakt \u00e9s ergonomikus a z\u00f6kken\u0151mentesebb vezet\u00e9s \u00e9s ir\u00e1ny\u00edt\u00e1s \u00e9rdek\u00e9ben<\/p>\n<\/li>\n<\/ul>\n<h3 data-start=\"1319\" data-end=\"1396\">Megb\u00edzhat\u00f3 v\u00e1rosi utak, \u00e9p\u00edtkez\u00e9sek \u00e9s infrastruktur\u00e1lis fejleszt\u00e9sek eset\u00e9n<\/h3>\n<p data-start=\"1398\" data-end=\"1673\">A HQ-L400A kiv\u00e1l\u00f3an haszn\u00e1lhat\u00f3 professzion\u00e1lis k\u00f6rnyezetben, az \u00f6nkorm\u00e1nyzati \u00fatkarbantart\u00e1st\u00f3l a parkol\u00f3helyek \u00fajrafel\u00fcletez\u00e9s\u00e9ig \u00e9s a kereskedelmi f\u00f6d\u00e9mek fel\u00faj\u00edt\u00e1s\u00e1ig. Meghosszabb\u00edtott \u00fczemideje \u00e9s robusztus fel\u00e9p\u00edt\u00e9se miatt a hossz\u00fa m\u0171szakok \u00e9s az ig\u00e9nyes v\u00e1g\u00e1si mint\u00e1k eset\u00e9ben is el\u0151ny\u00f6s v\u00e1laszt\u00e1s.<\/p>\n<p data-start=\"1675\" data-end=\"1817\">Legyen sz\u00f3 dilat\u00e1ci\u00f3s h\u00e9zagok, csatorna\u00e1rkok vagy k\u00f6zm\u0171vezet\u00e9kek v\u00e1g\u00e1s\u00e1r\u00f3l, ez a g\u00e9p minden alkalommal tiszta, egyenes \u00e9s biztons\u00e1gos v\u00e1g\u00e1st biztos\u00edt.<\/p>\n<p><iframe title=\"betonv\u00e1g\u00f3,betonv\u00e1g\u00f3,motoros v\u00e1g\u00f3,betonv\u00e1g\u00f3g\u00e9p\" width=\"720\" height=\"405\" src=\"https:\/\/www.youtube.com\/embed\/egJcI18gCcg?feature=oembed\" frameborder=\"0\" allow=\"accelerometer; autoplay; clipboard-write; encrypted-media; gyroscope; picture-in-picture; web-share\" referrerpolicy=\"strict-origin-when-cross-origin\" allowfullscreen><\/iframe><\/p>","protected":false},"excerpt":{"rendered":"<p>A HQ-L400A Longxin betonv\u00e1g\u00f3g\u00e9p fokozott m\u00e9lys\u00e9gszab\u00e1lyoz\u00e1ssal \u00e9s stabilit\u00e1ssal rendelkezik, ide\u00e1lis neh\u00e9z beton-, \u00fat- \u00e9s dilat\u00e1ci\u00f3s h\u00e9zagv\u00e1g\u00e1si munk\u00e1khoz.<\/p>","protected":false},"featured_media":9140,"template":"","meta":{"_kad_post_transparent":"default","_kad_post_title":"","_kad_post_layout":"default","_kad_post_sidebar_id":"","_kad_post_content_style":"default","_kad_post_vertical_padding":"default","_kad_post_feature":"","_kad_post_feature_position":"","_kad_post_header":false,"_kad_post_footer":false},"product_brand":[],"product_cat":[57],"product_tag":[1073,1071,1080,1076,1078,1074,1077,1079,1072,1075],"class_list":{"0":"post-9139","1":"product","2":"type-product","3":"status-publish","4":"has-post-thumbnail","6":"product_cat-concrete-cutter","7":"product_tag-asphalt-cutter","8":"product_tag-concrete-cutting-machine","9":"product_tag-concrete-groove-cutting-machine","10":"product_tag-diesel-concrete-cutter","11":"product_tag-electric-concrete-cutter","12":"product_tag-floor-saw-machine","13":"product_tag-gasoline-concrete-cutter","14":"product_tag-pavement-cutter-machine","15":"product_tag-road-cutting-machine","16":"product_tag-walk-behind-concrete-cutter","18":"first","19":"instock","20":"shipping-taxable","21":"product-type-simple","22":"entry","23":"content-bg","24":"loop-entry"},"yoast_head":"<!-- This site is optimized with the Yoast SEO plugin v25.3.1 - https:\/\/yoast.com\/wordpress\/plugins\/seo\/ -->\n<title>Concrete Cutter HQ-L400A - HSY Construction Machinery<\/title>\n<meta name=\"description\" content=\"HQ-L400A Longxin concrete cutter offers deep, precise cuts with upgraded stability for roads, bridge decks, and floor joints. Reliable for tough construction projects.\" \/>\n<meta name=\"robots\" content=\"index, follow, max-snippet:-1, max-image-preview:large, max-video-preview:-1\" \/>\n<link rel=\"canonical\" href=\"https:\/\/www.hsymachinery.com\/hu\/termek\/betonvagogep-hq-l400a\/\" \/>\n<meta property=\"og:locale\" content=\"hu_HU\" \/>\n<meta property=\"og:type\" content=\"article\" \/>\n<meta property=\"og:title\" content=\"Concrete Cutter HQ-L400A - HSY Construction Machinery\" \/>\n<meta property=\"og:description\" content=\"HQ-L400A Longxin concrete cutter offers deep, precise cuts with upgraded stability for roads, bridge decks, and floor joints. Reliable for tough construction projects.\" \/>\n<meta property=\"og:url\" content=\"https:\/\/www.hsymachinery.com\/hu\/termek\/betonvagogep-hq-l400a\/\" \/>\n<meta property=\"og:site_name\" content=\"HSY Construction Machinery\" \/>\n<meta property=\"article:modified_time\" content=\"2025-06-28T12:46:32+00:00\" \/>\n<meta property=\"og:image\" content=\"https:\/\/www.hsymachinery.com\/wp-content\/uploads\/2025\/06\/Concrete-Cutter-HQ-L400A.jpg\" \/>\n\t<meta property=\"og:image:width\" content=\"600\" \/>\n\t<meta property=\"og:image:height\" content=\"600\" \/>\n\t<meta property=\"og:image:type\" content=\"image\/jpeg\" \/>\n<meta name=\"twitter:card\" content=\"summary_large_image\" \/>\n<meta name=\"twitter:label1\" content=\"Becs\u00fclt olvas\u00e1si id\u0151\" \/>\n\t<meta name=\"twitter:data1\" content=\"2 perc\" \/>\n<script type=\"application\/ld+json\" class=\"yoast-schema-graph\">{\"@context\":\"https:\/\/schema.org\",\"@graph\":[{\"@type\":\"WebPage\",\"@id\":\"https:\/\/www.hsymachinery.com\/product\/concrete-cutter-hq-l400a\/\",\"url\":\"https:\/\/www.hsymachinery.com\/product\/concrete-cutter-hq-l400a\/\",\"name\":\"Concrete Cutter HQ-L400A - HSY Construction Machinery\",\"isPartOf\":{\"@id\":\"https:\/\/www.hsymachinery.com\/#website\"},\"primaryImageOfPage\":{\"@id\":\"https:\/\/www.hsymachinery.com\/product\/concrete-cutter-hq-l400a\/#primaryimage\"},\"image\":{\"@id\":\"https:\/\/www.hsymachinery.com\/product\/concrete-cutter-hq-l400a\/#primaryimage\"},\"thumbnailUrl\":\"https:\/\/www.hsymachinery.com\/wp-content\/uploads\/2025\/06\/Concrete-Cutter-HQ-L400A.jpg\",\"datePublished\":\"2025-06-18T10:00:19+00:00\",\"dateModified\":\"2025-06-28T12:46:32+00:00\",\"description\":\"HQ-L400A Longxin concrete cutter offers deep, precise cuts with upgraded stability for roads, bridge decks, and floor joints. Reliable for tough construction projects.\",\"breadcrumb\":{\"@id\":\"https:\/\/www.hsymachinery.com\/product\/concrete-cutter-hq-l400a\/#breadcrumb\"},\"inLanguage\":\"hu\",\"potentialAction\":[{\"@type\":\"ReadAction\",\"target\":[\"https:\/\/www.hsymachinery.com\/product\/concrete-cutter-hq-l400a\/\"]}]},{\"@type\":\"ImageObject\",\"inLanguage\":\"hu\",\"@id\":\"https:\/\/www.hsymachinery.com\/product\/concrete-cutter-hq-l400a\/#primaryimage\",\"url\":\"https:\/\/www.hsymachinery.com\/wp-content\/uploads\/2025\/06\/Concrete-Cutter-HQ-L400A.jpg\",\"contentUrl\":\"https:\/\/www.hsymachinery.com\/wp-content\/uploads\/2025\/06\/Concrete-Cutter-HQ-L400A.jpg\",\"width\":600,\"height\":600},{\"@type\":\"BreadcrumbList\",\"@id\":\"https:\/\/www.hsymachinery.com\/product\/concrete-cutter-hq-l400a\/#breadcrumb\",\"itemListElement\":[{\"@type\":\"ListItem\",\"position\":1,\"name\":\"home\",\"item\":\"https:\/\/www.hsymachinery.com\/\"},{\"@type\":\"ListItem\",\"position\":2,\"name\":\"products\",\"item\":\"https:\/\/www.hsymachinery.com\/products\/\"},{\"@type\":\"ListItem\",\"position\":3,\"name\":\"Concrete Cutter HQ-L400A\"}]},{\"@type\":\"WebSite\",\"@id\":\"https:\/\/www.hsymachinery.com\/#website\",\"url\":\"https:\/\/www.hsymachinery.com\/\",\"name\":\"HSY Construction Machinery\",\"description\":\"HSY Machinery \u2013 A leading China construction machinery supplier, offering a wide range of light construction equipment. Our main products include Rebar Cutting Machine, Rebar Bending Machine, Rebar Stirrup Bending Machine, Rebar Arc Bending Machine, Rebar Straightening Machine, Five-Head Rebar Stirrup Bending Machine, Tamping Rammer, Plate Compactor, Concrete Cutter, Power Trowel, and other construction machinery. We are equipped with advanced CNC machines, and we enforce strict quality inspection standards along with comprehensive after-sales service. If you are interested in our products or services, we warmly welcome your inquiries via message.\",\"publisher\":{\"@id\":\"https:\/\/www.hsymachinery.com\/#organization\"},\"potentialAction\":[{\"@type\":\"SearchAction\",\"target\":{\"@type\":\"EntryPoint\",\"urlTemplate\":\"https:\/\/www.hsymachinery.com\/?s={search_term_string}\"},\"query-input\":{\"@type\":\"PropertyValueSpecification\",\"valueRequired\":true,\"valueName\":\"search_term_string\"}}],\"inLanguage\":\"hu\"},{\"@type\":\"Organization\",\"@id\":\"https:\/\/www.hsymachinery.com\/#organization\",\"name\":\"HSY Construction Machinery\",\"url\":\"https:\/\/www.hsymachinery.com\/\",\"logo\":{\"@type\":\"ImageObject\",\"inLanguage\":\"hu\",\"@id\":\"https:\/\/www.hsymachinery.com\/#\/schema\/logo\/image\/\",\"url\":\"https:\/\/www.hsymachinery.com\/wp-content\/uploads\/2025\/06\/cropped-HSY-machinery.png\",\"contentUrl\":\"https:\/\/www.hsymachinery.com\/wp-content\/uploads\/2025\/06\/cropped-HSY-machinery.png\",\"width\":600,\"height\":240,\"caption\":\"HSY Construction Machinery\"},\"image\":{\"@id\":\"https:\/\/www.hsymachinery.com\/#\/schema\/logo\/image\/\"}}]}<\/script>\n<!-- \/ Yoast SEO plugin. -->","yoast_head_json":{"title":"HQ-L400A betonv\u00e1g\u00f3g\u00e9p - HSY \u00c9p\u00edt\u0151ipari g\u00e9pek","description":"A HQ-L400A Longxin betonv\u00e1g\u00f3g\u00e9p m\u00e9ly, pontos v\u00e1g\u00e1sokat k\u00edn\u00e1l tov\u00e1bbfejlesztett stabilit\u00e1ssal utakhoz, h\u00eddp\u00e1ly\u00e1khoz \u00e9s padl\u00f3\u00f6sszefoly\u00f3khoz. Megb\u00edzhat\u00f3 a kem\u00e9ny \u00e9p\u00edt\u00e9si projektekhez.","robots":{"index":"index","follow":"follow","max-snippet":"max-snippet:-1","max-image-preview":"max-image-preview:large","max-video-preview":"max-video-preview:-1"},"canonical":"https:\/\/www.hsymachinery.com\/hu\/termek\/betonvagogep-hq-l400a\/","og_locale":"hu_HU","og_type":"article","og_title":"Concrete Cutter HQ-L400A - HSY Construction Machinery","og_description":"HQ-L400A Longxin concrete cutter offers deep, precise cuts with upgraded stability for roads, bridge decks, and floor joints. Reliable for tough construction projects.","og_url":"https:\/\/www.hsymachinery.com\/hu\/termek\/betonvagogep-hq-l400a\/","og_site_name":"HSY Construction Machinery","article_modified_time":"2025-06-28T12:46:32+00:00","og_image":[{"width":600,"height":600,"url":"https:\/\/www.hsymachinery.com\/wp-content\/uploads\/2025\/06\/Concrete-Cutter-HQ-L400A.jpg","type":"image\/jpeg"}],"twitter_card":"summary_large_image","twitter_misc":{"Becs\u00fclt olvas\u00e1si id\u0151":"2 perc"},"schema":{"@context":"https:\/\/schema.org","@graph":[{"@type":"WebPage","@id":"https:\/\/www.hsymachinery.com\/product\/concrete-cutter-hq-l400a\/","url":"https:\/\/www.hsymachinery.com\/product\/concrete-cutter-hq-l400a\/","name":"HQ-L400A betonv\u00e1g\u00f3g\u00e9p - HSY \u00c9p\u00edt\u0151ipari g\u00e9pek","isPartOf":{"@id":"https:\/\/www.hsymachinery.com\/#website"},"primaryImageOfPage":{"@id":"https:\/\/www.hsymachinery.com\/product\/concrete-cutter-hq-l400a\/#primaryimage"},"image":{"@id":"https:\/\/www.hsymachinery.com\/product\/concrete-cutter-hq-l400a\/#primaryimage"},"thumbnailUrl":"https:\/\/www.hsymachinery.com\/wp-content\/uploads\/2025\/06\/Concrete-Cutter-HQ-L400A.jpg","datePublished":"2025-06-18T10:00:19+00:00","dateModified":"2025-06-28T12:46:32+00:00","description":"A HQ-L400A Longxin betonv\u00e1g\u00f3g\u00e9p m\u00e9ly, pontos v\u00e1g\u00e1sokat k\u00edn\u00e1l tov\u00e1bbfejlesztett stabilit\u00e1ssal utakhoz, h\u00eddp\u00e1ly\u00e1khoz \u00e9s padl\u00f3\u00f6sszefoly\u00f3khoz. Megb\u00edzhat\u00f3 a kem\u00e9ny \u00e9p\u00edt\u00e9si projektekhez.","breadcrumb":{"@id":"https:\/\/www.hsymachinery.com\/product\/concrete-cutter-hq-l400a\/#breadcrumb"},"inLanguage":"hu","potentialAction":[{"@type":"ReadAction","target":["https:\/\/www.hsymachinery.com\/product\/concrete-cutter-hq-l400a\/"]}]},{"@type":"ImageObject","inLanguage":"hu","@id":"https:\/\/www.hsymachinery.com\/product\/concrete-cutter-hq-l400a\/#primaryimage","url":"https:\/\/www.hsymachinery.com\/wp-content\/uploads\/2025\/06\/Concrete-Cutter-HQ-L400A.jpg","contentUrl":"https:\/\/www.hsymachinery.com\/wp-content\/uploads\/2025\/06\/Concrete-Cutter-HQ-L400A.jpg","width":600,"height":600},{"@type":"BreadcrumbList","@id":"https:\/\/www.hsymachinery.com\/product\/concrete-cutter-hq-l400a\/#breadcrumb","itemListElement":[{"@type":"ListItem","position":1,"name":"home","item":"https:\/\/www.hsymachinery.com\/"},{"@type":"ListItem","position":2,"name":"products","item":"https:\/\/www.hsymachinery.com\/products\/"},{"@type":"ListItem","position":3,"name":"Concrete Cutter HQ-L400A"}]},{"@type":"WebSite","@id":"https:\/\/www.hsymachinery.com\/#website","url":"https:\/\/www.hsymachinery.com\/","name":"HSY \u00e9p\u00edt\u0151ipari g\u00e9pek","description":"HSY Machinery - K\u00edna vezet\u0151 \u00e9p\u00edt\u0151ipari g\u00e9pgy\u00e1rt\u00f3 v\u00e1llalata, amely k\u00f6nny\u0171 \u00e9p\u00edt\u0151ipari berendez\u00e9sek sz\u00e9les v\u00e1laszt\u00e9k\u00e1t k\u00edn\u00e1lja. F\u0151 term\u00e9keink k\u00f6z\u00e9 tartozik az \u00fajj\u00e1\u00e9p\u00edt\u00e9si v\u00e1g\u00f3g\u00e9p, az \u00fajj\u00e1\u00e9p\u00edt\u00e9si hajl\u00edt\u00f3g\u00e9p, az \u00fajj\u00e1\u00e9p\u00edt\u00e9si kengyelhajl\u00edt\u00f3 g\u00e9p, az \u00fajj\u00e1\u00e9p\u00edt\u00e9si \u00edvhajl\u00edt\u00f3 g\u00e9p, az \u00fajj\u00e1\u00e9p\u00edt\u00e9si egyenes\u00edt\u0151 g\u00e9p, az \u00f6tfej\u0171 \u00fajj\u00e1\u00e9p\u00edt\u00e9si kengyelhajl\u00edt\u00f3 g\u00e9p, a d\u00f6ng\u00f6l\u0151 rammer, a lemezkompaktor, a betonv\u00e1g\u00f3, a villanymotoros sim\u00edt\u00f3 \u00e9s m\u00e1s \u00e9p\u00edt\u0151ipari g\u00e9pek. Fejlett CNC-g\u00e9pekkel vagyunk felszerelve, \u00e9s szigor\u00fa min\u0151s\u00e9gellen\u0151rz\u00e9si szabv\u00e1nyokat \u00e9rv\u00e9nyes\u00edt\u00fcnk az \u00e1tfog\u00f3 \u00e9rt\u00e9kes\u00edt\u00e9s ut\u00e1ni szolg\u00e1ltat\u00e1ssal egy\u00fctt. Ha \u00e9rdeklik term\u00e9keink vagy szolg\u00e1ltat\u00e1saink, sz\u00edvesen fogadjuk \u00e9rdekl\u0151d\u00e9s\u00e9t \u00fczenetben.","publisher":{"@id":"https:\/\/www.hsymachinery.com\/#organization"},"potentialAction":[{"@type":"SearchAction","target":{"@type":"EntryPoint","urlTemplate":"https:\/\/www.hsymachinery.com\/?s={search_term_string}"},"query-input":{"@type":"PropertyValueSpecification","valueRequired":true,"valueName":"search_term_string"}}],"inLanguage":"hu"},{"@type":"Organization","@id":"https:\/\/www.hsymachinery.com\/#organization","name":"HSY \u00e9p\u00edt\u0151ipari g\u00e9pek","url":"https:\/\/www.hsymachinery.com\/","logo":{"@type":"ImageObject","inLanguage":"hu","@id":"https:\/\/www.hsymachinery.com\/#\/schema\/logo\/image\/","url":"https:\/\/www.hsymachinery.com\/wp-content\/uploads\/2025\/06\/cropped-HSY-machinery.png","contentUrl":"https:\/\/www.hsymachinery.com\/wp-content\/uploads\/2025\/06\/cropped-HSY-machinery.png","width":600,"height":240,"caption":"HSY Construction Machinery"},"image":{"@id":"https:\/\/www.hsymachinery.com\/#\/schema\/logo\/image\/"}}]}},"_links":{"self":[{"href":"https:\/\/www.hsymachinery.com\/hu\/wp-json\/wp\/v2\/product\/9139","targetHints":{"allow":["GET"]}}],"collection":[{"href":"https:\/\/www.hsymachinery.com\/hu\/wp-json\/wp\/v2\/product"}],"about":[{"href":"https:\/\/www.hsymachinery.com\/hu\/wp-json\/wp\/v2\/types\/product"}],"version-history":[{"count":3,"href":"https:\/\/www.hsymachinery.com\/hu\/wp-json\/wp\/v2\/product\/9139\/revisions"}],"predecessor-version":[{"id":9554,"href":"https:\/\/www.hsymachinery.com\/hu\/wp-json\/wp\/v2\/product\/9139\/revisions\/9554"}],"wp:featuredmedia":[{"embeddable":true,"href":"https:\/\/www.hsymachinery.com\/hu\/wp-json\/wp\/v2\/media\/9140"}],"wp:attachment":[{"href":"https:\/\/www.hsymachinery.com\/hu\/wp-json\/wp\/v2\/media?parent=9139"}],"wp:term":[{"taxonomy":"product_brand","embeddable":true,"href":"https:\/\/www.hsymachinery.com\/hu\/wp-json\/wp\/v2\/product_brand?post=9139"},{"taxonomy":"product_cat","embeddable":true,"href":"https:\/\/www.hsymachinery.com\/hu\/wp-json\/wp\/v2\/product_cat?post=9139"},{"taxonomy":"product_tag","embeddable":true,"href":"https:\/\/www.hsymachinery.com\/hu\/wp-json\/wp\/v2\/product_tag?post=9139"}],"curies":[{"name":"wp","href":"https:\/\/api.w.org\/{rel}","templated":true}]}}