{"id":9130,"date":"2025-06-18T17:08:39","date_gmt":"2025-06-18T09:08:39","guid":{"rendered":"https:\/\/www.hsymachinery.com\/?post_type=product&#038;p=9130"},"modified":"2025-06-28T20:15:49","modified_gmt":"2025-06-28T12:15:49","slug":"lemezes-tomorito-ph-d250","status":"publish","type":"product","link":"https:\/\/www.hsymachinery.com\/hu\/termek\/lemezes-tomorito-ph-d250\/","title":{"rendered":"PH-D250 lemezes t\u00f6m\u00f6r\u00edt\u0151"},"content":{"rendered":"<h2 data-start=\"107\" data-end=\"138\">PH-D250 lemezes t\u00f6m\u00f6r\u00edt\u0151<\/h2>\n<h3 data-start=\"139\" data-end=\"259\">PH-D250 elektromos lemezes t\u00f6m\u00f6r\u00edt\u0151 | K\u00f6rnyezetbar\u00e1t talajt\u00f6m\u00f6r\u00edt\u00e9s belt\u00e9ri munkater\u00fcletekre, v\u00e1rosi munk\u00e1khoz \u00e9s zaj\u00e9rz\u00e9keny ter\u00fcletekre<\/h3>\n<h3 data-start=\"266\" data-end=\"342\">Term\u00e9k\u00e1ttekint\u00e9s - Elektromos er\u0151 a tiszta \u00e9s csendes talajt\u00f6m\u00f6r\u00edt\u00e9shez<a href=\"https:\/\/www.hsymachinery.com\/hu\/termekek\/lemezes-tomorito\/\" target=\"_blank\" rel=\"noopener\"><img fetchpriority=\"high\" decoding=\"async\" class=\"wp-image-9131 alignright\" src=\"https:\/\/www.hsymachinery.com\/wp-content\/uploads\/2025\/06\/Plate-Compactor-PH-D250-300x300.jpg\" alt=\"\" width=\"460\" height=\"460\" srcset=\"https:\/\/www.hsymachinery.com\/wp-content\/uploads\/2025\/06\/Plate-Compactor-PH-D250-300x300.jpg 300w, https:\/\/www.hsymachinery.com\/wp-content\/uploads\/2025\/06\/Plate-Compactor-PH-D250-150x150.jpg 150w, https:\/\/www.hsymachinery.com\/wp-content\/uploads\/2025\/06\/Plate-Compactor-PH-D250-100x100.jpg 100w, https:\/\/www.hsymachinery.com\/wp-content\/uploads\/2025\/06\/Plate-Compactor-PH-D250.jpg 600w\" sizes=\"(max-width: 460px) 100vw, 460px\" \/><\/a><\/h3>\n<p data-start=\"344\" data-end=\"732\">A <strong data-start=\"348\" data-end=\"375\">PH-D250 lemezes t\u00f6m\u00f6r\u00edt\u0151<\/strong> egy nagy teljes\u00edtm\u00e9ny\u0171, elektromos meghajt\u00e1s\u00fa talajt\u00f6m\u00f6r\u00edt\u0151, amelyet olyan alkalmaz\u00e1sokhoz terveztek, ahol alacsony zajszintre, z\u00e9r\u00f3 kibocs\u00e1t\u00e1sra \u00e9s pontos vez\u00e9rl\u00e9sre van sz\u00fcks\u00e9g. A PH-D250 ide\u00e1lis v\u00e1rosi \u00e9p\u00edtkez\u00e9sekhez, belt\u00e9ri talajel\u0151k\u00e9sz\u00edt\u00e9shez, pincemunk\u00e1khoz \u00e9s szell\u0151ztetett munkater\u00fcletekhez, a PH-D250 kompakt, m\u00e9gis er\u0151s megold\u00e1st k\u00edn\u00e1l an\u00e9lk\u00fcl, hogy kompromisszumot k\u00f6tne a teljes\u00edtm\u00e9nyben.<\/p>\n<p data-start=\"734\" data-end=\"870\">Elektromotorja egyenletes teljes\u00edtm\u00e9nyt biztos\u00edt \u00fczemanyag, f\u00fcst vagy ind\u00edt\u00e1si k\u00e9sedelem n\u00e9lk\u00fcl - t\u00f6k\u00e9letes a k\u00f6rnyezettudatos \u00e9p\u00edtkez\u00e9sekhez.<\/p>\n<h3 data-start=\"877\" data-end=\"934\">Tiszta m\u0171k\u00f6d\u00e9s, megb\u00edzhat\u00f3 teljes\u00edtm\u00e9ny \u00e9s k\u00f6nny\u0171 kezelhet\u0151s\u00e9g<\/h3>\n<p data-start=\"936\" data-end=\"1274\">A PH-D250 nagy nyomat\u00e9k\u00fa elektromotorral m\u0171k\u00f6dik, \u00e9s stabil rezg\u0151er\u0151t biztos\u00edt homok, talaj \u00e9s z\u00fazott kavics t\u00f6m\u00f6r\u00edt\u00e9s\u00e9hez. Az ac\u00e9llemez biztos\u00edtja az egyenletes fel\u00fcletkik\u00e9sz\u00edt\u00e9st, a csendes m\u0171k\u00f6d\u00e9s pedig alkalmass\u00e1 teszi a k\u00e9sz\u00fcl\u00e9ket zaj\u00e9rz\u00e9keny k\u00f6rnyezetben, p\u00e9ld\u00e1ul lak\u00f3\u00f6vezetekben vagy kereskedelmi \u00e9p\u00fcletekben val\u00f3 haszn\u00e1latra.<\/p>\n<p data-start=\"1276\" data-end=\"1403\">A PH-D250 minim\u00e1lis karbantart\u00e1ssal, \u00fczemanyagk\u00f6lts\u00e9g \u00e9s kipufog\u00f3g\u00e1z n\u00e9lk\u00fcl cs\u00f6kkenti az \u00fczemeltet\u00e9s \u00f6sszetetts\u00e9g\u00e9t \u00e9s a projekt teljes k\u00f6lts\u00e9g\u00e9t.<\/p>\n<h3 data-start=\"1410\" data-end=\"1472\">A legjobb v\u00e1laszt\u00e1s belt\u00e9ri munk\u00e1khoz \u00e9s v\u00e1rosi helysz\u00edni korl\u00e1toz\u00e1sokhoz<\/h3>\n<p data-start=\"1474\" data-end=\"1756\">Kibocs\u00e1t\u00e1smentes kialak\u00edt\u00e1s\u00e1nak k\u00f6sz\u00f6nhet\u0151en a PH-D250 megfelel a k\u00f6rnyezetv\u00e9delmi el\u0151\u00edr\u00e1soknak \u00e9s az \u00e9p\u00edt\u00e9si szab\u00e1lyoknak azokban a v\u00e1rosokban, ahol a benzin- vagy d\u00edzel\u00fczem\u0171 g\u00e9pek haszn\u00e1lata korl\u00e1tozott. T\u00f6k\u00e9letes padl\u00f3fel\u00faj\u00edt\u00e1sokhoz, sz\u0171k hozz\u00e1f\u00e9r\u00e9si z\u00f3n\u00e1khoz \u00e9s z\u00f6ld \u00e9p\u00edt\u00e9si kezdem\u00e9nyez\u00e9sekhez.<\/p>\n<p data-start=\"1758\" data-end=\"1849\">A v\u00e1llalkoz\u00f3k olyan projektekhez v\u00e1lasztj\u00e1k, ahol a megb\u00edzhat\u00f3s\u00e1g, a biztons\u00e1g \u00e9s a tiszta energia a legfontosabb.<\/p>\n<h3 data-start=\"1856\" data-end=\"1910\">A PH-D250 elektromos lemezes t\u00f6m\u00f6r\u00edt\u0151 legfontosabb jellemz\u0151i<\/h3>\n<ul data-start=\"1912\" data-end=\"2189\">\n<li data-start=\"1912\" data-end=\"1965\">\n<p data-start=\"1914\" data-end=\"1965\">Elektromos motor a csendes, kibocs\u00e1t\u00e1smentes m\u0171k\u00f6d\u00e9shez<\/p>\n<\/li>\n<li data-start=\"1966\" data-end=\"2024\">\n<p data-start=\"1968\" data-end=\"2024\">Ide\u00e1lis belt\u00e9ri, v\u00e1rosi \u00e9s z\u00e1rt t\u00e9r t\u00f6m\u00f6r\u00edt\u00e9s\u00e9hez<\/p>\n<\/li>\n<li data-start=\"2025\" data-end=\"2082\">\n<p data-start=\"2027\" data-end=\"2082\">Sima t\u00f6m\u00f6r\u00edt\u00e9s padl\u00f3burkolatokhoz, talajhoz \u00e9s kavics\u00e1gyakhoz<\/p>\n<\/li>\n<li data-start=\"2083\" data-end=\"2135\">\n<p data-start=\"2085\" data-end=\"2135\">Az ac\u00e9l t\u00f6m\u00f6r\u00edt\u0151lemez sima, egyenletes fel\u00fcletet biztos\u00edt<\/p>\n<\/li>\n<li data-start=\"2136\" data-end=\"2189\">\n<p data-start=\"2138\" data-end=\"2189\">Karbantart\u00e1smentes kialak\u00edt\u00e1s alacsony \u00fczemeltet\u00e9si k\u00f6lts\u00e9ggel<\/p>\n<\/li>\n<\/ul>\n<p><iframe title=\"t\u00f6m\u00f6r\u00edt\u0151, d\u00f6ng\u00f6l\u0151 kalap\u00e1cs, d\u00f6ng\u00f6l\u0151, lemezes t\u00f6m\u00f6r\u00edt\u0151, \u00e9p\u00edt\u00e9si vibr\u00e1ci\u00f3, t\u00f6m\u00f6r\u00edt\u0151 machine.#tamping\" width=\"720\" height=\"405\" src=\"https:\/\/www.youtube.com\/embed\/kHw7Cpv12Zs?feature=oembed\" frameborder=\"0\" allow=\"accelerometer; autoplay; clipboard-write; encrypted-media; gyroscope; picture-in-picture; web-share\" referrerpolicy=\"strict-origin-when-cross-origin\" allowfullscreen><\/iframe><\/p>","protected":false},"excerpt":{"rendered":"<p>A PH-D250 elektromos lemezes t\u00f6m\u00f6r\u00edt\u0151 csendes, kibocs\u00e1t\u00e1smentes talajt\u00f6m\u00f6r\u00edt\u00e9st k\u00edn\u00e1l belt\u00e9ri, lak\u00f3\u00e9p\u00fcletekben \u00e9s zajkorl\u00e1tozott munkater\u00fcleteken. Tiszta energia, er\u0151s teljes\u00edtm\u00e9ny, nulla \u00fczemanyag.<\/p>","protected":false},"featured_media":9131,"template":"","meta":{"_kad_post_transparent":"default","_kad_post_title":"","_kad_post_layout":"default","_kad_post_sidebar_id":"","_kad_post_content_style":"default","_kad_post_vertical_padding":"default","_kad_post_feature":"","_kad_post_feature_position":"","_kad_post_header":false,"_kad_post_footer":false},"product_brand":[],"product_cat":[59],"product_tag":[1066,1062,1065,1070,1069,1063,1067,1064,1061,1068],"class_list":{"0":"post-9130","1":"product","2":"type-product","3":"status-publish","4":"has-post-thumbnail","6":"product_cat-plate-compactor","7":"product_tag-diesel-plate-compactor","8":"product_tag-forward-plate-compactor","9":"product_tag-gasoline-plate-compactor","10":"product_tag-heavy-duty-plate-compactor","11":"product_tag-plate-compactor-for-asphalt","12":"product_tag-reversible-plate-compactor","13":"product_tag-road-construction-compactor","14":"product_tag-soil-plate-compactor","15":"product_tag-vibratory-plate-compactor","16":"product_tag-walk-behind-plate-compactor","18":"first","19":"instock","20":"shipping-taxable","21":"product-type-simple","22":"entry","23":"content-bg","24":"loop-entry"},"yoast_head":"<!-- This site is optimized with the Yoast SEO plugin v25.3.1 - https:\/\/yoast.com\/wordpress\/plugins\/seo\/ -->\n<title>Plate Compactor PH-D250 - HSY Construction Machinery<\/title>\n<meta name=\"description\" content=\"PH-D250 Electric Plate Compactor delivers quiet, zero-emission compaction for indoor flooring, urban projects, and green construction. Efficient and environmentally safe.\" \/>\n<meta name=\"robots\" content=\"index, follow, max-snippet:-1, max-image-preview:large, max-video-preview:-1\" \/>\n<link rel=\"canonical\" href=\"https:\/\/www.hsymachinery.com\/hu\/termek\/lemezes-tomorito-ph-d250\/\" \/>\n<meta property=\"og:locale\" content=\"hu_HU\" \/>\n<meta property=\"og:type\" content=\"article\" \/>\n<meta property=\"og:title\" content=\"Plate Compactor PH-D250 - HSY Construction Machinery\" \/>\n<meta property=\"og:description\" content=\"PH-D250 Electric Plate Compactor delivers quiet, zero-emission compaction for indoor flooring, urban projects, and green construction. Efficient and environmentally safe.\" \/>\n<meta property=\"og:url\" content=\"https:\/\/www.hsymachinery.com\/hu\/termek\/lemezes-tomorito-ph-d250\/\" \/>\n<meta property=\"og:site_name\" content=\"HSY Construction Machinery\" \/>\n<meta property=\"article:modified_time\" content=\"2025-06-28T12:15:49+00:00\" \/>\n<meta property=\"og:image\" content=\"https:\/\/www.hsymachinery.com\/wp-content\/uploads\/2025\/06\/Plate-Compactor-PH-D250.jpg\" \/>\n\t<meta property=\"og:image:width\" content=\"600\" \/>\n\t<meta property=\"og:image:height\" content=\"600\" \/>\n\t<meta property=\"og:image:type\" content=\"image\/jpeg\" \/>\n<meta name=\"twitter:card\" content=\"summary_large_image\" \/>\n<meta name=\"twitter:label1\" content=\"Becs\u00fclt olvas\u00e1si id\u0151\" \/>\n\t<meta name=\"twitter:data1\" content=\"2 perc\" \/>\n<script type=\"application\/ld+json\" class=\"yoast-schema-graph\">{\"@context\":\"https:\/\/schema.org\",\"@graph\":[{\"@type\":\"WebPage\",\"@id\":\"https:\/\/www.hsymachinery.com\/product\/plate-compactor-ph-d250\/\",\"url\":\"https:\/\/www.hsymachinery.com\/product\/plate-compactor-ph-d250\/\",\"name\":\"Plate Compactor PH-D250 - HSY Construction Machinery\",\"isPartOf\":{\"@id\":\"https:\/\/www.hsymachinery.com\/#website\"},\"primaryImageOfPage\":{\"@id\":\"https:\/\/www.hsymachinery.com\/product\/plate-compactor-ph-d250\/#primaryimage\"},\"image\":{\"@id\":\"https:\/\/www.hsymachinery.com\/product\/plate-compactor-ph-d250\/#primaryimage\"},\"thumbnailUrl\":\"https:\/\/www.hsymachinery.com\/wp-content\/uploads\/2025\/06\/Plate-Compactor-PH-D250.jpg\",\"datePublished\":\"2025-06-18T09:08:39+00:00\",\"dateModified\":\"2025-06-28T12:15:49+00:00\",\"description\":\"PH-D250 Electric Plate Compactor delivers quiet, zero-emission compaction for indoor flooring, urban projects, and green construction. Efficient and environmentally safe.\",\"breadcrumb\":{\"@id\":\"https:\/\/www.hsymachinery.com\/product\/plate-compactor-ph-d250\/#breadcrumb\"},\"inLanguage\":\"hu\",\"potentialAction\":[{\"@type\":\"ReadAction\",\"target\":[\"https:\/\/www.hsymachinery.com\/product\/plate-compactor-ph-d250\/\"]}]},{\"@type\":\"ImageObject\",\"inLanguage\":\"hu\",\"@id\":\"https:\/\/www.hsymachinery.com\/product\/plate-compactor-ph-d250\/#primaryimage\",\"url\":\"https:\/\/www.hsymachinery.com\/wp-content\/uploads\/2025\/06\/Plate-Compactor-PH-D250.jpg\",\"contentUrl\":\"https:\/\/www.hsymachinery.com\/wp-content\/uploads\/2025\/06\/Plate-Compactor-PH-D250.jpg\",\"width\":600,\"height\":600},{\"@type\":\"BreadcrumbList\",\"@id\":\"https:\/\/www.hsymachinery.com\/product\/plate-compactor-ph-d250\/#breadcrumb\",\"itemListElement\":[{\"@type\":\"ListItem\",\"position\":1,\"name\":\"home\",\"item\":\"https:\/\/www.hsymachinery.com\/\"},{\"@type\":\"ListItem\",\"position\":2,\"name\":\"products\",\"item\":\"https:\/\/www.hsymachinery.com\/products\/\"},{\"@type\":\"ListItem\",\"position\":3,\"name\":\"Plate Compactor PH-D250\"}]},{\"@type\":\"WebSite\",\"@id\":\"https:\/\/www.hsymachinery.com\/#website\",\"url\":\"https:\/\/www.hsymachinery.com\/\",\"name\":\"HSY Construction Machinery\",\"description\":\"HSY Machinery \u2013 A leading China construction machinery supplier, offering a wide range of light construction equipment. Our main products include Rebar Cutting Machine, Rebar Bending Machine, Rebar Stirrup Bending Machine, Rebar Arc Bending Machine, Rebar Straightening Machine, Five-Head Rebar Stirrup Bending Machine, Tamping Rammer, Plate Compactor, Concrete Cutter, Power Trowel, and other construction machinery. We are equipped with advanced CNC machines, and we enforce strict quality inspection standards along with comprehensive after-sales service. If you are interested in our products or services, we warmly welcome your inquiries via message.\",\"publisher\":{\"@id\":\"https:\/\/www.hsymachinery.com\/#organization\"},\"potentialAction\":[{\"@type\":\"SearchAction\",\"target\":{\"@type\":\"EntryPoint\",\"urlTemplate\":\"https:\/\/www.hsymachinery.com\/?s={search_term_string}\"},\"query-input\":{\"@type\":\"PropertyValueSpecification\",\"valueRequired\":true,\"valueName\":\"search_term_string\"}}],\"inLanguage\":\"hu\"},{\"@type\":\"Organization\",\"@id\":\"https:\/\/www.hsymachinery.com\/#organization\",\"name\":\"HSY Construction Machinery\",\"url\":\"https:\/\/www.hsymachinery.com\/\",\"logo\":{\"@type\":\"ImageObject\",\"inLanguage\":\"hu\",\"@id\":\"https:\/\/www.hsymachinery.com\/#\/schema\/logo\/image\/\",\"url\":\"https:\/\/www.hsymachinery.com\/wp-content\/uploads\/2025\/06\/cropped-HSY-machinery.png\",\"contentUrl\":\"https:\/\/www.hsymachinery.com\/wp-content\/uploads\/2025\/06\/cropped-HSY-machinery.png\",\"width\":600,\"height\":240,\"caption\":\"HSY Construction Machinery\"},\"image\":{\"@id\":\"https:\/\/www.hsymachinery.com\/#\/schema\/logo\/image\/\"}}]}<\/script>\n<!-- \/ Yoast SEO plugin. -->","yoast_head_json":{"title":"PH-D250 lemezes t\u00f6m\u00f6r\u00edt\u0151 - HSY \u00c9p\u00edt\u0151ipari g\u00e9pek","description":"A PH-D250 elektromos lemezes t\u00f6m\u00f6r\u00edt\u0151 csendes, kibocs\u00e1t\u00e1smentes t\u00f6m\u00f6r\u00edt\u00e9st biztos\u00edt belt\u00e9ri padl\u00f3burkolatokhoz, v\u00e1rosi projektekhez \u00e9s z\u00f6ld \u00e9p\u00edtkez\u00e9sekhez. Hat\u00e9kony \u00e9s k\u00f6rnyezetbar\u00e1t.","robots":{"index":"index","follow":"follow","max-snippet":"max-snippet:-1","max-image-preview":"max-image-preview:large","max-video-preview":"max-video-preview:-1"},"canonical":"https:\/\/www.hsymachinery.com\/hu\/termek\/lemezes-tomorito-ph-d250\/","og_locale":"hu_HU","og_type":"article","og_title":"Plate Compactor PH-D250 - HSY Construction Machinery","og_description":"PH-D250 Electric Plate Compactor delivers quiet, zero-emission compaction for indoor flooring, urban projects, and green construction. Efficient and environmentally safe.","og_url":"https:\/\/www.hsymachinery.com\/hu\/termek\/lemezes-tomorito-ph-d250\/","og_site_name":"HSY Construction Machinery","article_modified_time":"2025-06-28T12:15:49+00:00","og_image":[{"width":600,"height":600,"url":"https:\/\/www.hsymachinery.com\/wp-content\/uploads\/2025\/06\/Plate-Compactor-PH-D250.jpg","type":"image\/jpeg"}],"twitter_card":"summary_large_image","twitter_misc":{"Becs\u00fclt olvas\u00e1si id\u0151":"2 perc"},"schema":{"@context":"https:\/\/schema.org","@graph":[{"@type":"WebPage","@id":"https:\/\/www.hsymachinery.com\/product\/plate-compactor-ph-d250\/","url":"https:\/\/www.hsymachinery.com\/product\/plate-compactor-ph-d250\/","name":"PH-D250 lemezes t\u00f6m\u00f6r\u00edt\u0151 - HSY \u00c9p\u00edt\u0151ipari g\u00e9pek","isPartOf":{"@id":"https:\/\/www.hsymachinery.com\/#website"},"primaryImageOfPage":{"@id":"https:\/\/www.hsymachinery.com\/product\/plate-compactor-ph-d250\/#primaryimage"},"image":{"@id":"https:\/\/www.hsymachinery.com\/product\/plate-compactor-ph-d250\/#primaryimage"},"thumbnailUrl":"https:\/\/www.hsymachinery.com\/wp-content\/uploads\/2025\/06\/Plate-Compactor-PH-D250.jpg","datePublished":"2025-06-18T09:08:39+00:00","dateModified":"2025-06-28T12:15:49+00:00","description":"A PH-D250 elektromos lemezes t\u00f6m\u00f6r\u00edt\u0151 csendes, kibocs\u00e1t\u00e1smentes t\u00f6m\u00f6r\u00edt\u00e9st biztos\u00edt belt\u00e9ri padl\u00f3burkolatokhoz, v\u00e1rosi projektekhez \u00e9s z\u00f6ld \u00e9p\u00edtkez\u00e9sekhez. Hat\u00e9kony \u00e9s k\u00f6rnyezetbar\u00e1t.","breadcrumb":{"@id":"https:\/\/www.hsymachinery.com\/product\/plate-compactor-ph-d250\/#breadcrumb"},"inLanguage":"hu","potentialAction":[{"@type":"ReadAction","target":["https:\/\/www.hsymachinery.com\/product\/plate-compactor-ph-d250\/"]}]},{"@type":"ImageObject","inLanguage":"hu","@id":"https:\/\/www.hsymachinery.com\/product\/plate-compactor-ph-d250\/#primaryimage","url":"https:\/\/www.hsymachinery.com\/wp-content\/uploads\/2025\/06\/Plate-Compactor-PH-D250.jpg","contentUrl":"https:\/\/www.hsymachinery.com\/wp-content\/uploads\/2025\/06\/Plate-Compactor-PH-D250.jpg","width":600,"height":600},{"@type":"BreadcrumbList","@id":"https:\/\/www.hsymachinery.com\/product\/plate-compactor-ph-d250\/#breadcrumb","itemListElement":[{"@type":"ListItem","position":1,"name":"home","item":"https:\/\/www.hsymachinery.com\/"},{"@type":"ListItem","position":2,"name":"products","item":"https:\/\/www.hsymachinery.com\/products\/"},{"@type":"ListItem","position":3,"name":"Plate Compactor PH-D250"}]},{"@type":"WebSite","@id":"https:\/\/www.hsymachinery.com\/#website","url":"https:\/\/www.hsymachinery.com\/","name":"HSY \u00e9p\u00edt\u0151ipari g\u00e9pek","description":"HSY Machinery - K\u00edna vezet\u0151 \u00e9p\u00edt\u0151ipari g\u00e9pgy\u00e1rt\u00f3 v\u00e1llalata, amely k\u00f6nny\u0171 \u00e9p\u00edt\u0151ipari berendez\u00e9sek sz\u00e9les v\u00e1laszt\u00e9k\u00e1t k\u00edn\u00e1lja. F\u0151 term\u00e9keink k\u00f6z\u00e9 tartozik az \u00fajj\u00e1\u00e9p\u00edt\u00e9si v\u00e1g\u00f3g\u00e9p, az \u00fajj\u00e1\u00e9p\u00edt\u00e9si hajl\u00edt\u00f3g\u00e9p, az \u00fajj\u00e1\u00e9p\u00edt\u00e9si kengyelhajl\u00edt\u00f3 g\u00e9p, az \u00fajj\u00e1\u00e9p\u00edt\u00e9si \u00edvhajl\u00edt\u00f3 g\u00e9p, az \u00fajj\u00e1\u00e9p\u00edt\u00e9si egyenes\u00edt\u0151 g\u00e9p, az \u00f6tfej\u0171 \u00fajj\u00e1\u00e9p\u00edt\u00e9si kengyelhajl\u00edt\u00f3 g\u00e9p, a d\u00f6ng\u00f6l\u0151 rammer, a lemezkompaktor, a betonv\u00e1g\u00f3, a villanymotoros sim\u00edt\u00f3 \u00e9s m\u00e1s \u00e9p\u00edt\u0151ipari g\u00e9pek. Fejlett CNC-g\u00e9pekkel vagyunk felszerelve, \u00e9s szigor\u00fa min\u0151s\u00e9gellen\u0151rz\u00e9si szabv\u00e1nyokat \u00e9rv\u00e9nyes\u00edt\u00fcnk az \u00e1tfog\u00f3 \u00e9rt\u00e9kes\u00edt\u00e9s ut\u00e1ni szolg\u00e1ltat\u00e1ssal egy\u00fctt. Ha \u00e9rdeklik term\u00e9keink vagy szolg\u00e1ltat\u00e1saink, sz\u00edvesen fogadjuk \u00e9rdekl\u0151d\u00e9s\u00e9t \u00fczenetben.","publisher":{"@id":"https:\/\/www.hsymachinery.com\/#organization"},"potentialAction":[{"@type":"SearchAction","target":{"@type":"EntryPoint","urlTemplate":"https:\/\/www.hsymachinery.com\/?s={search_term_string}"},"query-input":{"@type":"PropertyValueSpecification","valueRequired":true,"valueName":"search_term_string"}}],"inLanguage":"hu"},{"@type":"Organization","@id":"https:\/\/www.hsymachinery.com\/#organization","name":"HSY \u00e9p\u00edt\u0151ipari g\u00e9pek","url":"https:\/\/www.hsymachinery.com\/","logo":{"@type":"ImageObject","inLanguage":"hu","@id":"https:\/\/www.hsymachinery.com\/#\/schema\/logo\/image\/","url":"https:\/\/www.hsymachinery.com\/wp-content\/uploads\/2025\/06\/cropped-HSY-machinery.png","contentUrl":"https:\/\/www.hsymachinery.com\/wp-content\/uploads\/2025\/06\/cropped-HSY-machinery.png","width":600,"height":240,"caption":"HSY Construction Machinery"},"image":{"@id":"https:\/\/www.hsymachinery.com\/#\/schema\/logo\/image\/"}}]}},"_links":{"self":[{"href":"https:\/\/www.hsymachinery.com\/hu\/wp-json\/wp\/v2\/product\/9130","targetHints":{"allow":["GET"]}}],"collection":[{"href":"https:\/\/www.hsymachinery.com\/hu\/wp-json\/wp\/v2\/product"}],"about":[{"href":"https:\/\/www.hsymachinery.com\/hu\/wp-json\/wp\/v2\/types\/product"}],"version-history":[{"count":3,"href":"https:\/\/www.hsymachinery.com\/hu\/wp-json\/wp\/v2\/product\/9130\/revisions"}],"predecessor-version":[{"id":9543,"href":"https:\/\/www.hsymachinery.com\/hu\/wp-json\/wp\/v2\/product\/9130\/revisions\/9543"}],"wp:featuredmedia":[{"embeddable":true,"href":"https:\/\/www.hsymachinery.com\/hu\/wp-json\/wp\/v2\/media\/9131"}],"wp:attachment":[{"href":"https:\/\/www.hsymachinery.com\/hu\/wp-json\/wp\/v2\/media?parent=9130"}],"wp:term":[{"taxonomy":"product_brand","embeddable":true,"href":"https:\/\/www.hsymachinery.com\/hu\/wp-json\/wp\/v2\/product_brand?post=9130"},{"taxonomy":"product_cat","embeddable":true,"href":"https:\/\/www.hsymachinery.com\/hu\/wp-json\/wp\/v2\/product_cat?post=9130"},{"taxonomy":"product_tag","embeddable":true,"href":"https:\/\/www.hsymachinery.com\/hu\/wp-json\/wp\/v2\/product_tag?post=9130"}],"curies":[{"name":"wp","href":"https:\/\/api.w.org\/{rel}","templated":true}]}}