{"id":9127,"date":"2025-06-18T17:07:48","date_gmt":"2025-06-18T09:07:48","guid":{"rendered":"https:\/\/www.hsymachinery.com\/?post_type=product&#038;p=9127"},"modified":"2025-06-28T20:11:59","modified_gmt":"2025-06-28T12:11:59","slug":"lemezes-tomorito-ph-c250a","status":"publish","type":"product","link":"https:\/\/www.hsymachinery.com\/hu\/termek\/lemezes-tomorito-ph-c250a\/","title":{"rendered":"PH-C250A lemezes t\u00f6m\u00f6r\u00edt\u0151"},"content":{"rendered":"<h2 data-start=\"111\" data-end=\"143\">PH-C250A lemezes t\u00f6m\u00f6r\u00edt\u0151<\/h2>\n<h3 data-start=\"144\" data-end=\"257\">PH-C250A d\u00edzel lemezes t\u00f6m\u00f6r\u00edt\u0151 | Sz\u00e9les alapter\u00fclet\u0171, nagy teherb\u00edr\u00e1s\u00fa t\u00f6m\u00f6r\u00edt\u0151 alapoz\u00e1shoz, kavics \u00e9s aljzat t\u00f6m\u00f6r\u00edt\u00e9s\u00e9hez<\/h3>\n<h3 data-start=\"264\" data-end=\"347\">Term\u00e9k \u00e1ttekint\u00e9s - Tov\u00e1bbfejlesztett d\u00edzel t\u00f6m\u00f6r\u00edt\u0151 a nagyobb hat\u00e1s\u00e9rt \u00e9s lefedetts\u00e9g\u00e9rt<a href=\"https:\/\/www.hsymachinery.com\/hu\/termekek\/lemezes-tomorito\/\" target=\"_blank\" rel=\"noopener\"><img fetchpriority=\"high\" decoding=\"async\" class=\"wp-image-9128 alignright\" src=\"https:\/\/www.hsymachinery.com\/wp-content\/uploads\/2025\/06\/Plate-Compactor-PH-C250A-300x300.jpg\" alt=\"\" width=\"461\" height=\"461\" srcset=\"https:\/\/www.hsymachinery.com\/wp-content\/uploads\/2025\/06\/Plate-Compactor-PH-C250A-300x300.jpg 300w, https:\/\/www.hsymachinery.com\/wp-content\/uploads\/2025\/06\/Plate-Compactor-PH-C250A-150x150.jpg 150w, https:\/\/www.hsymachinery.com\/wp-content\/uploads\/2025\/06\/Plate-Compactor-PH-C250A-100x100.jpg 100w, https:\/\/www.hsymachinery.com\/wp-content\/uploads\/2025\/06\/Plate-Compactor-PH-C250A.jpg 600w\" sizes=\"(max-width: 461px) 100vw, 461px\" \/><\/a><\/h3>\n<p data-start=\"349\" data-end=\"714\">A <strong data-start=\"353\" data-end=\"381\">PH-C250A lemezes t\u00f6m\u00f6r\u00edt\u0151<\/strong> egy d\u00edzel\u00fczem\u0171, sz\u00e9les alapter\u00fclet\u0171 t\u00f6m\u00f6r\u00edt\u0151g\u00e9p, amelyet az alap\u00e1gyak, kavicsr\u00e9tegek, \u00fatjav\u00edt\u00e1s \u00e9s az aljzat t\u00f6m\u00f6r\u00edt\u00e9se ter\u00fclet\u00e9n dolgoz\u00f3 professzion\u00e1lis v\u00e1llalkoz\u00f3k sz\u00e1m\u00e1ra terveztek. A meger\u0151s\u00edtett lemezzel \u00e9s a nagy nyomat\u00e9k\u00fa d\u00edzelmotorral ez a modell m\u00e9lyebb t\u00f6m\u00f6r\u00edt\u00e9st biztos\u00edt kevesebb menetsz\u00e1mmal - id\u0151t \u00e9s \u00fczemanyagot takar\u00edtva meg.<\/p>\n<p data-start=\"716\" data-end=\"898\">Ez a tov\u00e1bbfejlesztett v\u00e1ltozat jobb lefedetts\u00e9get, stabilit\u00e1st \u00e9s rezg\u00e9ser\u0151ss\u00e9get k\u00edn\u00e1lva jav\u00edtja a standard d\u00edzel t\u00f6m\u00f6r\u00edt\u0151g\u00e9peket, \u00edgy ide\u00e1lis v\u00e1laszt\u00e1s ig\u00e9nyes helysz\u00ednekre.<\/p>\n<h3 data-start=\"905\" data-end=\"976\">D\u00edzelhat\u00e9konys\u00e1g, maxim\u00e1lis nyom\u00e1s \u00e9s kezel\u0151k\u00f6zpont\u00fa tervez\u00e9s<\/h3>\n<p data-start=\"978\" data-end=\"1340\">A nagy hat\u00e9konys\u00e1g\u00fa d\u00edzelmotor egyenletes nyomat\u00e9kot biztos\u00edt a kem\u00e9ny talajok, nedves kavicsok \u00e9s agyagban gazdag talajok t\u00f6m\u00f6r\u00edt\u00e9s\u00e9hez. A meghosszabb\u00edtott alaplemez az \u00e1thalad\u00e1si gyakoris\u00e1g cs\u00f6kkent\u00e9s\u00e9vel n\u00f6veli az \u00fczemi termel\u00e9kenys\u00e9get. Az ergonomikus, \u00fct\u00e9scsillap\u00edt\u00f3 foganty\u00fa jobb fog\u00e1st \u00e9s ir\u00e1ny\u00edt\u00e1st biztos\u00edt, mik\u00f6zben minimaliz\u00e1lja a f\u00e1radts\u00e1got, m\u00e9g a hossz\u00fa munkanapok sor\u00e1n is.<\/p>\n<p data-start=\"1342\" data-end=\"1451\">Az egyszer\u0171 szervizel\u00e9snek \u00e9s a robusztus szerkezeti kialak\u00edt\u00e1snak k\u00f6sz\u00f6nhet\u0151en ez a modell \u00fagy k\u00e9sz\u00fclt, hogy a kem\u00e9ny terepi k\u00f6r\u00fclm\u00e9nyek k\u00f6z\u00f6tt is tart\u00f3s legyen.<\/p>\n<h3 data-start=\"1458\" data-end=\"1522\">Robusztus k\u00f6r\u00fclm\u00e9nyekre \u00e9s t\u00e1voli \u00e9p\u00edtkez\u00e9si helysz\u00ednekre tervezve<\/h3>\n<p data-start=\"1524\" data-end=\"1789\">A PH-C250A nagy terhel\u00e9s\u0171 k\u00f6rnyezetben is j\u00f3l boldogul, \u00e9s ide\u00e1lis az infrastrukt\u00fara fejleszt\u00e9s\u00e9hez, a vid\u00e9ki \u00fat\u00e9p\u00edt\u00e9shez \u00e9s a k\u00f6zm\u0171\u00e1rkok \u00e1s\u00e1s\u00e1hoz. A d\u00edzel\u00fczemnek k\u00f6sz\u00f6nhet\u0151en megb\u00edzhat\u00f3an teljes\u00edt olyan t\u00e1voli helyeken is, ahol a benzin korl\u00e1tozott vagy k\u00f6lts\u00e9ges lehet.<\/p>\n<p data-start=\"1791\" data-end=\"1904\">Megfelel a hossz\u00fa \u00fczemid\u0151t, alacsony \u00fczemanyagk\u00f6lts\u00e9get \u00e9s nyom\u00e1s alatti tart\u00f3ss\u00e1got keres\u0151 v\u00e1llalkoz\u00f3k ig\u00e9nyeinek.<\/p>\n<h3 data-start=\"1911\" data-end=\"1964\">A PH-C250A d\u00edzel lemezkompaktor f\u0151 jellemz\u0151i<\/h3>\n<ul data-start=\"1966\" data-end=\"2262\">\n<li data-start=\"1966\" data-end=\"2025\">\n<p data-start=\"1968\" data-end=\"2025\">Nagy nyomat\u00e9k\u00fa d\u00edzelmotor a m\u00e9ly, megb\u00edzhat\u00f3 t\u00f6m\u00f6r\u00edt\u00e9shez<\/p>\n<\/li>\n<li data-start=\"2026\" data-end=\"2089\">\n<p data-start=\"2028\" data-end=\"2089\">Meger\u0151s\u00edtett sz\u00e9les lemez a jobb fel\u00fcleti lefedetts\u00e9g \u00e9s sebess\u00e9g \u00e9rdek\u00e9ben<\/p>\n<\/li>\n<li data-start=\"2090\" data-end=\"2155\">\n<p data-start=\"2092\" data-end=\"2155\">Ide\u00e1lis kavicsos utakhoz, alapoz\u00e1si r\u00e9tegekhez \u00e9s kem\u00e9ny talaj el\u0151k\u00e9sz\u00edt\u00e9s\u00e9hez.<\/p>\n<\/li>\n<li data-start=\"2156\" data-end=\"2206\">\n<p data-start=\"2158\" data-end=\"2206\">Ergonomikus foganty\u00farendszer cs\u00f6kkentett rezg\u00e9ssel<\/p>\n<\/li>\n<li data-start=\"2207\" data-end=\"2262\">\n<p data-start=\"2209\" data-end=\"2262\">Nagy ig\u00e9nybev\u00e9telre \u00e9s hosszabb \u00fczemid\u0151re tervezt\u00e9k<\/p>\n<\/li>\n<\/ul>\n<p><iframe title=\"t\u00f6m\u00f6r\u00edt\u0151, d\u00f6ng\u00f6l\u0151 kalap\u00e1cs, d\u00f6ng\u00f6l\u0151, lemezes t\u00f6m\u00f6r\u00edt\u0151, \u00e9p\u00edt\u00e9si vibr\u00e1ci\u00f3, t\u00f6m\u00f6r\u00edt\u0151 machine.#tamping\" width=\"720\" height=\"405\" src=\"https:\/\/www.youtube.com\/embed\/kHw7Cpv12Zs?feature=oembed\" frameborder=\"0\" allow=\"accelerometer; autoplay; clipboard-write; encrypted-media; gyroscope; picture-in-picture; web-share\" referrerpolicy=\"strict-origin-when-cross-origin\" allowfullscreen><\/iframe><\/p>","protected":false},"excerpt":{"rendered":"<p>A PH-C250A d\u00edzel lemezes t\u00f6m\u00f6r\u00edt\u0151g\u00e9p er\u0151teljes, hat\u00e9kony t\u00f6m\u00f6r\u00edt\u00e9st biztos\u00edt, sz\u00e9lesebb lemezzel a gyorsabb eredm\u00e9nyek \u00e9rdek\u00e9ben. Ide\u00e1lis alapoz\u00e1shoz, kavicsos utakhoz \u00e9s m\u00e9ly talajmunk\u00e1khoz.<\/p>","protected":false},"featured_media":9128,"template":"","meta":{"_kad_post_transparent":"default","_kad_post_title":"","_kad_post_layout":"default","_kad_post_sidebar_id":"","_kad_post_content_style":"default","_kad_post_vertical_padding":"default","_kad_post_feature":"","_kad_post_feature_position":"","_kad_post_header":false,"_kad_post_footer":false},"product_brand":[],"product_cat":[59],"product_tag":[1066,1062,1065,1070,1069,1063,1067,1064,1061,1068],"class_list":{"0":"post-9127","1":"product","2":"type-product","3":"status-publish","4":"has-post-thumbnail","6":"product_cat-plate-compactor","7":"product_tag-diesel-plate-compactor","8":"product_tag-forward-plate-compactor","9":"product_tag-gasoline-plate-compactor","10":"product_tag-heavy-duty-plate-compactor","11":"product_tag-plate-compactor-for-asphalt","12":"product_tag-reversible-plate-compactor","13":"product_tag-road-construction-compactor","14":"product_tag-soil-plate-compactor","15":"product_tag-vibratory-plate-compactor","16":"product_tag-walk-behind-plate-compactor","18":"first","19":"instock","20":"shipping-taxable","21":"product-type-simple","22":"entry","23":"content-bg","24":"loop-entry"},"yoast_head":"<!-- This site is optimized with the Yoast SEO plugin v25.3.1 - https:\/\/yoast.com\/wordpress\/plugins\/seo\/ -->\n<title>Plate Compactor PH-C250A - HSY Construction Machinery<\/title>\n<meta name=\"description\" content=\"PH-C250A Diesel Plate Compactor offers strong, deep compaction with wide base coverage for gravel, subgrade, and foundations. Rugged and fuel-efficient for construction sites.\" \/>\n<meta name=\"robots\" content=\"index, follow, max-snippet:-1, max-image-preview:large, max-video-preview:-1\" \/>\n<link rel=\"canonical\" href=\"https:\/\/www.hsymachinery.com\/hu\/termek\/lemezes-tomorito-ph-c250a\/\" \/>\n<meta property=\"og:locale\" content=\"hu_HU\" \/>\n<meta property=\"og:type\" content=\"article\" \/>\n<meta property=\"og:title\" content=\"Plate Compactor PH-C250A - HSY Construction Machinery\" \/>\n<meta property=\"og:description\" content=\"PH-C250A Diesel Plate Compactor offers strong, deep compaction with wide base coverage for gravel, subgrade, and foundations. Rugged and fuel-efficient for construction sites.\" \/>\n<meta property=\"og:url\" content=\"https:\/\/www.hsymachinery.com\/hu\/termek\/lemezes-tomorito-ph-c250a\/\" \/>\n<meta property=\"og:site_name\" content=\"HSY Construction Machinery\" \/>\n<meta property=\"article:modified_time\" content=\"2025-06-28T12:11:59+00:00\" \/>\n<meta property=\"og:image\" content=\"https:\/\/www.hsymachinery.com\/wp-content\/uploads\/2025\/06\/Plate-Compactor-PH-C250A.jpg\" \/>\n\t<meta property=\"og:image:width\" content=\"600\" \/>\n\t<meta property=\"og:image:height\" content=\"600\" \/>\n\t<meta property=\"og:image:type\" content=\"image\/jpeg\" \/>\n<meta name=\"twitter:card\" content=\"summary_large_image\" \/>\n<meta name=\"twitter:label1\" content=\"Becs\u00fclt olvas\u00e1si id\u0151\" \/>\n\t<meta name=\"twitter:data1\" content=\"2 perc\" \/>\n<script type=\"application\/ld+json\" class=\"yoast-schema-graph\">{\"@context\":\"https:\/\/schema.org\",\"@graph\":[{\"@type\":\"WebPage\",\"@id\":\"https:\/\/www.hsymachinery.com\/product\/plate-compactor-ph-c250a\/\",\"url\":\"https:\/\/www.hsymachinery.com\/product\/plate-compactor-ph-c250a\/\",\"name\":\"Plate Compactor PH-C250A - HSY Construction Machinery\",\"isPartOf\":{\"@id\":\"https:\/\/www.hsymachinery.com\/#website\"},\"primaryImageOfPage\":{\"@id\":\"https:\/\/www.hsymachinery.com\/product\/plate-compactor-ph-c250a\/#primaryimage\"},\"image\":{\"@id\":\"https:\/\/www.hsymachinery.com\/product\/plate-compactor-ph-c250a\/#primaryimage\"},\"thumbnailUrl\":\"https:\/\/www.hsymachinery.com\/wp-content\/uploads\/2025\/06\/Plate-Compactor-PH-C250A.jpg\",\"datePublished\":\"2025-06-18T09:07:48+00:00\",\"dateModified\":\"2025-06-28T12:11:59+00:00\",\"description\":\"PH-C250A Diesel Plate Compactor offers strong, deep compaction with wide base coverage for gravel, subgrade, and foundations. Rugged and fuel-efficient for construction sites.\",\"breadcrumb\":{\"@id\":\"https:\/\/www.hsymachinery.com\/product\/plate-compactor-ph-c250a\/#breadcrumb\"},\"inLanguage\":\"hu\",\"potentialAction\":[{\"@type\":\"ReadAction\",\"target\":[\"https:\/\/www.hsymachinery.com\/product\/plate-compactor-ph-c250a\/\"]}]},{\"@type\":\"ImageObject\",\"inLanguage\":\"hu\",\"@id\":\"https:\/\/www.hsymachinery.com\/product\/plate-compactor-ph-c250a\/#primaryimage\",\"url\":\"https:\/\/www.hsymachinery.com\/wp-content\/uploads\/2025\/06\/Plate-Compactor-PH-C250A.jpg\",\"contentUrl\":\"https:\/\/www.hsymachinery.com\/wp-content\/uploads\/2025\/06\/Plate-Compactor-PH-C250A.jpg\",\"width\":600,\"height\":600},{\"@type\":\"BreadcrumbList\",\"@id\":\"https:\/\/www.hsymachinery.com\/product\/plate-compactor-ph-c250a\/#breadcrumb\",\"itemListElement\":[{\"@type\":\"ListItem\",\"position\":1,\"name\":\"home\",\"item\":\"https:\/\/www.hsymachinery.com\/\"},{\"@type\":\"ListItem\",\"position\":2,\"name\":\"products\",\"item\":\"https:\/\/www.hsymachinery.com\/products\/\"},{\"@type\":\"ListItem\",\"position\":3,\"name\":\"Plate Compactor PH-C250A\"}]},{\"@type\":\"WebSite\",\"@id\":\"https:\/\/www.hsymachinery.com\/#website\",\"url\":\"https:\/\/www.hsymachinery.com\/\",\"name\":\"HSY Construction Machinery\",\"description\":\"HSY Machinery \u2013 A leading China construction machinery supplier, offering a wide range of light construction equipment. Our main products include Rebar Cutting Machine, Rebar Bending Machine, Rebar Stirrup Bending Machine, Rebar Arc Bending Machine, Rebar Straightening Machine, Five-Head Rebar Stirrup Bending Machine, Tamping Rammer, Plate Compactor, Concrete Cutter, Power Trowel, and other construction machinery. We are equipped with advanced CNC machines, and we enforce strict quality inspection standards along with comprehensive after-sales service. If you are interested in our products or services, we warmly welcome your inquiries via message.\",\"publisher\":{\"@id\":\"https:\/\/www.hsymachinery.com\/#organization\"},\"potentialAction\":[{\"@type\":\"SearchAction\",\"target\":{\"@type\":\"EntryPoint\",\"urlTemplate\":\"https:\/\/www.hsymachinery.com\/?s={search_term_string}\"},\"query-input\":{\"@type\":\"PropertyValueSpecification\",\"valueRequired\":true,\"valueName\":\"search_term_string\"}}],\"inLanguage\":\"hu\"},{\"@type\":\"Organization\",\"@id\":\"https:\/\/www.hsymachinery.com\/#organization\",\"name\":\"HSY Construction Machinery\",\"url\":\"https:\/\/www.hsymachinery.com\/\",\"logo\":{\"@type\":\"ImageObject\",\"inLanguage\":\"hu\",\"@id\":\"https:\/\/www.hsymachinery.com\/#\/schema\/logo\/image\/\",\"url\":\"https:\/\/www.hsymachinery.com\/wp-content\/uploads\/2025\/06\/cropped-HSY-machinery.png\",\"contentUrl\":\"https:\/\/www.hsymachinery.com\/wp-content\/uploads\/2025\/06\/cropped-HSY-machinery.png\",\"width\":600,\"height\":240,\"caption\":\"HSY Construction Machinery\"},\"image\":{\"@id\":\"https:\/\/www.hsymachinery.com\/#\/schema\/logo\/image\/\"}}]}<\/script>\n<!-- \/ Yoast SEO plugin. -->","yoast_head_json":{"title":"PH-C250A lemezes t\u00f6m\u00f6r\u00edt\u0151 - HSY \u00c9p\u00edt\u0151ipari g\u00e9pek","description":"A PH-C250A d\u00edzel lemezes t\u00f6m\u00f6r\u00edt\u0151 er\u0151s, m\u00e9ly t\u00f6m\u00f6r\u00edt\u00e9st k\u00edn\u00e1l sz\u00e9les alaplefedetts\u00e9ggel kavics, aljzat \u00e9s alapoz\u00e1s eset\u00e9n. Robusztus \u00e9s \u00fczemanyag-takar\u00e9kos az \u00e9p\u00edtkez\u00e9sekhez.","robots":{"index":"index","follow":"follow","max-snippet":"max-snippet:-1","max-image-preview":"max-image-preview:large","max-video-preview":"max-video-preview:-1"},"canonical":"https:\/\/www.hsymachinery.com\/hu\/termek\/lemezes-tomorito-ph-c250a\/","og_locale":"hu_HU","og_type":"article","og_title":"Plate Compactor PH-C250A - HSY Construction Machinery","og_description":"PH-C250A Diesel Plate Compactor offers strong, deep compaction with wide base coverage for gravel, subgrade, and foundations. Rugged and fuel-efficient for construction sites.","og_url":"https:\/\/www.hsymachinery.com\/hu\/termek\/lemezes-tomorito-ph-c250a\/","og_site_name":"HSY Construction Machinery","article_modified_time":"2025-06-28T12:11:59+00:00","og_image":[{"width":600,"height":600,"url":"https:\/\/www.hsymachinery.com\/wp-content\/uploads\/2025\/06\/Plate-Compactor-PH-C250A.jpg","type":"image\/jpeg"}],"twitter_card":"summary_large_image","twitter_misc":{"Becs\u00fclt olvas\u00e1si id\u0151":"2 perc"},"schema":{"@context":"https:\/\/schema.org","@graph":[{"@type":"WebPage","@id":"https:\/\/www.hsymachinery.com\/product\/plate-compactor-ph-c250a\/","url":"https:\/\/www.hsymachinery.com\/product\/plate-compactor-ph-c250a\/","name":"PH-C250A lemezes t\u00f6m\u00f6r\u00edt\u0151 - HSY \u00c9p\u00edt\u0151ipari g\u00e9pek","isPartOf":{"@id":"https:\/\/www.hsymachinery.com\/#website"},"primaryImageOfPage":{"@id":"https:\/\/www.hsymachinery.com\/product\/plate-compactor-ph-c250a\/#primaryimage"},"image":{"@id":"https:\/\/www.hsymachinery.com\/product\/plate-compactor-ph-c250a\/#primaryimage"},"thumbnailUrl":"https:\/\/www.hsymachinery.com\/wp-content\/uploads\/2025\/06\/Plate-Compactor-PH-C250A.jpg","datePublished":"2025-06-18T09:07:48+00:00","dateModified":"2025-06-28T12:11:59+00:00","description":"A PH-C250A d\u00edzel lemezes t\u00f6m\u00f6r\u00edt\u0151 er\u0151s, m\u00e9ly t\u00f6m\u00f6r\u00edt\u00e9st k\u00edn\u00e1l sz\u00e9les alaplefedetts\u00e9ggel kavics, aljzat \u00e9s alapoz\u00e1s eset\u00e9n. Robusztus \u00e9s \u00fczemanyag-takar\u00e9kos az \u00e9p\u00edtkez\u00e9sekhez.","breadcrumb":{"@id":"https:\/\/www.hsymachinery.com\/product\/plate-compactor-ph-c250a\/#breadcrumb"},"inLanguage":"hu","potentialAction":[{"@type":"ReadAction","target":["https:\/\/www.hsymachinery.com\/product\/plate-compactor-ph-c250a\/"]}]},{"@type":"ImageObject","inLanguage":"hu","@id":"https:\/\/www.hsymachinery.com\/product\/plate-compactor-ph-c250a\/#primaryimage","url":"https:\/\/www.hsymachinery.com\/wp-content\/uploads\/2025\/06\/Plate-Compactor-PH-C250A.jpg","contentUrl":"https:\/\/www.hsymachinery.com\/wp-content\/uploads\/2025\/06\/Plate-Compactor-PH-C250A.jpg","width":600,"height":600},{"@type":"BreadcrumbList","@id":"https:\/\/www.hsymachinery.com\/product\/plate-compactor-ph-c250a\/#breadcrumb","itemListElement":[{"@type":"ListItem","position":1,"name":"home","item":"https:\/\/www.hsymachinery.com\/"},{"@type":"ListItem","position":2,"name":"products","item":"https:\/\/www.hsymachinery.com\/products\/"},{"@type":"ListItem","position":3,"name":"Plate Compactor PH-C250A"}]},{"@type":"WebSite","@id":"https:\/\/www.hsymachinery.com\/#website","url":"https:\/\/www.hsymachinery.com\/","name":"HSY \u00e9p\u00edt\u0151ipari g\u00e9pek","description":"HSY Machinery - K\u00edna vezet\u0151 \u00e9p\u00edt\u0151ipari g\u00e9pgy\u00e1rt\u00f3 v\u00e1llalata, amely k\u00f6nny\u0171 \u00e9p\u00edt\u0151ipari berendez\u00e9sek sz\u00e9les v\u00e1laszt\u00e9k\u00e1t k\u00edn\u00e1lja. F\u0151 term\u00e9keink k\u00f6z\u00e9 tartozik az \u00fajj\u00e1\u00e9p\u00edt\u00e9si v\u00e1g\u00f3g\u00e9p, az \u00fajj\u00e1\u00e9p\u00edt\u00e9si hajl\u00edt\u00f3g\u00e9p, az \u00fajj\u00e1\u00e9p\u00edt\u00e9si kengyelhajl\u00edt\u00f3 g\u00e9p, az \u00fajj\u00e1\u00e9p\u00edt\u00e9si \u00edvhajl\u00edt\u00f3 g\u00e9p, az \u00fajj\u00e1\u00e9p\u00edt\u00e9si egyenes\u00edt\u0151 g\u00e9p, az \u00f6tfej\u0171 \u00fajj\u00e1\u00e9p\u00edt\u00e9si kengyelhajl\u00edt\u00f3 g\u00e9p, a d\u00f6ng\u00f6l\u0151 rammer, a lemezkompaktor, a betonv\u00e1g\u00f3, a villanymotoros sim\u00edt\u00f3 \u00e9s m\u00e1s \u00e9p\u00edt\u0151ipari g\u00e9pek. Fejlett CNC-g\u00e9pekkel vagyunk felszerelve, \u00e9s szigor\u00fa min\u0151s\u00e9gellen\u0151rz\u00e9si szabv\u00e1nyokat \u00e9rv\u00e9nyes\u00edt\u00fcnk az \u00e1tfog\u00f3 \u00e9rt\u00e9kes\u00edt\u00e9s ut\u00e1ni szolg\u00e1ltat\u00e1ssal egy\u00fctt. Ha \u00e9rdeklik term\u00e9keink vagy szolg\u00e1ltat\u00e1saink, sz\u00edvesen fogadjuk \u00e9rdekl\u0151d\u00e9s\u00e9t \u00fczenetben.","publisher":{"@id":"https:\/\/www.hsymachinery.com\/#organization"},"potentialAction":[{"@type":"SearchAction","target":{"@type":"EntryPoint","urlTemplate":"https:\/\/www.hsymachinery.com\/?s={search_term_string}"},"query-input":{"@type":"PropertyValueSpecification","valueRequired":true,"valueName":"search_term_string"}}],"inLanguage":"hu"},{"@type":"Organization","@id":"https:\/\/www.hsymachinery.com\/#organization","name":"HSY \u00e9p\u00edt\u0151ipari g\u00e9pek","url":"https:\/\/www.hsymachinery.com\/","logo":{"@type":"ImageObject","inLanguage":"hu","@id":"https:\/\/www.hsymachinery.com\/#\/schema\/logo\/image\/","url":"https:\/\/www.hsymachinery.com\/wp-content\/uploads\/2025\/06\/cropped-HSY-machinery.png","contentUrl":"https:\/\/www.hsymachinery.com\/wp-content\/uploads\/2025\/06\/cropped-HSY-machinery.png","width":600,"height":240,"caption":"HSY Construction Machinery"},"image":{"@id":"https:\/\/www.hsymachinery.com\/#\/schema\/logo\/image\/"}}]}},"_links":{"self":[{"href":"https:\/\/www.hsymachinery.com\/hu\/wp-json\/wp\/v2\/product\/9127","targetHints":{"allow":["GET"]}}],"collection":[{"href":"https:\/\/www.hsymachinery.com\/hu\/wp-json\/wp\/v2\/product"}],"about":[{"href":"https:\/\/www.hsymachinery.com\/hu\/wp-json\/wp\/v2\/types\/product"}],"version-history":[{"count":3,"href":"https:\/\/www.hsymachinery.com\/hu\/wp-json\/wp\/v2\/product\/9127\/revisions"}],"predecessor-version":[{"id":9541,"href":"https:\/\/www.hsymachinery.com\/hu\/wp-json\/wp\/v2\/product\/9127\/revisions\/9541"}],"wp:featuredmedia":[{"embeddable":true,"href":"https:\/\/www.hsymachinery.com\/hu\/wp-json\/wp\/v2\/media\/9128"}],"wp:attachment":[{"href":"https:\/\/www.hsymachinery.com\/hu\/wp-json\/wp\/v2\/media?parent=9127"}],"wp:term":[{"taxonomy":"product_brand","embeddable":true,"href":"https:\/\/www.hsymachinery.com\/hu\/wp-json\/wp\/v2\/product_brand?post=9127"},{"taxonomy":"product_cat","embeddable":true,"href":"https:\/\/www.hsymachinery.com\/hu\/wp-json\/wp\/v2\/product_cat?post=9127"},{"taxonomy":"product_tag","embeddable":true,"href":"https:\/\/www.hsymachinery.com\/hu\/wp-json\/wp\/v2\/product_tag?post=9127"}],"curies":[{"name":"wp","href":"https:\/\/api.w.org\/{rel}","templated":true}]}}