{"id":9124,"date":"2025-06-18T17:06:54","date_gmt":"2025-06-18T09:06:54","guid":{"rendered":"https:\/\/www.hsymachinery.com\/?post_type=product&#038;p=9124"},"modified":"2025-06-28T20:07:30","modified_gmt":"2025-06-28T12:07:30","slug":"lemezes-tomorito-ph-h250a","status":"publish","type":"product","link":"https:\/\/www.hsymachinery.com\/hu\/termek\/lemezes-tomorito-ph-h250a\/","title":{"rendered":"PH-H250A lemezes t\u00f6m\u00f6r\u00edt\u0151"},"content":{"rendered":"<h2 data-start=\"107\" data-end=\"139\">PH-H250A lemezes t\u00f6m\u00f6r\u00edt\u0151<\/h2>\n<h3 data-start=\"140\" data-end=\"264\">PH-H250A Honda benzines lemezes t\u00f6m\u00f6r\u00edt\u0151 | Nagy hat\u00e9konys\u00e1g\u00fa t\u00f6m\u00f6r\u00edt\u0151 sz\u00e9les talppal utakra, aszfaltra \u00e9s alapoz\u00e1si munkater\u00fcletekre<\/h3>\n<h3 data-start=\"271\" data-end=\"347\">Term\u00e9k\u00e1ttekint\u00e9s - Honda teljes\u00edtm\u00e9ny sz\u00e9lesebb, er\u0151sebb t\u00f6m\u00f6r\u00edt\u00e9si kialak\u00edt\u00e1sban<a href=\"https:\/\/www.hsymachinery.com\/hu\/termekek\/lemezes-tomorito\/\" target=\"_blank\" rel=\"noopener\"><img fetchpriority=\"high\" decoding=\"async\" class=\"wp-image-9125 alignright\" src=\"https:\/\/www.hsymachinery.com\/wp-content\/uploads\/2025\/06\/Plate-Compactor-PH-H250A-300x300.jpg\" alt=\"\" width=\"461\" height=\"461\" srcset=\"https:\/\/www.hsymachinery.com\/wp-content\/uploads\/2025\/06\/Plate-Compactor-PH-H250A-300x300.jpg 300w, https:\/\/www.hsymachinery.com\/wp-content\/uploads\/2025\/06\/Plate-Compactor-PH-H250A-150x150.jpg 150w, https:\/\/www.hsymachinery.com\/wp-content\/uploads\/2025\/06\/Plate-Compactor-PH-H250A-100x100.jpg 100w, https:\/\/www.hsymachinery.com\/wp-content\/uploads\/2025\/06\/Plate-Compactor-PH-H250A.jpg 600w\" sizes=\"(max-width: 461px) 100vw, 461px\" \/><\/a><\/h3>\n<p data-start=\"349\" data-end=\"706\">A <strong data-start=\"353\" data-end=\"381\">PH-H250A lemezes t\u00f6m\u00f6r\u00edt\u0151<\/strong> egy tov\u00e1bbfejlesztett, nagy teljes\u00edtm\u00e9ny\u0171 modell, amely Honda GX160 4 \u00fctem\u0171 benzinmotorral \u00e9s sz\u00e9lesebb, meger\u0151s\u00edtett ac\u00e9l alaplappal rendelkezik. Olyan szakemberek sz\u00e1m\u00e1ra tervezt\u00e9k, akiknek stabil, nagy teljes\u00edtm\u00e9ny\u0171 \u00e9s hat\u00e9kony talajt\u00f6m\u00f6r\u00edt\u00e9sre van sz\u00fcks\u00e9g\u00fck a j\u00e1rdajav\u00edt\u00e1s, az alapoz\u00e1s t\u00f6m\u00f6r\u00edt\u00e9se \u00e9s a k\u00f6zepes m\u00e9ret\u0171 \u00fat\u00e9p\u00edt\u00e9si projektek sor\u00e1n.<\/p>\n<p data-start=\"708\" data-end=\"834\">Ezzel a tov\u00e1bbfejlesztett lemezzel a kezel\u0151k nagyobb ter\u00fcletet tudnak lefedni egy menetben, mik\u00f6zben minden talajt\u00edpuson egyenletes, egyenletes eredm\u00e9nyt \u00e9rnek el.<\/p>\n<h3 data-start=\"841\" data-end=\"903\">Z\u00f6kken\u0151mentes m\u0171k\u00f6d\u00e9s, megb\u00edzhat\u00f3 motor \u00e9s kezel\u0151i k\u00e9nyelem<\/h3>\n<p data-start=\"905\" data-end=\"1283\">A vil\u00e1gh\u00edr\u0171 Honda GX160 motorral hajtott PH-H250A csendes, alacsony k\u00e1rosanyag-kibocs\u00e1t\u00e1s\u00fa \u00e9s hossz\u00fa \u00e9lettartam\u00fa teljes\u00edtm\u00e9nyt biztos\u00edt. A kib\u0151v\u00edtett lemez sz\u00e9lesebb lefedetts\u00e9get biztos\u00edt, cs\u00f6kkentve a helysz\u00ednen sz\u00fcks\u00e9ges munkamenetek sz\u00e1m\u00e1t. Az alacsony rezg\u00e9ssz\u00e1m\u00fa foganty\u00farendszer seg\u00edt minimaliz\u00e1lni a f\u00e1radts\u00e1got, m\u00edg a motorv\u00e9d\u0151 ketrec m\u00e9g kem\u00e9ny munkak\u00f6r\u00fclm\u00e9nyek k\u00f6z\u00f6tt is megb\u00edzhat\u00f3s\u00e1got biztos\u00edt.<\/p>\n<p data-start=\"1285\" data-end=\"1384\">Az egyszer\u0171 karbantart\u00e1s \u00e9s a vil\u00e1gszerte el\u00e9rhet\u0151 Honda szervizalkatr\u00e9szek teszik ezt a k\u00e9sz\u00fcl\u00e9ket gondtalan befektet\u00e9ss\u00e9.<\/p>\n<h3 data-start=\"1391\" data-end=\"1455\">Kiv\u00e1l\u00f3 aszfalt, aljzat \u00e9s munkater\u00fclet termel\u00e9kenys\u00e9g\u00e9hez<\/h3>\n<p data-start=\"1457\" data-end=\"1719\">Ak\u00e1r forr\u00f3 aszfaltot, kavicsot vagy agyagot t\u00f6m\u00f6r\u00edt, a PH-H250A k\u00f6vetkezetesen \u00e9s er\u0151sen teljes\u00edt. Ide\u00e1lis a v\u00e1rosi karbantart\u00f3 csapatok, \u00fat\u00e9p\u00edt\u0151k \u00e9s \u00e9p\u00edtkez\u0151k sz\u00e1m\u00e1ra, akik tart\u00f3s \u00e9s id\u0151takar\u00e9kos t\u00f6m\u00f6r\u00edt\u0151t keresnek.<\/p>\n<p data-start=\"1721\" data-end=\"1835\">A lemez sz\u00e9less\u00e9ge \u00e9s \u00fct\u00e9segyenlete gyorsabb projektv\u00e9grehajt\u00e1st tesz lehet\u0151v\u00e9 a m\u00e9lys\u00e9g \u00e9s az egyenletess\u00e9g fel\u00e1ldoz\u00e1sa n\u00e9lk\u00fcl.<\/p>\n<h3 data-start=\"1842\" data-end=\"1888\">A PH-H250A lemezes t\u00f6m\u00f6r\u00edt\u0151 legfontosabb jellemz\u0151i<\/h3>\n<ul data-start=\"1890\" data-end=\"2211\">\n<li data-start=\"1890\" data-end=\"1945\">\n<p data-start=\"1892\" data-end=\"1945\">Honda GX160 motor a csendes \u00e9s megb\u00edzhat\u00f3 m\u0171k\u00f6d\u00e9shez<\/p>\n<\/li>\n<li data-start=\"1946\" data-end=\"2010\">\n<p data-start=\"1948\" data-end=\"2010\">Extra sz\u00e9les t\u00f6m\u00f6r\u00edt\u0151lemez a jobb munkater\u00fclet hat\u00e9konys\u00e1ga \u00e9rdek\u00e9ben<\/p>\n<\/li>\n<li data-start=\"2011\" data-end=\"2081\">\n<p data-start=\"2013\" data-end=\"2081\">Ide\u00e1lis aszfaltjav\u00edt\u00e1shoz, al\u00e9p\u00edtm\u00e9nyi munk\u00e1khoz \u00e9s \u00fatalap-el\u0151k\u00e9sz\u00edt\u00e9shez.<\/p>\n<\/li>\n<li data-start=\"2082\" data-end=\"2141\">\n<p data-start=\"2084\" data-end=\"2141\">\u00dct\u00e9scsillap\u00edt\u00f3 foganty\u00fa a kezel\u0151 k\u00e9nyelme \u00e9s ir\u00e1ny\u00edt\u00e1sa \u00e9rdek\u00e9ben<\/p>\n<\/li>\n<li data-start=\"2142\" data-end=\"2211\">\n<p data-start=\"2144\" data-end=\"2211\">Hossz\u00fa t\u00e1v\u00fa teljes\u00edtm\u00e9ny glob\u00e1lis t\u00e1mogat\u00e1ssal \u00e9s egyszer\u0171 karbantart\u00e1ssal<\/p>\n<\/li>\n<\/ul>\n<p><iframe title=\"t\u00f6m\u00f6r\u00edt\u0151, d\u00f6ng\u00f6l\u0151 kalap\u00e1cs, d\u00f6ng\u00f6l\u0151, lemezes t\u00f6m\u00f6r\u00edt\u0151, \u00e9p\u00edt\u00e9si vibr\u00e1ci\u00f3, t\u00f6m\u00f6r\u00edt\u0151 machine.#tamping\" width=\"720\" height=\"405\" src=\"https:\/\/www.youtube.com\/embed\/kHw7Cpv12Zs?feature=oembed\" frameborder=\"0\" allow=\"accelerometer; autoplay; clipboard-write; encrypted-media; gyroscope; picture-in-picture; web-share\" referrerpolicy=\"strict-origin-when-cross-origin\" allowfullscreen><\/iframe><\/p>","protected":false},"excerpt":{"rendered":"<p>A PH-H250A lemezes t\u00f6m\u00f6r\u00edt\u0151 Honda GX160 motorral \u00e9s sz\u00e9lesebb lemezzel hat\u00e9kony \u00e9s csendes t\u00f6m\u00f6r\u00edt\u00e9st biztos\u00edt aszfalt-, talaj- \u00e9s al\u00e9p\u00edtm\u00e9ny-projektekhez. Tart\u00f3ss\u00e1gra \u00e9s nagyobb ter\u00fclet lefed\u00e9s\u00e9re tervezt\u00e9k.<\/p>","protected":false},"featured_media":9125,"template":"","meta":{"_kad_post_transparent":"default","_kad_post_title":"","_kad_post_layout":"default","_kad_post_sidebar_id":"","_kad_post_content_style":"default","_kad_post_vertical_padding":"default","_kad_post_feature":"","_kad_post_feature_position":"","_kad_post_header":false,"_kad_post_footer":false},"product_brand":[],"product_cat":[59],"product_tag":[1066,1062,1065,1070,1069,1063,1067,1064,1061,1068],"class_list":{"0":"post-9124","1":"product","2":"type-product","3":"status-publish","4":"has-post-thumbnail","6":"product_cat-plate-compactor","7":"product_tag-diesel-plate-compactor","8":"product_tag-forward-plate-compactor","9":"product_tag-gasoline-plate-compactor","10":"product_tag-heavy-duty-plate-compactor","11":"product_tag-plate-compactor-for-asphalt","12":"product_tag-reversible-plate-compactor","13":"product_tag-road-construction-compactor","14":"product_tag-soil-plate-compactor","15":"product_tag-vibratory-plate-compactor","16":"product_tag-walk-behind-plate-compactor","18":"first","19":"instock","20":"shipping-taxable","21":"product-type-simple","22":"entry","23":"content-bg","24":"loop-entry"},"yoast_head":"<!-- This site is optimized with the Yoast SEO plugin v25.3.1 - https:\/\/yoast.com\/wordpress\/plugins\/seo\/ -->\n<title>Plate Compactor PH-H250A - HSY Construction Machinery<\/title>\n<meta name=\"description\" content=\"PH-H250A Honda Plate Compactor offers reliable, efficient compaction with a wider plate for roads, asphalt repairs, and foundations. High-performance soil compactor.\" \/>\n<meta name=\"robots\" content=\"index, follow, max-snippet:-1, max-image-preview:large, max-video-preview:-1\" \/>\n<link rel=\"canonical\" href=\"https:\/\/www.hsymachinery.com\/hu\/termek\/lemezes-tomorito-ph-h250a\/\" \/>\n<meta property=\"og:locale\" content=\"hu_HU\" \/>\n<meta property=\"og:type\" content=\"article\" \/>\n<meta property=\"og:title\" content=\"Plate Compactor PH-H250A - HSY Construction Machinery\" \/>\n<meta property=\"og:description\" content=\"PH-H250A Honda Plate Compactor offers reliable, efficient compaction with a wider plate for roads, asphalt repairs, and foundations. High-performance soil compactor.\" \/>\n<meta property=\"og:url\" content=\"https:\/\/www.hsymachinery.com\/hu\/termek\/lemezes-tomorito-ph-h250a\/\" \/>\n<meta property=\"og:site_name\" content=\"HSY Construction Machinery\" \/>\n<meta property=\"article:modified_time\" content=\"2025-06-28T12:07:30+00:00\" \/>\n<meta property=\"og:image\" content=\"https:\/\/www.hsymachinery.com\/wp-content\/uploads\/2025\/06\/Plate-Compactor-PH-H250A.jpg\" \/>\n\t<meta property=\"og:image:width\" content=\"600\" \/>\n\t<meta property=\"og:image:height\" content=\"600\" \/>\n\t<meta property=\"og:image:type\" content=\"image\/jpeg\" \/>\n<meta name=\"twitter:card\" content=\"summary_large_image\" \/>\n<meta name=\"twitter:label1\" content=\"Becs\u00fclt olvas\u00e1si id\u0151\" \/>\n\t<meta name=\"twitter:data1\" content=\"2 perc\" \/>\n<script type=\"application\/ld+json\" class=\"yoast-schema-graph\">{\"@context\":\"https:\/\/schema.org\",\"@graph\":[{\"@type\":\"WebPage\",\"@id\":\"https:\/\/www.hsymachinery.com\/product\/plate-compactor-ph-h250a\/\",\"url\":\"https:\/\/www.hsymachinery.com\/product\/plate-compactor-ph-h250a\/\",\"name\":\"Plate Compactor PH-H250A - HSY Construction Machinery\",\"isPartOf\":{\"@id\":\"https:\/\/www.hsymachinery.com\/#website\"},\"primaryImageOfPage\":{\"@id\":\"https:\/\/www.hsymachinery.com\/product\/plate-compactor-ph-h250a\/#primaryimage\"},\"image\":{\"@id\":\"https:\/\/www.hsymachinery.com\/product\/plate-compactor-ph-h250a\/#primaryimage\"},\"thumbnailUrl\":\"https:\/\/www.hsymachinery.com\/wp-content\/uploads\/2025\/06\/Plate-Compactor-PH-H250A.jpg\",\"datePublished\":\"2025-06-18T09:06:54+00:00\",\"dateModified\":\"2025-06-28T12:07:30+00:00\",\"description\":\"PH-H250A Honda Plate Compactor offers reliable, efficient compaction with a wider plate for roads, asphalt repairs, and foundations. High-performance soil compactor.\",\"breadcrumb\":{\"@id\":\"https:\/\/www.hsymachinery.com\/product\/plate-compactor-ph-h250a\/#breadcrumb\"},\"inLanguage\":\"hu\",\"potentialAction\":[{\"@type\":\"ReadAction\",\"target\":[\"https:\/\/www.hsymachinery.com\/product\/plate-compactor-ph-h250a\/\"]}]},{\"@type\":\"ImageObject\",\"inLanguage\":\"hu\",\"@id\":\"https:\/\/www.hsymachinery.com\/product\/plate-compactor-ph-h250a\/#primaryimage\",\"url\":\"https:\/\/www.hsymachinery.com\/wp-content\/uploads\/2025\/06\/Plate-Compactor-PH-H250A.jpg\",\"contentUrl\":\"https:\/\/www.hsymachinery.com\/wp-content\/uploads\/2025\/06\/Plate-Compactor-PH-H250A.jpg\",\"width\":600,\"height\":600},{\"@type\":\"BreadcrumbList\",\"@id\":\"https:\/\/www.hsymachinery.com\/product\/plate-compactor-ph-h250a\/#breadcrumb\",\"itemListElement\":[{\"@type\":\"ListItem\",\"position\":1,\"name\":\"home\",\"item\":\"https:\/\/www.hsymachinery.com\/\"},{\"@type\":\"ListItem\",\"position\":2,\"name\":\"products\",\"item\":\"https:\/\/www.hsymachinery.com\/products\/\"},{\"@type\":\"ListItem\",\"position\":3,\"name\":\"Plate Compactor PH-H250A\"}]},{\"@type\":\"WebSite\",\"@id\":\"https:\/\/www.hsymachinery.com\/#website\",\"url\":\"https:\/\/www.hsymachinery.com\/\",\"name\":\"HSY Construction Machinery\",\"description\":\"HSY Machinery \u2013 A leading China construction machinery supplier, offering a wide range of light construction equipment. Our main products include Rebar Cutting Machine, Rebar Bending Machine, Rebar Stirrup Bending Machine, Rebar Arc Bending Machine, Rebar Straightening Machine, Five-Head Rebar Stirrup Bending Machine, Tamping Rammer, Plate Compactor, Concrete Cutter, Power Trowel, and other construction machinery. We are equipped with advanced CNC machines, and we enforce strict quality inspection standards along with comprehensive after-sales service. If you are interested in our products or services, we warmly welcome your inquiries via message.\",\"publisher\":{\"@id\":\"https:\/\/www.hsymachinery.com\/#organization\"},\"potentialAction\":[{\"@type\":\"SearchAction\",\"target\":{\"@type\":\"EntryPoint\",\"urlTemplate\":\"https:\/\/www.hsymachinery.com\/?s={search_term_string}\"},\"query-input\":{\"@type\":\"PropertyValueSpecification\",\"valueRequired\":true,\"valueName\":\"search_term_string\"}}],\"inLanguage\":\"hu\"},{\"@type\":\"Organization\",\"@id\":\"https:\/\/www.hsymachinery.com\/#organization\",\"name\":\"HSY Construction Machinery\",\"url\":\"https:\/\/www.hsymachinery.com\/\",\"logo\":{\"@type\":\"ImageObject\",\"inLanguage\":\"hu\",\"@id\":\"https:\/\/www.hsymachinery.com\/#\/schema\/logo\/image\/\",\"url\":\"https:\/\/www.hsymachinery.com\/wp-content\/uploads\/2025\/06\/cropped-HSY-machinery.png\",\"contentUrl\":\"https:\/\/www.hsymachinery.com\/wp-content\/uploads\/2025\/06\/cropped-HSY-machinery.png\",\"width\":600,\"height\":240,\"caption\":\"HSY Construction Machinery\"},\"image\":{\"@id\":\"https:\/\/www.hsymachinery.com\/#\/schema\/logo\/image\/\"}}]}<\/script>\n<!-- \/ Yoast SEO plugin. -->","yoast_head_json":{"title":"PH-H250A lemezes t\u00f6m\u00f6r\u00edt\u0151 - HSY \u00c9p\u00edt\u0151ipari g\u00e9pek","description":"A PH-H250A Honda lemezes t\u00f6m\u00f6r\u00edt\u0151g\u00e9p megb\u00edzhat\u00f3, hat\u00e9kony t\u00f6m\u00f6r\u00edt\u00e9st k\u00edn\u00e1l sz\u00e9lesebb lemezzel utakhoz, aszfaltjav\u00edt\u00e1shoz \u00e9s alapoz\u00e1shoz. Nagy teljes\u00edtm\u00e9ny\u0171 talajt\u00f6m\u00f6r\u00edt\u0151.","robots":{"index":"index","follow":"follow","max-snippet":"max-snippet:-1","max-image-preview":"max-image-preview:large","max-video-preview":"max-video-preview:-1"},"canonical":"https:\/\/www.hsymachinery.com\/hu\/termek\/lemezes-tomorito-ph-h250a\/","og_locale":"hu_HU","og_type":"article","og_title":"Plate Compactor PH-H250A - HSY Construction Machinery","og_description":"PH-H250A Honda Plate Compactor offers reliable, efficient compaction with a wider plate for roads, asphalt repairs, and foundations. High-performance soil compactor.","og_url":"https:\/\/www.hsymachinery.com\/hu\/termek\/lemezes-tomorito-ph-h250a\/","og_site_name":"HSY Construction Machinery","article_modified_time":"2025-06-28T12:07:30+00:00","og_image":[{"width":600,"height":600,"url":"https:\/\/www.hsymachinery.com\/wp-content\/uploads\/2025\/06\/Plate-Compactor-PH-H250A.jpg","type":"image\/jpeg"}],"twitter_card":"summary_large_image","twitter_misc":{"Becs\u00fclt olvas\u00e1si id\u0151":"2 perc"},"schema":{"@context":"https:\/\/schema.org","@graph":[{"@type":"WebPage","@id":"https:\/\/www.hsymachinery.com\/product\/plate-compactor-ph-h250a\/","url":"https:\/\/www.hsymachinery.com\/product\/plate-compactor-ph-h250a\/","name":"PH-H250A lemezes t\u00f6m\u00f6r\u00edt\u0151 - HSY \u00c9p\u00edt\u0151ipari g\u00e9pek","isPartOf":{"@id":"https:\/\/www.hsymachinery.com\/#website"},"primaryImageOfPage":{"@id":"https:\/\/www.hsymachinery.com\/product\/plate-compactor-ph-h250a\/#primaryimage"},"image":{"@id":"https:\/\/www.hsymachinery.com\/product\/plate-compactor-ph-h250a\/#primaryimage"},"thumbnailUrl":"https:\/\/www.hsymachinery.com\/wp-content\/uploads\/2025\/06\/Plate-Compactor-PH-H250A.jpg","datePublished":"2025-06-18T09:06:54+00:00","dateModified":"2025-06-28T12:07:30+00:00","description":"A PH-H250A Honda lemezes t\u00f6m\u00f6r\u00edt\u0151g\u00e9p megb\u00edzhat\u00f3, hat\u00e9kony t\u00f6m\u00f6r\u00edt\u00e9st k\u00edn\u00e1l sz\u00e9lesebb lemezzel utakhoz, aszfaltjav\u00edt\u00e1shoz \u00e9s alapoz\u00e1shoz. Nagy teljes\u00edtm\u00e9ny\u0171 talajt\u00f6m\u00f6r\u00edt\u0151.","breadcrumb":{"@id":"https:\/\/www.hsymachinery.com\/product\/plate-compactor-ph-h250a\/#breadcrumb"},"inLanguage":"hu","potentialAction":[{"@type":"ReadAction","target":["https:\/\/www.hsymachinery.com\/product\/plate-compactor-ph-h250a\/"]}]},{"@type":"ImageObject","inLanguage":"hu","@id":"https:\/\/www.hsymachinery.com\/product\/plate-compactor-ph-h250a\/#primaryimage","url":"https:\/\/www.hsymachinery.com\/wp-content\/uploads\/2025\/06\/Plate-Compactor-PH-H250A.jpg","contentUrl":"https:\/\/www.hsymachinery.com\/wp-content\/uploads\/2025\/06\/Plate-Compactor-PH-H250A.jpg","width":600,"height":600},{"@type":"BreadcrumbList","@id":"https:\/\/www.hsymachinery.com\/product\/plate-compactor-ph-h250a\/#breadcrumb","itemListElement":[{"@type":"ListItem","position":1,"name":"home","item":"https:\/\/www.hsymachinery.com\/"},{"@type":"ListItem","position":2,"name":"products","item":"https:\/\/www.hsymachinery.com\/products\/"},{"@type":"ListItem","position":3,"name":"Plate Compactor PH-H250A"}]},{"@type":"WebSite","@id":"https:\/\/www.hsymachinery.com\/#website","url":"https:\/\/www.hsymachinery.com\/","name":"HSY \u00e9p\u00edt\u0151ipari g\u00e9pek","description":"HSY Machinery - K\u00edna vezet\u0151 \u00e9p\u00edt\u0151ipari g\u00e9pgy\u00e1rt\u00f3 v\u00e1llalata, amely k\u00f6nny\u0171 \u00e9p\u00edt\u0151ipari berendez\u00e9sek sz\u00e9les v\u00e1laszt\u00e9k\u00e1t k\u00edn\u00e1lja. F\u0151 term\u00e9keink k\u00f6z\u00e9 tartozik az \u00fajj\u00e1\u00e9p\u00edt\u00e9si v\u00e1g\u00f3g\u00e9p, az \u00fajj\u00e1\u00e9p\u00edt\u00e9si hajl\u00edt\u00f3g\u00e9p, az \u00fajj\u00e1\u00e9p\u00edt\u00e9si kengyelhajl\u00edt\u00f3 g\u00e9p, az \u00fajj\u00e1\u00e9p\u00edt\u00e9si \u00edvhajl\u00edt\u00f3 g\u00e9p, az \u00fajj\u00e1\u00e9p\u00edt\u00e9si egyenes\u00edt\u0151 g\u00e9p, az \u00f6tfej\u0171 \u00fajj\u00e1\u00e9p\u00edt\u00e9si kengyelhajl\u00edt\u00f3 g\u00e9p, a d\u00f6ng\u00f6l\u0151 rammer, a lemezkompaktor, a betonv\u00e1g\u00f3, a villanymotoros sim\u00edt\u00f3 \u00e9s m\u00e1s \u00e9p\u00edt\u0151ipari g\u00e9pek. Fejlett CNC-g\u00e9pekkel vagyunk felszerelve, \u00e9s szigor\u00fa min\u0151s\u00e9gellen\u0151rz\u00e9si szabv\u00e1nyokat \u00e9rv\u00e9nyes\u00edt\u00fcnk az \u00e1tfog\u00f3 \u00e9rt\u00e9kes\u00edt\u00e9s ut\u00e1ni szolg\u00e1ltat\u00e1ssal egy\u00fctt. Ha \u00e9rdeklik term\u00e9keink vagy szolg\u00e1ltat\u00e1saink, sz\u00edvesen fogadjuk \u00e9rdekl\u0151d\u00e9s\u00e9t \u00fczenetben.","publisher":{"@id":"https:\/\/www.hsymachinery.com\/#organization"},"potentialAction":[{"@type":"SearchAction","target":{"@type":"EntryPoint","urlTemplate":"https:\/\/www.hsymachinery.com\/?s={search_term_string}"},"query-input":{"@type":"PropertyValueSpecification","valueRequired":true,"valueName":"search_term_string"}}],"inLanguage":"hu"},{"@type":"Organization","@id":"https:\/\/www.hsymachinery.com\/#organization","name":"HSY \u00e9p\u00edt\u0151ipari g\u00e9pek","url":"https:\/\/www.hsymachinery.com\/","logo":{"@type":"ImageObject","inLanguage":"hu","@id":"https:\/\/www.hsymachinery.com\/#\/schema\/logo\/image\/","url":"https:\/\/www.hsymachinery.com\/wp-content\/uploads\/2025\/06\/cropped-HSY-machinery.png","contentUrl":"https:\/\/www.hsymachinery.com\/wp-content\/uploads\/2025\/06\/cropped-HSY-machinery.png","width":600,"height":240,"caption":"HSY Construction Machinery"},"image":{"@id":"https:\/\/www.hsymachinery.com\/#\/schema\/logo\/image\/"}}]}},"_links":{"self":[{"href":"https:\/\/www.hsymachinery.com\/hu\/wp-json\/wp\/v2\/product\/9124","targetHints":{"allow":["GET"]}}],"collection":[{"href":"https:\/\/www.hsymachinery.com\/hu\/wp-json\/wp\/v2\/product"}],"about":[{"href":"https:\/\/www.hsymachinery.com\/hu\/wp-json\/wp\/v2\/types\/product"}],"version-history":[{"count":3,"href":"https:\/\/www.hsymachinery.com\/hu\/wp-json\/wp\/v2\/product\/9124\/revisions"}],"predecessor-version":[{"id":9539,"href":"https:\/\/www.hsymachinery.com\/hu\/wp-json\/wp\/v2\/product\/9124\/revisions\/9539"}],"wp:featuredmedia":[{"embeddable":true,"href":"https:\/\/www.hsymachinery.com\/hu\/wp-json\/wp\/v2\/media\/9125"}],"wp:attachment":[{"href":"https:\/\/www.hsymachinery.com\/hu\/wp-json\/wp\/v2\/media?parent=9124"}],"wp:term":[{"taxonomy":"product_brand","embeddable":true,"href":"https:\/\/www.hsymachinery.com\/hu\/wp-json\/wp\/v2\/product_brand?post=9124"},{"taxonomy":"product_cat","embeddable":true,"href":"https:\/\/www.hsymachinery.com\/hu\/wp-json\/wp\/v2\/product_cat?post=9124"},{"taxonomy":"product_tag","embeddable":true,"href":"https:\/\/www.hsymachinery.com\/hu\/wp-json\/wp\/v2\/product_tag?post=9124"}],"curies":[{"name":"wp","href":"https:\/\/api.w.org\/{rel}","templated":true}]}}