{"id":9115,"date":"2025-06-18T17:03:38","date_gmt":"2025-06-18T09:03:38","guid":{"rendered":"https:\/\/www.hsymachinery.com\/?post_type=product&#038;p=9115"},"modified":"2025-06-28T19:52:08","modified_gmt":"2025-06-28T11:52:08","slug":"lemezes-tomorito-ph-h250","status":"publish","type":"product","link":"https:\/\/www.hsymachinery.com\/hu\/termek\/lemezes-tomorito-ph-h250\/","title":{"rendered":"PH-H250 lemezes t\u00f6m\u00f6r\u00edt\u0151"},"content":{"rendered":"<h2 data-start=\"97\" data-end=\"128\">PH-H250 lemezes t\u00f6m\u00f6r\u00edt\u0151<\/h2>\n<h3 data-start=\"129\" data-end=\"252\">PH-H250 Honda benzines lemezes t\u00f6m\u00f6r\u00edt\u0151 | K\u00f6z\u00e9pkateg\u00f3ri\u00e1s talajt\u00f6m\u00f6r\u00edt\u0151 \u00fatjav\u00edt\u00e1shoz, aszfaltoz\u00e1shoz \u00e9s \u00e9p\u00edt\u00e9si el\u0151k\u00e9sz\u00edt\u00e9shez<\/h3>\n<h3 data-start=\"259\" data-end=\"335\">Term\u00e9k\u00e1ttekint\u00e9s - Megb\u00edzhat\u00f3 Honda teljes\u00edtm\u00e9ny ig\u00e9nyes t\u00f6m\u00f6r\u00edt\u00e9si munk\u00e1khoz<a href=\"https:\/\/www.hsymachinery.com\/hu\/termekek\/lemezes-tomorito\/\" target=\"_blank\" rel=\"noopener\"><img fetchpriority=\"high\" decoding=\"async\" class=\"wp-image-9116 alignright\" src=\"https:\/\/www.hsymachinery.com\/wp-content\/uploads\/2025\/06\/Plate-Compactor-PH-H250-300x300.jpg\" alt=\"\" width=\"460\" height=\"460\" srcset=\"https:\/\/www.hsymachinery.com\/wp-content\/uploads\/2025\/06\/Plate-Compactor-PH-H250-300x300.jpg 300w, https:\/\/www.hsymachinery.com\/wp-content\/uploads\/2025\/06\/Plate-Compactor-PH-H250-150x150.jpg 150w, https:\/\/www.hsymachinery.com\/wp-content\/uploads\/2025\/06\/Plate-Compactor-PH-H250-100x100.jpg 100w, https:\/\/www.hsymachinery.com\/wp-content\/uploads\/2025\/06\/Plate-Compactor-PH-H250.jpg 600w\" sizes=\"(max-width: 460px) 100vw, 460px\" \/><\/a><\/h3>\n<p data-start=\"337\" data-end=\"701\">A <strong data-start=\"341\" data-end=\"368\">PH-H250 lemezes t\u00f6m\u00f6r\u00edt\u0151<\/strong> Honda GX160 benzinmotorral van felszerelve, amely megb\u00edzhat\u00f3 teljes\u00edtm\u00e9nyt \u00e9s egyenletes, egyenletes t\u00f6m\u00f6r\u00edt\u00e9st biztos\u00edt a k\u00fcl\u00f6nb\u00f6z\u0151 \u00e9p\u00edt\u00e9si feladatokhoz. Ak\u00e1r \u00fatfel\u00fcleteken, \u00e9p\u00fcletalapokon vagy aszfaltburkolatokon dolgozik, ez a t\u00f6m\u00f6r\u00edt\u0151 alacsony \u00fczemanyag-fogyaszt\u00e1s \u00e9s csendes m\u0171k\u00f6d\u00e9s mellett egyenletes eredm\u00e9nyeket biztos\u00edt.<\/p>\n<p data-start=\"703\" data-end=\"870\">A PH-H250 k\u00f6zepes ig\u00e9nybev\u00e9tel\u0171 projektekhez k\u00e9sz\u00fclt, a professzion\u00e1lis teljes\u00edtm\u00e9ny \u00e9s az \u00fczemeltet\u00e9si k\u00e9nyelem egyens\u00falyban van, \u00edgy ide\u00e1lis mind a napi munk\u00e1t v\u00e9gz\u0151 v\u00e1llalkoz\u00f3k, mind az \u00f6nkorm\u00e1nyzati csapatok sz\u00e1m\u00e1ra.<\/p>\n<h3 data-start=\"877\" data-end=\"935\">Stabil teljes\u00edtm\u00e9ny, tart\u00f3s lemez \u00e9s k\u00f6nny\u0171 vez\u00e9rl\u00e9s<\/h3>\n<p data-start=\"937\" data-end=\"1278\">A Honda GX160 motor ismert a k\u00f6nny\u0171 visszatol\u00f3s ind\u00edt\u00e1sr\u00f3l, az alacsony vibr\u00e1ci\u00f3r\u00f3l \u00e9s a motor hossz\u00fa \u00e9lettartam\u00e1r\u00f3l. A PH-H250 nagy teherb\u00edr\u00e1s\u00fa ac\u00e9l alaplemezt haszn\u00e1l a szil\u00e1rd, s\u00edk t\u00f6m\u00f6r\u00edt\u00e9shez talajon, kavicson vagy aszfalton. A rezg\u00e9sszigetelt foganty\u00fa sim\u00e1bb m\u0171k\u00f6d\u00e9st tesz lehet\u0151v\u00e9, \u00e9s kev\u00e9sb\u00e9 f\u00e1rasztja el a felhaszn\u00e1l\u00f3t, k\u00fcl\u00f6n\u00f6sen a hosszabb m\u0171szakok sor\u00e1n.<\/p>\n<p data-start=\"1280\" data-end=\"1395\">Ez a g\u00e9p v\u00e9delmet ny\u00fajt\u00f3 motorh\u00e1zzal \u00e9s alacsony karbantart\u00e1si ig\u00e9ny\u0171 kialak\u00edt\u00e1ssal is rendelkezik, ami cs\u00f6kkenti az \u00e1ll\u00e1sid\u0151t a helysz\u00ednen.<\/p>\n<h3 data-start=\"1402\" data-end=\"1462\">Megb\u00edzhat\u00f3 az \u00fat-, alapoz\u00e1s- \u00e9s fel\u00fclet-el\u0151k\u00e9sz\u00edt\u00e9shez<\/h3>\n<p data-start=\"1464\" data-end=\"1730\">Robusztus teljes\u00edtm\u00e9ny\u00e9nek \u00e9s man\u0151verezhet\u0151 fel\u00e9p\u00edtm\u00e9ny\u00e9nek k\u00f6sz\u00f6nhet\u0151en a PH-H250 sz\u00e9les k\u00f6rben haszn\u00e1lhat\u00f3 aszfaltfoltoz\u00e1sra, j\u00e1rd\u00e1k telep\u00edt\u00e9s\u00e9re, alapoz\u00e1sra \u00e9s parkol\u00f3helyek jav\u00edt\u00e1s\u00e1ra. K\u00f6zepes t\u00e1ny\u00e9rm\u00e9rete lehet\u0151v\u00e9 teszi a t\u00f6m\u00f6r\u00edtett fel\u00fcleteken val\u00f3 m\u00e9lys\u00e9get \u00e9s sebess\u00e9get egyar\u00e1nt.<\/p>\n<p data-start=\"1732\" data-end=\"1807\">A Honda motor biztos\u00edtja a glob\u00e1lis szervizszolg\u00e1ltat\u00e1st \u00e9s a kiv\u00e1l\u00f3 viszontelad\u00f3i \u00e9rt\u00e9ket.<\/p>\n<h3 data-start=\"1814\" data-end=\"1859\">A PH-H250 lemezes t\u00f6m\u00f6r\u00edt\u0151 legfontosabb jellemz\u0151i<\/h3>\n<ul data-start=\"1861\" data-end=\"2148\">\n<li data-start=\"1861\" data-end=\"1914\">\n<p data-start=\"1863\" data-end=\"1914\">Honda GX160 4 \u00fctem\u0171 benzinmotorral hajtva<\/p>\n<\/li>\n<li data-start=\"1915\" data-end=\"1974\">\n<p data-start=\"1917\" data-end=\"1974\">Alkalmas aszfalt, talaj, kavics \u00e9s homok t\u00f6m\u00f6r\u00edt\u00e9s\u00e9hez<\/p>\n<\/li>\n<li data-start=\"1975\" data-end=\"2036\">\n<p data-start=\"1977\" data-end=\"2036\">K\u00f6zepes lemezkialak\u00edt\u00e1s kiegyens\u00falyozott m\u00e9lys\u00e9ggel \u00e9s ter\u00fcleti lefedetts\u00e9ggel<\/p>\n<\/li>\n<li data-start=\"2037\" data-end=\"2092\">\n<p data-start=\"2039\" data-end=\"2092\">Ergonomikus foganty\u00fa cs\u00f6kkenti a rezg\u00e9st \u00e9s a felhaszn\u00e1l\u00f3 f\u00e1radts\u00e1g\u00e1t<\/p>\n<\/li>\n<li data-start=\"2093\" data-end=\"2148\">\n<p data-start=\"2095\" data-end=\"2148\">Tart\u00f3s fel\u00e9p\u00edt\u00e9s, k\u00f6nny\u0171 motorhoz val\u00f3 hozz\u00e1f\u00e9r\u00e9s \u00e9s szervizel\u00e9s<\/p>\n<\/li>\n<\/ul>\n<p><iframe title=\"t\u00f6m\u00f6r\u00edt\u0151, d\u00f6ng\u00f6l\u0151 kalap\u00e1cs, d\u00f6ng\u00f6l\u0151, lemezes t\u00f6m\u00f6r\u00edt\u0151, \u00e9p\u00edt\u00e9si vibr\u00e1ci\u00f3, t\u00f6m\u00f6r\u00edt\u0151 machine.#tamping\" width=\"720\" height=\"405\" src=\"https:\/\/www.youtube.com\/embed\/kHw7Cpv12Zs?feature=oembed\" frameborder=\"0\" allow=\"accelerometer; autoplay; clipboard-write; encrypted-media; gyroscope; picture-in-picture; web-share\" referrerpolicy=\"strict-origin-when-cross-origin\" allowfullscreen><\/iframe><\/p>","protected":false},"excerpt":{"rendered":"<p>A PH-H250 lemezes t\u00f6m\u00f6r\u00edt\u0151g\u00e9p Honda GX160 motorral tart\u00f3s, kiegyens\u00falyozott t\u00f6m\u00f6r\u00edt\u00e9st k\u00edn\u00e1l aszfalt-, talaj- \u00e9s alapoz\u00e1si munk\u00e1khoz. Megb\u00edzhat\u00f3 a k\u00f6z\u00e9pkateg\u00f3ri\u00e1s \u00e9p\u00edt\u0151ipari munk\u00e1khoz.<\/p>","protected":false},"featured_media":9116,"template":"","meta":{"_kad_post_transparent":"default","_kad_post_title":"","_kad_post_layout":"default","_kad_post_sidebar_id":"","_kad_post_content_style":"default","_kad_post_vertical_padding":"default","_kad_post_feature":"","_kad_post_feature_position":"","_kad_post_header":false,"_kad_post_footer":false},"product_brand":[],"product_cat":[59],"product_tag":[1066,1062,1065,1070,1069,1063,1067,1064,1061,1068],"class_list":{"0":"post-9115","1":"product","2":"type-product","3":"status-publish","4":"has-post-thumbnail","6":"product_cat-plate-compactor","7":"product_tag-diesel-plate-compactor","8":"product_tag-forward-plate-compactor","9":"product_tag-gasoline-plate-compactor","10":"product_tag-heavy-duty-plate-compactor","11":"product_tag-plate-compactor-for-asphalt","12":"product_tag-reversible-plate-compactor","13":"product_tag-road-construction-compactor","14":"product_tag-soil-plate-compactor","15":"product_tag-vibratory-plate-compactor","16":"product_tag-walk-behind-plate-compactor","18":"first","19":"instock","20":"shipping-taxable","21":"product-type-simple","22":"entry","23":"content-bg","24":"loop-entry"},"yoast_head":"<!-- This site is optimized with the Yoast SEO plugin v25.3.1 - https:\/\/yoast.com\/wordpress\/plugins\/seo\/ -->\n<title>Plate Compactor PH-H250 - HSY Construction Machinery<\/title>\n<meta name=\"description\" content=\"PH-H250 Plate Compactor powered by Honda GX160 delivers mid-range soil and asphalt compaction for roadwork, foundations, and municipal projects. Durable and fuel-efficient.\" \/>\n<meta name=\"robots\" content=\"index, follow, max-snippet:-1, max-image-preview:large, max-video-preview:-1\" \/>\n<link rel=\"canonical\" href=\"https:\/\/www.hsymachinery.com\/hu\/termek\/lemezes-tomorito-ph-h250\/\" \/>\n<meta property=\"og:locale\" content=\"hu_HU\" \/>\n<meta property=\"og:type\" content=\"article\" \/>\n<meta property=\"og:title\" content=\"Plate Compactor PH-H250 - HSY Construction Machinery\" \/>\n<meta property=\"og:description\" content=\"PH-H250 Plate Compactor powered by Honda GX160 delivers mid-range soil and asphalt compaction for roadwork, foundations, and municipal projects. Durable and fuel-efficient.\" \/>\n<meta property=\"og:url\" content=\"https:\/\/www.hsymachinery.com\/hu\/termek\/lemezes-tomorito-ph-h250\/\" \/>\n<meta property=\"og:site_name\" content=\"HSY Construction Machinery\" \/>\n<meta property=\"article:modified_time\" content=\"2025-06-28T11:52:08+00:00\" \/>\n<meta property=\"og:image\" content=\"https:\/\/www.hsymachinery.com\/wp-content\/uploads\/2025\/06\/Plate-Compactor-PH-H250.jpg\" \/>\n\t<meta property=\"og:image:width\" content=\"600\" \/>\n\t<meta property=\"og:image:height\" content=\"600\" \/>\n\t<meta property=\"og:image:type\" content=\"image\/jpeg\" \/>\n<meta name=\"twitter:card\" content=\"summary_large_image\" \/>\n<meta name=\"twitter:label1\" content=\"Becs\u00fclt olvas\u00e1si id\u0151\" \/>\n\t<meta name=\"twitter:data1\" content=\"2 perc\" \/>\n<script type=\"application\/ld+json\" class=\"yoast-schema-graph\">{\"@context\":\"https:\/\/schema.org\",\"@graph\":[{\"@type\":\"WebPage\",\"@id\":\"https:\/\/www.hsymachinery.com\/product\/plate-compactor-ph-h250\/\",\"url\":\"https:\/\/www.hsymachinery.com\/product\/plate-compactor-ph-h250\/\",\"name\":\"Plate Compactor PH-H250 - HSY Construction Machinery\",\"isPartOf\":{\"@id\":\"https:\/\/www.hsymachinery.com\/#website\"},\"primaryImageOfPage\":{\"@id\":\"https:\/\/www.hsymachinery.com\/product\/plate-compactor-ph-h250\/#primaryimage\"},\"image\":{\"@id\":\"https:\/\/www.hsymachinery.com\/product\/plate-compactor-ph-h250\/#primaryimage\"},\"thumbnailUrl\":\"https:\/\/www.hsymachinery.com\/wp-content\/uploads\/2025\/06\/Plate-Compactor-PH-H250.jpg\",\"datePublished\":\"2025-06-18T09:03:38+00:00\",\"dateModified\":\"2025-06-28T11:52:08+00:00\",\"description\":\"PH-H250 Plate Compactor powered by Honda GX160 delivers mid-range soil and asphalt compaction for roadwork, foundations, and municipal projects. Durable and fuel-efficient.\",\"breadcrumb\":{\"@id\":\"https:\/\/www.hsymachinery.com\/product\/plate-compactor-ph-h250\/#breadcrumb\"},\"inLanguage\":\"hu\",\"potentialAction\":[{\"@type\":\"ReadAction\",\"target\":[\"https:\/\/www.hsymachinery.com\/product\/plate-compactor-ph-h250\/\"]}]},{\"@type\":\"ImageObject\",\"inLanguage\":\"hu\",\"@id\":\"https:\/\/www.hsymachinery.com\/product\/plate-compactor-ph-h250\/#primaryimage\",\"url\":\"https:\/\/www.hsymachinery.com\/wp-content\/uploads\/2025\/06\/Plate-Compactor-PH-H250.jpg\",\"contentUrl\":\"https:\/\/www.hsymachinery.com\/wp-content\/uploads\/2025\/06\/Plate-Compactor-PH-H250.jpg\",\"width\":600,\"height\":600},{\"@type\":\"BreadcrumbList\",\"@id\":\"https:\/\/www.hsymachinery.com\/product\/plate-compactor-ph-h250\/#breadcrumb\",\"itemListElement\":[{\"@type\":\"ListItem\",\"position\":1,\"name\":\"home\",\"item\":\"https:\/\/www.hsymachinery.com\/\"},{\"@type\":\"ListItem\",\"position\":2,\"name\":\"products\",\"item\":\"https:\/\/www.hsymachinery.com\/products\/\"},{\"@type\":\"ListItem\",\"position\":3,\"name\":\"Plate Compactor PH-H250\"}]},{\"@type\":\"WebSite\",\"@id\":\"https:\/\/www.hsymachinery.com\/#website\",\"url\":\"https:\/\/www.hsymachinery.com\/\",\"name\":\"HSY Construction Machinery\",\"description\":\"HSY Machinery \u2013 A leading China construction machinery supplier, offering a wide range of light construction equipment. Our main products include Rebar Cutting Machine, Rebar Bending Machine, Rebar Stirrup Bending Machine, Rebar Arc Bending Machine, Rebar Straightening Machine, Five-Head Rebar Stirrup Bending Machine, Tamping Rammer, Plate Compactor, Concrete Cutter, Power Trowel, and other construction machinery. We are equipped with advanced CNC machines, and we enforce strict quality inspection standards along with comprehensive after-sales service. If you are interested in our products or services, we warmly welcome your inquiries via message.\",\"publisher\":{\"@id\":\"https:\/\/www.hsymachinery.com\/#organization\"},\"potentialAction\":[{\"@type\":\"SearchAction\",\"target\":{\"@type\":\"EntryPoint\",\"urlTemplate\":\"https:\/\/www.hsymachinery.com\/?s={search_term_string}\"},\"query-input\":{\"@type\":\"PropertyValueSpecification\",\"valueRequired\":true,\"valueName\":\"search_term_string\"}}],\"inLanguage\":\"hu\"},{\"@type\":\"Organization\",\"@id\":\"https:\/\/www.hsymachinery.com\/#organization\",\"name\":\"HSY Construction Machinery\",\"url\":\"https:\/\/www.hsymachinery.com\/\",\"logo\":{\"@type\":\"ImageObject\",\"inLanguage\":\"hu\",\"@id\":\"https:\/\/www.hsymachinery.com\/#\/schema\/logo\/image\/\",\"url\":\"https:\/\/www.hsymachinery.com\/wp-content\/uploads\/2025\/06\/cropped-HSY-machinery.png\",\"contentUrl\":\"https:\/\/www.hsymachinery.com\/wp-content\/uploads\/2025\/06\/cropped-HSY-machinery.png\",\"width\":600,\"height\":240,\"caption\":\"HSY Construction Machinery\"},\"image\":{\"@id\":\"https:\/\/www.hsymachinery.com\/#\/schema\/logo\/image\/\"}}]}<\/script>\n<!-- \/ Yoast SEO plugin. -->","yoast_head_json":{"title":"PH-H250 lemezes t\u00f6m\u00f6r\u00edt\u0151 - HSY \u00c9p\u00edt\u0151ipari g\u00e9pek","description":"A Honda GX160 \u00e1ltal hajtott PH-H250 lemezes t\u00f6m\u00f6r\u00edt\u0151g\u00e9p k\u00f6zepes teljes\u00edtm\u00e9ny\u0171 talaj- \u00e9s aszfaltt\u00f6m\u00f6r\u00edt\u00e9st biztos\u00edt \u00fat\u00e9p\u00edt\u00e9si, alapoz\u00e1si \u00e9s kommun\u00e1lis projektekhez. Tart\u00f3s \u00e9s \u00fczemanyag-hat\u00e9kony.","robots":{"index":"index","follow":"follow","max-snippet":"max-snippet:-1","max-image-preview":"max-image-preview:large","max-video-preview":"max-video-preview:-1"},"canonical":"https:\/\/www.hsymachinery.com\/hu\/termek\/lemezes-tomorito-ph-h250\/","og_locale":"hu_HU","og_type":"article","og_title":"Plate Compactor PH-H250 - HSY Construction Machinery","og_description":"PH-H250 Plate Compactor powered by Honda GX160 delivers mid-range soil and asphalt compaction for roadwork, foundations, and municipal projects. Durable and fuel-efficient.","og_url":"https:\/\/www.hsymachinery.com\/hu\/termek\/lemezes-tomorito-ph-h250\/","og_site_name":"HSY Construction Machinery","article_modified_time":"2025-06-28T11:52:08+00:00","og_image":[{"width":600,"height":600,"url":"https:\/\/www.hsymachinery.com\/wp-content\/uploads\/2025\/06\/Plate-Compactor-PH-H250.jpg","type":"image\/jpeg"}],"twitter_card":"summary_large_image","twitter_misc":{"Becs\u00fclt olvas\u00e1si id\u0151":"2 perc"},"schema":{"@context":"https:\/\/schema.org","@graph":[{"@type":"WebPage","@id":"https:\/\/www.hsymachinery.com\/product\/plate-compactor-ph-h250\/","url":"https:\/\/www.hsymachinery.com\/product\/plate-compactor-ph-h250\/","name":"PH-H250 lemezes t\u00f6m\u00f6r\u00edt\u0151 - HSY \u00c9p\u00edt\u0151ipari g\u00e9pek","isPartOf":{"@id":"https:\/\/www.hsymachinery.com\/#website"},"primaryImageOfPage":{"@id":"https:\/\/www.hsymachinery.com\/product\/plate-compactor-ph-h250\/#primaryimage"},"image":{"@id":"https:\/\/www.hsymachinery.com\/product\/plate-compactor-ph-h250\/#primaryimage"},"thumbnailUrl":"https:\/\/www.hsymachinery.com\/wp-content\/uploads\/2025\/06\/Plate-Compactor-PH-H250.jpg","datePublished":"2025-06-18T09:03:38+00:00","dateModified":"2025-06-28T11:52:08+00:00","description":"A Honda GX160 \u00e1ltal hajtott PH-H250 lemezes t\u00f6m\u00f6r\u00edt\u0151g\u00e9p k\u00f6zepes teljes\u00edtm\u00e9ny\u0171 talaj- \u00e9s aszfaltt\u00f6m\u00f6r\u00edt\u00e9st biztos\u00edt \u00fat\u00e9p\u00edt\u00e9si, alapoz\u00e1si \u00e9s kommun\u00e1lis projektekhez. Tart\u00f3s \u00e9s \u00fczemanyag-hat\u00e9kony.","breadcrumb":{"@id":"https:\/\/www.hsymachinery.com\/product\/plate-compactor-ph-h250\/#breadcrumb"},"inLanguage":"hu","potentialAction":[{"@type":"ReadAction","target":["https:\/\/www.hsymachinery.com\/product\/plate-compactor-ph-h250\/"]}]},{"@type":"ImageObject","inLanguage":"hu","@id":"https:\/\/www.hsymachinery.com\/product\/plate-compactor-ph-h250\/#primaryimage","url":"https:\/\/www.hsymachinery.com\/wp-content\/uploads\/2025\/06\/Plate-Compactor-PH-H250.jpg","contentUrl":"https:\/\/www.hsymachinery.com\/wp-content\/uploads\/2025\/06\/Plate-Compactor-PH-H250.jpg","width":600,"height":600},{"@type":"BreadcrumbList","@id":"https:\/\/www.hsymachinery.com\/product\/plate-compactor-ph-h250\/#breadcrumb","itemListElement":[{"@type":"ListItem","position":1,"name":"home","item":"https:\/\/www.hsymachinery.com\/"},{"@type":"ListItem","position":2,"name":"products","item":"https:\/\/www.hsymachinery.com\/products\/"},{"@type":"ListItem","position":3,"name":"Plate Compactor PH-H250"}]},{"@type":"WebSite","@id":"https:\/\/www.hsymachinery.com\/#website","url":"https:\/\/www.hsymachinery.com\/","name":"HSY \u00e9p\u00edt\u0151ipari g\u00e9pek","description":"HSY Machinery - K\u00edna vezet\u0151 \u00e9p\u00edt\u0151ipari g\u00e9pgy\u00e1rt\u00f3 v\u00e1llalata, amely k\u00f6nny\u0171 \u00e9p\u00edt\u0151ipari berendez\u00e9sek sz\u00e9les v\u00e1laszt\u00e9k\u00e1t k\u00edn\u00e1lja. F\u0151 term\u00e9keink k\u00f6z\u00e9 tartozik az \u00fajj\u00e1\u00e9p\u00edt\u00e9si v\u00e1g\u00f3g\u00e9p, az \u00fajj\u00e1\u00e9p\u00edt\u00e9si hajl\u00edt\u00f3g\u00e9p, az \u00fajj\u00e1\u00e9p\u00edt\u00e9si kengyelhajl\u00edt\u00f3 g\u00e9p, az \u00fajj\u00e1\u00e9p\u00edt\u00e9si \u00edvhajl\u00edt\u00f3 g\u00e9p, az \u00fajj\u00e1\u00e9p\u00edt\u00e9si egyenes\u00edt\u0151 g\u00e9p, az \u00f6tfej\u0171 \u00fajj\u00e1\u00e9p\u00edt\u00e9si kengyelhajl\u00edt\u00f3 g\u00e9p, a d\u00f6ng\u00f6l\u0151 rammer, a lemezkompaktor, a betonv\u00e1g\u00f3, a villanymotoros sim\u00edt\u00f3 \u00e9s m\u00e1s \u00e9p\u00edt\u0151ipari g\u00e9pek. Fejlett CNC-g\u00e9pekkel vagyunk felszerelve, \u00e9s szigor\u00fa min\u0151s\u00e9gellen\u0151rz\u00e9si szabv\u00e1nyokat \u00e9rv\u00e9nyes\u00edt\u00fcnk az \u00e1tfog\u00f3 \u00e9rt\u00e9kes\u00edt\u00e9s ut\u00e1ni szolg\u00e1ltat\u00e1ssal egy\u00fctt. Ha \u00e9rdeklik term\u00e9keink vagy szolg\u00e1ltat\u00e1saink, sz\u00edvesen fogadjuk \u00e9rdekl\u0151d\u00e9s\u00e9t \u00fczenetben.","publisher":{"@id":"https:\/\/www.hsymachinery.com\/#organization"},"potentialAction":[{"@type":"SearchAction","target":{"@type":"EntryPoint","urlTemplate":"https:\/\/www.hsymachinery.com\/?s={search_term_string}"},"query-input":{"@type":"PropertyValueSpecification","valueRequired":true,"valueName":"search_term_string"}}],"inLanguage":"hu"},{"@type":"Organization","@id":"https:\/\/www.hsymachinery.com\/#organization","name":"HSY \u00e9p\u00edt\u0151ipari g\u00e9pek","url":"https:\/\/www.hsymachinery.com\/","logo":{"@type":"ImageObject","inLanguage":"hu","@id":"https:\/\/www.hsymachinery.com\/#\/schema\/logo\/image\/","url":"https:\/\/www.hsymachinery.com\/wp-content\/uploads\/2025\/06\/cropped-HSY-machinery.png","contentUrl":"https:\/\/www.hsymachinery.com\/wp-content\/uploads\/2025\/06\/cropped-HSY-machinery.png","width":600,"height":240,"caption":"HSY Construction Machinery"},"image":{"@id":"https:\/\/www.hsymachinery.com\/#\/schema\/logo\/image\/"}}]}},"_links":{"self":[{"href":"https:\/\/www.hsymachinery.com\/hu\/wp-json\/wp\/v2\/product\/9115","targetHints":{"allow":["GET"]}}],"collection":[{"href":"https:\/\/www.hsymachinery.com\/hu\/wp-json\/wp\/v2\/product"}],"about":[{"href":"https:\/\/www.hsymachinery.com\/hu\/wp-json\/wp\/v2\/types\/product"}],"version-history":[{"count":3,"href":"https:\/\/www.hsymachinery.com\/hu\/wp-json\/wp\/v2\/product\/9115\/revisions"}],"predecessor-version":[{"id":9533,"href":"https:\/\/www.hsymachinery.com\/hu\/wp-json\/wp\/v2\/product\/9115\/revisions\/9533"}],"wp:featuredmedia":[{"embeddable":true,"href":"https:\/\/www.hsymachinery.com\/hu\/wp-json\/wp\/v2\/media\/9116"}],"wp:attachment":[{"href":"https:\/\/www.hsymachinery.com\/hu\/wp-json\/wp\/v2\/media?parent=9115"}],"wp:term":[{"taxonomy":"product_brand","embeddable":true,"href":"https:\/\/www.hsymachinery.com\/hu\/wp-json\/wp\/v2\/product_brand?post=9115"},{"taxonomy":"product_cat","embeddable":true,"href":"https:\/\/www.hsymachinery.com\/hu\/wp-json\/wp\/v2\/product_cat?post=9115"},{"taxonomy":"product_tag","embeddable":true,"href":"https:\/\/www.hsymachinery.com\/hu\/wp-json\/wp\/v2\/product_tag?post=9115"}],"curies":[{"name":"wp","href":"https:\/\/api.w.org\/{rel}","templated":true}]}}