{"id":9091,"date":"2025-06-18T16:31:39","date_gmt":"2025-06-18T08:31:39","guid":{"rendered":"https:\/\/www.hsymachinery.com\/?post_type=product&#038;p=9091"},"modified":"2025-06-28T15:46:29","modified_gmt":"2025-06-28T07:46:29","slug":"dongolo-kalapacs-ch-h125","status":"publish","type":"product","link":"https:\/\/www.hsymachinery.com\/hu\/termek\/dongolo-kalapacs-ch-h125\/","title":{"rendered":"CH-H125 d\u00f6ng\u00f6l\u0151 kalap\u00e1cs"},"content":{"rendered":"<h2 data-start=\"111\" data-end=\"141\">CH-H125 d\u00f6ng\u00f6l\u0151 kalap\u00e1cs<\/h2>\n<h3 data-start=\"142\" data-end=\"267\">CH-H125 Honda benzinmotoros t\u00f6m\u00f6r\u00edt\u0151 r\u00f6gt\u00f6nz\u0151 | Nagy hat\u00e1s\u00fa talajt\u00f6m\u00f6r\u00edt\u0151 intenz\u00edv \u00e9p\u00edt\u00e9si \u00e9s infrastruktur\u00e1lis projektekhez<\/h3>\n<h3 data-start=\"274\" data-end=\"355\">Term\u00e9k \u00e1ttekint\u00e9s - Pr\u00e9mium teljes\u00edtm\u00e9ny \u00e9s stabilit\u00e1s a professzion\u00e1lis talajmunk\u00e1hoz<img fetchpriority=\"high\" decoding=\"async\" class=\"wp-image-9092 alignright\" src=\"https:\/\/www.hsymachinery.com\/wp-content\/uploads\/2025\/06\/Tamping-Rammer-CH-H125-300x300.jpg\" alt=\"\" width=\"470\" height=\"470\" srcset=\"https:\/\/www.hsymachinery.com\/wp-content\/uploads\/2025\/06\/Tamping-Rammer-CH-H125-300x300.jpg 300w, https:\/\/www.hsymachinery.com\/wp-content\/uploads\/2025\/06\/Tamping-Rammer-CH-H125-150x150.jpg 150w, https:\/\/www.hsymachinery.com\/wp-content\/uploads\/2025\/06\/Tamping-Rammer-CH-H125-768x768.jpg 768w, https:\/\/www.hsymachinery.com\/wp-content\/uploads\/2025\/06\/Tamping-Rammer-CH-H125-600x600.jpg 600w, https:\/\/www.hsymachinery.com\/wp-content\/uploads\/2025\/06\/Tamping-Rammer-CH-H125-100x100.jpg 100w, https:\/\/www.hsymachinery.com\/wp-content\/uploads\/2025\/06\/Tamping-Rammer-CH-H125.jpg 800w\" sizes=\"(max-width: 470px) 100vw, 470px\" \/><\/h3>\n<p data-start=\"357\" data-end=\"728\">A <strong data-start=\"361\" data-end=\"387\">CH-H125 t\u00f6m\u00f6r\u00edt\u0151 kalap\u00e1cs<\/strong> nagy teljes\u00edtm\u00e9ny\u0171 Honda GX160 benzinmotorral rendelkezik, amely kiv\u00e9teles tart\u00f3ss\u00e1g\u00e1r\u00f3l \u00e9s egyenletes teljes\u00edtm\u00e9ny\u00e9r\u0151l h\u00edres. Ez a nagy ig\u00e9nybev\u00e9tel\u0171 talajt\u00f6m\u00f6r\u00edt\u00e9sre tervezett modell megb\u00edzhat\u00f3an teljes\u00edt az alapoz\u00e1si munk\u00e1k, \u00fatfoltoz\u00e1s, \u00e1rkok felt\u00f6lt\u00e9se \u00e9s a t\u00e1jk\u00e9p el\u0151k\u00e9sz\u00edt\u00e9se sor\u00e1n, \u00edgy cs\u00facsmin\u0151s\u00e9g\u0171 megold\u00e1st k\u00edn\u00e1l az ig\u00e9nyes k\u00f6rnyezetek sz\u00e1m\u00e1ra.<\/p>\n<p data-start=\"730\" data-end=\"846\">A CH-H125 nagy \u00fct\u0151erej\u00e9vel \u00e9s kiegyens\u00falyozott kialak\u00edt\u00e1s\u00e1val hat\u00e9kony eredm\u00e9nyeket biztos\u00edt a kezel\u0151 minim\u00e1lis f\u00e1radts\u00e1ga mellett.<\/p>\n<h3 data-start=\"853\" data-end=\"914\">Egyenletes er\u0151, alacsony rezg\u00e9s \u00e9s hossz\u00fa \u00e9lettartam<\/h3>\n<p data-start=\"916\" data-end=\"1241\">A CH-H125 Honda motorja er\u0151s nyomat\u00e9kot \u00e9s egyenletes gyorsul\u00e1st biztos\u00edt, \u00edgy seg\u00edt fenntartani a stabil d\u00f6ng\u00f6l\u0151er\u0151t m\u00e9g t\u00f6m\u00f6r\u00edtett agyag- vagy szemcs\u00e9s talajon is. A g\u00e9p meger\u0151s\u00edtett d\u00f6ng\u00f6l\u0151cip\u0151vel, robusztus alv\u00e1zzal \u00e9s leng\u00e9scsillap\u00edtott foganty\u00farendszerrel rendelkezik, amely k\u00e9nyelmet \u00e9s ir\u00e1ny\u00edthat\u00f3s\u00e1got biztos\u00edt hosszabb haszn\u00e1lat sor\u00e1n.<\/p>\n<p data-start=\"1243\" data-end=\"1392\">A visszatol\u00f3s ind\u00edt\u00e1s, az optimaliz\u00e1lt l\u00e9gh\u0171t\u00e9s \u00e9s az \u00fczemanyag-takar\u00e9kos teljes\u00edtm\u00e9ny lehet\u0151v\u00e9 teszi, hogy nap mint nap kem\u00e9nyen dolgozzon, minim\u00e1lis szervizig\u00e9ny mellett.<\/p>\n<h3 data-start=\"1399\" data-end=\"1460\">Alkalmas nagyszab\u00e1s\u00fa \u00e9s hossz\u00fa \u00f3r\u00e1kig tart\u00f3 helysz\u00edni m\u0171veletekhez<\/h3>\n<p data-start=\"1462\" data-end=\"1739\">Ez a modell ide\u00e1lis a kommun\u00e1lis m\u00e9rn\u00f6ki munk\u00e1khoz, a polg\u00e1ri alapoz\u00e1si munk\u00e1khoz \u00e9s az \u00fatkarbantart\u00e1shoz, k\u00fcl\u00f6n\u00f6sen a hosszabb m\u0171szakokat vagy nagy megb\u00edzhat\u00f3s\u00e1got ig\u00e9nyl\u0151 munkater\u00fcleteken. Ak\u00e1r t\u00e1voli projekteken, ak\u00e1r nagy forgalm\u00fa v\u00e1rosi ter\u00fcleteken, a CH-H125 megb\u00edzhat\u00f3nak \u00e9s tart\u00f3snak bizonyul.<\/p>\n<p data-start=\"1741\" data-end=\"1824\">A Honda glob\u00e1lis t\u00e1mogat\u00e1si h\u00e1l\u00f3zata biztos\u00edtja az alkatr\u00e9szekhez \u00e9s szervizhez val\u00f3 hozz\u00e1f\u00e9r\u00e9st szinte b\u00e1rhol.<\/p>\n<h3 data-start=\"1831\" data-end=\"1884\">A CH-H125 benzinmotoros d\u00f6ng\u00f6l\u0151 d\u00f6ng\u00f6l\u0151 legfontosabb jellemz\u0151i<\/h3>\n<ul data-start=\"1886\" data-end=\"2198\">\n<li data-start=\"1886\" data-end=\"1948\">\n<p data-start=\"1888\" data-end=\"1948\">Honda GX160 motorral felszerelve a pr\u00e9mium megb\u00edzhat\u00f3s\u00e1g \u00e9rdek\u00e9ben<\/p>\n<\/li>\n<li data-start=\"1949\" data-end=\"1997\">\n<p data-start=\"1951\" data-end=\"1997\">Egyenletes \u00e9s m\u00e9ly talajt\u00f6m\u00f6r\u00edt\u00e9st biztos\u00edt<\/p>\n<\/li>\n<li data-start=\"1998\" data-end=\"2069\">\n<p data-start=\"2000\" data-end=\"2069\">Er\u0151s alv\u00e1z rezg\u00e9scsillap\u00edt\u00f3 rendszerrel a kezel\u0151 k\u00e9nyelme \u00e9rdek\u00e9ben<\/p>\n<\/li>\n<li data-start=\"2070\" data-end=\"2131\">\n<p data-start=\"2072\" data-end=\"2131\">Ide\u00e1lis \u00e1rok-, alapoz\u00e1si \u00e9s infrastruktur\u00e1lis projektekhez<\/p>\n<\/li>\n<li data-start=\"2132\" data-end=\"2198\">\n<p data-start=\"2134\" data-end=\"2198\">Hossz\u00fa \u00e9lettartam\u00fa kialak\u00edt\u00e1s, vil\u00e1gszerte t\u00e1mogatott alkatr\u00e9szek el\u00e9rhet\u0151s\u00e9g\u00e9vel<\/p>\n<\/li>\n<\/ul>\n<p><iframe title=\"t\u00f6m\u00f6r\u00edt\u0151, d\u00f6ng\u00f6l\u0151 kalap\u00e1cs, d\u00f6ng\u00f6l\u0151, lemezes t\u00f6m\u00f6r\u00edt\u0151, \u00e9p\u00edt\u00e9si vibr\u00e1ci\u00f3, t\u00f6m\u00f6r\u00edt\u0151 machine.#tamping\" width=\"720\" height=\"540\" src=\"https:\/\/www.youtube.com\/embed\/j8Nod6Mcz9w?feature=oembed\" frameborder=\"0\" allow=\"accelerometer; autoplay; clipboard-write; encrypted-media; gyroscope; picture-in-picture; web-share\" referrerpolicy=\"strict-origin-when-cross-origin\" allowfullscreen><\/iframe><\/p>","protected":false},"excerpt":{"rendered":"<p>A CH-H125 d\u00f6ng\u00f6l\u0151kalap\u00e1cs Honda GX160 motorral m\u00e9ly \u00e9s stabil t\u00f6m\u00f6r\u00edt\u00e9st biztos\u00edt az ig\u00e9nyes \u00e9p\u00edtkez\u00e9seken. Megb\u00edzhat\u00f3, hat\u00e9kony \u00e9s mindennapi haszn\u00e1latra k\u00e9sz\u00fclt.<\/p>","protected":false},"featured_media":9092,"template":"","meta":{"_kad_post_transparent":"default","_kad_post_title":"","_kad_post_layout":"default","_kad_post_sidebar_id":"","_kad_post_content_style":"default","_kad_post_vertical_padding":"default","_kad_post_feature":"","_kad_post_feature_position":"","_kad_post_header":false,"_kad_post_footer":false},"product_brand":[],"product_cat":[83],"product_tag":[1060,1057,1058,1059,1051,1052,1056,1053,1055,1054],"class_list":{"0":"post-9091","1":"product","2":"type-product","3":"status-publish","4":"has-post-thumbnail","6":"product_cat-tamping-rammer","7":"product_tag-backfill-compactor-machine","8":"product_tag-diesel-tamping-rammer","9":"product_tag-earth-tamping-machine","10":"product_tag-handheld-tamping-rammer","11":"product_tag-impact-rammer","12":"product_tag-jumping-jack-compactor","13":"product_tag-petrol-tamping-rammer","14":"product_tag-plate-tamping-rammer","15":"product_tag-soil-compaction-rammer","16":"product_tag-vibratory-tamping-rammer","18":"first","19":"instock","20":"featured","21":"shipping-taxable","22":"product-type-simple","23":"entry","24":"content-bg","25":"loop-entry"},"yoast_head":"<!-- This site is optimized with the Yoast SEO plugin v25.3.1 - https:\/\/yoast.com\/wordpress\/plugins\/seo\/ -->\n<title>Tamping Rammer CH-H125 - HSY Construction Machinery<\/title>\n<meta name=\"description\" content=\"CH-H125 Honda Tamping Rammer delivers powerful soil compaction with durable performance for trench, foundation, and roadwork. Ideal for professionals.\" \/>\n<meta name=\"robots\" content=\"index, follow, max-snippet:-1, max-image-preview:large, max-video-preview:-1\" \/>\n<link rel=\"canonical\" href=\"https:\/\/www.hsymachinery.com\/hu\/termek\/dongolo-kalapacs-ch-h125\/\" \/>\n<meta property=\"og:locale\" content=\"hu_HU\" \/>\n<meta property=\"og:type\" content=\"article\" \/>\n<meta property=\"og:title\" content=\"Tamping Rammer CH-H125 - HSY Construction Machinery\" \/>\n<meta property=\"og:description\" content=\"CH-H125 Honda Tamping Rammer delivers powerful soil compaction with durable performance for trench, foundation, and roadwork. Ideal for professionals.\" \/>\n<meta property=\"og:url\" content=\"https:\/\/www.hsymachinery.com\/hu\/termek\/dongolo-kalapacs-ch-h125\/\" \/>\n<meta property=\"og:site_name\" content=\"HSY Construction Machinery\" \/>\n<meta property=\"article:modified_time\" content=\"2025-06-28T07:46:29+00:00\" \/>\n<meta property=\"og:image\" content=\"https:\/\/www.hsymachinery.com\/wp-content\/uploads\/2025\/06\/Tamping-Rammer-CH-H125.jpg\" \/>\n\t<meta property=\"og:image:width\" content=\"800\" \/>\n\t<meta property=\"og:image:height\" content=\"800\" \/>\n\t<meta property=\"og:image:type\" content=\"image\/jpeg\" \/>\n<meta name=\"twitter:card\" content=\"summary_large_image\" \/>\n<meta name=\"twitter:label1\" content=\"Becs\u00fclt olvas\u00e1si id\u0151\" \/>\n\t<meta name=\"twitter:data1\" content=\"2 perc\" \/>\n<script type=\"application\/ld+json\" class=\"yoast-schema-graph\">{\"@context\":\"https:\/\/schema.org\",\"@graph\":[{\"@type\":\"WebPage\",\"@id\":\"https:\/\/www.hsymachinery.com\/product\/tamping-rammer-ch-h125\/\",\"url\":\"https:\/\/www.hsymachinery.com\/product\/tamping-rammer-ch-h125\/\",\"name\":\"Tamping Rammer CH-H125 - HSY Construction Machinery\",\"isPartOf\":{\"@id\":\"https:\/\/www.hsymachinery.com\/#website\"},\"primaryImageOfPage\":{\"@id\":\"https:\/\/www.hsymachinery.com\/product\/tamping-rammer-ch-h125\/#primaryimage\"},\"image\":{\"@id\":\"https:\/\/www.hsymachinery.com\/product\/tamping-rammer-ch-h125\/#primaryimage\"},\"thumbnailUrl\":\"https:\/\/www.hsymachinery.com\/wp-content\/uploads\/2025\/06\/Tamping-Rammer-CH-H125.jpg\",\"datePublished\":\"2025-06-18T08:31:39+00:00\",\"dateModified\":\"2025-06-28T07:46:29+00:00\",\"description\":\"CH-H125 Honda Tamping Rammer delivers powerful soil compaction with durable performance for trench, foundation, and roadwork. Ideal for professionals.\",\"breadcrumb\":{\"@id\":\"https:\/\/www.hsymachinery.com\/product\/tamping-rammer-ch-h125\/#breadcrumb\"},\"inLanguage\":\"hu\",\"potentialAction\":[{\"@type\":\"ReadAction\",\"target\":[\"https:\/\/www.hsymachinery.com\/product\/tamping-rammer-ch-h125\/\"]}]},{\"@type\":\"ImageObject\",\"inLanguage\":\"hu\",\"@id\":\"https:\/\/www.hsymachinery.com\/product\/tamping-rammer-ch-h125\/#primaryimage\",\"url\":\"https:\/\/www.hsymachinery.com\/wp-content\/uploads\/2025\/06\/Tamping-Rammer-CH-H125.jpg\",\"contentUrl\":\"https:\/\/www.hsymachinery.com\/wp-content\/uploads\/2025\/06\/Tamping-Rammer-CH-H125.jpg\",\"width\":800,\"height\":800},{\"@type\":\"BreadcrumbList\",\"@id\":\"https:\/\/www.hsymachinery.com\/product\/tamping-rammer-ch-h125\/#breadcrumb\",\"itemListElement\":[{\"@type\":\"ListItem\",\"position\":1,\"name\":\"home\",\"item\":\"https:\/\/www.hsymachinery.com\/\"},{\"@type\":\"ListItem\",\"position\":2,\"name\":\"products\",\"item\":\"https:\/\/www.hsymachinery.com\/products\/\"},{\"@type\":\"ListItem\",\"position\":3,\"name\":\"Tamping Rammer CH-H125\"}]},{\"@type\":\"WebSite\",\"@id\":\"https:\/\/www.hsymachinery.com\/#website\",\"url\":\"https:\/\/www.hsymachinery.com\/\",\"name\":\"HSY Construction Machinery\",\"description\":\"HSY Machinery \u2013 A leading China construction machinery supplier, offering a wide range of light construction equipment. Our main products include Rebar Cutting Machine, Rebar Bending Machine, Rebar Stirrup Bending Machine, Rebar Arc Bending Machine, Rebar Straightening Machine, Five-Head Rebar Stirrup Bending Machine, Tamping Rammer, Plate Compactor, Concrete Cutter, Power Trowel, and other construction machinery. We are equipped with advanced CNC machines, and we enforce strict quality inspection standards along with comprehensive after-sales service. If you are interested in our products or services, we warmly welcome your inquiries via message.\",\"publisher\":{\"@id\":\"https:\/\/www.hsymachinery.com\/#organization\"},\"potentialAction\":[{\"@type\":\"SearchAction\",\"target\":{\"@type\":\"EntryPoint\",\"urlTemplate\":\"https:\/\/www.hsymachinery.com\/?s={search_term_string}\"},\"query-input\":{\"@type\":\"PropertyValueSpecification\",\"valueRequired\":true,\"valueName\":\"search_term_string\"}}],\"inLanguage\":\"hu\"},{\"@type\":\"Organization\",\"@id\":\"https:\/\/www.hsymachinery.com\/#organization\",\"name\":\"HSY Construction Machinery\",\"url\":\"https:\/\/www.hsymachinery.com\/\",\"logo\":{\"@type\":\"ImageObject\",\"inLanguage\":\"hu\",\"@id\":\"https:\/\/www.hsymachinery.com\/#\/schema\/logo\/image\/\",\"url\":\"https:\/\/www.hsymachinery.com\/wp-content\/uploads\/2025\/06\/cropped-HSY-machinery.png\",\"contentUrl\":\"https:\/\/www.hsymachinery.com\/wp-content\/uploads\/2025\/06\/cropped-HSY-machinery.png\",\"width\":600,\"height\":240,\"caption\":\"HSY Construction Machinery\"},\"image\":{\"@id\":\"https:\/\/www.hsymachinery.com\/#\/schema\/logo\/image\/\"}}]}<\/script>\n<!-- \/ Yoast SEO plugin. -->","yoast_head_json":{"title":"CH-H125 d\u00f6ng\u00f6l\u0151 d\u00f6ng\u00f6l\u0151 - HSY \u00c9p\u00edt\u0151ipari g\u00e9pek","description":"A CH-H125 Honda tapos\u00f3-t\u00f6m\u00f6r\u00edt\u0151 \u00fct\u0151g\u00e9p er\u0151teljes talajt\u00f6m\u00f6r\u00edt\u00e9st biztos\u00edt tart\u00f3s teljes\u00edtm\u00e9nnyel az \u00e1rok-, alapoz\u00e1si \u00e9s \u00fat\u00e9p\u00edt\u00e9si munk\u00e1khoz. Ide\u00e1lis a szakemberek sz\u00e1m\u00e1ra.","robots":{"index":"index","follow":"follow","max-snippet":"max-snippet:-1","max-image-preview":"max-image-preview:large","max-video-preview":"max-video-preview:-1"},"canonical":"https:\/\/www.hsymachinery.com\/hu\/termek\/dongolo-kalapacs-ch-h125\/","og_locale":"hu_HU","og_type":"article","og_title":"Tamping Rammer CH-H125 - HSY Construction Machinery","og_description":"CH-H125 Honda Tamping Rammer delivers powerful soil compaction with durable performance for trench, foundation, and roadwork. Ideal for professionals.","og_url":"https:\/\/www.hsymachinery.com\/hu\/termek\/dongolo-kalapacs-ch-h125\/","og_site_name":"HSY Construction Machinery","article_modified_time":"2025-06-28T07:46:29+00:00","og_image":[{"width":800,"height":800,"url":"https:\/\/www.hsymachinery.com\/wp-content\/uploads\/2025\/06\/Tamping-Rammer-CH-H125.jpg","type":"image\/jpeg"}],"twitter_card":"summary_large_image","twitter_misc":{"Becs\u00fclt olvas\u00e1si id\u0151":"2 perc"},"schema":{"@context":"https:\/\/schema.org","@graph":[{"@type":"WebPage","@id":"https:\/\/www.hsymachinery.com\/product\/tamping-rammer-ch-h125\/","url":"https:\/\/www.hsymachinery.com\/product\/tamping-rammer-ch-h125\/","name":"CH-H125 d\u00f6ng\u00f6l\u0151 d\u00f6ng\u00f6l\u0151 - HSY \u00c9p\u00edt\u0151ipari g\u00e9pek","isPartOf":{"@id":"https:\/\/www.hsymachinery.com\/#website"},"primaryImageOfPage":{"@id":"https:\/\/www.hsymachinery.com\/product\/tamping-rammer-ch-h125\/#primaryimage"},"image":{"@id":"https:\/\/www.hsymachinery.com\/product\/tamping-rammer-ch-h125\/#primaryimage"},"thumbnailUrl":"https:\/\/www.hsymachinery.com\/wp-content\/uploads\/2025\/06\/Tamping-Rammer-CH-H125.jpg","datePublished":"2025-06-18T08:31:39+00:00","dateModified":"2025-06-28T07:46:29+00:00","description":"A CH-H125 Honda tapos\u00f3-t\u00f6m\u00f6r\u00edt\u0151 \u00fct\u0151g\u00e9p er\u0151teljes talajt\u00f6m\u00f6r\u00edt\u00e9st biztos\u00edt tart\u00f3s teljes\u00edtm\u00e9nnyel az \u00e1rok-, alapoz\u00e1si \u00e9s \u00fat\u00e9p\u00edt\u00e9si munk\u00e1khoz. Ide\u00e1lis a szakemberek sz\u00e1m\u00e1ra.","breadcrumb":{"@id":"https:\/\/www.hsymachinery.com\/product\/tamping-rammer-ch-h125\/#breadcrumb"},"inLanguage":"hu","potentialAction":[{"@type":"ReadAction","target":["https:\/\/www.hsymachinery.com\/product\/tamping-rammer-ch-h125\/"]}]},{"@type":"ImageObject","inLanguage":"hu","@id":"https:\/\/www.hsymachinery.com\/product\/tamping-rammer-ch-h125\/#primaryimage","url":"https:\/\/www.hsymachinery.com\/wp-content\/uploads\/2025\/06\/Tamping-Rammer-CH-H125.jpg","contentUrl":"https:\/\/www.hsymachinery.com\/wp-content\/uploads\/2025\/06\/Tamping-Rammer-CH-H125.jpg","width":800,"height":800},{"@type":"BreadcrumbList","@id":"https:\/\/www.hsymachinery.com\/product\/tamping-rammer-ch-h125\/#breadcrumb","itemListElement":[{"@type":"ListItem","position":1,"name":"home","item":"https:\/\/www.hsymachinery.com\/"},{"@type":"ListItem","position":2,"name":"products","item":"https:\/\/www.hsymachinery.com\/products\/"},{"@type":"ListItem","position":3,"name":"Tamping Rammer CH-H125"}]},{"@type":"WebSite","@id":"https:\/\/www.hsymachinery.com\/#website","url":"https:\/\/www.hsymachinery.com\/","name":"HSY \u00e9p\u00edt\u0151ipari g\u00e9pek","description":"HSY Machinery - K\u00edna vezet\u0151 \u00e9p\u00edt\u0151ipari g\u00e9pgy\u00e1rt\u00f3 v\u00e1llalata, amely k\u00f6nny\u0171 \u00e9p\u00edt\u0151ipari berendez\u00e9sek sz\u00e9les v\u00e1laszt\u00e9k\u00e1t k\u00edn\u00e1lja. F\u0151 term\u00e9keink k\u00f6z\u00e9 tartozik az \u00fajj\u00e1\u00e9p\u00edt\u00e9si v\u00e1g\u00f3g\u00e9p, az \u00fajj\u00e1\u00e9p\u00edt\u00e9si hajl\u00edt\u00f3g\u00e9p, az \u00fajj\u00e1\u00e9p\u00edt\u00e9si kengyelhajl\u00edt\u00f3 g\u00e9p, az \u00fajj\u00e1\u00e9p\u00edt\u00e9si \u00edvhajl\u00edt\u00f3 g\u00e9p, az \u00fajj\u00e1\u00e9p\u00edt\u00e9si egyenes\u00edt\u0151 g\u00e9p, az \u00f6tfej\u0171 \u00fajj\u00e1\u00e9p\u00edt\u00e9si kengyelhajl\u00edt\u00f3 g\u00e9p, a d\u00f6ng\u00f6l\u0151 rammer, a lemezkompaktor, a betonv\u00e1g\u00f3, a villanymotoros sim\u00edt\u00f3 \u00e9s m\u00e1s \u00e9p\u00edt\u0151ipari g\u00e9pek. Fejlett CNC-g\u00e9pekkel vagyunk felszerelve, \u00e9s szigor\u00fa min\u0151s\u00e9gellen\u0151rz\u00e9si szabv\u00e1nyokat \u00e9rv\u00e9nyes\u00edt\u00fcnk az \u00e1tfog\u00f3 \u00e9rt\u00e9kes\u00edt\u00e9s ut\u00e1ni szolg\u00e1ltat\u00e1ssal egy\u00fctt. Ha \u00e9rdeklik term\u00e9keink vagy szolg\u00e1ltat\u00e1saink, sz\u00edvesen fogadjuk \u00e9rdekl\u0151d\u00e9s\u00e9t \u00fczenetben.","publisher":{"@id":"https:\/\/www.hsymachinery.com\/#organization"},"potentialAction":[{"@type":"SearchAction","target":{"@type":"EntryPoint","urlTemplate":"https:\/\/www.hsymachinery.com\/?s={search_term_string}"},"query-input":{"@type":"PropertyValueSpecification","valueRequired":true,"valueName":"search_term_string"}}],"inLanguage":"hu"},{"@type":"Organization","@id":"https:\/\/www.hsymachinery.com\/#organization","name":"HSY \u00e9p\u00edt\u0151ipari g\u00e9pek","url":"https:\/\/www.hsymachinery.com\/","logo":{"@type":"ImageObject","inLanguage":"hu","@id":"https:\/\/www.hsymachinery.com\/#\/schema\/logo\/image\/","url":"https:\/\/www.hsymachinery.com\/wp-content\/uploads\/2025\/06\/cropped-HSY-machinery.png","contentUrl":"https:\/\/www.hsymachinery.com\/wp-content\/uploads\/2025\/06\/cropped-HSY-machinery.png","width":600,"height":240,"caption":"HSY Construction Machinery"},"image":{"@id":"https:\/\/www.hsymachinery.com\/#\/schema\/logo\/image\/"}}]}},"_links":{"self":[{"href":"https:\/\/www.hsymachinery.com\/hu\/wp-json\/wp\/v2\/product\/9091","targetHints":{"allow":["GET"]}}],"collection":[{"href":"https:\/\/www.hsymachinery.com\/hu\/wp-json\/wp\/v2\/product"}],"about":[{"href":"https:\/\/www.hsymachinery.com\/hu\/wp-json\/wp\/v2\/types\/product"}],"version-history":[{"count":3,"href":"https:\/\/www.hsymachinery.com\/hu\/wp-json\/wp\/v2\/product\/9091\/revisions"}],"predecessor-version":[{"id":9513,"href":"https:\/\/www.hsymachinery.com\/hu\/wp-json\/wp\/v2\/product\/9091\/revisions\/9513"}],"wp:featuredmedia":[{"embeddable":true,"href":"https:\/\/www.hsymachinery.com\/hu\/wp-json\/wp\/v2\/media\/9092"}],"wp:attachment":[{"href":"https:\/\/www.hsymachinery.com\/hu\/wp-json\/wp\/v2\/media?parent=9091"}],"wp:term":[{"taxonomy":"product_brand","embeddable":true,"href":"https:\/\/www.hsymachinery.com\/hu\/wp-json\/wp\/v2\/product_brand?post=9091"},{"taxonomy":"product_cat","embeddable":true,"href":"https:\/\/www.hsymachinery.com\/hu\/wp-json\/wp\/v2\/product_cat?post=9091"},{"taxonomy":"product_tag","embeddable":true,"href":"https:\/\/www.hsymachinery.com\/hu\/wp-json\/wp\/v2\/product_tag?post=9091"}],"curies":[{"name":"wp","href":"https:\/\/api.w.org\/{rel}","templated":true}]}}