{"id":9088,"date":"2025-06-18T16:30:42","date_gmt":"2025-06-18T08:30:42","guid":{"rendered":"https:\/\/www.hsymachinery.com\/?post_type=product&#038;p=9088"},"modified":"2025-06-28T15:43:26","modified_gmt":"2025-06-28T07:43:26","slug":"dongolo-kalapacs-ch-l125","status":"publish","type":"product","link":"https:\/\/www.hsymachinery.com\/hu\/termek\/dongolo-kalapacs-ch-l125\/","title":{"rendered":"CH-L125 d\u00f6ng\u00f6l\u0151 kos\u00e1r CH-L125"},"content":{"rendered":"<h2 data-start=\"111\" data-end=\"141\">CH-L125 d\u00f6ng\u00f6l\u0151 kos\u00e1r CH-L125<\/h2>\n<h3 data-start=\"142\" data-end=\"261\">CH-L125 Loncin benzinmotoros t\u00f6m\u00f6r\u00edt\u0151 r\u00f6gt\u00f6nz\u0151 | Er\u0151teljes \u00e9s mobil talajt\u00f6m\u00f6r\u00edt\u0151 alapoz\u00e1shoz, \u00e1rkokhoz \u00e9s tereprendez\u00e9shez<\/h3>\n<h3 data-start=\"268\" data-end=\"353\">Term\u00e9k\u00e1ttekint\u00e9s - Nagy teljes\u00edtm\u00e9ny\u0171 g\u00e1z\u00fct\u0151 sokoldal\u00fa helysz\u00edni alkalmaz\u00e1sokhoz<a href=\"https:\/\/www.hsymachinery.com\/hu\/termekek\/dongolokalapacs\/\" target=\"_blank\" rel=\"noopener\"><img fetchpriority=\"high\" decoding=\"async\" class=\"wp-image-9089 alignright\" src=\"https:\/\/www.hsymachinery.com\/wp-content\/uploads\/2025\/06\/Tamping-Rammer-CH-L125-300x300.jpg\" alt=\"\" width=\"469\" height=\"469\" srcset=\"https:\/\/www.hsymachinery.com\/wp-content\/uploads\/2025\/06\/Tamping-Rammer-CH-L125-300x300.jpg 300w, https:\/\/www.hsymachinery.com\/wp-content\/uploads\/2025\/06\/Tamping-Rammer-CH-L125-150x150.jpg 150w, https:\/\/www.hsymachinery.com\/wp-content\/uploads\/2025\/06\/Tamping-Rammer-CH-L125-768x768.jpg 768w, https:\/\/www.hsymachinery.com\/wp-content\/uploads\/2025\/06\/Tamping-Rammer-CH-L125-600x600.jpg 600w, https:\/\/www.hsymachinery.com\/wp-content\/uploads\/2025\/06\/Tamping-Rammer-CH-L125-100x100.jpg 100w, https:\/\/www.hsymachinery.com\/wp-content\/uploads\/2025\/06\/Tamping-Rammer-CH-L125.jpg 800w\" sizes=\"(max-width: 469px) 100vw, 469px\" \/><\/a><\/h3>\n<p data-start=\"355\" data-end=\"751\">A <strong data-start=\"359\" data-end=\"385\">CH-L125 t\u00f6m\u00f6r\u00edt\u0151 kalap\u00e1cs<\/strong> egy nagy teljes\u00edtm\u00e9ny\u0171, \u00fczemanyag-takar\u00e9kos g\u00e9p, amelyet egy megb\u00edzhat\u00f3 Loncin 4 \u00fctem\u0171 benzinmotor hajt. Az \u00e9p\u00edtkez\u00e9sekhez, k\u00f6zm\u0171\u00e1rkokhoz, tereprendez\u00e9shez \u00e9s \u00fatfoltoz\u00e1shoz tervezett g\u00e9p er\u0151teljes t\u00f6m\u00f6r\u00edt\u00e9st biztos\u00edt, mik\u00f6zben rendk\u00edv\u00fcl man\u0151verezhet\u0151 marad. Meger\u0151s\u00edtett fel\u00e9p\u00edt\u00e9se \u00e9s kiegyens\u00falyozott fel\u00e9p\u00edtm\u00e9nye ide\u00e1lis a v\u00e1llalkoz\u00f3k \u00e9s a b\u00e9rbead\u00f3 c\u00e9gek sz\u00e1m\u00e1ra egyar\u00e1nt.<\/p>\n<p data-start=\"753\" data-end=\"870\">Ez a modell \u00e1thidalja a k\u00f6nny\u0171 hordozhat\u00f3s\u00e1g \u00e9s az er\u0151s tapos\u00e1si teljes\u00edtm\u00e9ny k\u00f6z\u00f6tti szakad\u00e9kot a k\u00f6zepes \u00e9s neh\u00e9z munkaterhel\u00e9sekhez.<\/p>\n<h3 data-start=\"877\" data-end=\"933\">Sima ind\u00edt\u00e1s, hossz\u00fa fut\u00e1si id\u0151 \u00e9s egyenletes er\u0151<\/h3>\n<p data-start=\"935\" data-end=\"1253\">A gyors gy\u00fajt\u00e1sr\u00f3l \u00e9s \u00fczemanyag-takar\u00e9koss\u00e1g\u00e1r\u00f3l ismert Loncin motorral felszerelt CH-L125 hossz\u00fa \u00f3r\u00e1kon \u00e1t k\u00e9pes \u00fczemelni t\u00falmeleged\u00e9s vagy teljes\u00edtm\u00e9nycs\u00f6kken\u00e9s n\u00e9lk\u00fcl. Tart\u00f3s, kop\u00e1s\u00e1ll\u00f3 tapos\u00f3cip\u0151vel, megb\u00edzhat\u00f3 visszacsap\u00f3 ind\u00edt\u00f3rendszerrel \u00e9s a kezel\u0151 k\u00e9nyelme \u00e9rdek\u00e9ben t\u00f6bbr\u00e9teg\u0171 leng\u00e9scsillap\u00edt\u00f3 szerkezettel rendelkezik.<\/p>\n<p data-start=\"1255\" data-end=\"1362\">Ez a kombin\u00e1ci\u00f3 er\u0151s \u00fct\u0151er\u0151t biztos\u00edt sima m\u0171k\u00f6d\u00e9s mellett, m\u00e9g kem\u00e9ny agyag- vagy kavicsfel\u00fcleteken is.<\/p>\n<h3 data-start=\"1369\" data-end=\"1422\">K\u00fclt\u00e9ri, v\u00e1rosi \u00e9s t\u00e1voli helysz\u00edneken v\u00e9gzett munk\u00e1khoz tervezve<\/h3>\n<p data-start=\"1424\" data-end=\"1751\">Kompakt helyig\u00e9ny\u00e9nek \u00e9s \u00f6nj\u00e1r\u00f3 benzinmotorj\u00e1nak k\u00f6sz\u00f6nhet\u0151en a CH-L125 j\u00f3l teljes\u00edt a zs\u00fafolt v\u00e1rosi \u00e9s a h\u00e1l\u00f3zaton k\u00edv\u00fcli helysz\u00edneken egyar\u00e1nt. K\u00fcl\u00f6n\u00f6sen hat\u00e9kony a lakoss\u00e1gi \u00e9p\u00edtkez\u00e9sekn\u00e9l, az \u00fatkarbantart\u00e1sn\u00e1l \u00e9s a sz\u0171k \u00e1rkok t\u00f6m\u00f6r\u00edt\u00e9s\u00e9n\u00e9l, ahol nem \u00e1ll rendelkez\u00e9sre elektromos \u00e1ram, \u00e9s a mobilit\u00e1s elengedhetetlen.<\/p>\n<p data-start=\"1753\" data-end=\"1848\">A rutinszer\u0171 karbantart\u00e1s egyszer\u0171, a Loncin motorokhoz vil\u00e1gszerte sz\u00e9les k\u00f6rben el\u00e9rhet\u0151 alkatr\u00e9sz-t\u00e1mogat\u00e1ssal.<\/p>\n<h3 data-start=\"1855\" data-end=\"1908\">A CH-L125 benzinmotoros d\u00f6ng\u00f6l\u0151 d\u00f6ng\u00f6l\u0151 legfontosabb jellemz\u0151i<\/h3>\n<ul data-start=\"1910\" data-end=\"2237\">\n<li data-start=\"1910\" data-end=\"1979\">\n<p data-start=\"1912\" data-end=\"1979\">A Loncin benzinmotor er\u0151s teljes\u00edtm\u00e9nyt \u00e9s alacsony \u00fczemanyag-fogyaszt\u00e1st k\u00edn\u00e1l<\/p>\n<\/li>\n<li data-start=\"1980\" data-end=\"2054\">\n<p data-start=\"1982\" data-end=\"2054\">Ide\u00e1lis \u00e1rok\u00e1s\u00e1shoz, tereprendez\u00e9shez, alapoz\u00e1si munk\u00e1khoz \u00e9s j\u00e1rdajav\u00edt\u00e1shoz.<\/p>\n<\/li>\n<li data-start=\"2055\" data-end=\"2122\">\n<p data-start=\"2057\" data-end=\"2122\">A rezg\u00e9sg\u00e1tl\u00f3 kialak\u00edt\u00e1s hossz\u00fa \u00f3r\u00e1kon \u00e1t jav\u00edtja a kezel\u0151 k\u00e9nyelm\u00e9t<\/p>\n<\/li>\n<li data-start=\"2123\" data-end=\"2171\">\n<p data-start=\"2125\" data-end=\"2171\">Hordozhat\u00f3, k\u00f6nny\u0171 \u00e9s k\u00f6nnyen sz\u00e1ll\u00edthat\u00f3<\/p>\n<\/li>\n<li data-start=\"2172\" data-end=\"2237\">\n<p data-start=\"2174\" data-end=\"2237\">Tart\u00f3s t\u00f6m\u00f6r\u00edt\u0151lemez biztos\u00edtja a hossz\u00fa t\u00e1v\u00fa t\u00f6m\u00f6r\u00edt\u00e9s min\u0151s\u00e9g\u00e9t<\/p>\n<\/li>\n<\/ul>\n<p><iframe title=\"t\u00f6m\u00f6r\u00edt\u0151, d\u00f6ng\u00f6l\u0151 kalap\u00e1cs, d\u00f6ng\u00f6l\u0151, lemezes t\u00f6m\u00f6r\u00edt\u0151, \u00e9p\u00edt\u00e9si vibr\u00e1ci\u00f3, t\u00f6m\u00f6r\u00edt\u0151 machine.#tamping\" width=\"720\" height=\"540\" src=\"https:\/\/www.youtube.com\/embed\/j8Nod6Mcz9w?feature=oembed\" frameborder=\"0\" allow=\"accelerometer; autoplay; clipboard-write; encrypted-media; gyroscope; picture-in-picture; web-share\" referrerpolicy=\"strict-origin-when-cross-origin\" allowfullscreen><\/iframe><\/p>","protected":false},"excerpt":{"rendered":"<p>A CH-L125 benzinmotoros d\u00f6ng\u00f6l\u0151kalap\u00e1cs Loncin motorral m\u0171k\u00f6dik, \u00e9s egyenletes t\u00f6m\u00f6r\u00edt\u00e9st biztos\u00edt alapoz\u00e1sn\u00e1l, \u00e1rkokn\u00e1l \u00e9s szabadt\u00e9ri munkater\u00fcleteken. Megb\u00edzhat\u00f3 \u00e9s k\u00f6nnyen man\u0151verezhet\u0151.<\/p>","protected":false},"featured_media":9089,"template":"","meta":{"_kad_post_transparent":"default","_kad_post_title":"","_kad_post_layout":"default","_kad_post_sidebar_id":"","_kad_post_content_style":"default","_kad_post_vertical_padding":"default","_kad_post_feature":"","_kad_post_feature_position":"","_kad_post_header":false,"_kad_post_footer":false},"product_brand":[],"product_cat":[83],"product_tag":[1060,1057,1058,1059,1051,1052,1056,1053,1055,1054],"class_list":{"0":"post-9088","1":"product","2":"type-product","3":"status-publish","4":"has-post-thumbnail","6":"product_cat-tamping-rammer","7":"product_tag-backfill-compactor-machine","8":"product_tag-diesel-tamping-rammer","9":"product_tag-earth-tamping-machine","10":"product_tag-handheld-tamping-rammer","11":"product_tag-impact-rammer","12":"product_tag-jumping-jack-compactor","13":"product_tag-petrol-tamping-rammer","14":"product_tag-plate-tamping-rammer","15":"product_tag-soil-compaction-rammer","16":"product_tag-vibratory-tamping-rammer","18":"first","19":"instock","20":"shipping-taxable","21":"product-type-simple","22":"entry","23":"content-bg","24":"loop-entry"},"yoast_head":"<!-- This site is optimized with the Yoast SEO plugin v25.3.1 - https:\/\/yoast.com\/wordpress\/plugins\/seo\/ -->\n<title>Tamping Rammer CH-L125 - HSY Construction Machinery<\/title>\n<meta name=\"description\" content=\"CH-L125 Tamping Rammer uses a Loncin engine to deliver reliable soil compaction for trench, landscape, and urban construction projects. Portable and fuel-efficient.\" \/>\n<meta name=\"robots\" content=\"index, follow, max-snippet:-1, max-image-preview:large, max-video-preview:-1\" \/>\n<link rel=\"canonical\" href=\"https:\/\/www.hsymachinery.com\/hu\/termek\/dongolo-kalapacs-ch-l125\/\" \/>\n<meta property=\"og:locale\" content=\"hu_HU\" \/>\n<meta property=\"og:type\" content=\"article\" \/>\n<meta property=\"og:title\" content=\"Tamping Rammer CH-L125 - HSY Construction Machinery\" \/>\n<meta property=\"og:description\" content=\"CH-L125 Tamping Rammer uses a Loncin engine to deliver reliable soil compaction for trench, landscape, and urban construction projects. Portable and fuel-efficient.\" \/>\n<meta property=\"og:url\" content=\"https:\/\/www.hsymachinery.com\/hu\/termek\/dongolo-kalapacs-ch-l125\/\" \/>\n<meta property=\"og:site_name\" content=\"HSY Construction Machinery\" \/>\n<meta property=\"article:modified_time\" content=\"2025-06-28T07:43:26+00:00\" \/>\n<meta property=\"og:image\" content=\"https:\/\/www.hsymachinery.com\/wp-content\/uploads\/2025\/06\/Tamping-Rammer-CH-L125.jpg\" \/>\n\t<meta property=\"og:image:width\" content=\"800\" \/>\n\t<meta property=\"og:image:height\" content=\"800\" \/>\n\t<meta property=\"og:image:type\" content=\"image\/jpeg\" \/>\n<meta name=\"twitter:card\" content=\"summary_large_image\" \/>\n<meta name=\"twitter:label1\" content=\"Becs\u00fclt olvas\u00e1si id\u0151\" \/>\n\t<meta name=\"twitter:data1\" content=\"2 perc\" \/>\n<script type=\"application\/ld+json\" class=\"yoast-schema-graph\">{\"@context\":\"https:\/\/schema.org\",\"@graph\":[{\"@type\":\"WebPage\",\"@id\":\"https:\/\/www.hsymachinery.com\/product\/tamping-rammer-ch-l125\/\",\"url\":\"https:\/\/www.hsymachinery.com\/product\/tamping-rammer-ch-l125\/\",\"name\":\"Tamping Rammer CH-L125 - HSY Construction Machinery\",\"isPartOf\":{\"@id\":\"https:\/\/www.hsymachinery.com\/#website\"},\"primaryImageOfPage\":{\"@id\":\"https:\/\/www.hsymachinery.com\/product\/tamping-rammer-ch-l125\/#primaryimage\"},\"image\":{\"@id\":\"https:\/\/www.hsymachinery.com\/product\/tamping-rammer-ch-l125\/#primaryimage\"},\"thumbnailUrl\":\"https:\/\/www.hsymachinery.com\/wp-content\/uploads\/2025\/06\/Tamping-Rammer-CH-L125.jpg\",\"datePublished\":\"2025-06-18T08:30:42+00:00\",\"dateModified\":\"2025-06-28T07:43:26+00:00\",\"description\":\"CH-L125 Tamping Rammer uses a Loncin engine to deliver reliable soil compaction for trench, landscape, and urban construction projects. Portable and fuel-efficient.\",\"breadcrumb\":{\"@id\":\"https:\/\/www.hsymachinery.com\/product\/tamping-rammer-ch-l125\/#breadcrumb\"},\"inLanguage\":\"hu\",\"potentialAction\":[{\"@type\":\"ReadAction\",\"target\":[\"https:\/\/www.hsymachinery.com\/product\/tamping-rammer-ch-l125\/\"]}]},{\"@type\":\"ImageObject\",\"inLanguage\":\"hu\",\"@id\":\"https:\/\/www.hsymachinery.com\/product\/tamping-rammer-ch-l125\/#primaryimage\",\"url\":\"https:\/\/www.hsymachinery.com\/wp-content\/uploads\/2025\/06\/Tamping-Rammer-CH-L125.jpg\",\"contentUrl\":\"https:\/\/www.hsymachinery.com\/wp-content\/uploads\/2025\/06\/Tamping-Rammer-CH-L125.jpg\",\"width\":800,\"height\":800},{\"@type\":\"BreadcrumbList\",\"@id\":\"https:\/\/www.hsymachinery.com\/product\/tamping-rammer-ch-l125\/#breadcrumb\",\"itemListElement\":[{\"@type\":\"ListItem\",\"position\":1,\"name\":\"home\",\"item\":\"https:\/\/www.hsymachinery.com\/\"},{\"@type\":\"ListItem\",\"position\":2,\"name\":\"products\",\"item\":\"https:\/\/www.hsymachinery.com\/products\/\"},{\"@type\":\"ListItem\",\"position\":3,\"name\":\"Tamping Rammer CH-L125\"}]},{\"@type\":\"WebSite\",\"@id\":\"https:\/\/www.hsymachinery.com\/#website\",\"url\":\"https:\/\/www.hsymachinery.com\/\",\"name\":\"HSY Construction Machinery\",\"description\":\"HSY Machinery \u2013 A leading China construction machinery supplier, offering a wide range of light construction equipment. Our main products include Rebar Cutting Machine, Rebar Bending Machine, Rebar Stirrup Bending Machine, Rebar Arc Bending Machine, Rebar Straightening Machine, Five-Head Rebar Stirrup Bending Machine, Tamping Rammer, Plate Compactor, Concrete Cutter, Power Trowel, and other construction machinery. We are equipped with advanced CNC machines, and we enforce strict quality inspection standards along with comprehensive after-sales service. If you are interested in our products or services, we warmly welcome your inquiries via message.\",\"publisher\":{\"@id\":\"https:\/\/www.hsymachinery.com\/#organization\"},\"potentialAction\":[{\"@type\":\"SearchAction\",\"target\":{\"@type\":\"EntryPoint\",\"urlTemplate\":\"https:\/\/www.hsymachinery.com\/?s={search_term_string}\"},\"query-input\":{\"@type\":\"PropertyValueSpecification\",\"valueRequired\":true,\"valueName\":\"search_term_string\"}}],\"inLanguage\":\"hu\"},{\"@type\":\"Organization\",\"@id\":\"https:\/\/www.hsymachinery.com\/#organization\",\"name\":\"HSY Construction Machinery\",\"url\":\"https:\/\/www.hsymachinery.com\/\",\"logo\":{\"@type\":\"ImageObject\",\"inLanguage\":\"hu\",\"@id\":\"https:\/\/www.hsymachinery.com\/#\/schema\/logo\/image\/\",\"url\":\"https:\/\/www.hsymachinery.com\/wp-content\/uploads\/2025\/06\/cropped-HSY-machinery.png\",\"contentUrl\":\"https:\/\/www.hsymachinery.com\/wp-content\/uploads\/2025\/06\/cropped-HSY-machinery.png\",\"width\":600,\"height\":240,\"caption\":\"HSY Construction Machinery\"},\"image\":{\"@id\":\"https:\/\/www.hsymachinery.com\/#\/schema\/logo\/image\/\"}}]}<\/script>\n<!-- \/ Yoast SEO plugin. -->","yoast_head_json":{"title":"CH-L125 d\u00f6ng\u00f6l\u0151 d\u00f6ng\u00f6l\u0151 - HSY \u00c9p\u00edt\u0151ipari g\u00e9pek","description":"A CH-L125 t\u00f6m\u00f6r\u00edt\u0151 d\u00f6ng\u00f6l\u0151 egy Loncin motorral megb\u00edzhat\u00f3 talajt\u00f6m\u00f6r\u00edt\u00e9st biztos\u00edt az \u00e1rok-, t\u00e1j- \u00e9s v\u00e1ros\u00e9p\u00edt\u00e9si projektekhez. Hordozhat\u00f3 \u00e9s \u00fczemanyag-takar\u00e9kos.","robots":{"index":"index","follow":"follow","max-snippet":"max-snippet:-1","max-image-preview":"max-image-preview:large","max-video-preview":"max-video-preview:-1"},"canonical":"https:\/\/www.hsymachinery.com\/hu\/termek\/dongolo-kalapacs-ch-l125\/","og_locale":"hu_HU","og_type":"article","og_title":"Tamping Rammer CH-L125 - HSY Construction Machinery","og_description":"CH-L125 Tamping Rammer uses a Loncin engine to deliver reliable soil compaction for trench, landscape, and urban construction projects. Portable and fuel-efficient.","og_url":"https:\/\/www.hsymachinery.com\/hu\/termek\/dongolo-kalapacs-ch-l125\/","og_site_name":"HSY Construction Machinery","article_modified_time":"2025-06-28T07:43:26+00:00","og_image":[{"width":800,"height":800,"url":"https:\/\/www.hsymachinery.com\/wp-content\/uploads\/2025\/06\/Tamping-Rammer-CH-L125.jpg","type":"image\/jpeg"}],"twitter_card":"summary_large_image","twitter_misc":{"Becs\u00fclt olvas\u00e1si id\u0151":"2 perc"},"schema":{"@context":"https:\/\/schema.org","@graph":[{"@type":"WebPage","@id":"https:\/\/www.hsymachinery.com\/product\/tamping-rammer-ch-l125\/","url":"https:\/\/www.hsymachinery.com\/product\/tamping-rammer-ch-l125\/","name":"CH-L125 d\u00f6ng\u00f6l\u0151 d\u00f6ng\u00f6l\u0151 - HSY \u00c9p\u00edt\u0151ipari g\u00e9pek","isPartOf":{"@id":"https:\/\/www.hsymachinery.com\/#website"},"primaryImageOfPage":{"@id":"https:\/\/www.hsymachinery.com\/product\/tamping-rammer-ch-l125\/#primaryimage"},"image":{"@id":"https:\/\/www.hsymachinery.com\/product\/tamping-rammer-ch-l125\/#primaryimage"},"thumbnailUrl":"https:\/\/www.hsymachinery.com\/wp-content\/uploads\/2025\/06\/Tamping-Rammer-CH-L125.jpg","datePublished":"2025-06-18T08:30:42+00:00","dateModified":"2025-06-28T07:43:26+00:00","description":"A CH-L125 t\u00f6m\u00f6r\u00edt\u0151 d\u00f6ng\u00f6l\u0151 egy Loncin motorral megb\u00edzhat\u00f3 talajt\u00f6m\u00f6r\u00edt\u00e9st biztos\u00edt az \u00e1rok-, t\u00e1j- \u00e9s v\u00e1ros\u00e9p\u00edt\u00e9si projektekhez. Hordozhat\u00f3 \u00e9s \u00fczemanyag-takar\u00e9kos.","breadcrumb":{"@id":"https:\/\/www.hsymachinery.com\/product\/tamping-rammer-ch-l125\/#breadcrumb"},"inLanguage":"hu","potentialAction":[{"@type":"ReadAction","target":["https:\/\/www.hsymachinery.com\/product\/tamping-rammer-ch-l125\/"]}]},{"@type":"ImageObject","inLanguage":"hu","@id":"https:\/\/www.hsymachinery.com\/product\/tamping-rammer-ch-l125\/#primaryimage","url":"https:\/\/www.hsymachinery.com\/wp-content\/uploads\/2025\/06\/Tamping-Rammer-CH-L125.jpg","contentUrl":"https:\/\/www.hsymachinery.com\/wp-content\/uploads\/2025\/06\/Tamping-Rammer-CH-L125.jpg","width":800,"height":800},{"@type":"BreadcrumbList","@id":"https:\/\/www.hsymachinery.com\/product\/tamping-rammer-ch-l125\/#breadcrumb","itemListElement":[{"@type":"ListItem","position":1,"name":"home","item":"https:\/\/www.hsymachinery.com\/"},{"@type":"ListItem","position":2,"name":"products","item":"https:\/\/www.hsymachinery.com\/products\/"},{"@type":"ListItem","position":3,"name":"Tamping Rammer CH-L125"}]},{"@type":"WebSite","@id":"https:\/\/www.hsymachinery.com\/#website","url":"https:\/\/www.hsymachinery.com\/","name":"HSY \u00e9p\u00edt\u0151ipari g\u00e9pek","description":"HSY Machinery - K\u00edna vezet\u0151 \u00e9p\u00edt\u0151ipari g\u00e9pgy\u00e1rt\u00f3 v\u00e1llalata, amely k\u00f6nny\u0171 \u00e9p\u00edt\u0151ipari berendez\u00e9sek sz\u00e9les v\u00e1laszt\u00e9k\u00e1t k\u00edn\u00e1lja. F\u0151 term\u00e9keink k\u00f6z\u00e9 tartozik az \u00fajj\u00e1\u00e9p\u00edt\u00e9si v\u00e1g\u00f3g\u00e9p, az \u00fajj\u00e1\u00e9p\u00edt\u00e9si hajl\u00edt\u00f3g\u00e9p, az \u00fajj\u00e1\u00e9p\u00edt\u00e9si kengyelhajl\u00edt\u00f3 g\u00e9p, az \u00fajj\u00e1\u00e9p\u00edt\u00e9si \u00edvhajl\u00edt\u00f3 g\u00e9p, az \u00fajj\u00e1\u00e9p\u00edt\u00e9si egyenes\u00edt\u0151 g\u00e9p, az \u00f6tfej\u0171 \u00fajj\u00e1\u00e9p\u00edt\u00e9si kengyelhajl\u00edt\u00f3 g\u00e9p, a d\u00f6ng\u00f6l\u0151 rammer, a lemezkompaktor, a betonv\u00e1g\u00f3, a villanymotoros sim\u00edt\u00f3 \u00e9s m\u00e1s \u00e9p\u00edt\u0151ipari g\u00e9pek. Fejlett CNC-g\u00e9pekkel vagyunk felszerelve, \u00e9s szigor\u00fa min\u0151s\u00e9gellen\u0151rz\u00e9si szabv\u00e1nyokat \u00e9rv\u00e9nyes\u00edt\u00fcnk az \u00e1tfog\u00f3 \u00e9rt\u00e9kes\u00edt\u00e9s ut\u00e1ni szolg\u00e1ltat\u00e1ssal egy\u00fctt. Ha \u00e9rdeklik term\u00e9keink vagy szolg\u00e1ltat\u00e1saink, sz\u00edvesen fogadjuk \u00e9rdekl\u0151d\u00e9s\u00e9t \u00fczenetben.","publisher":{"@id":"https:\/\/www.hsymachinery.com\/#organization"},"potentialAction":[{"@type":"SearchAction","target":{"@type":"EntryPoint","urlTemplate":"https:\/\/www.hsymachinery.com\/?s={search_term_string}"},"query-input":{"@type":"PropertyValueSpecification","valueRequired":true,"valueName":"search_term_string"}}],"inLanguage":"hu"},{"@type":"Organization","@id":"https:\/\/www.hsymachinery.com\/#organization","name":"HSY \u00e9p\u00edt\u0151ipari g\u00e9pek","url":"https:\/\/www.hsymachinery.com\/","logo":{"@type":"ImageObject","inLanguage":"hu","@id":"https:\/\/www.hsymachinery.com\/#\/schema\/logo\/image\/","url":"https:\/\/www.hsymachinery.com\/wp-content\/uploads\/2025\/06\/cropped-HSY-machinery.png","contentUrl":"https:\/\/www.hsymachinery.com\/wp-content\/uploads\/2025\/06\/cropped-HSY-machinery.png","width":600,"height":240,"caption":"HSY Construction Machinery"},"image":{"@id":"https:\/\/www.hsymachinery.com\/#\/schema\/logo\/image\/"}}]}},"_links":{"self":[{"href":"https:\/\/www.hsymachinery.com\/hu\/wp-json\/wp\/v2\/product\/9088","targetHints":{"allow":["GET"]}}],"collection":[{"href":"https:\/\/www.hsymachinery.com\/hu\/wp-json\/wp\/v2\/product"}],"about":[{"href":"https:\/\/www.hsymachinery.com\/hu\/wp-json\/wp\/v2\/types\/product"}],"version-history":[{"count":3,"href":"https:\/\/www.hsymachinery.com\/hu\/wp-json\/wp\/v2\/product\/9088\/revisions"}],"predecessor-version":[{"id":9511,"href":"https:\/\/www.hsymachinery.com\/hu\/wp-json\/wp\/v2\/product\/9088\/revisions\/9511"}],"wp:featuredmedia":[{"embeddable":true,"href":"https:\/\/www.hsymachinery.com\/hu\/wp-json\/wp\/v2\/media\/9089"}],"wp:attachment":[{"href":"https:\/\/www.hsymachinery.com\/hu\/wp-json\/wp\/v2\/media?parent=9088"}],"wp:term":[{"taxonomy":"product_brand","embeddable":true,"href":"https:\/\/www.hsymachinery.com\/hu\/wp-json\/wp\/v2\/product_brand?post=9088"},{"taxonomy":"product_cat","embeddable":true,"href":"https:\/\/www.hsymachinery.com\/hu\/wp-json\/wp\/v2\/product_cat?post=9088"},{"taxonomy":"product_tag","embeddable":true,"href":"https:\/\/www.hsymachinery.com\/hu\/wp-json\/wp\/v2\/product_tag?post=9088"}],"curies":[{"name":"wp","href":"https:\/\/api.w.org\/{rel}","templated":true}]}}